{"id":1089833,"date":"2026-01-31T05:32:56","date_gmt":"2026-01-31T04:32:56","guid":{"rendered":"https:\/\/hubsch-interior.com\/product\/product\/"},"modified":"2026-04-05T05:27:39","modified_gmt":"2026-04-05T03:27:39","slug":"softy-loungestuhl-dunkelblau-2er-set","status":"publish","type":"product","link":"https:\/\/hubsch-interior.com\/de\/produkt\/softy-loungestuhl-dunkelblau-2er-set\/","title":{"rendered":"Softy Loungestuhl Dunkelblau (2er Set)"},"content":{"rendered":"<p>Der Softy Loungestuhl verleiht Ihrem Raum ein Gef\u00fchl von Ruhe und Eleganz, bezogen mit pr\u00e4chtigem Boucl\u00e9-Stoff f\u00fcr eine wirklich einladende Note. In einem sch\u00f6nen dunkelblauen Ton gehalten, ist dieser Stuhl nicht nur ein Augenschmaus, sondern auch \u00e4u\u00dferst bequem. Weich, komfortabel und nach OEKO-TEX\u00ae STANDARD 100 zertifiziert, garantiert er hochwertige Materialien, die frei von sch\u00e4dlichen Substanzen sind. Schaffen Sie sich Ihre eigene gem\u00fctliche R\u00fcckzugsoase, um sich mit einem Buch einzukuscheln und in andere Welten zu entschweben \u2013 direkt aus dem Komfort Ihres Wohnzimmers.<\/p>\n","protected":false},"excerpt":{"rendered":"<p>Der Softy Loungestuhl verleiht Ihrem Raum ein Gef\u00fchl von Ruhe und Eleganz, bezogen mit pr\u00e4chtigem Boucl\u00e9-Stoff f\u00fcr eine wirklich einladende Note. In einem sch\u00f6nen dunkelblauen Ton gehalten, ist dieser Stuhl nicht nur ein Augenschmaus, sondern auch \u00e4u\u00dferst bequem. Weich, komfortabel und nach OEKO-TEX\u00ae STANDARD 100 zertifiziert, garantiert er hochwertige Materialien, die frei von sch\u00e4dlichen Substanzen [&hellip;]<\/p>\n","protected":false},"featured_media":1112173,"template":"","meta":{"_acf_changed":false,"inline_featured_image":false},"product_brand":[],"product_cat":[7155,2845,3024,5047],"product_tag":[],"class_list":{"0":"post-1089833","1":"product","2":"type-product","3":"status-publish","4":"has-post-thumbnail","6":"product_cat-dweller-de","7":"product_cat-sitzmoebel-de","8":"product_cat-loungestuehle-de","9":"product_cat-neuheiten-de","10":"product_shipping_class-p10","12":"pa_color-dunkelblau-2","13":"pa_material-acrylic-10-de","14":"pa_material-polyester-90-de","16":"first","17":"instock","18":"taxable","19":"shipping-taxable","20":"purchasable","21":"product-type-simple"},"exclude_global_add_ons":[],"addons":[],"acf":[],"yoast_head":"<!-- This site is optimized with the Yoast SEO plugin v26.4 - https:\/\/yoast.com\/wordpress\/plugins\/seo\/ -->\n<title>Softy Loungestuhl Dunkelblau (2er Set) - H\u00fcbsch<\/title>\n<meta name=\"description\" content=\"Der Softy Loungestuhl verleiht Ihrem Raum ein Gef\u00fchl von Ruhe und Eleganz, bezogen mit pr\u00e4chtigem Boucl\u00e9-Stoff f\u00fcr eine wirklich einladende Note. In einem\" \/>\n<meta name=\"robots\" content=\"index, follow, max-snippet:-1, max-image-preview:large, max-video-preview:-1\" \/>\n<link rel=\"canonical\" href=\"https:\/\/hubsch-interior.com\/de\/wp-json\/wp\/v2\/product\/1089833\" \/>\n<meta property=\"og:locale\" content=\"de_DE\" \/>\n<meta property=\"og:type\" content=\"article\" \/>\n<meta property=\"og:title\" content=\"Softy Loungestuhl Dunkelblau (2er Set) - H\u00fcbsch\" \/>\n<meta property=\"og:description\" content=\"Der Softy Loungestuhl verleiht Ihrem Raum ein Gef\u00fchl von Ruhe und Eleganz, bezogen mit pr\u00e4chtigem Boucl\u00e9-Stoff f\u00fcr eine wirklich einladende Note. In einem\" \/>\n<meta property=\"og:url\" content=\"https:\/\/hubsch-interior.com\/de\/produkt\/softy-loungestuhl-dunkelblau-2er-set\/\" \/>\n<meta property=\"og:site_name\" content=\"H\u00fcbsch\" \/>\n<meta property=\"article:modified_time\" content=\"2026-04-05T03:27:39+00:00\" \/>\n<meta property=\"og:image\" content=\"https:\/\/hubsch-interior.com\/wp-content\/uploads\/2026\/01\/softy-lounge-chair-dark-blue-set-of-2-8743ad868b401bf9d2c1a9b90a14b98c.jpg\" \/>\n\t<meta property=\"og:image:width\" content=\"1200\" \/>\n\t<meta property=\"og:image:height\" content=\"1200\" \/>\n\t<meta property=\"og:image:type\" content=\"image\/jpeg\" \/>\n<meta name=\"twitter:card\" content=\"summary_large_image\" \/>\n<script type=\"application\/ld+json\" class=\"yoast-schema-graph\">{\"@context\":\"https:\/\/schema.org\",\"@graph\":[{\"@type\":\"WebPage\",\"@id\":\"https:\/\/hubsch-interior.com\/de\/produkt\/softy-loungestuhl-dunkelblau-2er-set\/\",\"url\":\"https:\/\/hubsch-interior.com\/de\/produkt\/softy-loungestuhl-dunkelblau-2er-set\/\",\"name\":\"Softy Loungestuhl Dunkelblau (2er Set) - H\u00fcbsch\",\"isPartOf\":{\"@id\":\"https:\/\/hubsch-interior.com\/de\/#website\"},\"primaryImageOfPage\":{\"@id\":\"https:\/\/hubsch-interior.com\/de\/produkt\/softy-loungestuhl-dunkelblau-2er-set\/#primaryimage\"},\"image\":{\"@id\":\"https:\/\/hubsch-interior.com\/de\/produkt\/softy-loungestuhl-dunkelblau-2er-set\/#primaryimage\"},\"thumbnailUrl\":\"https:\/\/hubsch-interior.com\/wp-content\/uploads\/2026\/02\/softy-lounge-chair-dark-blue-set-of-2-8a4afd9d25ccaf51c753db8bcb946998.jpg\",\"datePublished\":\"2026-01-31T04:32:56+00:00\",\"dateModified\":\"2026-04-05T03:27:39+00:00\",\"description\":\"Der Softy Loungestuhl verleiht Ihrem Raum ein Gef\u00fchl von Ruhe und Eleganz, bezogen mit pr\u00e4chtigem Boucl\u00e9-Stoff f\u00fcr eine wirklich einladende Note. In einem\",\"breadcrumb\":{\"@id\":\"https:\/\/hubsch-interior.com\/de\/produkt\/softy-loungestuhl-dunkelblau-2er-set\/#breadcrumb\"},\"inLanguage\":\"de\",\"potentialAction\":[{\"@type\":\"ReadAction\",\"target\":[\"https:\/\/hubsch-interior.com\/de\/produkt\/softy-loungestuhl-dunkelblau-2er-set\/\"]}]},{\"@type\":\"ImageObject\",\"inLanguage\":\"de\",\"@id\":\"https:\/\/hubsch-interior.com\/de\/produkt\/softy-loungestuhl-dunkelblau-2er-set\/#primaryimage\",\"url\":\"https:\/\/hubsch-interior.com\/wp-content\/uploads\/2026\/02\/softy-lounge-chair-dark-blue-set-of-2-8a4afd9d25ccaf51c753db8bcb946998.jpg\",\"contentUrl\":\"https:\/\/hubsch-interior.com\/wp-content\/uploads\/2026\/02\/softy-lounge-chair-dark-blue-set-of-2-8a4afd9d25ccaf51c753db8bcb946998.jpg\",\"width\":1024,\"height\":1024},{\"@type\":\"BreadcrumbList\",\"@id\":\"https:\/\/hubsch-interior.com\/de\/produkt\/softy-loungestuhl-dunkelblau-2er-set\/#breadcrumb\",\"itemListElement\":[{\"@type\":\"ListItem\",\"position\":1,\"name\":\"Startseite\",\"item\":\"https:\/\/hubsch-interior.com\/de\/\"},{\"@type\":\"ListItem\",\"position\":2,\"name\":\"Produkte\",\"item\":\"https:\/\/hubsch-interior.com\/de\/shop-2\/\"},{\"@type\":\"ListItem\",\"position\":3,\"name\":\"Softy Loungestuhl Dunkelblau (2er Set)\"}]},{\"@type\":\"WebSite\",\"@id\":\"https:\/\/hubsch-interior.com\/de\/#website\",\"url\":\"https:\/\/hubsch-interior.com\/de\/\",\"name\":\"H\u00fcbsch\",\"description\":\"Danish Home Interior and Design\",\"publisher\":{\"@id\":\"https:\/\/hubsch-interior.com\/de\/#organization\"},\"potentialAction\":[{\"@type\":\"SearchAction\",\"target\":{\"@type\":\"EntryPoint\",\"urlTemplate\":\"https:\/\/hubsch-interior.com\/de\/?s={search_term_string}\"},\"query-input\":{\"@type\":\"PropertyValueSpecification\",\"valueRequired\":true,\"valueName\":\"search_term_string\"}}],\"inLanguage\":\"de\"},{\"@type\":\"Organization\",\"@id\":\"https:\/\/hubsch-interior.com\/de\/#organization\",\"name\":\"H\u00fcbsch\",\"url\":\"https:\/\/hubsch-interior.com\/de\/\",\"logo\":{\"@type\":\"ImageObject\",\"inLanguage\":\"de\",\"@id\":\"https:\/\/hubsch-interior.com\/de\/#\/schema\/logo\/image\/\",\"url\":\"https:\/\/hubsch-interior.com\/wp-content\/uploads\/2022\/12\/Hubsch_logo_black_one_line.svg\",\"contentUrl\":\"https:\/\/hubsch-interior.com\/wp-content\/uploads\/2022\/12\/Hubsch_logo_black_one_line.svg\",\"caption\":\"H\u00fcbsch\"},\"image\":{\"@id\":\"https:\/\/hubsch-interior.com\/de\/#\/schema\/logo\/image\/\"}}]}<\/script>\n<!-- \/ Yoast SEO plugin. -->","yoast_head_json":{"title":"Softy Loungestuhl Dunkelblau (2er Set) - H\u00fcbsch","description":"Der Softy Loungestuhl verleiht Ihrem Raum ein Gef\u00fchl von Ruhe und Eleganz, bezogen mit pr\u00e4chtigem Boucl\u00e9-Stoff f\u00fcr eine wirklich einladende Note. In einem","robots":{"index":"index","follow":"follow","max-snippet":"max-snippet:-1","max-image-preview":"max-image-preview:large","max-video-preview":"max-video-preview:-1"},"canonical":"https:\/\/hubsch-interior.com\/de\/wp-json\/wp\/v2\/product\/1089833","og_locale":"de_DE","og_type":"article","og_title":"Softy Loungestuhl Dunkelblau (2er Set) - H\u00fcbsch","og_description":"Der Softy Loungestuhl verleiht Ihrem Raum ein Gef\u00fchl von Ruhe und Eleganz, bezogen mit pr\u00e4chtigem Boucl\u00e9-Stoff f\u00fcr eine wirklich einladende Note. In einem","og_url":"https:\/\/hubsch-interior.com\/de\/produkt\/softy-loungestuhl-dunkelblau-2er-set\/","og_site_name":"H\u00fcbsch","article_modified_time":"2026-04-05T03:27:39+00:00","og_image":[{"width":1200,"height":1200,"url":"https:\/\/hubsch-interior.com\/wp-content\/uploads\/2026\/01\/softy-lounge-chair-dark-blue-set-of-2-8743ad868b401bf9d2c1a9b90a14b98c.jpg","type":"image\/jpeg"}],"twitter_card":"summary_large_image","schema":{"@context":"https:\/\/schema.org","@graph":[{"@type":"WebPage","@id":"https:\/\/hubsch-interior.com\/de\/produkt\/softy-loungestuhl-dunkelblau-2er-set\/","url":"https:\/\/hubsch-interior.com\/de\/produkt\/softy-loungestuhl-dunkelblau-2er-set\/","name":"Softy Loungestuhl Dunkelblau (2er Set) - H\u00fcbsch","isPartOf":{"@id":"https:\/\/hubsch-interior.com\/de\/#website"},"primaryImageOfPage":{"@id":"https:\/\/hubsch-interior.com\/de\/produkt\/softy-loungestuhl-dunkelblau-2er-set\/#primaryimage"},"image":{"@id":"https:\/\/hubsch-interior.com\/de\/produkt\/softy-loungestuhl-dunkelblau-2er-set\/#primaryimage"},"thumbnailUrl":"https:\/\/hubsch-interior.com\/wp-content\/uploads\/2026\/02\/softy-lounge-chair-dark-blue-set-of-2-8a4afd9d25ccaf51c753db8bcb946998.jpg","datePublished":"2026-01-31T04:32:56+00:00","dateModified":"2026-04-05T03:27:39+00:00","description":"Der Softy Loungestuhl verleiht Ihrem Raum ein Gef\u00fchl von Ruhe und Eleganz, bezogen mit pr\u00e4chtigem Boucl\u00e9-Stoff f\u00fcr eine wirklich einladende Note. In einem","breadcrumb":{"@id":"https:\/\/hubsch-interior.com\/de\/produkt\/softy-loungestuhl-dunkelblau-2er-set\/#breadcrumb"},"inLanguage":"de","potentialAction":[{"@type":"ReadAction","target":["https:\/\/hubsch-interior.com\/de\/produkt\/softy-loungestuhl-dunkelblau-2er-set\/"]}]},{"@type":"ImageObject","inLanguage":"de","@id":"https:\/\/hubsch-interior.com\/de\/produkt\/softy-loungestuhl-dunkelblau-2er-set\/#primaryimage","url":"https:\/\/hubsch-interior.com\/wp-content\/uploads\/2026\/02\/softy-lounge-chair-dark-blue-set-of-2-8a4afd9d25ccaf51c753db8bcb946998.jpg","contentUrl":"https:\/\/hubsch-interior.com\/wp-content\/uploads\/2026\/02\/softy-lounge-chair-dark-blue-set-of-2-8a4afd9d25ccaf51c753db8bcb946998.jpg","width":1024,"height":1024},{"@type":"BreadcrumbList","@id":"https:\/\/hubsch-interior.com\/de\/produkt\/softy-loungestuhl-dunkelblau-2er-set\/#breadcrumb","itemListElement":[{"@type":"ListItem","position":1,"name":"Startseite","item":"https:\/\/hubsch-interior.com\/de\/"},{"@type":"ListItem","position":2,"name":"Produkte","item":"https:\/\/hubsch-interior.com\/de\/shop-2\/"},{"@type":"ListItem","position":3,"name":"Softy Loungestuhl Dunkelblau (2er Set)"}]},{"@type":"WebSite","@id":"https:\/\/hubsch-interior.com\/de\/#website","url":"https:\/\/hubsch-interior.com\/de\/","name":"H\u00fcbsch","description":"Danish Home Interior and Design","publisher":{"@id":"https:\/\/hubsch-interior.com\/de\/#organization"},"potentialAction":[{"@type":"SearchAction","target":{"@type":"EntryPoint","urlTemplate":"https:\/\/hubsch-interior.com\/de\/?s={search_term_string}"},"query-input":{"@type":"PropertyValueSpecification","valueRequired":true,"valueName":"search_term_string"}}],"inLanguage":"de"},{"@type":"Organization","@id":"https:\/\/hubsch-interior.com\/de\/#organization","name":"H\u00fcbsch","url":"https:\/\/hubsch-interior.com\/de\/","logo":{"@type":"ImageObject","inLanguage":"de","@id":"https:\/\/hubsch-interior.com\/de\/#\/schema\/logo\/image\/","url":"https:\/\/hubsch-interior.com\/wp-content\/uploads\/2022\/12\/Hubsch_logo_black_one_line.svg","contentUrl":"https:\/\/hubsch-interior.com\/wp-content\/uploads\/2022\/12\/Hubsch_logo_black_one_line.svg","caption":"H\u00fcbsch"},"image":{"@id":"https:\/\/hubsch-interior.com\/de\/#\/schema\/logo\/image\/"}}]}},"_links":{"self":[{"href":"https:\/\/hubsch-interior.com\/de\/wp-json\/wp\/v2\/product\/1089833","targetHints":{"allow":["GET"]}}],"collection":[{"href":"https:\/\/hubsch-interior.com\/de\/wp-json\/wp\/v2\/product"}],"about":[{"href":"https:\/\/hubsch-interior.com\/de\/wp-json\/wp\/v2\/types\/product"}],"wp:featuredmedia":[{"embeddable":true,"href":"https:\/\/hubsch-interior.com\/de\/wp-json\/wp\/v2\/media\/1112173"}],"wp:attachment":[{"href":"https:\/\/hubsch-interior.com\/de\/wp-json\/wp\/v2\/media?parent=1089833"}],"wp:term":[{"taxonomy":"product_brand","embeddable":true,"href":"https:\/\/hubsch-interior.com\/de\/wp-json\/wp\/v2\/product_brand?post=1089833"},{"taxonomy":"product_cat","embeddable":true,"href":"https:\/\/hubsch-interior.com\/de\/wp-json\/wp\/v2\/product_cat?post=1089833"},{"taxonomy":"product_tag","embeddable":true,"href":"https:\/\/hubsch-interior.com\/de\/wp-json\/wp\/v2\/product_tag?post=1089833"}],"curies":[{"name":"wp","href":"https:\/\/api.w.org\/{rel}","templated":true}]}}