{"id":1089897,"date":"2026-01-31T05:33:23","date_gmt":"2026-01-31T04:33:23","guid":{"rendered":"https:\/\/hubsch-interior.com\/product\/product\/"},"modified":"2026-04-05T05:27:46","modified_gmt":"2026-04-05T03:27:46","slug":"ouli-loungestuhl-hellgrau-meliert","status":"publish","type":"product","link":"https:\/\/hubsch-interior.com\/de\/produkt\/ouli-loungestuhl-hellgrau-meliert\/","title":{"rendered":"Ouli Loungestuhl Hellgrau meliert"},"content":{"rendered":"<p>Lernen Sie den Ouli Loungestuhl kennen, eine Oase des Komforts und Stils f\u00fcr Ihre Lieblingsecke. Mit seinem sch\u00f6nen, hellfarbigen Stoff, verziert mit kleinen schwarzen Sprenkeln, schafft dieser Stuhl ein faszinierendes Muster, das das Auge anzieht. W\u00e4hlen Sie zwischen zwei schicken Varianten, aber besonders das wei\u00dfe Modell verleiht jedem Raum eine ruhige Atmosph\u00e4re. Nach h\u00f6chsten Standards gefertigt und mit OEKO-TEX\u00ae STANDARD 100 zertifiziert, bietet dieses St\u00fcck nicht nur eine pr\u00e4chtige Optik, sondern auch Sicherheit f\u00fcr Ihr Wohlbefinden. Eine perfekte Kombination aus Form und Funktion, entworfen mit einer einfachen Linie, verspricht er, ein neues Highlight in Ihrem Zuhause zu sein.<\/p>\n","protected":false},"excerpt":{"rendered":"<p>Lernen Sie den Ouli Loungestuhl kennen, eine Oase des Komforts und Stils f\u00fcr Ihre Lieblingsecke. Mit seinem sch\u00f6nen, hellfarbigen Stoff, verziert mit kleinen schwarzen Sprenkeln, schafft dieser Stuhl ein faszinierendes Muster, das das Auge anzieht. W\u00e4hlen Sie zwischen zwei schicken Varianten, aber besonders das wei\u00dfe Modell verleiht jedem Raum eine ruhige Atmosph\u00e4re. Nach h\u00f6chsten Standards [&hellip;]<\/p>\n","protected":false},"featured_media":1112225,"template":"","meta":{"_acf_changed":false,"inline_featured_image":false},"product_brand":[],"product_cat":[7155,2845,3024,5047],"product_tag":[],"class_list":{"0":"post-1089897","1":"product","2":"type-product","3":"status-publish","4":"has-post-thumbnail","6":"product_cat-dweller-de","7":"product_cat-sitzmoebel-de","8":"product_cat-loungestuehle-de","9":"product_cat-neuheiten-de","10":"product_shipping_class-p10","12":"pa_color-hellgrau-meliert","13":"pa_material-polyester-100-de","14":"pa_material-gummiholz","16":"first","17":"instock","18":"taxable","19":"shipping-taxable","20":"purchasable","21":"product-type-simple"},"exclude_global_add_ons":[],"addons":[],"acf":[],"yoast_head":"<!-- This site is optimized with the Yoast SEO plugin v26.4 - https:\/\/yoast.com\/wordpress\/plugins\/seo\/ -->\n<title>Ouli Loungestuhl Hellgrau meliert - H\u00fcbsch<\/title>\n<meta name=\"description\" content=\"Lernen Sie den Ouli Loungestuhl kennen, eine Oase des Komforts und Stils f\u00fcr Ihre Lieblingsecke. Mit seinem sch\u00f6nen, hellfarbigen Stoff, verziert mit\" \/>\n<meta name=\"robots\" content=\"index, follow, max-snippet:-1, max-image-preview:large, max-video-preview:-1\" \/>\n<link rel=\"canonical\" href=\"https:\/\/hubsch-interior.com\/de\/wp-json\/wp\/v2\/product\/1089897\" \/>\n<meta property=\"og:locale\" content=\"de_DE\" \/>\n<meta property=\"og:type\" content=\"article\" \/>\n<meta property=\"og:title\" content=\"Ouli Loungestuhl Hellgrau meliert - H\u00fcbsch\" \/>\n<meta property=\"og:description\" content=\"Lernen Sie den Ouli Loungestuhl kennen, eine Oase des Komforts und Stils f\u00fcr Ihre Lieblingsecke. Mit seinem sch\u00f6nen, hellfarbigen Stoff, verziert mit\" \/>\n<meta property=\"og:url\" content=\"https:\/\/hubsch-interior.com\/de\/produkt\/ouli-loungestuhl-hellgrau-meliert\/\" \/>\n<meta property=\"og:site_name\" content=\"H\u00fcbsch\" \/>\n<meta property=\"article:modified_time\" content=\"2026-04-05T03:27:46+00:00\" \/>\n<meta property=\"og:image\" content=\"https:\/\/hubsch-interior.com\/wp-content\/uploads\/2026\/01\/ouli-lounge-chair-light-grey-melange-1633e8b094972b5f2caf76f37080915c.jpg\" \/>\n\t<meta property=\"og:image:width\" content=\"1200\" \/>\n\t<meta property=\"og:image:height\" content=\"1200\" \/>\n\t<meta property=\"og:image:type\" content=\"image\/jpeg\" \/>\n<meta name=\"twitter:card\" content=\"summary_large_image\" \/>\n<meta name=\"twitter:label1\" content=\"Gesch\u00e4tzte Lesezeit\" \/>\n\t<meta name=\"twitter:data1\" content=\"1\u00a0Minute\" \/>\n<script type=\"application\/ld+json\" class=\"yoast-schema-graph\">{\"@context\":\"https:\/\/schema.org\",\"@graph\":[{\"@type\":\"WebPage\",\"@id\":\"https:\/\/hubsch-interior.com\/de\/produkt\/ouli-loungestuhl-hellgrau-meliert\/\",\"url\":\"https:\/\/hubsch-interior.com\/de\/produkt\/ouli-loungestuhl-hellgrau-meliert\/\",\"name\":\"Ouli Loungestuhl Hellgrau meliert - H\u00fcbsch\",\"isPartOf\":{\"@id\":\"https:\/\/hubsch-interior.com\/de\/#website\"},\"primaryImageOfPage\":{\"@id\":\"https:\/\/hubsch-interior.com\/de\/produkt\/ouli-loungestuhl-hellgrau-meliert\/#primaryimage\"},\"image\":{\"@id\":\"https:\/\/hubsch-interior.com\/de\/produkt\/ouli-loungestuhl-hellgrau-meliert\/#primaryimage\"},\"thumbnailUrl\":\"https:\/\/hubsch-interior.com\/wp-content\/uploads\/2026\/02\/ouli-lounge-chair-light-grey-melange-9d793018ef334921b010864782934300.jpg\",\"datePublished\":\"2026-01-31T04:33:23+00:00\",\"dateModified\":\"2026-04-05T03:27:46+00:00\",\"description\":\"Lernen Sie den Ouli Loungestuhl kennen, eine Oase des Komforts und Stils f\u00fcr Ihre Lieblingsecke. Mit seinem sch\u00f6nen, hellfarbigen Stoff, verziert mit\",\"breadcrumb\":{\"@id\":\"https:\/\/hubsch-interior.com\/de\/produkt\/ouli-loungestuhl-hellgrau-meliert\/#breadcrumb\"},\"inLanguage\":\"de\",\"potentialAction\":[{\"@type\":\"ReadAction\",\"target\":[\"https:\/\/hubsch-interior.com\/de\/produkt\/ouli-loungestuhl-hellgrau-meliert\/\"]}]},{\"@type\":\"ImageObject\",\"inLanguage\":\"de\",\"@id\":\"https:\/\/hubsch-interior.com\/de\/produkt\/ouli-loungestuhl-hellgrau-meliert\/#primaryimage\",\"url\":\"https:\/\/hubsch-interior.com\/wp-content\/uploads\/2026\/02\/ouli-lounge-chair-light-grey-melange-9d793018ef334921b010864782934300.jpg\",\"contentUrl\":\"https:\/\/hubsch-interior.com\/wp-content\/uploads\/2026\/02\/ouli-lounge-chair-light-grey-melange-9d793018ef334921b010864782934300.jpg\",\"width\":1024,\"height\":1024},{\"@type\":\"BreadcrumbList\",\"@id\":\"https:\/\/hubsch-interior.com\/de\/produkt\/ouli-loungestuhl-hellgrau-meliert\/#breadcrumb\",\"itemListElement\":[{\"@type\":\"ListItem\",\"position\":1,\"name\":\"Startseite\",\"item\":\"https:\/\/hubsch-interior.com\/de\/\"},{\"@type\":\"ListItem\",\"position\":2,\"name\":\"Produkte\",\"item\":\"https:\/\/hubsch-interior.com\/de\/shop-2\/\"},{\"@type\":\"ListItem\",\"position\":3,\"name\":\"Ouli Loungestuhl Hellgrau meliert\"}]},{\"@type\":\"WebSite\",\"@id\":\"https:\/\/hubsch-interior.com\/de\/#website\",\"url\":\"https:\/\/hubsch-interior.com\/de\/\",\"name\":\"H\u00fcbsch\",\"description\":\"Danish Home Interior and Design\",\"publisher\":{\"@id\":\"https:\/\/hubsch-interior.com\/de\/#organization\"},\"potentialAction\":[{\"@type\":\"SearchAction\",\"target\":{\"@type\":\"EntryPoint\",\"urlTemplate\":\"https:\/\/hubsch-interior.com\/de\/?s={search_term_string}\"},\"query-input\":{\"@type\":\"PropertyValueSpecification\",\"valueRequired\":true,\"valueName\":\"search_term_string\"}}],\"inLanguage\":\"de\"},{\"@type\":\"Organization\",\"@id\":\"https:\/\/hubsch-interior.com\/de\/#organization\",\"name\":\"H\u00fcbsch\",\"url\":\"https:\/\/hubsch-interior.com\/de\/\",\"logo\":{\"@type\":\"ImageObject\",\"inLanguage\":\"de\",\"@id\":\"https:\/\/hubsch-interior.com\/de\/#\/schema\/logo\/image\/\",\"url\":\"https:\/\/hubsch-interior.com\/wp-content\/uploads\/2022\/12\/Hubsch_logo_black_one_line.svg\",\"contentUrl\":\"https:\/\/hubsch-interior.com\/wp-content\/uploads\/2022\/12\/Hubsch_logo_black_one_line.svg\",\"caption\":\"H\u00fcbsch\"},\"image\":{\"@id\":\"https:\/\/hubsch-interior.com\/de\/#\/schema\/logo\/image\/\"}}]}<\/script>\n<!-- \/ Yoast SEO plugin. -->","yoast_head_json":{"title":"Ouli Loungestuhl Hellgrau meliert - H\u00fcbsch","description":"Lernen Sie den Ouli Loungestuhl kennen, eine Oase des Komforts und Stils f\u00fcr Ihre Lieblingsecke. Mit seinem sch\u00f6nen, hellfarbigen Stoff, verziert mit","robots":{"index":"index","follow":"follow","max-snippet":"max-snippet:-1","max-image-preview":"max-image-preview:large","max-video-preview":"max-video-preview:-1"},"canonical":"https:\/\/hubsch-interior.com\/de\/wp-json\/wp\/v2\/product\/1089897","og_locale":"de_DE","og_type":"article","og_title":"Ouli Loungestuhl Hellgrau meliert - H\u00fcbsch","og_description":"Lernen Sie den Ouli Loungestuhl kennen, eine Oase des Komforts und Stils f\u00fcr Ihre Lieblingsecke. Mit seinem sch\u00f6nen, hellfarbigen Stoff, verziert mit","og_url":"https:\/\/hubsch-interior.com\/de\/produkt\/ouli-loungestuhl-hellgrau-meliert\/","og_site_name":"H\u00fcbsch","article_modified_time":"2026-04-05T03:27:46+00:00","og_image":[{"width":1200,"height":1200,"url":"https:\/\/hubsch-interior.com\/wp-content\/uploads\/2026\/01\/ouli-lounge-chair-light-grey-melange-1633e8b094972b5f2caf76f37080915c.jpg","type":"image\/jpeg"}],"twitter_card":"summary_large_image","twitter_misc":{"Gesch\u00e4tzte Lesezeit":"1\u00a0Minute"},"schema":{"@context":"https:\/\/schema.org","@graph":[{"@type":"WebPage","@id":"https:\/\/hubsch-interior.com\/de\/produkt\/ouli-loungestuhl-hellgrau-meliert\/","url":"https:\/\/hubsch-interior.com\/de\/produkt\/ouli-loungestuhl-hellgrau-meliert\/","name":"Ouli Loungestuhl Hellgrau meliert - H\u00fcbsch","isPartOf":{"@id":"https:\/\/hubsch-interior.com\/de\/#website"},"primaryImageOfPage":{"@id":"https:\/\/hubsch-interior.com\/de\/produkt\/ouli-loungestuhl-hellgrau-meliert\/#primaryimage"},"image":{"@id":"https:\/\/hubsch-interior.com\/de\/produkt\/ouli-loungestuhl-hellgrau-meliert\/#primaryimage"},"thumbnailUrl":"https:\/\/hubsch-interior.com\/wp-content\/uploads\/2026\/02\/ouli-lounge-chair-light-grey-melange-9d793018ef334921b010864782934300.jpg","datePublished":"2026-01-31T04:33:23+00:00","dateModified":"2026-04-05T03:27:46+00:00","description":"Lernen Sie den Ouli Loungestuhl kennen, eine Oase des Komforts und Stils f\u00fcr Ihre Lieblingsecke. Mit seinem sch\u00f6nen, hellfarbigen Stoff, verziert mit","breadcrumb":{"@id":"https:\/\/hubsch-interior.com\/de\/produkt\/ouli-loungestuhl-hellgrau-meliert\/#breadcrumb"},"inLanguage":"de","potentialAction":[{"@type":"ReadAction","target":["https:\/\/hubsch-interior.com\/de\/produkt\/ouli-loungestuhl-hellgrau-meliert\/"]}]},{"@type":"ImageObject","inLanguage":"de","@id":"https:\/\/hubsch-interior.com\/de\/produkt\/ouli-loungestuhl-hellgrau-meliert\/#primaryimage","url":"https:\/\/hubsch-interior.com\/wp-content\/uploads\/2026\/02\/ouli-lounge-chair-light-grey-melange-9d793018ef334921b010864782934300.jpg","contentUrl":"https:\/\/hubsch-interior.com\/wp-content\/uploads\/2026\/02\/ouli-lounge-chair-light-grey-melange-9d793018ef334921b010864782934300.jpg","width":1024,"height":1024},{"@type":"BreadcrumbList","@id":"https:\/\/hubsch-interior.com\/de\/produkt\/ouli-loungestuhl-hellgrau-meliert\/#breadcrumb","itemListElement":[{"@type":"ListItem","position":1,"name":"Startseite","item":"https:\/\/hubsch-interior.com\/de\/"},{"@type":"ListItem","position":2,"name":"Produkte","item":"https:\/\/hubsch-interior.com\/de\/shop-2\/"},{"@type":"ListItem","position":3,"name":"Ouli Loungestuhl Hellgrau meliert"}]},{"@type":"WebSite","@id":"https:\/\/hubsch-interior.com\/de\/#website","url":"https:\/\/hubsch-interior.com\/de\/","name":"H\u00fcbsch","description":"Danish Home Interior and Design","publisher":{"@id":"https:\/\/hubsch-interior.com\/de\/#organization"},"potentialAction":[{"@type":"SearchAction","target":{"@type":"EntryPoint","urlTemplate":"https:\/\/hubsch-interior.com\/de\/?s={search_term_string}"},"query-input":{"@type":"PropertyValueSpecification","valueRequired":true,"valueName":"search_term_string"}}],"inLanguage":"de"},{"@type":"Organization","@id":"https:\/\/hubsch-interior.com\/de\/#organization","name":"H\u00fcbsch","url":"https:\/\/hubsch-interior.com\/de\/","logo":{"@type":"ImageObject","inLanguage":"de","@id":"https:\/\/hubsch-interior.com\/de\/#\/schema\/logo\/image\/","url":"https:\/\/hubsch-interior.com\/wp-content\/uploads\/2022\/12\/Hubsch_logo_black_one_line.svg","contentUrl":"https:\/\/hubsch-interior.com\/wp-content\/uploads\/2022\/12\/Hubsch_logo_black_one_line.svg","caption":"H\u00fcbsch"},"image":{"@id":"https:\/\/hubsch-interior.com\/de\/#\/schema\/logo\/image\/"}}]}},"_links":{"self":[{"href":"https:\/\/hubsch-interior.com\/de\/wp-json\/wp\/v2\/product\/1089897","targetHints":{"allow":["GET"]}}],"collection":[{"href":"https:\/\/hubsch-interior.com\/de\/wp-json\/wp\/v2\/product"}],"about":[{"href":"https:\/\/hubsch-interior.com\/de\/wp-json\/wp\/v2\/types\/product"}],"wp:featuredmedia":[{"embeddable":true,"href":"https:\/\/hubsch-interior.com\/de\/wp-json\/wp\/v2\/media\/1112225"}],"wp:attachment":[{"href":"https:\/\/hubsch-interior.com\/de\/wp-json\/wp\/v2\/media?parent=1089897"}],"wp:term":[{"taxonomy":"product_brand","embeddable":true,"href":"https:\/\/hubsch-interior.com\/de\/wp-json\/wp\/v2\/product_brand?post=1089897"},{"taxonomy":"product_cat","embeddable":true,"href":"https:\/\/hubsch-interior.com\/de\/wp-json\/wp\/v2\/product_cat?post=1089897"},{"taxonomy":"product_tag","embeddable":true,"href":"https:\/\/hubsch-interior.com\/de\/wp-json\/wp\/v2\/product_tag?post=1089897"}],"curies":[{"name":"wp","href":"https:\/\/api.w.org\/{rel}","templated":true}]}}