{"id":1089925,"date":"2026-01-31T05:33:36","date_gmt":"2026-01-31T04:33:36","guid":{"rendered":"https:\/\/hubsch-interior.com\/product\/product\/"},"modified":"2026-04-06T05:21:43","modified_gmt":"2026-04-06T03:21:43","slug":"paza-sofa-hellgrun","status":"publish","type":"product","link":"https:\/\/hubsch-interior.com\/de\/produkt\/paza-sofa-hellgrun\/","title":{"rendered":"Paza Sofa Hellgr\u00fcn"},"content":{"rendered":"<p>Das Paza Sofa ist die ideale Kombination aus Stil und Flexibilit\u00e4t \u2013 egal, ob Sie es als Sofa oder Tagesbett betrachten, es passt sich m\u00fchelos Ihren Bed\u00fcrfnissen an. Bezogen mit einem weichen Melange-Stoff in hellem Gr\u00fcn, bringt es einen sanften Farbtupfer in Ihr Interieur. Mit seiner skulpturalen Form und gro\u00dfz\u00fcgigen Sitzfl\u00e4che l\u00e4dt es jeden ein, in Komfort zu entspannen. Hergestellt aus OEKO-TEX\u00ae STANDARD 100 zertifizierten Materialien, garantiert es sowohl Qualit\u00e4t als auch Sicherheit. Ein herausragendes St\u00fcck, das jeden Raum in eine stilvolle Zuflucht verwandelt.<\/p>\n","protected":false},"excerpt":{"rendered":"<p>Das Paza Sofa ist die ideale Kombination aus Stil und Flexibilit\u00e4t \u2013 egal, ob Sie es als Sofa oder Tagesbett betrachten, es passt sich m\u00fchelos Ihren Bed\u00fcrfnissen an. Bezogen mit einem weichen Melange-Stoff in hellem Gr\u00fcn, bringt es einen sanften Farbtupfer in Ihr Interieur. Mit seiner skulpturalen Form und gro\u00dfz\u00fcgigen Sitzfl\u00e4che l\u00e4dt es jeden ein, [&hellip;]<\/p>\n","protected":false},"featured_media":1116164,"template":"","meta":{"_acf_changed":false,"inline_featured_image":false},"product_brand":[],"product_cat":[7155,5047,2845,4200],"product_tag":[],"class_list":{"0":"post-1089925","1":"product","2":"type-product","3":"status-publish","4":"has-post-thumbnail","6":"product_cat-dweller-de","7":"product_cat-neuheiten-de","8":"product_cat-sitzmoebel-de","9":"product_cat-sofas-daybeds-de","10":"product_shipping_class-p10","12":"pa_color-hellgrn-2","13":"pa_material-polyester-95-de","14":"pa_material-sperrholz","16":"first","17":"instock","18":"taxable","19":"shipping-taxable","20":"purchasable","21":"product-type-simple"},"exclude_global_add_ons":[],"addons":[],"acf":[],"yoast_head":"<!-- This site is optimized with the Yoast SEO plugin v26.4 - https:\/\/yoast.com\/wordpress\/plugins\/seo\/ -->\n<title>Paza Sofa Hellgr\u00fcn - H\u00fcbsch<\/title>\n<meta name=\"description\" content=\"Das Paza Sofa ist die ideale Kombination aus Stil und Flexibilit\u00e4t \u2013 egal, ob Sie es als Sofa oder Tagesbett betrachten, es passt sich m\u00fchelos Ihren\" \/>\n<meta name=\"robots\" content=\"index, follow, max-snippet:-1, max-image-preview:large, max-video-preview:-1\" \/>\n<link rel=\"canonical\" href=\"https:\/\/hubsch-interior.com\/de\/wp-json\/wp\/v2\/product\/1089925\" \/>\n<meta property=\"og:locale\" content=\"de_DE\" \/>\n<meta property=\"og:type\" content=\"article\" \/>\n<meta property=\"og:title\" content=\"Paza Sofa Hellgr\u00fcn - H\u00fcbsch\" \/>\n<meta property=\"og:description\" content=\"Das Paza Sofa ist die ideale Kombination aus Stil und Flexibilit\u00e4t \u2013 egal, ob Sie es als Sofa oder Tagesbett betrachten, es passt sich m\u00fchelos Ihren\" \/>\n<meta property=\"og:url\" content=\"https:\/\/hubsch-interior.com\/de\/produkt\/paza-sofa-hellgrun\/\" \/>\n<meta property=\"og:site_name\" content=\"H\u00fcbsch\" \/>\n<meta property=\"article:modified_time\" content=\"2026-04-06T03:21:43+00:00\" \/>\n<meta property=\"og:image\" content=\"https:\/\/hubsch-interior.com\/wp-content\/uploads\/2026\/01\/paza-sofa-light-green-03af940d8650d424a4a580a8c6efd7e1.jpg\" \/>\n\t<meta property=\"og:image:width\" content=\"1200\" \/>\n\t<meta property=\"og:image:height\" content=\"1200\" \/>\n\t<meta property=\"og:image:type\" content=\"image\/jpeg\" \/>\n<meta name=\"twitter:card\" content=\"summary_large_image\" \/>\n<script type=\"application\/ld+json\" class=\"yoast-schema-graph\">{\"@context\":\"https:\/\/schema.org\",\"@graph\":[{\"@type\":\"WebPage\",\"@id\":\"https:\/\/hubsch-interior.com\/de\/produkt\/paza-sofa-hellgrun\/\",\"url\":\"https:\/\/hubsch-interior.com\/de\/produkt\/paza-sofa-hellgrun\/\",\"name\":\"Paza Sofa Hellgr\u00fcn - H\u00fcbsch\",\"isPartOf\":{\"@id\":\"https:\/\/hubsch-interior.com\/de\/#website\"},\"primaryImageOfPage\":{\"@id\":\"https:\/\/hubsch-interior.com\/de\/produkt\/paza-sofa-hellgrun\/#primaryimage\"},\"image\":{\"@id\":\"https:\/\/hubsch-interior.com\/de\/produkt\/paza-sofa-hellgrun\/#primaryimage\"},\"thumbnailUrl\":\"https:\/\/hubsch-interior.com\/wp-content\/uploads\/2026\/04\/paza-sofa-light-green-56511f6dd26b802ead4f1c4e42a57f18.jpg\",\"datePublished\":\"2026-01-31T04:33:36+00:00\",\"dateModified\":\"2026-04-06T03:21:43+00:00\",\"description\":\"Das Paza Sofa ist die ideale Kombination aus Stil und Flexibilit\u00e4t \u2013 egal, ob Sie es als Sofa oder Tagesbett betrachten, es passt sich m\u00fchelos Ihren\",\"breadcrumb\":{\"@id\":\"https:\/\/hubsch-interior.com\/de\/produkt\/paza-sofa-hellgrun\/#breadcrumb\"},\"inLanguage\":\"de\",\"potentialAction\":[{\"@type\":\"ReadAction\",\"target\":[\"https:\/\/hubsch-interior.com\/de\/produkt\/paza-sofa-hellgrun\/\"]}]},{\"@type\":\"ImageObject\",\"inLanguage\":\"de\",\"@id\":\"https:\/\/hubsch-interior.com\/de\/produkt\/paza-sofa-hellgrun\/#primaryimage\",\"url\":\"https:\/\/hubsch-interior.com\/wp-content\/uploads\/2026\/04\/paza-sofa-light-green-56511f6dd26b802ead4f1c4e42a57f18.jpg\",\"contentUrl\":\"https:\/\/hubsch-interior.com\/wp-content\/uploads\/2026\/04\/paza-sofa-light-green-56511f6dd26b802ead4f1c4e42a57f18.jpg\",\"width\":1024,\"height\":1024},{\"@type\":\"BreadcrumbList\",\"@id\":\"https:\/\/hubsch-interior.com\/de\/produkt\/paza-sofa-hellgrun\/#breadcrumb\",\"itemListElement\":[{\"@type\":\"ListItem\",\"position\":1,\"name\":\"Startseite\",\"item\":\"https:\/\/hubsch-interior.com\/de\/\"},{\"@type\":\"ListItem\",\"position\":2,\"name\":\"Produkte\",\"item\":\"https:\/\/hubsch-interior.com\/de\/shop-2\/\"},{\"@type\":\"ListItem\",\"position\":3,\"name\":\"Paza Sofa Hellgr\u00fcn\"}]},{\"@type\":\"WebSite\",\"@id\":\"https:\/\/hubsch-interior.com\/de\/#website\",\"url\":\"https:\/\/hubsch-interior.com\/de\/\",\"name\":\"H\u00fcbsch\",\"description\":\"Danish Home Interior and Design\",\"publisher\":{\"@id\":\"https:\/\/hubsch-interior.com\/de\/#organization\"},\"potentialAction\":[{\"@type\":\"SearchAction\",\"target\":{\"@type\":\"EntryPoint\",\"urlTemplate\":\"https:\/\/hubsch-interior.com\/de\/?s={search_term_string}\"},\"query-input\":{\"@type\":\"PropertyValueSpecification\",\"valueRequired\":true,\"valueName\":\"search_term_string\"}}],\"inLanguage\":\"de\"},{\"@type\":\"Organization\",\"@id\":\"https:\/\/hubsch-interior.com\/de\/#organization\",\"name\":\"H\u00fcbsch\",\"url\":\"https:\/\/hubsch-interior.com\/de\/\",\"logo\":{\"@type\":\"ImageObject\",\"inLanguage\":\"de\",\"@id\":\"https:\/\/hubsch-interior.com\/de\/#\/schema\/logo\/image\/\",\"url\":\"https:\/\/hubsch-interior.com\/wp-content\/uploads\/2022\/12\/Hubsch_logo_black_one_line.svg\",\"contentUrl\":\"https:\/\/hubsch-interior.com\/wp-content\/uploads\/2022\/12\/Hubsch_logo_black_one_line.svg\",\"caption\":\"H\u00fcbsch\"},\"image\":{\"@id\":\"https:\/\/hubsch-interior.com\/de\/#\/schema\/logo\/image\/\"}}]}<\/script>\n<!-- \/ Yoast SEO plugin. -->","yoast_head_json":{"title":"Paza Sofa Hellgr\u00fcn - H\u00fcbsch","description":"Das Paza Sofa ist die ideale Kombination aus Stil und Flexibilit\u00e4t \u2013 egal, ob Sie es als Sofa oder Tagesbett betrachten, es passt sich m\u00fchelos Ihren","robots":{"index":"index","follow":"follow","max-snippet":"max-snippet:-1","max-image-preview":"max-image-preview:large","max-video-preview":"max-video-preview:-1"},"canonical":"https:\/\/hubsch-interior.com\/de\/wp-json\/wp\/v2\/product\/1089925","og_locale":"de_DE","og_type":"article","og_title":"Paza Sofa Hellgr\u00fcn - H\u00fcbsch","og_description":"Das Paza Sofa ist die ideale Kombination aus Stil und Flexibilit\u00e4t \u2013 egal, ob Sie es als Sofa oder Tagesbett betrachten, es passt sich m\u00fchelos Ihren","og_url":"https:\/\/hubsch-interior.com\/de\/produkt\/paza-sofa-hellgrun\/","og_site_name":"H\u00fcbsch","article_modified_time":"2026-04-06T03:21:43+00:00","og_image":[{"width":1200,"height":1200,"url":"https:\/\/hubsch-interior.com\/wp-content\/uploads\/2026\/01\/paza-sofa-light-green-03af940d8650d424a4a580a8c6efd7e1.jpg","type":"image\/jpeg"}],"twitter_card":"summary_large_image","schema":{"@context":"https:\/\/schema.org","@graph":[{"@type":"WebPage","@id":"https:\/\/hubsch-interior.com\/de\/produkt\/paza-sofa-hellgrun\/","url":"https:\/\/hubsch-interior.com\/de\/produkt\/paza-sofa-hellgrun\/","name":"Paza Sofa Hellgr\u00fcn - H\u00fcbsch","isPartOf":{"@id":"https:\/\/hubsch-interior.com\/de\/#website"},"primaryImageOfPage":{"@id":"https:\/\/hubsch-interior.com\/de\/produkt\/paza-sofa-hellgrun\/#primaryimage"},"image":{"@id":"https:\/\/hubsch-interior.com\/de\/produkt\/paza-sofa-hellgrun\/#primaryimage"},"thumbnailUrl":"https:\/\/hubsch-interior.com\/wp-content\/uploads\/2026\/04\/paza-sofa-light-green-56511f6dd26b802ead4f1c4e42a57f18.jpg","datePublished":"2026-01-31T04:33:36+00:00","dateModified":"2026-04-06T03:21:43+00:00","description":"Das Paza Sofa ist die ideale Kombination aus Stil und Flexibilit\u00e4t \u2013 egal, ob Sie es als Sofa oder Tagesbett betrachten, es passt sich m\u00fchelos Ihren","breadcrumb":{"@id":"https:\/\/hubsch-interior.com\/de\/produkt\/paza-sofa-hellgrun\/#breadcrumb"},"inLanguage":"de","potentialAction":[{"@type":"ReadAction","target":["https:\/\/hubsch-interior.com\/de\/produkt\/paza-sofa-hellgrun\/"]}]},{"@type":"ImageObject","inLanguage":"de","@id":"https:\/\/hubsch-interior.com\/de\/produkt\/paza-sofa-hellgrun\/#primaryimage","url":"https:\/\/hubsch-interior.com\/wp-content\/uploads\/2026\/04\/paza-sofa-light-green-56511f6dd26b802ead4f1c4e42a57f18.jpg","contentUrl":"https:\/\/hubsch-interior.com\/wp-content\/uploads\/2026\/04\/paza-sofa-light-green-56511f6dd26b802ead4f1c4e42a57f18.jpg","width":1024,"height":1024},{"@type":"BreadcrumbList","@id":"https:\/\/hubsch-interior.com\/de\/produkt\/paza-sofa-hellgrun\/#breadcrumb","itemListElement":[{"@type":"ListItem","position":1,"name":"Startseite","item":"https:\/\/hubsch-interior.com\/de\/"},{"@type":"ListItem","position":2,"name":"Produkte","item":"https:\/\/hubsch-interior.com\/de\/shop-2\/"},{"@type":"ListItem","position":3,"name":"Paza Sofa Hellgr\u00fcn"}]},{"@type":"WebSite","@id":"https:\/\/hubsch-interior.com\/de\/#website","url":"https:\/\/hubsch-interior.com\/de\/","name":"H\u00fcbsch","description":"Danish Home Interior and Design","publisher":{"@id":"https:\/\/hubsch-interior.com\/de\/#organization"},"potentialAction":[{"@type":"SearchAction","target":{"@type":"EntryPoint","urlTemplate":"https:\/\/hubsch-interior.com\/de\/?s={search_term_string}"},"query-input":{"@type":"PropertyValueSpecification","valueRequired":true,"valueName":"search_term_string"}}],"inLanguage":"de"},{"@type":"Organization","@id":"https:\/\/hubsch-interior.com\/de\/#organization","name":"H\u00fcbsch","url":"https:\/\/hubsch-interior.com\/de\/","logo":{"@type":"ImageObject","inLanguage":"de","@id":"https:\/\/hubsch-interior.com\/de\/#\/schema\/logo\/image\/","url":"https:\/\/hubsch-interior.com\/wp-content\/uploads\/2022\/12\/Hubsch_logo_black_one_line.svg","contentUrl":"https:\/\/hubsch-interior.com\/wp-content\/uploads\/2022\/12\/Hubsch_logo_black_one_line.svg","caption":"H\u00fcbsch"},"image":{"@id":"https:\/\/hubsch-interior.com\/de\/#\/schema\/logo\/image\/"}}]}},"_links":{"self":[{"href":"https:\/\/hubsch-interior.com\/de\/wp-json\/wp\/v2\/product\/1089925","targetHints":{"allow":["GET"]}}],"collection":[{"href":"https:\/\/hubsch-interior.com\/de\/wp-json\/wp\/v2\/product"}],"about":[{"href":"https:\/\/hubsch-interior.com\/de\/wp-json\/wp\/v2\/types\/product"}],"wp:featuredmedia":[{"embeddable":true,"href":"https:\/\/hubsch-interior.com\/de\/wp-json\/wp\/v2\/media\/1116164"}],"wp:attachment":[{"href":"https:\/\/hubsch-interior.com\/de\/wp-json\/wp\/v2\/media?parent=1089925"}],"wp:term":[{"taxonomy":"product_brand","embeddable":true,"href":"https:\/\/hubsch-interior.com\/de\/wp-json\/wp\/v2\/product_brand?post=1089925"},{"taxonomy":"product_cat","embeddable":true,"href":"https:\/\/hubsch-interior.com\/de\/wp-json\/wp\/v2\/product_cat?post=1089925"},{"taxonomy":"product_tag","embeddable":true,"href":"https:\/\/hubsch-interior.com\/de\/wp-json\/wp\/v2\/product_tag?post=1089925"}],"curies":[{"name":"wp","href":"https:\/\/api.w.org\/{rel}","templated":true}]}}