{"id":1089945,"date":"2026-01-31T05:33:49","date_gmt":"2026-01-31T04:33:49","guid":{"rendered":"https:\/\/hubsch-interior.com\/product\/product\/"},"modified":"2026-04-05T05:27:54","modified_gmt":"2026-04-05T03:27:54","slug":"well-bank-hellblau","status":"publish","type":"product","link":"https:\/\/hubsch-interior.com\/de\/produkt\/well-bank-hellblau\/","title":{"rendered":"Well Bank Hellblau"},"content":{"rendered":"<p>Die Well Bank bietet einen vollst\u00e4ndig gepolsterten R\u00fcckzugsort in einem ruhigen Hellblau, der darauf ausgelegt ist, das Gef\u00fchl der Ruhe in Ihrem Zuhause zu steigern. In zwei sch\u00f6nen Varianten erh\u00e4ltlich, f\u00fcgt sie sich nahtlos in verschiedene Einrichtungsstile ein. Sie ist nach OEKO-TEX\u00ae STANDARD 100 zertifiziert und vereint Sicherheit und Komfort in einem eleganten M\u00f6belst\u00fcck. Perfekt f\u00fcr das Schlafzimmer, schafft sie eine Atmosph\u00e4re, die von Wellness inspiriert ist und l\u00e4dt zu Entspannung und einem Hauch von Raffinesse ein, wo immer Sie sie platzieren. Wahrlich die Essenz von Komfort und achtsamem Design.<\/p>\n","protected":false},"excerpt":{"rendered":"<p>Die Well Bank bietet einen vollst\u00e4ndig gepolsterten R\u00fcckzugsort in einem ruhigen Hellblau, der darauf ausgelegt ist, das Gef\u00fchl der Ruhe in Ihrem Zuhause zu steigern. In zwei sch\u00f6nen Varianten erh\u00e4ltlich, f\u00fcgt sie sich nahtlos in verschiedene Einrichtungsstile ein. Sie ist nach OEKO-TEX\u00ae STANDARD 100 zertifiziert und vereint Sicherheit und Komfort in einem eleganten M\u00f6belst\u00fcck. Perfekt [&hellip;]<\/p>\n","protected":false},"featured_media":1112277,"template":"","meta":{"_acf_changed":false,"inline_featured_image":false},"product_brand":[],"product_cat":[7155,2845,2878,5027,5047],"product_tag":[],"class_list":{"0":"post-1089945","1":"product","2":"type-product","3":"status-publish","4":"has-post-thumbnail","6":"product_cat-dweller-de","7":"product_cat-sitzmoebel-de","8":"product_cat-baenke-de","9":"product_cat-bestsellers-de","10":"product_cat-neuheiten-de","11":"product_shipping_class-p05","13":"pa_color-hellblau-2","14":"pa_material-polyester-100-de","15":"pa_material-sperrholz","17":"first","18":"instock","19":"featured","20":"taxable","21":"shipping-taxable","22":"purchasable","23":"product-type-simple"},"exclude_global_add_ons":[],"addons":[],"acf":[],"yoast_head":"<!-- This site is optimized with the Yoast SEO plugin v26.4 - https:\/\/yoast.com\/wordpress\/plugins\/seo\/ -->\n<title>Well Bank Hellblau - H\u00fcbsch<\/title>\n<meta name=\"description\" content=\"Die Well Bank bietet einen vollst\u00e4ndig gepolsterten R\u00fcckzugsort in einem ruhigen Hellblau, der darauf ausgelegt ist, das Gef\u00fchl der Ruhe in Ihrem Zuhause\" \/>\n<meta name=\"robots\" content=\"index, follow, max-snippet:-1, max-image-preview:large, max-video-preview:-1\" \/>\n<link rel=\"canonical\" href=\"https:\/\/hubsch-interior.com\/de\/wp-json\/wp\/v2\/product\/1089945\" \/>\n<meta property=\"og:locale\" content=\"de_DE\" \/>\n<meta property=\"og:type\" content=\"article\" \/>\n<meta property=\"og:title\" content=\"Well Bank Hellblau - H\u00fcbsch\" \/>\n<meta property=\"og:description\" content=\"Die Well Bank bietet einen vollst\u00e4ndig gepolsterten R\u00fcckzugsort in einem ruhigen Hellblau, der darauf ausgelegt ist, das Gef\u00fchl der Ruhe in Ihrem Zuhause\" \/>\n<meta property=\"og:url\" content=\"https:\/\/hubsch-interior.com\/de\/produkt\/well-bank-hellblau\/\" \/>\n<meta property=\"og:site_name\" content=\"H\u00fcbsch\" \/>\n<meta property=\"article:modified_time\" content=\"2026-04-05T03:27:54+00:00\" \/>\n<meta property=\"og:image\" content=\"https:\/\/hubsch-interior.com\/wp-content\/uploads\/2026\/02\/well-bench-light-blue-e789b83864afeca7036dce51a62b85ff.jpg\" \/>\n\t<meta property=\"og:image:width\" content=\"1024\" \/>\n\t<meta property=\"og:image:height\" content=\"1024\" \/>\n\t<meta property=\"og:image:type\" content=\"image\/jpeg\" \/>\n<meta name=\"twitter:card\" content=\"summary_large_image\" \/>\n<meta name=\"twitter:label1\" content=\"Gesch\u00e4tzte Lesezeit\" \/>\n\t<meta name=\"twitter:data1\" content=\"1\u00a0Minute\" \/>\n<script type=\"application\/ld+json\" class=\"yoast-schema-graph\">{\"@context\":\"https:\/\/schema.org\",\"@graph\":[{\"@type\":\"WebPage\",\"@id\":\"https:\/\/hubsch-interior.com\/de\/produkt\/well-bank-hellblau\/\",\"url\":\"https:\/\/hubsch-interior.com\/de\/produkt\/well-bank-hellblau\/\",\"name\":\"Well Bank Hellblau - H\u00fcbsch\",\"isPartOf\":{\"@id\":\"https:\/\/hubsch-interior.com\/de\/#website\"},\"primaryImageOfPage\":{\"@id\":\"https:\/\/hubsch-interior.com\/de\/produkt\/well-bank-hellblau\/#primaryimage\"},\"image\":{\"@id\":\"https:\/\/hubsch-interior.com\/de\/produkt\/well-bank-hellblau\/#primaryimage\"},\"thumbnailUrl\":\"https:\/\/hubsch-interior.com\/wp-content\/uploads\/2026\/02\/well-bench-light-blue-e789b83864afeca7036dce51a62b85ff.jpg\",\"datePublished\":\"2026-01-31T04:33:49+00:00\",\"dateModified\":\"2026-04-05T03:27:54+00:00\",\"description\":\"Die Well Bank bietet einen vollst\u00e4ndig gepolsterten R\u00fcckzugsort in einem ruhigen Hellblau, der darauf ausgelegt ist, das Gef\u00fchl der Ruhe in Ihrem Zuhause\",\"breadcrumb\":{\"@id\":\"https:\/\/hubsch-interior.com\/de\/produkt\/well-bank-hellblau\/#breadcrumb\"},\"inLanguage\":\"de\",\"potentialAction\":[{\"@type\":\"ReadAction\",\"target\":[\"https:\/\/hubsch-interior.com\/de\/produkt\/well-bank-hellblau\/\"]}]},{\"@type\":\"ImageObject\",\"inLanguage\":\"de\",\"@id\":\"https:\/\/hubsch-interior.com\/de\/produkt\/well-bank-hellblau\/#primaryimage\",\"url\":\"https:\/\/hubsch-interior.com\/wp-content\/uploads\/2026\/02\/well-bench-light-blue-e789b83864afeca7036dce51a62b85ff.jpg\",\"contentUrl\":\"https:\/\/hubsch-interior.com\/wp-content\/uploads\/2026\/02\/well-bench-light-blue-e789b83864afeca7036dce51a62b85ff.jpg\",\"width\":1024,\"height\":1024},{\"@type\":\"BreadcrumbList\",\"@id\":\"https:\/\/hubsch-interior.com\/de\/produkt\/well-bank-hellblau\/#breadcrumb\",\"itemListElement\":[{\"@type\":\"ListItem\",\"position\":1,\"name\":\"Startseite\",\"item\":\"https:\/\/hubsch-interior.com\/de\/\"},{\"@type\":\"ListItem\",\"position\":2,\"name\":\"Produkte\",\"item\":\"https:\/\/hubsch-interior.com\/de\/shop-2\/\"},{\"@type\":\"ListItem\",\"position\":3,\"name\":\"M\u00f6bel\",\"item\":\"https:\/\/hubsch-interior.com\/de\/produkt-kategorie\/moebel\/\"},{\"@type\":\"ListItem\",\"position\":4,\"name\":\"Sitzm&ouml;bel\",\"item\":\"https:\/\/hubsch-interior.com\/de\/produkt-kategorie\/moebel\/sitzmoebel-de\/\"},{\"@type\":\"ListItem\",\"position\":5,\"name\":\"B&auml;nke\",\"item\":\"https:\/\/hubsch-interior.com\/de\/produkt-kategorie\/moebel\/sitzmoebel-de\/baenke-de\/\"},{\"@type\":\"ListItem\",\"position\":6,\"name\":\"Well Bank Hellblau\"}]},{\"@type\":\"WebSite\",\"@id\":\"https:\/\/hubsch-interior.com\/de\/#website\",\"url\":\"https:\/\/hubsch-interior.com\/de\/\",\"name\":\"H\u00fcbsch\",\"description\":\"Danish Home Interior and Design\",\"publisher\":{\"@id\":\"https:\/\/hubsch-interior.com\/de\/#organization\"},\"potentialAction\":[{\"@type\":\"SearchAction\",\"target\":{\"@type\":\"EntryPoint\",\"urlTemplate\":\"https:\/\/hubsch-interior.com\/de\/?s={search_term_string}\"},\"query-input\":{\"@type\":\"PropertyValueSpecification\",\"valueRequired\":true,\"valueName\":\"search_term_string\"}}],\"inLanguage\":\"de\"},{\"@type\":\"Organization\",\"@id\":\"https:\/\/hubsch-interior.com\/de\/#organization\",\"name\":\"H\u00fcbsch\",\"url\":\"https:\/\/hubsch-interior.com\/de\/\",\"logo\":{\"@type\":\"ImageObject\",\"inLanguage\":\"de\",\"@id\":\"https:\/\/hubsch-interior.com\/de\/#\/schema\/logo\/image\/\",\"url\":\"https:\/\/hubsch-interior.com\/wp-content\/uploads\/2022\/12\/Hubsch_logo_black_one_line.svg\",\"contentUrl\":\"https:\/\/hubsch-interior.com\/wp-content\/uploads\/2022\/12\/Hubsch_logo_black_one_line.svg\",\"caption\":\"H\u00fcbsch\"},\"image\":{\"@id\":\"https:\/\/hubsch-interior.com\/de\/#\/schema\/logo\/image\/\"}}]}<\/script>\n<!-- \/ Yoast SEO plugin. -->","yoast_head_json":{"title":"Well Bank Hellblau - H\u00fcbsch","description":"Die Well Bank bietet einen vollst\u00e4ndig gepolsterten R\u00fcckzugsort in einem ruhigen Hellblau, der darauf ausgelegt ist, das Gef\u00fchl der Ruhe in Ihrem Zuhause","robots":{"index":"index","follow":"follow","max-snippet":"max-snippet:-1","max-image-preview":"max-image-preview:large","max-video-preview":"max-video-preview:-1"},"canonical":"https:\/\/hubsch-interior.com\/de\/wp-json\/wp\/v2\/product\/1089945","og_locale":"de_DE","og_type":"article","og_title":"Well Bank Hellblau - H\u00fcbsch","og_description":"Die Well Bank bietet einen vollst\u00e4ndig gepolsterten R\u00fcckzugsort in einem ruhigen Hellblau, der darauf ausgelegt ist, das Gef\u00fchl der Ruhe in Ihrem Zuhause","og_url":"https:\/\/hubsch-interior.com\/de\/produkt\/well-bank-hellblau\/","og_site_name":"H\u00fcbsch","article_modified_time":"2026-04-05T03:27:54+00:00","og_image":[{"width":1024,"height":1024,"url":"https:\/\/hubsch-interior.com\/wp-content\/uploads\/2026\/02\/well-bench-light-blue-e789b83864afeca7036dce51a62b85ff.jpg","type":"image\/jpeg"}],"twitter_card":"summary_large_image","twitter_misc":{"Gesch\u00e4tzte Lesezeit":"1\u00a0Minute"},"schema":{"@context":"https:\/\/schema.org","@graph":[{"@type":"WebPage","@id":"https:\/\/hubsch-interior.com\/de\/produkt\/well-bank-hellblau\/","url":"https:\/\/hubsch-interior.com\/de\/produkt\/well-bank-hellblau\/","name":"Well Bank Hellblau - H\u00fcbsch","isPartOf":{"@id":"https:\/\/hubsch-interior.com\/de\/#website"},"primaryImageOfPage":{"@id":"https:\/\/hubsch-interior.com\/de\/produkt\/well-bank-hellblau\/#primaryimage"},"image":{"@id":"https:\/\/hubsch-interior.com\/de\/produkt\/well-bank-hellblau\/#primaryimage"},"thumbnailUrl":"https:\/\/hubsch-interior.com\/wp-content\/uploads\/2026\/02\/well-bench-light-blue-e789b83864afeca7036dce51a62b85ff.jpg","datePublished":"2026-01-31T04:33:49+00:00","dateModified":"2026-04-05T03:27:54+00:00","description":"Die Well Bank bietet einen vollst\u00e4ndig gepolsterten R\u00fcckzugsort in einem ruhigen Hellblau, der darauf ausgelegt ist, das Gef\u00fchl der Ruhe in Ihrem Zuhause","breadcrumb":{"@id":"https:\/\/hubsch-interior.com\/de\/produkt\/well-bank-hellblau\/#breadcrumb"},"inLanguage":"de","potentialAction":[{"@type":"ReadAction","target":["https:\/\/hubsch-interior.com\/de\/produkt\/well-bank-hellblau\/"]}]},{"@type":"ImageObject","inLanguage":"de","@id":"https:\/\/hubsch-interior.com\/de\/produkt\/well-bank-hellblau\/#primaryimage","url":"https:\/\/hubsch-interior.com\/wp-content\/uploads\/2026\/02\/well-bench-light-blue-e789b83864afeca7036dce51a62b85ff.jpg","contentUrl":"https:\/\/hubsch-interior.com\/wp-content\/uploads\/2026\/02\/well-bench-light-blue-e789b83864afeca7036dce51a62b85ff.jpg","width":1024,"height":1024},{"@type":"BreadcrumbList","@id":"https:\/\/hubsch-interior.com\/de\/produkt\/well-bank-hellblau\/#breadcrumb","itemListElement":[{"@type":"ListItem","position":1,"name":"Startseite","item":"https:\/\/hubsch-interior.com\/de\/"},{"@type":"ListItem","position":2,"name":"Produkte","item":"https:\/\/hubsch-interior.com\/de\/shop-2\/"},{"@type":"ListItem","position":3,"name":"M\u00f6bel","item":"https:\/\/hubsch-interior.com\/de\/produkt-kategorie\/moebel\/"},{"@type":"ListItem","position":4,"name":"Sitzm&ouml;bel","item":"https:\/\/hubsch-interior.com\/de\/produkt-kategorie\/moebel\/sitzmoebel-de\/"},{"@type":"ListItem","position":5,"name":"B&auml;nke","item":"https:\/\/hubsch-interior.com\/de\/produkt-kategorie\/moebel\/sitzmoebel-de\/baenke-de\/"},{"@type":"ListItem","position":6,"name":"Well Bank Hellblau"}]},{"@type":"WebSite","@id":"https:\/\/hubsch-interior.com\/de\/#website","url":"https:\/\/hubsch-interior.com\/de\/","name":"H\u00fcbsch","description":"Danish Home Interior and Design","publisher":{"@id":"https:\/\/hubsch-interior.com\/de\/#organization"},"potentialAction":[{"@type":"SearchAction","target":{"@type":"EntryPoint","urlTemplate":"https:\/\/hubsch-interior.com\/de\/?s={search_term_string}"},"query-input":{"@type":"PropertyValueSpecification","valueRequired":true,"valueName":"search_term_string"}}],"inLanguage":"de"},{"@type":"Organization","@id":"https:\/\/hubsch-interior.com\/de\/#organization","name":"H\u00fcbsch","url":"https:\/\/hubsch-interior.com\/de\/","logo":{"@type":"ImageObject","inLanguage":"de","@id":"https:\/\/hubsch-interior.com\/de\/#\/schema\/logo\/image\/","url":"https:\/\/hubsch-interior.com\/wp-content\/uploads\/2022\/12\/Hubsch_logo_black_one_line.svg","contentUrl":"https:\/\/hubsch-interior.com\/wp-content\/uploads\/2022\/12\/Hubsch_logo_black_one_line.svg","caption":"H\u00fcbsch"},"image":{"@id":"https:\/\/hubsch-interior.com\/de\/#\/schema\/logo\/image\/"}}]}},"_links":{"self":[{"href":"https:\/\/hubsch-interior.com\/de\/wp-json\/wp\/v2\/product\/1089945","targetHints":{"allow":["GET"]}}],"collection":[{"href":"https:\/\/hubsch-interior.com\/de\/wp-json\/wp\/v2\/product"}],"about":[{"href":"https:\/\/hubsch-interior.com\/de\/wp-json\/wp\/v2\/types\/product"}],"wp:featuredmedia":[{"embeddable":true,"href":"https:\/\/hubsch-interior.com\/de\/wp-json\/wp\/v2\/media\/1112277"}],"wp:attachment":[{"href":"https:\/\/hubsch-interior.com\/de\/wp-json\/wp\/v2\/media?parent=1089945"}],"wp:term":[{"taxonomy":"product_brand","embeddable":true,"href":"https:\/\/hubsch-interior.com\/de\/wp-json\/wp\/v2\/product_brand?post=1089945"},{"taxonomy":"product_cat","embeddable":true,"href":"https:\/\/hubsch-interior.com\/de\/wp-json\/wp\/v2\/product_cat?post=1089945"},{"taxonomy":"product_tag","embeddable":true,"href":"https:\/\/hubsch-interior.com\/de\/wp-json\/wp\/v2\/product_tag?post=1089945"}],"curies":[{"name":"wp","href":"https:\/\/api.w.org\/{rel}","templated":true}]}}