{"id":1090017,"date":"2026-01-31T05:34:28","date_gmt":"2026-01-31T04:34:28","guid":{"rendered":"https:\/\/hubsch-interior.com\/product\/product\/"},"modified":"2026-04-09T05:24:59","modified_gmt":"2026-04-09T03:24:59","slug":"crayon-servierwagen-naturfarben","status":"publish","type":"product","link":"https:\/\/hubsch-interior.com\/de\/produkt\/crayon-servierwagen-naturfarben\/","title":{"rendered":"Crayon Servierwagen Naturfarben"},"content":{"rendered":"<p>Entdecken Sie den Charme und die Vielseitigkeit unseres Crayon Servierwagens, gefertigt aus FSC-zertifiziertem Holz mit stilvoller Eichenfurnier-Oberfl\u00e4che. Seine grafische Form und die nat\u00fcrlichen Farbt\u00f6ne bringen eine Note der Eleganz in jeden Raum. Im B\u00fcro eingesetzt, organisiert er m\u00fchelos all Ihre Werkzeuge und Unterlagen. Oder schieben Sie ihn einfach dorthin, wo Sie ihn im Wohnzimmer ben\u00f6tigen, wo er als reizvoller zus\u00e4tzlicher Tisch f\u00fcr Ihre B\u00fccher und Getr\u00e4nke dient. Eine wunderbare Mischung aus Form und Funktion \u2013 nur einen Rollweg entfernt!<\/p>\n","protected":false},"excerpt":{"rendered":"<p>Entdecken Sie den Charme und die Vielseitigkeit unseres Crayon Servierwagens, gefertigt aus FSC-zertifiziertem Holz mit stilvoller Eichenfurnier-Oberfl\u00e4che. Seine grafische Form und die nat\u00fcrlichen Farbt\u00f6ne bringen eine Note der Eleganz in jeden Raum. Im B\u00fcro eingesetzt, organisiert er m\u00fchelos all Ihre Werkzeuge und Unterlagen. Oder schieben Sie ihn einfach dorthin, wo Sie ihn im Wohnzimmer ben\u00f6tigen, [&hellip;]<\/p>\n","protected":false},"featured_media":1112381,"template":"","meta":{"_acf_changed":false,"inline_featured_image":false},"product_brand":[],"product_cat":[7155,6323,2861,6360,5027,5047],"product_tag":[],"class_list":{"0":"post-1090017","1":"product","2":"type-product","3":"status-publish","4":"has-post-thumbnail","6":"product_cat-dweller-de","7":"product_cat-fsc-de","8":"product_cat-tische-de","9":"product_cat-servierwagen-de","10":"product_cat-bestsellers-de","11":"product_cat-neuheiten-de","12":"product_shipping_class-pk","14":"pa_color-naturfarben-2","15":"pa_material-mdf-de","16":"pa_material-eichenfurnier","17":"pa_material-eichenholz","19":"first","20":"instock","21":"featured","22":"taxable","23":"shipping-taxable","24":"purchasable","25":"product-type-simple"},"exclude_global_add_ons":[],"addons":[],"acf":[],"yoast_head":"<!-- This site is optimized with the Yoast SEO plugin v26.4 - https:\/\/yoast.com\/wordpress\/plugins\/seo\/ -->\n<title>Crayon Servierwagen Naturfarben - H\u00fcbsch<\/title>\n<meta name=\"description\" content=\"Entdecken Sie den Charme und die Vielseitigkeit unseres Crayon Servierwagens, gefertigt aus FSC-zertifiziertem Holz mit stilvoller\" \/>\n<meta name=\"robots\" content=\"index, follow, max-snippet:-1, max-image-preview:large, max-video-preview:-1\" \/>\n<link rel=\"canonical\" href=\"https:\/\/hubsch-interior.com\/de\/wp-json\/wp\/v2\/product\/1090017\" \/>\n<meta property=\"og:locale\" content=\"de_DE\" \/>\n<meta property=\"og:type\" content=\"article\" \/>\n<meta property=\"og:title\" content=\"Crayon Servierwagen Naturfarben - H\u00fcbsch\" \/>\n<meta property=\"og:description\" content=\"Entdecken Sie den Charme und die Vielseitigkeit unseres Crayon Servierwagens, gefertigt aus FSC-zertifiziertem Holz mit stilvoller\" \/>\n<meta property=\"og:url\" content=\"https:\/\/hubsch-interior.com\/de\/produkt\/crayon-servierwagen-naturfarben\/\" \/>\n<meta property=\"og:site_name\" content=\"H\u00fcbsch\" \/>\n<meta property=\"article:modified_time\" content=\"2026-04-09T03:24:59+00:00\" \/>\n<meta property=\"og:image\" content=\"https:\/\/hubsch-interior.com\/wp-content\/uploads\/2026\/01\/crayon-trolley-natural-9e0107c423527e5b13cdc23d790e6ca2.jpg\" \/>\n\t<meta property=\"og:image:width\" content=\"1200\" \/>\n\t<meta property=\"og:image:height\" content=\"1200\" \/>\n\t<meta property=\"og:image:type\" content=\"image\/jpeg\" \/>\n<meta name=\"twitter:card\" content=\"summary_large_image\" \/>\n<script type=\"application\/ld+json\" class=\"yoast-schema-graph\">{\"@context\":\"https:\/\/schema.org\",\"@graph\":[{\"@type\":\"WebPage\",\"@id\":\"https:\/\/hubsch-interior.com\/de\/produkt\/crayon-servierwagen-naturfarben\/\",\"url\":\"https:\/\/hubsch-interior.com\/de\/produkt\/crayon-servierwagen-naturfarben\/\",\"name\":\"Crayon Servierwagen Naturfarben - H\u00fcbsch\",\"isPartOf\":{\"@id\":\"https:\/\/hubsch-interior.com\/de\/#website\"},\"primaryImageOfPage\":{\"@id\":\"https:\/\/hubsch-interior.com\/de\/produkt\/crayon-servierwagen-naturfarben\/#primaryimage\"},\"image\":{\"@id\":\"https:\/\/hubsch-interior.com\/de\/produkt\/crayon-servierwagen-naturfarben\/#primaryimage\"},\"thumbnailUrl\":\"https:\/\/hubsch-interior.com\/wp-content\/uploads\/2026\/02\/crayon-trolley-natural-1d5d6bd53b5511a916da20c208eda2af.jpg\",\"datePublished\":\"2026-01-31T04:34:28+00:00\",\"dateModified\":\"2026-04-09T03:24:59+00:00\",\"description\":\"Entdecken Sie den Charme und die Vielseitigkeit unseres Crayon Servierwagens, gefertigt aus FSC-zertifiziertem Holz mit stilvoller\",\"breadcrumb\":{\"@id\":\"https:\/\/hubsch-interior.com\/de\/produkt\/crayon-servierwagen-naturfarben\/#breadcrumb\"},\"inLanguage\":\"de\",\"potentialAction\":[{\"@type\":\"ReadAction\",\"target\":[\"https:\/\/hubsch-interior.com\/de\/produkt\/crayon-servierwagen-naturfarben\/\"]}]},{\"@type\":\"ImageObject\",\"inLanguage\":\"de\",\"@id\":\"https:\/\/hubsch-interior.com\/de\/produkt\/crayon-servierwagen-naturfarben\/#primaryimage\",\"url\":\"https:\/\/hubsch-interior.com\/wp-content\/uploads\/2026\/02\/crayon-trolley-natural-1d5d6bd53b5511a916da20c208eda2af.jpg\",\"contentUrl\":\"https:\/\/hubsch-interior.com\/wp-content\/uploads\/2026\/02\/crayon-trolley-natural-1d5d6bd53b5511a916da20c208eda2af.jpg\",\"width\":1024,\"height\":1024},{\"@type\":\"BreadcrumbList\",\"@id\":\"https:\/\/hubsch-interior.com\/de\/produkt\/crayon-servierwagen-naturfarben\/#breadcrumb\",\"itemListElement\":[{\"@type\":\"ListItem\",\"position\":1,\"name\":\"Startseite\",\"item\":\"https:\/\/hubsch-interior.com\/de\/\"},{\"@type\":\"ListItem\",\"position\":2,\"name\":\"Produkte\",\"item\":\"https:\/\/hubsch-interior.com\/de\/shop-2\/\"},{\"@type\":\"ListItem\",\"position\":3,\"name\":\"Crayon Servierwagen Naturfarben\"}]},{\"@type\":\"WebSite\",\"@id\":\"https:\/\/hubsch-interior.com\/de\/#website\",\"url\":\"https:\/\/hubsch-interior.com\/de\/\",\"name\":\"H\u00fcbsch\",\"description\":\"Danish Home Interior and Design\",\"publisher\":{\"@id\":\"https:\/\/hubsch-interior.com\/de\/#organization\"},\"potentialAction\":[{\"@type\":\"SearchAction\",\"target\":{\"@type\":\"EntryPoint\",\"urlTemplate\":\"https:\/\/hubsch-interior.com\/de\/?s={search_term_string}\"},\"query-input\":{\"@type\":\"PropertyValueSpecification\",\"valueRequired\":true,\"valueName\":\"search_term_string\"}}],\"inLanguage\":\"de\"},{\"@type\":\"Organization\",\"@id\":\"https:\/\/hubsch-interior.com\/de\/#organization\",\"name\":\"H\u00fcbsch\",\"url\":\"https:\/\/hubsch-interior.com\/de\/\",\"logo\":{\"@type\":\"ImageObject\",\"inLanguage\":\"de\",\"@id\":\"https:\/\/hubsch-interior.com\/de\/#\/schema\/logo\/image\/\",\"url\":\"https:\/\/hubsch-interior.com\/wp-content\/uploads\/2022\/12\/Hubsch_logo_black_one_line.svg\",\"contentUrl\":\"https:\/\/hubsch-interior.com\/wp-content\/uploads\/2022\/12\/Hubsch_logo_black_one_line.svg\",\"caption\":\"H\u00fcbsch\"},\"image\":{\"@id\":\"https:\/\/hubsch-interior.com\/de\/#\/schema\/logo\/image\/\"}}]}<\/script>\n<!-- \/ Yoast SEO plugin. -->","yoast_head_json":{"title":"Crayon Servierwagen Naturfarben - H\u00fcbsch","description":"Entdecken Sie den Charme und die Vielseitigkeit unseres Crayon Servierwagens, gefertigt aus FSC-zertifiziertem Holz mit stilvoller","robots":{"index":"index","follow":"follow","max-snippet":"max-snippet:-1","max-image-preview":"max-image-preview:large","max-video-preview":"max-video-preview:-1"},"canonical":"https:\/\/hubsch-interior.com\/de\/wp-json\/wp\/v2\/product\/1090017","og_locale":"de_DE","og_type":"article","og_title":"Crayon Servierwagen Naturfarben - H\u00fcbsch","og_description":"Entdecken Sie den Charme und die Vielseitigkeit unseres Crayon Servierwagens, gefertigt aus FSC-zertifiziertem Holz mit stilvoller","og_url":"https:\/\/hubsch-interior.com\/de\/produkt\/crayon-servierwagen-naturfarben\/","og_site_name":"H\u00fcbsch","article_modified_time":"2026-04-09T03:24:59+00:00","og_image":[{"width":1200,"height":1200,"url":"https:\/\/hubsch-interior.com\/wp-content\/uploads\/2026\/01\/crayon-trolley-natural-9e0107c423527e5b13cdc23d790e6ca2.jpg","type":"image\/jpeg"}],"twitter_card":"summary_large_image","schema":{"@context":"https:\/\/schema.org","@graph":[{"@type":"WebPage","@id":"https:\/\/hubsch-interior.com\/de\/produkt\/crayon-servierwagen-naturfarben\/","url":"https:\/\/hubsch-interior.com\/de\/produkt\/crayon-servierwagen-naturfarben\/","name":"Crayon Servierwagen Naturfarben - H\u00fcbsch","isPartOf":{"@id":"https:\/\/hubsch-interior.com\/de\/#website"},"primaryImageOfPage":{"@id":"https:\/\/hubsch-interior.com\/de\/produkt\/crayon-servierwagen-naturfarben\/#primaryimage"},"image":{"@id":"https:\/\/hubsch-interior.com\/de\/produkt\/crayon-servierwagen-naturfarben\/#primaryimage"},"thumbnailUrl":"https:\/\/hubsch-interior.com\/wp-content\/uploads\/2026\/02\/crayon-trolley-natural-1d5d6bd53b5511a916da20c208eda2af.jpg","datePublished":"2026-01-31T04:34:28+00:00","dateModified":"2026-04-09T03:24:59+00:00","description":"Entdecken Sie den Charme und die Vielseitigkeit unseres Crayon Servierwagens, gefertigt aus FSC-zertifiziertem Holz mit stilvoller","breadcrumb":{"@id":"https:\/\/hubsch-interior.com\/de\/produkt\/crayon-servierwagen-naturfarben\/#breadcrumb"},"inLanguage":"de","potentialAction":[{"@type":"ReadAction","target":["https:\/\/hubsch-interior.com\/de\/produkt\/crayon-servierwagen-naturfarben\/"]}]},{"@type":"ImageObject","inLanguage":"de","@id":"https:\/\/hubsch-interior.com\/de\/produkt\/crayon-servierwagen-naturfarben\/#primaryimage","url":"https:\/\/hubsch-interior.com\/wp-content\/uploads\/2026\/02\/crayon-trolley-natural-1d5d6bd53b5511a916da20c208eda2af.jpg","contentUrl":"https:\/\/hubsch-interior.com\/wp-content\/uploads\/2026\/02\/crayon-trolley-natural-1d5d6bd53b5511a916da20c208eda2af.jpg","width":1024,"height":1024},{"@type":"BreadcrumbList","@id":"https:\/\/hubsch-interior.com\/de\/produkt\/crayon-servierwagen-naturfarben\/#breadcrumb","itemListElement":[{"@type":"ListItem","position":1,"name":"Startseite","item":"https:\/\/hubsch-interior.com\/de\/"},{"@type":"ListItem","position":2,"name":"Produkte","item":"https:\/\/hubsch-interior.com\/de\/shop-2\/"},{"@type":"ListItem","position":3,"name":"Crayon Servierwagen Naturfarben"}]},{"@type":"WebSite","@id":"https:\/\/hubsch-interior.com\/de\/#website","url":"https:\/\/hubsch-interior.com\/de\/","name":"H\u00fcbsch","description":"Danish Home Interior and Design","publisher":{"@id":"https:\/\/hubsch-interior.com\/de\/#organization"},"potentialAction":[{"@type":"SearchAction","target":{"@type":"EntryPoint","urlTemplate":"https:\/\/hubsch-interior.com\/de\/?s={search_term_string}"},"query-input":{"@type":"PropertyValueSpecification","valueRequired":true,"valueName":"search_term_string"}}],"inLanguage":"de"},{"@type":"Organization","@id":"https:\/\/hubsch-interior.com\/de\/#organization","name":"H\u00fcbsch","url":"https:\/\/hubsch-interior.com\/de\/","logo":{"@type":"ImageObject","inLanguage":"de","@id":"https:\/\/hubsch-interior.com\/de\/#\/schema\/logo\/image\/","url":"https:\/\/hubsch-interior.com\/wp-content\/uploads\/2022\/12\/Hubsch_logo_black_one_line.svg","contentUrl":"https:\/\/hubsch-interior.com\/wp-content\/uploads\/2022\/12\/Hubsch_logo_black_one_line.svg","caption":"H\u00fcbsch"},"image":{"@id":"https:\/\/hubsch-interior.com\/de\/#\/schema\/logo\/image\/"}}]}},"_links":{"self":[{"href":"https:\/\/hubsch-interior.com\/de\/wp-json\/wp\/v2\/product\/1090017","targetHints":{"allow":["GET"]}}],"collection":[{"href":"https:\/\/hubsch-interior.com\/de\/wp-json\/wp\/v2\/product"}],"about":[{"href":"https:\/\/hubsch-interior.com\/de\/wp-json\/wp\/v2\/types\/product"}],"wp:featuredmedia":[{"embeddable":true,"href":"https:\/\/hubsch-interior.com\/de\/wp-json\/wp\/v2\/media\/1112381"}],"wp:attachment":[{"href":"https:\/\/hubsch-interior.com\/de\/wp-json\/wp\/v2\/media?parent=1090017"}],"wp:term":[{"taxonomy":"product_brand","embeddable":true,"href":"https:\/\/hubsch-interior.com\/de\/wp-json\/wp\/v2\/product_brand?post=1090017"},{"taxonomy":"product_cat","embeddable":true,"href":"https:\/\/hubsch-interior.com\/de\/wp-json\/wp\/v2\/product_cat?post=1090017"},{"taxonomy":"product_tag","embeddable":true,"href":"https:\/\/hubsch-interior.com\/de\/wp-json\/wp\/v2\/product_tag?post=1090017"}],"curies":[{"name":"wp","href":"https:\/\/api.w.org\/{rel}","templated":true}]}}