{"id":1090033,"date":"2026-01-31T05:34:49","date_gmt":"2026-01-31T04:34:49","guid":{"rendered":"https:\/\/hubsch-interior.com\/product\/product\/"},"modified":"2026-04-02T05:28:19","modified_gmt":"2026-04-02T03:28:19","slug":"haus-esszimmerstuhl-braun","status":"publish","type":"product","link":"https:\/\/hubsch-interior.com\/de\/produkt\/haus-esszimmerstuhl-braun\/","title":{"rendered":"Haus Esszimmerstuhl Braun"},"content":{"rendered":"<p>Kraftvolle Linien, sanfte Landungen. Der Haus Esszimmerstuhl in sattem Braun vereint architektonische St\u00e4rke mit allt\u00e4glichem Komfort. Sein markanter Rahmen aus dunkel gebeiztem Holz bildet einen sch\u00f6nen Kontrast zu den tiefblauen Polstern und vermittelt eine sowohl edle als auch entspannte Ausstrahlung. Trotz seiner robusten Silhouette ist er \u00fcberraschend leicht \u2013 einfach zu bewegen, aber dennoch pr\u00e4sent. Erh\u00e4ltlich in zwei k\u00fchnen Varianten, l\u00e4dt dieser Stuhl dazu ein, sich Zeit zu nehmen, l\u00e4nger zu verweilen und jeden Moment am Tisch zu genie\u00dfen. Denn jede gro\u00dfartige Unterhaltung verdient einen Stuhl, auf dem man gerne l\u00e4nger sitzt.<\/p>\n","protected":false},"excerpt":{"rendered":"<p>Kraftvolle Linien, sanfte Landungen. Der Haus Esszimmerstuhl in sattem Braun vereint architektonische St\u00e4rke mit allt\u00e4glichem Komfort. Sein markanter Rahmen aus dunkel gebeiztem Holz bildet einen sch\u00f6nen Kontrast zu den tiefblauen Polstern und vermittelt eine sowohl edle als auch entspannte Ausstrahlung. Trotz seiner robusten Silhouette ist er \u00fcberraschend leicht \u2013 einfach zu bewegen, aber dennoch pr\u00e4sent. [&hellip;]<\/p>\n","protected":false},"featured_media":1112397,"template":"","meta":{"_acf_changed":false,"inline_featured_image":false},"product_brand":[],"product_cat":[7155,7099,5013],"product_tag":[],"class_list":{"0":"post-1090033","1":"product","2":"type-product","3":"status-publish","4":"has-post-thumbnail","6":"product_cat-dweller-de","7":"product_cat-gartenstuehle-de","8":"product_cat-gartenmoebel-de","9":"product_shipping_class-pk","11":"pa_color-braun","12":"pa_material-aluminium-de","13":"pa_material-olefin-3","15":"first","16":"outofstock","17":"taxable","18":"shipping-taxable","19":"purchasable","20":"product-type-simple"},"exclude_global_add_ons":[],"addons":[],"acf":[],"yoast_head":"<!-- This site is optimized with the Yoast SEO plugin v26.4 - https:\/\/yoast.com\/wordpress\/plugins\/seo\/ -->\n<title>Haus Esszimmerstuhl Braun - H\u00fcbsch<\/title>\n<meta name=\"description\" content=\"Kraftvolle Linien, sanfte Landungen. Der Haus Esszimmerstuhl in sattem Braun vereint architektonische St\u00e4rke mit allt\u00e4glichem Komfort. Sein markanter\" \/>\n<meta name=\"robots\" content=\"index, follow, max-snippet:-1, max-image-preview:large, max-video-preview:-1\" \/>\n<link rel=\"canonical\" href=\"https:\/\/hubsch-interior.com\/de\/wp-json\/wp\/v2\/product\/1090033\" \/>\n<meta property=\"og:locale\" content=\"de_DE\" \/>\n<meta property=\"og:type\" content=\"article\" \/>\n<meta property=\"og:title\" content=\"Haus Esszimmerstuhl Braun - H\u00fcbsch\" \/>\n<meta property=\"og:description\" content=\"Kraftvolle Linien, sanfte Landungen. Der Haus Esszimmerstuhl in sattem Braun vereint architektonische St\u00e4rke mit allt\u00e4glichem Komfort. Sein markanter\" \/>\n<meta property=\"og:url\" content=\"https:\/\/hubsch-interior.com\/de\/produkt\/haus-esszimmerstuhl-braun\/\" \/>\n<meta property=\"og:site_name\" content=\"H\u00fcbsch\" \/>\n<meta property=\"article:modified_time\" content=\"2026-04-02T03:28:19+00:00\" \/>\n<meta property=\"og:image\" content=\"https:\/\/hubsch-interior.com\/wp-content\/uploads\/2026\/01\/haus-dining-chair-brown-bcff4d81415e9da68966a9693ae92367.jpg\" \/>\n\t<meta property=\"og:image:width\" content=\"1200\" \/>\n\t<meta property=\"og:image:height\" content=\"1200\" \/>\n\t<meta property=\"og:image:type\" content=\"image\/jpeg\" \/>\n<meta name=\"twitter:card\" content=\"summary_large_image\" \/>\n<meta name=\"twitter:label1\" content=\"Gesch\u00e4tzte Lesezeit\" \/>\n\t<meta name=\"twitter:data1\" content=\"1\u00a0Minute\" \/>\n<script type=\"application\/ld+json\" class=\"yoast-schema-graph\">{\"@context\":\"https:\/\/schema.org\",\"@graph\":[{\"@type\":\"WebPage\",\"@id\":\"https:\/\/hubsch-interior.com\/de\/produkt\/haus-esszimmerstuhl-braun\/\",\"url\":\"https:\/\/hubsch-interior.com\/de\/produkt\/haus-esszimmerstuhl-braun\/\",\"name\":\"Haus Esszimmerstuhl Braun - H\u00fcbsch\",\"isPartOf\":{\"@id\":\"https:\/\/hubsch-interior.com\/de\/#website\"},\"primaryImageOfPage\":{\"@id\":\"https:\/\/hubsch-interior.com\/de\/produkt\/haus-esszimmerstuhl-braun\/#primaryimage\"},\"image\":{\"@id\":\"https:\/\/hubsch-interior.com\/de\/produkt\/haus-esszimmerstuhl-braun\/#primaryimage\"},\"thumbnailUrl\":\"https:\/\/hubsch-interior.com\/wp-content\/uploads\/2026\/02\/haus-dining-chair-brown-f1d25c613e80645dfd07eeb40402bd63.jpg\",\"datePublished\":\"2026-01-31T04:34:49+00:00\",\"dateModified\":\"2026-04-02T03:28:19+00:00\",\"description\":\"Kraftvolle Linien, sanfte Landungen. Der Haus Esszimmerstuhl in sattem Braun vereint architektonische St\u00e4rke mit allt\u00e4glichem Komfort. Sein markanter\",\"breadcrumb\":{\"@id\":\"https:\/\/hubsch-interior.com\/de\/produkt\/haus-esszimmerstuhl-braun\/#breadcrumb\"},\"inLanguage\":\"de\",\"potentialAction\":[{\"@type\":\"ReadAction\",\"target\":[\"https:\/\/hubsch-interior.com\/de\/produkt\/haus-esszimmerstuhl-braun\/\"]}]},{\"@type\":\"ImageObject\",\"inLanguage\":\"de\",\"@id\":\"https:\/\/hubsch-interior.com\/de\/produkt\/haus-esszimmerstuhl-braun\/#primaryimage\",\"url\":\"https:\/\/hubsch-interior.com\/wp-content\/uploads\/2026\/02\/haus-dining-chair-brown-f1d25c613e80645dfd07eeb40402bd63.jpg\",\"contentUrl\":\"https:\/\/hubsch-interior.com\/wp-content\/uploads\/2026\/02\/haus-dining-chair-brown-f1d25c613e80645dfd07eeb40402bd63.jpg\",\"width\":1024,\"height\":1024},{\"@type\":\"BreadcrumbList\",\"@id\":\"https:\/\/hubsch-interior.com\/de\/produkt\/haus-esszimmerstuhl-braun\/#breadcrumb\",\"itemListElement\":[{\"@type\":\"ListItem\",\"position\":1,\"name\":\"Startseite\",\"item\":\"https:\/\/hubsch-interior.com\/de\/\"},{\"@type\":\"ListItem\",\"position\":2,\"name\":\"Produkte\",\"item\":\"https:\/\/hubsch-interior.com\/de\/shop-2\/\"},{\"@type\":\"ListItem\",\"position\":3,\"name\":\"Haus Esszimmerstuhl Braun\"}]},{\"@type\":\"WebSite\",\"@id\":\"https:\/\/hubsch-interior.com\/de\/#website\",\"url\":\"https:\/\/hubsch-interior.com\/de\/\",\"name\":\"H\u00fcbsch\",\"description\":\"Danish Home Interior and Design\",\"publisher\":{\"@id\":\"https:\/\/hubsch-interior.com\/de\/#organization\"},\"potentialAction\":[{\"@type\":\"SearchAction\",\"target\":{\"@type\":\"EntryPoint\",\"urlTemplate\":\"https:\/\/hubsch-interior.com\/de\/?s={search_term_string}\"},\"query-input\":{\"@type\":\"PropertyValueSpecification\",\"valueRequired\":true,\"valueName\":\"search_term_string\"}}],\"inLanguage\":\"de\"},{\"@type\":\"Organization\",\"@id\":\"https:\/\/hubsch-interior.com\/de\/#organization\",\"name\":\"H\u00fcbsch\",\"url\":\"https:\/\/hubsch-interior.com\/de\/\",\"logo\":{\"@type\":\"ImageObject\",\"inLanguage\":\"de\",\"@id\":\"https:\/\/hubsch-interior.com\/de\/#\/schema\/logo\/image\/\",\"url\":\"https:\/\/hubsch-interior.com\/wp-content\/uploads\/2022\/12\/Hubsch_logo_black_one_line.svg\",\"contentUrl\":\"https:\/\/hubsch-interior.com\/wp-content\/uploads\/2022\/12\/Hubsch_logo_black_one_line.svg\",\"caption\":\"H\u00fcbsch\"},\"image\":{\"@id\":\"https:\/\/hubsch-interior.com\/de\/#\/schema\/logo\/image\/\"}}]}<\/script>\n<!-- \/ Yoast SEO plugin. -->","yoast_head_json":{"title":"Haus Esszimmerstuhl Braun - H\u00fcbsch","description":"Kraftvolle Linien, sanfte Landungen. Der Haus Esszimmerstuhl in sattem Braun vereint architektonische St\u00e4rke mit allt\u00e4glichem Komfort. Sein markanter","robots":{"index":"index","follow":"follow","max-snippet":"max-snippet:-1","max-image-preview":"max-image-preview:large","max-video-preview":"max-video-preview:-1"},"canonical":"https:\/\/hubsch-interior.com\/de\/wp-json\/wp\/v2\/product\/1090033","og_locale":"de_DE","og_type":"article","og_title":"Haus Esszimmerstuhl Braun - H\u00fcbsch","og_description":"Kraftvolle Linien, sanfte Landungen. Der Haus Esszimmerstuhl in sattem Braun vereint architektonische St\u00e4rke mit allt\u00e4glichem Komfort. Sein markanter","og_url":"https:\/\/hubsch-interior.com\/de\/produkt\/haus-esszimmerstuhl-braun\/","og_site_name":"H\u00fcbsch","article_modified_time":"2026-04-02T03:28:19+00:00","og_image":[{"width":1200,"height":1200,"url":"https:\/\/hubsch-interior.com\/wp-content\/uploads\/2026\/01\/haus-dining-chair-brown-bcff4d81415e9da68966a9693ae92367.jpg","type":"image\/jpeg"}],"twitter_card":"summary_large_image","twitter_misc":{"Gesch\u00e4tzte Lesezeit":"1\u00a0Minute"},"schema":{"@context":"https:\/\/schema.org","@graph":[{"@type":"WebPage","@id":"https:\/\/hubsch-interior.com\/de\/produkt\/haus-esszimmerstuhl-braun\/","url":"https:\/\/hubsch-interior.com\/de\/produkt\/haus-esszimmerstuhl-braun\/","name":"Haus Esszimmerstuhl Braun - H\u00fcbsch","isPartOf":{"@id":"https:\/\/hubsch-interior.com\/de\/#website"},"primaryImageOfPage":{"@id":"https:\/\/hubsch-interior.com\/de\/produkt\/haus-esszimmerstuhl-braun\/#primaryimage"},"image":{"@id":"https:\/\/hubsch-interior.com\/de\/produkt\/haus-esszimmerstuhl-braun\/#primaryimage"},"thumbnailUrl":"https:\/\/hubsch-interior.com\/wp-content\/uploads\/2026\/02\/haus-dining-chair-brown-f1d25c613e80645dfd07eeb40402bd63.jpg","datePublished":"2026-01-31T04:34:49+00:00","dateModified":"2026-04-02T03:28:19+00:00","description":"Kraftvolle Linien, sanfte Landungen. Der Haus Esszimmerstuhl in sattem Braun vereint architektonische St\u00e4rke mit allt\u00e4glichem Komfort. Sein markanter","breadcrumb":{"@id":"https:\/\/hubsch-interior.com\/de\/produkt\/haus-esszimmerstuhl-braun\/#breadcrumb"},"inLanguage":"de","potentialAction":[{"@type":"ReadAction","target":["https:\/\/hubsch-interior.com\/de\/produkt\/haus-esszimmerstuhl-braun\/"]}]},{"@type":"ImageObject","inLanguage":"de","@id":"https:\/\/hubsch-interior.com\/de\/produkt\/haus-esszimmerstuhl-braun\/#primaryimage","url":"https:\/\/hubsch-interior.com\/wp-content\/uploads\/2026\/02\/haus-dining-chair-brown-f1d25c613e80645dfd07eeb40402bd63.jpg","contentUrl":"https:\/\/hubsch-interior.com\/wp-content\/uploads\/2026\/02\/haus-dining-chair-brown-f1d25c613e80645dfd07eeb40402bd63.jpg","width":1024,"height":1024},{"@type":"BreadcrumbList","@id":"https:\/\/hubsch-interior.com\/de\/produkt\/haus-esszimmerstuhl-braun\/#breadcrumb","itemListElement":[{"@type":"ListItem","position":1,"name":"Startseite","item":"https:\/\/hubsch-interior.com\/de\/"},{"@type":"ListItem","position":2,"name":"Produkte","item":"https:\/\/hubsch-interior.com\/de\/shop-2\/"},{"@type":"ListItem","position":3,"name":"Haus Esszimmerstuhl Braun"}]},{"@type":"WebSite","@id":"https:\/\/hubsch-interior.com\/de\/#website","url":"https:\/\/hubsch-interior.com\/de\/","name":"H\u00fcbsch","description":"Danish Home Interior and Design","publisher":{"@id":"https:\/\/hubsch-interior.com\/de\/#organization"},"potentialAction":[{"@type":"SearchAction","target":{"@type":"EntryPoint","urlTemplate":"https:\/\/hubsch-interior.com\/de\/?s={search_term_string}"},"query-input":{"@type":"PropertyValueSpecification","valueRequired":true,"valueName":"search_term_string"}}],"inLanguage":"de"},{"@type":"Organization","@id":"https:\/\/hubsch-interior.com\/de\/#organization","name":"H\u00fcbsch","url":"https:\/\/hubsch-interior.com\/de\/","logo":{"@type":"ImageObject","inLanguage":"de","@id":"https:\/\/hubsch-interior.com\/de\/#\/schema\/logo\/image\/","url":"https:\/\/hubsch-interior.com\/wp-content\/uploads\/2022\/12\/Hubsch_logo_black_one_line.svg","contentUrl":"https:\/\/hubsch-interior.com\/wp-content\/uploads\/2022\/12\/Hubsch_logo_black_one_line.svg","caption":"H\u00fcbsch"},"image":{"@id":"https:\/\/hubsch-interior.com\/de\/#\/schema\/logo\/image\/"}}]}},"_links":{"self":[{"href":"https:\/\/hubsch-interior.com\/de\/wp-json\/wp\/v2\/product\/1090033","targetHints":{"allow":["GET"]}}],"collection":[{"href":"https:\/\/hubsch-interior.com\/de\/wp-json\/wp\/v2\/product"}],"about":[{"href":"https:\/\/hubsch-interior.com\/de\/wp-json\/wp\/v2\/types\/product"}],"wp:featuredmedia":[{"embeddable":true,"href":"https:\/\/hubsch-interior.com\/de\/wp-json\/wp\/v2\/media\/1112397"}],"wp:attachment":[{"href":"https:\/\/hubsch-interior.com\/de\/wp-json\/wp\/v2\/media?parent=1090033"}],"wp:term":[{"taxonomy":"product_brand","embeddable":true,"href":"https:\/\/hubsch-interior.com\/de\/wp-json\/wp\/v2\/product_brand?post=1090033"},{"taxonomy":"product_cat","embeddable":true,"href":"https:\/\/hubsch-interior.com\/de\/wp-json\/wp\/v2\/product_cat?post=1090033"},{"taxonomy":"product_tag","embeddable":true,"href":"https:\/\/hubsch-interior.com\/de\/wp-json\/wp\/v2\/product_tag?post=1090033"}],"curies":[{"name":"wp","href":"https:\/\/api.w.org\/{rel}","templated":true}]}}