{"id":1090093,"date":"2026-01-31T05:35:25","date_gmt":"2026-01-31T04:35:25","guid":{"rendered":"https:\/\/hubsch-interior.com\/product\/product\/"},"modified":"2026-04-02T05:28:28","modified_gmt":"2026-04-02T03:28:28","slug":"haus-esstisch-large-braun","status":"publish","type":"product","link":"https:\/\/hubsch-interior.com\/de\/produkt\/haus-esstisch-large-braun\/","title":{"rendered":"Haus Esstisch Large Braun"},"content":{"rendered":"<p>Was macht einen Tisch wirklich unvergesslich? Der Haus Esstisch \u00fcberzeugt mit St\u00e4rke, Eleganz und Charakter. Gefertigt in einem tiefen Dunkelbraun, verleiht er Ihrem Raum mit ruhiger Zuversicht eine feste Basis \u2013 robust in seiner Form, jedoch leicht genug, um ihn zu bewegen, wenn das Leben eine neue Anordnung verlangt. Klare, gerade Linien verleihen ihm einen zeitlosen Charakter, w\u00e4hrend das gro\u00dfz\u00fcgige Design Platz f\u00fcr allt\u00e4gliche Abendessen und au\u00dfergew\u00f6hnliche Momente gleicherma\u00dfen bietet. Es ist nicht nur ein Tisch \u2013 es ist der Ort, an dem Geschichten erz\u00e4hlt, Mahlzeiten geteilt und das Leben sich entfaltet.<\/p>\n","protected":false},"excerpt":{"rendered":"<p>Was macht einen Tisch wirklich unvergesslich? Der Haus Esstisch \u00fcberzeugt mit St\u00e4rke, Eleganz und Charakter. Gefertigt in einem tiefen Dunkelbraun, verleiht er Ihrem Raum mit ruhiger Zuversicht eine feste Basis \u2013 robust in seiner Form, jedoch leicht genug, um ihn zu bewegen, wenn das Leben eine neue Anordnung verlangt. Klare, gerade Linien verleihen ihm einen [&hellip;]<\/p>\n","protected":false},"featured_media":1112453,"template":"","meta":{"_acf_changed":false,"inline_featured_image":false},"product_brand":[],"product_cat":[7155,7103,5013],"product_tag":[],"class_list":{"0":"post-1090093","1":"product","2":"type-product","3":"status-publish","4":"has-post-thumbnail","6":"product_cat-dweller-de","7":"product_cat-gartentische-de","8":"product_cat-gartenmoebel-de","9":"product_shipping_class-p05","11":"pa_color-braun","12":"pa_material-aluminium-de","14":"first","15":"outofstock","16":"taxable","17":"shipping-taxable","18":"purchasable","19":"product-type-simple"},"exclude_global_add_ons":[],"addons":[],"acf":[],"yoast_head":"<!-- This site is optimized with the Yoast SEO plugin v26.4 - https:\/\/yoast.com\/wordpress\/plugins\/seo\/ -->\n<title>Haus Esstisch Large Braun - H\u00fcbsch<\/title>\n<meta name=\"description\" content=\"Was macht einen Tisch wirklich unvergesslich? Der Haus Esstisch \u00fcberzeugt mit St\u00e4rke, Eleganz und Charakter. Gefertigt in einem tiefen Dunkelbraun,\" \/>\n<meta name=\"robots\" content=\"index, follow, max-snippet:-1, max-image-preview:large, max-video-preview:-1\" \/>\n<link rel=\"canonical\" href=\"https:\/\/hubsch-interior.com\/de\/wp-json\/wp\/v2\/product\/1090093\" \/>\n<meta property=\"og:locale\" content=\"de_DE\" \/>\n<meta property=\"og:type\" content=\"article\" \/>\n<meta property=\"og:title\" content=\"Haus Esstisch Large Braun - H\u00fcbsch\" \/>\n<meta property=\"og:description\" content=\"Was macht einen Tisch wirklich unvergesslich? Der Haus Esstisch \u00fcberzeugt mit St\u00e4rke, Eleganz und Charakter. Gefertigt in einem tiefen Dunkelbraun,\" \/>\n<meta property=\"og:url\" content=\"https:\/\/hubsch-interior.com\/de\/produkt\/haus-esstisch-large-braun\/\" \/>\n<meta property=\"og:site_name\" content=\"H\u00fcbsch\" \/>\n<meta property=\"article:modified_time\" content=\"2026-04-02T03:28:28+00:00\" \/>\n<meta property=\"og:image\" content=\"https:\/\/hubsch-interior.com\/wp-content\/uploads\/2026\/01\/haus-dining-table-large-brown-7e80d545eb0c86da0390b3d79b15fd6a.jpg\" \/>\n\t<meta property=\"og:image:width\" content=\"1200\" \/>\n\t<meta property=\"og:image:height\" content=\"1200\" \/>\n\t<meta property=\"og:image:type\" content=\"image\/jpeg\" \/>\n<meta name=\"twitter:card\" content=\"summary_large_image\" \/>\n<meta name=\"twitter:label1\" content=\"Gesch\u00e4tzte Lesezeit\" \/>\n\t<meta name=\"twitter:data1\" content=\"1\u00a0Minute\" \/>\n<script type=\"application\/ld+json\" class=\"yoast-schema-graph\">{\"@context\":\"https:\/\/schema.org\",\"@graph\":[{\"@type\":\"WebPage\",\"@id\":\"https:\/\/hubsch-interior.com\/de\/produkt\/haus-esstisch-large-braun\/\",\"url\":\"https:\/\/hubsch-interior.com\/de\/produkt\/haus-esstisch-large-braun\/\",\"name\":\"Haus Esstisch Large Braun - H\u00fcbsch\",\"isPartOf\":{\"@id\":\"https:\/\/hubsch-interior.com\/de\/#website\"},\"primaryImageOfPage\":{\"@id\":\"https:\/\/hubsch-interior.com\/de\/produkt\/haus-esstisch-large-braun\/#primaryimage\"},\"image\":{\"@id\":\"https:\/\/hubsch-interior.com\/de\/produkt\/haus-esstisch-large-braun\/#primaryimage\"},\"thumbnailUrl\":\"https:\/\/hubsch-interior.com\/wp-content\/uploads\/2026\/02\/haus-dining-table-large-brown-578779cd52ebd03ac6a245240cb07022.jpg\",\"datePublished\":\"2026-01-31T04:35:25+00:00\",\"dateModified\":\"2026-04-02T03:28:28+00:00\",\"description\":\"Was macht einen Tisch wirklich unvergesslich? Der Haus Esstisch \u00fcberzeugt mit St\u00e4rke, Eleganz und Charakter. Gefertigt in einem tiefen Dunkelbraun,\",\"breadcrumb\":{\"@id\":\"https:\/\/hubsch-interior.com\/de\/produkt\/haus-esstisch-large-braun\/#breadcrumb\"},\"inLanguage\":\"de\",\"potentialAction\":[{\"@type\":\"ReadAction\",\"target\":[\"https:\/\/hubsch-interior.com\/de\/produkt\/haus-esstisch-large-braun\/\"]}]},{\"@type\":\"ImageObject\",\"inLanguage\":\"de\",\"@id\":\"https:\/\/hubsch-interior.com\/de\/produkt\/haus-esstisch-large-braun\/#primaryimage\",\"url\":\"https:\/\/hubsch-interior.com\/wp-content\/uploads\/2026\/02\/haus-dining-table-large-brown-578779cd52ebd03ac6a245240cb07022.jpg\",\"contentUrl\":\"https:\/\/hubsch-interior.com\/wp-content\/uploads\/2026\/02\/haus-dining-table-large-brown-578779cd52ebd03ac6a245240cb07022.jpg\",\"width\":1024,\"height\":1024},{\"@type\":\"BreadcrumbList\",\"@id\":\"https:\/\/hubsch-interior.com\/de\/produkt\/haus-esstisch-large-braun\/#breadcrumb\",\"itemListElement\":[{\"@type\":\"ListItem\",\"position\":1,\"name\":\"Startseite\",\"item\":\"https:\/\/hubsch-interior.com\/de\/\"},{\"@type\":\"ListItem\",\"position\":2,\"name\":\"Produkte\",\"item\":\"https:\/\/hubsch-interior.com\/de\/shop-2\/\"},{\"@type\":\"ListItem\",\"position\":3,\"name\":\"Haus Esstisch Large Braun\"}]},{\"@type\":\"WebSite\",\"@id\":\"https:\/\/hubsch-interior.com\/de\/#website\",\"url\":\"https:\/\/hubsch-interior.com\/de\/\",\"name\":\"H\u00fcbsch\",\"description\":\"Danish Home Interior and Design\",\"publisher\":{\"@id\":\"https:\/\/hubsch-interior.com\/de\/#organization\"},\"potentialAction\":[{\"@type\":\"SearchAction\",\"target\":{\"@type\":\"EntryPoint\",\"urlTemplate\":\"https:\/\/hubsch-interior.com\/de\/?s={search_term_string}\"},\"query-input\":{\"@type\":\"PropertyValueSpecification\",\"valueRequired\":true,\"valueName\":\"search_term_string\"}}],\"inLanguage\":\"de\"},{\"@type\":\"Organization\",\"@id\":\"https:\/\/hubsch-interior.com\/de\/#organization\",\"name\":\"H\u00fcbsch\",\"url\":\"https:\/\/hubsch-interior.com\/de\/\",\"logo\":{\"@type\":\"ImageObject\",\"inLanguage\":\"de\",\"@id\":\"https:\/\/hubsch-interior.com\/de\/#\/schema\/logo\/image\/\",\"url\":\"https:\/\/hubsch-interior.com\/wp-content\/uploads\/2022\/12\/Hubsch_logo_black_one_line.svg\",\"contentUrl\":\"https:\/\/hubsch-interior.com\/wp-content\/uploads\/2022\/12\/Hubsch_logo_black_one_line.svg\",\"caption\":\"H\u00fcbsch\"},\"image\":{\"@id\":\"https:\/\/hubsch-interior.com\/de\/#\/schema\/logo\/image\/\"}}]}<\/script>\n<!-- \/ Yoast SEO plugin. -->","yoast_head_json":{"title":"Haus Esstisch Large Braun - H\u00fcbsch","description":"Was macht einen Tisch wirklich unvergesslich? Der Haus Esstisch \u00fcberzeugt mit St\u00e4rke, Eleganz und Charakter. Gefertigt in einem tiefen Dunkelbraun,","robots":{"index":"index","follow":"follow","max-snippet":"max-snippet:-1","max-image-preview":"max-image-preview:large","max-video-preview":"max-video-preview:-1"},"canonical":"https:\/\/hubsch-interior.com\/de\/wp-json\/wp\/v2\/product\/1090093","og_locale":"de_DE","og_type":"article","og_title":"Haus Esstisch Large Braun - H\u00fcbsch","og_description":"Was macht einen Tisch wirklich unvergesslich? Der Haus Esstisch \u00fcberzeugt mit St\u00e4rke, Eleganz und Charakter. Gefertigt in einem tiefen Dunkelbraun,","og_url":"https:\/\/hubsch-interior.com\/de\/produkt\/haus-esstisch-large-braun\/","og_site_name":"H\u00fcbsch","article_modified_time":"2026-04-02T03:28:28+00:00","og_image":[{"width":1200,"height":1200,"url":"https:\/\/hubsch-interior.com\/wp-content\/uploads\/2026\/01\/haus-dining-table-large-brown-7e80d545eb0c86da0390b3d79b15fd6a.jpg","type":"image\/jpeg"}],"twitter_card":"summary_large_image","twitter_misc":{"Gesch\u00e4tzte Lesezeit":"1\u00a0Minute"},"schema":{"@context":"https:\/\/schema.org","@graph":[{"@type":"WebPage","@id":"https:\/\/hubsch-interior.com\/de\/produkt\/haus-esstisch-large-braun\/","url":"https:\/\/hubsch-interior.com\/de\/produkt\/haus-esstisch-large-braun\/","name":"Haus Esstisch Large Braun - H\u00fcbsch","isPartOf":{"@id":"https:\/\/hubsch-interior.com\/de\/#website"},"primaryImageOfPage":{"@id":"https:\/\/hubsch-interior.com\/de\/produkt\/haus-esstisch-large-braun\/#primaryimage"},"image":{"@id":"https:\/\/hubsch-interior.com\/de\/produkt\/haus-esstisch-large-braun\/#primaryimage"},"thumbnailUrl":"https:\/\/hubsch-interior.com\/wp-content\/uploads\/2026\/02\/haus-dining-table-large-brown-578779cd52ebd03ac6a245240cb07022.jpg","datePublished":"2026-01-31T04:35:25+00:00","dateModified":"2026-04-02T03:28:28+00:00","description":"Was macht einen Tisch wirklich unvergesslich? Der Haus Esstisch \u00fcberzeugt mit St\u00e4rke, Eleganz und Charakter. Gefertigt in einem tiefen Dunkelbraun,","breadcrumb":{"@id":"https:\/\/hubsch-interior.com\/de\/produkt\/haus-esstisch-large-braun\/#breadcrumb"},"inLanguage":"de","potentialAction":[{"@type":"ReadAction","target":["https:\/\/hubsch-interior.com\/de\/produkt\/haus-esstisch-large-braun\/"]}]},{"@type":"ImageObject","inLanguage":"de","@id":"https:\/\/hubsch-interior.com\/de\/produkt\/haus-esstisch-large-braun\/#primaryimage","url":"https:\/\/hubsch-interior.com\/wp-content\/uploads\/2026\/02\/haus-dining-table-large-brown-578779cd52ebd03ac6a245240cb07022.jpg","contentUrl":"https:\/\/hubsch-interior.com\/wp-content\/uploads\/2026\/02\/haus-dining-table-large-brown-578779cd52ebd03ac6a245240cb07022.jpg","width":1024,"height":1024},{"@type":"BreadcrumbList","@id":"https:\/\/hubsch-interior.com\/de\/produkt\/haus-esstisch-large-braun\/#breadcrumb","itemListElement":[{"@type":"ListItem","position":1,"name":"Startseite","item":"https:\/\/hubsch-interior.com\/de\/"},{"@type":"ListItem","position":2,"name":"Produkte","item":"https:\/\/hubsch-interior.com\/de\/shop-2\/"},{"@type":"ListItem","position":3,"name":"Haus Esstisch Large Braun"}]},{"@type":"WebSite","@id":"https:\/\/hubsch-interior.com\/de\/#website","url":"https:\/\/hubsch-interior.com\/de\/","name":"H\u00fcbsch","description":"Danish Home Interior and Design","publisher":{"@id":"https:\/\/hubsch-interior.com\/de\/#organization"},"potentialAction":[{"@type":"SearchAction","target":{"@type":"EntryPoint","urlTemplate":"https:\/\/hubsch-interior.com\/de\/?s={search_term_string}"},"query-input":{"@type":"PropertyValueSpecification","valueRequired":true,"valueName":"search_term_string"}}],"inLanguage":"de"},{"@type":"Organization","@id":"https:\/\/hubsch-interior.com\/de\/#organization","name":"H\u00fcbsch","url":"https:\/\/hubsch-interior.com\/de\/","logo":{"@type":"ImageObject","inLanguage":"de","@id":"https:\/\/hubsch-interior.com\/de\/#\/schema\/logo\/image\/","url":"https:\/\/hubsch-interior.com\/wp-content\/uploads\/2022\/12\/Hubsch_logo_black_one_line.svg","contentUrl":"https:\/\/hubsch-interior.com\/wp-content\/uploads\/2022\/12\/Hubsch_logo_black_one_line.svg","caption":"H\u00fcbsch"},"image":{"@id":"https:\/\/hubsch-interior.com\/de\/#\/schema\/logo\/image\/"}}]}},"_links":{"self":[{"href":"https:\/\/hubsch-interior.com\/de\/wp-json\/wp\/v2\/product\/1090093","targetHints":{"allow":["GET"]}}],"collection":[{"href":"https:\/\/hubsch-interior.com\/de\/wp-json\/wp\/v2\/product"}],"about":[{"href":"https:\/\/hubsch-interior.com\/de\/wp-json\/wp\/v2\/types\/product"}],"wp:featuredmedia":[{"embeddable":true,"href":"https:\/\/hubsch-interior.com\/de\/wp-json\/wp\/v2\/media\/1112453"}],"wp:attachment":[{"href":"https:\/\/hubsch-interior.com\/de\/wp-json\/wp\/v2\/media?parent=1090093"}],"wp:term":[{"taxonomy":"product_brand","embeddable":true,"href":"https:\/\/hubsch-interior.com\/de\/wp-json\/wp\/v2\/product_brand?post=1090093"},{"taxonomy":"product_cat","embeddable":true,"href":"https:\/\/hubsch-interior.com\/de\/wp-json\/wp\/v2\/product_cat?post=1090093"},{"taxonomy":"product_tag","embeddable":true,"href":"https:\/\/hubsch-interior.com\/de\/wp-json\/wp\/v2\/product_tag?post=1090093"}],"curies":[{"name":"wp","href":"https:\/\/api.w.org\/{rel}","templated":true}]}}