{"id":1090109,"date":"2026-01-31T05:35:36","date_gmt":"2026-01-31T04:35:36","guid":{"rendered":"https:\/\/hubsch-interior.com\/product\/product\/"},"modified":"2026-04-02T05:28:31","modified_gmt":"2026-04-02T03:28:31","slug":"haus-esstisch-small-braun","status":"publish","type":"product","link":"https:\/\/hubsch-interior.com\/de\/produkt\/haus-esstisch-small-braun\/","title":{"rendered":"Haus Esstisch Small Braun"},"content":{"rendered":"<p>Klein im Format \u2014 gro\u00df in der Ausstrahlung. Der Haus Esstisch sorgt f\u00fcr intime Eleganz beim t\u00e4glichen Essen. In einem tiefen, edlen Braun gehalten, kombiniert er eine robuste, stabile Bauweise mit einem \u00fcberraschend leichten Gef\u00fchl, was es leicht macht, Ihren Raum an das bewegte Leben anzupassen. Mit seiner klaren, geradlinigen Silhouette bereitet dieser Tisch die B\u00fchne f\u00fcr alles, von stillen Kaffeemorgen bis zu kerzenbeleuchteten Abendessen. Ein kompakter Begleiter f\u00fcr gemeinsame Mahlzeiten und bedeutungsvolle Momente.<\/p>\n","protected":false},"excerpt":{"rendered":"<p>Klein im Format \u2014 gro\u00df in der Ausstrahlung. Der Haus Esstisch sorgt f\u00fcr intime Eleganz beim t\u00e4glichen Essen. In einem tiefen, edlen Braun gehalten, kombiniert er eine robuste, stabile Bauweise mit einem \u00fcberraschend leichten Gef\u00fchl, was es leicht macht, Ihren Raum an das bewegte Leben anzupassen. Mit seiner klaren, geradlinigen Silhouette bereitet dieser Tisch die [&hellip;]<\/p>\n","protected":false},"featured_media":1112465,"template":"","meta":{"_acf_changed":false,"inline_featured_image":false},"product_brand":[],"product_cat":[7155,7103,5013],"product_tag":[],"class_list":{"0":"post-1090109","1":"product","2":"type-product","3":"status-publish","4":"has-post-thumbnail","6":"product_cat-dweller-de","7":"product_cat-gartentische-de","8":"product_cat-gartenmoebel-de","9":"product_shipping_class-pk","11":"pa_color-braun","12":"pa_material-aluminium-de","14":"first","15":"outofstock","16":"taxable","17":"shipping-taxable","18":"purchasable","19":"product-type-simple"},"exclude_global_add_ons":[],"addons":[],"acf":[],"yoast_head":"<!-- This site is optimized with the Yoast SEO plugin v26.4 - https:\/\/yoast.com\/wordpress\/plugins\/seo\/ -->\n<title>Haus Esstisch Small Braun - H\u00fcbsch<\/title>\n<meta name=\"description\" content=\"Klein im Format \u2014 gro\u00df in der Ausstrahlung. Der Haus Esstisch sorgt f\u00fcr intime Eleganz beim t\u00e4glichen Essen. In einem tiefen, edlen Braun gehalten,\" \/>\n<meta name=\"robots\" content=\"index, follow, max-snippet:-1, max-image-preview:large, max-video-preview:-1\" \/>\n<link rel=\"canonical\" href=\"https:\/\/hubsch-interior.com\/de\/wp-json\/wp\/v2\/product\/1090109\" \/>\n<meta property=\"og:locale\" content=\"de_DE\" \/>\n<meta property=\"og:type\" content=\"article\" \/>\n<meta property=\"og:title\" content=\"Haus Esstisch Small Braun - H\u00fcbsch\" \/>\n<meta property=\"og:description\" content=\"Klein im Format \u2014 gro\u00df in der Ausstrahlung. Der Haus Esstisch sorgt f\u00fcr intime Eleganz beim t\u00e4glichen Essen. In einem tiefen, edlen Braun gehalten,\" \/>\n<meta property=\"og:url\" content=\"https:\/\/hubsch-interior.com\/de\/produkt\/haus-esstisch-small-braun\/\" \/>\n<meta property=\"og:site_name\" content=\"H\u00fcbsch\" \/>\n<meta property=\"article:modified_time\" content=\"2026-04-02T03:28:31+00:00\" \/>\n<meta property=\"og:image\" content=\"https:\/\/hubsch-interior.com\/wp-content\/uploads\/2026\/01\/haus-dining-table-small-brown-d528a942ea4961a613bb455ef72cfb02.jpg\" \/>\n\t<meta property=\"og:image:width\" content=\"1200\" \/>\n\t<meta property=\"og:image:height\" content=\"1200\" \/>\n\t<meta property=\"og:image:type\" content=\"image\/jpeg\" \/>\n<meta name=\"twitter:card\" content=\"summary_large_image\" \/>\n<script type=\"application\/ld+json\" class=\"yoast-schema-graph\">{\"@context\":\"https:\/\/schema.org\",\"@graph\":[{\"@type\":\"WebPage\",\"@id\":\"https:\/\/hubsch-interior.com\/de\/produkt\/haus-esstisch-small-braun\/\",\"url\":\"https:\/\/hubsch-interior.com\/de\/produkt\/haus-esstisch-small-braun\/\",\"name\":\"Haus Esstisch Small Braun - H\u00fcbsch\",\"isPartOf\":{\"@id\":\"https:\/\/hubsch-interior.com\/de\/#website\"},\"primaryImageOfPage\":{\"@id\":\"https:\/\/hubsch-interior.com\/de\/produkt\/haus-esstisch-small-braun\/#primaryimage\"},\"image\":{\"@id\":\"https:\/\/hubsch-interior.com\/de\/produkt\/haus-esstisch-small-braun\/#primaryimage\"},\"thumbnailUrl\":\"https:\/\/hubsch-interior.com\/wp-content\/uploads\/2026\/02\/haus-dining-table-small-brown-7c85904eedfd4dcebb428b449a38e48c.jpg\",\"datePublished\":\"2026-01-31T04:35:36+00:00\",\"dateModified\":\"2026-04-02T03:28:31+00:00\",\"description\":\"Klein im Format \u2014 gro\u00df in der Ausstrahlung. Der Haus Esstisch sorgt f\u00fcr intime Eleganz beim t\u00e4glichen Essen. In einem tiefen, edlen Braun gehalten,\",\"breadcrumb\":{\"@id\":\"https:\/\/hubsch-interior.com\/de\/produkt\/haus-esstisch-small-braun\/#breadcrumb\"},\"inLanguage\":\"de\",\"potentialAction\":[{\"@type\":\"ReadAction\",\"target\":[\"https:\/\/hubsch-interior.com\/de\/produkt\/haus-esstisch-small-braun\/\"]}]},{\"@type\":\"ImageObject\",\"inLanguage\":\"de\",\"@id\":\"https:\/\/hubsch-interior.com\/de\/produkt\/haus-esstisch-small-braun\/#primaryimage\",\"url\":\"https:\/\/hubsch-interior.com\/wp-content\/uploads\/2026\/02\/haus-dining-table-small-brown-7c85904eedfd4dcebb428b449a38e48c.jpg\",\"contentUrl\":\"https:\/\/hubsch-interior.com\/wp-content\/uploads\/2026\/02\/haus-dining-table-small-brown-7c85904eedfd4dcebb428b449a38e48c.jpg\",\"width\":1024,\"height\":1024},{\"@type\":\"BreadcrumbList\",\"@id\":\"https:\/\/hubsch-interior.com\/de\/produkt\/haus-esstisch-small-braun\/#breadcrumb\",\"itemListElement\":[{\"@type\":\"ListItem\",\"position\":1,\"name\":\"Startseite\",\"item\":\"https:\/\/hubsch-interior.com\/de\/\"},{\"@type\":\"ListItem\",\"position\":2,\"name\":\"Produkte\",\"item\":\"https:\/\/hubsch-interior.com\/de\/shop-2\/\"},{\"@type\":\"ListItem\",\"position\":3,\"name\":\"Haus Esstisch Small Braun\"}]},{\"@type\":\"WebSite\",\"@id\":\"https:\/\/hubsch-interior.com\/de\/#website\",\"url\":\"https:\/\/hubsch-interior.com\/de\/\",\"name\":\"H\u00fcbsch\",\"description\":\"Danish Home Interior and Design\",\"publisher\":{\"@id\":\"https:\/\/hubsch-interior.com\/de\/#organization\"},\"potentialAction\":[{\"@type\":\"SearchAction\",\"target\":{\"@type\":\"EntryPoint\",\"urlTemplate\":\"https:\/\/hubsch-interior.com\/de\/?s={search_term_string}\"},\"query-input\":{\"@type\":\"PropertyValueSpecification\",\"valueRequired\":true,\"valueName\":\"search_term_string\"}}],\"inLanguage\":\"de\"},{\"@type\":\"Organization\",\"@id\":\"https:\/\/hubsch-interior.com\/de\/#organization\",\"name\":\"H\u00fcbsch\",\"url\":\"https:\/\/hubsch-interior.com\/de\/\",\"logo\":{\"@type\":\"ImageObject\",\"inLanguage\":\"de\",\"@id\":\"https:\/\/hubsch-interior.com\/de\/#\/schema\/logo\/image\/\",\"url\":\"https:\/\/hubsch-interior.com\/wp-content\/uploads\/2022\/12\/Hubsch_logo_black_one_line.svg\",\"contentUrl\":\"https:\/\/hubsch-interior.com\/wp-content\/uploads\/2022\/12\/Hubsch_logo_black_one_line.svg\",\"caption\":\"H\u00fcbsch\"},\"image\":{\"@id\":\"https:\/\/hubsch-interior.com\/de\/#\/schema\/logo\/image\/\"}}]}<\/script>\n<!-- \/ Yoast SEO plugin. -->","yoast_head_json":{"title":"Haus Esstisch Small Braun - H\u00fcbsch","description":"Klein im Format \u2014 gro\u00df in der Ausstrahlung. Der Haus Esstisch sorgt f\u00fcr intime Eleganz beim t\u00e4glichen Essen. In einem tiefen, edlen Braun gehalten,","robots":{"index":"index","follow":"follow","max-snippet":"max-snippet:-1","max-image-preview":"max-image-preview:large","max-video-preview":"max-video-preview:-1"},"canonical":"https:\/\/hubsch-interior.com\/de\/wp-json\/wp\/v2\/product\/1090109","og_locale":"de_DE","og_type":"article","og_title":"Haus Esstisch Small Braun - H\u00fcbsch","og_description":"Klein im Format \u2014 gro\u00df in der Ausstrahlung. Der Haus Esstisch sorgt f\u00fcr intime Eleganz beim t\u00e4glichen Essen. In einem tiefen, edlen Braun gehalten,","og_url":"https:\/\/hubsch-interior.com\/de\/produkt\/haus-esstisch-small-braun\/","og_site_name":"H\u00fcbsch","article_modified_time":"2026-04-02T03:28:31+00:00","og_image":[{"width":1200,"height":1200,"url":"https:\/\/hubsch-interior.com\/wp-content\/uploads\/2026\/01\/haus-dining-table-small-brown-d528a942ea4961a613bb455ef72cfb02.jpg","type":"image\/jpeg"}],"twitter_card":"summary_large_image","schema":{"@context":"https:\/\/schema.org","@graph":[{"@type":"WebPage","@id":"https:\/\/hubsch-interior.com\/de\/produkt\/haus-esstisch-small-braun\/","url":"https:\/\/hubsch-interior.com\/de\/produkt\/haus-esstisch-small-braun\/","name":"Haus Esstisch Small Braun - H\u00fcbsch","isPartOf":{"@id":"https:\/\/hubsch-interior.com\/de\/#website"},"primaryImageOfPage":{"@id":"https:\/\/hubsch-interior.com\/de\/produkt\/haus-esstisch-small-braun\/#primaryimage"},"image":{"@id":"https:\/\/hubsch-interior.com\/de\/produkt\/haus-esstisch-small-braun\/#primaryimage"},"thumbnailUrl":"https:\/\/hubsch-interior.com\/wp-content\/uploads\/2026\/02\/haus-dining-table-small-brown-7c85904eedfd4dcebb428b449a38e48c.jpg","datePublished":"2026-01-31T04:35:36+00:00","dateModified":"2026-04-02T03:28:31+00:00","description":"Klein im Format \u2014 gro\u00df in der Ausstrahlung. Der Haus Esstisch sorgt f\u00fcr intime Eleganz beim t\u00e4glichen Essen. In einem tiefen, edlen Braun gehalten,","breadcrumb":{"@id":"https:\/\/hubsch-interior.com\/de\/produkt\/haus-esstisch-small-braun\/#breadcrumb"},"inLanguage":"de","potentialAction":[{"@type":"ReadAction","target":["https:\/\/hubsch-interior.com\/de\/produkt\/haus-esstisch-small-braun\/"]}]},{"@type":"ImageObject","inLanguage":"de","@id":"https:\/\/hubsch-interior.com\/de\/produkt\/haus-esstisch-small-braun\/#primaryimage","url":"https:\/\/hubsch-interior.com\/wp-content\/uploads\/2026\/02\/haus-dining-table-small-brown-7c85904eedfd4dcebb428b449a38e48c.jpg","contentUrl":"https:\/\/hubsch-interior.com\/wp-content\/uploads\/2026\/02\/haus-dining-table-small-brown-7c85904eedfd4dcebb428b449a38e48c.jpg","width":1024,"height":1024},{"@type":"BreadcrumbList","@id":"https:\/\/hubsch-interior.com\/de\/produkt\/haus-esstisch-small-braun\/#breadcrumb","itemListElement":[{"@type":"ListItem","position":1,"name":"Startseite","item":"https:\/\/hubsch-interior.com\/de\/"},{"@type":"ListItem","position":2,"name":"Produkte","item":"https:\/\/hubsch-interior.com\/de\/shop-2\/"},{"@type":"ListItem","position":3,"name":"Haus Esstisch Small Braun"}]},{"@type":"WebSite","@id":"https:\/\/hubsch-interior.com\/de\/#website","url":"https:\/\/hubsch-interior.com\/de\/","name":"H\u00fcbsch","description":"Danish Home Interior and Design","publisher":{"@id":"https:\/\/hubsch-interior.com\/de\/#organization"},"potentialAction":[{"@type":"SearchAction","target":{"@type":"EntryPoint","urlTemplate":"https:\/\/hubsch-interior.com\/de\/?s={search_term_string}"},"query-input":{"@type":"PropertyValueSpecification","valueRequired":true,"valueName":"search_term_string"}}],"inLanguage":"de"},{"@type":"Organization","@id":"https:\/\/hubsch-interior.com\/de\/#organization","name":"H\u00fcbsch","url":"https:\/\/hubsch-interior.com\/de\/","logo":{"@type":"ImageObject","inLanguage":"de","@id":"https:\/\/hubsch-interior.com\/de\/#\/schema\/logo\/image\/","url":"https:\/\/hubsch-interior.com\/wp-content\/uploads\/2022\/12\/Hubsch_logo_black_one_line.svg","contentUrl":"https:\/\/hubsch-interior.com\/wp-content\/uploads\/2022\/12\/Hubsch_logo_black_one_line.svg","caption":"H\u00fcbsch"},"image":{"@id":"https:\/\/hubsch-interior.com\/de\/#\/schema\/logo\/image\/"}}]}},"_links":{"self":[{"href":"https:\/\/hubsch-interior.com\/de\/wp-json\/wp\/v2\/product\/1090109","targetHints":{"allow":["GET"]}}],"collection":[{"href":"https:\/\/hubsch-interior.com\/de\/wp-json\/wp\/v2\/product"}],"about":[{"href":"https:\/\/hubsch-interior.com\/de\/wp-json\/wp\/v2\/types\/product"}],"wp:featuredmedia":[{"embeddable":true,"href":"https:\/\/hubsch-interior.com\/de\/wp-json\/wp\/v2\/media\/1112465"}],"wp:attachment":[{"href":"https:\/\/hubsch-interior.com\/de\/wp-json\/wp\/v2\/media?parent=1090109"}],"wp:term":[{"taxonomy":"product_brand","embeddable":true,"href":"https:\/\/hubsch-interior.com\/de\/wp-json\/wp\/v2\/product_brand?post=1090109"},{"taxonomy":"product_cat","embeddable":true,"href":"https:\/\/hubsch-interior.com\/de\/wp-json\/wp\/v2\/product_cat?post=1090109"},{"taxonomy":"product_tag","embeddable":true,"href":"https:\/\/hubsch-interior.com\/de\/wp-json\/wp\/v2\/product_tag?post=1090109"}],"curies":[{"name":"wp","href":"https:\/\/api.w.org\/{rel}","templated":true}]}}