{"id":1090149,"date":"2026-01-31T05:36:00","date_gmt":"2026-01-31T04:36:00","guid":{"rendered":"https:\/\/hubsch-interior.com\/product\/product\/"},"modified":"2026-04-02T05:28:39","modified_gmt":"2026-04-02T03:28:39","slug":"haus-loungestuhl-beige","status":"publish","type":"product","link":"https:\/\/hubsch-interior.com\/de\/produkt\/haus-loungestuhl-beige\/","title":{"rendered":"Haus Loungestuhl Beige"},"content":{"rendered":"<p>Wenn die Form so ruhig ist, folgt der Komfort. Der Haus Loungestuhl in weichem, hellem Beige bringt Gelassenheit in Ihren Raum, unterstrichen durch ton-in-ton sandfarbene Kissen und klare gerade Linien. Obwohl stark und st\u00fctzend, ist er \u00fcberraschend leicht und l\u00e4sst sich leicht umpositionieren, passend zu jeder Stimmung oder Situation. Ein stiller Begleiter f\u00fcr gem\u00e4chliche Morgenstunden oder zum Entspannen am Abend \u2013 dieser Stuhl passt nicht nur in Ihr Zuhause, er hebt die Kunst, sich einen Moment f\u00fcr sich selbst zu g\u00f6nnen, auf eine neue Ebene.<\/p>\n","protected":false},"excerpt":{"rendered":"<p>Wenn die Form so ruhig ist, folgt der Komfort. Der Haus Loungestuhl in weichem, hellem Beige bringt Gelassenheit in Ihren Raum, unterstrichen durch ton-in-ton sandfarbene Kissen und klare gerade Linien. Obwohl stark und st\u00fctzend, ist er \u00fcberraschend leicht und l\u00e4sst sich leicht umpositionieren, passend zu jeder Stimmung oder Situation. Ein stiller Begleiter f\u00fcr gem\u00e4chliche Morgenstunden [&hellip;]<\/p>\n","protected":false},"featured_media":1112501,"template":"","meta":{"_acf_changed":false,"inline_featured_image":false},"product_brand":[],"product_cat":[7155,7099,5013],"product_tag":[],"class_list":{"0":"post-1090149","1":"product","2":"type-product","3":"status-publish","4":"has-post-thumbnail","6":"product_cat-dweller-de","7":"product_cat-gartenstuehle-de","8":"product_cat-gartenmoebel-de","9":"product_shipping_class-pk","11":"pa_color-beige-4","12":"pa_material-aluminium-de","13":"pa_material-olefin-3","15":"first","16":"outofstock","17":"taxable","18":"shipping-taxable","19":"purchasable","20":"product-type-simple"},"exclude_global_add_ons":[],"addons":[],"acf":[],"yoast_head":"<!-- This site is optimized with the Yoast SEO plugin v26.4 - https:\/\/yoast.com\/wordpress\/plugins\/seo\/ -->\n<title>Haus Loungestuhl Beige - H\u00fcbsch<\/title>\n<meta name=\"description\" content=\"Wenn die Form so ruhig ist, folgt der Komfort. Der Haus Loungestuhl in weichem, hellem Beige bringt Gelassenheit in Ihren Raum, unterstrichen durch\" \/>\n<meta name=\"robots\" content=\"index, follow, max-snippet:-1, max-image-preview:large, max-video-preview:-1\" \/>\n<link rel=\"canonical\" href=\"https:\/\/hubsch-interior.com\/de\/wp-json\/wp\/v2\/product\/1090149\" \/>\n<meta property=\"og:locale\" content=\"de_DE\" \/>\n<meta property=\"og:type\" content=\"article\" \/>\n<meta property=\"og:title\" content=\"Haus Loungestuhl Beige - H\u00fcbsch\" \/>\n<meta property=\"og:description\" content=\"Wenn die Form so ruhig ist, folgt der Komfort. Der Haus Loungestuhl in weichem, hellem Beige bringt Gelassenheit in Ihren Raum, unterstrichen durch\" \/>\n<meta property=\"og:url\" content=\"https:\/\/hubsch-interior.com\/de\/produkt\/haus-loungestuhl-beige\/\" \/>\n<meta property=\"og:site_name\" content=\"H\u00fcbsch\" \/>\n<meta property=\"article:modified_time\" content=\"2026-04-02T03:28:39+00:00\" \/>\n<meta property=\"og:image\" content=\"https:\/\/hubsch-interior.com\/wp-content\/uploads\/2026\/01\/haus-lounge-chair-beige-d18bee75e12c916190514c1c716e0afc.jpg\" \/>\n\t<meta property=\"og:image:width\" content=\"1200\" \/>\n\t<meta property=\"og:image:height\" content=\"1200\" \/>\n\t<meta property=\"og:image:type\" content=\"image\/jpeg\" \/>\n<meta name=\"twitter:card\" content=\"summary_large_image\" \/>\n<script type=\"application\/ld+json\" class=\"yoast-schema-graph\">{\"@context\":\"https:\/\/schema.org\",\"@graph\":[{\"@type\":\"WebPage\",\"@id\":\"https:\/\/hubsch-interior.com\/de\/produkt\/haus-loungestuhl-beige\/\",\"url\":\"https:\/\/hubsch-interior.com\/de\/produkt\/haus-loungestuhl-beige\/\",\"name\":\"Haus Loungestuhl Beige - H\u00fcbsch\",\"isPartOf\":{\"@id\":\"https:\/\/hubsch-interior.com\/de\/#website\"},\"primaryImageOfPage\":{\"@id\":\"https:\/\/hubsch-interior.com\/de\/produkt\/haus-loungestuhl-beige\/#primaryimage\"},\"image\":{\"@id\":\"https:\/\/hubsch-interior.com\/de\/produkt\/haus-loungestuhl-beige\/#primaryimage\"},\"thumbnailUrl\":\"https:\/\/hubsch-interior.com\/wp-content\/uploads\/2026\/02\/haus-lounge-chair-beige-af5eefdc9386724d43f676559396dd3b.jpg\",\"datePublished\":\"2026-01-31T04:36:00+00:00\",\"dateModified\":\"2026-04-02T03:28:39+00:00\",\"description\":\"Wenn die Form so ruhig ist, folgt der Komfort. Der Haus Loungestuhl in weichem, hellem Beige bringt Gelassenheit in Ihren Raum, unterstrichen durch\",\"breadcrumb\":{\"@id\":\"https:\/\/hubsch-interior.com\/de\/produkt\/haus-loungestuhl-beige\/#breadcrumb\"},\"inLanguage\":\"de\",\"potentialAction\":[{\"@type\":\"ReadAction\",\"target\":[\"https:\/\/hubsch-interior.com\/de\/produkt\/haus-loungestuhl-beige\/\"]}]},{\"@type\":\"ImageObject\",\"inLanguage\":\"de\",\"@id\":\"https:\/\/hubsch-interior.com\/de\/produkt\/haus-loungestuhl-beige\/#primaryimage\",\"url\":\"https:\/\/hubsch-interior.com\/wp-content\/uploads\/2026\/02\/haus-lounge-chair-beige-af5eefdc9386724d43f676559396dd3b.jpg\",\"contentUrl\":\"https:\/\/hubsch-interior.com\/wp-content\/uploads\/2026\/02\/haus-lounge-chair-beige-af5eefdc9386724d43f676559396dd3b.jpg\",\"width\":1024,\"height\":1024},{\"@type\":\"BreadcrumbList\",\"@id\":\"https:\/\/hubsch-interior.com\/de\/produkt\/haus-loungestuhl-beige\/#breadcrumb\",\"itemListElement\":[{\"@type\":\"ListItem\",\"position\":1,\"name\":\"Startseite\",\"item\":\"https:\/\/hubsch-interior.com\/de\/\"},{\"@type\":\"ListItem\",\"position\":2,\"name\":\"Produkte\",\"item\":\"https:\/\/hubsch-interior.com\/de\/shop-2\/\"},{\"@type\":\"ListItem\",\"position\":3,\"name\":\"Haus Loungestuhl Beige\"}]},{\"@type\":\"WebSite\",\"@id\":\"https:\/\/hubsch-interior.com\/de\/#website\",\"url\":\"https:\/\/hubsch-interior.com\/de\/\",\"name\":\"H\u00fcbsch\",\"description\":\"Danish Home Interior and Design\",\"publisher\":{\"@id\":\"https:\/\/hubsch-interior.com\/de\/#organization\"},\"potentialAction\":[{\"@type\":\"SearchAction\",\"target\":{\"@type\":\"EntryPoint\",\"urlTemplate\":\"https:\/\/hubsch-interior.com\/de\/?s={search_term_string}\"},\"query-input\":{\"@type\":\"PropertyValueSpecification\",\"valueRequired\":true,\"valueName\":\"search_term_string\"}}],\"inLanguage\":\"de\"},{\"@type\":\"Organization\",\"@id\":\"https:\/\/hubsch-interior.com\/de\/#organization\",\"name\":\"H\u00fcbsch\",\"url\":\"https:\/\/hubsch-interior.com\/de\/\",\"logo\":{\"@type\":\"ImageObject\",\"inLanguage\":\"de\",\"@id\":\"https:\/\/hubsch-interior.com\/de\/#\/schema\/logo\/image\/\",\"url\":\"https:\/\/hubsch-interior.com\/wp-content\/uploads\/2022\/12\/Hubsch_logo_black_one_line.svg\",\"contentUrl\":\"https:\/\/hubsch-interior.com\/wp-content\/uploads\/2022\/12\/Hubsch_logo_black_one_line.svg\",\"caption\":\"H\u00fcbsch\"},\"image\":{\"@id\":\"https:\/\/hubsch-interior.com\/de\/#\/schema\/logo\/image\/\"}}]}<\/script>\n<!-- \/ Yoast SEO plugin. -->","yoast_head_json":{"title":"Haus Loungestuhl Beige - H\u00fcbsch","description":"Wenn die Form so ruhig ist, folgt der Komfort. Der Haus Loungestuhl in weichem, hellem Beige bringt Gelassenheit in Ihren Raum, unterstrichen durch","robots":{"index":"index","follow":"follow","max-snippet":"max-snippet:-1","max-image-preview":"max-image-preview:large","max-video-preview":"max-video-preview:-1"},"canonical":"https:\/\/hubsch-interior.com\/de\/wp-json\/wp\/v2\/product\/1090149","og_locale":"de_DE","og_type":"article","og_title":"Haus Loungestuhl Beige - H\u00fcbsch","og_description":"Wenn die Form so ruhig ist, folgt der Komfort. Der Haus Loungestuhl in weichem, hellem Beige bringt Gelassenheit in Ihren Raum, unterstrichen durch","og_url":"https:\/\/hubsch-interior.com\/de\/produkt\/haus-loungestuhl-beige\/","og_site_name":"H\u00fcbsch","article_modified_time":"2026-04-02T03:28:39+00:00","og_image":[{"width":1200,"height":1200,"url":"https:\/\/hubsch-interior.com\/wp-content\/uploads\/2026\/01\/haus-lounge-chair-beige-d18bee75e12c916190514c1c716e0afc.jpg","type":"image\/jpeg"}],"twitter_card":"summary_large_image","schema":{"@context":"https:\/\/schema.org","@graph":[{"@type":"WebPage","@id":"https:\/\/hubsch-interior.com\/de\/produkt\/haus-loungestuhl-beige\/","url":"https:\/\/hubsch-interior.com\/de\/produkt\/haus-loungestuhl-beige\/","name":"Haus Loungestuhl Beige - H\u00fcbsch","isPartOf":{"@id":"https:\/\/hubsch-interior.com\/de\/#website"},"primaryImageOfPage":{"@id":"https:\/\/hubsch-interior.com\/de\/produkt\/haus-loungestuhl-beige\/#primaryimage"},"image":{"@id":"https:\/\/hubsch-interior.com\/de\/produkt\/haus-loungestuhl-beige\/#primaryimage"},"thumbnailUrl":"https:\/\/hubsch-interior.com\/wp-content\/uploads\/2026\/02\/haus-lounge-chair-beige-af5eefdc9386724d43f676559396dd3b.jpg","datePublished":"2026-01-31T04:36:00+00:00","dateModified":"2026-04-02T03:28:39+00:00","description":"Wenn die Form so ruhig ist, folgt der Komfort. Der Haus Loungestuhl in weichem, hellem Beige bringt Gelassenheit in Ihren Raum, unterstrichen durch","breadcrumb":{"@id":"https:\/\/hubsch-interior.com\/de\/produkt\/haus-loungestuhl-beige\/#breadcrumb"},"inLanguage":"de","potentialAction":[{"@type":"ReadAction","target":["https:\/\/hubsch-interior.com\/de\/produkt\/haus-loungestuhl-beige\/"]}]},{"@type":"ImageObject","inLanguage":"de","@id":"https:\/\/hubsch-interior.com\/de\/produkt\/haus-loungestuhl-beige\/#primaryimage","url":"https:\/\/hubsch-interior.com\/wp-content\/uploads\/2026\/02\/haus-lounge-chair-beige-af5eefdc9386724d43f676559396dd3b.jpg","contentUrl":"https:\/\/hubsch-interior.com\/wp-content\/uploads\/2026\/02\/haus-lounge-chair-beige-af5eefdc9386724d43f676559396dd3b.jpg","width":1024,"height":1024},{"@type":"BreadcrumbList","@id":"https:\/\/hubsch-interior.com\/de\/produkt\/haus-loungestuhl-beige\/#breadcrumb","itemListElement":[{"@type":"ListItem","position":1,"name":"Startseite","item":"https:\/\/hubsch-interior.com\/de\/"},{"@type":"ListItem","position":2,"name":"Produkte","item":"https:\/\/hubsch-interior.com\/de\/shop-2\/"},{"@type":"ListItem","position":3,"name":"Haus Loungestuhl Beige"}]},{"@type":"WebSite","@id":"https:\/\/hubsch-interior.com\/de\/#website","url":"https:\/\/hubsch-interior.com\/de\/","name":"H\u00fcbsch","description":"Danish Home Interior and Design","publisher":{"@id":"https:\/\/hubsch-interior.com\/de\/#organization"},"potentialAction":[{"@type":"SearchAction","target":{"@type":"EntryPoint","urlTemplate":"https:\/\/hubsch-interior.com\/de\/?s={search_term_string}"},"query-input":{"@type":"PropertyValueSpecification","valueRequired":true,"valueName":"search_term_string"}}],"inLanguage":"de"},{"@type":"Organization","@id":"https:\/\/hubsch-interior.com\/de\/#organization","name":"H\u00fcbsch","url":"https:\/\/hubsch-interior.com\/de\/","logo":{"@type":"ImageObject","inLanguage":"de","@id":"https:\/\/hubsch-interior.com\/de\/#\/schema\/logo\/image\/","url":"https:\/\/hubsch-interior.com\/wp-content\/uploads\/2022\/12\/Hubsch_logo_black_one_line.svg","contentUrl":"https:\/\/hubsch-interior.com\/wp-content\/uploads\/2022\/12\/Hubsch_logo_black_one_line.svg","caption":"H\u00fcbsch"},"image":{"@id":"https:\/\/hubsch-interior.com\/de\/#\/schema\/logo\/image\/"}}]}},"_links":{"self":[{"href":"https:\/\/hubsch-interior.com\/de\/wp-json\/wp\/v2\/product\/1090149","targetHints":{"allow":["GET"]}}],"collection":[{"href":"https:\/\/hubsch-interior.com\/de\/wp-json\/wp\/v2\/product"}],"about":[{"href":"https:\/\/hubsch-interior.com\/de\/wp-json\/wp\/v2\/types\/product"}],"wp:featuredmedia":[{"embeddable":true,"href":"https:\/\/hubsch-interior.com\/de\/wp-json\/wp\/v2\/media\/1112501"}],"wp:attachment":[{"href":"https:\/\/hubsch-interior.com\/de\/wp-json\/wp\/v2\/media?parent=1090149"}],"wp:term":[{"taxonomy":"product_brand","embeddable":true,"href":"https:\/\/hubsch-interior.com\/de\/wp-json\/wp\/v2\/product_brand?post=1090149"},{"taxonomy":"product_cat","embeddable":true,"href":"https:\/\/hubsch-interior.com\/de\/wp-json\/wp\/v2\/product_cat?post=1090149"},{"taxonomy":"product_tag","embeddable":true,"href":"https:\/\/hubsch-interior.com\/de\/wp-json\/wp\/v2\/product_tag?post=1090149"}],"curies":[{"name":"wp","href":"https:\/\/api.w.org\/{rel}","templated":true}]}}