{"id":1090161,"date":"2026-01-31T05:36:12","date_gmt":"2026-01-31T04:36:12","guid":{"rendered":"https:\/\/hubsch-interior.com\/product\/product\/"},"modified":"2026-04-02T05:28:42","modified_gmt":"2026-04-02T03:28:42","slug":"haus-hocker-beige","status":"publish","type":"product","link":"https:\/\/hubsch-interior.com\/de\/produkt\/haus-hocker-beige\/","title":{"rendered":"Haus Hocker Beige"},"content":{"rendered":"<p>Ein dezenter Blickfang, egal wo Sie ihn platzieren. Der Haus Hocker in hellem Beige kombiniert ruhige gerade Linien mit sanft get\u00f6nten Sandkissen f\u00fcr ein m\u00fchelos beruhigendes Aussehen. Obwohl er leicht wirkt, bietet er eine starke und stabile Sitzgelegenheit \u2013 perfekt als Sitzgelegenheit, Fu\u00dfst\u00fctze oder skulpturales Accessoire. Ob unter einem Tisch verstaut oder alleine stilvoll pr\u00e4sentiert, bringt er einen sanften Rhythmus und ausgeglichene Eleganz in Ihre allt\u00e4glichen R\u00e4ume.<\/p>\n","protected":false},"excerpt":{"rendered":"<p>Ein dezenter Blickfang, egal wo Sie ihn platzieren. Der Haus Hocker in hellem Beige kombiniert ruhige gerade Linien mit sanft get\u00f6nten Sandkissen f\u00fcr ein m\u00fchelos beruhigendes Aussehen. Obwohl er leicht wirkt, bietet er eine starke und stabile Sitzgelegenheit \u2013 perfekt als Sitzgelegenheit, Fu\u00dfst\u00fctze oder skulpturales Accessoire. Ob unter einem Tisch verstaut oder alleine stilvoll pr\u00e4sentiert, [&hellip;]<\/p>\n","protected":false},"featured_media":1112517,"template":"","meta":{"_acf_changed":false,"inline_featured_image":false},"product_brand":[],"product_cat":[7155,7099,5013],"product_tag":[],"class_list":{"0":"post-1090161","1":"product","2":"type-product","3":"status-publish","4":"has-post-thumbnail","6":"product_cat-dweller-de","7":"product_cat-gartenstuehle-de","8":"product_cat-gartenmoebel-de","9":"product_shipping_class-pk","11":"pa_color-beige-4","12":"pa_material-aluminium-de","13":"pa_material-olefin-3","15":"first","16":"outofstock","17":"taxable","18":"shipping-taxable","19":"purchasable","20":"product-type-simple"},"exclude_global_add_ons":[],"addons":[],"acf":[],"yoast_head":"<!-- This site is optimized with the Yoast SEO plugin v26.4 - https:\/\/yoast.com\/wordpress\/plugins\/seo\/ -->\n<title>Haus Hocker Beige - H\u00fcbsch<\/title>\n<meta name=\"description\" content=\"Ein dezenter Blickfang, egal wo Sie ihn platzieren. Der Haus Hocker in hellem Beige kombiniert ruhige gerade Linien mit sanft get\u00f6nten Sandkissen f\u00fcr ein\" \/>\n<meta name=\"robots\" content=\"index, follow, max-snippet:-1, max-image-preview:large, max-video-preview:-1\" \/>\n<link rel=\"canonical\" href=\"https:\/\/hubsch-interior.com\/de\/wp-json\/wp\/v2\/product\/1090161\" \/>\n<meta property=\"og:locale\" content=\"de_DE\" \/>\n<meta property=\"og:type\" content=\"article\" \/>\n<meta property=\"og:title\" content=\"Haus Hocker Beige - H\u00fcbsch\" \/>\n<meta property=\"og:description\" content=\"Ein dezenter Blickfang, egal wo Sie ihn platzieren. Der Haus Hocker in hellem Beige kombiniert ruhige gerade Linien mit sanft get\u00f6nten Sandkissen f\u00fcr ein\" \/>\n<meta property=\"og:url\" content=\"https:\/\/hubsch-interior.com\/de\/produkt\/haus-hocker-beige\/\" \/>\n<meta property=\"og:site_name\" content=\"H\u00fcbsch\" \/>\n<meta property=\"article:modified_time\" content=\"2026-04-02T03:28:42+00:00\" \/>\n<meta property=\"og:image\" content=\"https:\/\/hubsch-interior.com\/wp-content\/uploads\/2026\/01\/haus-stool-beige-b617c1b2c4cedb3d82a09cebb61fabac.jpg\" \/>\n\t<meta property=\"og:image:width\" content=\"1200\" \/>\n\t<meta property=\"og:image:height\" content=\"1200\" \/>\n\t<meta property=\"og:image:type\" content=\"image\/jpeg\" \/>\n<meta name=\"twitter:card\" content=\"summary_large_image\" \/>\n<script type=\"application\/ld+json\" class=\"yoast-schema-graph\">{\"@context\":\"https:\/\/schema.org\",\"@graph\":[{\"@type\":\"WebPage\",\"@id\":\"https:\/\/hubsch-interior.com\/de\/produkt\/haus-hocker-beige\/\",\"url\":\"https:\/\/hubsch-interior.com\/de\/produkt\/haus-hocker-beige\/\",\"name\":\"Haus Hocker Beige - H\u00fcbsch\",\"isPartOf\":{\"@id\":\"https:\/\/hubsch-interior.com\/de\/#website\"},\"primaryImageOfPage\":{\"@id\":\"https:\/\/hubsch-interior.com\/de\/produkt\/haus-hocker-beige\/#primaryimage\"},\"image\":{\"@id\":\"https:\/\/hubsch-interior.com\/de\/produkt\/haus-hocker-beige\/#primaryimage\"},\"thumbnailUrl\":\"https:\/\/hubsch-interior.com\/wp-content\/uploads\/2026\/02\/haus-stool-beige-cd1d4fa0fa118c4dfdaba6f5086e4043.jpg\",\"datePublished\":\"2026-01-31T04:36:12+00:00\",\"dateModified\":\"2026-04-02T03:28:42+00:00\",\"description\":\"Ein dezenter Blickfang, egal wo Sie ihn platzieren. Der Haus Hocker in hellem Beige kombiniert ruhige gerade Linien mit sanft get\u00f6nten Sandkissen f\u00fcr ein\",\"breadcrumb\":{\"@id\":\"https:\/\/hubsch-interior.com\/de\/produkt\/haus-hocker-beige\/#breadcrumb\"},\"inLanguage\":\"de\",\"potentialAction\":[{\"@type\":\"ReadAction\",\"target\":[\"https:\/\/hubsch-interior.com\/de\/produkt\/haus-hocker-beige\/\"]}]},{\"@type\":\"ImageObject\",\"inLanguage\":\"de\",\"@id\":\"https:\/\/hubsch-interior.com\/de\/produkt\/haus-hocker-beige\/#primaryimage\",\"url\":\"https:\/\/hubsch-interior.com\/wp-content\/uploads\/2026\/02\/haus-stool-beige-cd1d4fa0fa118c4dfdaba6f5086e4043.jpg\",\"contentUrl\":\"https:\/\/hubsch-interior.com\/wp-content\/uploads\/2026\/02\/haus-stool-beige-cd1d4fa0fa118c4dfdaba6f5086e4043.jpg\",\"width\":1024,\"height\":1024},{\"@type\":\"BreadcrumbList\",\"@id\":\"https:\/\/hubsch-interior.com\/de\/produkt\/haus-hocker-beige\/#breadcrumb\",\"itemListElement\":[{\"@type\":\"ListItem\",\"position\":1,\"name\":\"Startseite\",\"item\":\"https:\/\/hubsch-interior.com\/de\/\"},{\"@type\":\"ListItem\",\"position\":2,\"name\":\"Produkte\",\"item\":\"https:\/\/hubsch-interior.com\/de\/shop-2\/\"},{\"@type\":\"ListItem\",\"position\":3,\"name\":\"Haus Hocker Beige\"}]},{\"@type\":\"WebSite\",\"@id\":\"https:\/\/hubsch-interior.com\/de\/#website\",\"url\":\"https:\/\/hubsch-interior.com\/de\/\",\"name\":\"H\u00fcbsch\",\"description\":\"Danish Home Interior and Design\",\"publisher\":{\"@id\":\"https:\/\/hubsch-interior.com\/de\/#organization\"},\"potentialAction\":[{\"@type\":\"SearchAction\",\"target\":{\"@type\":\"EntryPoint\",\"urlTemplate\":\"https:\/\/hubsch-interior.com\/de\/?s={search_term_string}\"},\"query-input\":{\"@type\":\"PropertyValueSpecification\",\"valueRequired\":true,\"valueName\":\"search_term_string\"}}],\"inLanguage\":\"de\"},{\"@type\":\"Organization\",\"@id\":\"https:\/\/hubsch-interior.com\/de\/#organization\",\"name\":\"H\u00fcbsch\",\"url\":\"https:\/\/hubsch-interior.com\/de\/\",\"logo\":{\"@type\":\"ImageObject\",\"inLanguage\":\"de\",\"@id\":\"https:\/\/hubsch-interior.com\/de\/#\/schema\/logo\/image\/\",\"url\":\"https:\/\/hubsch-interior.com\/wp-content\/uploads\/2022\/12\/Hubsch_logo_black_one_line.svg\",\"contentUrl\":\"https:\/\/hubsch-interior.com\/wp-content\/uploads\/2022\/12\/Hubsch_logo_black_one_line.svg\",\"caption\":\"H\u00fcbsch\"},\"image\":{\"@id\":\"https:\/\/hubsch-interior.com\/de\/#\/schema\/logo\/image\/\"}}]}<\/script>\n<!-- \/ Yoast SEO plugin. -->","yoast_head_json":{"title":"Haus Hocker Beige - H\u00fcbsch","description":"Ein dezenter Blickfang, egal wo Sie ihn platzieren. Der Haus Hocker in hellem Beige kombiniert ruhige gerade Linien mit sanft get\u00f6nten Sandkissen f\u00fcr ein","robots":{"index":"index","follow":"follow","max-snippet":"max-snippet:-1","max-image-preview":"max-image-preview:large","max-video-preview":"max-video-preview:-1"},"canonical":"https:\/\/hubsch-interior.com\/de\/wp-json\/wp\/v2\/product\/1090161","og_locale":"de_DE","og_type":"article","og_title":"Haus Hocker Beige - H\u00fcbsch","og_description":"Ein dezenter Blickfang, egal wo Sie ihn platzieren. Der Haus Hocker in hellem Beige kombiniert ruhige gerade Linien mit sanft get\u00f6nten Sandkissen f\u00fcr ein","og_url":"https:\/\/hubsch-interior.com\/de\/produkt\/haus-hocker-beige\/","og_site_name":"H\u00fcbsch","article_modified_time":"2026-04-02T03:28:42+00:00","og_image":[{"width":1200,"height":1200,"url":"https:\/\/hubsch-interior.com\/wp-content\/uploads\/2026\/01\/haus-stool-beige-b617c1b2c4cedb3d82a09cebb61fabac.jpg","type":"image\/jpeg"}],"twitter_card":"summary_large_image","schema":{"@context":"https:\/\/schema.org","@graph":[{"@type":"WebPage","@id":"https:\/\/hubsch-interior.com\/de\/produkt\/haus-hocker-beige\/","url":"https:\/\/hubsch-interior.com\/de\/produkt\/haus-hocker-beige\/","name":"Haus Hocker Beige - H\u00fcbsch","isPartOf":{"@id":"https:\/\/hubsch-interior.com\/de\/#website"},"primaryImageOfPage":{"@id":"https:\/\/hubsch-interior.com\/de\/produkt\/haus-hocker-beige\/#primaryimage"},"image":{"@id":"https:\/\/hubsch-interior.com\/de\/produkt\/haus-hocker-beige\/#primaryimage"},"thumbnailUrl":"https:\/\/hubsch-interior.com\/wp-content\/uploads\/2026\/02\/haus-stool-beige-cd1d4fa0fa118c4dfdaba6f5086e4043.jpg","datePublished":"2026-01-31T04:36:12+00:00","dateModified":"2026-04-02T03:28:42+00:00","description":"Ein dezenter Blickfang, egal wo Sie ihn platzieren. Der Haus Hocker in hellem Beige kombiniert ruhige gerade Linien mit sanft get\u00f6nten Sandkissen f\u00fcr ein","breadcrumb":{"@id":"https:\/\/hubsch-interior.com\/de\/produkt\/haus-hocker-beige\/#breadcrumb"},"inLanguage":"de","potentialAction":[{"@type":"ReadAction","target":["https:\/\/hubsch-interior.com\/de\/produkt\/haus-hocker-beige\/"]}]},{"@type":"ImageObject","inLanguage":"de","@id":"https:\/\/hubsch-interior.com\/de\/produkt\/haus-hocker-beige\/#primaryimage","url":"https:\/\/hubsch-interior.com\/wp-content\/uploads\/2026\/02\/haus-stool-beige-cd1d4fa0fa118c4dfdaba6f5086e4043.jpg","contentUrl":"https:\/\/hubsch-interior.com\/wp-content\/uploads\/2026\/02\/haus-stool-beige-cd1d4fa0fa118c4dfdaba6f5086e4043.jpg","width":1024,"height":1024},{"@type":"BreadcrumbList","@id":"https:\/\/hubsch-interior.com\/de\/produkt\/haus-hocker-beige\/#breadcrumb","itemListElement":[{"@type":"ListItem","position":1,"name":"Startseite","item":"https:\/\/hubsch-interior.com\/de\/"},{"@type":"ListItem","position":2,"name":"Produkte","item":"https:\/\/hubsch-interior.com\/de\/shop-2\/"},{"@type":"ListItem","position":3,"name":"Haus Hocker Beige"}]},{"@type":"WebSite","@id":"https:\/\/hubsch-interior.com\/de\/#website","url":"https:\/\/hubsch-interior.com\/de\/","name":"H\u00fcbsch","description":"Danish Home Interior and Design","publisher":{"@id":"https:\/\/hubsch-interior.com\/de\/#organization"},"potentialAction":[{"@type":"SearchAction","target":{"@type":"EntryPoint","urlTemplate":"https:\/\/hubsch-interior.com\/de\/?s={search_term_string}"},"query-input":{"@type":"PropertyValueSpecification","valueRequired":true,"valueName":"search_term_string"}}],"inLanguage":"de"},{"@type":"Organization","@id":"https:\/\/hubsch-interior.com\/de\/#organization","name":"H\u00fcbsch","url":"https:\/\/hubsch-interior.com\/de\/","logo":{"@type":"ImageObject","inLanguage":"de","@id":"https:\/\/hubsch-interior.com\/de\/#\/schema\/logo\/image\/","url":"https:\/\/hubsch-interior.com\/wp-content\/uploads\/2022\/12\/Hubsch_logo_black_one_line.svg","contentUrl":"https:\/\/hubsch-interior.com\/wp-content\/uploads\/2022\/12\/Hubsch_logo_black_one_line.svg","caption":"H\u00fcbsch"},"image":{"@id":"https:\/\/hubsch-interior.com\/de\/#\/schema\/logo\/image\/"}}]}},"_links":{"self":[{"href":"https:\/\/hubsch-interior.com\/de\/wp-json\/wp\/v2\/product\/1090161","targetHints":{"allow":["GET"]}}],"collection":[{"href":"https:\/\/hubsch-interior.com\/de\/wp-json\/wp\/v2\/product"}],"about":[{"href":"https:\/\/hubsch-interior.com\/de\/wp-json\/wp\/v2\/types\/product"}],"wp:featuredmedia":[{"embeddable":true,"href":"https:\/\/hubsch-interior.com\/de\/wp-json\/wp\/v2\/media\/1112517"}],"wp:attachment":[{"href":"https:\/\/hubsch-interior.com\/de\/wp-json\/wp\/v2\/media?parent=1090161"}],"wp:term":[{"taxonomy":"product_brand","embeddable":true,"href":"https:\/\/hubsch-interior.com\/de\/wp-json\/wp\/v2\/product_brand?post=1090161"},{"taxonomy":"product_cat","embeddable":true,"href":"https:\/\/hubsch-interior.com\/de\/wp-json\/wp\/v2\/product_cat?post=1090161"},{"taxonomy":"product_tag","embeddable":true,"href":"https:\/\/hubsch-interior.com\/de\/wp-json\/wp\/v2\/product_tag?post=1090161"}],"curies":[{"name":"wp","href":"https:\/\/api.w.org\/{rel}","templated":true}]}}