{"id":1090181,"date":"2026-01-31T05:36:23","date_gmt":"2026-01-31T04:36:23","guid":{"rendered":"https:\/\/hubsch-interior.com\/product\/product\/"},"modified":"2026-04-02T05:28:45","modified_gmt":"2026-04-02T03:28:45","slug":"haus-esstisch-large-beige","status":"publish","type":"product","link":"https:\/\/hubsch-interior.com\/de\/produkt\/haus-esstisch-large-beige\/","title":{"rendered":"Haus Esstisch Large Beige"},"content":{"rendered":"<p>Wo ruhige Farben auf allt\u00e4gliche Rituale treffen. Der Haus Esstisch in hellem Beige bringt elegante Ruhe in Ihr Zuhause, mit seiner klaren Form und sanften Farbgebung, die eine moderne Weichheit verleiht. Er ist robust und stabil gebaut, wirkt jedoch leicht und ist f\u00fcr H\u00e4user gedacht, die sich m\u00fchelos anpassen. Ob es ein Abendessen unter der Woche ist oder ein ausgedehnter Brunch am Sonntag, dieser Tisch verwandelt gemeinsame Mahlzeiten in stilvolle, erdende Momente der Verbindung.<\/p>\n","protected":false},"excerpt":{"rendered":"<p>Wo ruhige Farben auf allt\u00e4gliche Rituale treffen. Der Haus Esstisch in hellem Beige bringt elegante Ruhe in Ihr Zuhause, mit seiner klaren Form und sanften Farbgebung, die eine moderne Weichheit verleiht. Er ist robust und stabil gebaut, wirkt jedoch leicht und ist f\u00fcr H\u00e4user gedacht, die sich m\u00fchelos anpassen. Ob es ein Abendessen unter der [&hellip;]<\/p>\n","protected":false},"featured_media":1112525,"template":"","meta":{"_acf_changed":false,"inline_featured_image":false},"product_brand":[],"product_cat":[7155,7103,5013],"product_tag":[],"class_list":{"0":"post-1090181","1":"product","2":"type-product","3":"status-publish","4":"has-post-thumbnail","6":"product_cat-dweller-de","7":"product_cat-gartentische-de","8":"product_cat-gartenmoebel-de","9":"product_shipping_class-p05","11":"pa_color-beige-4","12":"pa_material-aluminium-de","14":"first","15":"outofstock","16":"taxable","17":"shipping-taxable","18":"purchasable","19":"product-type-simple"},"exclude_global_add_ons":[],"addons":[],"acf":[],"yoast_head":"<!-- This site is optimized with the Yoast SEO plugin v26.4 - https:\/\/yoast.com\/wordpress\/plugins\/seo\/ -->\n<title>Haus Esstisch Large Beige - H\u00fcbsch<\/title>\n<meta name=\"description\" content=\"Wo ruhige Farben auf allt\u00e4gliche Rituale treffen. Der Haus Esstisch in hellem Beige bringt elegante Ruhe in Ihr Zuhause, mit seiner klaren Form und\" \/>\n<meta name=\"robots\" content=\"index, follow, max-snippet:-1, max-image-preview:large, max-video-preview:-1\" \/>\n<link rel=\"canonical\" href=\"https:\/\/hubsch-interior.com\/de\/wp-json\/wp\/v2\/product\/1090181\" \/>\n<meta property=\"og:locale\" content=\"de_DE\" \/>\n<meta property=\"og:type\" content=\"article\" \/>\n<meta property=\"og:title\" content=\"Haus Esstisch Large Beige - H\u00fcbsch\" \/>\n<meta property=\"og:description\" content=\"Wo ruhige Farben auf allt\u00e4gliche Rituale treffen. Der Haus Esstisch in hellem Beige bringt elegante Ruhe in Ihr Zuhause, mit seiner klaren Form und\" \/>\n<meta property=\"og:url\" content=\"https:\/\/hubsch-interior.com\/de\/produkt\/haus-esstisch-large-beige\/\" \/>\n<meta property=\"og:site_name\" content=\"H\u00fcbsch\" \/>\n<meta property=\"article:modified_time\" content=\"2026-04-02T03:28:45+00:00\" \/>\n<meta property=\"og:image\" content=\"https:\/\/hubsch-interior.com\/wp-content\/uploads\/2026\/01\/haus-dining-table-large-beige-571164fea8e9f4f84b3e28f65c8c90e3.jpg\" \/>\n\t<meta property=\"og:image:width\" content=\"1200\" \/>\n\t<meta property=\"og:image:height\" content=\"1200\" \/>\n\t<meta property=\"og:image:type\" content=\"image\/jpeg\" \/>\n<meta name=\"twitter:card\" content=\"summary_large_image\" \/>\n<script type=\"application\/ld+json\" class=\"yoast-schema-graph\">{\"@context\":\"https:\/\/schema.org\",\"@graph\":[{\"@type\":\"WebPage\",\"@id\":\"https:\/\/hubsch-interior.com\/de\/produkt\/haus-esstisch-large-beige\/\",\"url\":\"https:\/\/hubsch-interior.com\/de\/produkt\/haus-esstisch-large-beige\/\",\"name\":\"Haus Esstisch Large Beige - H\u00fcbsch\",\"isPartOf\":{\"@id\":\"https:\/\/hubsch-interior.com\/de\/#website\"},\"primaryImageOfPage\":{\"@id\":\"https:\/\/hubsch-interior.com\/de\/produkt\/haus-esstisch-large-beige\/#primaryimage\"},\"image\":{\"@id\":\"https:\/\/hubsch-interior.com\/de\/produkt\/haus-esstisch-large-beige\/#primaryimage\"},\"thumbnailUrl\":\"https:\/\/hubsch-interior.com\/wp-content\/uploads\/2026\/02\/haus-dining-table-large-beige-44e8320974dd619d4004231e44cfb598.jpg\",\"datePublished\":\"2026-01-31T04:36:23+00:00\",\"dateModified\":\"2026-04-02T03:28:45+00:00\",\"description\":\"Wo ruhige Farben auf allt\u00e4gliche Rituale treffen. Der Haus Esstisch in hellem Beige bringt elegante Ruhe in Ihr Zuhause, mit seiner klaren Form und\",\"breadcrumb\":{\"@id\":\"https:\/\/hubsch-interior.com\/de\/produkt\/haus-esstisch-large-beige\/#breadcrumb\"},\"inLanguage\":\"de\",\"potentialAction\":[{\"@type\":\"ReadAction\",\"target\":[\"https:\/\/hubsch-interior.com\/de\/produkt\/haus-esstisch-large-beige\/\"]}]},{\"@type\":\"ImageObject\",\"inLanguage\":\"de\",\"@id\":\"https:\/\/hubsch-interior.com\/de\/produkt\/haus-esstisch-large-beige\/#primaryimage\",\"url\":\"https:\/\/hubsch-interior.com\/wp-content\/uploads\/2026\/02\/haus-dining-table-large-beige-44e8320974dd619d4004231e44cfb598.jpg\",\"contentUrl\":\"https:\/\/hubsch-interior.com\/wp-content\/uploads\/2026\/02\/haus-dining-table-large-beige-44e8320974dd619d4004231e44cfb598.jpg\",\"width\":1024,\"height\":1024},{\"@type\":\"BreadcrumbList\",\"@id\":\"https:\/\/hubsch-interior.com\/de\/produkt\/haus-esstisch-large-beige\/#breadcrumb\",\"itemListElement\":[{\"@type\":\"ListItem\",\"position\":1,\"name\":\"Startseite\",\"item\":\"https:\/\/hubsch-interior.com\/de\/\"},{\"@type\":\"ListItem\",\"position\":2,\"name\":\"Produkte\",\"item\":\"https:\/\/hubsch-interior.com\/de\/shop-2\/\"},{\"@type\":\"ListItem\",\"position\":3,\"name\":\"Haus Esstisch Large Beige\"}]},{\"@type\":\"WebSite\",\"@id\":\"https:\/\/hubsch-interior.com\/de\/#website\",\"url\":\"https:\/\/hubsch-interior.com\/de\/\",\"name\":\"H\u00fcbsch\",\"description\":\"Danish Home Interior and Design\",\"publisher\":{\"@id\":\"https:\/\/hubsch-interior.com\/de\/#organization\"},\"potentialAction\":[{\"@type\":\"SearchAction\",\"target\":{\"@type\":\"EntryPoint\",\"urlTemplate\":\"https:\/\/hubsch-interior.com\/de\/?s={search_term_string}\"},\"query-input\":{\"@type\":\"PropertyValueSpecification\",\"valueRequired\":true,\"valueName\":\"search_term_string\"}}],\"inLanguage\":\"de\"},{\"@type\":\"Organization\",\"@id\":\"https:\/\/hubsch-interior.com\/de\/#organization\",\"name\":\"H\u00fcbsch\",\"url\":\"https:\/\/hubsch-interior.com\/de\/\",\"logo\":{\"@type\":\"ImageObject\",\"inLanguage\":\"de\",\"@id\":\"https:\/\/hubsch-interior.com\/de\/#\/schema\/logo\/image\/\",\"url\":\"https:\/\/hubsch-interior.com\/wp-content\/uploads\/2022\/12\/Hubsch_logo_black_one_line.svg\",\"contentUrl\":\"https:\/\/hubsch-interior.com\/wp-content\/uploads\/2022\/12\/Hubsch_logo_black_one_line.svg\",\"caption\":\"H\u00fcbsch\"},\"image\":{\"@id\":\"https:\/\/hubsch-interior.com\/de\/#\/schema\/logo\/image\/\"}}]}<\/script>\n<!-- \/ Yoast SEO plugin. -->","yoast_head_json":{"title":"Haus Esstisch Large Beige - H\u00fcbsch","description":"Wo ruhige Farben auf allt\u00e4gliche Rituale treffen. Der Haus Esstisch in hellem Beige bringt elegante Ruhe in Ihr Zuhause, mit seiner klaren Form und","robots":{"index":"index","follow":"follow","max-snippet":"max-snippet:-1","max-image-preview":"max-image-preview:large","max-video-preview":"max-video-preview:-1"},"canonical":"https:\/\/hubsch-interior.com\/de\/wp-json\/wp\/v2\/product\/1090181","og_locale":"de_DE","og_type":"article","og_title":"Haus Esstisch Large Beige - H\u00fcbsch","og_description":"Wo ruhige Farben auf allt\u00e4gliche Rituale treffen. Der Haus Esstisch in hellem Beige bringt elegante Ruhe in Ihr Zuhause, mit seiner klaren Form und","og_url":"https:\/\/hubsch-interior.com\/de\/produkt\/haus-esstisch-large-beige\/","og_site_name":"H\u00fcbsch","article_modified_time":"2026-04-02T03:28:45+00:00","og_image":[{"width":1200,"height":1200,"url":"https:\/\/hubsch-interior.com\/wp-content\/uploads\/2026\/01\/haus-dining-table-large-beige-571164fea8e9f4f84b3e28f65c8c90e3.jpg","type":"image\/jpeg"}],"twitter_card":"summary_large_image","schema":{"@context":"https:\/\/schema.org","@graph":[{"@type":"WebPage","@id":"https:\/\/hubsch-interior.com\/de\/produkt\/haus-esstisch-large-beige\/","url":"https:\/\/hubsch-interior.com\/de\/produkt\/haus-esstisch-large-beige\/","name":"Haus Esstisch Large Beige - H\u00fcbsch","isPartOf":{"@id":"https:\/\/hubsch-interior.com\/de\/#website"},"primaryImageOfPage":{"@id":"https:\/\/hubsch-interior.com\/de\/produkt\/haus-esstisch-large-beige\/#primaryimage"},"image":{"@id":"https:\/\/hubsch-interior.com\/de\/produkt\/haus-esstisch-large-beige\/#primaryimage"},"thumbnailUrl":"https:\/\/hubsch-interior.com\/wp-content\/uploads\/2026\/02\/haus-dining-table-large-beige-44e8320974dd619d4004231e44cfb598.jpg","datePublished":"2026-01-31T04:36:23+00:00","dateModified":"2026-04-02T03:28:45+00:00","description":"Wo ruhige Farben auf allt\u00e4gliche Rituale treffen. Der Haus Esstisch in hellem Beige bringt elegante Ruhe in Ihr Zuhause, mit seiner klaren Form und","breadcrumb":{"@id":"https:\/\/hubsch-interior.com\/de\/produkt\/haus-esstisch-large-beige\/#breadcrumb"},"inLanguage":"de","potentialAction":[{"@type":"ReadAction","target":["https:\/\/hubsch-interior.com\/de\/produkt\/haus-esstisch-large-beige\/"]}]},{"@type":"ImageObject","inLanguage":"de","@id":"https:\/\/hubsch-interior.com\/de\/produkt\/haus-esstisch-large-beige\/#primaryimage","url":"https:\/\/hubsch-interior.com\/wp-content\/uploads\/2026\/02\/haus-dining-table-large-beige-44e8320974dd619d4004231e44cfb598.jpg","contentUrl":"https:\/\/hubsch-interior.com\/wp-content\/uploads\/2026\/02\/haus-dining-table-large-beige-44e8320974dd619d4004231e44cfb598.jpg","width":1024,"height":1024},{"@type":"BreadcrumbList","@id":"https:\/\/hubsch-interior.com\/de\/produkt\/haus-esstisch-large-beige\/#breadcrumb","itemListElement":[{"@type":"ListItem","position":1,"name":"Startseite","item":"https:\/\/hubsch-interior.com\/de\/"},{"@type":"ListItem","position":2,"name":"Produkte","item":"https:\/\/hubsch-interior.com\/de\/shop-2\/"},{"@type":"ListItem","position":3,"name":"Haus Esstisch Large Beige"}]},{"@type":"WebSite","@id":"https:\/\/hubsch-interior.com\/de\/#website","url":"https:\/\/hubsch-interior.com\/de\/","name":"H\u00fcbsch","description":"Danish Home Interior and Design","publisher":{"@id":"https:\/\/hubsch-interior.com\/de\/#organization"},"potentialAction":[{"@type":"SearchAction","target":{"@type":"EntryPoint","urlTemplate":"https:\/\/hubsch-interior.com\/de\/?s={search_term_string}"},"query-input":{"@type":"PropertyValueSpecification","valueRequired":true,"valueName":"search_term_string"}}],"inLanguage":"de"},{"@type":"Organization","@id":"https:\/\/hubsch-interior.com\/de\/#organization","name":"H\u00fcbsch","url":"https:\/\/hubsch-interior.com\/de\/","logo":{"@type":"ImageObject","inLanguage":"de","@id":"https:\/\/hubsch-interior.com\/de\/#\/schema\/logo\/image\/","url":"https:\/\/hubsch-interior.com\/wp-content\/uploads\/2022\/12\/Hubsch_logo_black_one_line.svg","contentUrl":"https:\/\/hubsch-interior.com\/wp-content\/uploads\/2022\/12\/Hubsch_logo_black_one_line.svg","caption":"H\u00fcbsch"},"image":{"@id":"https:\/\/hubsch-interior.com\/de\/#\/schema\/logo\/image\/"}}]}},"_links":{"self":[{"href":"https:\/\/hubsch-interior.com\/de\/wp-json\/wp\/v2\/product\/1090181","targetHints":{"allow":["GET"]}}],"collection":[{"href":"https:\/\/hubsch-interior.com\/de\/wp-json\/wp\/v2\/product"}],"about":[{"href":"https:\/\/hubsch-interior.com\/de\/wp-json\/wp\/v2\/types\/product"}],"wp:featuredmedia":[{"embeddable":true,"href":"https:\/\/hubsch-interior.com\/de\/wp-json\/wp\/v2\/media\/1112525"}],"wp:attachment":[{"href":"https:\/\/hubsch-interior.com\/de\/wp-json\/wp\/v2\/media?parent=1090181"}],"wp:term":[{"taxonomy":"product_brand","embeddable":true,"href":"https:\/\/hubsch-interior.com\/de\/wp-json\/wp\/v2\/product_brand?post=1090181"},{"taxonomy":"product_cat","embeddable":true,"href":"https:\/\/hubsch-interior.com\/de\/wp-json\/wp\/v2\/product_cat?post=1090181"},{"taxonomy":"product_tag","embeddable":true,"href":"https:\/\/hubsch-interior.com\/de\/wp-json\/wp\/v2\/product_tag?post=1090181"}],"curies":[{"name":"wp","href":"https:\/\/api.w.org\/{rel}","templated":true}]}}