{"id":10954,"date":"2020-09-09T23:18:00","date_gmt":"2020-09-09T21:18:00","guid":{"rendered":"https:\/\/hubsch-interior.com\/vare\/product\/"},"modified":"2026-04-09T04:15:59","modified_gmt":"2026-04-09T02:15:59","slug":"duo-kissen-lila-rot","status":"publish","type":"product","link":"https:\/\/hubsch-interior.com\/de\/produkt\/duo-kissen-lila-rot\/","title":{"rendered":"Duo Kissen Lila\/Rot"},"content":{"rendered":"<p>Das Duo-Kissen in Violett und Rot ist ein echter Blickfang! Das lieben wir. Dieses Kissen mit der Variante im h\u00fcbschen Sandfarbton zu vergleichen, w\u00e4re, wie Orangen und \u00c4pfel zu vergleichen. Sie sind beide sch\u00f6n und haben eine fluffige F\u00fcllung \u2013 und jede Farbe hat ihre Vorz\u00fcge. Diese Version in Rot und Violett ist wendbar \u2013 Sie k\u00f6nnen das Kissen nach Lust und Laune in Szene setzen. <\/p>\n","protected":false},"excerpt":{"rendered":"<p>Das Duo-Kissen in Violett und Rot ist ein echter Blickfang! Das lieben wir. Dieses Kissen mit der Variante im h\u00fcbschen Sandfarbton zu vergleichen, w\u00e4re, wie Orangen und \u00c4pfel zu vergleichen. Sie sind beide sch\u00f6n und haben eine fluffige F\u00fcllung \u2013 und jede Farbe hat ihre Vorz\u00fcge. Diese Version in Rot und Violett ist wendbar \u2013 [&hellip;]<\/p>\n","protected":false},"featured_media":1092205,"template":"","meta":{"_acf_changed":false,"inline_featured_image":false},"product_brand":[],"product_cat":[6349,3004,3005,6519],"product_tag":[],"class_list":{"0":"post-10954","1":"product","2":"type-product","3":"status-publish","4":"has-post-thumbnail","6":"product_cat-garden-selection-de","7":"product_cat-textilien","8":"product_cat-kissen-de","9":"product_cat-outlet-de","10":"product_shipping_class-pk","12":"pa_color-lila","13":"pa_color-rot-2","14":"pa_material-polyester-100-de","16":"first","17":"instock","18":"sale","19":"taxable","20":"shipping-taxable","21":"purchasable","22":"product-type-simple"},"exclude_global_add_ons":[],"addons":[],"acf":[],"yoast_head":"<!-- This site is optimized with the Yoast SEO plugin v26.4 - https:\/\/yoast.com\/wordpress\/plugins\/seo\/ -->\n<title>Duo Kissen Lila\/Rot - H\u00fcbsch<\/title>\n<meta name=\"description\" content=\"Das Duo-Kissen in Violett und Rot ist ein echter Blickfang! Das lieben wir. Dieses Kissen mit der Variante im h\u00fcbschen Sandfarbton zu vergleichen, w\u00e4re,\" \/>\n<meta name=\"robots\" content=\"index, follow, max-snippet:-1, max-image-preview:large, max-video-preview:-1\" \/>\n<link rel=\"canonical\" href=\"https:\/\/hubsch-interior.com\/de\/wp-json\/wp\/v2\/product\/10954\" \/>\n<meta property=\"og:locale\" content=\"de_DE\" \/>\n<meta property=\"og:type\" content=\"article\" \/>\n<meta property=\"og:title\" content=\"Duo Kissen Lila\/Rot - H\u00fcbsch\" \/>\n<meta property=\"og:description\" content=\"Das Duo-Kissen in Violett und Rot ist ein echter Blickfang! Das lieben wir. Dieses Kissen mit der Variante im h\u00fcbschen Sandfarbton zu vergleichen, w\u00e4re,\" \/>\n<meta property=\"og:url\" content=\"https:\/\/hubsch-interior.com\/de\/produkt\/duo-kissen-lila-rot\/\" \/>\n<meta property=\"og:site_name\" content=\"H\u00fcbsch\" \/>\n<meta property=\"article:modified_time\" content=\"2026-04-09T02:15:59+00:00\" \/>\n<meta property=\"og:image\" content=\"https:\/\/hubsch-interior.com\/wp-content\/uploads\/2023\/08\/duo-cushion-purplered-ba7cf1ceb488662fd927d5305bc17216.jpg\" \/>\n\t<meta property=\"og:image:width\" content=\"1200\" \/>\n\t<meta property=\"og:image:height\" content=\"1200\" \/>\n\t<meta property=\"og:image:type\" content=\"image\/jpeg\" \/>\n<meta name=\"twitter:card\" content=\"summary_large_image\" \/>\n<script type=\"application\/ld+json\" class=\"yoast-schema-graph\">{\"@context\":\"https:\/\/schema.org\",\"@graph\":[{\"@type\":\"WebPage\",\"@id\":\"https:\/\/hubsch-interior.com\/de\/produkt\/duo-kissen-lila-rot\/\",\"url\":\"https:\/\/hubsch-interior.com\/de\/produkt\/duo-kissen-lila-rot\/\",\"name\":\"Duo Kissen Lila\/Rot - H\u00fcbsch\",\"isPartOf\":{\"@id\":\"https:\/\/hubsch-interior.com\/de\/#website\"},\"primaryImageOfPage\":{\"@id\":\"https:\/\/hubsch-interior.com\/de\/produkt\/duo-kissen-lila-rot\/#primaryimage\"},\"image\":{\"@id\":\"https:\/\/hubsch-interior.com\/de\/produkt\/duo-kissen-lila-rot\/#primaryimage\"},\"thumbnailUrl\":\"https:\/\/hubsch-interior.com\/wp-content\/uploads\/2026\/02\/duo-cushion-purplered-1ac0808176c6eb6eadac74e3bb270029.jpg\",\"datePublished\":\"2020-09-09T21:18:00+00:00\",\"dateModified\":\"2026-04-09T02:15:59+00:00\",\"description\":\"Das Duo-Kissen in Violett und Rot ist ein echter Blickfang! Das lieben wir. Dieses Kissen mit der Variante im h\u00fcbschen Sandfarbton zu vergleichen, w\u00e4re,\",\"breadcrumb\":{\"@id\":\"https:\/\/hubsch-interior.com\/de\/produkt\/duo-kissen-lila-rot\/#breadcrumb\"},\"inLanguage\":\"de\",\"potentialAction\":[{\"@type\":\"ReadAction\",\"target\":[\"https:\/\/hubsch-interior.com\/de\/produkt\/duo-kissen-lila-rot\/\"]}]},{\"@type\":\"ImageObject\",\"inLanguage\":\"de\",\"@id\":\"https:\/\/hubsch-interior.com\/de\/produkt\/duo-kissen-lila-rot\/#primaryimage\",\"url\":\"https:\/\/hubsch-interior.com\/wp-content\/uploads\/2026\/02\/duo-cushion-purplered-1ac0808176c6eb6eadac74e3bb270029.jpg\",\"contentUrl\":\"https:\/\/hubsch-interior.com\/wp-content\/uploads\/2026\/02\/duo-cushion-purplered-1ac0808176c6eb6eadac74e3bb270029.jpg\",\"width\":1024,\"height\":1024},{\"@type\":\"BreadcrumbList\",\"@id\":\"https:\/\/hubsch-interior.com\/de\/produkt\/duo-kissen-lila-rot\/#breadcrumb\",\"itemListElement\":[{\"@type\":\"ListItem\",\"position\":1,\"name\":\"Startseite\",\"item\":\"https:\/\/hubsch-interior.com\/de\/\"},{\"@type\":\"ListItem\",\"position\":2,\"name\":\"Produkte\",\"item\":\"https:\/\/hubsch-interior.com\/de\/shop-2\/\"},{\"@type\":\"ListItem\",\"position\":3,\"name\":\"Textilien\",\"item\":\"https:\/\/hubsch-interior.com\/de\/produkt-kategorie\/textilien\/\"},{\"@type\":\"ListItem\",\"position\":4,\"name\":\"Kissen\",\"item\":\"https:\/\/hubsch-interior.com\/de\/produkt-kategorie\/textilien\/kissen-de\/\"},{\"@type\":\"ListItem\",\"position\":5,\"name\":\"Duo Kissen Lila\/Rot\"}]},{\"@type\":\"WebSite\",\"@id\":\"https:\/\/hubsch-interior.com\/de\/#website\",\"url\":\"https:\/\/hubsch-interior.com\/de\/\",\"name\":\"H\u00fcbsch\",\"description\":\"Danish Home Interior and Design\",\"publisher\":{\"@id\":\"https:\/\/hubsch-interior.com\/de\/#organization\"},\"potentialAction\":[{\"@type\":\"SearchAction\",\"target\":{\"@type\":\"EntryPoint\",\"urlTemplate\":\"https:\/\/hubsch-interior.com\/de\/?s={search_term_string}\"},\"query-input\":{\"@type\":\"PropertyValueSpecification\",\"valueRequired\":true,\"valueName\":\"search_term_string\"}}],\"inLanguage\":\"de\"},{\"@type\":\"Organization\",\"@id\":\"https:\/\/hubsch-interior.com\/de\/#organization\",\"name\":\"H\u00fcbsch\",\"url\":\"https:\/\/hubsch-interior.com\/de\/\",\"logo\":{\"@type\":\"ImageObject\",\"inLanguage\":\"de\",\"@id\":\"https:\/\/hubsch-interior.com\/de\/#\/schema\/logo\/image\/\",\"url\":\"https:\/\/hubsch-interior.com\/wp-content\/uploads\/2022\/12\/Hubsch_logo_black_one_line.svg\",\"contentUrl\":\"https:\/\/hubsch-interior.com\/wp-content\/uploads\/2022\/12\/Hubsch_logo_black_one_line.svg\",\"caption\":\"H\u00fcbsch\"},\"image\":{\"@id\":\"https:\/\/hubsch-interior.com\/de\/#\/schema\/logo\/image\/\"}}]}<\/script>\n<!-- \/ Yoast SEO plugin. -->","yoast_head_json":{"title":"Duo Kissen Lila\/Rot - H\u00fcbsch","description":"Das Duo-Kissen in Violett und Rot ist ein echter Blickfang! Das lieben wir. Dieses Kissen mit der Variante im h\u00fcbschen Sandfarbton zu vergleichen, w\u00e4re,","robots":{"index":"index","follow":"follow","max-snippet":"max-snippet:-1","max-image-preview":"max-image-preview:large","max-video-preview":"max-video-preview:-1"},"canonical":"https:\/\/hubsch-interior.com\/de\/wp-json\/wp\/v2\/product\/10954","og_locale":"de_DE","og_type":"article","og_title":"Duo Kissen Lila\/Rot - H\u00fcbsch","og_description":"Das Duo-Kissen in Violett und Rot ist ein echter Blickfang! Das lieben wir. Dieses Kissen mit der Variante im h\u00fcbschen Sandfarbton zu vergleichen, w\u00e4re,","og_url":"https:\/\/hubsch-interior.com\/de\/produkt\/duo-kissen-lila-rot\/","og_site_name":"H\u00fcbsch","article_modified_time":"2026-04-09T02:15:59+00:00","og_image":[{"width":1200,"height":1200,"url":"https:\/\/hubsch-interior.com\/wp-content\/uploads\/2023\/08\/duo-cushion-purplered-ba7cf1ceb488662fd927d5305bc17216.jpg","type":"image\/jpeg"}],"twitter_card":"summary_large_image","schema":{"@context":"https:\/\/schema.org","@graph":[{"@type":"WebPage","@id":"https:\/\/hubsch-interior.com\/de\/produkt\/duo-kissen-lila-rot\/","url":"https:\/\/hubsch-interior.com\/de\/produkt\/duo-kissen-lila-rot\/","name":"Duo Kissen Lila\/Rot - H\u00fcbsch","isPartOf":{"@id":"https:\/\/hubsch-interior.com\/de\/#website"},"primaryImageOfPage":{"@id":"https:\/\/hubsch-interior.com\/de\/produkt\/duo-kissen-lila-rot\/#primaryimage"},"image":{"@id":"https:\/\/hubsch-interior.com\/de\/produkt\/duo-kissen-lila-rot\/#primaryimage"},"thumbnailUrl":"https:\/\/hubsch-interior.com\/wp-content\/uploads\/2026\/02\/duo-cushion-purplered-1ac0808176c6eb6eadac74e3bb270029.jpg","datePublished":"2020-09-09T21:18:00+00:00","dateModified":"2026-04-09T02:15:59+00:00","description":"Das Duo-Kissen in Violett und Rot ist ein echter Blickfang! Das lieben wir. Dieses Kissen mit der Variante im h\u00fcbschen Sandfarbton zu vergleichen, w\u00e4re,","breadcrumb":{"@id":"https:\/\/hubsch-interior.com\/de\/produkt\/duo-kissen-lila-rot\/#breadcrumb"},"inLanguage":"de","potentialAction":[{"@type":"ReadAction","target":["https:\/\/hubsch-interior.com\/de\/produkt\/duo-kissen-lila-rot\/"]}]},{"@type":"ImageObject","inLanguage":"de","@id":"https:\/\/hubsch-interior.com\/de\/produkt\/duo-kissen-lila-rot\/#primaryimage","url":"https:\/\/hubsch-interior.com\/wp-content\/uploads\/2026\/02\/duo-cushion-purplered-1ac0808176c6eb6eadac74e3bb270029.jpg","contentUrl":"https:\/\/hubsch-interior.com\/wp-content\/uploads\/2026\/02\/duo-cushion-purplered-1ac0808176c6eb6eadac74e3bb270029.jpg","width":1024,"height":1024},{"@type":"BreadcrumbList","@id":"https:\/\/hubsch-interior.com\/de\/produkt\/duo-kissen-lila-rot\/#breadcrumb","itemListElement":[{"@type":"ListItem","position":1,"name":"Startseite","item":"https:\/\/hubsch-interior.com\/de\/"},{"@type":"ListItem","position":2,"name":"Produkte","item":"https:\/\/hubsch-interior.com\/de\/shop-2\/"},{"@type":"ListItem","position":3,"name":"Textilien","item":"https:\/\/hubsch-interior.com\/de\/produkt-kategorie\/textilien\/"},{"@type":"ListItem","position":4,"name":"Kissen","item":"https:\/\/hubsch-interior.com\/de\/produkt-kategorie\/textilien\/kissen-de\/"},{"@type":"ListItem","position":5,"name":"Duo Kissen Lila\/Rot"}]},{"@type":"WebSite","@id":"https:\/\/hubsch-interior.com\/de\/#website","url":"https:\/\/hubsch-interior.com\/de\/","name":"H\u00fcbsch","description":"Danish Home Interior and Design","publisher":{"@id":"https:\/\/hubsch-interior.com\/de\/#organization"},"potentialAction":[{"@type":"SearchAction","target":{"@type":"EntryPoint","urlTemplate":"https:\/\/hubsch-interior.com\/de\/?s={search_term_string}"},"query-input":{"@type":"PropertyValueSpecification","valueRequired":true,"valueName":"search_term_string"}}],"inLanguage":"de"},{"@type":"Organization","@id":"https:\/\/hubsch-interior.com\/de\/#organization","name":"H\u00fcbsch","url":"https:\/\/hubsch-interior.com\/de\/","logo":{"@type":"ImageObject","inLanguage":"de","@id":"https:\/\/hubsch-interior.com\/de\/#\/schema\/logo\/image\/","url":"https:\/\/hubsch-interior.com\/wp-content\/uploads\/2022\/12\/Hubsch_logo_black_one_line.svg","contentUrl":"https:\/\/hubsch-interior.com\/wp-content\/uploads\/2022\/12\/Hubsch_logo_black_one_line.svg","caption":"H\u00fcbsch"},"image":{"@id":"https:\/\/hubsch-interior.com\/de\/#\/schema\/logo\/image\/"}}]}},"_links":{"self":[{"href":"https:\/\/hubsch-interior.com\/de\/wp-json\/wp\/v2\/product\/10954","targetHints":{"allow":["GET"]}}],"collection":[{"href":"https:\/\/hubsch-interior.com\/de\/wp-json\/wp\/v2\/product"}],"about":[{"href":"https:\/\/hubsch-interior.com\/de\/wp-json\/wp\/v2\/types\/product"}],"wp:featuredmedia":[{"embeddable":true,"href":"https:\/\/hubsch-interior.com\/de\/wp-json\/wp\/v2\/media\/1092205"}],"wp:attachment":[{"href":"https:\/\/hubsch-interior.com\/de\/wp-json\/wp\/v2\/media?parent=10954"}],"wp:term":[{"taxonomy":"product_brand","embeddable":true,"href":"https:\/\/hubsch-interior.com\/de\/wp-json\/wp\/v2\/product_brand?post=10954"},{"taxonomy":"product_cat","embeddable":true,"href":"https:\/\/hubsch-interior.com\/de\/wp-json\/wp\/v2\/product_cat?post=10954"},{"taxonomy":"product_tag","embeddable":true,"href":"https:\/\/hubsch-interior.com\/de\/wp-json\/wp\/v2\/product_tag?post=10954"}],"curies":[{"name":"wp","href":"https:\/\/api.w.org\/{rel}","templated":true}]}}