{"id":1116829,"date":"2026-04-16T05:07:40","date_gmt":"2026-04-16T03:07:40","guid":{"rendered":"https:\/\/hubsch-interior.com\/product\/product\/"},"modified":"2026-04-17T05:13:00","modified_gmt":"2026-04-17T03:13:00","slug":"mush-tischlampe-mini-messingfarben-2","status":"publish","type":"product","link":"https:\/\/hubsch-interior.com\/de\/produkt\/mush-tischlampe-mini-messingfarben-2\/","title":{"rendered":"Mush Tischlampe Mini Messingfarben"},"content":{"rendered":"<p>Bringen Sie mit der Mush Tischlampe in edlem Messingfinish Eleganz in Ihr Zuhause. Diese aus langlebigem Metall gefertigte, zeitlose Lampe vereint Stil und Funktion f\u00fcr jeden Raum. Mit 15 sch\u00f6nen Varianten zur Auswahl, finden Sie leicht die perfekte Erg\u00e4nzung f\u00fcr Ihre Einrichtung. Ideal f\u00fcr gem\u00fctliches Lesen oder um eine warme, einladende Atmosph\u00e4re zu schaffen, f\u00fcgt die Mush Tischlampe Charme und anhaltende Anziehungskraft Ihrem Zuhause hinzu.<\/p>\n<p>Diese Artikelnummer ist identisch mit 990716<\/p>\n","protected":false},"excerpt":{"rendered":"<p>Bringen Sie mit der Mush Tischlampe in edlem Messingfinish Eleganz in Ihr Zuhause. Diese aus langlebigem Metall gefertigte, zeitlose Lampe vereint Stil und Funktion f\u00fcr jeden Raum. Mit 15 sch\u00f6nen Varianten zur Auswahl, finden Sie leicht die perfekte Erg\u00e4nzung f\u00fcr Ihre Einrichtung. Ideal f\u00fcr gem\u00fctliches Lesen oder um eine warme, einladende Atmosph\u00e4re zu schaffen, f\u00fcgt [&hellip;]<\/p>\n","protected":false},"featured_media":1116839,"template":"","meta":{"_acf_changed":false,"inline_featured_image":false},"product_brand":[],"product_cat":[6940,3809,5027,5081,5047,3501],"product_tag":[],"class_list":{"0":"post-1116829","1":"product","2":"type-product","3":"status-publish","4":"has-post-thumbnail","6":"product_cat-additions-de","7":"product_cat-beleuchtung","8":"product_cat-bestsellers-de","9":"product_cat-gerade-auf-lager-de","10":"product_cat-neuheiten-de","11":"product_cat-tischlampen-de","12":"product_shipping_class-pk","14":"pa_color-messingfarben","15":"pa_material-eisen-de","17":"first","18":"instock","19":"featured","20":"taxable","21":"shipping-taxable","22":"purchasable","23":"product-type-simple"},"exclude_global_add_ons":[],"addons":[],"acf":[],"yoast_head":"<!-- This site is optimized with the Yoast SEO plugin v26.4 - https:\/\/yoast.com\/wordpress\/plugins\/seo\/ -->\n<title>Mush Tischlampe Mini Messingfarben - H\u00fcbsch<\/title>\n<meta name=\"description\" content=\"Bringen Sie mit der Mush Tischlampe in edlem Messingfinish Eleganz in Ihr Zuhause. Diese aus langlebigem Metall gefertigte, zeitlose Lampe vereint Stil\" \/>\n<meta name=\"robots\" content=\"index, follow, max-snippet:-1, max-image-preview:large, max-video-preview:-1\" \/>\n<link rel=\"canonical\" href=\"https:\/\/hubsch-interior.com\/de\/wp-json\/wp\/v2\/product\/1116829\" \/>\n<meta property=\"og:locale\" content=\"de_DE\" \/>\n<meta property=\"og:type\" content=\"article\" \/>\n<meta property=\"og:title\" content=\"Mush Tischlampe Mini Messingfarben - H\u00fcbsch\" \/>\n<meta property=\"og:description\" content=\"Bringen Sie mit der Mush Tischlampe in edlem Messingfinish Eleganz in Ihr Zuhause. Diese aus langlebigem Metall gefertigte, zeitlose Lampe vereint Stil\" \/>\n<meta property=\"og:url\" content=\"https:\/\/hubsch-interior.com\/de\/produkt\/mush-tischlampe-mini-messingfarben-2\/\" \/>\n<meta property=\"og:site_name\" content=\"H\u00fcbsch\" \/>\n<meta property=\"article:modified_time\" content=\"2026-04-17T03:13:00+00:00\" \/>\n<meta property=\"og:image\" content=\"https:\/\/hubsch-interior.com\/wp-content\/uploads\/2026\/04\/mush-table-lamp-mini-brass-81403f50365db0300168852b1629073f.jpg\" \/>\n\t<meta property=\"og:image:width\" content=\"1024\" \/>\n\t<meta property=\"og:image:height\" content=\"1024\" \/>\n\t<meta property=\"og:image:type\" content=\"image\/jpeg\" \/>\n<meta name=\"twitter:card\" content=\"summary_large_image\" \/>\n<script type=\"application\/ld+json\" class=\"yoast-schema-graph\">{\"@context\":\"https:\/\/schema.org\",\"@graph\":[{\"@type\":\"WebPage\",\"@id\":\"https:\/\/hubsch-interior.com\/de\/produkt\/mush-tischlampe-mini-messingfarben-2\/\",\"url\":\"https:\/\/hubsch-interior.com\/de\/produkt\/mush-tischlampe-mini-messingfarben-2\/\",\"name\":\"Mush Tischlampe Mini Messingfarben - H\u00fcbsch\",\"isPartOf\":{\"@id\":\"https:\/\/hubsch-interior.com\/de\/#website\"},\"primaryImageOfPage\":{\"@id\":\"https:\/\/hubsch-interior.com\/de\/produkt\/mush-tischlampe-mini-messingfarben-2\/#primaryimage\"},\"image\":{\"@id\":\"https:\/\/hubsch-interior.com\/de\/produkt\/mush-tischlampe-mini-messingfarben-2\/#primaryimage\"},\"thumbnailUrl\":\"https:\/\/hubsch-interior.com\/wp-content\/uploads\/2026\/04\/mush-table-lamp-mini-brass-81403f50365db0300168852b1629073f.jpg\",\"datePublished\":\"2026-04-16T03:07:40+00:00\",\"dateModified\":\"2026-04-17T03:13:00+00:00\",\"description\":\"Bringen Sie mit der Mush Tischlampe in edlem Messingfinish Eleganz in Ihr Zuhause. Diese aus langlebigem Metall gefertigte, zeitlose Lampe vereint Stil\",\"breadcrumb\":{\"@id\":\"https:\/\/hubsch-interior.com\/de\/produkt\/mush-tischlampe-mini-messingfarben-2\/#breadcrumb\"},\"inLanguage\":\"de\",\"potentialAction\":[{\"@type\":\"ReadAction\",\"target\":[\"https:\/\/hubsch-interior.com\/de\/produkt\/mush-tischlampe-mini-messingfarben-2\/\"]}]},{\"@type\":\"ImageObject\",\"inLanguage\":\"de\",\"@id\":\"https:\/\/hubsch-interior.com\/de\/produkt\/mush-tischlampe-mini-messingfarben-2\/#primaryimage\",\"url\":\"https:\/\/hubsch-interior.com\/wp-content\/uploads\/2026\/04\/mush-table-lamp-mini-brass-81403f50365db0300168852b1629073f.jpg\",\"contentUrl\":\"https:\/\/hubsch-interior.com\/wp-content\/uploads\/2026\/04\/mush-table-lamp-mini-brass-81403f50365db0300168852b1629073f.jpg\",\"width\":1024,\"height\":1024},{\"@type\":\"BreadcrumbList\",\"@id\":\"https:\/\/hubsch-interior.com\/de\/produkt\/mush-tischlampe-mini-messingfarben-2\/#breadcrumb\",\"itemListElement\":[{\"@type\":\"ListItem\",\"position\":1,\"name\":\"Startseite\",\"item\":\"https:\/\/hubsch-interior.com\/de\/\"},{\"@type\":\"ListItem\",\"position\":2,\"name\":\"Produkte\",\"item\":\"https:\/\/hubsch-interior.com\/de\/shop-2\/\"},{\"@type\":\"ListItem\",\"position\":3,\"name\":\"Beleuchtung\",\"item\":\"https:\/\/hubsch-interior.com\/de\/produkt-kategorie\/beleuchtung\/\"},{\"@type\":\"ListItem\",\"position\":4,\"name\":\"Tischlampen\",\"item\":\"https:\/\/hubsch-interior.com\/de\/produkt-kategorie\/beleuchtung\/tischlampen-de\/\"},{\"@type\":\"ListItem\",\"position\":5,\"name\":\"Mush Tischlampe Mini Messingfarben\"}]},{\"@type\":\"WebSite\",\"@id\":\"https:\/\/hubsch-interior.com\/de\/#website\",\"url\":\"https:\/\/hubsch-interior.com\/de\/\",\"name\":\"H\u00fcbsch\",\"description\":\"Danish Home Interior and Design\",\"publisher\":{\"@id\":\"https:\/\/hubsch-interior.com\/de\/#organization\"},\"potentialAction\":[{\"@type\":\"SearchAction\",\"target\":{\"@type\":\"EntryPoint\",\"urlTemplate\":\"https:\/\/hubsch-interior.com\/de\/?s={search_term_string}\"},\"query-input\":{\"@type\":\"PropertyValueSpecification\",\"valueRequired\":true,\"valueName\":\"search_term_string\"}}],\"inLanguage\":\"de\"},{\"@type\":\"Organization\",\"@id\":\"https:\/\/hubsch-interior.com\/de\/#organization\",\"name\":\"H\u00fcbsch\",\"url\":\"https:\/\/hubsch-interior.com\/de\/\",\"logo\":{\"@type\":\"ImageObject\",\"inLanguage\":\"de\",\"@id\":\"https:\/\/hubsch-interior.com\/de\/#\/schema\/logo\/image\/\",\"url\":\"https:\/\/hubsch-interior.com\/wp-content\/uploads\/2022\/12\/Hubsch_logo_black_one_line.svg\",\"contentUrl\":\"https:\/\/hubsch-interior.com\/wp-content\/uploads\/2022\/12\/Hubsch_logo_black_one_line.svg\",\"caption\":\"H\u00fcbsch\"},\"image\":{\"@id\":\"https:\/\/hubsch-interior.com\/de\/#\/schema\/logo\/image\/\"}}]}<\/script>\n<!-- \/ Yoast SEO plugin. -->","yoast_head_json":{"title":"Mush Tischlampe Mini Messingfarben - H\u00fcbsch","description":"Bringen Sie mit der Mush Tischlampe in edlem Messingfinish Eleganz in Ihr Zuhause. Diese aus langlebigem Metall gefertigte, zeitlose Lampe vereint Stil","robots":{"index":"index","follow":"follow","max-snippet":"max-snippet:-1","max-image-preview":"max-image-preview:large","max-video-preview":"max-video-preview:-1"},"canonical":"https:\/\/hubsch-interior.com\/de\/wp-json\/wp\/v2\/product\/1116829","og_locale":"de_DE","og_type":"article","og_title":"Mush Tischlampe Mini Messingfarben - H\u00fcbsch","og_description":"Bringen Sie mit der Mush Tischlampe in edlem Messingfinish Eleganz in Ihr Zuhause. Diese aus langlebigem Metall gefertigte, zeitlose Lampe vereint Stil","og_url":"https:\/\/hubsch-interior.com\/de\/produkt\/mush-tischlampe-mini-messingfarben-2\/","og_site_name":"H\u00fcbsch","article_modified_time":"2026-04-17T03:13:00+00:00","og_image":[{"width":1024,"height":1024,"url":"https:\/\/hubsch-interior.com\/wp-content\/uploads\/2026\/04\/mush-table-lamp-mini-brass-81403f50365db0300168852b1629073f.jpg","type":"image\/jpeg"}],"twitter_card":"summary_large_image","schema":{"@context":"https:\/\/schema.org","@graph":[{"@type":"WebPage","@id":"https:\/\/hubsch-interior.com\/de\/produkt\/mush-tischlampe-mini-messingfarben-2\/","url":"https:\/\/hubsch-interior.com\/de\/produkt\/mush-tischlampe-mini-messingfarben-2\/","name":"Mush Tischlampe Mini Messingfarben - H\u00fcbsch","isPartOf":{"@id":"https:\/\/hubsch-interior.com\/de\/#website"},"primaryImageOfPage":{"@id":"https:\/\/hubsch-interior.com\/de\/produkt\/mush-tischlampe-mini-messingfarben-2\/#primaryimage"},"image":{"@id":"https:\/\/hubsch-interior.com\/de\/produkt\/mush-tischlampe-mini-messingfarben-2\/#primaryimage"},"thumbnailUrl":"https:\/\/hubsch-interior.com\/wp-content\/uploads\/2026\/04\/mush-table-lamp-mini-brass-81403f50365db0300168852b1629073f.jpg","datePublished":"2026-04-16T03:07:40+00:00","dateModified":"2026-04-17T03:13:00+00:00","description":"Bringen Sie mit der Mush Tischlampe in edlem Messingfinish Eleganz in Ihr Zuhause. Diese aus langlebigem Metall gefertigte, zeitlose Lampe vereint Stil","breadcrumb":{"@id":"https:\/\/hubsch-interior.com\/de\/produkt\/mush-tischlampe-mini-messingfarben-2\/#breadcrumb"},"inLanguage":"de","potentialAction":[{"@type":"ReadAction","target":["https:\/\/hubsch-interior.com\/de\/produkt\/mush-tischlampe-mini-messingfarben-2\/"]}]},{"@type":"ImageObject","inLanguage":"de","@id":"https:\/\/hubsch-interior.com\/de\/produkt\/mush-tischlampe-mini-messingfarben-2\/#primaryimage","url":"https:\/\/hubsch-interior.com\/wp-content\/uploads\/2026\/04\/mush-table-lamp-mini-brass-81403f50365db0300168852b1629073f.jpg","contentUrl":"https:\/\/hubsch-interior.com\/wp-content\/uploads\/2026\/04\/mush-table-lamp-mini-brass-81403f50365db0300168852b1629073f.jpg","width":1024,"height":1024},{"@type":"BreadcrumbList","@id":"https:\/\/hubsch-interior.com\/de\/produkt\/mush-tischlampe-mini-messingfarben-2\/#breadcrumb","itemListElement":[{"@type":"ListItem","position":1,"name":"Startseite","item":"https:\/\/hubsch-interior.com\/de\/"},{"@type":"ListItem","position":2,"name":"Produkte","item":"https:\/\/hubsch-interior.com\/de\/shop-2\/"},{"@type":"ListItem","position":3,"name":"Beleuchtung","item":"https:\/\/hubsch-interior.com\/de\/produkt-kategorie\/beleuchtung\/"},{"@type":"ListItem","position":4,"name":"Tischlampen","item":"https:\/\/hubsch-interior.com\/de\/produkt-kategorie\/beleuchtung\/tischlampen-de\/"},{"@type":"ListItem","position":5,"name":"Mush Tischlampe Mini Messingfarben"}]},{"@type":"WebSite","@id":"https:\/\/hubsch-interior.com\/de\/#website","url":"https:\/\/hubsch-interior.com\/de\/","name":"H\u00fcbsch","description":"Danish Home Interior and Design","publisher":{"@id":"https:\/\/hubsch-interior.com\/de\/#organization"},"potentialAction":[{"@type":"SearchAction","target":{"@type":"EntryPoint","urlTemplate":"https:\/\/hubsch-interior.com\/de\/?s={search_term_string}"},"query-input":{"@type":"PropertyValueSpecification","valueRequired":true,"valueName":"search_term_string"}}],"inLanguage":"de"},{"@type":"Organization","@id":"https:\/\/hubsch-interior.com\/de\/#organization","name":"H\u00fcbsch","url":"https:\/\/hubsch-interior.com\/de\/","logo":{"@type":"ImageObject","inLanguage":"de","@id":"https:\/\/hubsch-interior.com\/de\/#\/schema\/logo\/image\/","url":"https:\/\/hubsch-interior.com\/wp-content\/uploads\/2022\/12\/Hubsch_logo_black_one_line.svg","contentUrl":"https:\/\/hubsch-interior.com\/wp-content\/uploads\/2022\/12\/Hubsch_logo_black_one_line.svg","caption":"H\u00fcbsch"},"image":{"@id":"https:\/\/hubsch-interior.com\/de\/#\/schema\/logo\/image\/"}}]}},"_links":{"self":[{"href":"https:\/\/hubsch-interior.com\/de\/wp-json\/wp\/v2\/product\/1116829","targetHints":{"allow":["GET"]}}],"collection":[{"href":"https:\/\/hubsch-interior.com\/de\/wp-json\/wp\/v2\/product"}],"about":[{"href":"https:\/\/hubsch-interior.com\/de\/wp-json\/wp\/v2\/types\/product"}],"wp:featuredmedia":[{"embeddable":true,"href":"https:\/\/hubsch-interior.com\/de\/wp-json\/wp\/v2\/media\/1116839"}],"wp:attachment":[{"href":"https:\/\/hubsch-interior.com\/de\/wp-json\/wp\/v2\/media?parent=1116829"}],"wp:term":[{"taxonomy":"product_brand","embeddable":true,"href":"https:\/\/hubsch-interior.com\/de\/wp-json\/wp\/v2\/product_brand?post=1116829"},{"taxonomy":"product_cat","embeddable":true,"href":"https:\/\/hubsch-interior.com\/de\/wp-json\/wp\/v2\/product_cat?post=1116829"},{"taxonomy":"product_tag","embeddable":true,"href":"https:\/\/hubsch-interior.com\/de\/wp-json\/wp\/v2\/product_tag?post=1116829"}],"curies":[{"name":"wp","href":"https:\/\/api.w.org\/{rel}","templated":true}]}}