{"id":15314,"date":"2020-09-09T23:23:39","date_gmt":"2020-09-09T21:23:39","guid":{"rendered":"https:\/\/hubsch-interior.com\/vare\/product\/"},"modified":"2026-04-09T04:37:04","modified_gmt":"2026-04-09T02:37:04","slug":"pop-aufbewahrungsglas-large-gefrostet-2er-set","status":"publish","type":"product","link":"https:\/\/hubsch-interior.com\/de\/produkt\/pop-aufbewahrungsglas-large-gefrostet-2er-set\/","title":{"rendered":"Pop Aufbewahrungsglas Large Gefrostet (2er Set)"},"content":{"rendered":"<p>Die Aufbewahrungsgl\u00e4ser verf\u00fcgen \u00fcber passende Deckel und sind im zweiteiligen Set erh\u00e4ltlich. Die Gl\u00e4ser bestehen aus Milchglas und eignen sich f\u00fcr die Verwendung in der K\u00fcche, im B\u00fcro, im Bad und an beliebiger anderer Stelle. Dieses Produkt ist handgefertigt und kann daher variieren.<\/p>\n","protected":false},"excerpt":{"rendered":"<p>Die Aufbewahrungsgl\u00e4ser verf\u00fcgen \u00fcber passende Deckel und sind im zweiteiligen Set erh\u00e4ltlich. Die Gl\u00e4ser bestehen aus Milchglas und eignen sich f\u00fcr die Verwendung in der K\u00fcche, im B\u00fcro, im Bad und an beliebiger anderer Stelle. Dieses Produkt ist handgefertigt und kann daher variieren.<\/p>\n","protected":false},"featured_media":1098743,"template":"","meta":{"_acf_changed":false,"inline_featured_image":false},"product_brand":[],"product_cat":[3111,3429,4155,4961],"product_tag":[],"class_list":{"0":"post-15314","1":"product","2":"type-product","3":"status-publish","4":"has-post-thumbnail","6":"product_cat-aufbewahrung-de","7":"product_cat-behaelter-de","8":"product_cat-buero-de","9":"product_cat-aufbewahrungsbox-de","10":"product_shipping_class-pk","12":"pa_color-gefrostet","13":"pa_material-glas-de","15":"first","16":"instock","17":"taxable","18":"shipping-taxable","19":"purchasable","20":"product-type-simple"},"exclude_global_add_ons":[],"addons":[],"acf":[],"yoast_head":"<!-- This site is optimized with the Yoast SEO plugin v26.4 - https:\/\/yoast.com\/wordpress\/plugins\/seo\/ -->\n<title>Pop Aufbewahrungsglas Large Gefrostet (2er Set) - H\u00fcbsch<\/title>\n<meta name=\"description\" content=\"Die Aufbewahrungsgl\u00e4ser verf\u00fcgen \u00fcber passende Deckel und sind im zweiteiligen Set erh\u00e4ltlich. Die Gl\u00e4ser bestehen aus Milchglas und eignen sich f\u00fcr die\" \/>\n<meta name=\"robots\" content=\"index, follow, max-snippet:-1, max-image-preview:large, max-video-preview:-1\" \/>\n<link rel=\"canonical\" href=\"https:\/\/hubsch-interior.com\/de\/wp-json\/wp\/v2\/product\/15314\" \/>\n<meta property=\"og:locale\" content=\"de_DE\" \/>\n<meta property=\"og:type\" content=\"article\" \/>\n<meta property=\"og:title\" content=\"Pop Aufbewahrungsglas Large Gefrostet (2er Set) - H\u00fcbsch\" \/>\n<meta property=\"og:description\" content=\"Die Aufbewahrungsgl\u00e4ser verf\u00fcgen \u00fcber passende Deckel und sind im zweiteiligen Set erh\u00e4ltlich. Die Gl\u00e4ser bestehen aus Milchglas und eignen sich f\u00fcr die\" \/>\n<meta property=\"og:url\" content=\"https:\/\/hubsch-interior.com\/de\/produkt\/pop-aufbewahrungsglas-large-gefrostet-2er-set\/\" \/>\n<meta property=\"og:site_name\" content=\"H\u00fcbsch\" \/>\n<meta property=\"article:modified_time\" content=\"2026-04-09T02:37:04+00:00\" \/>\n<meta property=\"og:image\" content=\"https:\/\/hubsch-interior.com\/wp-content\/uploads\/2024\/01\/pop-storage-jars-large-frosted-set-of-2-5dcd046b365cf8aa8db0c241b8aa228f.jpg\" \/>\n\t<meta property=\"og:image:width\" content=\"1200\" \/>\n\t<meta property=\"og:image:height\" content=\"1200\" \/>\n\t<meta property=\"og:image:type\" content=\"image\/jpeg\" \/>\n<meta name=\"twitter:card\" content=\"summary_large_image\" \/>\n<script type=\"application\/ld+json\" class=\"yoast-schema-graph\">{\"@context\":\"https:\/\/schema.org\",\"@graph\":[{\"@type\":\"WebPage\",\"@id\":\"https:\/\/hubsch-interior.com\/de\/produkt\/pop-aufbewahrungsglas-large-gefrostet-2er-set\/\",\"url\":\"https:\/\/hubsch-interior.com\/de\/produkt\/pop-aufbewahrungsglas-large-gefrostet-2er-set\/\",\"name\":\"Pop Aufbewahrungsglas Large Gefrostet (2er Set) - H\u00fcbsch\",\"isPartOf\":{\"@id\":\"https:\/\/hubsch-interior.com\/de\/#website\"},\"primaryImageOfPage\":{\"@id\":\"https:\/\/hubsch-interior.com\/de\/produkt\/pop-aufbewahrungsglas-large-gefrostet-2er-set\/#primaryimage\"},\"image\":{\"@id\":\"https:\/\/hubsch-interior.com\/de\/produkt\/pop-aufbewahrungsglas-large-gefrostet-2er-set\/#primaryimage\"},\"thumbnailUrl\":\"https:\/\/hubsch-interior.com\/wp-content\/uploads\/2026\/02\/pop-storage-jars-large-frosted-set-of-2-632fa2e1601661e419a99257d77e8eac.jpg\",\"datePublished\":\"2020-09-09T21:23:39+00:00\",\"dateModified\":\"2026-04-09T02:37:04+00:00\",\"description\":\"Die Aufbewahrungsgl\u00e4ser verf\u00fcgen \u00fcber passende Deckel und sind im zweiteiligen Set erh\u00e4ltlich. Die Gl\u00e4ser bestehen aus Milchglas und eignen sich f\u00fcr die\",\"breadcrumb\":{\"@id\":\"https:\/\/hubsch-interior.com\/de\/produkt\/pop-aufbewahrungsglas-large-gefrostet-2er-set\/#breadcrumb\"},\"inLanguage\":\"de\",\"potentialAction\":[{\"@type\":\"ReadAction\",\"target\":[\"https:\/\/hubsch-interior.com\/de\/produkt\/pop-aufbewahrungsglas-large-gefrostet-2er-set\/\"]}]},{\"@type\":\"ImageObject\",\"inLanguage\":\"de\",\"@id\":\"https:\/\/hubsch-interior.com\/de\/produkt\/pop-aufbewahrungsglas-large-gefrostet-2er-set\/#primaryimage\",\"url\":\"https:\/\/hubsch-interior.com\/wp-content\/uploads\/2026\/02\/pop-storage-jars-large-frosted-set-of-2-632fa2e1601661e419a99257d77e8eac.jpg\",\"contentUrl\":\"https:\/\/hubsch-interior.com\/wp-content\/uploads\/2026\/02\/pop-storage-jars-large-frosted-set-of-2-632fa2e1601661e419a99257d77e8eac.jpg\",\"width\":1024,\"height\":1024},{\"@type\":\"BreadcrumbList\",\"@id\":\"https:\/\/hubsch-interior.com\/de\/produkt\/pop-aufbewahrungsglas-large-gefrostet-2er-set\/#breadcrumb\",\"itemListElement\":[{\"@type\":\"ListItem\",\"position\":1,\"name\":\"Startseite\",\"item\":\"https:\/\/hubsch-interior.com\/de\/\"},{\"@type\":\"ListItem\",\"position\":2,\"name\":\"Produkte\",\"item\":\"https:\/\/hubsch-interior.com\/de\/shop-2\/\"},{\"@type\":\"ListItem\",\"position\":3,\"name\":\"Wohnaccessoires\",\"item\":\"https:\/\/hubsch-interior.com\/de\/produkt-kategorie\/wohnaccessoires\/\"},{\"@type\":\"ListItem\",\"position\":4,\"name\":\"Aufbewahrung\",\"item\":\"https:\/\/hubsch-interior.com\/de\/produkt-kategorie\/wohnaccessoires\/aufbewahrung-de\/\"},{\"@type\":\"ListItem\",\"position\":5,\"name\":\"Beh&auml;lter\",\"item\":\"https:\/\/hubsch-interior.com\/de\/produkt-kategorie\/wohnaccessoires\/aufbewahrung-de\/behaelter-de\/\"},{\"@type\":\"ListItem\",\"position\":6,\"name\":\"Pop Aufbewahrungsglas Large Gefrostet (2er Set)\"}]},{\"@type\":\"WebSite\",\"@id\":\"https:\/\/hubsch-interior.com\/de\/#website\",\"url\":\"https:\/\/hubsch-interior.com\/de\/\",\"name\":\"H\u00fcbsch\",\"description\":\"Danish Home Interior and Design\",\"publisher\":{\"@id\":\"https:\/\/hubsch-interior.com\/de\/#organization\"},\"potentialAction\":[{\"@type\":\"SearchAction\",\"target\":{\"@type\":\"EntryPoint\",\"urlTemplate\":\"https:\/\/hubsch-interior.com\/de\/?s={search_term_string}\"},\"query-input\":{\"@type\":\"PropertyValueSpecification\",\"valueRequired\":true,\"valueName\":\"search_term_string\"}}],\"inLanguage\":\"de\"},{\"@type\":\"Organization\",\"@id\":\"https:\/\/hubsch-interior.com\/de\/#organization\",\"name\":\"H\u00fcbsch\",\"url\":\"https:\/\/hubsch-interior.com\/de\/\",\"logo\":{\"@type\":\"ImageObject\",\"inLanguage\":\"de\",\"@id\":\"https:\/\/hubsch-interior.com\/de\/#\/schema\/logo\/image\/\",\"url\":\"https:\/\/hubsch-interior.com\/wp-content\/uploads\/2022\/12\/Hubsch_logo_black_one_line.svg\",\"contentUrl\":\"https:\/\/hubsch-interior.com\/wp-content\/uploads\/2022\/12\/Hubsch_logo_black_one_line.svg\",\"caption\":\"H\u00fcbsch\"},\"image\":{\"@id\":\"https:\/\/hubsch-interior.com\/de\/#\/schema\/logo\/image\/\"}}]}<\/script>\n<!-- \/ Yoast SEO plugin. -->","yoast_head_json":{"title":"Pop Aufbewahrungsglas Large Gefrostet (2er Set) - H\u00fcbsch","description":"Die Aufbewahrungsgl\u00e4ser verf\u00fcgen \u00fcber passende Deckel und sind im zweiteiligen Set erh\u00e4ltlich. Die Gl\u00e4ser bestehen aus Milchglas und eignen sich f\u00fcr die","robots":{"index":"index","follow":"follow","max-snippet":"max-snippet:-1","max-image-preview":"max-image-preview:large","max-video-preview":"max-video-preview:-1"},"canonical":"https:\/\/hubsch-interior.com\/de\/wp-json\/wp\/v2\/product\/15314","og_locale":"de_DE","og_type":"article","og_title":"Pop Aufbewahrungsglas Large Gefrostet (2er Set) - H\u00fcbsch","og_description":"Die Aufbewahrungsgl\u00e4ser verf\u00fcgen \u00fcber passende Deckel und sind im zweiteiligen Set erh\u00e4ltlich. Die Gl\u00e4ser bestehen aus Milchglas und eignen sich f\u00fcr die","og_url":"https:\/\/hubsch-interior.com\/de\/produkt\/pop-aufbewahrungsglas-large-gefrostet-2er-set\/","og_site_name":"H\u00fcbsch","article_modified_time":"2026-04-09T02:37:04+00:00","og_image":[{"width":1200,"height":1200,"url":"https:\/\/hubsch-interior.com\/wp-content\/uploads\/2024\/01\/pop-storage-jars-large-frosted-set-of-2-5dcd046b365cf8aa8db0c241b8aa228f.jpg","type":"image\/jpeg"}],"twitter_card":"summary_large_image","schema":{"@context":"https:\/\/schema.org","@graph":[{"@type":"WebPage","@id":"https:\/\/hubsch-interior.com\/de\/produkt\/pop-aufbewahrungsglas-large-gefrostet-2er-set\/","url":"https:\/\/hubsch-interior.com\/de\/produkt\/pop-aufbewahrungsglas-large-gefrostet-2er-set\/","name":"Pop Aufbewahrungsglas Large Gefrostet (2er Set) - H\u00fcbsch","isPartOf":{"@id":"https:\/\/hubsch-interior.com\/de\/#website"},"primaryImageOfPage":{"@id":"https:\/\/hubsch-interior.com\/de\/produkt\/pop-aufbewahrungsglas-large-gefrostet-2er-set\/#primaryimage"},"image":{"@id":"https:\/\/hubsch-interior.com\/de\/produkt\/pop-aufbewahrungsglas-large-gefrostet-2er-set\/#primaryimage"},"thumbnailUrl":"https:\/\/hubsch-interior.com\/wp-content\/uploads\/2026\/02\/pop-storage-jars-large-frosted-set-of-2-632fa2e1601661e419a99257d77e8eac.jpg","datePublished":"2020-09-09T21:23:39+00:00","dateModified":"2026-04-09T02:37:04+00:00","description":"Die Aufbewahrungsgl\u00e4ser verf\u00fcgen \u00fcber passende Deckel und sind im zweiteiligen Set erh\u00e4ltlich. Die Gl\u00e4ser bestehen aus Milchglas und eignen sich f\u00fcr die","breadcrumb":{"@id":"https:\/\/hubsch-interior.com\/de\/produkt\/pop-aufbewahrungsglas-large-gefrostet-2er-set\/#breadcrumb"},"inLanguage":"de","potentialAction":[{"@type":"ReadAction","target":["https:\/\/hubsch-interior.com\/de\/produkt\/pop-aufbewahrungsglas-large-gefrostet-2er-set\/"]}]},{"@type":"ImageObject","inLanguage":"de","@id":"https:\/\/hubsch-interior.com\/de\/produkt\/pop-aufbewahrungsglas-large-gefrostet-2er-set\/#primaryimage","url":"https:\/\/hubsch-interior.com\/wp-content\/uploads\/2026\/02\/pop-storage-jars-large-frosted-set-of-2-632fa2e1601661e419a99257d77e8eac.jpg","contentUrl":"https:\/\/hubsch-interior.com\/wp-content\/uploads\/2026\/02\/pop-storage-jars-large-frosted-set-of-2-632fa2e1601661e419a99257d77e8eac.jpg","width":1024,"height":1024},{"@type":"BreadcrumbList","@id":"https:\/\/hubsch-interior.com\/de\/produkt\/pop-aufbewahrungsglas-large-gefrostet-2er-set\/#breadcrumb","itemListElement":[{"@type":"ListItem","position":1,"name":"Startseite","item":"https:\/\/hubsch-interior.com\/de\/"},{"@type":"ListItem","position":2,"name":"Produkte","item":"https:\/\/hubsch-interior.com\/de\/shop-2\/"},{"@type":"ListItem","position":3,"name":"Wohnaccessoires","item":"https:\/\/hubsch-interior.com\/de\/produkt-kategorie\/wohnaccessoires\/"},{"@type":"ListItem","position":4,"name":"Aufbewahrung","item":"https:\/\/hubsch-interior.com\/de\/produkt-kategorie\/wohnaccessoires\/aufbewahrung-de\/"},{"@type":"ListItem","position":5,"name":"Beh&auml;lter","item":"https:\/\/hubsch-interior.com\/de\/produkt-kategorie\/wohnaccessoires\/aufbewahrung-de\/behaelter-de\/"},{"@type":"ListItem","position":6,"name":"Pop Aufbewahrungsglas Large Gefrostet (2er Set)"}]},{"@type":"WebSite","@id":"https:\/\/hubsch-interior.com\/de\/#website","url":"https:\/\/hubsch-interior.com\/de\/","name":"H\u00fcbsch","description":"Danish Home Interior and Design","publisher":{"@id":"https:\/\/hubsch-interior.com\/de\/#organization"},"potentialAction":[{"@type":"SearchAction","target":{"@type":"EntryPoint","urlTemplate":"https:\/\/hubsch-interior.com\/de\/?s={search_term_string}"},"query-input":{"@type":"PropertyValueSpecification","valueRequired":true,"valueName":"search_term_string"}}],"inLanguage":"de"},{"@type":"Organization","@id":"https:\/\/hubsch-interior.com\/de\/#organization","name":"H\u00fcbsch","url":"https:\/\/hubsch-interior.com\/de\/","logo":{"@type":"ImageObject","inLanguage":"de","@id":"https:\/\/hubsch-interior.com\/de\/#\/schema\/logo\/image\/","url":"https:\/\/hubsch-interior.com\/wp-content\/uploads\/2022\/12\/Hubsch_logo_black_one_line.svg","contentUrl":"https:\/\/hubsch-interior.com\/wp-content\/uploads\/2022\/12\/Hubsch_logo_black_one_line.svg","caption":"H\u00fcbsch"},"image":{"@id":"https:\/\/hubsch-interior.com\/de\/#\/schema\/logo\/image\/"}}]}},"_links":{"self":[{"href":"https:\/\/hubsch-interior.com\/de\/wp-json\/wp\/v2\/product\/15314","targetHints":{"allow":["GET"]}}],"collection":[{"href":"https:\/\/hubsch-interior.com\/de\/wp-json\/wp\/v2\/product"}],"about":[{"href":"https:\/\/hubsch-interior.com\/de\/wp-json\/wp\/v2\/types\/product"}],"wp:featuredmedia":[{"embeddable":true,"href":"https:\/\/hubsch-interior.com\/de\/wp-json\/wp\/v2\/media\/1098743"}],"wp:attachment":[{"href":"https:\/\/hubsch-interior.com\/de\/wp-json\/wp\/v2\/media?parent=15314"}],"wp:term":[{"taxonomy":"product_brand","embeddable":true,"href":"https:\/\/hubsch-interior.com\/de\/wp-json\/wp\/v2\/product_brand?post=15314"},{"taxonomy":"product_cat","embeddable":true,"href":"https:\/\/hubsch-interior.com\/de\/wp-json\/wp\/v2\/product_cat?post=15314"},{"taxonomy":"product_tag","embeddable":true,"href":"https:\/\/hubsch-interior.com\/de\/wp-json\/wp\/v2\/product_tag?post=15314"}],"curies":[{"name":"wp","href":"https:\/\/api.w.org\/{rel}","templated":true}]}}