{"id":15834,"date":"2020-09-09T23:24:23","date_gmt":"2020-09-09T21:24:23","guid":{"rendered":"https:\/\/hubsch-interior.com\/vare\/product\/"},"modified":"2026-04-09T04:40:59","modified_gmt":"2026-04-09T02:40:59","slug":"mochi-pouf-o50-braun","status":"publish","type":"product","link":"https:\/\/hubsch-interior.com\/de\/produkt\/mochi-pouf-o50-braun\/","title":{"rendered":"Mochi Pouf \u00d850 Braun"},"content":{"rendered":"<p>Der Pouf ist mit Wolle in einem Fischgr\u00e4tenmuster bezogen und hat einen naturfarbenen Ledergriff. Verwenden Sie den Pouf als zus\u00e4tzliche Sitzm\u00f6glichkeit im Wohnzimmer oder sogar als Fu\u00dfst\u00fctze. Die weiche Form verbreiten eine feminine Atmosph\u00e4re und passen gut in das moderne Zuhause.<\/p>\n","protected":false},"excerpt":{"rendered":"<p>Der Pouf ist mit Wolle in einem Fischgr\u00e4tenmuster bezogen und hat einen naturfarbenen Ledergriff. Verwenden Sie den Pouf als zus\u00e4tzliche Sitzm\u00f6glichkeit im Wohnzimmer oder sogar als Fu\u00dfst\u00fctze. Die weiche Form verbreiten eine feminine Atmosph\u00e4re und passen gut in das moderne Zuhause.<\/p>\n","protected":false},"featured_media":1099885,"template":"","meta":{"_acf_changed":false,"inline_featured_image":false},"product_brand":[],"product_cat":[2845,5458,5027],"product_tag":[],"class_list":{"0":"post-15834","1":"product","2":"type-product","3":"status-publish","4":"has-post-thumbnail","6":"product_cat-sitzmoebel-de","7":"product_cat-poufs-de","8":"product_cat-bestsellers-de","9":"product_shipping_class-pk","11":"pa_color-braun","12":"pa_material-acrylic-10-de","13":"pa_material-nylon-10-de","14":"pa_material-polyester-15-de","15":"pa_material-wool-65-de","16":"pa_material-leder","18":"first","19":"instock","20":"featured","21":"taxable","22":"shipping-taxable","23":"purchasable","24":"product-type-simple"},"exclude_global_add_ons":[],"addons":[],"acf":[],"yoast_head":"<!-- This site is optimized with the Yoast SEO plugin v26.4 - https:\/\/yoast.com\/wordpress\/plugins\/seo\/ -->\n<title>Mochi Pouf \u00d850 Braun - H\u00fcbsch<\/title>\n<meta name=\"description\" content=\"Der Pouf ist mit Wolle in einem Fischgr\u00e4tenmuster bezogen und hat einen naturfarbenen Ledergriff. Verwenden Sie den Pouf als zus\u00e4tzliche Sitzm\u00f6glichkeit\" \/>\n<meta name=\"robots\" content=\"index, follow, max-snippet:-1, max-image-preview:large, max-video-preview:-1\" \/>\n<link rel=\"canonical\" href=\"https:\/\/hubsch-interior.com\/de\/wp-json\/wp\/v2\/product\/15834\" \/>\n<meta property=\"og:locale\" content=\"de_DE\" \/>\n<meta property=\"og:type\" content=\"article\" \/>\n<meta property=\"og:title\" content=\"Mochi Pouf \u00d850 Braun - H\u00fcbsch\" \/>\n<meta property=\"og:description\" content=\"Der Pouf ist mit Wolle in einem Fischgr\u00e4tenmuster bezogen und hat einen naturfarbenen Ledergriff. Verwenden Sie den Pouf als zus\u00e4tzliche Sitzm\u00f6glichkeit\" \/>\n<meta property=\"og:url\" content=\"https:\/\/hubsch-interior.com\/de\/produkt\/mochi-pouf-o50-braun\/\" \/>\n<meta property=\"og:site_name\" content=\"H\u00fcbsch\" \/>\n<meta property=\"article:modified_time\" content=\"2026-04-09T02:40:59+00:00\" \/>\n<meta property=\"og:image\" content=\"https:\/\/hubsch-interior.com\/wp-content\/uploads\/2025\/04\/mochi-pouffe-O50-brown-dba7edb84ce20df720a58a87119c6995.jpg\" \/>\n\t<meta property=\"og:image:width\" content=\"1200\" \/>\n\t<meta property=\"og:image:height\" content=\"1200\" \/>\n\t<meta property=\"og:image:type\" content=\"image\/jpeg\" \/>\n<meta name=\"twitter:card\" content=\"summary_large_image\" \/>\n<script type=\"application\/ld+json\" class=\"yoast-schema-graph\">{\"@context\":\"https:\/\/schema.org\",\"@graph\":[{\"@type\":\"WebPage\",\"@id\":\"https:\/\/hubsch-interior.com\/de\/produkt\/mochi-pouf-o50-braun\/\",\"url\":\"https:\/\/hubsch-interior.com\/de\/produkt\/mochi-pouf-o50-braun\/\",\"name\":\"Mochi Pouf \u00d850 Braun - H\u00fcbsch\",\"isPartOf\":{\"@id\":\"https:\/\/hubsch-interior.com\/de\/#website\"},\"primaryImageOfPage\":{\"@id\":\"https:\/\/hubsch-interior.com\/de\/produkt\/mochi-pouf-o50-braun\/#primaryimage\"},\"image\":{\"@id\":\"https:\/\/hubsch-interior.com\/de\/produkt\/mochi-pouf-o50-braun\/#primaryimage\"},\"thumbnailUrl\":\"https:\/\/hubsch-interior.com\/wp-content\/uploads\/2026\/02\/mochi-pouffe-O50-brown-a9cdbe0ae0a61972e674b59dcd47a42e.jpg\",\"datePublished\":\"2020-09-09T21:24:23+00:00\",\"dateModified\":\"2026-04-09T02:40:59+00:00\",\"description\":\"Der Pouf ist mit Wolle in einem Fischgr\u00e4tenmuster bezogen und hat einen naturfarbenen Ledergriff. Verwenden Sie den Pouf als zus\u00e4tzliche Sitzm\u00f6glichkeit\",\"breadcrumb\":{\"@id\":\"https:\/\/hubsch-interior.com\/de\/produkt\/mochi-pouf-o50-braun\/#breadcrumb\"},\"inLanguage\":\"de\",\"potentialAction\":[{\"@type\":\"ReadAction\",\"target\":[\"https:\/\/hubsch-interior.com\/de\/produkt\/mochi-pouf-o50-braun\/\"]}]},{\"@type\":\"ImageObject\",\"inLanguage\":\"de\",\"@id\":\"https:\/\/hubsch-interior.com\/de\/produkt\/mochi-pouf-o50-braun\/#primaryimage\",\"url\":\"https:\/\/hubsch-interior.com\/wp-content\/uploads\/2026\/02\/mochi-pouffe-O50-brown-a9cdbe0ae0a61972e674b59dcd47a42e.jpg\",\"contentUrl\":\"https:\/\/hubsch-interior.com\/wp-content\/uploads\/2026\/02\/mochi-pouffe-O50-brown-a9cdbe0ae0a61972e674b59dcd47a42e.jpg\",\"width\":1024,\"height\":1024},{\"@type\":\"BreadcrumbList\",\"@id\":\"https:\/\/hubsch-interior.com\/de\/produkt\/mochi-pouf-o50-braun\/#breadcrumb\",\"itemListElement\":[{\"@type\":\"ListItem\",\"position\":1,\"name\":\"Startseite\",\"item\":\"https:\/\/hubsch-interior.com\/de\/\"},{\"@type\":\"ListItem\",\"position\":2,\"name\":\"Produkte\",\"item\":\"https:\/\/hubsch-interior.com\/de\/shop-2\/\"},{\"@type\":\"ListItem\",\"position\":3,\"name\":\"M\u00f6bel\",\"item\":\"https:\/\/hubsch-interior.com\/de\/produkt-kategorie\/moebel\/\"},{\"@type\":\"ListItem\",\"position\":4,\"name\":\"Sitzm&ouml;bel\",\"item\":\"https:\/\/hubsch-interior.com\/de\/produkt-kategorie\/moebel\/sitzmoebel-de\/\"},{\"@type\":\"ListItem\",\"position\":5,\"name\":\"Poufs\",\"item\":\"https:\/\/hubsch-interior.com\/de\/produkt-kategorie\/moebel\/sitzmoebel-de\/poufs-de\/\"},{\"@type\":\"ListItem\",\"position\":6,\"name\":\"Mochi Pouf \u00d850 Braun\"}]},{\"@type\":\"WebSite\",\"@id\":\"https:\/\/hubsch-interior.com\/de\/#website\",\"url\":\"https:\/\/hubsch-interior.com\/de\/\",\"name\":\"H\u00fcbsch\",\"description\":\"Danish Home Interior and Design\",\"publisher\":{\"@id\":\"https:\/\/hubsch-interior.com\/de\/#organization\"},\"potentialAction\":[{\"@type\":\"SearchAction\",\"target\":{\"@type\":\"EntryPoint\",\"urlTemplate\":\"https:\/\/hubsch-interior.com\/de\/?s={search_term_string}\"},\"query-input\":{\"@type\":\"PropertyValueSpecification\",\"valueRequired\":true,\"valueName\":\"search_term_string\"}}],\"inLanguage\":\"de\"},{\"@type\":\"Organization\",\"@id\":\"https:\/\/hubsch-interior.com\/de\/#organization\",\"name\":\"H\u00fcbsch\",\"url\":\"https:\/\/hubsch-interior.com\/de\/\",\"logo\":{\"@type\":\"ImageObject\",\"inLanguage\":\"de\",\"@id\":\"https:\/\/hubsch-interior.com\/de\/#\/schema\/logo\/image\/\",\"url\":\"https:\/\/hubsch-interior.com\/wp-content\/uploads\/2022\/12\/Hubsch_logo_black_one_line.svg\",\"contentUrl\":\"https:\/\/hubsch-interior.com\/wp-content\/uploads\/2022\/12\/Hubsch_logo_black_one_line.svg\",\"caption\":\"H\u00fcbsch\"},\"image\":{\"@id\":\"https:\/\/hubsch-interior.com\/de\/#\/schema\/logo\/image\/\"}}]}<\/script>\n<!-- \/ Yoast SEO plugin. -->","yoast_head_json":{"title":"Mochi Pouf \u00d850 Braun - H\u00fcbsch","description":"Der Pouf ist mit Wolle in einem Fischgr\u00e4tenmuster bezogen und hat einen naturfarbenen Ledergriff. Verwenden Sie den Pouf als zus\u00e4tzliche Sitzm\u00f6glichkeit","robots":{"index":"index","follow":"follow","max-snippet":"max-snippet:-1","max-image-preview":"max-image-preview:large","max-video-preview":"max-video-preview:-1"},"canonical":"https:\/\/hubsch-interior.com\/de\/wp-json\/wp\/v2\/product\/15834","og_locale":"de_DE","og_type":"article","og_title":"Mochi Pouf \u00d850 Braun - H\u00fcbsch","og_description":"Der Pouf ist mit Wolle in einem Fischgr\u00e4tenmuster bezogen und hat einen naturfarbenen Ledergriff. Verwenden Sie den Pouf als zus\u00e4tzliche Sitzm\u00f6glichkeit","og_url":"https:\/\/hubsch-interior.com\/de\/produkt\/mochi-pouf-o50-braun\/","og_site_name":"H\u00fcbsch","article_modified_time":"2026-04-09T02:40:59+00:00","og_image":[{"width":1200,"height":1200,"url":"https:\/\/hubsch-interior.com\/wp-content\/uploads\/2025\/04\/mochi-pouffe-O50-brown-dba7edb84ce20df720a58a87119c6995.jpg","type":"image\/jpeg"}],"twitter_card":"summary_large_image","schema":{"@context":"https:\/\/schema.org","@graph":[{"@type":"WebPage","@id":"https:\/\/hubsch-interior.com\/de\/produkt\/mochi-pouf-o50-braun\/","url":"https:\/\/hubsch-interior.com\/de\/produkt\/mochi-pouf-o50-braun\/","name":"Mochi Pouf \u00d850 Braun - H\u00fcbsch","isPartOf":{"@id":"https:\/\/hubsch-interior.com\/de\/#website"},"primaryImageOfPage":{"@id":"https:\/\/hubsch-interior.com\/de\/produkt\/mochi-pouf-o50-braun\/#primaryimage"},"image":{"@id":"https:\/\/hubsch-interior.com\/de\/produkt\/mochi-pouf-o50-braun\/#primaryimage"},"thumbnailUrl":"https:\/\/hubsch-interior.com\/wp-content\/uploads\/2026\/02\/mochi-pouffe-O50-brown-a9cdbe0ae0a61972e674b59dcd47a42e.jpg","datePublished":"2020-09-09T21:24:23+00:00","dateModified":"2026-04-09T02:40:59+00:00","description":"Der Pouf ist mit Wolle in einem Fischgr\u00e4tenmuster bezogen und hat einen naturfarbenen Ledergriff. Verwenden Sie den Pouf als zus\u00e4tzliche Sitzm\u00f6glichkeit","breadcrumb":{"@id":"https:\/\/hubsch-interior.com\/de\/produkt\/mochi-pouf-o50-braun\/#breadcrumb"},"inLanguage":"de","potentialAction":[{"@type":"ReadAction","target":["https:\/\/hubsch-interior.com\/de\/produkt\/mochi-pouf-o50-braun\/"]}]},{"@type":"ImageObject","inLanguage":"de","@id":"https:\/\/hubsch-interior.com\/de\/produkt\/mochi-pouf-o50-braun\/#primaryimage","url":"https:\/\/hubsch-interior.com\/wp-content\/uploads\/2026\/02\/mochi-pouffe-O50-brown-a9cdbe0ae0a61972e674b59dcd47a42e.jpg","contentUrl":"https:\/\/hubsch-interior.com\/wp-content\/uploads\/2026\/02\/mochi-pouffe-O50-brown-a9cdbe0ae0a61972e674b59dcd47a42e.jpg","width":1024,"height":1024},{"@type":"BreadcrumbList","@id":"https:\/\/hubsch-interior.com\/de\/produkt\/mochi-pouf-o50-braun\/#breadcrumb","itemListElement":[{"@type":"ListItem","position":1,"name":"Startseite","item":"https:\/\/hubsch-interior.com\/de\/"},{"@type":"ListItem","position":2,"name":"Produkte","item":"https:\/\/hubsch-interior.com\/de\/shop-2\/"},{"@type":"ListItem","position":3,"name":"M\u00f6bel","item":"https:\/\/hubsch-interior.com\/de\/produkt-kategorie\/moebel\/"},{"@type":"ListItem","position":4,"name":"Sitzm&ouml;bel","item":"https:\/\/hubsch-interior.com\/de\/produkt-kategorie\/moebel\/sitzmoebel-de\/"},{"@type":"ListItem","position":5,"name":"Poufs","item":"https:\/\/hubsch-interior.com\/de\/produkt-kategorie\/moebel\/sitzmoebel-de\/poufs-de\/"},{"@type":"ListItem","position":6,"name":"Mochi Pouf \u00d850 Braun"}]},{"@type":"WebSite","@id":"https:\/\/hubsch-interior.com\/de\/#website","url":"https:\/\/hubsch-interior.com\/de\/","name":"H\u00fcbsch","description":"Danish Home Interior and Design","publisher":{"@id":"https:\/\/hubsch-interior.com\/de\/#organization"},"potentialAction":[{"@type":"SearchAction","target":{"@type":"EntryPoint","urlTemplate":"https:\/\/hubsch-interior.com\/de\/?s={search_term_string}"},"query-input":{"@type":"PropertyValueSpecification","valueRequired":true,"valueName":"search_term_string"}}],"inLanguage":"de"},{"@type":"Organization","@id":"https:\/\/hubsch-interior.com\/de\/#organization","name":"H\u00fcbsch","url":"https:\/\/hubsch-interior.com\/de\/","logo":{"@type":"ImageObject","inLanguage":"de","@id":"https:\/\/hubsch-interior.com\/de\/#\/schema\/logo\/image\/","url":"https:\/\/hubsch-interior.com\/wp-content\/uploads\/2022\/12\/Hubsch_logo_black_one_line.svg","contentUrl":"https:\/\/hubsch-interior.com\/wp-content\/uploads\/2022\/12\/Hubsch_logo_black_one_line.svg","caption":"H\u00fcbsch"},"image":{"@id":"https:\/\/hubsch-interior.com\/de\/#\/schema\/logo\/image\/"}}]}},"_links":{"self":[{"href":"https:\/\/hubsch-interior.com\/de\/wp-json\/wp\/v2\/product\/15834","targetHints":{"allow":["GET"]}}],"collection":[{"href":"https:\/\/hubsch-interior.com\/de\/wp-json\/wp\/v2\/product"}],"about":[{"href":"https:\/\/hubsch-interior.com\/de\/wp-json\/wp\/v2\/types\/product"}],"wp:featuredmedia":[{"embeddable":true,"href":"https:\/\/hubsch-interior.com\/de\/wp-json\/wp\/v2\/media\/1099885"}],"wp:attachment":[{"href":"https:\/\/hubsch-interior.com\/de\/wp-json\/wp\/v2\/media?parent=15834"}],"wp:term":[{"taxonomy":"product_brand","embeddable":true,"href":"https:\/\/hubsch-interior.com\/de\/wp-json\/wp\/v2\/product_brand?post=15834"},{"taxonomy":"product_cat","embeddable":true,"href":"https:\/\/hubsch-interior.com\/de\/wp-json\/wp\/v2\/product_cat?post=15834"},{"taxonomy":"product_tag","embeddable":true,"href":"https:\/\/hubsch-interior.com\/de\/wp-json\/wp\/v2\/product_tag?post=15834"}],"curies":[{"name":"wp","href":"https:\/\/api.w.org\/{rel}","templated":true}]}}