{"id":15918,"date":"2020-09-09T23:24:29","date_gmt":"2020-09-09T21:24:29","guid":{"rendered":"https:\/\/hubsch-interior.com\/vare\/product\/"},"modified":"2026-04-05T04:41:16","modified_gmt":"2026-04-05T02:41:16","slug":"sage-teppich-oval-naturfarben","status":"publish","type":"product","link":"https:\/\/hubsch-interior.com\/de\/produkt\/sage-teppich-oval-naturfarben\/","title":{"rendered":"Sage Teppich Oval Naturfarben"},"content":{"rendered":"<p>Dieser L\u00e4ufer besteht aus Jute und ist in der Gr\u00f6\u00dfe 100x200cm erh\u00e4ltlich. Das Material sowie die ovale Form sorgen f\u00fcr einen organischen und nat\u00fcrlichen Look. Platzieren Sie den Teppich f\u00fcr eine schlichte und nat\u00fcrliche Note an einem beliebigen Ort in Ihrem Zuhause. Dieses Produkt ist handgefertigt und kann daher variieren.<\/p>\n","protected":false},"excerpt":{"rendered":"<p>Dieser L\u00e4ufer besteht aus Jute und ist in der Gr\u00f6\u00dfe 100x200cm erh\u00e4ltlich. Das Material sowie die ovale Form sorgen f\u00fcr einen organischen und nat\u00fcrlichen Look. Platzieren Sie den Teppich f\u00fcr eine schlichte und nat\u00fcrliche Note an einem beliebigen Ort in Ihrem Zuhause. Dieses Produkt ist handgefertigt und kann daher variieren.<\/p>\n","protected":false},"featured_media":1099945,"template":"","meta":{"_acf_changed":false,"inline_featured_image":false},"product_brand":[],"product_cat":[3004,3325,5027,5031],"product_tag":[],"class_list":{"0":"post-15918","1":"product","2":"type-product","3":"status-publish","4":"has-post-thumbnail","6":"product_cat-textilien","7":"product_cat-teppiche-de","8":"product_cat-bestsellers-de","9":"product_cat-wieder-auf-lager-de","10":"product_shipping_class-pk","12":"pa_color-naturfarben-2","13":"pa_material-jute-de","15":"first","16":"instock","17":"featured","18":"taxable","19":"shipping-taxable","20":"purchasable","21":"product-type-simple"},"exclude_global_add_ons":[],"addons":[],"acf":[],"yoast_head":"<!-- This site is optimized with the Yoast SEO plugin v26.4 - https:\/\/yoast.com\/wordpress\/plugins\/seo\/ -->\n<title>Sage Teppich Oval Naturfarben - H\u00fcbsch<\/title>\n<meta name=\"description\" content=\"Dieser L\u00e4ufer besteht aus Jute und ist in der Gr\u00f6\u00dfe 100x200cm erh\u00e4ltlich. Das Material sowie die ovale Form sorgen f\u00fcr einen organischen und nat\u00fcrlichen\" \/>\n<meta name=\"robots\" content=\"index, follow, max-snippet:-1, max-image-preview:large, max-video-preview:-1\" \/>\n<link rel=\"canonical\" href=\"https:\/\/hubsch-interior.com\/de\/wp-json\/wp\/v2\/product\/15918\" \/>\n<meta property=\"og:locale\" content=\"de_DE\" \/>\n<meta property=\"og:type\" content=\"article\" \/>\n<meta property=\"og:title\" content=\"Sage Teppich Oval Naturfarben - H\u00fcbsch\" \/>\n<meta property=\"og:description\" content=\"Dieser L\u00e4ufer besteht aus Jute und ist in der Gr\u00f6\u00dfe 100x200cm erh\u00e4ltlich. Das Material sowie die ovale Form sorgen f\u00fcr einen organischen und nat\u00fcrlichen\" \/>\n<meta property=\"og:url\" content=\"https:\/\/hubsch-interior.com\/de\/produkt\/sage-teppich-oval-naturfarben\/\" \/>\n<meta property=\"og:site_name\" content=\"H\u00fcbsch\" \/>\n<meta property=\"article:modified_time\" content=\"2026-04-05T02:41:16+00:00\" \/>\n<meta property=\"og:image\" content=\"https:\/\/hubsch-interior.com\/wp-content\/uploads\/2024\/01\/sage-rug-oval-natural-fbc15111b81d1b29f6c09f953e9c06c1.jpg\" \/>\n\t<meta property=\"og:image:width\" content=\"1200\" \/>\n\t<meta property=\"og:image:height\" content=\"1200\" \/>\n\t<meta property=\"og:image:type\" content=\"image\/jpeg\" \/>\n<meta name=\"twitter:card\" content=\"summary_large_image\" \/>\n<script type=\"application\/ld+json\" class=\"yoast-schema-graph\">{\"@context\":\"https:\/\/schema.org\",\"@graph\":[{\"@type\":\"WebPage\",\"@id\":\"https:\/\/hubsch-interior.com\/de\/produkt\/sage-teppich-oval-naturfarben\/\",\"url\":\"https:\/\/hubsch-interior.com\/de\/produkt\/sage-teppich-oval-naturfarben\/\",\"name\":\"Sage Teppich Oval Naturfarben - H\u00fcbsch\",\"isPartOf\":{\"@id\":\"https:\/\/hubsch-interior.com\/de\/#website\"},\"primaryImageOfPage\":{\"@id\":\"https:\/\/hubsch-interior.com\/de\/produkt\/sage-teppich-oval-naturfarben\/#primaryimage\"},\"image\":{\"@id\":\"https:\/\/hubsch-interior.com\/de\/produkt\/sage-teppich-oval-naturfarben\/#primaryimage\"},\"thumbnailUrl\":\"https:\/\/hubsch-interior.com\/wp-content\/uploads\/2026\/02\/sage-rug-oval-natural-072c462dfe690662750cc1802764a406.jpg\",\"datePublished\":\"2020-09-09T21:24:29+00:00\",\"dateModified\":\"2026-04-05T02:41:16+00:00\",\"description\":\"Dieser L\u00e4ufer besteht aus Jute und ist in der Gr\u00f6\u00dfe 100x200cm erh\u00e4ltlich. Das Material sowie die ovale Form sorgen f\u00fcr einen organischen und nat\u00fcrlichen\",\"breadcrumb\":{\"@id\":\"https:\/\/hubsch-interior.com\/de\/produkt\/sage-teppich-oval-naturfarben\/#breadcrumb\"},\"inLanguage\":\"de\",\"potentialAction\":[{\"@type\":\"ReadAction\",\"target\":[\"https:\/\/hubsch-interior.com\/de\/produkt\/sage-teppich-oval-naturfarben\/\"]}]},{\"@type\":\"ImageObject\",\"inLanguage\":\"de\",\"@id\":\"https:\/\/hubsch-interior.com\/de\/produkt\/sage-teppich-oval-naturfarben\/#primaryimage\",\"url\":\"https:\/\/hubsch-interior.com\/wp-content\/uploads\/2026\/02\/sage-rug-oval-natural-072c462dfe690662750cc1802764a406.jpg\",\"contentUrl\":\"https:\/\/hubsch-interior.com\/wp-content\/uploads\/2026\/02\/sage-rug-oval-natural-072c462dfe690662750cc1802764a406.jpg\",\"width\":1024,\"height\":1024},{\"@type\":\"BreadcrumbList\",\"@id\":\"https:\/\/hubsch-interior.com\/de\/produkt\/sage-teppich-oval-naturfarben\/#breadcrumb\",\"itemListElement\":[{\"@type\":\"ListItem\",\"position\":1,\"name\":\"Startseite\",\"item\":\"https:\/\/hubsch-interior.com\/de\/\"},{\"@type\":\"ListItem\",\"position\":2,\"name\":\"Produkte\",\"item\":\"https:\/\/hubsch-interior.com\/de\/shop-2\/\"},{\"@type\":\"ListItem\",\"position\":3,\"name\":\"Textilien\",\"item\":\"https:\/\/hubsch-interior.com\/de\/produkt-kategorie\/textilien\/\"},{\"@type\":\"ListItem\",\"position\":4,\"name\":\"Teppiche\",\"item\":\"https:\/\/hubsch-interior.com\/de\/produkt-kategorie\/textilien\/teppiche-de\/\"},{\"@type\":\"ListItem\",\"position\":5,\"name\":\"Sage Teppich Oval Naturfarben\"}]},{\"@type\":\"WebSite\",\"@id\":\"https:\/\/hubsch-interior.com\/de\/#website\",\"url\":\"https:\/\/hubsch-interior.com\/de\/\",\"name\":\"H\u00fcbsch\",\"description\":\"Danish Home Interior and Design\",\"publisher\":{\"@id\":\"https:\/\/hubsch-interior.com\/de\/#organization\"},\"potentialAction\":[{\"@type\":\"SearchAction\",\"target\":{\"@type\":\"EntryPoint\",\"urlTemplate\":\"https:\/\/hubsch-interior.com\/de\/?s={search_term_string}\"},\"query-input\":{\"@type\":\"PropertyValueSpecification\",\"valueRequired\":true,\"valueName\":\"search_term_string\"}}],\"inLanguage\":\"de\"},{\"@type\":\"Organization\",\"@id\":\"https:\/\/hubsch-interior.com\/de\/#organization\",\"name\":\"H\u00fcbsch\",\"url\":\"https:\/\/hubsch-interior.com\/de\/\",\"logo\":{\"@type\":\"ImageObject\",\"inLanguage\":\"de\",\"@id\":\"https:\/\/hubsch-interior.com\/de\/#\/schema\/logo\/image\/\",\"url\":\"https:\/\/hubsch-interior.com\/wp-content\/uploads\/2022\/12\/Hubsch_logo_black_one_line.svg\",\"contentUrl\":\"https:\/\/hubsch-interior.com\/wp-content\/uploads\/2022\/12\/Hubsch_logo_black_one_line.svg\",\"caption\":\"H\u00fcbsch\"},\"image\":{\"@id\":\"https:\/\/hubsch-interior.com\/de\/#\/schema\/logo\/image\/\"}}]}<\/script>\n<!-- \/ Yoast SEO plugin. -->","yoast_head_json":{"title":"Sage Teppich Oval Naturfarben - H\u00fcbsch","description":"Dieser L\u00e4ufer besteht aus Jute und ist in der Gr\u00f6\u00dfe 100x200cm erh\u00e4ltlich. Das Material sowie die ovale Form sorgen f\u00fcr einen organischen und nat\u00fcrlichen","robots":{"index":"index","follow":"follow","max-snippet":"max-snippet:-1","max-image-preview":"max-image-preview:large","max-video-preview":"max-video-preview:-1"},"canonical":"https:\/\/hubsch-interior.com\/de\/wp-json\/wp\/v2\/product\/15918","og_locale":"de_DE","og_type":"article","og_title":"Sage Teppich Oval Naturfarben - H\u00fcbsch","og_description":"Dieser L\u00e4ufer besteht aus Jute und ist in der Gr\u00f6\u00dfe 100x200cm erh\u00e4ltlich. Das Material sowie die ovale Form sorgen f\u00fcr einen organischen und nat\u00fcrlichen","og_url":"https:\/\/hubsch-interior.com\/de\/produkt\/sage-teppich-oval-naturfarben\/","og_site_name":"H\u00fcbsch","article_modified_time":"2026-04-05T02:41:16+00:00","og_image":[{"width":1200,"height":1200,"url":"https:\/\/hubsch-interior.com\/wp-content\/uploads\/2024\/01\/sage-rug-oval-natural-fbc15111b81d1b29f6c09f953e9c06c1.jpg","type":"image\/jpeg"}],"twitter_card":"summary_large_image","schema":{"@context":"https:\/\/schema.org","@graph":[{"@type":"WebPage","@id":"https:\/\/hubsch-interior.com\/de\/produkt\/sage-teppich-oval-naturfarben\/","url":"https:\/\/hubsch-interior.com\/de\/produkt\/sage-teppich-oval-naturfarben\/","name":"Sage Teppich Oval Naturfarben - H\u00fcbsch","isPartOf":{"@id":"https:\/\/hubsch-interior.com\/de\/#website"},"primaryImageOfPage":{"@id":"https:\/\/hubsch-interior.com\/de\/produkt\/sage-teppich-oval-naturfarben\/#primaryimage"},"image":{"@id":"https:\/\/hubsch-interior.com\/de\/produkt\/sage-teppich-oval-naturfarben\/#primaryimage"},"thumbnailUrl":"https:\/\/hubsch-interior.com\/wp-content\/uploads\/2026\/02\/sage-rug-oval-natural-072c462dfe690662750cc1802764a406.jpg","datePublished":"2020-09-09T21:24:29+00:00","dateModified":"2026-04-05T02:41:16+00:00","description":"Dieser L\u00e4ufer besteht aus Jute und ist in der Gr\u00f6\u00dfe 100x200cm erh\u00e4ltlich. Das Material sowie die ovale Form sorgen f\u00fcr einen organischen und nat\u00fcrlichen","breadcrumb":{"@id":"https:\/\/hubsch-interior.com\/de\/produkt\/sage-teppich-oval-naturfarben\/#breadcrumb"},"inLanguage":"de","potentialAction":[{"@type":"ReadAction","target":["https:\/\/hubsch-interior.com\/de\/produkt\/sage-teppich-oval-naturfarben\/"]}]},{"@type":"ImageObject","inLanguage":"de","@id":"https:\/\/hubsch-interior.com\/de\/produkt\/sage-teppich-oval-naturfarben\/#primaryimage","url":"https:\/\/hubsch-interior.com\/wp-content\/uploads\/2026\/02\/sage-rug-oval-natural-072c462dfe690662750cc1802764a406.jpg","contentUrl":"https:\/\/hubsch-interior.com\/wp-content\/uploads\/2026\/02\/sage-rug-oval-natural-072c462dfe690662750cc1802764a406.jpg","width":1024,"height":1024},{"@type":"BreadcrumbList","@id":"https:\/\/hubsch-interior.com\/de\/produkt\/sage-teppich-oval-naturfarben\/#breadcrumb","itemListElement":[{"@type":"ListItem","position":1,"name":"Startseite","item":"https:\/\/hubsch-interior.com\/de\/"},{"@type":"ListItem","position":2,"name":"Produkte","item":"https:\/\/hubsch-interior.com\/de\/shop-2\/"},{"@type":"ListItem","position":3,"name":"Textilien","item":"https:\/\/hubsch-interior.com\/de\/produkt-kategorie\/textilien\/"},{"@type":"ListItem","position":4,"name":"Teppiche","item":"https:\/\/hubsch-interior.com\/de\/produkt-kategorie\/textilien\/teppiche-de\/"},{"@type":"ListItem","position":5,"name":"Sage Teppich Oval Naturfarben"}]},{"@type":"WebSite","@id":"https:\/\/hubsch-interior.com\/de\/#website","url":"https:\/\/hubsch-interior.com\/de\/","name":"H\u00fcbsch","description":"Danish Home Interior and Design","publisher":{"@id":"https:\/\/hubsch-interior.com\/de\/#organization"},"potentialAction":[{"@type":"SearchAction","target":{"@type":"EntryPoint","urlTemplate":"https:\/\/hubsch-interior.com\/de\/?s={search_term_string}"},"query-input":{"@type":"PropertyValueSpecification","valueRequired":true,"valueName":"search_term_string"}}],"inLanguage":"de"},{"@type":"Organization","@id":"https:\/\/hubsch-interior.com\/de\/#organization","name":"H\u00fcbsch","url":"https:\/\/hubsch-interior.com\/de\/","logo":{"@type":"ImageObject","inLanguage":"de","@id":"https:\/\/hubsch-interior.com\/de\/#\/schema\/logo\/image\/","url":"https:\/\/hubsch-interior.com\/wp-content\/uploads\/2022\/12\/Hubsch_logo_black_one_line.svg","contentUrl":"https:\/\/hubsch-interior.com\/wp-content\/uploads\/2022\/12\/Hubsch_logo_black_one_line.svg","caption":"H\u00fcbsch"},"image":{"@id":"https:\/\/hubsch-interior.com\/de\/#\/schema\/logo\/image\/"}}]}},"_links":{"self":[{"href":"https:\/\/hubsch-interior.com\/de\/wp-json\/wp\/v2\/product\/15918","targetHints":{"allow":["GET"]}}],"collection":[{"href":"https:\/\/hubsch-interior.com\/de\/wp-json\/wp\/v2\/product"}],"about":[{"href":"https:\/\/hubsch-interior.com\/de\/wp-json\/wp\/v2\/types\/product"}],"wp:featuredmedia":[{"embeddable":true,"href":"https:\/\/hubsch-interior.com\/de\/wp-json\/wp\/v2\/media\/1099945"}],"wp:attachment":[{"href":"https:\/\/hubsch-interior.com\/de\/wp-json\/wp\/v2\/media?parent=15918"}],"wp:term":[{"taxonomy":"product_brand","embeddable":true,"href":"https:\/\/hubsch-interior.com\/de\/wp-json\/wp\/v2\/product_brand?post=15918"},{"taxonomy":"product_cat","embeddable":true,"href":"https:\/\/hubsch-interior.com\/de\/wp-json\/wp\/v2\/product_cat?post=15918"},{"taxonomy":"product_tag","embeddable":true,"href":"https:\/\/hubsch-interior.com\/de\/wp-json\/wp\/v2\/product_tag?post=15918"}],"curies":[{"name":"wp","href":"https:\/\/api.w.org\/{rel}","templated":true}]}}