{"id":16082,"date":"2020-09-09T23:24:40","date_gmt":"2020-09-09T21:24:40","guid":{"rendered":"https:\/\/hubsch-interior.com\/vare\/product\/"},"modified":"2026-04-05T04:41:23","modified_gmt":"2026-04-05T02:41:23","slug":"speckle-kissen-multifarben","status":"publish","type":"product","link":"https:\/\/hubsch-interior.com\/de\/produkt\/speckle-kissen-multifarben\/","title":{"rendered":"Speckle Kissen \u00a0Multifarben"},"content":{"rendered":"<p>Dieses Speckle Kissen wird jedem Raum in Ihrem Zuhause einen Farbtupfer verleihen. Hergestellt aus weicher und atmungsaktiver Baumwolle sowie OEKO-TEX\u00ae STANDARD 100 zertifiziert, ist dieses Kissen ideal f\u00fcr das Bett, das Sofa und Sitzb\u00e4nke. Mit seiner modernen Farbgebung in Beige und Lila wird es jeden Raum aufhellen. Das Kissen hat die Ma\u00dfe 50 cm x 50 cm und verf\u00fcgt \u00fcber eine herausnehmbare F\u00fcllung, die eine einfache Reinigung erm\u00f6glicht. F\u00fcgen Sie dieses stilvolle Kissen Ihrem Zuhause hinzu und genie\u00dfen Sie seinen Komfort und seine Sch\u00f6nheit.<\/p>\n","protected":false},"excerpt":{"rendered":"<p>Dieses Speckle Kissen wird jedem Raum in Ihrem Zuhause einen Farbtupfer verleihen. Hergestellt aus weicher und atmungsaktiver Baumwolle sowie OEKO-TEX\u00ae STANDARD 100 zertifiziert, ist dieses Kissen ideal f\u00fcr das Bett, das Sofa und Sitzb\u00e4nke. Mit seiner modernen Farbgebung in Beige und Lila wird es jeden Raum aufhellen. Das Kissen hat die Ma\u00dfe 50 cm x [&hellip;]<\/p>\n","protected":false},"featured_media":1099973,"template":"","meta":{"_acf_changed":false,"inline_featured_image":false},"product_brand":[],"product_cat":[6349,3004,3005,6519],"product_tag":[],"class_list":{"0":"post-16082","1":"product","2":"type-product","3":"status-publish","4":"has-post-thumbnail","6":"product_cat-garden-selection-de","7":"product_cat-textilien","8":"product_cat-kissen-de","9":"product_cat-outlet-de","10":"product_shipping_class-pk","12":"pa_color-multifarben-2","13":"pa_material-cotton-100-de","15":"first","16":"instock","17":"sale","18":"taxable","19":"shipping-taxable","20":"purchasable","21":"product-type-simple"},"exclude_global_add_ons":[],"addons":[],"acf":[],"yoast_head":"<!-- This site is optimized with the Yoast SEO plugin v26.4 - https:\/\/yoast.com\/wordpress\/plugins\/seo\/ -->\n<title>Speckle Kissen \u00a0Multifarben - H\u00fcbsch<\/title>\n<meta name=\"description\" content=\"Dieses Speckle Kissen wird jedem Raum in Ihrem Zuhause einen Farbtupfer verleihen. Hergestellt aus weicher und atmungsaktiver Baumwolle sowie OEKO-TEX\u00ae\" \/>\n<meta name=\"robots\" content=\"index, follow, max-snippet:-1, max-image-preview:large, max-video-preview:-1\" \/>\n<link rel=\"canonical\" href=\"https:\/\/hubsch-interior.com\/de\/wp-json\/wp\/v2\/product\/16082\" \/>\n<meta property=\"og:locale\" content=\"de_DE\" \/>\n<meta property=\"og:type\" content=\"article\" \/>\n<meta property=\"og:title\" content=\"Speckle Kissen \u00a0Multifarben - H\u00fcbsch\" \/>\n<meta property=\"og:description\" content=\"Dieses Speckle Kissen wird jedem Raum in Ihrem Zuhause einen Farbtupfer verleihen. Hergestellt aus weicher und atmungsaktiver Baumwolle sowie OEKO-TEX\u00ae\" \/>\n<meta property=\"og:url\" content=\"https:\/\/hubsch-interior.com\/de\/produkt\/speckle-kissen-multifarben\/\" \/>\n<meta property=\"og:site_name\" content=\"H\u00fcbsch\" \/>\n<meta property=\"article:modified_time\" content=\"2026-04-05T02:41:23+00:00\" \/>\n<meta property=\"og:image\" content=\"https:\/\/hubsch-interior.com\/wp-content\/uploads\/2024\/01\/speckle-cushion-multicolour-bc859acc5fcf61135f5dcb8d65f1fab5.jpg\" \/>\n\t<meta property=\"og:image:width\" content=\"1200\" \/>\n\t<meta property=\"og:image:height\" content=\"1200\" \/>\n\t<meta property=\"og:image:type\" content=\"image\/jpeg\" \/>\n<meta name=\"twitter:card\" content=\"summary_large_image\" \/>\n<script type=\"application\/ld+json\" class=\"yoast-schema-graph\">{\"@context\":\"https:\/\/schema.org\",\"@graph\":[{\"@type\":\"WebPage\",\"@id\":\"https:\/\/hubsch-interior.com\/de\/produkt\/speckle-kissen-multifarben\/\",\"url\":\"https:\/\/hubsch-interior.com\/de\/produkt\/speckle-kissen-multifarben\/\",\"name\":\"Speckle Kissen \u00a0Multifarben - H\u00fcbsch\",\"isPartOf\":{\"@id\":\"https:\/\/hubsch-interior.com\/de\/#website\"},\"primaryImageOfPage\":{\"@id\":\"https:\/\/hubsch-interior.com\/de\/produkt\/speckle-kissen-multifarben\/#primaryimage\"},\"image\":{\"@id\":\"https:\/\/hubsch-interior.com\/de\/produkt\/speckle-kissen-multifarben\/#primaryimage\"},\"thumbnailUrl\":\"https:\/\/hubsch-interior.com\/wp-content\/uploads\/2026\/02\/speckle-cushion-multicolour-e4b17f242eec39bfc22cbf4c7dc92b39.jpg\",\"datePublished\":\"2020-09-09T21:24:40+00:00\",\"dateModified\":\"2026-04-05T02:41:23+00:00\",\"description\":\"Dieses Speckle Kissen wird jedem Raum in Ihrem Zuhause einen Farbtupfer verleihen. Hergestellt aus weicher und atmungsaktiver Baumwolle sowie OEKO-TEX\u00ae\",\"breadcrumb\":{\"@id\":\"https:\/\/hubsch-interior.com\/de\/produkt\/speckle-kissen-multifarben\/#breadcrumb\"},\"inLanguage\":\"de\",\"potentialAction\":[{\"@type\":\"ReadAction\",\"target\":[\"https:\/\/hubsch-interior.com\/de\/produkt\/speckle-kissen-multifarben\/\"]}]},{\"@type\":\"ImageObject\",\"inLanguage\":\"de\",\"@id\":\"https:\/\/hubsch-interior.com\/de\/produkt\/speckle-kissen-multifarben\/#primaryimage\",\"url\":\"https:\/\/hubsch-interior.com\/wp-content\/uploads\/2026\/02\/speckle-cushion-multicolour-e4b17f242eec39bfc22cbf4c7dc92b39.jpg\",\"contentUrl\":\"https:\/\/hubsch-interior.com\/wp-content\/uploads\/2026\/02\/speckle-cushion-multicolour-e4b17f242eec39bfc22cbf4c7dc92b39.jpg\",\"width\":1024,\"height\":1024},{\"@type\":\"BreadcrumbList\",\"@id\":\"https:\/\/hubsch-interior.com\/de\/produkt\/speckle-kissen-multifarben\/#breadcrumb\",\"itemListElement\":[{\"@type\":\"ListItem\",\"position\":1,\"name\":\"Startseite\",\"item\":\"https:\/\/hubsch-interior.com\/de\/\"},{\"@type\":\"ListItem\",\"position\":2,\"name\":\"Produkte\",\"item\":\"https:\/\/hubsch-interior.com\/de\/shop-2\/\"},{\"@type\":\"ListItem\",\"position\":3,\"name\":\"Textilien\",\"item\":\"https:\/\/hubsch-interior.com\/de\/produkt-kategorie\/textilien\/\"},{\"@type\":\"ListItem\",\"position\":4,\"name\":\"Kissen\",\"item\":\"https:\/\/hubsch-interior.com\/de\/produkt-kategorie\/textilien\/kissen-de\/\"},{\"@type\":\"ListItem\",\"position\":5,\"name\":\"Speckle Kissen \u00a0Multifarben\"}]},{\"@type\":\"WebSite\",\"@id\":\"https:\/\/hubsch-interior.com\/de\/#website\",\"url\":\"https:\/\/hubsch-interior.com\/de\/\",\"name\":\"H\u00fcbsch\",\"description\":\"Danish Home Interior and Design\",\"publisher\":{\"@id\":\"https:\/\/hubsch-interior.com\/de\/#organization\"},\"potentialAction\":[{\"@type\":\"SearchAction\",\"target\":{\"@type\":\"EntryPoint\",\"urlTemplate\":\"https:\/\/hubsch-interior.com\/de\/?s={search_term_string}\"},\"query-input\":{\"@type\":\"PropertyValueSpecification\",\"valueRequired\":true,\"valueName\":\"search_term_string\"}}],\"inLanguage\":\"de\"},{\"@type\":\"Organization\",\"@id\":\"https:\/\/hubsch-interior.com\/de\/#organization\",\"name\":\"H\u00fcbsch\",\"url\":\"https:\/\/hubsch-interior.com\/de\/\",\"logo\":{\"@type\":\"ImageObject\",\"inLanguage\":\"de\",\"@id\":\"https:\/\/hubsch-interior.com\/de\/#\/schema\/logo\/image\/\",\"url\":\"https:\/\/hubsch-interior.com\/wp-content\/uploads\/2022\/12\/Hubsch_logo_black_one_line.svg\",\"contentUrl\":\"https:\/\/hubsch-interior.com\/wp-content\/uploads\/2022\/12\/Hubsch_logo_black_one_line.svg\",\"caption\":\"H\u00fcbsch\"},\"image\":{\"@id\":\"https:\/\/hubsch-interior.com\/de\/#\/schema\/logo\/image\/\"}}]}<\/script>\n<!-- \/ Yoast SEO plugin. -->","yoast_head_json":{"title":"Speckle Kissen \u00a0Multifarben - H\u00fcbsch","description":"Dieses Speckle Kissen wird jedem Raum in Ihrem Zuhause einen Farbtupfer verleihen. Hergestellt aus weicher und atmungsaktiver Baumwolle sowie OEKO-TEX\u00ae","robots":{"index":"index","follow":"follow","max-snippet":"max-snippet:-1","max-image-preview":"max-image-preview:large","max-video-preview":"max-video-preview:-1"},"canonical":"https:\/\/hubsch-interior.com\/de\/wp-json\/wp\/v2\/product\/16082","og_locale":"de_DE","og_type":"article","og_title":"Speckle Kissen \u00a0Multifarben - H\u00fcbsch","og_description":"Dieses Speckle Kissen wird jedem Raum in Ihrem Zuhause einen Farbtupfer verleihen. Hergestellt aus weicher und atmungsaktiver Baumwolle sowie OEKO-TEX\u00ae","og_url":"https:\/\/hubsch-interior.com\/de\/produkt\/speckle-kissen-multifarben\/","og_site_name":"H\u00fcbsch","article_modified_time":"2026-04-05T02:41:23+00:00","og_image":[{"width":1200,"height":1200,"url":"https:\/\/hubsch-interior.com\/wp-content\/uploads\/2024\/01\/speckle-cushion-multicolour-bc859acc5fcf61135f5dcb8d65f1fab5.jpg","type":"image\/jpeg"}],"twitter_card":"summary_large_image","schema":{"@context":"https:\/\/schema.org","@graph":[{"@type":"WebPage","@id":"https:\/\/hubsch-interior.com\/de\/produkt\/speckle-kissen-multifarben\/","url":"https:\/\/hubsch-interior.com\/de\/produkt\/speckle-kissen-multifarben\/","name":"Speckle Kissen \u00a0Multifarben - H\u00fcbsch","isPartOf":{"@id":"https:\/\/hubsch-interior.com\/de\/#website"},"primaryImageOfPage":{"@id":"https:\/\/hubsch-interior.com\/de\/produkt\/speckle-kissen-multifarben\/#primaryimage"},"image":{"@id":"https:\/\/hubsch-interior.com\/de\/produkt\/speckle-kissen-multifarben\/#primaryimage"},"thumbnailUrl":"https:\/\/hubsch-interior.com\/wp-content\/uploads\/2026\/02\/speckle-cushion-multicolour-e4b17f242eec39bfc22cbf4c7dc92b39.jpg","datePublished":"2020-09-09T21:24:40+00:00","dateModified":"2026-04-05T02:41:23+00:00","description":"Dieses Speckle Kissen wird jedem Raum in Ihrem Zuhause einen Farbtupfer verleihen. Hergestellt aus weicher und atmungsaktiver Baumwolle sowie OEKO-TEX\u00ae","breadcrumb":{"@id":"https:\/\/hubsch-interior.com\/de\/produkt\/speckle-kissen-multifarben\/#breadcrumb"},"inLanguage":"de","potentialAction":[{"@type":"ReadAction","target":["https:\/\/hubsch-interior.com\/de\/produkt\/speckle-kissen-multifarben\/"]}]},{"@type":"ImageObject","inLanguage":"de","@id":"https:\/\/hubsch-interior.com\/de\/produkt\/speckle-kissen-multifarben\/#primaryimage","url":"https:\/\/hubsch-interior.com\/wp-content\/uploads\/2026\/02\/speckle-cushion-multicolour-e4b17f242eec39bfc22cbf4c7dc92b39.jpg","contentUrl":"https:\/\/hubsch-interior.com\/wp-content\/uploads\/2026\/02\/speckle-cushion-multicolour-e4b17f242eec39bfc22cbf4c7dc92b39.jpg","width":1024,"height":1024},{"@type":"BreadcrumbList","@id":"https:\/\/hubsch-interior.com\/de\/produkt\/speckle-kissen-multifarben\/#breadcrumb","itemListElement":[{"@type":"ListItem","position":1,"name":"Startseite","item":"https:\/\/hubsch-interior.com\/de\/"},{"@type":"ListItem","position":2,"name":"Produkte","item":"https:\/\/hubsch-interior.com\/de\/shop-2\/"},{"@type":"ListItem","position":3,"name":"Textilien","item":"https:\/\/hubsch-interior.com\/de\/produkt-kategorie\/textilien\/"},{"@type":"ListItem","position":4,"name":"Kissen","item":"https:\/\/hubsch-interior.com\/de\/produkt-kategorie\/textilien\/kissen-de\/"},{"@type":"ListItem","position":5,"name":"Speckle Kissen \u00a0Multifarben"}]},{"@type":"WebSite","@id":"https:\/\/hubsch-interior.com\/de\/#website","url":"https:\/\/hubsch-interior.com\/de\/","name":"H\u00fcbsch","description":"Danish Home Interior and Design","publisher":{"@id":"https:\/\/hubsch-interior.com\/de\/#organization"},"potentialAction":[{"@type":"SearchAction","target":{"@type":"EntryPoint","urlTemplate":"https:\/\/hubsch-interior.com\/de\/?s={search_term_string}"},"query-input":{"@type":"PropertyValueSpecification","valueRequired":true,"valueName":"search_term_string"}}],"inLanguage":"de"},{"@type":"Organization","@id":"https:\/\/hubsch-interior.com\/de\/#organization","name":"H\u00fcbsch","url":"https:\/\/hubsch-interior.com\/de\/","logo":{"@type":"ImageObject","inLanguage":"de","@id":"https:\/\/hubsch-interior.com\/de\/#\/schema\/logo\/image\/","url":"https:\/\/hubsch-interior.com\/wp-content\/uploads\/2022\/12\/Hubsch_logo_black_one_line.svg","contentUrl":"https:\/\/hubsch-interior.com\/wp-content\/uploads\/2022\/12\/Hubsch_logo_black_one_line.svg","caption":"H\u00fcbsch"},"image":{"@id":"https:\/\/hubsch-interior.com\/de\/#\/schema\/logo\/image\/"}}]}},"_links":{"self":[{"href":"https:\/\/hubsch-interior.com\/de\/wp-json\/wp\/v2\/product\/16082","targetHints":{"allow":["GET"]}}],"collection":[{"href":"https:\/\/hubsch-interior.com\/de\/wp-json\/wp\/v2\/product"}],"about":[{"href":"https:\/\/hubsch-interior.com\/de\/wp-json\/wp\/v2\/types\/product"}],"wp:featuredmedia":[{"embeddable":true,"href":"https:\/\/hubsch-interior.com\/de\/wp-json\/wp\/v2\/media\/1099973"}],"wp:attachment":[{"href":"https:\/\/hubsch-interior.com\/de\/wp-json\/wp\/v2\/media?parent=16082"}],"wp:term":[{"taxonomy":"product_brand","embeddable":true,"href":"https:\/\/hubsch-interior.com\/de\/wp-json\/wp\/v2\/product_brand?post=16082"},{"taxonomy":"product_cat","embeddable":true,"href":"https:\/\/hubsch-interior.com\/de\/wp-json\/wp\/v2\/product_cat?post=16082"},{"taxonomy":"product_tag","embeddable":true,"href":"https:\/\/hubsch-interior.com\/de\/wp-json\/wp\/v2\/product_tag?post=16082"}],"curies":[{"name":"wp","href":"https:\/\/api.w.org\/{rel}","templated":true}]}}