{"id":16398,"date":"2020-09-09T23:25:05","date_gmt":"2020-09-09T21:25:05","guid":{"rendered":"https:\/\/hubsch-interior.com\/vare\/product\/"},"modified":"2026-04-09T04:45:10","modified_gmt":"2026-04-09T02:45:10","slug":"moss-korbe-grun-naturfarben-3er-set","status":"publish","type":"product","link":"https:\/\/hubsch-interior.com\/de\/produkt\/moss-korbe-grun-naturfarben-3er-set\/","title":{"rendered":"Moss K\u00f6rbe Gr\u00fcn\/Naturfarben (3er Set)"},"content":{"rendered":"<p>Die K\u00f6rbe bestehen aus gr\u00fcnem und naturfarbenem Abaca und sind als 3er-Set in drei Gr\u00f6\u00dfen erh\u00e4ltlich. Das Abaca verleiht den K\u00f6rben ein exotisches und warmes Aussehen. Sie k\u00f6nnen zur Aufbewahrung oder zum Abdecken von Blument\u00f6pfen verwendet werden.<\/p>\n","protected":false},"excerpt":{"rendered":"<p>Die K\u00f6rbe bestehen aus gr\u00fcnem und naturfarbenem Abaca und sind als 3er-Set in drei Gr\u00f6\u00dfen erh\u00e4ltlich. Das Abaca verleiht den K\u00f6rben ein exotisches und warmes Aussehen. Sie k\u00f6nnen zur Aufbewahrung oder zum Abdecken von Blument\u00f6pfen verwendet werden.<\/p>\n","protected":false},"featured_media":1101021,"template":"","meta":{"_acf_changed":false,"inline_featured_image":false},"product_brand":[],"product_cat":[3111,4076],"product_tag":[],"class_list":{"0":"post-16398","1":"product","2":"type-product","3":"status-publish","4":"has-post-thumbnail","6":"product_cat-aufbewahrung-de","7":"product_cat-koerbe-de","8":"product_shipping_class-pk","10":"pa_color-grn-2","11":"pa_color-naturfarben-2","12":"pa_material-abaca-de","14":"first","15":"instock","16":"taxable","17":"shipping-taxable","18":"purchasable","19":"product-type-simple"},"exclude_global_add_ons":[],"addons":[],"acf":[],"yoast_head":"<!-- This site is optimized with the Yoast SEO plugin v26.4 - https:\/\/yoast.com\/wordpress\/plugins\/seo\/ -->\n<title>Moss K\u00f6rbe Gr\u00fcn\/Naturfarben (3er Set) - H\u00fcbsch<\/title>\n<meta name=\"description\" content=\"Die K\u00f6rbe bestehen aus gr\u00fcnem und naturfarbenem Abaca und sind als 3er-Set in drei Gr\u00f6\u00dfen erh\u00e4ltlich. Das Abaca verleiht den K\u00f6rben ein exotisches und\" \/>\n<meta name=\"robots\" content=\"index, follow, max-snippet:-1, max-image-preview:large, max-video-preview:-1\" \/>\n<link rel=\"canonical\" href=\"https:\/\/hubsch-interior.com\/de\/wp-json\/wp\/v2\/product\/16398\" \/>\n<meta property=\"og:locale\" content=\"de_DE\" \/>\n<meta property=\"og:type\" content=\"article\" \/>\n<meta property=\"og:title\" content=\"Moss K\u00f6rbe Gr\u00fcn\/Naturfarben (3er Set) - H\u00fcbsch\" \/>\n<meta property=\"og:description\" content=\"Die K\u00f6rbe bestehen aus gr\u00fcnem und naturfarbenem Abaca und sind als 3er-Set in drei Gr\u00f6\u00dfen erh\u00e4ltlich. Das Abaca verleiht den K\u00f6rben ein exotisches und\" \/>\n<meta property=\"og:url\" content=\"https:\/\/hubsch-interior.com\/de\/produkt\/moss-korbe-grun-naturfarben-3er-set\/\" \/>\n<meta property=\"og:site_name\" content=\"H\u00fcbsch\" \/>\n<meta property=\"article:modified_time\" content=\"2026-04-09T02:45:10+00:00\" \/>\n<meta property=\"og:image\" content=\"https:\/\/hubsch-interior.com\/wp-content\/uploads\/2025\/04\/moss-baskets-greennatural-set-of-3-e45c89d265c27c31f47fcc04a0672306.jpg\" \/>\n\t<meta property=\"og:image:width\" content=\"1200\" \/>\n\t<meta property=\"og:image:height\" content=\"1200\" \/>\n\t<meta property=\"og:image:type\" content=\"image\/jpeg\" \/>\n<meta name=\"twitter:card\" content=\"summary_large_image\" \/>\n<script type=\"application\/ld+json\" class=\"yoast-schema-graph\">{\"@context\":\"https:\/\/schema.org\",\"@graph\":[{\"@type\":\"WebPage\",\"@id\":\"https:\/\/hubsch-interior.com\/de\/produkt\/moss-korbe-grun-naturfarben-3er-set\/\",\"url\":\"https:\/\/hubsch-interior.com\/de\/produkt\/moss-korbe-grun-naturfarben-3er-set\/\",\"name\":\"Moss K\u00f6rbe Gr\u00fcn\/Naturfarben (3er Set) - H\u00fcbsch\",\"isPartOf\":{\"@id\":\"https:\/\/hubsch-interior.com\/de\/#website\"},\"primaryImageOfPage\":{\"@id\":\"https:\/\/hubsch-interior.com\/de\/produkt\/moss-korbe-grun-naturfarben-3er-set\/#primaryimage\"},\"image\":{\"@id\":\"https:\/\/hubsch-interior.com\/de\/produkt\/moss-korbe-grun-naturfarben-3er-set\/#primaryimage\"},\"thumbnailUrl\":\"https:\/\/hubsch-interior.com\/wp-content\/uploads\/2026\/02\/moss-baskets-greennatural-set-of-3-29a014f73586cedd0008a7566bab48b7.jpg\",\"datePublished\":\"2020-09-09T21:25:05+00:00\",\"dateModified\":\"2026-04-09T02:45:10+00:00\",\"description\":\"Die K\u00f6rbe bestehen aus gr\u00fcnem und naturfarbenem Abaca und sind als 3er-Set in drei Gr\u00f6\u00dfen erh\u00e4ltlich. Das Abaca verleiht den K\u00f6rben ein exotisches und\",\"breadcrumb\":{\"@id\":\"https:\/\/hubsch-interior.com\/de\/produkt\/moss-korbe-grun-naturfarben-3er-set\/#breadcrumb\"},\"inLanguage\":\"de\",\"potentialAction\":[{\"@type\":\"ReadAction\",\"target\":[\"https:\/\/hubsch-interior.com\/de\/produkt\/moss-korbe-grun-naturfarben-3er-set\/\"]}]},{\"@type\":\"ImageObject\",\"inLanguage\":\"de\",\"@id\":\"https:\/\/hubsch-interior.com\/de\/produkt\/moss-korbe-grun-naturfarben-3er-set\/#primaryimage\",\"url\":\"https:\/\/hubsch-interior.com\/wp-content\/uploads\/2026\/02\/moss-baskets-greennatural-set-of-3-29a014f73586cedd0008a7566bab48b7.jpg\",\"contentUrl\":\"https:\/\/hubsch-interior.com\/wp-content\/uploads\/2026\/02\/moss-baskets-greennatural-set-of-3-29a014f73586cedd0008a7566bab48b7.jpg\",\"width\":1024,\"height\":1024},{\"@type\":\"BreadcrumbList\",\"@id\":\"https:\/\/hubsch-interior.com\/de\/produkt\/moss-korbe-grun-naturfarben-3er-set\/#breadcrumb\",\"itemListElement\":[{\"@type\":\"ListItem\",\"position\":1,\"name\":\"Startseite\",\"item\":\"https:\/\/hubsch-interior.com\/de\/\"},{\"@type\":\"ListItem\",\"position\":2,\"name\":\"Produkte\",\"item\":\"https:\/\/hubsch-interior.com\/de\/shop-2\/\"},{\"@type\":\"ListItem\",\"position\":3,\"name\":\"Wohnaccessoires\",\"item\":\"https:\/\/hubsch-interior.com\/de\/produkt-kategorie\/wohnaccessoires\/\"},{\"@type\":\"ListItem\",\"position\":4,\"name\":\"Aufbewahrung\",\"item\":\"https:\/\/hubsch-interior.com\/de\/produkt-kategorie\/wohnaccessoires\/aufbewahrung-de\/\"},{\"@type\":\"ListItem\",\"position\":5,\"name\":\"K&ouml;rbe\",\"item\":\"https:\/\/hubsch-interior.com\/de\/produkt-kategorie\/wohnaccessoires\/aufbewahrung-de\/koerbe-de\/\"},{\"@type\":\"ListItem\",\"position\":6,\"name\":\"Moss K\u00f6rbe Gr\u00fcn\/Naturfarben (3er Set)\"}]},{\"@type\":\"WebSite\",\"@id\":\"https:\/\/hubsch-interior.com\/de\/#website\",\"url\":\"https:\/\/hubsch-interior.com\/de\/\",\"name\":\"H\u00fcbsch\",\"description\":\"Danish Home Interior and Design\",\"publisher\":{\"@id\":\"https:\/\/hubsch-interior.com\/de\/#organization\"},\"potentialAction\":[{\"@type\":\"SearchAction\",\"target\":{\"@type\":\"EntryPoint\",\"urlTemplate\":\"https:\/\/hubsch-interior.com\/de\/?s={search_term_string}\"},\"query-input\":{\"@type\":\"PropertyValueSpecification\",\"valueRequired\":true,\"valueName\":\"search_term_string\"}}],\"inLanguage\":\"de\"},{\"@type\":\"Organization\",\"@id\":\"https:\/\/hubsch-interior.com\/de\/#organization\",\"name\":\"H\u00fcbsch\",\"url\":\"https:\/\/hubsch-interior.com\/de\/\",\"logo\":{\"@type\":\"ImageObject\",\"inLanguage\":\"de\",\"@id\":\"https:\/\/hubsch-interior.com\/de\/#\/schema\/logo\/image\/\",\"url\":\"https:\/\/hubsch-interior.com\/wp-content\/uploads\/2022\/12\/Hubsch_logo_black_one_line.svg\",\"contentUrl\":\"https:\/\/hubsch-interior.com\/wp-content\/uploads\/2022\/12\/Hubsch_logo_black_one_line.svg\",\"caption\":\"H\u00fcbsch\"},\"image\":{\"@id\":\"https:\/\/hubsch-interior.com\/de\/#\/schema\/logo\/image\/\"}}]}<\/script>\n<!-- \/ Yoast SEO plugin. -->","yoast_head_json":{"title":"Moss K\u00f6rbe Gr\u00fcn\/Naturfarben (3er Set) - H\u00fcbsch","description":"Die K\u00f6rbe bestehen aus gr\u00fcnem und naturfarbenem Abaca und sind als 3er-Set in drei Gr\u00f6\u00dfen erh\u00e4ltlich. Das Abaca verleiht den K\u00f6rben ein exotisches und","robots":{"index":"index","follow":"follow","max-snippet":"max-snippet:-1","max-image-preview":"max-image-preview:large","max-video-preview":"max-video-preview:-1"},"canonical":"https:\/\/hubsch-interior.com\/de\/wp-json\/wp\/v2\/product\/16398","og_locale":"de_DE","og_type":"article","og_title":"Moss K\u00f6rbe Gr\u00fcn\/Naturfarben (3er Set) - H\u00fcbsch","og_description":"Die K\u00f6rbe bestehen aus gr\u00fcnem und naturfarbenem Abaca und sind als 3er-Set in drei Gr\u00f6\u00dfen erh\u00e4ltlich. Das Abaca verleiht den K\u00f6rben ein exotisches und","og_url":"https:\/\/hubsch-interior.com\/de\/produkt\/moss-korbe-grun-naturfarben-3er-set\/","og_site_name":"H\u00fcbsch","article_modified_time":"2026-04-09T02:45:10+00:00","og_image":[{"width":1200,"height":1200,"url":"https:\/\/hubsch-interior.com\/wp-content\/uploads\/2025\/04\/moss-baskets-greennatural-set-of-3-e45c89d265c27c31f47fcc04a0672306.jpg","type":"image\/jpeg"}],"twitter_card":"summary_large_image","schema":{"@context":"https:\/\/schema.org","@graph":[{"@type":"WebPage","@id":"https:\/\/hubsch-interior.com\/de\/produkt\/moss-korbe-grun-naturfarben-3er-set\/","url":"https:\/\/hubsch-interior.com\/de\/produkt\/moss-korbe-grun-naturfarben-3er-set\/","name":"Moss K\u00f6rbe Gr\u00fcn\/Naturfarben (3er Set) - H\u00fcbsch","isPartOf":{"@id":"https:\/\/hubsch-interior.com\/de\/#website"},"primaryImageOfPage":{"@id":"https:\/\/hubsch-interior.com\/de\/produkt\/moss-korbe-grun-naturfarben-3er-set\/#primaryimage"},"image":{"@id":"https:\/\/hubsch-interior.com\/de\/produkt\/moss-korbe-grun-naturfarben-3er-set\/#primaryimage"},"thumbnailUrl":"https:\/\/hubsch-interior.com\/wp-content\/uploads\/2026\/02\/moss-baskets-greennatural-set-of-3-29a014f73586cedd0008a7566bab48b7.jpg","datePublished":"2020-09-09T21:25:05+00:00","dateModified":"2026-04-09T02:45:10+00:00","description":"Die K\u00f6rbe bestehen aus gr\u00fcnem und naturfarbenem Abaca und sind als 3er-Set in drei Gr\u00f6\u00dfen erh\u00e4ltlich. Das Abaca verleiht den K\u00f6rben ein exotisches und","breadcrumb":{"@id":"https:\/\/hubsch-interior.com\/de\/produkt\/moss-korbe-grun-naturfarben-3er-set\/#breadcrumb"},"inLanguage":"de","potentialAction":[{"@type":"ReadAction","target":["https:\/\/hubsch-interior.com\/de\/produkt\/moss-korbe-grun-naturfarben-3er-set\/"]}]},{"@type":"ImageObject","inLanguage":"de","@id":"https:\/\/hubsch-interior.com\/de\/produkt\/moss-korbe-grun-naturfarben-3er-set\/#primaryimage","url":"https:\/\/hubsch-interior.com\/wp-content\/uploads\/2026\/02\/moss-baskets-greennatural-set-of-3-29a014f73586cedd0008a7566bab48b7.jpg","contentUrl":"https:\/\/hubsch-interior.com\/wp-content\/uploads\/2026\/02\/moss-baskets-greennatural-set-of-3-29a014f73586cedd0008a7566bab48b7.jpg","width":1024,"height":1024},{"@type":"BreadcrumbList","@id":"https:\/\/hubsch-interior.com\/de\/produkt\/moss-korbe-grun-naturfarben-3er-set\/#breadcrumb","itemListElement":[{"@type":"ListItem","position":1,"name":"Startseite","item":"https:\/\/hubsch-interior.com\/de\/"},{"@type":"ListItem","position":2,"name":"Produkte","item":"https:\/\/hubsch-interior.com\/de\/shop-2\/"},{"@type":"ListItem","position":3,"name":"Wohnaccessoires","item":"https:\/\/hubsch-interior.com\/de\/produkt-kategorie\/wohnaccessoires\/"},{"@type":"ListItem","position":4,"name":"Aufbewahrung","item":"https:\/\/hubsch-interior.com\/de\/produkt-kategorie\/wohnaccessoires\/aufbewahrung-de\/"},{"@type":"ListItem","position":5,"name":"K&ouml;rbe","item":"https:\/\/hubsch-interior.com\/de\/produkt-kategorie\/wohnaccessoires\/aufbewahrung-de\/koerbe-de\/"},{"@type":"ListItem","position":6,"name":"Moss K\u00f6rbe Gr\u00fcn\/Naturfarben (3er Set)"}]},{"@type":"WebSite","@id":"https:\/\/hubsch-interior.com\/de\/#website","url":"https:\/\/hubsch-interior.com\/de\/","name":"H\u00fcbsch","description":"Danish Home Interior and Design","publisher":{"@id":"https:\/\/hubsch-interior.com\/de\/#organization"},"potentialAction":[{"@type":"SearchAction","target":{"@type":"EntryPoint","urlTemplate":"https:\/\/hubsch-interior.com\/de\/?s={search_term_string}"},"query-input":{"@type":"PropertyValueSpecification","valueRequired":true,"valueName":"search_term_string"}}],"inLanguage":"de"},{"@type":"Organization","@id":"https:\/\/hubsch-interior.com\/de\/#organization","name":"H\u00fcbsch","url":"https:\/\/hubsch-interior.com\/de\/","logo":{"@type":"ImageObject","inLanguage":"de","@id":"https:\/\/hubsch-interior.com\/de\/#\/schema\/logo\/image\/","url":"https:\/\/hubsch-interior.com\/wp-content\/uploads\/2022\/12\/Hubsch_logo_black_one_line.svg","contentUrl":"https:\/\/hubsch-interior.com\/wp-content\/uploads\/2022\/12\/Hubsch_logo_black_one_line.svg","caption":"H\u00fcbsch"},"image":{"@id":"https:\/\/hubsch-interior.com\/de\/#\/schema\/logo\/image\/"}}]}},"_links":{"self":[{"href":"https:\/\/hubsch-interior.com\/de\/wp-json\/wp\/v2\/product\/16398","targetHints":{"allow":["GET"]}}],"collection":[{"href":"https:\/\/hubsch-interior.com\/de\/wp-json\/wp\/v2\/product"}],"about":[{"href":"https:\/\/hubsch-interior.com\/de\/wp-json\/wp\/v2\/types\/product"}],"wp:featuredmedia":[{"embeddable":true,"href":"https:\/\/hubsch-interior.com\/de\/wp-json\/wp\/v2\/media\/1101021"}],"wp:attachment":[{"href":"https:\/\/hubsch-interior.com\/de\/wp-json\/wp\/v2\/media?parent=16398"}],"wp:term":[{"taxonomy":"product_brand","embeddable":true,"href":"https:\/\/hubsch-interior.com\/de\/wp-json\/wp\/v2\/product_brand?post=16398"},{"taxonomy":"product_cat","embeddable":true,"href":"https:\/\/hubsch-interior.com\/de\/wp-json\/wp\/v2\/product_cat?post=16398"},{"taxonomy":"product_tag","embeddable":true,"href":"https:\/\/hubsch-interior.com\/de\/wp-json\/wp\/v2\/product_tag?post=16398"}],"curies":[{"name":"wp","href":"https:\/\/api.w.org\/{rel}","templated":true}]}}