{"id":16594,"date":"2020-09-09T23:25:20","date_gmt":"2020-09-09T21:25:20","guid":{"rendered":"https:\/\/hubsch-interior.com\/vare\/product\/"},"modified":"2026-04-09T04:45:41","modified_gmt":"2026-04-09T02:45:41","slug":"glimpse-standspiegel-naturfarben","status":"publish","type":"product","link":"https:\/\/hubsch-interior.com\/de\/produkt\/glimpse-standspiegel-naturfarben\/","title":{"rendered":"Glimpse Standspiegel Naturfarben"},"content":{"rendered":"<p>Der Standspiegel besteht aus FSC-zertifizierter Eiche. Das klare und minimalistische Design sowie das Holz verleihen einen Hauch von Gem\u00fctlichkeit. Platzieren Sie den Spiegel im Schlafzimmer oder in Ihrem Eingang, um ein ger\u00e4umiges Gef\u00fchl zu erzeugen.<\/p>\n","protected":false},"excerpt":{"rendered":"<p>Der Standspiegel besteht aus FSC-zertifizierter Eiche. Das klare und minimalistische Design sowie das Holz verleihen einen Hauch von Gem\u00fctlichkeit. Platzieren Sie den Spiegel im Schlafzimmer oder in Ihrem Eingang, um ein ger\u00e4umiges Gef\u00fchl zu erzeugen.<\/p>\n","protected":false},"featured_media":1101145,"template":"","meta":{"_acf_changed":false,"inline_featured_image":false},"product_brand":[],"product_cat":[6323,2925,3481,5027],"product_tag":[],"class_list":{"0":"post-16594","1":"product","2":"type-product","3":"status-publish","4":"has-post-thumbnail","6":"product_cat-fsc-de","7":"product_cat-spiegel-de","8":"product_cat-stehspiegel-de","9":"product_cat-bestsellers-de","10":"product_shipping_class-p05","12":"pa_color-naturfarben-2","13":"pa_material-spiegelglas","14":"pa_material-eichenholz","16":"first","17":"instock","18":"featured","19":"taxable","20":"shipping-taxable","21":"purchasable","22":"product-type-simple"},"exclude_global_add_ons":[],"addons":[],"acf":[],"yoast_head":"<!-- This site is optimized with the Yoast SEO plugin v26.4 - https:\/\/yoast.com\/wordpress\/plugins\/seo\/ -->\n<title>Glimpse Standspiegel Naturfarben - H\u00fcbsch<\/title>\n<meta name=\"description\" content=\"Der Standspiegel besteht aus FSC-zertifizierter Eiche. Das klare und minimalistische Design sowie das Holz verleihen einen Hauch von Gem\u00fctlichkeit.\" \/>\n<meta name=\"robots\" content=\"index, follow, max-snippet:-1, max-image-preview:large, max-video-preview:-1\" \/>\n<link rel=\"canonical\" href=\"https:\/\/hubsch-interior.com\/de\/wp-json\/wp\/v2\/product\/16594\" \/>\n<meta property=\"og:locale\" content=\"de_DE\" \/>\n<meta property=\"og:type\" content=\"article\" \/>\n<meta property=\"og:title\" content=\"Glimpse Standspiegel Naturfarben - H\u00fcbsch\" \/>\n<meta property=\"og:description\" content=\"Der Standspiegel besteht aus FSC-zertifizierter Eiche. Das klare und minimalistische Design sowie das Holz verleihen einen Hauch von Gem\u00fctlichkeit.\" \/>\n<meta property=\"og:url\" content=\"https:\/\/hubsch-interior.com\/de\/produkt\/glimpse-standspiegel-naturfarben\/\" \/>\n<meta property=\"og:site_name\" content=\"H\u00fcbsch\" \/>\n<meta property=\"article:modified_time\" content=\"2026-04-09T02:45:41+00:00\" \/>\n<meta property=\"og:image\" content=\"https:\/\/hubsch-interior.com\/wp-content\/uploads\/2024\/01\/glimpse-floor-mirror-natural-2d83ce04ee8deef186acf6e0688df0ff.jpg\" \/>\n\t<meta property=\"og:image:width\" content=\"1200\" \/>\n\t<meta property=\"og:image:height\" content=\"1200\" \/>\n\t<meta property=\"og:image:type\" content=\"image\/jpeg\" \/>\n<meta name=\"twitter:card\" content=\"summary_large_image\" \/>\n<script type=\"application\/ld+json\" class=\"yoast-schema-graph\">{\"@context\":\"https:\/\/schema.org\",\"@graph\":[{\"@type\":\"WebPage\",\"@id\":\"https:\/\/hubsch-interior.com\/de\/produkt\/glimpse-standspiegel-naturfarben\/\",\"url\":\"https:\/\/hubsch-interior.com\/de\/produkt\/glimpse-standspiegel-naturfarben\/\",\"name\":\"Glimpse Standspiegel Naturfarben - H\u00fcbsch\",\"isPartOf\":{\"@id\":\"https:\/\/hubsch-interior.com\/de\/#website\"},\"primaryImageOfPage\":{\"@id\":\"https:\/\/hubsch-interior.com\/de\/produkt\/glimpse-standspiegel-naturfarben\/#primaryimage\"},\"image\":{\"@id\":\"https:\/\/hubsch-interior.com\/de\/produkt\/glimpse-standspiegel-naturfarben\/#primaryimage\"},\"thumbnailUrl\":\"https:\/\/hubsch-interior.com\/wp-content\/uploads\/2026\/02\/glimpse-floor-mirror-natural-09a4d72fda6230be7557e7604febb668.jpg\",\"datePublished\":\"2020-09-09T21:25:20+00:00\",\"dateModified\":\"2026-04-09T02:45:41+00:00\",\"description\":\"Der Standspiegel besteht aus FSC-zertifizierter Eiche. Das klare und minimalistische Design sowie das Holz verleihen einen Hauch von Gem\u00fctlichkeit.\",\"breadcrumb\":{\"@id\":\"https:\/\/hubsch-interior.com\/de\/produkt\/glimpse-standspiegel-naturfarben\/#breadcrumb\"},\"inLanguage\":\"de\",\"potentialAction\":[{\"@type\":\"ReadAction\",\"target\":[\"https:\/\/hubsch-interior.com\/de\/produkt\/glimpse-standspiegel-naturfarben\/\"]}]},{\"@type\":\"ImageObject\",\"inLanguage\":\"de\",\"@id\":\"https:\/\/hubsch-interior.com\/de\/produkt\/glimpse-standspiegel-naturfarben\/#primaryimage\",\"url\":\"https:\/\/hubsch-interior.com\/wp-content\/uploads\/2026\/02\/glimpse-floor-mirror-natural-09a4d72fda6230be7557e7604febb668.jpg\",\"contentUrl\":\"https:\/\/hubsch-interior.com\/wp-content\/uploads\/2026\/02\/glimpse-floor-mirror-natural-09a4d72fda6230be7557e7604febb668.jpg\",\"width\":1024,\"height\":1024},{\"@type\":\"BreadcrumbList\",\"@id\":\"https:\/\/hubsch-interior.com\/de\/produkt\/glimpse-standspiegel-naturfarben\/#breadcrumb\",\"itemListElement\":[{\"@type\":\"ListItem\",\"position\":1,\"name\":\"Startseite\",\"item\":\"https:\/\/hubsch-interior.com\/de\/\"},{\"@type\":\"ListItem\",\"position\":2,\"name\":\"Produkte\",\"item\":\"https:\/\/hubsch-interior.com\/de\/shop-2\/\"},{\"@type\":\"ListItem\",\"position\":3,\"name\":\"Wohnaccessoires\",\"item\":\"https:\/\/hubsch-interior.com\/de\/produkt-kategorie\/wohnaccessoires\/\"},{\"@type\":\"ListItem\",\"position\":4,\"name\":\"Spiegel\",\"item\":\"https:\/\/hubsch-interior.com\/de\/produkt-kategorie\/wohnaccessoires\/spiegel-de\/\"},{\"@type\":\"ListItem\",\"position\":5,\"name\":\"Stehspiegel\",\"item\":\"https:\/\/hubsch-interior.com\/de\/produkt-kategorie\/wohnaccessoires\/spiegel-de\/stehspiegel-de\/\"},{\"@type\":\"ListItem\",\"position\":6,\"name\":\"Glimpse Standspiegel Naturfarben\"}]},{\"@type\":\"WebSite\",\"@id\":\"https:\/\/hubsch-interior.com\/de\/#website\",\"url\":\"https:\/\/hubsch-interior.com\/de\/\",\"name\":\"H\u00fcbsch\",\"description\":\"Danish Home Interior and Design\",\"publisher\":{\"@id\":\"https:\/\/hubsch-interior.com\/de\/#organization\"},\"potentialAction\":[{\"@type\":\"SearchAction\",\"target\":{\"@type\":\"EntryPoint\",\"urlTemplate\":\"https:\/\/hubsch-interior.com\/de\/?s={search_term_string}\"},\"query-input\":{\"@type\":\"PropertyValueSpecification\",\"valueRequired\":true,\"valueName\":\"search_term_string\"}}],\"inLanguage\":\"de\"},{\"@type\":\"Organization\",\"@id\":\"https:\/\/hubsch-interior.com\/de\/#organization\",\"name\":\"H\u00fcbsch\",\"url\":\"https:\/\/hubsch-interior.com\/de\/\",\"logo\":{\"@type\":\"ImageObject\",\"inLanguage\":\"de\",\"@id\":\"https:\/\/hubsch-interior.com\/de\/#\/schema\/logo\/image\/\",\"url\":\"https:\/\/hubsch-interior.com\/wp-content\/uploads\/2022\/12\/Hubsch_logo_black_one_line.svg\",\"contentUrl\":\"https:\/\/hubsch-interior.com\/wp-content\/uploads\/2022\/12\/Hubsch_logo_black_one_line.svg\",\"caption\":\"H\u00fcbsch\"},\"image\":{\"@id\":\"https:\/\/hubsch-interior.com\/de\/#\/schema\/logo\/image\/\"}}]}<\/script>\n<!-- \/ Yoast SEO plugin. -->","yoast_head_json":{"title":"Glimpse Standspiegel Naturfarben - H\u00fcbsch","description":"Der Standspiegel besteht aus FSC-zertifizierter Eiche. Das klare und minimalistische Design sowie das Holz verleihen einen Hauch von Gem\u00fctlichkeit.","robots":{"index":"index","follow":"follow","max-snippet":"max-snippet:-1","max-image-preview":"max-image-preview:large","max-video-preview":"max-video-preview:-1"},"canonical":"https:\/\/hubsch-interior.com\/de\/wp-json\/wp\/v2\/product\/16594","og_locale":"de_DE","og_type":"article","og_title":"Glimpse Standspiegel Naturfarben - H\u00fcbsch","og_description":"Der Standspiegel besteht aus FSC-zertifizierter Eiche. Das klare und minimalistische Design sowie das Holz verleihen einen Hauch von Gem\u00fctlichkeit.","og_url":"https:\/\/hubsch-interior.com\/de\/produkt\/glimpse-standspiegel-naturfarben\/","og_site_name":"H\u00fcbsch","article_modified_time":"2026-04-09T02:45:41+00:00","og_image":[{"width":1200,"height":1200,"url":"https:\/\/hubsch-interior.com\/wp-content\/uploads\/2024\/01\/glimpse-floor-mirror-natural-2d83ce04ee8deef186acf6e0688df0ff.jpg","type":"image\/jpeg"}],"twitter_card":"summary_large_image","schema":{"@context":"https:\/\/schema.org","@graph":[{"@type":"WebPage","@id":"https:\/\/hubsch-interior.com\/de\/produkt\/glimpse-standspiegel-naturfarben\/","url":"https:\/\/hubsch-interior.com\/de\/produkt\/glimpse-standspiegel-naturfarben\/","name":"Glimpse Standspiegel Naturfarben - H\u00fcbsch","isPartOf":{"@id":"https:\/\/hubsch-interior.com\/de\/#website"},"primaryImageOfPage":{"@id":"https:\/\/hubsch-interior.com\/de\/produkt\/glimpse-standspiegel-naturfarben\/#primaryimage"},"image":{"@id":"https:\/\/hubsch-interior.com\/de\/produkt\/glimpse-standspiegel-naturfarben\/#primaryimage"},"thumbnailUrl":"https:\/\/hubsch-interior.com\/wp-content\/uploads\/2026\/02\/glimpse-floor-mirror-natural-09a4d72fda6230be7557e7604febb668.jpg","datePublished":"2020-09-09T21:25:20+00:00","dateModified":"2026-04-09T02:45:41+00:00","description":"Der Standspiegel besteht aus FSC-zertifizierter Eiche. Das klare und minimalistische Design sowie das Holz verleihen einen Hauch von Gem\u00fctlichkeit.","breadcrumb":{"@id":"https:\/\/hubsch-interior.com\/de\/produkt\/glimpse-standspiegel-naturfarben\/#breadcrumb"},"inLanguage":"de","potentialAction":[{"@type":"ReadAction","target":["https:\/\/hubsch-interior.com\/de\/produkt\/glimpse-standspiegel-naturfarben\/"]}]},{"@type":"ImageObject","inLanguage":"de","@id":"https:\/\/hubsch-interior.com\/de\/produkt\/glimpse-standspiegel-naturfarben\/#primaryimage","url":"https:\/\/hubsch-interior.com\/wp-content\/uploads\/2026\/02\/glimpse-floor-mirror-natural-09a4d72fda6230be7557e7604febb668.jpg","contentUrl":"https:\/\/hubsch-interior.com\/wp-content\/uploads\/2026\/02\/glimpse-floor-mirror-natural-09a4d72fda6230be7557e7604febb668.jpg","width":1024,"height":1024},{"@type":"BreadcrumbList","@id":"https:\/\/hubsch-interior.com\/de\/produkt\/glimpse-standspiegel-naturfarben\/#breadcrumb","itemListElement":[{"@type":"ListItem","position":1,"name":"Startseite","item":"https:\/\/hubsch-interior.com\/de\/"},{"@type":"ListItem","position":2,"name":"Produkte","item":"https:\/\/hubsch-interior.com\/de\/shop-2\/"},{"@type":"ListItem","position":3,"name":"Wohnaccessoires","item":"https:\/\/hubsch-interior.com\/de\/produkt-kategorie\/wohnaccessoires\/"},{"@type":"ListItem","position":4,"name":"Spiegel","item":"https:\/\/hubsch-interior.com\/de\/produkt-kategorie\/wohnaccessoires\/spiegel-de\/"},{"@type":"ListItem","position":5,"name":"Stehspiegel","item":"https:\/\/hubsch-interior.com\/de\/produkt-kategorie\/wohnaccessoires\/spiegel-de\/stehspiegel-de\/"},{"@type":"ListItem","position":6,"name":"Glimpse Standspiegel Naturfarben"}]},{"@type":"WebSite","@id":"https:\/\/hubsch-interior.com\/de\/#website","url":"https:\/\/hubsch-interior.com\/de\/","name":"H\u00fcbsch","description":"Danish Home Interior and Design","publisher":{"@id":"https:\/\/hubsch-interior.com\/de\/#organization"},"potentialAction":[{"@type":"SearchAction","target":{"@type":"EntryPoint","urlTemplate":"https:\/\/hubsch-interior.com\/de\/?s={search_term_string}"},"query-input":{"@type":"PropertyValueSpecification","valueRequired":true,"valueName":"search_term_string"}}],"inLanguage":"de"},{"@type":"Organization","@id":"https:\/\/hubsch-interior.com\/de\/#organization","name":"H\u00fcbsch","url":"https:\/\/hubsch-interior.com\/de\/","logo":{"@type":"ImageObject","inLanguage":"de","@id":"https:\/\/hubsch-interior.com\/de\/#\/schema\/logo\/image\/","url":"https:\/\/hubsch-interior.com\/wp-content\/uploads\/2022\/12\/Hubsch_logo_black_one_line.svg","contentUrl":"https:\/\/hubsch-interior.com\/wp-content\/uploads\/2022\/12\/Hubsch_logo_black_one_line.svg","caption":"H\u00fcbsch"},"image":{"@id":"https:\/\/hubsch-interior.com\/de\/#\/schema\/logo\/image\/"}}]}},"_links":{"self":[{"href":"https:\/\/hubsch-interior.com\/de\/wp-json\/wp\/v2\/product\/16594","targetHints":{"allow":["GET"]}}],"collection":[{"href":"https:\/\/hubsch-interior.com\/de\/wp-json\/wp\/v2\/product"}],"about":[{"href":"https:\/\/hubsch-interior.com\/de\/wp-json\/wp\/v2\/types\/product"}],"wp:featuredmedia":[{"embeddable":true,"href":"https:\/\/hubsch-interior.com\/de\/wp-json\/wp\/v2\/media\/1101145"}],"wp:attachment":[{"href":"https:\/\/hubsch-interior.com\/de\/wp-json\/wp\/v2\/media?parent=16594"}],"wp:term":[{"taxonomy":"product_brand","embeddable":true,"href":"https:\/\/hubsch-interior.com\/de\/wp-json\/wp\/v2\/product_brand?post=16594"},{"taxonomy":"product_cat","embeddable":true,"href":"https:\/\/hubsch-interior.com\/de\/wp-json\/wp\/v2\/product_cat?post=16594"},{"taxonomy":"product_tag","embeddable":true,"href":"https:\/\/hubsch-interior.com\/de\/wp-json\/wp\/v2\/product_tag?post=16594"}],"curies":[{"name":"wp","href":"https:\/\/api.w.org\/{rel}","templated":true}]}}