{"id":16862,"date":"2020-09-09T23:25:44","date_gmt":"2020-09-09T21:25:44","guid":{"rendered":"https:\/\/hubsch-interior.com\/vare\/product\/"},"modified":"2026-04-05T04:46:12","modified_gmt":"2026-04-05T02:46:12","slug":"monarch-schneidebretter-runde-naturfarben-2er-set","status":"publish","type":"product","link":"https:\/\/hubsch-interior.com\/de\/produkt\/monarch-schneidebretter-runde-naturfarben-2er-set\/","title":{"rendered":"Monarch Schneidebretter Runde Naturfarben (2er Set)"},"content":{"rendered":"<p>Die Schneidebretter bestehen aus massiver FSC-zertifizierter Eiche und sind als 2er-Set in zwei Gr\u00f6\u00dfen erh\u00e4ltlich. Die Bretter haben eine kreisf\u00f6rmige Form und eine gefr\u00e4ste Oberfl\u00e4che auf der einen Seite, um sie weniger rutschig zu machen. Dieses Produkt ist handgefertigt und kann daher variieren.<\/p>\n","protected":false},"excerpt":{"rendered":"<p>Die Schneidebretter bestehen aus massiver FSC-zertifizierter Eiche und sind als 2er-Set in zwei Gr\u00f6\u00dfen erh\u00e4ltlich. Die Bretter haben eine kreisf\u00f6rmige Form und eine gefr\u00e4ste Oberfl\u00e4che auf der einen Seite, um sie weniger rutschig zu machen. Dieses Produkt ist handgefertigt und kann daher variieren.<\/p>\n","protected":false},"featured_media":1101242,"template":"","meta":{"_acf_changed":false,"inline_featured_image":false},"product_brand":[],"product_cat":[6972,7056,7029,6323,4055,4124,6519],"product_tag":[],"class_list":{"0":"post-16862","1":"product","2":"type-product","3":"status-publish","4":"has-post-thumbnail","6":"product_cat-oster-sale","7":"product_cat-schneidebretter-de-tischgeschirr-de-2","8":"product_cat-tischgeschirr-de-2","9":"product_cat-fsc-de","10":"product_cat-kuechenzubehoer-de","11":"product_cat-schneidebretter-de","12":"product_cat-outlet-de","13":"product_shipping_class-pk","15":"pa_color-naturfarben-2","16":"pa_material-eichenholz","18":"first","19":"instock","20":"sale","21":"taxable","22":"shipping-taxable","23":"purchasable","24":"product-type-simple"},"exclude_global_add_ons":[],"addons":[],"acf":[],"yoast_head":"<!-- This site is optimized with the Yoast SEO plugin v26.4 - https:\/\/yoast.com\/wordpress\/plugins\/seo\/ -->\n<title>Monarch Schneidebretter Runde Naturfarben (2er Set) - H\u00fcbsch<\/title>\n<meta name=\"description\" content=\"Die Schneidebretter bestehen aus massiver FSC-zertifizierter Eiche und sind als 2er-Set in zwei Gr\u00f6\u00dfen erh\u00e4ltlich. Die Bretter haben eine kreisf\u00f6rmige\" \/>\n<meta name=\"robots\" content=\"index, follow, max-snippet:-1, max-image-preview:large, max-video-preview:-1\" \/>\n<link rel=\"canonical\" href=\"https:\/\/hubsch-interior.com\/de\/wp-json\/wp\/v2\/product\/16862\" \/>\n<meta property=\"og:locale\" content=\"de_DE\" \/>\n<meta property=\"og:type\" content=\"article\" \/>\n<meta property=\"og:title\" content=\"Monarch Schneidebretter Runde Naturfarben (2er Set) - H\u00fcbsch\" \/>\n<meta property=\"og:description\" content=\"Die Schneidebretter bestehen aus massiver FSC-zertifizierter Eiche und sind als 2er-Set in zwei Gr\u00f6\u00dfen erh\u00e4ltlich. Die Bretter haben eine kreisf\u00f6rmige\" \/>\n<meta property=\"og:url\" content=\"https:\/\/hubsch-interior.com\/de\/produkt\/monarch-schneidebretter-runde-naturfarben-2er-set\/\" \/>\n<meta property=\"og:site_name\" content=\"H\u00fcbsch\" \/>\n<meta property=\"article:modified_time\" content=\"2026-04-05T02:46:12+00:00\" \/>\n<meta property=\"og:image\" content=\"https:\/\/hubsch-interior.com\/wp-content\/uploads\/2025\/01\/monarch-cutting-boards-round-natural-set-of-2-bbaff31d9254e050f0524fa959e90d1e.jpg\" \/>\n\t<meta property=\"og:image:width\" content=\"1200\" \/>\n\t<meta property=\"og:image:height\" content=\"1200\" \/>\n\t<meta property=\"og:image:type\" content=\"image\/jpeg\" \/>\n<meta name=\"twitter:card\" content=\"summary_large_image\" \/>\n<script type=\"application\/ld+json\" class=\"yoast-schema-graph\">{\"@context\":\"https:\/\/schema.org\",\"@graph\":[{\"@type\":\"WebPage\",\"@id\":\"https:\/\/hubsch-interior.com\/de\/produkt\/monarch-schneidebretter-runde-naturfarben-2er-set\/\",\"url\":\"https:\/\/hubsch-interior.com\/de\/produkt\/monarch-schneidebretter-runde-naturfarben-2er-set\/\",\"name\":\"Monarch Schneidebretter Runde Naturfarben (2er Set) - H\u00fcbsch\",\"isPartOf\":{\"@id\":\"https:\/\/hubsch-interior.com\/de\/#website\"},\"primaryImageOfPage\":{\"@id\":\"https:\/\/hubsch-interior.com\/de\/produkt\/monarch-schneidebretter-runde-naturfarben-2er-set\/#primaryimage\"},\"image\":{\"@id\":\"https:\/\/hubsch-interior.com\/de\/produkt\/monarch-schneidebretter-runde-naturfarben-2er-set\/#primaryimage\"},\"thumbnailUrl\":\"https:\/\/hubsch-interior.com\/wp-content\/uploads\/2026\/02\/monarch-cutting-boards-round-natural-set-of-2-b58892a3f89fd53142a9a95e49db84aa.jpg\",\"datePublished\":\"2020-09-09T21:25:44+00:00\",\"dateModified\":\"2026-04-05T02:46:12+00:00\",\"description\":\"Die Schneidebretter bestehen aus massiver FSC-zertifizierter Eiche und sind als 2er-Set in zwei Gr\u00f6\u00dfen erh\u00e4ltlich. Die Bretter haben eine kreisf\u00f6rmige\",\"breadcrumb\":{\"@id\":\"https:\/\/hubsch-interior.com\/de\/produkt\/monarch-schneidebretter-runde-naturfarben-2er-set\/#breadcrumb\"},\"inLanguage\":\"de\",\"potentialAction\":[{\"@type\":\"ReadAction\",\"target\":[\"https:\/\/hubsch-interior.com\/de\/produkt\/monarch-schneidebretter-runde-naturfarben-2er-set\/\"]}]},{\"@type\":\"ImageObject\",\"inLanguage\":\"de\",\"@id\":\"https:\/\/hubsch-interior.com\/de\/produkt\/monarch-schneidebretter-runde-naturfarben-2er-set\/#primaryimage\",\"url\":\"https:\/\/hubsch-interior.com\/wp-content\/uploads\/2026\/02\/monarch-cutting-boards-round-natural-set-of-2-b58892a3f89fd53142a9a95e49db84aa.jpg\",\"contentUrl\":\"https:\/\/hubsch-interior.com\/wp-content\/uploads\/2026\/02\/monarch-cutting-boards-round-natural-set-of-2-b58892a3f89fd53142a9a95e49db84aa.jpg\",\"width\":1024,\"height\":1024},{\"@type\":\"BreadcrumbList\",\"@id\":\"https:\/\/hubsch-interior.com\/de\/produkt\/monarch-schneidebretter-runde-naturfarben-2er-set\/#breadcrumb\",\"itemListElement\":[{\"@type\":\"ListItem\",\"position\":1,\"name\":\"Startseite\",\"item\":\"https:\/\/hubsch-interior.com\/de\/\"},{\"@type\":\"ListItem\",\"position\":2,\"name\":\"Produkte\",\"item\":\"https:\/\/hubsch-interior.com\/de\/shop-2\/\"},{\"@type\":\"ListItem\",\"position\":3,\"name\":\"K\u00fcche\",\"item\":\"https:\/\/hubsch-interior.com\/de\/produkt-kategorie\/kuche\/\"},{\"@type\":\"ListItem\",\"position\":4,\"name\":\"Tischgeschirr\",\"item\":\"https:\/\/hubsch-interior.com\/de\/produkt-kategorie\/kuche\/tischgeschirr-de-2\/\"},{\"@type\":\"ListItem\",\"position\":5,\"name\":\"Schneidebretter\",\"item\":\"https:\/\/hubsch-interior.com\/de\/produkt-kategorie\/kuche\/tischgeschirr-de-2\/schneidebretter-de-tischgeschirr-de-2\/\"},{\"@type\":\"ListItem\",\"position\":6,\"name\":\"Monarch Schneidebretter Runde Naturfarben (2er Set)\"}]},{\"@type\":\"WebSite\",\"@id\":\"https:\/\/hubsch-interior.com\/de\/#website\",\"url\":\"https:\/\/hubsch-interior.com\/de\/\",\"name\":\"H\u00fcbsch\",\"description\":\"Danish Home Interior and Design\",\"publisher\":{\"@id\":\"https:\/\/hubsch-interior.com\/de\/#organization\"},\"potentialAction\":[{\"@type\":\"SearchAction\",\"target\":{\"@type\":\"EntryPoint\",\"urlTemplate\":\"https:\/\/hubsch-interior.com\/de\/?s={search_term_string}\"},\"query-input\":{\"@type\":\"PropertyValueSpecification\",\"valueRequired\":true,\"valueName\":\"search_term_string\"}}],\"inLanguage\":\"de\"},{\"@type\":\"Organization\",\"@id\":\"https:\/\/hubsch-interior.com\/de\/#organization\",\"name\":\"H\u00fcbsch\",\"url\":\"https:\/\/hubsch-interior.com\/de\/\",\"logo\":{\"@type\":\"ImageObject\",\"inLanguage\":\"de\",\"@id\":\"https:\/\/hubsch-interior.com\/de\/#\/schema\/logo\/image\/\",\"url\":\"https:\/\/hubsch-interior.com\/wp-content\/uploads\/2022\/12\/Hubsch_logo_black_one_line.svg\",\"contentUrl\":\"https:\/\/hubsch-interior.com\/wp-content\/uploads\/2022\/12\/Hubsch_logo_black_one_line.svg\",\"caption\":\"H\u00fcbsch\"},\"image\":{\"@id\":\"https:\/\/hubsch-interior.com\/de\/#\/schema\/logo\/image\/\"}}]}<\/script>\n<!-- \/ Yoast SEO plugin. -->","yoast_head_json":{"title":"Monarch Schneidebretter Runde Naturfarben (2er Set) - H\u00fcbsch","description":"Die Schneidebretter bestehen aus massiver FSC-zertifizierter Eiche und sind als 2er-Set in zwei Gr\u00f6\u00dfen erh\u00e4ltlich. Die Bretter haben eine kreisf\u00f6rmige","robots":{"index":"index","follow":"follow","max-snippet":"max-snippet:-1","max-image-preview":"max-image-preview:large","max-video-preview":"max-video-preview:-1"},"canonical":"https:\/\/hubsch-interior.com\/de\/wp-json\/wp\/v2\/product\/16862","og_locale":"de_DE","og_type":"article","og_title":"Monarch Schneidebretter Runde Naturfarben (2er Set) - H\u00fcbsch","og_description":"Die Schneidebretter bestehen aus massiver FSC-zertifizierter Eiche und sind als 2er-Set in zwei Gr\u00f6\u00dfen erh\u00e4ltlich. Die Bretter haben eine kreisf\u00f6rmige","og_url":"https:\/\/hubsch-interior.com\/de\/produkt\/monarch-schneidebretter-runde-naturfarben-2er-set\/","og_site_name":"H\u00fcbsch","article_modified_time":"2026-04-05T02:46:12+00:00","og_image":[{"width":1200,"height":1200,"url":"https:\/\/hubsch-interior.com\/wp-content\/uploads\/2025\/01\/monarch-cutting-boards-round-natural-set-of-2-bbaff31d9254e050f0524fa959e90d1e.jpg","type":"image\/jpeg"}],"twitter_card":"summary_large_image","schema":{"@context":"https:\/\/schema.org","@graph":[{"@type":"WebPage","@id":"https:\/\/hubsch-interior.com\/de\/produkt\/monarch-schneidebretter-runde-naturfarben-2er-set\/","url":"https:\/\/hubsch-interior.com\/de\/produkt\/monarch-schneidebretter-runde-naturfarben-2er-set\/","name":"Monarch Schneidebretter Runde Naturfarben (2er Set) - H\u00fcbsch","isPartOf":{"@id":"https:\/\/hubsch-interior.com\/de\/#website"},"primaryImageOfPage":{"@id":"https:\/\/hubsch-interior.com\/de\/produkt\/monarch-schneidebretter-runde-naturfarben-2er-set\/#primaryimage"},"image":{"@id":"https:\/\/hubsch-interior.com\/de\/produkt\/monarch-schneidebretter-runde-naturfarben-2er-set\/#primaryimage"},"thumbnailUrl":"https:\/\/hubsch-interior.com\/wp-content\/uploads\/2026\/02\/monarch-cutting-boards-round-natural-set-of-2-b58892a3f89fd53142a9a95e49db84aa.jpg","datePublished":"2020-09-09T21:25:44+00:00","dateModified":"2026-04-05T02:46:12+00:00","description":"Die Schneidebretter bestehen aus massiver FSC-zertifizierter Eiche und sind als 2er-Set in zwei Gr\u00f6\u00dfen erh\u00e4ltlich. Die Bretter haben eine kreisf\u00f6rmige","breadcrumb":{"@id":"https:\/\/hubsch-interior.com\/de\/produkt\/monarch-schneidebretter-runde-naturfarben-2er-set\/#breadcrumb"},"inLanguage":"de","potentialAction":[{"@type":"ReadAction","target":["https:\/\/hubsch-interior.com\/de\/produkt\/monarch-schneidebretter-runde-naturfarben-2er-set\/"]}]},{"@type":"ImageObject","inLanguage":"de","@id":"https:\/\/hubsch-interior.com\/de\/produkt\/monarch-schneidebretter-runde-naturfarben-2er-set\/#primaryimage","url":"https:\/\/hubsch-interior.com\/wp-content\/uploads\/2026\/02\/monarch-cutting-boards-round-natural-set-of-2-b58892a3f89fd53142a9a95e49db84aa.jpg","contentUrl":"https:\/\/hubsch-interior.com\/wp-content\/uploads\/2026\/02\/monarch-cutting-boards-round-natural-set-of-2-b58892a3f89fd53142a9a95e49db84aa.jpg","width":1024,"height":1024},{"@type":"BreadcrumbList","@id":"https:\/\/hubsch-interior.com\/de\/produkt\/monarch-schneidebretter-runde-naturfarben-2er-set\/#breadcrumb","itemListElement":[{"@type":"ListItem","position":1,"name":"Startseite","item":"https:\/\/hubsch-interior.com\/de\/"},{"@type":"ListItem","position":2,"name":"Produkte","item":"https:\/\/hubsch-interior.com\/de\/shop-2\/"},{"@type":"ListItem","position":3,"name":"K\u00fcche","item":"https:\/\/hubsch-interior.com\/de\/produkt-kategorie\/kuche\/"},{"@type":"ListItem","position":4,"name":"Tischgeschirr","item":"https:\/\/hubsch-interior.com\/de\/produkt-kategorie\/kuche\/tischgeschirr-de-2\/"},{"@type":"ListItem","position":5,"name":"Schneidebretter","item":"https:\/\/hubsch-interior.com\/de\/produkt-kategorie\/kuche\/tischgeschirr-de-2\/schneidebretter-de-tischgeschirr-de-2\/"},{"@type":"ListItem","position":6,"name":"Monarch Schneidebretter Runde Naturfarben (2er Set)"}]},{"@type":"WebSite","@id":"https:\/\/hubsch-interior.com\/de\/#website","url":"https:\/\/hubsch-interior.com\/de\/","name":"H\u00fcbsch","description":"Danish Home Interior and Design","publisher":{"@id":"https:\/\/hubsch-interior.com\/de\/#organization"},"potentialAction":[{"@type":"SearchAction","target":{"@type":"EntryPoint","urlTemplate":"https:\/\/hubsch-interior.com\/de\/?s={search_term_string}"},"query-input":{"@type":"PropertyValueSpecification","valueRequired":true,"valueName":"search_term_string"}}],"inLanguage":"de"},{"@type":"Organization","@id":"https:\/\/hubsch-interior.com\/de\/#organization","name":"H\u00fcbsch","url":"https:\/\/hubsch-interior.com\/de\/","logo":{"@type":"ImageObject","inLanguage":"de","@id":"https:\/\/hubsch-interior.com\/de\/#\/schema\/logo\/image\/","url":"https:\/\/hubsch-interior.com\/wp-content\/uploads\/2022\/12\/Hubsch_logo_black_one_line.svg","contentUrl":"https:\/\/hubsch-interior.com\/wp-content\/uploads\/2022\/12\/Hubsch_logo_black_one_line.svg","caption":"H\u00fcbsch"},"image":{"@id":"https:\/\/hubsch-interior.com\/de\/#\/schema\/logo\/image\/"}}]}},"_links":{"self":[{"href":"https:\/\/hubsch-interior.com\/de\/wp-json\/wp\/v2\/product\/16862","targetHints":{"allow":["GET"]}}],"collection":[{"href":"https:\/\/hubsch-interior.com\/de\/wp-json\/wp\/v2\/product"}],"about":[{"href":"https:\/\/hubsch-interior.com\/de\/wp-json\/wp\/v2\/types\/product"}],"wp:featuredmedia":[{"embeddable":true,"href":"https:\/\/hubsch-interior.com\/de\/wp-json\/wp\/v2\/media\/1101242"}],"wp:attachment":[{"href":"https:\/\/hubsch-interior.com\/de\/wp-json\/wp\/v2\/media?parent=16862"}],"wp:term":[{"taxonomy":"product_brand","embeddable":true,"href":"https:\/\/hubsch-interior.com\/de\/wp-json\/wp\/v2\/product_brand?post=16862"},{"taxonomy":"product_cat","embeddable":true,"href":"https:\/\/hubsch-interior.com\/de\/wp-json\/wp\/v2\/product_cat?post=16862"},{"taxonomy":"product_tag","embeddable":true,"href":"https:\/\/hubsch-interior.com\/de\/wp-json\/wp\/v2\/product_tag?post=16862"}],"curies":[{"name":"wp","href":"https:\/\/api.w.org\/{rel}","templated":true}]}}