{"id":17158,"date":"2020-09-09T23:26:03","date_gmt":"2020-09-09T21:26:03","guid":{"rendered":"https:\/\/hubsch-interior.com\/vare\/product\/"},"modified":"2026-04-04T04:45:24","modified_gmt":"2026-04-04T02:45:24","slug":"acorn-couchtisch-square-naturfarben","status":"publish","type":"product","link":"https:\/\/hubsch-interior.com\/de\/produkt\/acorn-couchtisch-square-naturfarben\/","title":{"rendered":"Acorn Couchtisch Square Naturfarben"},"content":{"rendered":"<p>Dieser minimalistische Tisch ist aus FSC-zertifizierter Eiche gefertigt und verleiht jedem Raum einen Hauch von W\u00e4rme. Sie k\u00f6nnen den Tisch als Couchtisch in Ihrem Wohnzimmer verwenden, wo Sie B\u00fccher und Zeitschriften in das Fach unter den Tisch legen, w\u00e4hrend Sie die Tischplatte mit einer Vase oder einem Kerzenhalter f\u00fcr zus\u00e4tzliche Gem\u00fctlichkeit dekorieren.<\/p>\n","protected":false},"excerpt":{"rendered":"<p>Dieser minimalistische Tisch ist aus FSC-zertifizierter Eiche gefertigt und verleiht jedem Raum einen Hauch von W\u00e4rme. Sie k\u00f6nnen den Tisch als Couchtisch in Ihrem Wohnzimmer verwenden, wo Sie B\u00fccher und Zeitschriften in das Fach unter den Tisch legen, w\u00e4hrend Sie die Tischplatte mit einer Vase oder einem Kerzenhalter f\u00fcr zus\u00e4tzliche Gem\u00fctlichkeit dekorieren.<\/p>\n","protected":false},"featured_media":1101379,"template":"","meta":{"_acf_changed":false,"inline_featured_image":false},"product_brand":[],"product_cat":[2861,2874,5027],"product_tag":[],"class_list":{"0":"post-17158","1":"product","2":"type-product","3":"status-publish","4":"has-post-thumbnail","6":"product_cat-tische-de","7":"product_cat-sofatische-de","8":"product_cat-bestsellers-de","9":"product_shipping_class-pk","10":"pa_color-naturfarben-2","11":"pa_material-mdf-de","12":"pa_material-eichenfurnier","13":"pa_material-eichenholz","15":"first","16":"outofstock","17":"featured","18":"taxable","19":"shipping-taxable","20":"purchasable","21":"product-type-simple"},"exclude_global_add_ons":[],"addons":[],"acf":[],"yoast_head":"<!-- This site is optimized with the Yoast SEO plugin v26.4 - https:\/\/yoast.com\/wordpress\/plugins\/seo\/ -->\n<title>Acorn Couchtisch Square Naturfarben - H\u00fcbsch<\/title>\n<meta name=\"description\" content=\"Dieser minimalistische Tisch ist aus FSC-zertifizierter Eiche gefertigt und verleiht jedem Raum einen Hauch von W\u00e4rme. Sie k\u00f6nnen den Tisch als Couchtisch\" \/>\n<meta name=\"robots\" content=\"index, follow, max-snippet:-1, max-image-preview:large, max-video-preview:-1\" \/>\n<link rel=\"canonical\" href=\"https:\/\/hubsch-interior.com\/de\/wp-json\/wp\/v2\/product\/17158\" \/>\n<meta property=\"og:locale\" content=\"de_DE\" \/>\n<meta property=\"og:type\" content=\"article\" \/>\n<meta property=\"og:title\" content=\"Acorn Couchtisch Square Naturfarben - H\u00fcbsch\" \/>\n<meta property=\"og:description\" content=\"Dieser minimalistische Tisch ist aus FSC-zertifizierter Eiche gefertigt und verleiht jedem Raum einen Hauch von W\u00e4rme. Sie k\u00f6nnen den Tisch als Couchtisch\" \/>\n<meta property=\"og:url\" content=\"https:\/\/hubsch-interior.com\/de\/produkt\/acorn-couchtisch-square-naturfarben\/\" \/>\n<meta property=\"og:site_name\" content=\"H\u00fcbsch\" \/>\n<meta property=\"article:modified_time\" content=\"2026-04-04T02:45:24+00:00\" \/>\n<meta property=\"og:image\" content=\"https:\/\/hubsch-interior.com\/wp-content\/uploads\/2023\/08\/acorn-coffee-table-square-natural-6dc5df55b1cc8ce9b9f812bc65915f3c.jpg\" \/>\n\t<meta property=\"og:image:width\" content=\"1200\" \/>\n\t<meta property=\"og:image:height\" content=\"1200\" \/>\n\t<meta property=\"og:image:type\" content=\"image\/jpeg\" \/>\n<meta name=\"twitter:card\" content=\"summary_large_image\" \/>\n<script type=\"application\/ld+json\" class=\"yoast-schema-graph\">{\"@context\":\"https:\/\/schema.org\",\"@graph\":[{\"@type\":\"WebPage\",\"@id\":\"https:\/\/hubsch-interior.com\/de\/produkt\/acorn-couchtisch-square-naturfarben\/\",\"url\":\"https:\/\/hubsch-interior.com\/de\/produkt\/acorn-couchtisch-square-naturfarben\/\",\"name\":\"Acorn Couchtisch Square Naturfarben - H\u00fcbsch\",\"isPartOf\":{\"@id\":\"https:\/\/hubsch-interior.com\/de\/#website\"},\"primaryImageOfPage\":{\"@id\":\"https:\/\/hubsch-interior.com\/de\/produkt\/acorn-couchtisch-square-naturfarben\/#primaryimage\"},\"image\":{\"@id\":\"https:\/\/hubsch-interior.com\/de\/produkt\/acorn-couchtisch-square-naturfarben\/#primaryimage\"},\"thumbnailUrl\":\"https:\/\/hubsch-interior.com\/wp-content\/uploads\/2026\/02\/acorn-coffee-table-square-natural-2273f731144a266aab8224c651d61152.jpg\",\"datePublished\":\"2020-09-09T21:26:03+00:00\",\"dateModified\":\"2026-04-04T02:45:24+00:00\",\"description\":\"Dieser minimalistische Tisch ist aus FSC-zertifizierter Eiche gefertigt und verleiht jedem Raum einen Hauch von W\u00e4rme. Sie k\u00f6nnen den Tisch als Couchtisch\",\"breadcrumb\":{\"@id\":\"https:\/\/hubsch-interior.com\/de\/produkt\/acorn-couchtisch-square-naturfarben\/#breadcrumb\"},\"inLanguage\":\"de\",\"potentialAction\":[{\"@type\":\"ReadAction\",\"target\":[\"https:\/\/hubsch-interior.com\/de\/produkt\/acorn-couchtisch-square-naturfarben\/\"]}]},{\"@type\":\"ImageObject\",\"inLanguage\":\"de\",\"@id\":\"https:\/\/hubsch-interior.com\/de\/produkt\/acorn-couchtisch-square-naturfarben\/#primaryimage\",\"url\":\"https:\/\/hubsch-interior.com\/wp-content\/uploads\/2026\/02\/acorn-coffee-table-square-natural-2273f731144a266aab8224c651d61152.jpg\",\"contentUrl\":\"https:\/\/hubsch-interior.com\/wp-content\/uploads\/2026\/02\/acorn-coffee-table-square-natural-2273f731144a266aab8224c651d61152.jpg\",\"width\":1024,\"height\":1024},{\"@type\":\"BreadcrumbList\",\"@id\":\"https:\/\/hubsch-interior.com\/de\/produkt\/acorn-couchtisch-square-naturfarben\/#breadcrumb\",\"itemListElement\":[{\"@type\":\"ListItem\",\"position\":1,\"name\":\"Startseite\",\"item\":\"https:\/\/hubsch-interior.com\/de\/\"},{\"@type\":\"ListItem\",\"position\":2,\"name\":\"Produkte\",\"item\":\"https:\/\/hubsch-interior.com\/de\/shop-2\/\"},{\"@type\":\"ListItem\",\"position\":3,\"name\":\"M\u00f6bel\",\"item\":\"https:\/\/hubsch-interior.com\/de\/produkt-kategorie\/moebel\/\"},{\"@type\":\"ListItem\",\"position\":4,\"name\":\"Tische\",\"item\":\"https:\/\/hubsch-interior.com\/de\/produkt-kategorie\/moebel\/tische-de\/\"},{\"@type\":\"ListItem\",\"position\":5,\"name\":\"Sofatische\",\"item\":\"https:\/\/hubsch-interior.com\/de\/produkt-kategorie\/moebel\/tische-de\/sofatische-de\/\"},{\"@type\":\"ListItem\",\"position\":6,\"name\":\"Acorn Couchtisch Square Naturfarben\"}]},{\"@type\":\"WebSite\",\"@id\":\"https:\/\/hubsch-interior.com\/de\/#website\",\"url\":\"https:\/\/hubsch-interior.com\/de\/\",\"name\":\"H\u00fcbsch\",\"description\":\"Danish Home Interior and Design\",\"publisher\":{\"@id\":\"https:\/\/hubsch-interior.com\/de\/#organization\"},\"potentialAction\":[{\"@type\":\"SearchAction\",\"target\":{\"@type\":\"EntryPoint\",\"urlTemplate\":\"https:\/\/hubsch-interior.com\/de\/?s={search_term_string}\"},\"query-input\":{\"@type\":\"PropertyValueSpecification\",\"valueRequired\":true,\"valueName\":\"search_term_string\"}}],\"inLanguage\":\"de\"},{\"@type\":\"Organization\",\"@id\":\"https:\/\/hubsch-interior.com\/de\/#organization\",\"name\":\"H\u00fcbsch\",\"url\":\"https:\/\/hubsch-interior.com\/de\/\",\"logo\":{\"@type\":\"ImageObject\",\"inLanguage\":\"de\",\"@id\":\"https:\/\/hubsch-interior.com\/de\/#\/schema\/logo\/image\/\",\"url\":\"https:\/\/hubsch-interior.com\/wp-content\/uploads\/2022\/12\/Hubsch_logo_black_one_line.svg\",\"contentUrl\":\"https:\/\/hubsch-interior.com\/wp-content\/uploads\/2022\/12\/Hubsch_logo_black_one_line.svg\",\"caption\":\"H\u00fcbsch\"},\"image\":{\"@id\":\"https:\/\/hubsch-interior.com\/de\/#\/schema\/logo\/image\/\"}}]}<\/script>\n<!-- \/ Yoast SEO plugin. -->","yoast_head_json":{"title":"Acorn Couchtisch Square Naturfarben - H\u00fcbsch","description":"Dieser minimalistische Tisch ist aus FSC-zertifizierter Eiche gefertigt und verleiht jedem Raum einen Hauch von W\u00e4rme. Sie k\u00f6nnen den Tisch als Couchtisch","robots":{"index":"index","follow":"follow","max-snippet":"max-snippet:-1","max-image-preview":"max-image-preview:large","max-video-preview":"max-video-preview:-1"},"canonical":"https:\/\/hubsch-interior.com\/de\/wp-json\/wp\/v2\/product\/17158","og_locale":"de_DE","og_type":"article","og_title":"Acorn Couchtisch Square Naturfarben - H\u00fcbsch","og_description":"Dieser minimalistische Tisch ist aus FSC-zertifizierter Eiche gefertigt und verleiht jedem Raum einen Hauch von W\u00e4rme. Sie k\u00f6nnen den Tisch als Couchtisch","og_url":"https:\/\/hubsch-interior.com\/de\/produkt\/acorn-couchtisch-square-naturfarben\/","og_site_name":"H\u00fcbsch","article_modified_time":"2026-04-04T02:45:24+00:00","og_image":[{"width":1200,"height":1200,"url":"https:\/\/hubsch-interior.com\/wp-content\/uploads\/2023\/08\/acorn-coffee-table-square-natural-6dc5df55b1cc8ce9b9f812bc65915f3c.jpg","type":"image\/jpeg"}],"twitter_card":"summary_large_image","schema":{"@context":"https:\/\/schema.org","@graph":[{"@type":"WebPage","@id":"https:\/\/hubsch-interior.com\/de\/produkt\/acorn-couchtisch-square-naturfarben\/","url":"https:\/\/hubsch-interior.com\/de\/produkt\/acorn-couchtisch-square-naturfarben\/","name":"Acorn Couchtisch Square Naturfarben - H\u00fcbsch","isPartOf":{"@id":"https:\/\/hubsch-interior.com\/de\/#website"},"primaryImageOfPage":{"@id":"https:\/\/hubsch-interior.com\/de\/produkt\/acorn-couchtisch-square-naturfarben\/#primaryimage"},"image":{"@id":"https:\/\/hubsch-interior.com\/de\/produkt\/acorn-couchtisch-square-naturfarben\/#primaryimage"},"thumbnailUrl":"https:\/\/hubsch-interior.com\/wp-content\/uploads\/2026\/02\/acorn-coffee-table-square-natural-2273f731144a266aab8224c651d61152.jpg","datePublished":"2020-09-09T21:26:03+00:00","dateModified":"2026-04-04T02:45:24+00:00","description":"Dieser minimalistische Tisch ist aus FSC-zertifizierter Eiche gefertigt und verleiht jedem Raum einen Hauch von W\u00e4rme. Sie k\u00f6nnen den Tisch als Couchtisch","breadcrumb":{"@id":"https:\/\/hubsch-interior.com\/de\/produkt\/acorn-couchtisch-square-naturfarben\/#breadcrumb"},"inLanguage":"de","potentialAction":[{"@type":"ReadAction","target":["https:\/\/hubsch-interior.com\/de\/produkt\/acorn-couchtisch-square-naturfarben\/"]}]},{"@type":"ImageObject","inLanguage":"de","@id":"https:\/\/hubsch-interior.com\/de\/produkt\/acorn-couchtisch-square-naturfarben\/#primaryimage","url":"https:\/\/hubsch-interior.com\/wp-content\/uploads\/2026\/02\/acorn-coffee-table-square-natural-2273f731144a266aab8224c651d61152.jpg","contentUrl":"https:\/\/hubsch-interior.com\/wp-content\/uploads\/2026\/02\/acorn-coffee-table-square-natural-2273f731144a266aab8224c651d61152.jpg","width":1024,"height":1024},{"@type":"BreadcrumbList","@id":"https:\/\/hubsch-interior.com\/de\/produkt\/acorn-couchtisch-square-naturfarben\/#breadcrumb","itemListElement":[{"@type":"ListItem","position":1,"name":"Startseite","item":"https:\/\/hubsch-interior.com\/de\/"},{"@type":"ListItem","position":2,"name":"Produkte","item":"https:\/\/hubsch-interior.com\/de\/shop-2\/"},{"@type":"ListItem","position":3,"name":"M\u00f6bel","item":"https:\/\/hubsch-interior.com\/de\/produkt-kategorie\/moebel\/"},{"@type":"ListItem","position":4,"name":"Tische","item":"https:\/\/hubsch-interior.com\/de\/produkt-kategorie\/moebel\/tische-de\/"},{"@type":"ListItem","position":5,"name":"Sofatische","item":"https:\/\/hubsch-interior.com\/de\/produkt-kategorie\/moebel\/tische-de\/sofatische-de\/"},{"@type":"ListItem","position":6,"name":"Acorn Couchtisch Square Naturfarben"}]},{"@type":"WebSite","@id":"https:\/\/hubsch-interior.com\/de\/#website","url":"https:\/\/hubsch-interior.com\/de\/","name":"H\u00fcbsch","description":"Danish Home Interior and Design","publisher":{"@id":"https:\/\/hubsch-interior.com\/de\/#organization"},"potentialAction":[{"@type":"SearchAction","target":{"@type":"EntryPoint","urlTemplate":"https:\/\/hubsch-interior.com\/de\/?s={search_term_string}"},"query-input":{"@type":"PropertyValueSpecification","valueRequired":true,"valueName":"search_term_string"}}],"inLanguage":"de"},{"@type":"Organization","@id":"https:\/\/hubsch-interior.com\/de\/#organization","name":"H\u00fcbsch","url":"https:\/\/hubsch-interior.com\/de\/","logo":{"@type":"ImageObject","inLanguage":"de","@id":"https:\/\/hubsch-interior.com\/de\/#\/schema\/logo\/image\/","url":"https:\/\/hubsch-interior.com\/wp-content\/uploads\/2022\/12\/Hubsch_logo_black_one_line.svg","contentUrl":"https:\/\/hubsch-interior.com\/wp-content\/uploads\/2022\/12\/Hubsch_logo_black_one_line.svg","caption":"H\u00fcbsch"},"image":{"@id":"https:\/\/hubsch-interior.com\/de\/#\/schema\/logo\/image\/"}}]}},"_links":{"self":[{"href":"https:\/\/hubsch-interior.com\/de\/wp-json\/wp\/v2\/product\/17158","targetHints":{"allow":["GET"]}}],"collection":[{"href":"https:\/\/hubsch-interior.com\/de\/wp-json\/wp\/v2\/product"}],"about":[{"href":"https:\/\/hubsch-interior.com\/de\/wp-json\/wp\/v2\/types\/product"}],"wp:featuredmedia":[{"embeddable":true,"href":"https:\/\/hubsch-interior.com\/de\/wp-json\/wp\/v2\/media\/1101379"}],"wp:attachment":[{"href":"https:\/\/hubsch-interior.com\/de\/wp-json\/wp\/v2\/media?parent=17158"}],"wp:term":[{"taxonomy":"product_brand","embeddable":true,"href":"https:\/\/hubsch-interior.com\/de\/wp-json\/wp\/v2\/product_brand?post=17158"},{"taxonomy":"product_cat","embeddable":true,"href":"https:\/\/hubsch-interior.com\/de\/wp-json\/wp\/v2\/product_cat?post=17158"},{"taxonomy":"product_tag","embeddable":true,"href":"https:\/\/hubsch-interior.com\/de\/wp-json\/wp\/v2\/product_tag?post=17158"}],"curies":[{"name":"wp","href":"https:\/\/api.w.org\/{rel}","templated":true}]}}