{"id":17378,"date":"2020-09-09T23:26:20","date_gmt":"2020-09-09T21:26:20","guid":{"rendered":"https:\/\/hubsch-interior.com\/vare\/product\/"},"modified":"2026-04-09T04:46:35","modified_gmt":"2026-04-09T02:46:35","slug":"herringbone-kleiderschrank-medium-naturfarben","status":"publish","type":"product","link":"https:\/\/hubsch-interior.com\/de\/produkt\/herringbone-kleiderschrank-medium-naturfarben\/","title":{"rendered":"Herringbone Kleiderschrank Medium Naturfarben"},"content":{"rendered":"<p>Dieser Fischgr\u00e4tenschrank besteht aus FSC-zertifizierter Eiche. Der Schrank verf\u00fcgt \u00fcber zwei T\u00fcren und Regale zur Aufbewahrung Ihrer pers\u00f6nlichen Gegenst\u00e4nde wie Kleidung oder Bettw\u00e4sche. Sie k\u00f6nnen den Schrank in Ihrem Schlafzimmer platzieren und zum Aufbewahren Ihrer Kleidung verwenden oder im Wohnzimmer, wo Sie ihn zum Aufbewahren von Decken oder Spiele verwenden k\u00f6nnen<\/p>\n","protected":false},"excerpt":{"rendered":"<p>Dieser Fischgr\u00e4tenschrank besteht aus FSC-zertifizierter Eiche. Der Schrank verf\u00fcgt \u00fcber zwei T\u00fcren und Regale zur Aufbewahrung Ihrer pers\u00f6nlichen Gegenst\u00e4nde wie Kleidung oder Bettw\u00e4sche. Sie k\u00f6nnen den Schrank in Ihrem Schlafzimmer platzieren und zum Aufbewahren Ihrer Kleidung verwenden oder im Wohnzimmer, wo Sie ihn zum Aufbewahren von Decken oder Spiele verwenden k\u00f6nnen<\/p>\n","protected":false},"featured_media":1101467,"template":"","meta":{"_acf_changed":false,"inline_featured_image":false},"product_brand":[],"product_cat":[6323,4003,4921,4035,6483,5027,5031],"product_tag":[],"class_list":{"0":"post-17378","1":"product","2":"type-product","3":"status-publish","4":"has-post-thumbnail","6":"product_cat-fsc-de","7":"product_cat-regale-aufbewahrung-de","8":"product_cat-kommoden-sideboards-de","9":"product_cat-garderoben-staender-de","10":"product_cat-kleiderschraenke-de","11":"product_cat-bestsellers-de","12":"product_cat-wieder-auf-lager-de","13":"product_shipping_class-p10","15":"pa_color-naturfarben-2","16":"pa_material-mdf-de","17":"pa_material-eichenfurnier","18":"pa_material-eichenholz","20":"first","21":"instock","22":"featured","23":"taxable","24":"shipping-taxable","25":"purchasable","26":"product-type-simple"},"exclude_global_add_ons":[],"addons":[],"acf":[],"yoast_head":"<!-- This site is optimized with the Yoast SEO plugin v26.4 - https:\/\/yoast.com\/wordpress\/plugins\/seo\/ -->\n<title>Herringbone Kleiderschrank Medium Naturfarben - H\u00fcbsch<\/title>\n<meta name=\"description\" content=\"Dieser Fischgr\u00e4tenschrank besteht aus FSC-zertifizierter Eiche. Der Schrank verf\u00fcgt \u00fcber zwei T\u00fcren und Regale zur Aufbewahrung Ihrer pers\u00f6nlichen\" \/>\n<meta name=\"robots\" content=\"index, follow, max-snippet:-1, max-image-preview:large, max-video-preview:-1\" \/>\n<link rel=\"canonical\" href=\"https:\/\/hubsch-interior.com\/de\/wp-json\/wp\/v2\/product\/17378\" \/>\n<meta property=\"og:locale\" content=\"de_DE\" \/>\n<meta property=\"og:type\" content=\"article\" \/>\n<meta property=\"og:title\" content=\"Herringbone Kleiderschrank Medium Naturfarben - H\u00fcbsch\" \/>\n<meta property=\"og:description\" content=\"Dieser Fischgr\u00e4tenschrank besteht aus FSC-zertifizierter Eiche. Der Schrank verf\u00fcgt \u00fcber zwei T\u00fcren und Regale zur Aufbewahrung Ihrer pers\u00f6nlichen\" \/>\n<meta property=\"og:url\" content=\"https:\/\/hubsch-interior.com\/de\/produkt\/herringbone-kleiderschrank-medium-naturfarben\/\" \/>\n<meta property=\"og:site_name\" content=\"H\u00fcbsch\" \/>\n<meta property=\"article:modified_time\" content=\"2026-04-09T02:46:35+00:00\" \/>\n<meta property=\"og:image\" content=\"https:\/\/hubsch-interior.com\/wp-content\/uploads\/2023\/08\/herringbone-wardrobe-medium-natural-cc4d6058d34801816af4bc1183725b23.jpg\" \/>\n\t<meta property=\"og:image:width\" content=\"1200\" \/>\n\t<meta property=\"og:image:height\" content=\"1200\" \/>\n\t<meta property=\"og:image:type\" content=\"image\/jpeg\" \/>\n<meta name=\"twitter:card\" content=\"summary_large_image\" \/>\n<script type=\"application\/ld+json\" class=\"yoast-schema-graph\">{\"@context\":\"https:\/\/schema.org\",\"@graph\":[{\"@type\":\"WebPage\",\"@id\":\"https:\/\/hubsch-interior.com\/de\/produkt\/herringbone-kleiderschrank-medium-naturfarben\/\",\"url\":\"https:\/\/hubsch-interior.com\/de\/produkt\/herringbone-kleiderschrank-medium-naturfarben\/\",\"name\":\"Herringbone Kleiderschrank Medium Naturfarben - H\u00fcbsch\",\"isPartOf\":{\"@id\":\"https:\/\/hubsch-interior.com\/de\/#website\"},\"primaryImageOfPage\":{\"@id\":\"https:\/\/hubsch-interior.com\/de\/produkt\/herringbone-kleiderschrank-medium-naturfarben\/#primaryimage\"},\"image\":{\"@id\":\"https:\/\/hubsch-interior.com\/de\/produkt\/herringbone-kleiderschrank-medium-naturfarben\/#primaryimage\"},\"thumbnailUrl\":\"https:\/\/hubsch-interior.com\/wp-content\/uploads\/2026\/02\/herringbone-wardrobe-medium-natural-bb3187af32f14dec4ecf6920bd5aae9d.jpg\",\"datePublished\":\"2020-09-09T21:26:20+00:00\",\"dateModified\":\"2026-04-09T02:46:35+00:00\",\"description\":\"Dieser Fischgr\u00e4tenschrank besteht aus FSC-zertifizierter Eiche. Der Schrank verf\u00fcgt \u00fcber zwei T\u00fcren und Regale zur Aufbewahrung Ihrer pers\u00f6nlichen\",\"breadcrumb\":{\"@id\":\"https:\/\/hubsch-interior.com\/de\/produkt\/herringbone-kleiderschrank-medium-naturfarben\/#breadcrumb\"},\"inLanguage\":\"de\",\"potentialAction\":[{\"@type\":\"ReadAction\",\"target\":[\"https:\/\/hubsch-interior.com\/de\/produkt\/herringbone-kleiderschrank-medium-naturfarben\/\"]}]},{\"@type\":\"ImageObject\",\"inLanguage\":\"de\",\"@id\":\"https:\/\/hubsch-interior.com\/de\/produkt\/herringbone-kleiderschrank-medium-naturfarben\/#primaryimage\",\"url\":\"https:\/\/hubsch-interior.com\/wp-content\/uploads\/2026\/02\/herringbone-wardrobe-medium-natural-bb3187af32f14dec4ecf6920bd5aae9d.jpg\",\"contentUrl\":\"https:\/\/hubsch-interior.com\/wp-content\/uploads\/2026\/02\/herringbone-wardrobe-medium-natural-bb3187af32f14dec4ecf6920bd5aae9d.jpg\",\"width\":1024,\"height\":1024},{\"@type\":\"BreadcrumbList\",\"@id\":\"https:\/\/hubsch-interior.com\/de\/produkt\/herringbone-kleiderschrank-medium-naturfarben\/#breadcrumb\",\"itemListElement\":[{\"@type\":\"ListItem\",\"position\":1,\"name\":\"Startseite\",\"item\":\"https:\/\/hubsch-interior.com\/de\/\"},{\"@type\":\"ListItem\",\"position\":2,\"name\":\"Produkte\",\"item\":\"https:\/\/hubsch-interior.com\/de\/shop-2\/\"},{\"@type\":\"ListItem\",\"position\":3,\"name\":\"M\u00f6bel\",\"item\":\"https:\/\/hubsch-interior.com\/de\/produkt-kategorie\/moebel\/\"},{\"@type\":\"ListItem\",\"position\":4,\"name\":\"Regale &amp; Aufbewahrung\",\"item\":\"https:\/\/hubsch-interior.com\/de\/produkt-kategorie\/moebel\/regale-aufbewahrung-de\/\"},{\"@type\":\"ListItem\",\"position\":5,\"name\":\"Kommoden &amp; Sideboards\",\"item\":\"https:\/\/hubsch-interior.com\/de\/produkt-kategorie\/moebel\/regale-aufbewahrung-de\/kommoden-sideboards-de\/\"},{\"@type\":\"ListItem\",\"position\":6,\"name\":\"Herringbone Kleiderschrank Medium Naturfarben\"}]},{\"@type\":\"WebSite\",\"@id\":\"https:\/\/hubsch-interior.com\/de\/#website\",\"url\":\"https:\/\/hubsch-interior.com\/de\/\",\"name\":\"H\u00fcbsch\",\"description\":\"Danish Home Interior and Design\",\"publisher\":{\"@id\":\"https:\/\/hubsch-interior.com\/de\/#organization\"},\"potentialAction\":[{\"@type\":\"SearchAction\",\"target\":{\"@type\":\"EntryPoint\",\"urlTemplate\":\"https:\/\/hubsch-interior.com\/de\/?s={search_term_string}\"},\"query-input\":{\"@type\":\"PropertyValueSpecification\",\"valueRequired\":true,\"valueName\":\"search_term_string\"}}],\"inLanguage\":\"de\"},{\"@type\":\"Organization\",\"@id\":\"https:\/\/hubsch-interior.com\/de\/#organization\",\"name\":\"H\u00fcbsch\",\"url\":\"https:\/\/hubsch-interior.com\/de\/\",\"logo\":{\"@type\":\"ImageObject\",\"inLanguage\":\"de\",\"@id\":\"https:\/\/hubsch-interior.com\/de\/#\/schema\/logo\/image\/\",\"url\":\"https:\/\/hubsch-interior.com\/wp-content\/uploads\/2022\/12\/Hubsch_logo_black_one_line.svg\",\"contentUrl\":\"https:\/\/hubsch-interior.com\/wp-content\/uploads\/2022\/12\/Hubsch_logo_black_one_line.svg\",\"caption\":\"H\u00fcbsch\"},\"image\":{\"@id\":\"https:\/\/hubsch-interior.com\/de\/#\/schema\/logo\/image\/\"}}]}<\/script>\n<!-- \/ Yoast SEO plugin. -->","yoast_head_json":{"title":"Herringbone Kleiderschrank Medium Naturfarben - H\u00fcbsch","description":"Dieser Fischgr\u00e4tenschrank besteht aus FSC-zertifizierter Eiche. Der Schrank verf\u00fcgt \u00fcber zwei T\u00fcren und Regale zur Aufbewahrung Ihrer pers\u00f6nlichen","robots":{"index":"index","follow":"follow","max-snippet":"max-snippet:-1","max-image-preview":"max-image-preview:large","max-video-preview":"max-video-preview:-1"},"canonical":"https:\/\/hubsch-interior.com\/de\/wp-json\/wp\/v2\/product\/17378","og_locale":"de_DE","og_type":"article","og_title":"Herringbone Kleiderschrank Medium Naturfarben - H\u00fcbsch","og_description":"Dieser Fischgr\u00e4tenschrank besteht aus FSC-zertifizierter Eiche. Der Schrank verf\u00fcgt \u00fcber zwei T\u00fcren und Regale zur Aufbewahrung Ihrer pers\u00f6nlichen","og_url":"https:\/\/hubsch-interior.com\/de\/produkt\/herringbone-kleiderschrank-medium-naturfarben\/","og_site_name":"H\u00fcbsch","article_modified_time":"2026-04-09T02:46:35+00:00","og_image":[{"width":1200,"height":1200,"url":"https:\/\/hubsch-interior.com\/wp-content\/uploads\/2023\/08\/herringbone-wardrobe-medium-natural-cc4d6058d34801816af4bc1183725b23.jpg","type":"image\/jpeg"}],"twitter_card":"summary_large_image","schema":{"@context":"https:\/\/schema.org","@graph":[{"@type":"WebPage","@id":"https:\/\/hubsch-interior.com\/de\/produkt\/herringbone-kleiderschrank-medium-naturfarben\/","url":"https:\/\/hubsch-interior.com\/de\/produkt\/herringbone-kleiderschrank-medium-naturfarben\/","name":"Herringbone Kleiderschrank Medium Naturfarben - H\u00fcbsch","isPartOf":{"@id":"https:\/\/hubsch-interior.com\/de\/#website"},"primaryImageOfPage":{"@id":"https:\/\/hubsch-interior.com\/de\/produkt\/herringbone-kleiderschrank-medium-naturfarben\/#primaryimage"},"image":{"@id":"https:\/\/hubsch-interior.com\/de\/produkt\/herringbone-kleiderschrank-medium-naturfarben\/#primaryimage"},"thumbnailUrl":"https:\/\/hubsch-interior.com\/wp-content\/uploads\/2026\/02\/herringbone-wardrobe-medium-natural-bb3187af32f14dec4ecf6920bd5aae9d.jpg","datePublished":"2020-09-09T21:26:20+00:00","dateModified":"2026-04-09T02:46:35+00:00","description":"Dieser Fischgr\u00e4tenschrank besteht aus FSC-zertifizierter Eiche. Der Schrank verf\u00fcgt \u00fcber zwei T\u00fcren und Regale zur Aufbewahrung Ihrer pers\u00f6nlichen","breadcrumb":{"@id":"https:\/\/hubsch-interior.com\/de\/produkt\/herringbone-kleiderschrank-medium-naturfarben\/#breadcrumb"},"inLanguage":"de","potentialAction":[{"@type":"ReadAction","target":["https:\/\/hubsch-interior.com\/de\/produkt\/herringbone-kleiderschrank-medium-naturfarben\/"]}]},{"@type":"ImageObject","inLanguage":"de","@id":"https:\/\/hubsch-interior.com\/de\/produkt\/herringbone-kleiderschrank-medium-naturfarben\/#primaryimage","url":"https:\/\/hubsch-interior.com\/wp-content\/uploads\/2026\/02\/herringbone-wardrobe-medium-natural-bb3187af32f14dec4ecf6920bd5aae9d.jpg","contentUrl":"https:\/\/hubsch-interior.com\/wp-content\/uploads\/2026\/02\/herringbone-wardrobe-medium-natural-bb3187af32f14dec4ecf6920bd5aae9d.jpg","width":1024,"height":1024},{"@type":"BreadcrumbList","@id":"https:\/\/hubsch-interior.com\/de\/produkt\/herringbone-kleiderschrank-medium-naturfarben\/#breadcrumb","itemListElement":[{"@type":"ListItem","position":1,"name":"Startseite","item":"https:\/\/hubsch-interior.com\/de\/"},{"@type":"ListItem","position":2,"name":"Produkte","item":"https:\/\/hubsch-interior.com\/de\/shop-2\/"},{"@type":"ListItem","position":3,"name":"M\u00f6bel","item":"https:\/\/hubsch-interior.com\/de\/produkt-kategorie\/moebel\/"},{"@type":"ListItem","position":4,"name":"Regale &amp; Aufbewahrung","item":"https:\/\/hubsch-interior.com\/de\/produkt-kategorie\/moebel\/regale-aufbewahrung-de\/"},{"@type":"ListItem","position":5,"name":"Kommoden &amp; Sideboards","item":"https:\/\/hubsch-interior.com\/de\/produkt-kategorie\/moebel\/regale-aufbewahrung-de\/kommoden-sideboards-de\/"},{"@type":"ListItem","position":6,"name":"Herringbone Kleiderschrank Medium Naturfarben"}]},{"@type":"WebSite","@id":"https:\/\/hubsch-interior.com\/de\/#website","url":"https:\/\/hubsch-interior.com\/de\/","name":"H\u00fcbsch","description":"Danish Home Interior and Design","publisher":{"@id":"https:\/\/hubsch-interior.com\/de\/#organization"},"potentialAction":[{"@type":"SearchAction","target":{"@type":"EntryPoint","urlTemplate":"https:\/\/hubsch-interior.com\/de\/?s={search_term_string}"},"query-input":{"@type":"PropertyValueSpecification","valueRequired":true,"valueName":"search_term_string"}}],"inLanguage":"de"},{"@type":"Organization","@id":"https:\/\/hubsch-interior.com\/de\/#organization","name":"H\u00fcbsch","url":"https:\/\/hubsch-interior.com\/de\/","logo":{"@type":"ImageObject","inLanguage":"de","@id":"https:\/\/hubsch-interior.com\/de\/#\/schema\/logo\/image\/","url":"https:\/\/hubsch-interior.com\/wp-content\/uploads\/2022\/12\/Hubsch_logo_black_one_line.svg","contentUrl":"https:\/\/hubsch-interior.com\/wp-content\/uploads\/2022\/12\/Hubsch_logo_black_one_line.svg","caption":"H\u00fcbsch"},"image":{"@id":"https:\/\/hubsch-interior.com\/de\/#\/schema\/logo\/image\/"}}]}},"_links":{"self":[{"href":"https:\/\/hubsch-interior.com\/de\/wp-json\/wp\/v2\/product\/17378","targetHints":{"allow":["GET"]}}],"collection":[{"href":"https:\/\/hubsch-interior.com\/de\/wp-json\/wp\/v2\/product"}],"about":[{"href":"https:\/\/hubsch-interior.com\/de\/wp-json\/wp\/v2\/types\/product"}],"wp:featuredmedia":[{"embeddable":true,"href":"https:\/\/hubsch-interior.com\/de\/wp-json\/wp\/v2\/media\/1101467"}],"wp:attachment":[{"href":"https:\/\/hubsch-interior.com\/de\/wp-json\/wp\/v2\/media?parent=17378"}],"wp:term":[{"taxonomy":"product_brand","embeddable":true,"href":"https:\/\/hubsch-interior.com\/de\/wp-json\/wp\/v2\/product_brand?post=17378"},{"taxonomy":"product_cat","embeddable":true,"href":"https:\/\/hubsch-interior.com\/de\/wp-json\/wp\/v2\/product_cat?post=17378"},{"taxonomy":"product_tag","embeddable":true,"href":"https:\/\/hubsch-interior.com\/de\/wp-json\/wp\/v2\/product_tag?post=17378"}],"curies":[{"name":"wp","href":"https:\/\/api.w.org\/{rel}","templated":true}]}}