{"id":17546,"date":"2020-09-09T23:26:36","date_gmt":"2020-09-09T21:26:36","guid":{"rendered":"https:\/\/hubsch-interior.com\/vare\/product\/"},"modified":"2026-04-09T04:46:59","modified_gmt":"2026-04-09T02:46:59","slug":"herringbone-kommode-schubladen-naturfarben","status":"publish","type":"product","link":"https:\/\/hubsch-interior.com\/de\/produkt\/herringbone-kommode-schubladen-naturfarben\/","title":{"rendered":"Herringbone Kommode Schubladen Naturfarben"},"content":{"rendered":"<p>Die Kommode besteht aus FSC-zertifizierter Eiche und ist minimalistisch gestaltet. Das einzigartige und nat\u00fcrliche Aussehen der Kommode r\u00fchrt von den Materialien her. Die Kommode ist vielseitig einsetzbar. Verwenden Sie sie im Schlafzimmer f\u00fcr Kleidung oder im Wohnzimmer zur Aufbewahrung.<\/p>\n","protected":false},"excerpt":{"rendered":"<p>Die Kommode besteht aus FSC-zertifizierter Eiche und ist minimalistisch gestaltet. Das einzigartige und nat\u00fcrliche Aussehen der Kommode r\u00fchrt von den Materialien her. Die Kommode ist vielseitig einsetzbar. Verwenden Sie sie im Schlafzimmer f\u00fcr Kleidung oder im Wohnzimmer zur Aufbewahrung.<\/p>\n","protected":false},"featured_media":1101560,"template":"","meta":{"_acf_changed":false,"inline_featured_image":false},"product_brand":[],"product_cat":[6323,4003,4921,5027],"product_tag":[],"class_list":{"0":"post-17546","1":"product","2":"type-product","3":"status-publish","4":"has-post-thumbnail","6":"product_cat-fsc-de","7":"product_cat-regale-aufbewahrung-de","8":"product_cat-kommoden-sideboards-de","9":"product_cat-bestsellers-de","10":"product_shipping_class-p05","12":"pa_color-naturfarben-2","13":"pa_material-mdf-de","14":"pa_material-eichenfurnier","15":"pa_material-eichenholz","17":"first","18":"instock","19":"featured","20":"taxable","21":"shipping-taxable","22":"purchasable","23":"product-type-simple"},"exclude_global_add_ons":[],"addons":[],"acf":[],"yoast_head":"<!-- This site is optimized with the Yoast SEO plugin v26.4 - https:\/\/yoast.com\/wordpress\/plugins\/seo\/ -->\n<title>Herringbone Kommode Schubladen Naturfarben - H\u00fcbsch<\/title>\n<meta name=\"description\" content=\"Die Kommode besteht aus FSC-zertifizierter Eiche und ist minimalistisch gestaltet. Das einzigartige und nat\u00fcrliche Aussehen der Kommode r\u00fchrt von den\" \/>\n<meta name=\"robots\" content=\"index, follow, max-snippet:-1, max-image-preview:large, max-video-preview:-1\" \/>\n<link rel=\"canonical\" href=\"https:\/\/hubsch-interior.com\/de\/wp-json\/wp\/v2\/product\/17546\" \/>\n<meta property=\"og:locale\" content=\"de_DE\" \/>\n<meta property=\"og:type\" content=\"article\" \/>\n<meta property=\"og:title\" content=\"Herringbone Kommode Schubladen Naturfarben - H\u00fcbsch\" \/>\n<meta property=\"og:description\" content=\"Die Kommode besteht aus FSC-zertifizierter Eiche und ist minimalistisch gestaltet. Das einzigartige und nat\u00fcrliche Aussehen der Kommode r\u00fchrt von den\" \/>\n<meta property=\"og:url\" content=\"https:\/\/hubsch-interior.com\/de\/produkt\/herringbone-kommode-schubladen-naturfarben\/\" \/>\n<meta property=\"og:site_name\" content=\"H\u00fcbsch\" \/>\n<meta property=\"article:modified_time\" content=\"2026-04-09T02:46:59+00:00\" \/>\n<meta property=\"og:image\" content=\"https:\/\/hubsch-interior.com\/wp-content\/uploads\/2024\/09\/herringbone-dresser-drawers-natural-a23dd7d26d7c288d7febb17f65ee1842.jpg\" \/>\n\t<meta property=\"og:image:width\" content=\"1200\" \/>\n\t<meta property=\"og:image:height\" content=\"1200\" \/>\n\t<meta property=\"og:image:type\" content=\"image\/jpeg\" \/>\n<meta name=\"twitter:card\" content=\"summary_large_image\" \/>\n<script type=\"application\/ld+json\" class=\"yoast-schema-graph\">{\"@context\":\"https:\/\/schema.org\",\"@graph\":[{\"@type\":\"WebPage\",\"@id\":\"https:\/\/hubsch-interior.com\/de\/produkt\/herringbone-kommode-schubladen-naturfarben\/\",\"url\":\"https:\/\/hubsch-interior.com\/de\/produkt\/herringbone-kommode-schubladen-naturfarben\/\",\"name\":\"Herringbone Kommode Schubladen Naturfarben - H\u00fcbsch\",\"isPartOf\":{\"@id\":\"https:\/\/hubsch-interior.com\/de\/#website\"},\"primaryImageOfPage\":{\"@id\":\"https:\/\/hubsch-interior.com\/de\/produkt\/herringbone-kommode-schubladen-naturfarben\/#primaryimage\"},\"image\":{\"@id\":\"https:\/\/hubsch-interior.com\/de\/produkt\/herringbone-kommode-schubladen-naturfarben\/#primaryimage\"},\"thumbnailUrl\":\"https:\/\/hubsch-interior.com\/wp-content\/uploads\/2026\/02\/herringbone-dresser-drawers-natural-2675bb8801d9facd6badd35a3c3cf116.jpg\",\"datePublished\":\"2020-09-09T21:26:36+00:00\",\"dateModified\":\"2026-04-09T02:46:59+00:00\",\"description\":\"Die Kommode besteht aus FSC-zertifizierter Eiche und ist minimalistisch gestaltet. Das einzigartige und nat\u00fcrliche Aussehen der Kommode r\u00fchrt von den\",\"breadcrumb\":{\"@id\":\"https:\/\/hubsch-interior.com\/de\/produkt\/herringbone-kommode-schubladen-naturfarben\/#breadcrumb\"},\"inLanguage\":\"de\",\"potentialAction\":[{\"@type\":\"ReadAction\",\"target\":[\"https:\/\/hubsch-interior.com\/de\/produkt\/herringbone-kommode-schubladen-naturfarben\/\"]}]},{\"@type\":\"ImageObject\",\"inLanguage\":\"de\",\"@id\":\"https:\/\/hubsch-interior.com\/de\/produkt\/herringbone-kommode-schubladen-naturfarben\/#primaryimage\",\"url\":\"https:\/\/hubsch-interior.com\/wp-content\/uploads\/2026\/02\/herringbone-dresser-drawers-natural-2675bb8801d9facd6badd35a3c3cf116.jpg\",\"contentUrl\":\"https:\/\/hubsch-interior.com\/wp-content\/uploads\/2026\/02\/herringbone-dresser-drawers-natural-2675bb8801d9facd6badd35a3c3cf116.jpg\",\"width\":1024,\"height\":1024},{\"@type\":\"BreadcrumbList\",\"@id\":\"https:\/\/hubsch-interior.com\/de\/produkt\/herringbone-kommode-schubladen-naturfarben\/#breadcrumb\",\"itemListElement\":[{\"@type\":\"ListItem\",\"position\":1,\"name\":\"Startseite\",\"item\":\"https:\/\/hubsch-interior.com\/de\/\"},{\"@type\":\"ListItem\",\"position\":2,\"name\":\"Produkte\",\"item\":\"https:\/\/hubsch-interior.com\/de\/shop-2\/\"},{\"@type\":\"ListItem\",\"position\":3,\"name\":\"M\u00f6bel\",\"item\":\"https:\/\/hubsch-interior.com\/de\/produkt-kategorie\/moebel\/\"},{\"@type\":\"ListItem\",\"position\":4,\"name\":\"Regale &amp; Aufbewahrung\",\"item\":\"https:\/\/hubsch-interior.com\/de\/produkt-kategorie\/moebel\/regale-aufbewahrung-de\/\"},{\"@type\":\"ListItem\",\"position\":5,\"name\":\"Kommoden &amp; Sideboards\",\"item\":\"https:\/\/hubsch-interior.com\/de\/produkt-kategorie\/moebel\/regale-aufbewahrung-de\/kommoden-sideboards-de\/\"},{\"@type\":\"ListItem\",\"position\":6,\"name\":\"Herringbone Kommode Schubladen Naturfarben\"}]},{\"@type\":\"WebSite\",\"@id\":\"https:\/\/hubsch-interior.com\/de\/#website\",\"url\":\"https:\/\/hubsch-interior.com\/de\/\",\"name\":\"H\u00fcbsch\",\"description\":\"Danish Home Interior and Design\",\"publisher\":{\"@id\":\"https:\/\/hubsch-interior.com\/de\/#organization\"},\"potentialAction\":[{\"@type\":\"SearchAction\",\"target\":{\"@type\":\"EntryPoint\",\"urlTemplate\":\"https:\/\/hubsch-interior.com\/de\/?s={search_term_string}\"},\"query-input\":{\"@type\":\"PropertyValueSpecification\",\"valueRequired\":true,\"valueName\":\"search_term_string\"}}],\"inLanguage\":\"de\"},{\"@type\":\"Organization\",\"@id\":\"https:\/\/hubsch-interior.com\/de\/#organization\",\"name\":\"H\u00fcbsch\",\"url\":\"https:\/\/hubsch-interior.com\/de\/\",\"logo\":{\"@type\":\"ImageObject\",\"inLanguage\":\"de\",\"@id\":\"https:\/\/hubsch-interior.com\/de\/#\/schema\/logo\/image\/\",\"url\":\"https:\/\/hubsch-interior.com\/wp-content\/uploads\/2022\/12\/Hubsch_logo_black_one_line.svg\",\"contentUrl\":\"https:\/\/hubsch-interior.com\/wp-content\/uploads\/2022\/12\/Hubsch_logo_black_one_line.svg\",\"caption\":\"H\u00fcbsch\"},\"image\":{\"@id\":\"https:\/\/hubsch-interior.com\/de\/#\/schema\/logo\/image\/\"}}]}<\/script>\n<!-- \/ Yoast SEO plugin. -->","yoast_head_json":{"title":"Herringbone Kommode Schubladen Naturfarben - H\u00fcbsch","description":"Die Kommode besteht aus FSC-zertifizierter Eiche und ist minimalistisch gestaltet. Das einzigartige und nat\u00fcrliche Aussehen der Kommode r\u00fchrt von den","robots":{"index":"index","follow":"follow","max-snippet":"max-snippet:-1","max-image-preview":"max-image-preview:large","max-video-preview":"max-video-preview:-1"},"canonical":"https:\/\/hubsch-interior.com\/de\/wp-json\/wp\/v2\/product\/17546","og_locale":"de_DE","og_type":"article","og_title":"Herringbone Kommode Schubladen Naturfarben - H\u00fcbsch","og_description":"Die Kommode besteht aus FSC-zertifizierter Eiche und ist minimalistisch gestaltet. Das einzigartige und nat\u00fcrliche Aussehen der Kommode r\u00fchrt von den","og_url":"https:\/\/hubsch-interior.com\/de\/produkt\/herringbone-kommode-schubladen-naturfarben\/","og_site_name":"H\u00fcbsch","article_modified_time":"2026-04-09T02:46:59+00:00","og_image":[{"width":1200,"height":1200,"url":"https:\/\/hubsch-interior.com\/wp-content\/uploads\/2024\/09\/herringbone-dresser-drawers-natural-a23dd7d26d7c288d7febb17f65ee1842.jpg","type":"image\/jpeg"}],"twitter_card":"summary_large_image","schema":{"@context":"https:\/\/schema.org","@graph":[{"@type":"WebPage","@id":"https:\/\/hubsch-interior.com\/de\/produkt\/herringbone-kommode-schubladen-naturfarben\/","url":"https:\/\/hubsch-interior.com\/de\/produkt\/herringbone-kommode-schubladen-naturfarben\/","name":"Herringbone Kommode Schubladen Naturfarben - H\u00fcbsch","isPartOf":{"@id":"https:\/\/hubsch-interior.com\/de\/#website"},"primaryImageOfPage":{"@id":"https:\/\/hubsch-interior.com\/de\/produkt\/herringbone-kommode-schubladen-naturfarben\/#primaryimage"},"image":{"@id":"https:\/\/hubsch-interior.com\/de\/produkt\/herringbone-kommode-schubladen-naturfarben\/#primaryimage"},"thumbnailUrl":"https:\/\/hubsch-interior.com\/wp-content\/uploads\/2026\/02\/herringbone-dresser-drawers-natural-2675bb8801d9facd6badd35a3c3cf116.jpg","datePublished":"2020-09-09T21:26:36+00:00","dateModified":"2026-04-09T02:46:59+00:00","description":"Die Kommode besteht aus FSC-zertifizierter Eiche und ist minimalistisch gestaltet. Das einzigartige und nat\u00fcrliche Aussehen der Kommode r\u00fchrt von den","breadcrumb":{"@id":"https:\/\/hubsch-interior.com\/de\/produkt\/herringbone-kommode-schubladen-naturfarben\/#breadcrumb"},"inLanguage":"de","potentialAction":[{"@type":"ReadAction","target":["https:\/\/hubsch-interior.com\/de\/produkt\/herringbone-kommode-schubladen-naturfarben\/"]}]},{"@type":"ImageObject","inLanguage":"de","@id":"https:\/\/hubsch-interior.com\/de\/produkt\/herringbone-kommode-schubladen-naturfarben\/#primaryimage","url":"https:\/\/hubsch-interior.com\/wp-content\/uploads\/2026\/02\/herringbone-dresser-drawers-natural-2675bb8801d9facd6badd35a3c3cf116.jpg","contentUrl":"https:\/\/hubsch-interior.com\/wp-content\/uploads\/2026\/02\/herringbone-dresser-drawers-natural-2675bb8801d9facd6badd35a3c3cf116.jpg","width":1024,"height":1024},{"@type":"BreadcrumbList","@id":"https:\/\/hubsch-interior.com\/de\/produkt\/herringbone-kommode-schubladen-naturfarben\/#breadcrumb","itemListElement":[{"@type":"ListItem","position":1,"name":"Startseite","item":"https:\/\/hubsch-interior.com\/de\/"},{"@type":"ListItem","position":2,"name":"Produkte","item":"https:\/\/hubsch-interior.com\/de\/shop-2\/"},{"@type":"ListItem","position":3,"name":"M\u00f6bel","item":"https:\/\/hubsch-interior.com\/de\/produkt-kategorie\/moebel\/"},{"@type":"ListItem","position":4,"name":"Regale &amp; Aufbewahrung","item":"https:\/\/hubsch-interior.com\/de\/produkt-kategorie\/moebel\/regale-aufbewahrung-de\/"},{"@type":"ListItem","position":5,"name":"Kommoden &amp; Sideboards","item":"https:\/\/hubsch-interior.com\/de\/produkt-kategorie\/moebel\/regale-aufbewahrung-de\/kommoden-sideboards-de\/"},{"@type":"ListItem","position":6,"name":"Herringbone Kommode Schubladen Naturfarben"}]},{"@type":"WebSite","@id":"https:\/\/hubsch-interior.com\/de\/#website","url":"https:\/\/hubsch-interior.com\/de\/","name":"H\u00fcbsch","description":"Danish Home Interior and Design","publisher":{"@id":"https:\/\/hubsch-interior.com\/de\/#organization"},"potentialAction":[{"@type":"SearchAction","target":{"@type":"EntryPoint","urlTemplate":"https:\/\/hubsch-interior.com\/de\/?s={search_term_string}"},"query-input":{"@type":"PropertyValueSpecification","valueRequired":true,"valueName":"search_term_string"}}],"inLanguage":"de"},{"@type":"Organization","@id":"https:\/\/hubsch-interior.com\/de\/#organization","name":"H\u00fcbsch","url":"https:\/\/hubsch-interior.com\/de\/","logo":{"@type":"ImageObject","inLanguage":"de","@id":"https:\/\/hubsch-interior.com\/de\/#\/schema\/logo\/image\/","url":"https:\/\/hubsch-interior.com\/wp-content\/uploads\/2022\/12\/Hubsch_logo_black_one_line.svg","contentUrl":"https:\/\/hubsch-interior.com\/wp-content\/uploads\/2022\/12\/Hubsch_logo_black_one_line.svg","caption":"H\u00fcbsch"},"image":{"@id":"https:\/\/hubsch-interior.com\/de\/#\/schema\/logo\/image\/"}}]}},"_links":{"self":[{"href":"https:\/\/hubsch-interior.com\/de\/wp-json\/wp\/v2\/product\/17546","targetHints":{"allow":["GET"]}}],"collection":[{"href":"https:\/\/hubsch-interior.com\/de\/wp-json\/wp\/v2\/product"}],"about":[{"href":"https:\/\/hubsch-interior.com\/de\/wp-json\/wp\/v2\/types\/product"}],"wp:featuredmedia":[{"embeddable":true,"href":"https:\/\/hubsch-interior.com\/de\/wp-json\/wp\/v2\/media\/1101560"}],"wp:attachment":[{"href":"https:\/\/hubsch-interior.com\/de\/wp-json\/wp\/v2\/media?parent=17546"}],"wp:term":[{"taxonomy":"product_brand","embeddable":true,"href":"https:\/\/hubsch-interior.com\/de\/wp-json\/wp\/v2\/product_brand?post=17546"},{"taxonomy":"product_cat","embeddable":true,"href":"https:\/\/hubsch-interior.com\/de\/wp-json\/wp\/v2\/product_cat?post=17546"},{"taxonomy":"product_tag","embeddable":true,"href":"https:\/\/hubsch-interior.com\/de\/wp-json\/wp\/v2\/product_tag?post=17546"}],"curies":[{"name":"wp","href":"https:\/\/api.w.org\/{rel}","templated":true}]}}