{"id":18490,"date":"2020-09-09T23:27:47","date_gmt":"2020-09-09T21:27:47","guid":{"rendered":"https:\/\/hubsch-interior.com\/vare\/product\/"},"modified":"2026-04-09T04:47:55","modified_gmt":"2026-04-09T02:47:55","slug":"elevate-tablett-naturfarben","status":"publish","type":"product","link":"https:\/\/hubsch-interior.com\/de\/produkt\/elevate-tablett-naturfarben\/","title":{"rendered":"Elevate Tablett Naturfarben"},"content":{"rendered":"<p>Entdecken Sie den Charme des Elevate Tablett, Ihr perfekter Begleiter f\u00fcr stilvolles Unterhalten in Innenr\u00e4umen. Gefertigt aus exquisitem Eichenholz und Eichenfurnier, beeindruckt dieses Tablett mit seiner reichen nat\u00fcrlichen Farbgebung, die jeder Umgebung eine warme Note verleiht. Ideal zum Servieren Ihrer Lieblingsgetr\u00e4nke oder zum Pr\u00e4sentieren gesch\u00e4tzter Gegenst\u00e4nde, vereint dieses Tablett Funktionalit\u00e4t mit einer eleganten \u00c4sthetik und steigert so die Sch\u00f6nheit Ihres Zuhauses.<\/p>\n","protected":false},"excerpt":{"rendered":"<p>Entdecken Sie den Charme des Elevate Tablett, Ihr perfekter Begleiter f\u00fcr stilvolles Unterhalten in Innenr\u00e4umen. Gefertigt aus exquisitem Eichenholz und Eichenfurnier, beeindruckt dieses Tablett mit seiner reichen nat\u00fcrlichen Farbgebung, die jeder Umgebung eine warme Note verleiht. Ideal zum Servieren Ihrer Lieblingsgetr\u00e4nke oder zum Pr\u00e4sentieren gesch\u00e4tzter Gegenst\u00e4nde, vereint dieses Tablett Funktionalit\u00e4t mit einer eleganten \u00c4sthetik und [&hellip;]<\/p>\n","protected":false},"featured_media":1101854,"template":"","meta":{"_acf_changed":false,"inline_featured_image":false},"product_brand":[],"product_cat":[7040,7029,6323,4055,4056,5027],"product_tag":[],"class_list":{"0":"post-18490","1":"product","2":"type-product","3":"status-publish","4":"has-post-thumbnail","6":"product_cat-tabletts-de-tischgeschirr-de-2","7":"product_cat-tischgeschirr-de-2","8":"product_cat-fsc-de","9":"product_cat-kuechenzubehoer-de","10":"product_cat-tabletts-de","11":"product_cat-bestsellers-de","12":"product_shipping_class-pk","14":"pa_color-naturfarben-2","15":"pa_material-mdf-de","16":"pa_material-eichenfurnier","17":"pa_material-eichenholz","19":"first","20":"instock","21":"featured","22":"taxable","23":"shipping-taxable","24":"purchasable","25":"product-type-simple"},"exclude_global_add_ons":[],"addons":[],"acf":[],"yoast_head":"<!-- This site is optimized with the Yoast SEO plugin v26.4 - https:\/\/yoast.com\/wordpress\/plugins\/seo\/ -->\n<title>Elevate Tablett Naturfarben - H\u00fcbsch<\/title>\n<meta name=\"description\" content=\"Entdecken Sie den Charme des Elevate Tablett, Ihr perfekter Begleiter f\u00fcr stilvolles Unterhalten in Innenr\u00e4umen. Gefertigt aus exquisitem Eichenholz und\" \/>\n<meta name=\"robots\" content=\"index, follow, max-snippet:-1, max-image-preview:large, max-video-preview:-1\" \/>\n<link rel=\"canonical\" href=\"https:\/\/hubsch-interior.com\/de\/wp-json\/wp\/v2\/product\/18490\" \/>\n<meta property=\"og:locale\" content=\"de_DE\" \/>\n<meta property=\"og:type\" content=\"article\" \/>\n<meta property=\"og:title\" content=\"Elevate Tablett Naturfarben - H\u00fcbsch\" \/>\n<meta property=\"og:description\" content=\"Entdecken Sie den Charme des Elevate Tablett, Ihr perfekter Begleiter f\u00fcr stilvolles Unterhalten in Innenr\u00e4umen. Gefertigt aus exquisitem Eichenholz und\" \/>\n<meta property=\"og:url\" content=\"https:\/\/hubsch-interior.com\/de\/produkt\/elevate-tablett-naturfarben\/\" \/>\n<meta property=\"og:site_name\" content=\"H\u00fcbsch\" \/>\n<meta property=\"article:modified_time\" content=\"2026-04-09T02:47:55+00:00\" \/>\n<meta property=\"og:image\" content=\"https:\/\/hubsch-interior.com\/wp-content\/uploads\/2024\/05\/elevate-tray-natural-75dabd5808c92f50442496552344bcf4.jpg\" \/>\n\t<meta property=\"og:image:width\" content=\"1200\" \/>\n\t<meta property=\"og:image:height\" content=\"1200\" \/>\n\t<meta property=\"og:image:type\" content=\"image\/jpeg\" \/>\n<meta name=\"twitter:card\" content=\"summary_large_image\" \/>\n<script type=\"application\/ld+json\" class=\"yoast-schema-graph\">{\"@context\":\"https:\/\/schema.org\",\"@graph\":[{\"@type\":\"WebPage\",\"@id\":\"https:\/\/hubsch-interior.com\/de\/produkt\/elevate-tablett-naturfarben\/\",\"url\":\"https:\/\/hubsch-interior.com\/de\/produkt\/elevate-tablett-naturfarben\/\",\"name\":\"Elevate Tablett Naturfarben - H\u00fcbsch\",\"isPartOf\":{\"@id\":\"https:\/\/hubsch-interior.com\/de\/#website\"},\"primaryImageOfPage\":{\"@id\":\"https:\/\/hubsch-interior.com\/de\/produkt\/elevate-tablett-naturfarben\/#primaryimage\"},\"image\":{\"@id\":\"https:\/\/hubsch-interior.com\/de\/produkt\/elevate-tablett-naturfarben\/#primaryimage\"},\"thumbnailUrl\":\"https:\/\/hubsch-interior.com\/wp-content\/uploads\/2026\/02\/elevate-tray-natural-fe371bfeb4dec748cdd8d3a9b21724ed.jpg\",\"datePublished\":\"2020-09-09T21:27:47+00:00\",\"dateModified\":\"2026-04-09T02:47:55+00:00\",\"description\":\"Entdecken Sie den Charme des Elevate Tablett, Ihr perfekter Begleiter f\u00fcr stilvolles Unterhalten in Innenr\u00e4umen. Gefertigt aus exquisitem Eichenholz und\",\"breadcrumb\":{\"@id\":\"https:\/\/hubsch-interior.com\/de\/produkt\/elevate-tablett-naturfarben\/#breadcrumb\"},\"inLanguage\":\"de\",\"potentialAction\":[{\"@type\":\"ReadAction\",\"target\":[\"https:\/\/hubsch-interior.com\/de\/produkt\/elevate-tablett-naturfarben\/\"]}]},{\"@type\":\"ImageObject\",\"inLanguage\":\"de\",\"@id\":\"https:\/\/hubsch-interior.com\/de\/produkt\/elevate-tablett-naturfarben\/#primaryimage\",\"url\":\"https:\/\/hubsch-interior.com\/wp-content\/uploads\/2026\/02\/elevate-tray-natural-fe371bfeb4dec748cdd8d3a9b21724ed.jpg\",\"contentUrl\":\"https:\/\/hubsch-interior.com\/wp-content\/uploads\/2026\/02\/elevate-tray-natural-fe371bfeb4dec748cdd8d3a9b21724ed.jpg\",\"width\":1024,\"height\":1024},{\"@type\":\"BreadcrumbList\",\"@id\":\"https:\/\/hubsch-interior.com\/de\/produkt\/elevate-tablett-naturfarben\/#breadcrumb\",\"itemListElement\":[{\"@type\":\"ListItem\",\"position\":1,\"name\":\"Startseite\",\"item\":\"https:\/\/hubsch-interior.com\/de\/\"},{\"@type\":\"ListItem\",\"position\":2,\"name\":\"Produkte\",\"item\":\"https:\/\/hubsch-interior.com\/de\/shop-2\/\"},{\"@type\":\"ListItem\",\"position\":3,\"name\":\"K\u00fcche\",\"item\":\"https:\/\/hubsch-interior.com\/de\/produkt-kategorie\/kuche\/\"},{\"@type\":\"ListItem\",\"position\":4,\"name\":\"Tischgeschirr\",\"item\":\"https:\/\/hubsch-interior.com\/de\/produkt-kategorie\/kuche\/tischgeschirr-de-2\/\"},{\"@type\":\"ListItem\",\"position\":5,\"name\":\"Tabletts\",\"item\":\"https:\/\/hubsch-interior.com\/de\/produkt-kategorie\/kuche\/tischgeschirr-de-2\/tabletts-de-tischgeschirr-de-2\/\"},{\"@type\":\"ListItem\",\"position\":6,\"name\":\"Elevate Tablett Naturfarben\"}]},{\"@type\":\"WebSite\",\"@id\":\"https:\/\/hubsch-interior.com\/de\/#website\",\"url\":\"https:\/\/hubsch-interior.com\/de\/\",\"name\":\"H\u00fcbsch\",\"description\":\"Danish Home Interior and Design\",\"publisher\":{\"@id\":\"https:\/\/hubsch-interior.com\/de\/#organization\"},\"potentialAction\":[{\"@type\":\"SearchAction\",\"target\":{\"@type\":\"EntryPoint\",\"urlTemplate\":\"https:\/\/hubsch-interior.com\/de\/?s={search_term_string}\"},\"query-input\":{\"@type\":\"PropertyValueSpecification\",\"valueRequired\":true,\"valueName\":\"search_term_string\"}}],\"inLanguage\":\"de\"},{\"@type\":\"Organization\",\"@id\":\"https:\/\/hubsch-interior.com\/de\/#organization\",\"name\":\"H\u00fcbsch\",\"url\":\"https:\/\/hubsch-interior.com\/de\/\",\"logo\":{\"@type\":\"ImageObject\",\"inLanguage\":\"de\",\"@id\":\"https:\/\/hubsch-interior.com\/de\/#\/schema\/logo\/image\/\",\"url\":\"https:\/\/hubsch-interior.com\/wp-content\/uploads\/2022\/12\/Hubsch_logo_black_one_line.svg\",\"contentUrl\":\"https:\/\/hubsch-interior.com\/wp-content\/uploads\/2022\/12\/Hubsch_logo_black_one_line.svg\",\"caption\":\"H\u00fcbsch\"},\"image\":{\"@id\":\"https:\/\/hubsch-interior.com\/de\/#\/schema\/logo\/image\/\"}}]}<\/script>\n<!-- \/ Yoast SEO plugin. -->","yoast_head_json":{"title":"Elevate Tablett Naturfarben - H\u00fcbsch","description":"Entdecken Sie den Charme des Elevate Tablett, Ihr perfekter Begleiter f\u00fcr stilvolles Unterhalten in Innenr\u00e4umen. Gefertigt aus exquisitem Eichenholz und","robots":{"index":"index","follow":"follow","max-snippet":"max-snippet:-1","max-image-preview":"max-image-preview:large","max-video-preview":"max-video-preview:-1"},"canonical":"https:\/\/hubsch-interior.com\/de\/wp-json\/wp\/v2\/product\/18490","og_locale":"de_DE","og_type":"article","og_title":"Elevate Tablett Naturfarben - H\u00fcbsch","og_description":"Entdecken Sie den Charme des Elevate Tablett, Ihr perfekter Begleiter f\u00fcr stilvolles Unterhalten in Innenr\u00e4umen. Gefertigt aus exquisitem Eichenholz und","og_url":"https:\/\/hubsch-interior.com\/de\/produkt\/elevate-tablett-naturfarben\/","og_site_name":"H\u00fcbsch","article_modified_time":"2026-04-09T02:47:55+00:00","og_image":[{"width":1200,"height":1200,"url":"https:\/\/hubsch-interior.com\/wp-content\/uploads\/2024\/05\/elevate-tray-natural-75dabd5808c92f50442496552344bcf4.jpg","type":"image\/jpeg"}],"twitter_card":"summary_large_image","schema":{"@context":"https:\/\/schema.org","@graph":[{"@type":"WebPage","@id":"https:\/\/hubsch-interior.com\/de\/produkt\/elevate-tablett-naturfarben\/","url":"https:\/\/hubsch-interior.com\/de\/produkt\/elevate-tablett-naturfarben\/","name":"Elevate Tablett Naturfarben - H\u00fcbsch","isPartOf":{"@id":"https:\/\/hubsch-interior.com\/de\/#website"},"primaryImageOfPage":{"@id":"https:\/\/hubsch-interior.com\/de\/produkt\/elevate-tablett-naturfarben\/#primaryimage"},"image":{"@id":"https:\/\/hubsch-interior.com\/de\/produkt\/elevate-tablett-naturfarben\/#primaryimage"},"thumbnailUrl":"https:\/\/hubsch-interior.com\/wp-content\/uploads\/2026\/02\/elevate-tray-natural-fe371bfeb4dec748cdd8d3a9b21724ed.jpg","datePublished":"2020-09-09T21:27:47+00:00","dateModified":"2026-04-09T02:47:55+00:00","description":"Entdecken Sie den Charme des Elevate Tablett, Ihr perfekter Begleiter f\u00fcr stilvolles Unterhalten in Innenr\u00e4umen. Gefertigt aus exquisitem Eichenholz und","breadcrumb":{"@id":"https:\/\/hubsch-interior.com\/de\/produkt\/elevate-tablett-naturfarben\/#breadcrumb"},"inLanguage":"de","potentialAction":[{"@type":"ReadAction","target":["https:\/\/hubsch-interior.com\/de\/produkt\/elevate-tablett-naturfarben\/"]}]},{"@type":"ImageObject","inLanguage":"de","@id":"https:\/\/hubsch-interior.com\/de\/produkt\/elevate-tablett-naturfarben\/#primaryimage","url":"https:\/\/hubsch-interior.com\/wp-content\/uploads\/2026\/02\/elevate-tray-natural-fe371bfeb4dec748cdd8d3a9b21724ed.jpg","contentUrl":"https:\/\/hubsch-interior.com\/wp-content\/uploads\/2026\/02\/elevate-tray-natural-fe371bfeb4dec748cdd8d3a9b21724ed.jpg","width":1024,"height":1024},{"@type":"BreadcrumbList","@id":"https:\/\/hubsch-interior.com\/de\/produkt\/elevate-tablett-naturfarben\/#breadcrumb","itemListElement":[{"@type":"ListItem","position":1,"name":"Startseite","item":"https:\/\/hubsch-interior.com\/de\/"},{"@type":"ListItem","position":2,"name":"Produkte","item":"https:\/\/hubsch-interior.com\/de\/shop-2\/"},{"@type":"ListItem","position":3,"name":"K\u00fcche","item":"https:\/\/hubsch-interior.com\/de\/produkt-kategorie\/kuche\/"},{"@type":"ListItem","position":4,"name":"Tischgeschirr","item":"https:\/\/hubsch-interior.com\/de\/produkt-kategorie\/kuche\/tischgeschirr-de-2\/"},{"@type":"ListItem","position":5,"name":"Tabletts","item":"https:\/\/hubsch-interior.com\/de\/produkt-kategorie\/kuche\/tischgeschirr-de-2\/tabletts-de-tischgeschirr-de-2\/"},{"@type":"ListItem","position":6,"name":"Elevate Tablett Naturfarben"}]},{"@type":"WebSite","@id":"https:\/\/hubsch-interior.com\/de\/#website","url":"https:\/\/hubsch-interior.com\/de\/","name":"H\u00fcbsch","description":"Danish Home Interior and Design","publisher":{"@id":"https:\/\/hubsch-interior.com\/de\/#organization"},"potentialAction":[{"@type":"SearchAction","target":{"@type":"EntryPoint","urlTemplate":"https:\/\/hubsch-interior.com\/de\/?s={search_term_string}"},"query-input":{"@type":"PropertyValueSpecification","valueRequired":true,"valueName":"search_term_string"}}],"inLanguage":"de"},{"@type":"Organization","@id":"https:\/\/hubsch-interior.com\/de\/#organization","name":"H\u00fcbsch","url":"https:\/\/hubsch-interior.com\/de\/","logo":{"@type":"ImageObject","inLanguage":"de","@id":"https:\/\/hubsch-interior.com\/de\/#\/schema\/logo\/image\/","url":"https:\/\/hubsch-interior.com\/wp-content\/uploads\/2022\/12\/Hubsch_logo_black_one_line.svg","contentUrl":"https:\/\/hubsch-interior.com\/wp-content\/uploads\/2022\/12\/Hubsch_logo_black_one_line.svg","caption":"H\u00fcbsch"},"image":{"@id":"https:\/\/hubsch-interior.com\/de\/#\/schema\/logo\/image\/"}}]}},"_links":{"self":[{"href":"https:\/\/hubsch-interior.com\/de\/wp-json\/wp\/v2\/product\/18490","targetHints":{"allow":["GET"]}}],"collection":[{"href":"https:\/\/hubsch-interior.com\/de\/wp-json\/wp\/v2\/product"}],"about":[{"href":"https:\/\/hubsch-interior.com\/de\/wp-json\/wp\/v2\/types\/product"}],"wp:featuredmedia":[{"embeddable":true,"href":"https:\/\/hubsch-interior.com\/de\/wp-json\/wp\/v2\/media\/1101854"}],"wp:attachment":[{"href":"https:\/\/hubsch-interior.com\/de\/wp-json\/wp\/v2\/media?parent=18490"}],"wp:term":[{"taxonomy":"product_brand","embeddable":true,"href":"https:\/\/hubsch-interior.com\/de\/wp-json\/wp\/v2\/product_brand?post=18490"},{"taxonomy":"product_cat","embeddable":true,"href":"https:\/\/hubsch-interior.com\/de\/wp-json\/wp\/v2\/product_cat?post=18490"},{"taxonomy":"product_tag","embeddable":true,"href":"https:\/\/hubsch-interior.com\/de\/wp-json\/wp\/v2\/product_tag?post=18490"}],"curies":[{"name":"wp","href":"https:\/\/api.w.org\/{rel}","templated":true}]}}