{"id":18626,"date":"2020-09-09T23:27:56","date_gmt":"2020-09-09T21:27:56","guid":{"rendered":"https:\/\/hubsch-interior.com\/vare\/product\/"},"modified":"2026-04-05T04:49:24","modified_gmt":"2026-04-05T02:49:24","slug":"collage-tafel-large-naturfarben","status":"publish","type":"product","link":"https:\/\/hubsch-interior.com\/de\/produkt\/collage-tafel-large-naturfarben\/","title":{"rendered":"Collage Tafel Large Naturfarben"},"content":{"rendered":"<p>Die Pinnwand ist eine stilvolle und praktische Erg\u00e4nzung f\u00fcr Ihr B\u00fcro, Ihre K\u00fcche und jeden anderen Raum in Ihrem Zuhause. Pr\u00e4sentieren Sie pers\u00f6nliche Bilder, Notizen, Erinnerungen und vieles mehr an der Pinnwand. Der Rahmen besteht aus Eiche und ist FSC-zertifiziert.<\/p>\n","protected":false},"excerpt":{"rendered":"<p>Die Pinnwand ist eine stilvolle und praktische Erg\u00e4nzung f\u00fcr Ihr B\u00fcro, Ihre K\u00fcche und jeden anderen Raum in Ihrem Zuhause. Pr\u00e4sentieren Sie pers\u00f6nliche Bilder, Notizen, Erinnerungen und vieles mehr an der Pinnwand. Der Rahmen besteht aus Eiche und ist FSC-zertifiziert.<\/p>\n","protected":false},"featured_media":1101960,"template":"","meta":{"_acf_changed":false,"inline_featured_image":false},"product_brand":[],"product_cat":[4155,4955,5027],"product_tag":[],"class_list":{"0":"post-18626","1":"product","2":"type-product","3":"status-publish","4":"has-post-thumbnail","6":"product_cat-buero-de","7":"product_cat-tafeln-de","8":"product_cat-bestsellers-de","9":"product_shipping_class-pk","10":"pa_color-naturfarben-2","11":"pa_material-kanevas-de","12":"pa_material-mdf-de","13":"pa_material-eichenfurnier","15":"first","16":"outofstock","17":"featured","18":"taxable","19":"shipping-taxable","20":"purchasable","21":"product-type-simple"},"exclude_global_add_ons":[],"addons":[],"acf":[],"yoast_head":"<!-- This site is optimized with the Yoast SEO plugin v26.4 - https:\/\/yoast.com\/wordpress\/plugins\/seo\/ -->\n<title>Collage Tafel Large Naturfarben - H\u00fcbsch<\/title>\n<meta name=\"description\" content=\"Die Pinnwand ist eine stilvolle und praktische Erg\u00e4nzung f\u00fcr Ihr B\u00fcro, Ihre K\u00fcche und jeden anderen Raum in Ihrem Zuhause. Pr\u00e4sentieren Sie pers\u00f6nliche\" \/>\n<meta name=\"robots\" content=\"index, follow, max-snippet:-1, max-image-preview:large, max-video-preview:-1\" \/>\n<link rel=\"canonical\" href=\"https:\/\/hubsch-interior.com\/de\/wp-json\/wp\/v2\/product\/18626\" \/>\n<meta property=\"og:locale\" content=\"de_DE\" \/>\n<meta property=\"og:type\" content=\"article\" \/>\n<meta property=\"og:title\" content=\"Collage Tafel Large Naturfarben - H\u00fcbsch\" \/>\n<meta property=\"og:description\" content=\"Die Pinnwand ist eine stilvolle und praktische Erg\u00e4nzung f\u00fcr Ihr B\u00fcro, Ihre K\u00fcche und jeden anderen Raum in Ihrem Zuhause. Pr\u00e4sentieren Sie pers\u00f6nliche\" \/>\n<meta property=\"og:url\" content=\"https:\/\/hubsch-interior.com\/de\/produkt\/collage-tafel-large-naturfarben\/\" \/>\n<meta property=\"og:site_name\" content=\"H\u00fcbsch\" \/>\n<meta property=\"article:modified_time\" content=\"2026-04-05T02:49:24+00:00\" \/>\n<meta property=\"og:image\" content=\"https:\/\/hubsch-interior.com\/wp-content\/uploads\/2023\/08\/collage-board-large-natural-c7ac6242b4db8931394f5b8f46aba07a.jpg\" \/>\n\t<meta property=\"og:image:width\" content=\"1200\" \/>\n\t<meta property=\"og:image:height\" content=\"1200\" \/>\n\t<meta property=\"og:image:type\" content=\"image\/jpeg\" \/>\n<meta name=\"twitter:card\" content=\"summary_large_image\" \/>\n<script type=\"application\/ld+json\" class=\"yoast-schema-graph\">{\"@context\":\"https:\/\/schema.org\",\"@graph\":[{\"@type\":\"WebPage\",\"@id\":\"https:\/\/hubsch-interior.com\/de\/produkt\/collage-tafel-large-naturfarben\/\",\"url\":\"https:\/\/hubsch-interior.com\/de\/produkt\/collage-tafel-large-naturfarben\/\",\"name\":\"Collage Tafel Large Naturfarben - H\u00fcbsch\",\"isPartOf\":{\"@id\":\"https:\/\/hubsch-interior.com\/de\/#website\"},\"primaryImageOfPage\":{\"@id\":\"https:\/\/hubsch-interior.com\/de\/produkt\/collage-tafel-large-naturfarben\/#primaryimage\"},\"image\":{\"@id\":\"https:\/\/hubsch-interior.com\/de\/produkt\/collage-tafel-large-naturfarben\/#primaryimage\"},\"thumbnailUrl\":\"https:\/\/hubsch-interior.com\/wp-content\/uploads\/2026\/02\/collage-board-large-natural-2b7ab35f59997a074cd20496dedc3b70.jpg\",\"datePublished\":\"2020-09-09T21:27:56+00:00\",\"dateModified\":\"2026-04-05T02:49:24+00:00\",\"description\":\"Die Pinnwand ist eine stilvolle und praktische Erg\u00e4nzung f\u00fcr Ihr B\u00fcro, Ihre K\u00fcche und jeden anderen Raum in Ihrem Zuhause. Pr\u00e4sentieren Sie pers\u00f6nliche\",\"breadcrumb\":{\"@id\":\"https:\/\/hubsch-interior.com\/de\/produkt\/collage-tafel-large-naturfarben\/#breadcrumb\"},\"inLanguage\":\"de\",\"potentialAction\":[{\"@type\":\"ReadAction\",\"target\":[\"https:\/\/hubsch-interior.com\/de\/produkt\/collage-tafel-large-naturfarben\/\"]}]},{\"@type\":\"ImageObject\",\"inLanguage\":\"de\",\"@id\":\"https:\/\/hubsch-interior.com\/de\/produkt\/collage-tafel-large-naturfarben\/#primaryimage\",\"url\":\"https:\/\/hubsch-interior.com\/wp-content\/uploads\/2026\/02\/collage-board-large-natural-2b7ab35f59997a074cd20496dedc3b70.jpg\",\"contentUrl\":\"https:\/\/hubsch-interior.com\/wp-content\/uploads\/2026\/02\/collage-board-large-natural-2b7ab35f59997a074cd20496dedc3b70.jpg\",\"width\":1024,\"height\":1024},{\"@type\":\"BreadcrumbList\",\"@id\":\"https:\/\/hubsch-interior.com\/de\/produkt\/collage-tafel-large-naturfarben\/#breadcrumb\",\"itemListElement\":[{\"@type\":\"ListItem\",\"position\":1,\"name\":\"Startseite\",\"item\":\"https:\/\/hubsch-interior.com\/de\/\"},{\"@type\":\"ListItem\",\"position\":2,\"name\":\"Produkte\",\"item\":\"https:\/\/hubsch-interior.com\/de\/shop-2\/\"},{\"@type\":\"ListItem\",\"position\":3,\"name\":\"Wohnaccessoires\",\"item\":\"https:\/\/hubsch-interior.com\/de\/produkt-kategorie\/wohnaccessoires\/\"},{\"@type\":\"ListItem\",\"position\":4,\"name\":\"B&uuml;ro\",\"item\":\"https:\/\/hubsch-interior.com\/de\/produkt-kategorie\/wohnaccessoires\/buero-de\/\"},{\"@type\":\"ListItem\",\"position\":5,\"name\":\"Tafeln\",\"item\":\"https:\/\/hubsch-interior.com\/de\/produkt-kategorie\/wohnaccessoires\/buero-de\/tafeln-de\/\"},{\"@type\":\"ListItem\",\"position\":6,\"name\":\"Collage Tafel Large Naturfarben\"}]},{\"@type\":\"WebSite\",\"@id\":\"https:\/\/hubsch-interior.com\/de\/#website\",\"url\":\"https:\/\/hubsch-interior.com\/de\/\",\"name\":\"H\u00fcbsch\",\"description\":\"Danish Home Interior and Design\",\"publisher\":{\"@id\":\"https:\/\/hubsch-interior.com\/de\/#organization\"},\"potentialAction\":[{\"@type\":\"SearchAction\",\"target\":{\"@type\":\"EntryPoint\",\"urlTemplate\":\"https:\/\/hubsch-interior.com\/de\/?s={search_term_string}\"},\"query-input\":{\"@type\":\"PropertyValueSpecification\",\"valueRequired\":true,\"valueName\":\"search_term_string\"}}],\"inLanguage\":\"de\"},{\"@type\":\"Organization\",\"@id\":\"https:\/\/hubsch-interior.com\/de\/#organization\",\"name\":\"H\u00fcbsch\",\"url\":\"https:\/\/hubsch-interior.com\/de\/\",\"logo\":{\"@type\":\"ImageObject\",\"inLanguage\":\"de\",\"@id\":\"https:\/\/hubsch-interior.com\/de\/#\/schema\/logo\/image\/\",\"url\":\"https:\/\/hubsch-interior.com\/wp-content\/uploads\/2022\/12\/Hubsch_logo_black_one_line.svg\",\"contentUrl\":\"https:\/\/hubsch-interior.com\/wp-content\/uploads\/2022\/12\/Hubsch_logo_black_one_line.svg\",\"caption\":\"H\u00fcbsch\"},\"image\":{\"@id\":\"https:\/\/hubsch-interior.com\/de\/#\/schema\/logo\/image\/\"}}]}<\/script>\n<!-- \/ Yoast SEO plugin. -->","yoast_head_json":{"title":"Collage Tafel Large Naturfarben - H\u00fcbsch","description":"Die Pinnwand ist eine stilvolle und praktische Erg\u00e4nzung f\u00fcr Ihr B\u00fcro, Ihre K\u00fcche und jeden anderen Raum in Ihrem Zuhause. Pr\u00e4sentieren Sie pers\u00f6nliche","robots":{"index":"index","follow":"follow","max-snippet":"max-snippet:-1","max-image-preview":"max-image-preview:large","max-video-preview":"max-video-preview:-1"},"canonical":"https:\/\/hubsch-interior.com\/de\/wp-json\/wp\/v2\/product\/18626","og_locale":"de_DE","og_type":"article","og_title":"Collage Tafel Large Naturfarben - H\u00fcbsch","og_description":"Die Pinnwand ist eine stilvolle und praktische Erg\u00e4nzung f\u00fcr Ihr B\u00fcro, Ihre K\u00fcche und jeden anderen Raum in Ihrem Zuhause. Pr\u00e4sentieren Sie pers\u00f6nliche","og_url":"https:\/\/hubsch-interior.com\/de\/produkt\/collage-tafel-large-naturfarben\/","og_site_name":"H\u00fcbsch","article_modified_time":"2026-04-05T02:49:24+00:00","og_image":[{"width":1200,"height":1200,"url":"https:\/\/hubsch-interior.com\/wp-content\/uploads\/2023\/08\/collage-board-large-natural-c7ac6242b4db8931394f5b8f46aba07a.jpg","type":"image\/jpeg"}],"twitter_card":"summary_large_image","schema":{"@context":"https:\/\/schema.org","@graph":[{"@type":"WebPage","@id":"https:\/\/hubsch-interior.com\/de\/produkt\/collage-tafel-large-naturfarben\/","url":"https:\/\/hubsch-interior.com\/de\/produkt\/collage-tafel-large-naturfarben\/","name":"Collage Tafel Large Naturfarben - H\u00fcbsch","isPartOf":{"@id":"https:\/\/hubsch-interior.com\/de\/#website"},"primaryImageOfPage":{"@id":"https:\/\/hubsch-interior.com\/de\/produkt\/collage-tafel-large-naturfarben\/#primaryimage"},"image":{"@id":"https:\/\/hubsch-interior.com\/de\/produkt\/collage-tafel-large-naturfarben\/#primaryimage"},"thumbnailUrl":"https:\/\/hubsch-interior.com\/wp-content\/uploads\/2026\/02\/collage-board-large-natural-2b7ab35f59997a074cd20496dedc3b70.jpg","datePublished":"2020-09-09T21:27:56+00:00","dateModified":"2026-04-05T02:49:24+00:00","description":"Die Pinnwand ist eine stilvolle und praktische Erg\u00e4nzung f\u00fcr Ihr B\u00fcro, Ihre K\u00fcche und jeden anderen Raum in Ihrem Zuhause. Pr\u00e4sentieren Sie pers\u00f6nliche","breadcrumb":{"@id":"https:\/\/hubsch-interior.com\/de\/produkt\/collage-tafel-large-naturfarben\/#breadcrumb"},"inLanguage":"de","potentialAction":[{"@type":"ReadAction","target":["https:\/\/hubsch-interior.com\/de\/produkt\/collage-tafel-large-naturfarben\/"]}]},{"@type":"ImageObject","inLanguage":"de","@id":"https:\/\/hubsch-interior.com\/de\/produkt\/collage-tafel-large-naturfarben\/#primaryimage","url":"https:\/\/hubsch-interior.com\/wp-content\/uploads\/2026\/02\/collage-board-large-natural-2b7ab35f59997a074cd20496dedc3b70.jpg","contentUrl":"https:\/\/hubsch-interior.com\/wp-content\/uploads\/2026\/02\/collage-board-large-natural-2b7ab35f59997a074cd20496dedc3b70.jpg","width":1024,"height":1024},{"@type":"BreadcrumbList","@id":"https:\/\/hubsch-interior.com\/de\/produkt\/collage-tafel-large-naturfarben\/#breadcrumb","itemListElement":[{"@type":"ListItem","position":1,"name":"Startseite","item":"https:\/\/hubsch-interior.com\/de\/"},{"@type":"ListItem","position":2,"name":"Produkte","item":"https:\/\/hubsch-interior.com\/de\/shop-2\/"},{"@type":"ListItem","position":3,"name":"Wohnaccessoires","item":"https:\/\/hubsch-interior.com\/de\/produkt-kategorie\/wohnaccessoires\/"},{"@type":"ListItem","position":4,"name":"B&uuml;ro","item":"https:\/\/hubsch-interior.com\/de\/produkt-kategorie\/wohnaccessoires\/buero-de\/"},{"@type":"ListItem","position":5,"name":"Tafeln","item":"https:\/\/hubsch-interior.com\/de\/produkt-kategorie\/wohnaccessoires\/buero-de\/tafeln-de\/"},{"@type":"ListItem","position":6,"name":"Collage Tafel Large Naturfarben"}]},{"@type":"WebSite","@id":"https:\/\/hubsch-interior.com\/de\/#website","url":"https:\/\/hubsch-interior.com\/de\/","name":"H\u00fcbsch","description":"Danish Home Interior and Design","publisher":{"@id":"https:\/\/hubsch-interior.com\/de\/#organization"},"potentialAction":[{"@type":"SearchAction","target":{"@type":"EntryPoint","urlTemplate":"https:\/\/hubsch-interior.com\/de\/?s={search_term_string}"},"query-input":{"@type":"PropertyValueSpecification","valueRequired":true,"valueName":"search_term_string"}}],"inLanguage":"de"},{"@type":"Organization","@id":"https:\/\/hubsch-interior.com\/de\/#organization","name":"H\u00fcbsch","url":"https:\/\/hubsch-interior.com\/de\/","logo":{"@type":"ImageObject","inLanguage":"de","@id":"https:\/\/hubsch-interior.com\/de\/#\/schema\/logo\/image\/","url":"https:\/\/hubsch-interior.com\/wp-content\/uploads\/2022\/12\/Hubsch_logo_black_one_line.svg","contentUrl":"https:\/\/hubsch-interior.com\/wp-content\/uploads\/2022\/12\/Hubsch_logo_black_one_line.svg","caption":"H\u00fcbsch"},"image":{"@id":"https:\/\/hubsch-interior.com\/de\/#\/schema\/logo\/image\/"}}]}},"_links":{"self":[{"href":"https:\/\/hubsch-interior.com\/de\/wp-json\/wp\/v2\/product\/18626","targetHints":{"allow":["GET"]}}],"collection":[{"href":"https:\/\/hubsch-interior.com\/de\/wp-json\/wp\/v2\/product"}],"about":[{"href":"https:\/\/hubsch-interior.com\/de\/wp-json\/wp\/v2\/types\/product"}],"wp:featuredmedia":[{"embeddable":true,"href":"https:\/\/hubsch-interior.com\/de\/wp-json\/wp\/v2\/media\/1101960"}],"wp:attachment":[{"href":"https:\/\/hubsch-interior.com\/de\/wp-json\/wp\/v2\/media?parent=18626"}],"wp:term":[{"taxonomy":"product_brand","embeddable":true,"href":"https:\/\/hubsch-interior.com\/de\/wp-json\/wp\/v2\/product_brand?post=18626"},{"taxonomy":"product_cat","embeddable":true,"href":"https:\/\/hubsch-interior.com\/de\/wp-json\/wp\/v2\/product_cat?post=18626"},{"taxonomy":"product_tag","embeddable":true,"href":"https:\/\/hubsch-interior.com\/de\/wp-json\/wp\/v2\/product_tag?post=18626"}],"curies":[{"name":"wp","href":"https:\/\/api.w.org\/{rel}","templated":true}]}}