{"id":18746,"date":"2020-09-09T23:28:04","date_gmt":"2020-09-09T21:28:04","guid":{"rendered":"https:\/\/hubsch-interior.com\/vare\/product\/"},"modified":"2026-04-09T04:48:26","modified_gmt":"2026-04-09T02:48:26","slug":"alley-schneidebretter-naturfarben-2er-set","status":"publish","type":"product","link":"https:\/\/hubsch-interior.com\/de\/produkt\/alley-schneidebretter-naturfarben-2er-set\/","title":{"rendered":"Alley Schneidebretter Naturfarben (2er Set)"},"content":{"rendered":"<p>Die Schneidebretter sind als 2er-Set erh\u00e4ltlich. Die beiden Bretter haben unterschiedliche Gr\u00f6\u00dfen und sind aus strukturiertem Holz gefertigt. Die Formgebung des Holzes verleiht einen modernen und stilvollen Look. Hergestellt aus FSC-zertifiziertem Holz.<\/p>\n","protected":false},"excerpt":{"rendered":"<p>Die Schneidebretter sind als 2er-Set erh\u00e4ltlich. Die beiden Bretter haben unterschiedliche Gr\u00f6\u00dfen und sind aus strukturiertem Holz gefertigt. Die Formgebung des Holzes verleiht einen modernen und stilvollen Look. Hergestellt aus FSC-zertifiziertem Holz.<\/p>\n","protected":false},"featured_media":1114445,"template":"","meta":{"_acf_changed":false,"inline_featured_image":false},"product_brand":[],"product_cat":[6323,4055,6972,6519,7056,4124,7029,4096],"product_tag":[],"class_list":{"0":"post-18746","1":"product","2":"type-product","3":"status-publish","4":"has-post-thumbnail","6":"product_cat-fsc-de","7":"product_cat-kuechenzubehoer-de","8":"product_cat-oster-sale","9":"product_cat-outlet-de","10":"product_cat-schneidebretter-de-tischgeschirr-de-2","11":"product_cat-schneidebretter-de","12":"product_cat-tischgeschirr-de-2","13":"product_cat-tischgeschirr-de","14":"product_shipping_class-pk","16":"pa_color-naturfarben-2","17":"pa_material-eichenholz","19":"first","20":"instock","21":"sale","22":"taxable","23":"shipping-taxable","24":"purchasable","25":"product-type-simple"},"exclude_global_add_ons":[],"addons":[],"acf":[],"yoast_head":"<!-- This site is optimized with the Yoast SEO plugin v26.4 - https:\/\/yoast.com\/wordpress\/plugins\/seo\/ -->\n<title>Alley Schneidebretter Naturfarben (2er Set) - H\u00fcbsch<\/title>\n<meta name=\"description\" content=\"Die Schneidebretter sind als 2er-Set erh\u00e4ltlich. Die beiden Bretter haben unterschiedliche Gr\u00f6\u00dfen und sind aus strukturiertem Holz gefertigt. Die\" \/>\n<meta name=\"robots\" content=\"index, follow, max-snippet:-1, max-image-preview:large, max-video-preview:-1\" \/>\n<link rel=\"canonical\" href=\"https:\/\/hubsch-interior.com\/de\/wp-json\/wp\/v2\/product\/18746\" \/>\n<meta property=\"og:locale\" content=\"de_DE\" \/>\n<meta property=\"og:type\" content=\"article\" \/>\n<meta property=\"og:title\" content=\"Alley Schneidebretter Naturfarben (2er Set) - H\u00fcbsch\" \/>\n<meta property=\"og:description\" content=\"Die Schneidebretter sind als 2er-Set erh\u00e4ltlich. Die beiden Bretter haben unterschiedliche Gr\u00f6\u00dfen und sind aus strukturiertem Holz gefertigt. Die\" \/>\n<meta property=\"og:url\" content=\"https:\/\/hubsch-interior.com\/de\/produkt\/alley-schneidebretter-naturfarben-2er-set\/\" \/>\n<meta property=\"og:site_name\" content=\"H\u00fcbsch\" \/>\n<meta property=\"article:modified_time\" content=\"2026-04-09T02:48:26+00:00\" \/>\n<meta property=\"og:image\" content=\"https:\/\/hubsch-interior.com\/wp-content\/uploads\/2023\/08\/alley-cutting-boards-natural-set-of-2-548fe6492e96331149effc2676b13333.jpg\" \/>\n\t<meta property=\"og:image:width\" content=\"1200\" \/>\n\t<meta property=\"og:image:height\" content=\"1200\" \/>\n\t<meta property=\"og:image:type\" content=\"image\/jpeg\" \/>\n<meta name=\"twitter:card\" content=\"summary_large_image\" \/>\n<script type=\"application\/ld+json\" class=\"yoast-schema-graph\">{\"@context\":\"https:\/\/schema.org\",\"@graph\":[{\"@type\":\"WebPage\",\"@id\":\"https:\/\/hubsch-interior.com\/de\/produkt\/alley-schneidebretter-naturfarben-2er-set\/\",\"url\":\"https:\/\/hubsch-interior.com\/de\/produkt\/alley-schneidebretter-naturfarben-2er-set\/\",\"name\":\"Alley Schneidebretter Naturfarben (2er Set) - H\u00fcbsch\",\"isPartOf\":{\"@id\":\"https:\/\/hubsch-interior.com\/de\/#website\"},\"primaryImageOfPage\":{\"@id\":\"https:\/\/hubsch-interior.com\/de\/produkt\/alley-schneidebretter-naturfarben-2er-set\/#primaryimage\"},\"image\":{\"@id\":\"https:\/\/hubsch-interior.com\/de\/produkt\/alley-schneidebretter-naturfarben-2er-set\/#primaryimage\"},\"thumbnailUrl\":\"https:\/\/hubsch-interior.com\/wp-content\/uploads\/2026\/02\/alley-cutting-boards-natural-set-of-2-a3f4ec881d13f1cd2643b8e247abc08e.jpg\",\"datePublished\":\"2020-09-09T21:28:04+00:00\",\"dateModified\":\"2026-04-09T02:48:26+00:00\",\"description\":\"Die Schneidebretter sind als 2er-Set erh\u00e4ltlich. Die beiden Bretter haben unterschiedliche Gr\u00f6\u00dfen und sind aus strukturiertem Holz gefertigt. Die\",\"breadcrumb\":{\"@id\":\"https:\/\/hubsch-interior.com\/de\/produkt\/alley-schneidebretter-naturfarben-2er-set\/#breadcrumb\"},\"inLanguage\":\"de\",\"potentialAction\":[{\"@type\":\"ReadAction\",\"target\":[\"https:\/\/hubsch-interior.com\/de\/produkt\/alley-schneidebretter-naturfarben-2er-set\/\"]}]},{\"@type\":\"ImageObject\",\"inLanguage\":\"de\",\"@id\":\"https:\/\/hubsch-interior.com\/de\/produkt\/alley-schneidebretter-naturfarben-2er-set\/#primaryimage\",\"url\":\"https:\/\/hubsch-interior.com\/wp-content\/uploads\/2026\/02\/alley-cutting-boards-natural-set-of-2-a3f4ec881d13f1cd2643b8e247abc08e.jpg\",\"contentUrl\":\"https:\/\/hubsch-interior.com\/wp-content\/uploads\/2026\/02\/alley-cutting-boards-natural-set-of-2-a3f4ec881d13f1cd2643b8e247abc08e.jpg\",\"width\":1024,\"height\":1024},{\"@type\":\"BreadcrumbList\",\"@id\":\"https:\/\/hubsch-interior.com\/de\/produkt\/alley-schneidebretter-naturfarben-2er-set\/#breadcrumb\",\"itemListElement\":[{\"@type\":\"ListItem\",\"position\":1,\"name\":\"Startseite\",\"item\":\"https:\/\/hubsch-interior.com\/de\/\"},{\"@type\":\"ListItem\",\"position\":2,\"name\":\"Produkte\",\"item\":\"https:\/\/hubsch-interior.com\/de\/shop-2\/\"},{\"@type\":\"ListItem\",\"position\":3,\"name\":\"K\u00fcche\",\"item\":\"https:\/\/hubsch-interior.com\/de\/produkt-kategorie\/kuche\/\"},{\"@type\":\"ListItem\",\"position\":4,\"name\":\"Tischgeschirr\",\"item\":\"https:\/\/hubsch-interior.com\/de\/produkt-kategorie\/kuche\/tischgeschirr-de-2\/\"},{\"@type\":\"ListItem\",\"position\":5,\"name\":\"Schneidebretter\",\"item\":\"https:\/\/hubsch-interior.com\/de\/produkt-kategorie\/kuche\/tischgeschirr-de-2\/schneidebretter-de-tischgeschirr-de-2\/\"},{\"@type\":\"ListItem\",\"position\":6,\"name\":\"Alley Schneidebretter Naturfarben (2er Set)\"}]},{\"@type\":\"WebSite\",\"@id\":\"https:\/\/hubsch-interior.com\/de\/#website\",\"url\":\"https:\/\/hubsch-interior.com\/de\/\",\"name\":\"H\u00fcbsch\",\"description\":\"Danish Home Interior and Design\",\"publisher\":{\"@id\":\"https:\/\/hubsch-interior.com\/de\/#organization\"},\"potentialAction\":[{\"@type\":\"SearchAction\",\"target\":{\"@type\":\"EntryPoint\",\"urlTemplate\":\"https:\/\/hubsch-interior.com\/de\/?s={search_term_string}\"},\"query-input\":{\"@type\":\"PropertyValueSpecification\",\"valueRequired\":true,\"valueName\":\"search_term_string\"}}],\"inLanguage\":\"de\"},{\"@type\":\"Organization\",\"@id\":\"https:\/\/hubsch-interior.com\/de\/#organization\",\"name\":\"H\u00fcbsch\",\"url\":\"https:\/\/hubsch-interior.com\/de\/\",\"logo\":{\"@type\":\"ImageObject\",\"inLanguage\":\"de\",\"@id\":\"https:\/\/hubsch-interior.com\/de\/#\/schema\/logo\/image\/\",\"url\":\"https:\/\/hubsch-interior.com\/wp-content\/uploads\/2022\/12\/Hubsch_logo_black_one_line.svg\",\"contentUrl\":\"https:\/\/hubsch-interior.com\/wp-content\/uploads\/2022\/12\/Hubsch_logo_black_one_line.svg\",\"caption\":\"H\u00fcbsch\"},\"image\":{\"@id\":\"https:\/\/hubsch-interior.com\/de\/#\/schema\/logo\/image\/\"}}]}<\/script>\n<!-- \/ Yoast SEO plugin. -->","yoast_head_json":{"title":"Alley Schneidebretter Naturfarben (2er Set) - H\u00fcbsch","description":"Die Schneidebretter sind als 2er-Set erh\u00e4ltlich. Die beiden Bretter haben unterschiedliche Gr\u00f6\u00dfen und sind aus strukturiertem Holz gefertigt. Die","robots":{"index":"index","follow":"follow","max-snippet":"max-snippet:-1","max-image-preview":"max-image-preview:large","max-video-preview":"max-video-preview:-1"},"canonical":"https:\/\/hubsch-interior.com\/de\/wp-json\/wp\/v2\/product\/18746","og_locale":"de_DE","og_type":"article","og_title":"Alley Schneidebretter Naturfarben (2er Set) - H\u00fcbsch","og_description":"Die Schneidebretter sind als 2er-Set erh\u00e4ltlich. Die beiden Bretter haben unterschiedliche Gr\u00f6\u00dfen und sind aus strukturiertem Holz gefertigt. Die","og_url":"https:\/\/hubsch-interior.com\/de\/produkt\/alley-schneidebretter-naturfarben-2er-set\/","og_site_name":"H\u00fcbsch","article_modified_time":"2026-04-09T02:48:26+00:00","og_image":[{"width":1200,"height":1200,"url":"https:\/\/hubsch-interior.com\/wp-content\/uploads\/2023\/08\/alley-cutting-boards-natural-set-of-2-548fe6492e96331149effc2676b13333.jpg","type":"image\/jpeg"}],"twitter_card":"summary_large_image","schema":{"@context":"https:\/\/schema.org","@graph":[{"@type":"WebPage","@id":"https:\/\/hubsch-interior.com\/de\/produkt\/alley-schneidebretter-naturfarben-2er-set\/","url":"https:\/\/hubsch-interior.com\/de\/produkt\/alley-schneidebretter-naturfarben-2er-set\/","name":"Alley Schneidebretter Naturfarben (2er Set) - H\u00fcbsch","isPartOf":{"@id":"https:\/\/hubsch-interior.com\/de\/#website"},"primaryImageOfPage":{"@id":"https:\/\/hubsch-interior.com\/de\/produkt\/alley-schneidebretter-naturfarben-2er-set\/#primaryimage"},"image":{"@id":"https:\/\/hubsch-interior.com\/de\/produkt\/alley-schneidebretter-naturfarben-2er-set\/#primaryimage"},"thumbnailUrl":"https:\/\/hubsch-interior.com\/wp-content\/uploads\/2026\/02\/alley-cutting-boards-natural-set-of-2-a3f4ec881d13f1cd2643b8e247abc08e.jpg","datePublished":"2020-09-09T21:28:04+00:00","dateModified":"2026-04-09T02:48:26+00:00","description":"Die Schneidebretter sind als 2er-Set erh\u00e4ltlich. Die beiden Bretter haben unterschiedliche Gr\u00f6\u00dfen und sind aus strukturiertem Holz gefertigt. Die","breadcrumb":{"@id":"https:\/\/hubsch-interior.com\/de\/produkt\/alley-schneidebretter-naturfarben-2er-set\/#breadcrumb"},"inLanguage":"de","potentialAction":[{"@type":"ReadAction","target":["https:\/\/hubsch-interior.com\/de\/produkt\/alley-schneidebretter-naturfarben-2er-set\/"]}]},{"@type":"ImageObject","inLanguage":"de","@id":"https:\/\/hubsch-interior.com\/de\/produkt\/alley-schneidebretter-naturfarben-2er-set\/#primaryimage","url":"https:\/\/hubsch-interior.com\/wp-content\/uploads\/2026\/02\/alley-cutting-boards-natural-set-of-2-a3f4ec881d13f1cd2643b8e247abc08e.jpg","contentUrl":"https:\/\/hubsch-interior.com\/wp-content\/uploads\/2026\/02\/alley-cutting-boards-natural-set-of-2-a3f4ec881d13f1cd2643b8e247abc08e.jpg","width":1024,"height":1024},{"@type":"BreadcrumbList","@id":"https:\/\/hubsch-interior.com\/de\/produkt\/alley-schneidebretter-naturfarben-2er-set\/#breadcrumb","itemListElement":[{"@type":"ListItem","position":1,"name":"Startseite","item":"https:\/\/hubsch-interior.com\/de\/"},{"@type":"ListItem","position":2,"name":"Produkte","item":"https:\/\/hubsch-interior.com\/de\/shop-2\/"},{"@type":"ListItem","position":3,"name":"K\u00fcche","item":"https:\/\/hubsch-interior.com\/de\/produkt-kategorie\/kuche\/"},{"@type":"ListItem","position":4,"name":"Tischgeschirr","item":"https:\/\/hubsch-interior.com\/de\/produkt-kategorie\/kuche\/tischgeschirr-de-2\/"},{"@type":"ListItem","position":5,"name":"Schneidebretter","item":"https:\/\/hubsch-interior.com\/de\/produkt-kategorie\/kuche\/tischgeschirr-de-2\/schneidebretter-de-tischgeschirr-de-2\/"},{"@type":"ListItem","position":6,"name":"Alley Schneidebretter Naturfarben (2er Set)"}]},{"@type":"WebSite","@id":"https:\/\/hubsch-interior.com\/de\/#website","url":"https:\/\/hubsch-interior.com\/de\/","name":"H\u00fcbsch","description":"Danish Home Interior and Design","publisher":{"@id":"https:\/\/hubsch-interior.com\/de\/#organization"},"potentialAction":[{"@type":"SearchAction","target":{"@type":"EntryPoint","urlTemplate":"https:\/\/hubsch-interior.com\/de\/?s={search_term_string}"},"query-input":{"@type":"PropertyValueSpecification","valueRequired":true,"valueName":"search_term_string"}}],"inLanguage":"de"},{"@type":"Organization","@id":"https:\/\/hubsch-interior.com\/de\/#organization","name":"H\u00fcbsch","url":"https:\/\/hubsch-interior.com\/de\/","logo":{"@type":"ImageObject","inLanguage":"de","@id":"https:\/\/hubsch-interior.com\/de\/#\/schema\/logo\/image\/","url":"https:\/\/hubsch-interior.com\/wp-content\/uploads\/2022\/12\/Hubsch_logo_black_one_line.svg","contentUrl":"https:\/\/hubsch-interior.com\/wp-content\/uploads\/2022\/12\/Hubsch_logo_black_one_line.svg","caption":"H\u00fcbsch"},"image":{"@id":"https:\/\/hubsch-interior.com\/de\/#\/schema\/logo\/image\/"}}]}},"_links":{"self":[{"href":"https:\/\/hubsch-interior.com\/de\/wp-json\/wp\/v2\/product\/18746","targetHints":{"allow":["GET"]}}],"collection":[{"href":"https:\/\/hubsch-interior.com\/de\/wp-json\/wp\/v2\/product"}],"about":[{"href":"https:\/\/hubsch-interior.com\/de\/wp-json\/wp\/v2\/types\/product"}],"wp:featuredmedia":[{"embeddable":true,"href":"https:\/\/hubsch-interior.com\/de\/wp-json\/wp\/v2\/media\/1114445"}],"wp:attachment":[{"href":"https:\/\/hubsch-interior.com\/de\/wp-json\/wp\/v2\/media?parent=18746"}],"wp:term":[{"taxonomy":"product_brand","embeddable":true,"href":"https:\/\/hubsch-interior.com\/de\/wp-json\/wp\/v2\/product_brand?post=18746"},{"taxonomy":"product_cat","embeddable":true,"href":"https:\/\/hubsch-interior.com\/de\/wp-json\/wp\/v2\/product_cat?post=18746"},{"taxonomy":"product_tag","embeddable":true,"href":"https:\/\/hubsch-interior.com\/de\/wp-json\/wp\/v2\/product_tag?post=18746"}],"curies":[{"name":"wp","href":"https:\/\/api.w.org\/{rel}","templated":true}]}}