{"id":18834,"date":"2020-09-09T23:28:13","date_gmt":"2020-09-09T21:28:13","guid":{"rendered":"https:\/\/hubsch-interior.com\/vare\/product\/"},"modified":"2026-04-05T04:50:04","modified_gmt":"2026-04-05T02:50:04","slug":"staple-aufbewahrungsbox-naturfarben","status":"publish","type":"product","link":"https:\/\/hubsch-interior.com\/de\/produkt\/staple-aufbewahrungsbox-naturfarben\/","title":{"rendered":"Staple Aufbewahrungsbox Naturfarben"},"content":{"rendered":"<p>Die Aufbewahrungsbox bietet ein gro\u00dfes Fach sowie zwei M\u00f6glichkeiten zur offenen Aufbewahrung. Verwenden Sie das geschlossene Fach um gr\u00f6\u00dfere und wichtige pers\u00f6nliche Gegenst\u00e4nde aufzubewahren. Die zwei kleineren F\u00e4cher k\u00f6nnen verwendet werden, um kleinere Gegenst\u00e4nde wie Schmuck und Dekorationsst\u00fccke aufzubewahren. Hergestellt aus FSC-zertifizierter Eiche.<\/p>\n","protected":false},"excerpt":{"rendered":"<p>Die Aufbewahrungsbox bietet ein gro\u00dfes Fach sowie zwei M\u00f6glichkeiten zur offenen Aufbewahrung. Verwenden Sie das geschlossene Fach um gr\u00f6\u00dfere und wichtige pers\u00f6nliche Gegenst\u00e4nde aufzubewahren. Die zwei kleineren F\u00e4cher k\u00f6nnen verwendet werden, um kleinere Gegenst\u00e4nde wie Schmuck und Dekorationsst\u00fccke aufzubewahren. Hergestellt aus FSC-zertifizierter Eiche.<\/p>\n","protected":false},"featured_media":1102101,"template":"","meta":{"_acf_changed":false,"inline_featured_image":false},"product_brand":[],"product_cat":[4155,4961,5027],"product_tag":[],"class_list":{"0":"post-18834","1":"product","2":"type-product","3":"status-publish","4":"has-post-thumbnail","6":"product_cat-buero-de","7":"product_cat-aufbewahrungsbox-de","8":"product_cat-bestsellers-de","9":"product_shipping_class-pk","11":"pa_color-naturfarben-2","12":"pa_material-mdf-de","13":"pa_material-eichenfurnier","14":"pa_material-eichenholz","16":"first","17":"outofstock","18":"featured","19":"taxable","20":"shipping-taxable","21":"purchasable","22":"product-type-simple"},"exclude_global_add_ons":[],"addons":[],"acf":[],"yoast_head":"<!-- This site is optimized with the Yoast SEO plugin v26.4 - https:\/\/yoast.com\/wordpress\/plugins\/seo\/ -->\n<title>Staple Aufbewahrungsbox Naturfarben - H\u00fcbsch<\/title>\n<meta name=\"description\" content=\"Die Aufbewahrungsbox bietet ein gro\u00dfes Fach sowie zwei M\u00f6glichkeiten zur offenen Aufbewahrung. Verwenden Sie das geschlossene Fach um gr\u00f6\u00dfere und wichtige\" \/>\n<meta name=\"robots\" content=\"index, follow, max-snippet:-1, max-image-preview:large, max-video-preview:-1\" \/>\n<link rel=\"canonical\" href=\"https:\/\/hubsch-interior.com\/de\/wp-json\/wp\/v2\/product\/18834\" \/>\n<meta property=\"og:locale\" content=\"de_DE\" \/>\n<meta property=\"og:type\" content=\"article\" \/>\n<meta property=\"og:title\" content=\"Staple Aufbewahrungsbox Naturfarben - H\u00fcbsch\" \/>\n<meta property=\"og:description\" content=\"Die Aufbewahrungsbox bietet ein gro\u00dfes Fach sowie zwei M\u00f6glichkeiten zur offenen Aufbewahrung. Verwenden Sie das geschlossene Fach um gr\u00f6\u00dfere und wichtige\" \/>\n<meta property=\"og:url\" content=\"https:\/\/hubsch-interior.com\/de\/produkt\/staple-aufbewahrungsbox-naturfarben\/\" \/>\n<meta property=\"og:site_name\" content=\"H\u00fcbsch\" \/>\n<meta property=\"article:modified_time\" content=\"2026-04-05T02:50:04+00:00\" \/>\n<meta property=\"og:image\" content=\"https:\/\/hubsch-interior.com\/wp-content\/uploads\/2023\/08\/staple-storage-box-natural-3a9bc6b16d7e0c81f87c7403a6b107ae.jpg\" \/>\n\t<meta property=\"og:image:width\" content=\"1200\" \/>\n\t<meta property=\"og:image:height\" content=\"1200\" \/>\n\t<meta property=\"og:image:type\" content=\"image\/jpeg\" \/>\n<meta name=\"twitter:card\" content=\"summary_large_image\" \/>\n<script type=\"application\/ld+json\" class=\"yoast-schema-graph\">{\"@context\":\"https:\/\/schema.org\",\"@graph\":[{\"@type\":\"WebPage\",\"@id\":\"https:\/\/hubsch-interior.com\/de\/produkt\/staple-aufbewahrungsbox-naturfarben\/\",\"url\":\"https:\/\/hubsch-interior.com\/de\/produkt\/staple-aufbewahrungsbox-naturfarben\/\",\"name\":\"Staple Aufbewahrungsbox Naturfarben - H\u00fcbsch\",\"isPartOf\":{\"@id\":\"https:\/\/hubsch-interior.com\/de\/#website\"},\"primaryImageOfPage\":{\"@id\":\"https:\/\/hubsch-interior.com\/de\/produkt\/staple-aufbewahrungsbox-naturfarben\/#primaryimage\"},\"image\":{\"@id\":\"https:\/\/hubsch-interior.com\/de\/produkt\/staple-aufbewahrungsbox-naturfarben\/#primaryimage\"},\"thumbnailUrl\":\"https:\/\/hubsch-interior.com\/wp-content\/uploads\/2026\/02\/staple-storage-box-natural-c50240dd361c35f1261ba5a3926c2ab1.jpg\",\"datePublished\":\"2020-09-09T21:28:13+00:00\",\"dateModified\":\"2026-04-05T02:50:04+00:00\",\"description\":\"Die Aufbewahrungsbox bietet ein gro\u00dfes Fach sowie zwei M\u00f6glichkeiten zur offenen Aufbewahrung. Verwenden Sie das geschlossene Fach um gr\u00f6\u00dfere und wichtige\",\"breadcrumb\":{\"@id\":\"https:\/\/hubsch-interior.com\/de\/produkt\/staple-aufbewahrungsbox-naturfarben\/#breadcrumb\"},\"inLanguage\":\"de\",\"potentialAction\":[{\"@type\":\"ReadAction\",\"target\":[\"https:\/\/hubsch-interior.com\/de\/produkt\/staple-aufbewahrungsbox-naturfarben\/\"]}]},{\"@type\":\"ImageObject\",\"inLanguage\":\"de\",\"@id\":\"https:\/\/hubsch-interior.com\/de\/produkt\/staple-aufbewahrungsbox-naturfarben\/#primaryimage\",\"url\":\"https:\/\/hubsch-interior.com\/wp-content\/uploads\/2026\/02\/staple-storage-box-natural-c50240dd361c35f1261ba5a3926c2ab1.jpg\",\"contentUrl\":\"https:\/\/hubsch-interior.com\/wp-content\/uploads\/2026\/02\/staple-storage-box-natural-c50240dd361c35f1261ba5a3926c2ab1.jpg\",\"width\":1024,\"height\":1024},{\"@type\":\"BreadcrumbList\",\"@id\":\"https:\/\/hubsch-interior.com\/de\/produkt\/staple-aufbewahrungsbox-naturfarben\/#breadcrumb\",\"itemListElement\":[{\"@type\":\"ListItem\",\"position\":1,\"name\":\"Startseite\",\"item\":\"https:\/\/hubsch-interior.com\/de\/\"},{\"@type\":\"ListItem\",\"position\":2,\"name\":\"Produkte\",\"item\":\"https:\/\/hubsch-interior.com\/de\/shop-2\/\"},{\"@type\":\"ListItem\",\"position\":3,\"name\":\"Wohnaccessoires\",\"item\":\"https:\/\/hubsch-interior.com\/de\/produkt-kategorie\/wohnaccessoires\/\"},{\"@type\":\"ListItem\",\"position\":4,\"name\":\"B&uuml;ro\",\"item\":\"https:\/\/hubsch-interior.com\/de\/produkt-kategorie\/wohnaccessoires\/buero-de\/\"},{\"@type\":\"ListItem\",\"position\":5,\"name\":\"Aufbewahrungsbox\",\"item\":\"https:\/\/hubsch-interior.com\/de\/produkt-kategorie\/wohnaccessoires\/buero-de\/aufbewahrungsbox-de\/\"},{\"@type\":\"ListItem\",\"position\":6,\"name\":\"Staple Aufbewahrungsbox Naturfarben\"}]},{\"@type\":\"WebSite\",\"@id\":\"https:\/\/hubsch-interior.com\/de\/#website\",\"url\":\"https:\/\/hubsch-interior.com\/de\/\",\"name\":\"H\u00fcbsch\",\"description\":\"Danish Home Interior and Design\",\"publisher\":{\"@id\":\"https:\/\/hubsch-interior.com\/de\/#organization\"},\"potentialAction\":[{\"@type\":\"SearchAction\",\"target\":{\"@type\":\"EntryPoint\",\"urlTemplate\":\"https:\/\/hubsch-interior.com\/de\/?s={search_term_string}\"},\"query-input\":{\"@type\":\"PropertyValueSpecification\",\"valueRequired\":true,\"valueName\":\"search_term_string\"}}],\"inLanguage\":\"de\"},{\"@type\":\"Organization\",\"@id\":\"https:\/\/hubsch-interior.com\/de\/#organization\",\"name\":\"H\u00fcbsch\",\"url\":\"https:\/\/hubsch-interior.com\/de\/\",\"logo\":{\"@type\":\"ImageObject\",\"inLanguage\":\"de\",\"@id\":\"https:\/\/hubsch-interior.com\/de\/#\/schema\/logo\/image\/\",\"url\":\"https:\/\/hubsch-interior.com\/wp-content\/uploads\/2022\/12\/Hubsch_logo_black_one_line.svg\",\"contentUrl\":\"https:\/\/hubsch-interior.com\/wp-content\/uploads\/2022\/12\/Hubsch_logo_black_one_line.svg\",\"caption\":\"H\u00fcbsch\"},\"image\":{\"@id\":\"https:\/\/hubsch-interior.com\/de\/#\/schema\/logo\/image\/\"}}]}<\/script>\n<!-- \/ Yoast SEO plugin. -->","yoast_head_json":{"title":"Staple Aufbewahrungsbox Naturfarben - H\u00fcbsch","description":"Die Aufbewahrungsbox bietet ein gro\u00dfes Fach sowie zwei M\u00f6glichkeiten zur offenen Aufbewahrung. Verwenden Sie das geschlossene Fach um gr\u00f6\u00dfere und wichtige","robots":{"index":"index","follow":"follow","max-snippet":"max-snippet:-1","max-image-preview":"max-image-preview:large","max-video-preview":"max-video-preview:-1"},"canonical":"https:\/\/hubsch-interior.com\/de\/wp-json\/wp\/v2\/product\/18834","og_locale":"de_DE","og_type":"article","og_title":"Staple Aufbewahrungsbox Naturfarben - H\u00fcbsch","og_description":"Die Aufbewahrungsbox bietet ein gro\u00dfes Fach sowie zwei M\u00f6glichkeiten zur offenen Aufbewahrung. Verwenden Sie das geschlossene Fach um gr\u00f6\u00dfere und wichtige","og_url":"https:\/\/hubsch-interior.com\/de\/produkt\/staple-aufbewahrungsbox-naturfarben\/","og_site_name":"H\u00fcbsch","article_modified_time":"2026-04-05T02:50:04+00:00","og_image":[{"width":1200,"height":1200,"url":"https:\/\/hubsch-interior.com\/wp-content\/uploads\/2023\/08\/staple-storage-box-natural-3a9bc6b16d7e0c81f87c7403a6b107ae.jpg","type":"image\/jpeg"}],"twitter_card":"summary_large_image","schema":{"@context":"https:\/\/schema.org","@graph":[{"@type":"WebPage","@id":"https:\/\/hubsch-interior.com\/de\/produkt\/staple-aufbewahrungsbox-naturfarben\/","url":"https:\/\/hubsch-interior.com\/de\/produkt\/staple-aufbewahrungsbox-naturfarben\/","name":"Staple Aufbewahrungsbox Naturfarben - H\u00fcbsch","isPartOf":{"@id":"https:\/\/hubsch-interior.com\/de\/#website"},"primaryImageOfPage":{"@id":"https:\/\/hubsch-interior.com\/de\/produkt\/staple-aufbewahrungsbox-naturfarben\/#primaryimage"},"image":{"@id":"https:\/\/hubsch-interior.com\/de\/produkt\/staple-aufbewahrungsbox-naturfarben\/#primaryimage"},"thumbnailUrl":"https:\/\/hubsch-interior.com\/wp-content\/uploads\/2026\/02\/staple-storage-box-natural-c50240dd361c35f1261ba5a3926c2ab1.jpg","datePublished":"2020-09-09T21:28:13+00:00","dateModified":"2026-04-05T02:50:04+00:00","description":"Die Aufbewahrungsbox bietet ein gro\u00dfes Fach sowie zwei M\u00f6glichkeiten zur offenen Aufbewahrung. Verwenden Sie das geschlossene Fach um gr\u00f6\u00dfere und wichtige","breadcrumb":{"@id":"https:\/\/hubsch-interior.com\/de\/produkt\/staple-aufbewahrungsbox-naturfarben\/#breadcrumb"},"inLanguage":"de","potentialAction":[{"@type":"ReadAction","target":["https:\/\/hubsch-interior.com\/de\/produkt\/staple-aufbewahrungsbox-naturfarben\/"]}]},{"@type":"ImageObject","inLanguage":"de","@id":"https:\/\/hubsch-interior.com\/de\/produkt\/staple-aufbewahrungsbox-naturfarben\/#primaryimage","url":"https:\/\/hubsch-interior.com\/wp-content\/uploads\/2026\/02\/staple-storage-box-natural-c50240dd361c35f1261ba5a3926c2ab1.jpg","contentUrl":"https:\/\/hubsch-interior.com\/wp-content\/uploads\/2026\/02\/staple-storage-box-natural-c50240dd361c35f1261ba5a3926c2ab1.jpg","width":1024,"height":1024},{"@type":"BreadcrumbList","@id":"https:\/\/hubsch-interior.com\/de\/produkt\/staple-aufbewahrungsbox-naturfarben\/#breadcrumb","itemListElement":[{"@type":"ListItem","position":1,"name":"Startseite","item":"https:\/\/hubsch-interior.com\/de\/"},{"@type":"ListItem","position":2,"name":"Produkte","item":"https:\/\/hubsch-interior.com\/de\/shop-2\/"},{"@type":"ListItem","position":3,"name":"Wohnaccessoires","item":"https:\/\/hubsch-interior.com\/de\/produkt-kategorie\/wohnaccessoires\/"},{"@type":"ListItem","position":4,"name":"B&uuml;ro","item":"https:\/\/hubsch-interior.com\/de\/produkt-kategorie\/wohnaccessoires\/buero-de\/"},{"@type":"ListItem","position":5,"name":"Aufbewahrungsbox","item":"https:\/\/hubsch-interior.com\/de\/produkt-kategorie\/wohnaccessoires\/buero-de\/aufbewahrungsbox-de\/"},{"@type":"ListItem","position":6,"name":"Staple Aufbewahrungsbox Naturfarben"}]},{"@type":"WebSite","@id":"https:\/\/hubsch-interior.com\/de\/#website","url":"https:\/\/hubsch-interior.com\/de\/","name":"H\u00fcbsch","description":"Danish Home Interior and Design","publisher":{"@id":"https:\/\/hubsch-interior.com\/de\/#organization"},"potentialAction":[{"@type":"SearchAction","target":{"@type":"EntryPoint","urlTemplate":"https:\/\/hubsch-interior.com\/de\/?s={search_term_string}"},"query-input":{"@type":"PropertyValueSpecification","valueRequired":true,"valueName":"search_term_string"}}],"inLanguage":"de"},{"@type":"Organization","@id":"https:\/\/hubsch-interior.com\/de\/#organization","name":"H\u00fcbsch","url":"https:\/\/hubsch-interior.com\/de\/","logo":{"@type":"ImageObject","inLanguage":"de","@id":"https:\/\/hubsch-interior.com\/de\/#\/schema\/logo\/image\/","url":"https:\/\/hubsch-interior.com\/wp-content\/uploads\/2022\/12\/Hubsch_logo_black_one_line.svg","contentUrl":"https:\/\/hubsch-interior.com\/wp-content\/uploads\/2022\/12\/Hubsch_logo_black_one_line.svg","caption":"H\u00fcbsch"},"image":{"@id":"https:\/\/hubsch-interior.com\/de\/#\/schema\/logo\/image\/"}}]}},"_links":{"self":[{"href":"https:\/\/hubsch-interior.com\/de\/wp-json\/wp\/v2\/product\/18834","targetHints":{"allow":["GET"]}}],"collection":[{"href":"https:\/\/hubsch-interior.com\/de\/wp-json\/wp\/v2\/product"}],"about":[{"href":"https:\/\/hubsch-interior.com\/de\/wp-json\/wp\/v2\/types\/product"}],"wp:featuredmedia":[{"embeddable":true,"href":"https:\/\/hubsch-interior.com\/de\/wp-json\/wp\/v2\/media\/1102101"}],"wp:attachment":[{"href":"https:\/\/hubsch-interior.com\/de\/wp-json\/wp\/v2\/media?parent=18834"}],"wp:term":[{"taxonomy":"product_brand","embeddable":true,"href":"https:\/\/hubsch-interior.com\/de\/wp-json\/wp\/v2\/product_brand?post=18834"},{"taxonomy":"product_cat","embeddable":true,"href":"https:\/\/hubsch-interior.com\/de\/wp-json\/wp\/v2\/product_cat?post=18834"},{"taxonomy":"product_tag","embeddable":true,"href":"https:\/\/hubsch-interior.com\/de\/wp-json\/wp\/v2\/product_tag?post=18834"}],"curies":[{"name":"wp","href":"https:\/\/api.w.org\/{rel}","templated":true}]}}