{"id":19002,"date":"2020-09-09T23:28:27","date_gmt":"2020-09-09T21:28:27","guid":{"rendered":"https:\/\/hubsch-interior.com\/vare\/product\/"},"modified":"2026-04-09T04:59:16","modified_gmt":"2026-04-09T02:59:16","slug":"display-wandablage-naturfarben","status":"publish","type":"product","link":"https:\/\/hubsch-interior.com\/de\/produkt\/display-wandablage-naturfarben\/","title":{"rendered":"Display Wandablage Naturfarben"},"content":{"rendered":"<p>Das Wandregal besteht aus FSC-zertifizierter Eiche. Im Regal k\u00f6nnen Sie Ihre Lieblingsb\u00fccher, Zeitschriften, Bilder oder kleine Vasen zeigen. Das Regal kann im Wohnzimmer aufgeh\u00e4ngt werden. Die ausgestellten Elemente k\u00f6nnen je nach aktueller Saison ge\u00e4ndert werden oder nur dann, wenn Sie Lust auf \u00c4nderungen haben.<\/p>\n","protected":false},"excerpt":{"rendered":"<p>Das Wandregal besteht aus FSC-zertifizierter Eiche. Im Regal k\u00f6nnen Sie Ihre Lieblingsb\u00fccher, Zeitschriften, Bilder oder kleine Vasen zeigen. Das Regal kann im Wohnzimmer aufgeh\u00e4ngt werden. Die ausgestellten Elemente k\u00f6nnen je nach aktueller Saison ge\u00e4ndert werden oder nur dann, wenn Sie Lust auf \u00c4nderungen haben.<\/p>\n","protected":false},"featured_media":1105698,"template":"","meta":{"_acf_changed":false,"inline_featured_image":false},"product_brand":[],"product_cat":[6323,4003,4024,3111,4020,5027],"product_tag":[],"class_list":{"0":"post-19002","1":"product","2":"type-product","3":"status-publish","4":"has-post-thumbnail","6":"product_cat-fsc-de","7":"product_cat-regale-aufbewahrung-de","8":"product_cat-ablagen-de","9":"product_cat-aufbewahrung-de","10":"product_cat-magazinhalter-de","11":"product_cat-bestsellers-de","12":"product_shipping_class-pk","14":"pa_color-naturfarben-2","15":"pa_material-eichenholz","17":"first","18":"instock","19":"featured","20":"taxable","21":"shipping-taxable","22":"purchasable","23":"product-type-simple"},"exclude_global_add_ons":[],"addons":[],"acf":[],"yoast_head":"<!-- This site is optimized with the Yoast SEO plugin v26.4 - https:\/\/yoast.com\/wordpress\/plugins\/seo\/ -->\n<title>Display Wandablage Naturfarben - H\u00fcbsch<\/title>\n<meta name=\"description\" content=\"Das Wandregal besteht aus FSC-zertifizierter Eiche. Im Regal k\u00f6nnen Sie Ihre Lieblingsb\u00fccher, Zeitschriften, Bilder oder kleine Vasen zeigen. Das Regal\" \/>\n<meta name=\"robots\" content=\"index, follow, max-snippet:-1, max-image-preview:large, max-video-preview:-1\" \/>\n<link rel=\"canonical\" href=\"https:\/\/hubsch-interior.com\/de\/wp-json\/wp\/v2\/product\/19002\" \/>\n<meta property=\"og:locale\" content=\"de_DE\" \/>\n<meta property=\"og:type\" content=\"article\" \/>\n<meta property=\"og:title\" content=\"Display Wandablage Naturfarben - H\u00fcbsch\" \/>\n<meta property=\"og:description\" content=\"Das Wandregal besteht aus FSC-zertifizierter Eiche. Im Regal k\u00f6nnen Sie Ihre Lieblingsb\u00fccher, Zeitschriften, Bilder oder kleine Vasen zeigen. Das Regal\" \/>\n<meta property=\"og:url\" content=\"https:\/\/hubsch-interior.com\/de\/produkt\/display-wandablage-naturfarben\/\" \/>\n<meta property=\"og:site_name\" content=\"H\u00fcbsch\" \/>\n<meta property=\"article:modified_time\" content=\"2026-04-09T02:59:16+00:00\" \/>\n<meta property=\"og:image\" content=\"https:\/\/hubsch-interior.com\/wp-content\/uploads\/2024\/10\/display-wall-shelf-natural-0597297839360493f3e25751628a6640.jpg\" \/>\n\t<meta property=\"og:image:width\" content=\"1200\" \/>\n\t<meta property=\"og:image:height\" content=\"1200\" \/>\n\t<meta property=\"og:image:type\" content=\"image\/jpeg\" \/>\n<meta name=\"twitter:card\" content=\"summary_large_image\" \/>\n<script type=\"application\/ld+json\" class=\"yoast-schema-graph\">{\"@context\":\"https:\/\/schema.org\",\"@graph\":[{\"@type\":\"WebPage\",\"@id\":\"https:\/\/hubsch-interior.com\/de\/produkt\/display-wandablage-naturfarben\/\",\"url\":\"https:\/\/hubsch-interior.com\/de\/produkt\/display-wandablage-naturfarben\/\",\"name\":\"Display Wandablage Naturfarben - H\u00fcbsch\",\"isPartOf\":{\"@id\":\"https:\/\/hubsch-interior.com\/de\/#website\"},\"primaryImageOfPage\":{\"@id\":\"https:\/\/hubsch-interior.com\/de\/produkt\/display-wandablage-naturfarben\/#primaryimage\"},\"image\":{\"@id\":\"https:\/\/hubsch-interior.com\/de\/produkt\/display-wandablage-naturfarben\/#primaryimage\"},\"thumbnailUrl\":\"https:\/\/hubsch-interior.com\/wp-content\/uploads\/2026\/02\/display-wall-shelf-natural-d31226d9d1214c0b59ec77456b586834.jpg\",\"datePublished\":\"2020-09-09T21:28:27+00:00\",\"dateModified\":\"2026-04-09T02:59:16+00:00\",\"description\":\"Das Wandregal besteht aus FSC-zertifizierter Eiche. Im Regal k\u00f6nnen Sie Ihre Lieblingsb\u00fccher, Zeitschriften, Bilder oder kleine Vasen zeigen. Das Regal\",\"breadcrumb\":{\"@id\":\"https:\/\/hubsch-interior.com\/de\/produkt\/display-wandablage-naturfarben\/#breadcrumb\"},\"inLanguage\":\"de\",\"potentialAction\":[{\"@type\":\"ReadAction\",\"target\":[\"https:\/\/hubsch-interior.com\/de\/produkt\/display-wandablage-naturfarben\/\"]}]},{\"@type\":\"ImageObject\",\"inLanguage\":\"de\",\"@id\":\"https:\/\/hubsch-interior.com\/de\/produkt\/display-wandablage-naturfarben\/#primaryimage\",\"url\":\"https:\/\/hubsch-interior.com\/wp-content\/uploads\/2026\/02\/display-wall-shelf-natural-d31226d9d1214c0b59ec77456b586834.jpg\",\"contentUrl\":\"https:\/\/hubsch-interior.com\/wp-content\/uploads\/2026\/02\/display-wall-shelf-natural-d31226d9d1214c0b59ec77456b586834.jpg\",\"width\":1024,\"height\":1024},{\"@type\":\"BreadcrumbList\",\"@id\":\"https:\/\/hubsch-interior.com\/de\/produkt\/display-wandablage-naturfarben\/#breadcrumb\",\"itemListElement\":[{\"@type\":\"ListItem\",\"position\":1,\"name\":\"Startseite\",\"item\":\"https:\/\/hubsch-interior.com\/de\/\"},{\"@type\":\"ListItem\",\"position\":2,\"name\":\"Produkte\",\"item\":\"https:\/\/hubsch-interior.com\/de\/shop-2\/\"},{\"@type\":\"ListItem\",\"position\":3,\"name\":\"M\u00f6bel\",\"item\":\"https:\/\/hubsch-interior.com\/de\/produkt-kategorie\/moebel\/\"},{\"@type\":\"ListItem\",\"position\":4,\"name\":\"Regale &amp; Aufbewahrung\",\"item\":\"https:\/\/hubsch-interior.com\/de\/produkt-kategorie\/moebel\/regale-aufbewahrung-de\/\"},{\"@type\":\"ListItem\",\"position\":5,\"name\":\"Ablagen\",\"item\":\"https:\/\/hubsch-interior.com\/de\/produkt-kategorie\/moebel\/regale-aufbewahrung-de\/ablagen-de\/\"},{\"@type\":\"ListItem\",\"position\":6,\"name\":\"Display Wandablage Naturfarben\"}]},{\"@type\":\"WebSite\",\"@id\":\"https:\/\/hubsch-interior.com\/de\/#website\",\"url\":\"https:\/\/hubsch-interior.com\/de\/\",\"name\":\"H\u00fcbsch\",\"description\":\"Danish Home Interior and Design\",\"publisher\":{\"@id\":\"https:\/\/hubsch-interior.com\/de\/#organization\"},\"potentialAction\":[{\"@type\":\"SearchAction\",\"target\":{\"@type\":\"EntryPoint\",\"urlTemplate\":\"https:\/\/hubsch-interior.com\/de\/?s={search_term_string}\"},\"query-input\":{\"@type\":\"PropertyValueSpecification\",\"valueRequired\":true,\"valueName\":\"search_term_string\"}}],\"inLanguage\":\"de\"},{\"@type\":\"Organization\",\"@id\":\"https:\/\/hubsch-interior.com\/de\/#organization\",\"name\":\"H\u00fcbsch\",\"url\":\"https:\/\/hubsch-interior.com\/de\/\",\"logo\":{\"@type\":\"ImageObject\",\"inLanguage\":\"de\",\"@id\":\"https:\/\/hubsch-interior.com\/de\/#\/schema\/logo\/image\/\",\"url\":\"https:\/\/hubsch-interior.com\/wp-content\/uploads\/2022\/12\/Hubsch_logo_black_one_line.svg\",\"contentUrl\":\"https:\/\/hubsch-interior.com\/wp-content\/uploads\/2022\/12\/Hubsch_logo_black_one_line.svg\",\"caption\":\"H\u00fcbsch\"},\"image\":{\"@id\":\"https:\/\/hubsch-interior.com\/de\/#\/schema\/logo\/image\/\"}}]}<\/script>\n<!-- \/ Yoast SEO plugin. -->","yoast_head_json":{"title":"Display Wandablage Naturfarben - H\u00fcbsch","description":"Das Wandregal besteht aus FSC-zertifizierter Eiche. Im Regal k\u00f6nnen Sie Ihre Lieblingsb\u00fccher, Zeitschriften, Bilder oder kleine Vasen zeigen. Das Regal","robots":{"index":"index","follow":"follow","max-snippet":"max-snippet:-1","max-image-preview":"max-image-preview:large","max-video-preview":"max-video-preview:-1"},"canonical":"https:\/\/hubsch-interior.com\/de\/wp-json\/wp\/v2\/product\/19002","og_locale":"de_DE","og_type":"article","og_title":"Display Wandablage Naturfarben - H\u00fcbsch","og_description":"Das Wandregal besteht aus FSC-zertifizierter Eiche. Im Regal k\u00f6nnen Sie Ihre Lieblingsb\u00fccher, Zeitschriften, Bilder oder kleine Vasen zeigen. Das Regal","og_url":"https:\/\/hubsch-interior.com\/de\/produkt\/display-wandablage-naturfarben\/","og_site_name":"H\u00fcbsch","article_modified_time":"2026-04-09T02:59:16+00:00","og_image":[{"width":1200,"height":1200,"url":"https:\/\/hubsch-interior.com\/wp-content\/uploads\/2024\/10\/display-wall-shelf-natural-0597297839360493f3e25751628a6640.jpg","type":"image\/jpeg"}],"twitter_card":"summary_large_image","schema":{"@context":"https:\/\/schema.org","@graph":[{"@type":"WebPage","@id":"https:\/\/hubsch-interior.com\/de\/produkt\/display-wandablage-naturfarben\/","url":"https:\/\/hubsch-interior.com\/de\/produkt\/display-wandablage-naturfarben\/","name":"Display Wandablage Naturfarben - H\u00fcbsch","isPartOf":{"@id":"https:\/\/hubsch-interior.com\/de\/#website"},"primaryImageOfPage":{"@id":"https:\/\/hubsch-interior.com\/de\/produkt\/display-wandablage-naturfarben\/#primaryimage"},"image":{"@id":"https:\/\/hubsch-interior.com\/de\/produkt\/display-wandablage-naturfarben\/#primaryimage"},"thumbnailUrl":"https:\/\/hubsch-interior.com\/wp-content\/uploads\/2026\/02\/display-wall-shelf-natural-d31226d9d1214c0b59ec77456b586834.jpg","datePublished":"2020-09-09T21:28:27+00:00","dateModified":"2026-04-09T02:59:16+00:00","description":"Das Wandregal besteht aus FSC-zertifizierter Eiche. Im Regal k\u00f6nnen Sie Ihre Lieblingsb\u00fccher, Zeitschriften, Bilder oder kleine Vasen zeigen. Das Regal","breadcrumb":{"@id":"https:\/\/hubsch-interior.com\/de\/produkt\/display-wandablage-naturfarben\/#breadcrumb"},"inLanguage":"de","potentialAction":[{"@type":"ReadAction","target":["https:\/\/hubsch-interior.com\/de\/produkt\/display-wandablage-naturfarben\/"]}]},{"@type":"ImageObject","inLanguage":"de","@id":"https:\/\/hubsch-interior.com\/de\/produkt\/display-wandablage-naturfarben\/#primaryimage","url":"https:\/\/hubsch-interior.com\/wp-content\/uploads\/2026\/02\/display-wall-shelf-natural-d31226d9d1214c0b59ec77456b586834.jpg","contentUrl":"https:\/\/hubsch-interior.com\/wp-content\/uploads\/2026\/02\/display-wall-shelf-natural-d31226d9d1214c0b59ec77456b586834.jpg","width":1024,"height":1024},{"@type":"BreadcrumbList","@id":"https:\/\/hubsch-interior.com\/de\/produkt\/display-wandablage-naturfarben\/#breadcrumb","itemListElement":[{"@type":"ListItem","position":1,"name":"Startseite","item":"https:\/\/hubsch-interior.com\/de\/"},{"@type":"ListItem","position":2,"name":"Produkte","item":"https:\/\/hubsch-interior.com\/de\/shop-2\/"},{"@type":"ListItem","position":3,"name":"M\u00f6bel","item":"https:\/\/hubsch-interior.com\/de\/produkt-kategorie\/moebel\/"},{"@type":"ListItem","position":4,"name":"Regale &amp; Aufbewahrung","item":"https:\/\/hubsch-interior.com\/de\/produkt-kategorie\/moebel\/regale-aufbewahrung-de\/"},{"@type":"ListItem","position":5,"name":"Ablagen","item":"https:\/\/hubsch-interior.com\/de\/produkt-kategorie\/moebel\/regale-aufbewahrung-de\/ablagen-de\/"},{"@type":"ListItem","position":6,"name":"Display Wandablage Naturfarben"}]},{"@type":"WebSite","@id":"https:\/\/hubsch-interior.com\/de\/#website","url":"https:\/\/hubsch-interior.com\/de\/","name":"H\u00fcbsch","description":"Danish Home Interior and Design","publisher":{"@id":"https:\/\/hubsch-interior.com\/de\/#organization"},"potentialAction":[{"@type":"SearchAction","target":{"@type":"EntryPoint","urlTemplate":"https:\/\/hubsch-interior.com\/de\/?s={search_term_string}"},"query-input":{"@type":"PropertyValueSpecification","valueRequired":true,"valueName":"search_term_string"}}],"inLanguage":"de"},{"@type":"Organization","@id":"https:\/\/hubsch-interior.com\/de\/#organization","name":"H\u00fcbsch","url":"https:\/\/hubsch-interior.com\/de\/","logo":{"@type":"ImageObject","inLanguage":"de","@id":"https:\/\/hubsch-interior.com\/de\/#\/schema\/logo\/image\/","url":"https:\/\/hubsch-interior.com\/wp-content\/uploads\/2022\/12\/Hubsch_logo_black_one_line.svg","contentUrl":"https:\/\/hubsch-interior.com\/wp-content\/uploads\/2022\/12\/Hubsch_logo_black_one_line.svg","caption":"H\u00fcbsch"},"image":{"@id":"https:\/\/hubsch-interior.com\/de\/#\/schema\/logo\/image\/"}}]}},"_links":{"self":[{"href":"https:\/\/hubsch-interior.com\/de\/wp-json\/wp\/v2\/product\/19002","targetHints":{"allow":["GET"]}}],"collection":[{"href":"https:\/\/hubsch-interior.com\/de\/wp-json\/wp\/v2\/product"}],"about":[{"href":"https:\/\/hubsch-interior.com\/de\/wp-json\/wp\/v2\/types\/product"}],"wp:featuredmedia":[{"embeddable":true,"href":"https:\/\/hubsch-interior.com\/de\/wp-json\/wp\/v2\/media\/1105698"}],"wp:attachment":[{"href":"https:\/\/hubsch-interior.com\/de\/wp-json\/wp\/v2\/media?parent=19002"}],"wp:term":[{"taxonomy":"product_brand","embeddable":true,"href":"https:\/\/hubsch-interior.com\/de\/wp-json\/wp\/v2\/product_brand?post=19002"},{"taxonomy":"product_cat","embeddable":true,"href":"https:\/\/hubsch-interior.com\/de\/wp-json\/wp\/v2\/product_cat?post=19002"},{"taxonomy":"product_tag","embeddable":true,"href":"https:\/\/hubsch-interior.com\/de\/wp-json\/wp\/v2\/product_tag?post=19002"}],"curies":[{"name":"wp","href":"https:\/\/api.w.org\/{rel}","templated":true}]}}