{"id":19102,"date":"2020-09-09T23:28:37","date_gmt":"2020-09-09T21:28:37","guid":{"rendered":"https:\/\/hubsch-interior.com\/vare\/product\/"},"modified":"2026-04-09T04:59:35","modified_gmt":"2026-04-09T02:59:35","slug":"folk-garderobe-naturfarben-2","status":"publish","type":"product","link":"https:\/\/hubsch-interior.com\/de\/produkt\/folk-garderobe-naturfarben-2\/","title":{"rendered":"Folk Garderobe Naturfarben"},"content":{"rendered":"<p>Die Garderobenleiste besteht aus naturfarbener FSC-zertifizierter Eiche. Sie hat 10 Haken, die f\u00fcr Handt\u00fccher, M\u00e4ntel oder Kleiderb\u00fcgel verwendet werden k\u00f6nnen. Die Garderobenleiste kann im Badezimmer oder im Flur aufgeh\u00e4ngt werden. Das helle Eichenholz passt sowohl zum modernen als auch zum klassischen Zuhause.<\/p>\n","protected":false},"excerpt":{"rendered":"<p>Die Garderobenleiste besteht aus naturfarbener FSC-zertifizierter Eiche. Sie hat 10 Haken, die f\u00fcr Handt\u00fccher, M\u00e4ntel oder Kleiderb\u00fcgel verwendet werden k\u00f6nnen. Die Garderobenleiste kann im Badezimmer oder im Flur aufgeh\u00e4ngt werden. Das helle Eichenholz passt sowohl zum modernen als auch zum klassischen Zuhause.<\/p>\n","protected":false},"featured_media":1105774,"template":"","meta":{"_acf_changed":false,"inline_featured_image":false},"product_brand":[],"product_cat":[5027,6323,4043,4044,5031],"product_tag":[],"class_list":{"0":"post-19102","1":"product","2":"type-product","3":"status-publish","4":"has-post-thumbnail","6":"product_cat-bestsellers-de","7":"product_cat-fsc-de","8":"product_cat-haken-und-hakenleisten-de","9":"product_cat-hakenleisten-de","10":"product_cat-wieder-auf-lager-de","11":"product_shipping_class-pk","13":"pa_color-naturfarben-2","14":"pa_material-eichenholz","16":"first","17":"instock","18":"featured","19":"taxable","20":"shipping-taxable","21":"purchasable","22":"product-type-simple"},"exclude_global_add_ons":[],"addons":[],"acf":[],"yoast_head":"<!-- This site is optimized with the Yoast SEO plugin v26.4 - https:\/\/yoast.com\/wordpress\/plugins\/seo\/ -->\n<title>Folk Garderobe Naturfarben - H\u00fcbsch<\/title>\n<meta name=\"description\" content=\"Die Garderobenleiste besteht aus naturfarbener FSC-zertifizierter Eiche. Sie hat 10 Haken, die f\u00fcr Handt\u00fccher, M\u00e4ntel oder Kleiderb\u00fcgel verwendet werden\" \/>\n<meta name=\"robots\" content=\"index, follow, max-snippet:-1, max-image-preview:large, max-video-preview:-1\" \/>\n<link rel=\"canonical\" href=\"https:\/\/hubsch-interior.com\/de\/wp-json\/wp\/v2\/product\/19102\" \/>\n<meta property=\"og:locale\" content=\"de_DE\" \/>\n<meta property=\"og:type\" content=\"article\" \/>\n<meta property=\"og:title\" content=\"Folk Garderobe Naturfarben - H\u00fcbsch\" \/>\n<meta property=\"og:description\" content=\"Die Garderobenleiste besteht aus naturfarbener FSC-zertifizierter Eiche. Sie hat 10 Haken, die f\u00fcr Handt\u00fccher, M\u00e4ntel oder Kleiderb\u00fcgel verwendet werden\" \/>\n<meta property=\"og:url\" content=\"https:\/\/hubsch-interior.com\/de\/produkt\/folk-garderobe-naturfarben-2\/\" \/>\n<meta property=\"og:site_name\" content=\"H\u00fcbsch\" \/>\n<meta property=\"article:modified_time\" content=\"2026-04-09T02:59:35+00:00\" \/>\n<meta property=\"og:image\" content=\"https:\/\/hubsch-interior.com\/wp-content\/uploads\/2026\/02\/folk-coatrack-natural-3df0016dd390f723e6e0c00a674a5525.jpg\" \/>\n\t<meta property=\"og:image:width\" content=\"1024\" \/>\n\t<meta property=\"og:image:height\" content=\"1024\" \/>\n\t<meta property=\"og:image:type\" content=\"image\/jpeg\" \/>\n<meta name=\"twitter:card\" content=\"summary_large_image\" \/>\n<script type=\"application\/ld+json\" class=\"yoast-schema-graph\">{\"@context\":\"https:\/\/schema.org\",\"@graph\":[{\"@type\":\"WebPage\",\"@id\":\"https:\/\/hubsch-interior.com\/de\/produkt\/folk-garderobe-naturfarben-2\/\",\"url\":\"https:\/\/hubsch-interior.com\/de\/produkt\/folk-garderobe-naturfarben-2\/\",\"name\":\"Folk Garderobe Naturfarben - H\u00fcbsch\",\"isPartOf\":{\"@id\":\"https:\/\/hubsch-interior.com\/de\/#website\"},\"primaryImageOfPage\":{\"@id\":\"https:\/\/hubsch-interior.com\/de\/produkt\/folk-garderobe-naturfarben-2\/#primaryimage\"},\"image\":{\"@id\":\"https:\/\/hubsch-interior.com\/de\/produkt\/folk-garderobe-naturfarben-2\/#primaryimage\"},\"thumbnailUrl\":\"https:\/\/hubsch-interior.com\/wp-content\/uploads\/2026\/02\/folk-coatrack-natural-3df0016dd390f723e6e0c00a674a5525.jpg\",\"datePublished\":\"2020-09-09T21:28:37+00:00\",\"dateModified\":\"2026-04-09T02:59:35+00:00\",\"description\":\"Die Garderobenleiste besteht aus naturfarbener FSC-zertifizierter Eiche. Sie hat 10 Haken, die f\u00fcr Handt\u00fccher, M\u00e4ntel oder Kleiderb\u00fcgel verwendet werden\",\"breadcrumb\":{\"@id\":\"https:\/\/hubsch-interior.com\/de\/produkt\/folk-garderobe-naturfarben-2\/#breadcrumb\"},\"inLanguage\":\"de\",\"potentialAction\":[{\"@type\":\"ReadAction\",\"target\":[\"https:\/\/hubsch-interior.com\/de\/produkt\/folk-garderobe-naturfarben-2\/\"]}]},{\"@type\":\"ImageObject\",\"inLanguage\":\"de\",\"@id\":\"https:\/\/hubsch-interior.com\/de\/produkt\/folk-garderobe-naturfarben-2\/#primaryimage\",\"url\":\"https:\/\/hubsch-interior.com\/wp-content\/uploads\/2026\/02\/folk-coatrack-natural-3df0016dd390f723e6e0c00a674a5525.jpg\",\"contentUrl\":\"https:\/\/hubsch-interior.com\/wp-content\/uploads\/2026\/02\/folk-coatrack-natural-3df0016dd390f723e6e0c00a674a5525.jpg\",\"width\":1024,\"height\":1024},{\"@type\":\"BreadcrumbList\",\"@id\":\"https:\/\/hubsch-interior.com\/de\/produkt\/folk-garderobe-naturfarben-2\/#breadcrumb\",\"itemListElement\":[{\"@type\":\"ListItem\",\"position\":1,\"name\":\"Startseite\",\"item\":\"https:\/\/hubsch-interior.com\/de\/\"},{\"@type\":\"ListItem\",\"position\":2,\"name\":\"Produkte\",\"item\":\"https:\/\/hubsch-interior.com\/de\/shop-2\/\"},{\"@type\":\"ListItem\",\"position\":3,\"name\":\"Wohnaccessoires\",\"item\":\"https:\/\/hubsch-interior.com\/de\/produkt-kategorie\/wohnaccessoires\/\"},{\"@type\":\"ListItem\",\"position\":4,\"name\":\"Haken und Hakenleisten\",\"item\":\"https:\/\/hubsch-interior.com\/de\/produkt-kategorie\/wohnaccessoires\/haken-und-hakenleisten-de\/\"},{\"@type\":\"ListItem\",\"position\":5,\"name\":\"Hakenleisten\",\"item\":\"https:\/\/hubsch-interior.com\/de\/produkt-kategorie\/wohnaccessoires\/haken-und-hakenleisten-de\/hakenleisten-de\/\"},{\"@type\":\"ListItem\",\"position\":6,\"name\":\"Folk Garderobe Naturfarben\"}]},{\"@type\":\"WebSite\",\"@id\":\"https:\/\/hubsch-interior.com\/de\/#website\",\"url\":\"https:\/\/hubsch-interior.com\/de\/\",\"name\":\"H\u00fcbsch\",\"description\":\"Danish Home Interior and Design\",\"publisher\":{\"@id\":\"https:\/\/hubsch-interior.com\/de\/#organization\"},\"potentialAction\":[{\"@type\":\"SearchAction\",\"target\":{\"@type\":\"EntryPoint\",\"urlTemplate\":\"https:\/\/hubsch-interior.com\/de\/?s={search_term_string}\"},\"query-input\":{\"@type\":\"PropertyValueSpecification\",\"valueRequired\":true,\"valueName\":\"search_term_string\"}}],\"inLanguage\":\"de\"},{\"@type\":\"Organization\",\"@id\":\"https:\/\/hubsch-interior.com\/de\/#organization\",\"name\":\"H\u00fcbsch\",\"url\":\"https:\/\/hubsch-interior.com\/de\/\",\"logo\":{\"@type\":\"ImageObject\",\"inLanguage\":\"de\",\"@id\":\"https:\/\/hubsch-interior.com\/de\/#\/schema\/logo\/image\/\",\"url\":\"https:\/\/hubsch-interior.com\/wp-content\/uploads\/2022\/12\/Hubsch_logo_black_one_line.svg\",\"contentUrl\":\"https:\/\/hubsch-interior.com\/wp-content\/uploads\/2022\/12\/Hubsch_logo_black_one_line.svg\",\"caption\":\"H\u00fcbsch\"},\"image\":{\"@id\":\"https:\/\/hubsch-interior.com\/de\/#\/schema\/logo\/image\/\"}}]}<\/script>\n<!-- \/ Yoast SEO plugin. -->","yoast_head_json":{"title":"Folk Garderobe Naturfarben - H\u00fcbsch","description":"Die Garderobenleiste besteht aus naturfarbener FSC-zertifizierter Eiche. Sie hat 10 Haken, die f\u00fcr Handt\u00fccher, M\u00e4ntel oder Kleiderb\u00fcgel verwendet werden","robots":{"index":"index","follow":"follow","max-snippet":"max-snippet:-1","max-image-preview":"max-image-preview:large","max-video-preview":"max-video-preview:-1"},"canonical":"https:\/\/hubsch-interior.com\/de\/wp-json\/wp\/v2\/product\/19102","og_locale":"de_DE","og_type":"article","og_title":"Folk Garderobe Naturfarben - H\u00fcbsch","og_description":"Die Garderobenleiste besteht aus naturfarbener FSC-zertifizierter Eiche. Sie hat 10 Haken, die f\u00fcr Handt\u00fccher, M\u00e4ntel oder Kleiderb\u00fcgel verwendet werden","og_url":"https:\/\/hubsch-interior.com\/de\/produkt\/folk-garderobe-naturfarben-2\/","og_site_name":"H\u00fcbsch","article_modified_time":"2026-04-09T02:59:35+00:00","og_image":[{"width":1024,"height":1024,"url":"https:\/\/hubsch-interior.com\/wp-content\/uploads\/2026\/02\/folk-coatrack-natural-3df0016dd390f723e6e0c00a674a5525.jpg","type":"image\/jpeg"}],"twitter_card":"summary_large_image","schema":{"@context":"https:\/\/schema.org","@graph":[{"@type":"WebPage","@id":"https:\/\/hubsch-interior.com\/de\/produkt\/folk-garderobe-naturfarben-2\/","url":"https:\/\/hubsch-interior.com\/de\/produkt\/folk-garderobe-naturfarben-2\/","name":"Folk Garderobe Naturfarben - H\u00fcbsch","isPartOf":{"@id":"https:\/\/hubsch-interior.com\/de\/#website"},"primaryImageOfPage":{"@id":"https:\/\/hubsch-interior.com\/de\/produkt\/folk-garderobe-naturfarben-2\/#primaryimage"},"image":{"@id":"https:\/\/hubsch-interior.com\/de\/produkt\/folk-garderobe-naturfarben-2\/#primaryimage"},"thumbnailUrl":"https:\/\/hubsch-interior.com\/wp-content\/uploads\/2026\/02\/folk-coatrack-natural-3df0016dd390f723e6e0c00a674a5525.jpg","datePublished":"2020-09-09T21:28:37+00:00","dateModified":"2026-04-09T02:59:35+00:00","description":"Die Garderobenleiste besteht aus naturfarbener FSC-zertifizierter Eiche. Sie hat 10 Haken, die f\u00fcr Handt\u00fccher, M\u00e4ntel oder Kleiderb\u00fcgel verwendet werden","breadcrumb":{"@id":"https:\/\/hubsch-interior.com\/de\/produkt\/folk-garderobe-naturfarben-2\/#breadcrumb"},"inLanguage":"de","potentialAction":[{"@type":"ReadAction","target":["https:\/\/hubsch-interior.com\/de\/produkt\/folk-garderobe-naturfarben-2\/"]}]},{"@type":"ImageObject","inLanguage":"de","@id":"https:\/\/hubsch-interior.com\/de\/produkt\/folk-garderobe-naturfarben-2\/#primaryimage","url":"https:\/\/hubsch-interior.com\/wp-content\/uploads\/2026\/02\/folk-coatrack-natural-3df0016dd390f723e6e0c00a674a5525.jpg","contentUrl":"https:\/\/hubsch-interior.com\/wp-content\/uploads\/2026\/02\/folk-coatrack-natural-3df0016dd390f723e6e0c00a674a5525.jpg","width":1024,"height":1024},{"@type":"BreadcrumbList","@id":"https:\/\/hubsch-interior.com\/de\/produkt\/folk-garderobe-naturfarben-2\/#breadcrumb","itemListElement":[{"@type":"ListItem","position":1,"name":"Startseite","item":"https:\/\/hubsch-interior.com\/de\/"},{"@type":"ListItem","position":2,"name":"Produkte","item":"https:\/\/hubsch-interior.com\/de\/shop-2\/"},{"@type":"ListItem","position":3,"name":"Wohnaccessoires","item":"https:\/\/hubsch-interior.com\/de\/produkt-kategorie\/wohnaccessoires\/"},{"@type":"ListItem","position":4,"name":"Haken und Hakenleisten","item":"https:\/\/hubsch-interior.com\/de\/produkt-kategorie\/wohnaccessoires\/haken-und-hakenleisten-de\/"},{"@type":"ListItem","position":5,"name":"Hakenleisten","item":"https:\/\/hubsch-interior.com\/de\/produkt-kategorie\/wohnaccessoires\/haken-und-hakenleisten-de\/hakenleisten-de\/"},{"@type":"ListItem","position":6,"name":"Folk Garderobe Naturfarben"}]},{"@type":"WebSite","@id":"https:\/\/hubsch-interior.com\/de\/#website","url":"https:\/\/hubsch-interior.com\/de\/","name":"H\u00fcbsch","description":"Danish Home Interior and Design","publisher":{"@id":"https:\/\/hubsch-interior.com\/de\/#organization"},"potentialAction":[{"@type":"SearchAction","target":{"@type":"EntryPoint","urlTemplate":"https:\/\/hubsch-interior.com\/de\/?s={search_term_string}"},"query-input":{"@type":"PropertyValueSpecification","valueRequired":true,"valueName":"search_term_string"}}],"inLanguage":"de"},{"@type":"Organization","@id":"https:\/\/hubsch-interior.com\/de\/#organization","name":"H\u00fcbsch","url":"https:\/\/hubsch-interior.com\/de\/","logo":{"@type":"ImageObject","inLanguage":"de","@id":"https:\/\/hubsch-interior.com\/de\/#\/schema\/logo\/image\/","url":"https:\/\/hubsch-interior.com\/wp-content\/uploads\/2022\/12\/Hubsch_logo_black_one_line.svg","contentUrl":"https:\/\/hubsch-interior.com\/wp-content\/uploads\/2022\/12\/Hubsch_logo_black_one_line.svg","caption":"H\u00fcbsch"},"image":{"@id":"https:\/\/hubsch-interior.com\/de\/#\/schema\/logo\/image\/"}}]}},"_links":{"self":[{"href":"https:\/\/hubsch-interior.com\/de\/wp-json\/wp\/v2\/product\/19102","targetHints":{"allow":["GET"]}}],"collection":[{"href":"https:\/\/hubsch-interior.com\/de\/wp-json\/wp\/v2\/product"}],"about":[{"href":"https:\/\/hubsch-interior.com\/de\/wp-json\/wp\/v2\/types\/product"}],"wp:featuredmedia":[{"embeddable":true,"href":"https:\/\/hubsch-interior.com\/de\/wp-json\/wp\/v2\/media\/1105774"}],"wp:attachment":[{"href":"https:\/\/hubsch-interior.com\/de\/wp-json\/wp\/v2\/media?parent=19102"}],"wp:term":[{"taxonomy":"product_brand","embeddable":true,"href":"https:\/\/hubsch-interior.com\/de\/wp-json\/wp\/v2\/product_brand?post=19102"},{"taxonomy":"product_cat","embeddable":true,"href":"https:\/\/hubsch-interior.com\/de\/wp-json\/wp\/v2\/product_cat?post=19102"},{"taxonomy":"product_tag","embeddable":true,"href":"https:\/\/hubsch-interior.com\/de\/wp-json\/wp\/v2\/product_tag?post=19102"}],"curies":[{"name":"wp","href":"https:\/\/api.w.org\/{rel}","templated":true}]}}