{"id":19138,"date":"2020-09-09T23:28:41","date_gmt":"2020-09-09T21:28:41","guid":{"rendered":"https:\/\/hubsch-interior.com\/vare\/product\/"},"modified":"2026-04-09T04:59:42","modified_gmt":"2026-04-09T02:59:42","slug":"elegant-tischlampe-grun","status":"publish","type":"product","link":"https:\/\/hubsch-interior.com\/de\/produkt\/elegant-tischlampe-grun\/","title":{"rendered":"Elegant Tischlampe Gr\u00fcn"},"content":{"rendered":"<p>Die Tischlampe besteht aus gr\u00fcnem Marmor und Glas. Die minimalistische geometrische Zylinderform in Kombination mit dem nat\u00fcrlichen Marmor verleiht der Lampe ein modernes Aussehen. Stellen Sie die Lampe in ein Fenster, in ein Regal oder auf einen Tisch Ihrer Wahl.<\/p>\n","protected":false},"excerpt":{"rendered":"<p>Die Tischlampe besteht aus gr\u00fcnem Marmor und Glas. Die minimalistische geometrische Zylinderform in Kombination mit dem nat\u00fcrlichen Marmor verleiht der Lampe ein modernes Aussehen. Stellen Sie die Lampe in ein Fenster, in ein Regal oder auf einen Tisch Ihrer Wahl.<\/p>\n","protected":false},"featured_media":1105790,"template":"","meta":{"_acf_changed":false,"inline_featured_image":false},"product_brand":[],"product_cat":[3809,3501],"product_tag":[],"class_list":{"0":"post-19138","1":"product","2":"type-product","3":"status-publish","4":"has-post-thumbnail","6":"product_cat-beleuchtung","7":"product_cat-tischlampen-de","8":"product_shipping_class-pk","10":"pa_color-grn-2","11":"pa_material-glas-de","12":"pa_material-marmor-de","14":"first","15":"instock","16":"taxable","17":"shipping-taxable","18":"purchasable","19":"product-type-simple"},"exclude_global_add_ons":[],"addons":[],"acf":[],"yoast_head":"<!-- This site is optimized with the Yoast SEO plugin v26.4 - https:\/\/yoast.com\/wordpress\/plugins\/seo\/ -->\n<title>Elegant Tischlampe Gr\u00fcn - H\u00fcbsch<\/title>\n<meta name=\"description\" content=\"Die Tischlampe besteht aus gr\u00fcnem Marmor und Glas. Die minimalistische geometrische Zylinderform in Kombination mit dem nat\u00fcrlichen Marmor verleiht der\" \/>\n<meta name=\"robots\" content=\"index, follow, max-snippet:-1, max-image-preview:large, max-video-preview:-1\" \/>\n<link rel=\"canonical\" href=\"https:\/\/hubsch-interior.com\/de\/wp-json\/wp\/v2\/product\/19138\" \/>\n<meta property=\"og:locale\" content=\"de_DE\" \/>\n<meta property=\"og:type\" content=\"article\" \/>\n<meta property=\"og:title\" content=\"Elegant Tischlampe Gr\u00fcn - H\u00fcbsch\" \/>\n<meta property=\"og:description\" content=\"Die Tischlampe besteht aus gr\u00fcnem Marmor und Glas. Die minimalistische geometrische Zylinderform in Kombination mit dem nat\u00fcrlichen Marmor verleiht der\" \/>\n<meta property=\"og:url\" content=\"https:\/\/hubsch-interior.com\/de\/produkt\/elegant-tischlampe-grun\/\" \/>\n<meta property=\"og:site_name\" content=\"H\u00fcbsch\" \/>\n<meta property=\"article:modified_time\" content=\"2026-04-09T02:59:42+00:00\" \/>\n<meta property=\"og:image\" content=\"https:\/\/hubsch-interior.com\/wp-content\/uploads\/2025\/05\/elegant-table-lamp-green-10a19288f8dfa79a0fa6a62f5002bf5e.jpg\" \/>\n\t<meta property=\"og:image:width\" content=\"1200\" \/>\n\t<meta property=\"og:image:height\" content=\"1200\" \/>\n\t<meta property=\"og:image:type\" content=\"image\/jpeg\" \/>\n<meta name=\"twitter:card\" content=\"summary_large_image\" \/>\n<script type=\"application\/ld+json\" class=\"yoast-schema-graph\">{\"@context\":\"https:\/\/schema.org\",\"@graph\":[{\"@type\":\"WebPage\",\"@id\":\"https:\/\/hubsch-interior.com\/de\/produkt\/elegant-tischlampe-grun\/\",\"url\":\"https:\/\/hubsch-interior.com\/de\/produkt\/elegant-tischlampe-grun\/\",\"name\":\"Elegant Tischlampe Gr\u00fcn - H\u00fcbsch\",\"isPartOf\":{\"@id\":\"https:\/\/hubsch-interior.com\/de\/#website\"},\"primaryImageOfPage\":{\"@id\":\"https:\/\/hubsch-interior.com\/de\/produkt\/elegant-tischlampe-grun\/#primaryimage\"},\"image\":{\"@id\":\"https:\/\/hubsch-interior.com\/de\/produkt\/elegant-tischlampe-grun\/#primaryimage\"},\"thumbnailUrl\":\"https:\/\/hubsch-interior.com\/wp-content\/uploads\/2026\/02\/elegant-table-lamp-green-a463c0fbbb8b20c0518070d301360619.jpg\",\"datePublished\":\"2020-09-09T21:28:41+00:00\",\"dateModified\":\"2026-04-09T02:59:42+00:00\",\"description\":\"Die Tischlampe besteht aus gr\u00fcnem Marmor und Glas. Die minimalistische geometrische Zylinderform in Kombination mit dem nat\u00fcrlichen Marmor verleiht der\",\"breadcrumb\":{\"@id\":\"https:\/\/hubsch-interior.com\/de\/produkt\/elegant-tischlampe-grun\/#breadcrumb\"},\"inLanguage\":\"de\",\"potentialAction\":[{\"@type\":\"ReadAction\",\"target\":[\"https:\/\/hubsch-interior.com\/de\/produkt\/elegant-tischlampe-grun\/\"]}]},{\"@type\":\"ImageObject\",\"inLanguage\":\"de\",\"@id\":\"https:\/\/hubsch-interior.com\/de\/produkt\/elegant-tischlampe-grun\/#primaryimage\",\"url\":\"https:\/\/hubsch-interior.com\/wp-content\/uploads\/2026\/02\/elegant-table-lamp-green-a463c0fbbb8b20c0518070d301360619.jpg\",\"contentUrl\":\"https:\/\/hubsch-interior.com\/wp-content\/uploads\/2026\/02\/elegant-table-lamp-green-a463c0fbbb8b20c0518070d301360619.jpg\",\"width\":1024,\"height\":1024},{\"@type\":\"BreadcrumbList\",\"@id\":\"https:\/\/hubsch-interior.com\/de\/produkt\/elegant-tischlampe-grun\/#breadcrumb\",\"itemListElement\":[{\"@type\":\"ListItem\",\"position\":1,\"name\":\"Startseite\",\"item\":\"https:\/\/hubsch-interior.com\/de\/\"},{\"@type\":\"ListItem\",\"position\":2,\"name\":\"Produkte\",\"item\":\"https:\/\/hubsch-interior.com\/de\/shop-2\/\"},{\"@type\":\"ListItem\",\"position\":3,\"name\":\"Beleuchtung\",\"item\":\"https:\/\/hubsch-interior.com\/de\/produkt-kategorie\/beleuchtung\/\"},{\"@type\":\"ListItem\",\"position\":4,\"name\":\"Tischlampen\",\"item\":\"https:\/\/hubsch-interior.com\/de\/produkt-kategorie\/beleuchtung\/tischlampen-de\/\"},{\"@type\":\"ListItem\",\"position\":5,\"name\":\"Elegant Tischlampe Gr\u00fcn\"}]},{\"@type\":\"WebSite\",\"@id\":\"https:\/\/hubsch-interior.com\/de\/#website\",\"url\":\"https:\/\/hubsch-interior.com\/de\/\",\"name\":\"H\u00fcbsch\",\"description\":\"Danish Home Interior and Design\",\"publisher\":{\"@id\":\"https:\/\/hubsch-interior.com\/de\/#organization\"},\"potentialAction\":[{\"@type\":\"SearchAction\",\"target\":{\"@type\":\"EntryPoint\",\"urlTemplate\":\"https:\/\/hubsch-interior.com\/de\/?s={search_term_string}\"},\"query-input\":{\"@type\":\"PropertyValueSpecification\",\"valueRequired\":true,\"valueName\":\"search_term_string\"}}],\"inLanguage\":\"de\"},{\"@type\":\"Organization\",\"@id\":\"https:\/\/hubsch-interior.com\/de\/#organization\",\"name\":\"H\u00fcbsch\",\"url\":\"https:\/\/hubsch-interior.com\/de\/\",\"logo\":{\"@type\":\"ImageObject\",\"inLanguage\":\"de\",\"@id\":\"https:\/\/hubsch-interior.com\/de\/#\/schema\/logo\/image\/\",\"url\":\"https:\/\/hubsch-interior.com\/wp-content\/uploads\/2022\/12\/Hubsch_logo_black_one_line.svg\",\"contentUrl\":\"https:\/\/hubsch-interior.com\/wp-content\/uploads\/2022\/12\/Hubsch_logo_black_one_line.svg\",\"caption\":\"H\u00fcbsch\"},\"image\":{\"@id\":\"https:\/\/hubsch-interior.com\/de\/#\/schema\/logo\/image\/\"}}]}<\/script>\n<!-- \/ Yoast SEO plugin. -->","yoast_head_json":{"title":"Elegant Tischlampe Gr\u00fcn - H\u00fcbsch","description":"Die Tischlampe besteht aus gr\u00fcnem Marmor und Glas. Die minimalistische geometrische Zylinderform in Kombination mit dem nat\u00fcrlichen Marmor verleiht der","robots":{"index":"index","follow":"follow","max-snippet":"max-snippet:-1","max-image-preview":"max-image-preview:large","max-video-preview":"max-video-preview:-1"},"canonical":"https:\/\/hubsch-interior.com\/de\/wp-json\/wp\/v2\/product\/19138","og_locale":"de_DE","og_type":"article","og_title":"Elegant Tischlampe Gr\u00fcn - H\u00fcbsch","og_description":"Die Tischlampe besteht aus gr\u00fcnem Marmor und Glas. Die minimalistische geometrische Zylinderform in Kombination mit dem nat\u00fcrlichen Marmor verleiht der","og_url":"https:\/\/hubsch-interior.com\/de\/produkt\/elegant-tischlampe-grun\/","og_site_name":"H\u00fcbsch","article_modified_time":"2026-04-09T02:59:42+00:00","og_image":[{"width":1200,"height":1200,"url":"https:\/\/hubsch-interior.com\/wp-content\/uploads\/2025\/05\/elegant-table-lamp-green-10a19288f8dfa79a0fa6a62f5002bf5e.jpg","type":"image\/jpeg"}],"twitter_card":"summary_large_image","schema":{"@context":"https:\/\/schema.org","@graph":[{"@type":"WebPage","@id":"https:\/\/hubsch-interior.com\/de\/produkt\/elegant-tischlampe-grun\/","url":"https:\/\/hubsch-interior.com\/de\/produkt\/elegant-tischlampe-grun\/","name":"Elegant Tischlampe Gr\u00fcn - H\u00fcbsch","isPartOf":{"@id":"https:\/\/hubsch-interior.com\/de\/#website"},"primaryImageOfPage":{"@id":"https:\/\/hubsch-interior.com\/de\/produkt\/elegant-tischlampe-grun\/#primaryimage"},"image":{"@id":"https:\/\/hubsch-interior.com\/de\/produkt\/elegant-tischlampe-grun\/#primaryimage"},"thumbnailUrl":"https:\/\/hubsch-interior.com\/wp-content\/uploads\/2026\/02\/elegant-table-lamp-green-a463c0fbbb8b20c0518070d301360619.jpg","datePublished":"2020-09-09T21:28:41+00:00","dateModified":"2026-04-09T02:59:42+00:00","description":"Die Tischlampe besteht aus gr\u00fcnem Marmor und Glas. Die minimalistische geometrische Zylinderform in Kombination mit dem nat\u00fcrlichen Marmor verleiht der","breadcrumb":{"@id":"https:\/\/hubsch-interior.com\/de\/produkt\/elegant-tischlampe-grun\/#breadcrumb"},"inLanguage":"de","potentialAction":[{"@type":"ReadAction","target":["https:\/\/hubsch-interior.com\/de\/produkt\/elegant-tischlampe-grun\/"]}]},{"@type":"ImageObject","inLanguage":"de","@id":"https:\/\/hubsch-interior.com\/de\/produkt\/elegant-tischlampe-grun\/#primaryimage","url":"https:\/\/hubsch-interior.com\/wp-content\/uploads\/2026\/02\/elegant-table-lamp-green-a463c0fbbb8b20c0518070d301360619.jpg","contentUrl":"https:\/\/hubsch-interior.com\/wp-content\/uploads\/2026\/02\/elegant-table-lamp-green-a463c0fbbb8b20c0518070d301360619.jpg","width":1024,"height":1024},{"@type":"BreadcrumbList","@id":"https:\/\/hubsch-interior.com\/de\/produkt\/elegant-tischlampe-grun\/#breadcrumb","itemListElement":[{"@type":"ListItem","position":1,"name":"Startseite","item":"https:\/\/hubsch-interior.com\/de\/"},{"@type":"ListItem","position":2,"name":"Produkte","item":"https:\/\/hubsch-interior.com\/de\/shop-2\/"},{"@type":"ListItem","position":3,"name":"Beleuchtung","item":"https:\/\/hubsch-interior.com\/de\/produkt-kategorie\/beleuchtung\/"},{"@type":"ListItem","position":4,"name":"Tischlampen","item":"https:\/\/hubsch-interior.com\/de\/produkt-kategorie\/beleuchtung\/tischlampen-de\/"},{"@type":"ListItem","position":5,"name":"Elegant Tischlampe Gr\u00fcn"}]},{"@type":"WebSite","@id":"https:\/\/hubsch-interior.com\/de\/#website","url":"https:\/\/hubsch-interior.com\/de\/","name":"H\u00fcbsch","description":"Danish Home Interior and Design","publisher":{"@id":"https:\/\/hubsch-interior.com\/de\/#organization"},"potentialAction":[{"@type":"SearchAction","target":{"@type":"EntryPoint","urlTemplate":"https:\/\/hubsch-interior.com\/de\/?s={search_term_string}"},"query-input":{"@type":"PropertyValueSpecification","valueRequired":true,"valueName":"search_term_string"}}],"inLanguage":"de"},{"@type":"Organization","@id":"https:\/\/hubsch-interior.com\/de\/#organization","name":"H\u00fcbsch","url":"https:\/\/hubsch-interior.com\/de\/","logo":{"@type":"ImageObject","inLanguage":"de","@id":"https:\/\/hubsch-interior.com\/de\/#\/schema\/logo\/image\/","url":"https:\/\/hubsch-interior.com\/wp-content\/uploads\/2022\/12\/Hubsch_logo_black_one_line.svg","contentUrl":"https:\/\/hubsch-interior.com\/wp-content\/uploads\/2022\/12\/Hubsch_logo_black_one_line.svg","caption":"H\u00fcbsch"},"image":{"@id":"https:\/\/hubsch-interior.com\/de\/#\/schema\/logo\/image\/"}}]}},"_links":{"self":[{"href":"https:\/\/hubsch-interior.com\/de\/wp-json\/wp\/v2\/product\/19138","targetHints":{"allow":["GET"]}}],"collection":[{"href":"https:\/\/hubsch-interior.com\/de\/wp-json\/wp\/v2\/product"}],"about":[{"href":"https:\/\/hubsch-interior.com\/de\/wp-json\/wp\/v2\/types\/product"}],"wp:featuredmedia":[{"embeddable":true,"href":"https:\/\/hubsch-interior.com\/de\/wp-json\/wp\/v2\/media\/1105790"}],"wp:attachment":[{"href":"https:\/\/hubsch-interior.com\/de\/wp-json\/wp\/v2\/media?parent=19138"}],"wp:term":[{"taxonomy":"product_brand","embeddable":true,"href":"https:\/\/hubsch-interior.com\/de\/wp-json\/wp\/v2\/product_brand?post=19138"},{"taxonomy":"product_cat","embeddable":true,"href":"https:\/\/hubsch-interior.com\/de\/wp-json\/wp\/v2\/product_cat?post=19138"},{"taxonomy":"product_tag","embeddable":true,"href":"https:\/\/hubsch-interior.com\/de\/wp-json\/wp\/v2\/product_tag?post=19138"}],"curies":[{"name":"wp","href":"https:\/\/api.w.org\/{rel}","templated":true}]}}