{"id":19742,"date":"2020-09-09T23:29:31","date_gmt":"2020-09-09T21:29:31","guid":{"rendered":"https:\/\/hubsch-interior.com\/vare\/product\/"},"modified":"2026-04-09T05:01:17","modified_gmt":"2026-04-09T03:01:17","slug":"lotus-hangetopfe-hellgrau-2er-set","status":"publish","type":"product","link":"https:\/\/hubsch-interior.com\/de\/produkt\/lotus-hangetopfe-hellgrau-2er-set\/","title":{"rendered":"Lotus H\u00e4nget\u00f6pfe Hellgrau (2er Set)"},"content":{"rendered":"<p>Diese sch\u00f6nen H\u00e4nget\u00f6pfe werden im 2er-Set geliefert. Die T\u00f6pfe sind elegant und passen zu vielen verschiedenen Stilen. Sie eignen sich perfekt f\u00fcr die Pr\u00e4sentation Ihrer gr\u00fcnen Pflanzen, egal ob sie einzeln oder zusammen h\u00e4ngen. H\u00e4ngen Sie die T\u00f6pfe in den Flur, das Wohnzimmer oder die K\u00fcche. Sie haben die Wahl.<\/p>\n","protected":false},"excerpt":{"rendered":"<p>Diese sch\u00f6nen H\u00e4nget\u00f6pfe werden im 2er-Set geliefert. Die T\u00f6pfe sind elegant und passen zu vielen verschiedenen Stilen. Sie eignen sich perfekt f\u00fcr die Pr\u00e4sentation Ihrer gr\u00fcnen Pflanzen, egal ob sie einzeln oder zusammen h\u00e4ngen. H\u00e4ngen Sie die T\u00f6pfe in den Flur, das Wohnzimmer oder die K\u00fcche. Sie haben die Wahl.<\/p>\n","protected":false},"featured_media":1106066,"template":"","meta":{"_acf_changed":false,"inline_featured_image":false},"product_brand":[],"product_cat":[4916,4929,5027],"product_tag":[],"class_list":{"0":"post-19742","1":"product","2":"type-product","3":"status-publish","4":"has-post-thumbnail","6":"product_cat-toepfe-giesskannen-de","7":"product_cat-haengetoepfe-de","8":"product_cat-bestsellers-de","9":"product_shipping_class-pk","11":"pa_color-hellgrau-2","12":"pa_material-eisen-de","14":"first","15":"instock","16":"featured","17":"taxable","18":"shipping-taxable","19":"purchasable","20":"product-type-simple"},"exclude_global_add_ons":[],"addons":[],"acf":[],"yoast_head":"<!-- This site is optimized with the Yoast SEO plugin v26.4 - https:\/\/yoast.com\/wordpress\/plugins\/seo\/ -->\n<title>Lotus H\u00e4nget\u00f6pfe Hellgrau (2er Set) - H\u00fcbsch<\/title>\n<meta name=\"description\" content=\"Diese sch\u00f6nen H\u00e4nget\u00f6pfe werden im 2er-Set geliefert. Die T\u00f6pfe sind elegant und passen zu vielen verschiedenen Stilen. Sie eignen sich perfekt f\u00fcr die\" \/>\n<meta name=\"robots\" content=\"index, follow, max-snippet:-1, max-image-preview:large, max-video-preview:-1\" \/>\n<link rel=\"canonical\" href=\"https:\/\/hubsch-interior.com\/de\/wp-json\/wp\/v2\/product\/19742\" \/>\n<meta property=\"og:locale\" content=\"de_DE\" \/>\n<meta property=\"og:type\" content=\"article\" \/>\n<meta property=\"og:title\" content=\"Lotus H\u00e4nget\u00f6pfe Hellgrau (2er Set) - H\u00fcbsch\" \/>\n<meta property=\"og:description\" content=\"Diese sch\u00f6nen H\u00e4nget\u00f6pfe werden im 2er-Set geliefert. Die T\u00f6pfe sind elegant und passen zu vielen verschiedenen Stilen. Sie eignen sich perfekt f\u00fcr die\" \/>\n<meta property=\"og:url\" content=\"https:\/\/hubsch-interior.com\/de\/produkt\/lotus-hangetopfe-hellgrau-2er-set\/\" \/>\n<meta property=\"og:site_name\" content=\"H\u00fcbsch\" \/>\n<meta property=\"article:modified_time\" content=\"2026-04-09T03:01:17+00:00\" \/>\n<meta property=\"og:image\" content=\"https:\/\/hubsch-interior.com\/wp-content\/uploads\/2025\/05\/lotus-hanging-pots-light-grey-set-of-2-3d5e044e21cb1e666396f9a71413c341.jpg\" \/>\n\t<meta property=\"og:image:width\" content=\"1200\" \/>\n\t<meta property=\"og:image:height\" content=\"1200\" \/>\n\t<meta property=\"og:image:type\" content=\"image\/jpeg\" \/>\n<meta name=\"twitter:card\" content=\"summary_large_image\" \/>\n<script type=\"application\/ld+json\" class=\"yoast-schema-graph\">{\"@context\":\"https:\/\/schema.org\",\"@graph\":[{\"@type\":\"WebPage\",\"@id\":\"https:\/\/hubsch-interior.com\/de\/produkt\/lotus-hangetopfe-hellgrau-2er-set\/\",\"url\":\"https:\/\/hubsch-interior.com\/de\/produkt\/lotus-hangetopfe-hellgrau-2er-set\/\",\"name\":\"Lotus H\u00e4nget\u00f6pfe Hellgrau (2er Set) - H\u00fcbsch\",\"isPartOf\":{\"@id\":\"https:\/\/hubsch-interior.com\/de\/#website\"},\"primaryImageOfPage\":{\"@id\":\"https:\/\/hubsch-interior.com\/de\/produkt\/lotus-hangetopfe-hellgrau-2er-set\/#primaryimage\"},\"image\":{\"@id\":\"https:\/\/hubsch-interior.com\/de\/produkt\/lotus-hangetopfe-hellgrau-2er-set\/#primaryimage\"},\"thumbnailUrl\":\"https:\/\/hubsch-interior.com\/wp-content\/uploads\/2026\/02\/lotus-hanging-pots-light-grey-set-of-2-aec98d23cc7b1e3343176f4919fb617f.jpg\",\"datePublished\":\"2020-09-09T21:29:31+00:00\",\"dateModified\":\"2026-04-09T03:01:17+00:00\",\"description\":\"Diese sch\u00f6nen H\u00e4nget\u00f6pfe werden im 2er-Set geliefert. Die T\u00f6pfe sind elegant und passen zu vielen verschiedenen Stilen. Sie eignen sich perfekt f\u00fcr die\",\"breadcrumb\":{\"@id\":\"https:\/\/hubsch-interior.com\/de\/produkt\/lotus-hangetopfe-hellgrau-2er-set\/#breadcrumb\"},\"inLanguage\":\"de\",\"potentialAction\":[{\"@type\":\"ReadAction\",\"target\":[\"https:\/\/hubsch-interior.com\/de\/produkt\/lotus-hangetopfe-hellgrau-2er-set\/\"]}]},{\"@type\":\"ImageObject\",\"inLanguage\":\"de\",\"@id\":\"https:\/\/hubsch-interior.com\/de\/produkt\/lotus-hangetopfe-hellgrau-2er-set\/#primaryimage\",\"url\":\"https:\/\/hubsch-interior.com\/wp-content\/uploads\/2026\/02\/lotus-hanging-pots-light-grey-set-of-2-aec98d23cc7b1e3343176f4919fb617f.jpg\",\"contentUrl\":\"https:\/\/hubsch-interior.com\/wp-content\/uploads\/2026\/02\/lotus-hanging-pots-light-grey-set-of-2-aec98d23cc7b1e3343176f4919fb617f.jpg\",\"width\":1024,\"height\":1024},{\"@type\":\"BreadcrumbList\",\"@id\":\"https:\/\/hubsch-interior.com\/de\/produkt\/lotus-hangetopfe-hellgrau-2er-set\/#breadcrumb\",\"itemListElement\":[{\"@type\":\"ListItem\",\"position\":1,\"name\":\"Startseite\",\"item\":\"https:\/\/hubsch-interior.com\/de\/\"},{\"@type\":\"ListItem\",\"position\":2,\"name\":\"Produkte\",\"item\":\"https:\/\/hubsch-interior.com\/de\/shop-2\/\"},{\"@type\":\"ListItem\",\"position\":3,\"name\":\"Wohnaccessoires\",\"item\":\"https:\/\/hubsch-interior.com\/de\/produkt-kategorie\/wohnaccessoires\/\"},{\"@type\":\"ListItem\",\"position\":4,\"name\":\"T&ouml;pfe &amp; Gie&szlig;kannen\",\"item\":\"https:\/\/hubsch-interior.com\/de\/produkt-kategorie\/wohnaccessoires\/toepfe-giesskannen-de\/\"},{\"@type\":\"ListItem\",\"position\":5,\"name\":\"H&auml;nget&ouml;pfe\",\"item\":\"https:\/\/hubsch-interior.com\/de\/produkt-kategorie\/wohnaccessoires\/toepfe-giesskannen-de\/haengetoepfe-de\/\"},{\"@type\":\"ListItem\",\"position\":6,\"name\":\"Lotus H\u00e4nget\u00f6pfe Hellgrau (2er Set)\"}]},{\"@type\":\"WebSite\",\"@id\":\"https:\/\/hubsch-interior.com\/de\/#website\",\"url\":\"https:\/\/hubsch-interior.com\/de\/\",\"name\":\"H\u00fcbsch\",\"description\":\"Danish Home Interior and Design\",\"publisher\":{\"@id\":\"https:\/\/hubsch-interior.com\/de\/#organization\"},\"potentialAction\":[{\"@type\":\"SearchAction\",\"target\":{\"@type\":\"EntryPoint\",\"urlTemplate\":\"https:\/\/hubsch-interior.com\/de\/?s={search_term_string}\"},\"query-input\":{\"@type\":\"PropertyValueSpecification\",\"valueRequired\":true,\"valueName\":\"search_term_string\"}}],\"inLanguage\":\"de\"},{\"@type\":\"Organization\",\"@id\":\"https:\/\/hubsch-interior.com\/de\/#organization\",\"name\":\"H\u00fcbsch\",\"url\":\"https:\/\/hubsch-interior.com\/de\/\",\"logo\":{\"@type\":\"ImageObject\",\"inLanguage\":\"de\",\"@id\":\"https:\/\/hubsch-interior.com\/de\/#\/schema\/logo\/image\/\",\"url\":\"https:\/\/hubsch-interior.com\/wp-content\/uploads\/2022\/12\/Hubsch_logo_black_one_line.svg\",\"contentUrl\":\"https:\/\/hubsch-interior.com\/wp-content\/uploads\/2022\/12\/Hubsch_logo_black_one_line.svg\",\"caption\":\"H\u00fcbsch\"},\"image\":{\"@id\":\"https:\/\/hubsch-interior.com\/de\/#\/schema\/logo\/image\/\"}}]}<\/script>\n<!-- \/ Yoast SEO plugin. -->","yoast_head_json":{"title":"Lotus H\u00e4nget\u00f6pfe Hellgrau (2er Set) - H\u00fcbsch","description":"Diese sch\u00f6nen H\u00e4nget\u00f6pfe werden im 2er-Set geliefert. Die T\u00f6pfe sind elegant und passen zu vielen verschiedenen Stilen. Sie eignen sich perfekt f\u00fcr die","robots":{"index":"index","follow":"follow","max-snippet":"max-snippet:-1","max-image-preview":"max-image-preview:large","max-video-preview":"max-video-preview:-1"},"canonical":"https:\/\/hubsch-interior.com\/de\/wp-json\/wp\/v2\/product\/19742","og_locale":"de_DE","og_type":"article","og_title":"Lotus H\u00e4nget\u00f6pfe Hellgrau (2er Set) - H\u00fcbsch","og_description":"Diese sch\u00f6nen H\u00e4nget\u00f6pfe werden im 2er-Set geliefert. Die T\u00f6pfe sind elegant und passen zu vielen verschiedenen Stilen. Sie eignen sich perfekt f\u00fcr die","og_url":"https:\/\/hubsch-interior.com\/de\/produkt\/lotus-hangetopfe-hellgrau-2er-set\/","og_site_name":"H\u00fcbsch","article_modified_time":"2026-04-09T03:01:17+00:00","og_image":[{"width":1200,"height":1200,"url":"https:\/\/hubsch-interior.com\/wp-content\/uploads\/2025\/05\/lotus-hanging-pots-light-grey-set-of-2-3d5e044e21cb1e666396f9a71413c341.jpg","type":"image\/jpeg"}],"twitter_card":"summary_large_image","schema":{"@context":"https:\/\/schema.org","@graph":[{"@type":"WebPage","@id":"https:\/\/hubsch-interior.com\/de\/produkt\/lotus-hangetopfe-hellgrau-2er-set\/","url":"https:\/\/hubsch-interior.com\/de\/produkt\/lotus-hangetopfe-hellgrau-2er-set\/","name":"Lotus H\u00e4nget\u00f6pfe Hellgrau (2er Set) - H\u00fcbsch","isPartOf":{"@id":"https:\/\/hubsch-interior.com\/de\/#website"},"primaryImageOfPage":{"@id":"https:\/\/hubsch-interior.com\/de\/produkt\/lotus-hangetopfe-hellgrau-2er-set\/#primaryimage"},"image":{"@id":"https:\/\/hubsch-interior.com\/de\/produkt\/lotus-hangetopfe-hellgrau-2er-set\/#primaryimage"},"thumbnailUrl":"https:\/\/hubsch-interior.com\/wp-content\/uploads\/2026\/02\/lotus-hanging-pots-light-grey-set-of-2-aec98d23cc7b1e3343176f4919fb617f.jpg","datePublished":"2020-09-09T21:29:31+00:00","dateModified":"2026-04-09T03:01:17+00:00","description":"Diese sch\u00f6nen H\u00e4nget\u00f6pfe werden im 2er-Set geliefert. Die T\u00f6pfe sind elegant und passen zu vielen verschiedenen Stilen. Sie eignen sich perfekt f\u00fcr die","breadcrumb":{"@id":"https:\/\/hubsch-interior.com\/de\/produkt\/lotus-hangetopfe-hellgrau-2er-set\/#breadcrumb"},"inLanguage":"de","potentialAction":[{"@type":"ReadAction","target":["https:\/\/hubsch-interior.com\/de\/produkt\/lotus-hangetopfe-hellgrau-2er-set\/"]}]},{"@type":"ImageObject","inLanguage":"de","@id":"https:\/\/hubsch-interior.com\/de\/produkt\/lotus-hangetopfe-hellgrau-2er-set\/#primaryimage","url":"https:\/\/hubsch-interior.com\/wp-content\/uploads\/2026\/02\/lotus-hanging-pots-light-grey-set-of-2-aec98d23cc7b1e3343176f4919fb617f.jpg","contentUrl":"https:\/\/hubsch-interior.com\/wp-content\/uploads\/2026\/02\/lotus-hanging-pots-light-grey-set-of-2-aec98d23cc7b1e3343176f4919fb617f.jpg","width":1024,"height":1024},{"@type":"BreadcrumbList","@id":"https:\/\/hubsch-interior.com\/de\/produkt\/lotus-hangetopfe-hellgrau-2er-set\/#breadcrumb","itemListElement":[{"@type":"ListItem","position":1,"name":"Startseite","item":"https:\/\/hubsch-interior.com\/de\/"},{"@type":"ListItem","position":2,"name":"Produkte","item":"https:\/\/hubsch-interior.com\/de\/shop-2\/"},{"@type":"ListItem","position":3,"name":"Wohnaccessoires","item":"https:\/\/hubsch-interior.com\/de\/produkt-kategorie\/wohnaccessoires\/"},{"@type":"ListItem","position":4,"name":"T&ouml;pfe &amp; Gie&szlig;kannen","item":"https:\/\/hubsch-interior.com\/de\/produkt-kategorie\/wohnaccessoires\/toepfe-giesskannen-de\/"},{"@type":"ListItem","position":5,"name":"H&auml;nget&ouml;pfe","item":"https:\/\/hubsch-interior.com\/de\/produkt-kategorie\/wohnaccessoires\/toepfe-giesskannen-de\/haengetoepfe-de\/"},{"@type":"ListItem","position":6,"name":"Lotus H\u00e4nget\u00f6pfe Hellgrau (2er Set)"}]},{"@type":"WebSite","@id":"https:\/\/hubsch-interior.com\/de\/#website","url":"https:\/\/hubsch-interior.com\/de\/","name":"H\u00fcbsch","description":"Danish Home Interior and Design","publisher":{"@id":"https:\/\/hubsch-interior.com\/de\/#organization"},"potentialAction":[{"@type":"SearchAction","target":{"@type":"EntryPoint","urlTemplate":"https:\/\/hubsch-interior.com\/de\/?s={search_term_string}"},"query-input":{"@type":"PropertyValueSpecification","valueRequired":true,"valueName":"search_term_string"}}],"inLanguage":"de"},{"@type":"Organization","@id":"https:\/\/hubsch-interior.com\/de\/#organization","name":"H\u00fcbsch","url":"https:\/\/hubsch-interior.com\/de\/","logo":{"@type":"ImageObject","inLanguage":"de","@id":"https:\/\/hubsch-interior.com\/de\/#\/schema\/logo\/image\/","url":"https:\/\/hubsch-interior.com\/wp-content\/uploads\/2022\/12\/Hubsch_logo_black_one_line.svg","contentUrl":"https:\/\/hubsch-interior.com\/wp-content\/uploads\/2022\/12\/Hubsch_logo_black_one_line.svg","caption":"H\u00fcbsch"},"image":{"@id":"https:\/\/hubsch-interior.com\/de\/#\/schema\/logo\/image\/"}}]}},"_links":{"self":[{"href":"https:\/\/hubsch-interior.com\/de\/wp-json\/wp\/v2\/product\/19742","targetHints":{"allow":["GET"]}}],"collection":[{"href":"https:\/\/hubsch-interior.com\/de\/wp-json\/wp\/v2\/product"}],"about":[{"href":"https:\/\/hubsch-interior.com\/de\/wp-json\/wp\/v2\/types\/product"}],"wp:featuredmedia":[{"embeddable":true,"href":"https:\/\/hubsch-interior.com\/de\/wp-json\/wp\/v2\/media\/1106066"}],"wp:attachment":[{"href":"https:\/\/hubsch-interior.com\/de\/wp-json\/wp\/v2\/media?parent=19742"}],"wp:term":[{"taxonomy":"product_brand","embeddable":true,"href":"https:\/\/hubsch-interior.com\/de\/wp-json\/wp\/v2\/product_brand?post=19742"},{"taxonomy":"product_cat","embeddable":true,"href":"https:\/\/hubsch-interior.com\/de\/wp-json\/wp\/v2\/product_cat?post=19742"},{"taxonomy":"product_tag","embeddable":true,"href":"https:\/\/hubsch-interior.com\/de\/wp-json\/wp\/v2\/product_tag?post=19742"}],"curies":[{"name":"wp","href":"https:\/\/api.w.org\/{rel}","templated":true}]}}