{"id":19998,"date":"2020-09-09T23:29:55","date_gmt":"2020-09-09T21:29:55","guid":{"rendered":"https:\/\/hubsch-interior.com\/vare\/product\/"},"modified":"2026-04-09T05:11:33","modified_gmt":"2026-04-09T03:11:33","slug":"reflect-hangelampe-o25-grau","status":"publish","type":"product","link":"https:\/\/hubsch-interior.com\/de\/produkt\/reflect-hangelampe-o25-grau\/","title":{"rendered":"Reflect H\u00e4ngelampe \u00d825 Grau"},"content":{"rendered":"<p>Die Lampe besteht aus Messing und reflektierendem Glas. Das reflektierende Glas verleiht der Lampe eine einzigartige M\u00f6glichkeit, sich in die Umgebung einzuf\u00fcgen, sodass jeder Raum etwas ger\u00e4umiger wirkt. Die Lampe kann im Flur oder \u00fcber dem Esstisch h\u00e4ngen. Dieses Produkt ist handgefertigt und kann daher variieren.<\/p>\n","protected":false},"excerpt":{"rendered":"<p>Die Lampe besteht aus Messing und reflektierendem Glas. Das reflektierende Glas verleiht der Lampe eine einzigartige M\u00f6glichkeit, sich in die Umgebung einzuf\u00fcgen, sodass jeder Raum etwas ger\u00e4umiger wirkt. Die Lampe kann im Flur oder \u00fcber dem Esstisch h\u00e4ngen. Dieses Produkt ist handgefertigt und kann daher variieren.<\/p>\n","protected":false},"featured_media":1108606,"template":"","meta":{"_acf_changed":false,"inline_featured_image":false},"product_brand":[],"product_cat":[3809,4148],"product_tag":[],"class_list":{"0":"post-19998","1":"product","2":"type-product","3":"status-publish","4":"has-post-thumbnail","6":"product_cat-beleuchtung","7":"product_cat-haengelampen-de","8":"product_shipping_class-pk","10":"pa_color-grau-2","11":"pa_material-eisen-de","12":"pa_material-glas-de","14":"first","15":"instock","16":"taxable","17":"shipping-taxable","18":"purchasable","19":"product-type-simple"},"exclude_global_add_ons":[],"addons":[],"acf":[],"yoast_head":"<!-- This site is optimized with the Yoast SEO plugin v26.4 - https:\/\/yoast.com\/wordpress\/plugins\/seo\/ -->\n<title>Reflect H\u00e4ngelampe \u00d825 Grau - H\u00fcbsch<\/title>\n<meta name=\"description\" content=\"Die Lampe besteht aus Messing und reflektierendem Glas. Das reflektierende Glas verleiht der Lampe eine einzigartige M\u00f6glichkeit, sich in die Umgebung\" \/>\n<meta name=\"robots\" content=\"index, follow, max-snippet:-1, max-image-preview:large, max-video-preview:-1\" \/>\n<link rel=\"canonical\" href=\"https:\/\/hubsch-interior.com\/de\/wp-json\/wp\/v2\/product\/19998\" \/>\n<meta property=\"og:locale\" content=\"de_DE\" \/>\n<meta property=\"og:type\" content=\"article\" \/>\n<meta property=\"og:title\" content=\"Reflect H\u00e4ngelampe \u00d825 Grau - H\u00fcbsch\" \/>\n<meta property=\"og:description\" content=\"Die Lampe besteht aus Messing und reflektierendem Glas. Das reflektierende Glas verleiht der Lampe eine einzigartige M\u00f6glichkeit, sich in die Umgebung\" \/>\n<meta property=\"og:url\" content=\"https:\/\/hubsch-interior.com\/de\/produkt\/reflect-hangelampe-o25-grau\/\" \/>\n<meta property=\"og:site_name\" content=\"H\u00fcbsch\" \/>\n<meta property=\"article:modified_time\" content=\"2026-04-09T03:11:33+00:00\" \/>\n<meta property=\"og:image\" content=\"https:\/\/hubsch-interior.com\/wp-content\/uploads\/2025\/05\/reflect-pendant-O25-grey-926805e646a665b43b1deb3e96f161e6.jpg\" \/>\n\t<meta property=\"og:image:width\" content=\"1200\" \/>\n\t<meta property=\"og:image:height\" content=\"1200\" \/>\n\t<meta property=\"og:image:type\" content=\"image\/jpeg\" \/>\n<meta name=\"twitter:card\" content=\"summary_large_image\" \/>\n<script type=\"application\/ld+json\" class=\"yoast-schema-graph\">{\"@context\":\"https:\/\/schema.org\",\"@graph\":[{\"@type\":\"WebPage\",\"@id\":\"https:\/\/hubsch-interior.com\/de\/produkt\/reflect-hangelampe-o25-grau\/\",\"url\":\"https:\/\/hubsch-interior.com\/de\/produkt\/reflect-hangelampe-o25-grau\/\",\"name\":\"Reflect H\u00e4ngelampe \u00d825 Grau - H\u00fcbsch\",\"isPartOf\":{\"@id\":\"https:\/\/hubsch-interior.com\/de\/#website\"},\"primaryImageOfPage\":{\"@id\":\"https:\/\/hubsch-interior.com\/de\/produkt\/reflect-hangelampe-o25-grau\/#primaryimage\"},\"image\":{\"@id\":\"https:\/\/hubsch-interior.com\/de\/produkt\/reflect-hangelampe-o25-grau\/#primaryimage\"},\"thumbnailUrl\":\"https:\/\/hubsch-interior.com\/wp-content\/uploads\/2026\/02\/reflect-pendant-O25-grey-37421e1b160e0f808f325610d8fbdd00.jpg\",\"datePublished\":\"2020-09-09T21:29:55+00:00\",\"dateModified\":\"2026-04-09T03:11:33+00:00\",\"description\":\"Die Lampe besteht aus Messing und reflektierendem Glas. Das reflektierende Glas verleiht der Lampe eine einzigartige M\u00f6glichkeit, sich in die Umgebung\",\"breadcrumb\":{\"@id\":\"https:\/\/hubsch-interior.com\/de\/produkt\/reflect-hangelampe-o25-grau\/#breadcrumb\"},\"inLanguage\":\"de\",\"potentialAction\":[{\"@type\":\"ReadAction\",\"target\":[\"https:\/\/hubsch-interior.com\/de\/produkt\/reflect-hangelampe-o25-grau\/\"]}]},{\"@type\":\"ImageObject\",\"inLanguage\":\"de\",\"@id\":\"https:\/\/hubsch-interior.com\/de\/produkt\/reflect-hangelampe-o25-grau\/#primaryimage\",\"url\":\"https:\/\/hubsch-interior.com\/wp-content\/uploads\/2026\/02\/reflect-pendant-O25-grey-37421e1b160e0f808f325610d8fbdd00.jpg\",\"contentUrl\":\"https:\/\/hubsch-interior.com\/wp-content\/uploads\/2026\/02\/reflect-pendant-O25-grey-37421e1b160e0f808f325610d8fbdd00.jpg\",\"width\":1024,\"height\":1024},{\"@type\":\"BreadcrumbList\",\"@id\":\"https:\/\/hubsch-interior.com\/de\/produkt\/reflect-hangelampe-o25-grau\/#breadcrumb\",\"itemListElement\":[{\"@type\":\"ListItem\",\"position\":1,\"name\":\"Startseite\",\"item\":\"https:\/\/hubsch-interior.com\/de\/\"},{\"@type\":\"ListItem\",\"position\":2,\"name\":\"Produkte\",\"item\":\"https:\/\/hubsch-interior.com\/de\/shop-2\/\"},{\"@type\":\"ListItem\",\"position\":3,\"name\":\"Beleuchtung\",\"item\":\"https:\/\/hubsch-interior.com\/de\/produkt-kategorie\/beleuchtung\/\"},{\"@type\":\"ListItem\",\"position\":4,\"name\":\"H&auml;ngelampen\",\"item\":\"https:\/\/hubsch-interior.com\/de\/produkt-kategorie\/beleuchtung\/haengelampen-de\/\"},{\"@type\":\"ListItem\",\"position\":5,\"name\":\"Reflect H\u00e4ngelampe \u00d825 Grau\"}]},{\"@type\":\"WebSite\",\"@id\":\"https:\/\/hubsch-interior.com\/de\/#website\",\"url\":\"https:\/\/hubsch-interior.com\/de\/\",\"name\":\"H\u00fcbsch\",\"description\":\"Danish Home Interior and Design\",\"publisher\":{\"@id\":\"https:\/\/hubsch-interior.com\/de\/#organization\"},\"potentialAction\":[{\"@type\":\"SearchAction\",\"target\":{\"@type\":\"EntryPoint\",\"urlTemplate\":\"https:\/\/hubsch-interior.com\/de\/?s={search_term_string}\"},\"query-input\":{\"@type\":\"PropertyValueSpecification\",\"valueRequired\":true,\"valueName\":\"search_term_string\"}}],\"inLanguage\":\"de\"},{\"@type\":\"Organization\",\"@id\":\"https:\/\/hubsch-interior.com\/de\/#organization\",\"name\":\"H\u00fcbsch\",\"url\":\"https:\/\/hubsch-interior.com\/de\/\",\"logo\":{\"@type\":\"ImageObject\",\"inLanguage\":\"de\",\"@id\":\"https:\/\/hubsch-interior.com\/de\/#\/schema\/logo\/image\/\",\"url\":\"https:\/\/hubsch-interior.com\/wp-content\/uploads\/2022\/12\/Hubsch_logo_black_one_line.svg\",\"contentUrl\":\"https:\/\/hubsch-interior.com\/wp-content\/uploads\/2022\/12\/Hubsch_logo_black_one_line.svg\",\"caption\":\"H\u00fcbsch\"},\"image\":{\"@id\":\"https:\/\/hubsch-interior.com\/de\/#\/schema\/logo\/image\/\"}}]}<\/script>\n<!-- \/ Yoast SEO plugin. -->","yoast_head_json":{"title":"Reflect H\u00e4ngelampe \u00d825 Grau - H\u00fcbsch","description":"Die Lampe besteht aus Messing und reflektierendem Glas. Das reflektierende Glas verleiht der Lampe eine einzigartige M\u00f6glichkeit, sich in die Umgebung","robots":{"index":"index","follow":"follow","max-snippet":"max-snippet:-1","max-image-preview":"max-image-preview:large","max-video-preview":"max-video-preview:-1"},"canonical":"https:\/\/hubsch-interior.com\/de\/wp-json\/wp\/v2\/product\/19998","og_locale":"de_DE","og_type":"article","og_title":"Reflect H\u00e4ngelampe \u00d825 Grau - H\u00fcbsch","og_description":"Die Lampe besteht aus Messing und reflektierendem Glas. Das reflektierende Glas verleiht der Lampe eine einzigartige M\u00f6glichkeit, sich in die Umgebung","og_url":"https:\/\/hubsch-interior.com\/de\/produkt\/reflect-hangelampe-o25-grau\/","og_site_name":"H\u00fcbsch","article_modified_time":"2026-04-09T03:11:33+00:00","og_image":[{"width":1200,"height":1200,"url":"https:\/\/hubsch-interior.com\/wp-content\/uploads\/2025\/05\/reflect-pendant-O25-grey-926805e646a665b43b1deb3e96f161e6.jpg","type":"image\/jpeg"}],"twitter_card":"summary_large_image","schema":{"@context":"https:\/\/schema.org","@graph":[{"@type":"WebPage","@id":"https:\/\/hubsch-interior.com\/de\/produkt\/reflect-hangelampe-o25-grau\/","url":"https:\/\/hubsch-interior.com\/de\/produkt\/reflect-hangelampe-o25-grau\/","name":"Reflect H\u00e4ngelampe \u00d825 Grau - H\u00fcbsch","isPartOf":{"@id":"https:\/\/hubsch-interior.com\/de\/#website"},"primaryImageOfPage":{"@id":"https:\/\/hubsch-interior.com\/de\/produkt\/reflect-hangelampe-o25-grau\/#primaryimage"},"image":{"@id":"https:\/\/hubsch-interior.com\/de\/produkt\/reflect-hangelampe-o25-grau\/#primaryimage"},"thumbnailUrl":"https:\/\/hubsch-interior.com\/wp-content\/uploads\/2026\/02\/reflect-pendant-O25-grey-37421e1b160e0f808f325610d8fbdd00.jpg","datePublished":"2020-09-09T21:29:55+00:00","dateModified":"2026-04-09T03:11:33+00:00","description":"Die Lampe besteht aus Messing und reflektierendem Glas. Das reflektierende Glas verleiht der Lampe eine einzigartige M\u00f6glichkeit, sich in die Umgebung","breadcrumb":{"@id":"https:\/\/hubsch-interior.com\/de\/produkt\/reflect-hangelampe-o25-grau\/#breadcrumb"},"inLanguage":"de","potentialAction":[{"@type":"ReadAction","target":["https:\/\/hubsch-interior.com\/de\/produkt\/reflect-hangelampe-o25-grau\/"]}]},{"@type":"ImageObject","inLanguage":"de","@id":"https:\/\/hubsch-interior.com\/de\/produkt\/reflect-hangelampe-o25-grau\/#primaryimage","url":"https:\/\/hubsch-interior.com\/wp-content\/uploads\/2026\/02\/reflect-pendant-O25-grey-37421e1b160e0f808f325610d8fbdd00.jpg","contentUrl":"https:\/\/hubsch-interior.com\/wp-content\/uploads\/2026\/02\/reflect-pendant-O25-grey-37421e1b160e0f808f325610d8fbdd00.jpg","width":1024,"height":1024},{"@type":"BreadcrumbList","@id":"https:\/\/hubsch-interior.com\/de\/produkt\/reflect-hangelampe-o25-grau\/#breadcrumb","itemListElement":[{"@type":"ListItem","position":1,"name":"Startseite","item":"https:\/\/hubsch-interior.com\/de\/"},{"@type":"ListItem","position":2,"name":"Produkte","item":"https:\/\/hubsch-interior.com\/de\/shop-2\/"},{"@type":"ListItem","position":3,"name":"Beleuchtung","item":"https:\/\/hubsch-interior.com\/de\/produkt-kategorie\/beleuchtung\/"},{"@type":"ListItem","position":4,"name":"H&auml;ngelampen","item":"https:\/\/hubsch-interior.com\/de\/produkt-kategorie\/beleuchtung\/haengelampen-de\/"},{"@type":"ListItem","position":5,"name":"Reflect H\u00e4ngelampe \u00d825 Grau"}]},{"@type":"WebSite","@id":"https:\/\/hubsch-interior.com\/de\/#website","url":"https:\/\/hubsch-interior.com\/de\/","name":"H\u00fcbsch","description":"Danish Home Interior and Design","publisher":{"@id":"https:\/\/hubsch-interior.com\/de\/#organization"},"potentialAction":[{"@type":"SearchAction","target":{"@type":"EntryPoint","urlTemplate":"https:\/\/hubsch-interior.com\/de\/?s={search_term_string}"},"query-input":{"@type":"PropertyValueSpecification","valueRequired":true,"valueName":"search_term_string"}}],"inLanguage":"de"},{"@type":"Organization","@id":"https:\/\/hubsch-interior.com\/de\/#organization","name":"H\u00fcbsch","url":"https:\/\/hubsch-interior.com\/de\/","logo":{"@type":"ImageObject","inLanguage":"de","@id":"https:\/\/hubsch-interior.com\/de\/#\/schema\/logo\/image\/","url":"https:\/\/hubsch-interior.com\/wp-content\/uploads\/2022\/12\/Hubsch_logo_black_one_line.svg","contentUrl":"https:\/\/hubsch-interior.com\/wp-content\/uploads\/2022\/12\/Hubsch_logo_black_one_line.svg","caption":"H\u00fcbsch"},"image":{"@id":"https:\/\/hubsch-interior.com\/de\/#\/schema\/logo\/image\/"}}]}},"_links":{"self":[{"href":"https:\/\/hubsch-interior.com\/de\/wp-json\/wp\/v2\/product\/19998","targetHints":{"allow":["GET"]}}],"collection":[{"href":"https:\/\/hubsch-interior.com\/de\/wp-json\/wp\/v2\/product"}],"about":[{"href":"https:\/\/hubsch-interior.com\/de\/wp-json\/wp\/v2\/types\/product"}],"wp:featuredmedia":[{"embeddable":true,"href":"https:\/\/hubsch-interior.com\/de\/wp-json\/wp\/v2\/media\/1108606"}],"wp:attachment":[{"href":"https:\/\/hubsch-interior.com\/de\/wp-json\/wp\/v2\/media?parent=19998"}],"wp:term":[{"taxonomy":"product_brand","embeddable":true,"href":"https:\/\/hubsch-interior.com\/de\/wp-json\/wp\/v2\/product_brand?post=19998"},{"taxonomy":"product_cat","embeddable":true,"href":"https:\/\/hubsch-interior.com\/de\/wp-json\/wp\/v2\/product_cat?post=19998"},{"taxonomy":"product_tag","embeddable":true,"href":"https:\/\/hubsch-interior.com\/de\/wp-json\/wp\/v2\/product_tag?post=19998"}],"curies":[{"name":"wp","href":"https:\/\/api.w.org\/{rel}","templated":true}]}}