{"id":20782,"date":"2020-09-09T23:31:04","date_gmt":"2020-09-09T21:31:04","guid":{"rendered":"https:\/\/hubsch-interior.com\/vare\/product\/"},"modified":"2026-04-09T05:13:02","modified_gmt":"2026-04-09T03:13:02","slug":"balance-tischlampe-messingfarben","status":"publish","type":"product","link":"https:\/\/hubsch-interior.com\/de\/produkt\/balance-tischlampe-messingfarben\/","title":{"rendered":"Balance Tischlampe Messingfarben"},"content":{"rendered":"<p>Die Tischleuchte kombiniert Messing und Opal auf minimalistische und moderne Weise. Die goldene Farbe sorgt f\u00fcr einen schicken Look, w\u00e4hrend die Gl\u00fchbirne aus Opalglas eine moderne Note verleiht. Geeignet f\u00fcr Ihren Schreibtisch, Nachttisch und vieles mehr.<\/p>\n","protected":false},"excerpt":{"rendered":"<p>Die Tischleuchte kombiniert Messing und Opal auf minimalistische und moderne Weise. Die goldene Farbe sorgt f\u00fcr einen schicken Look, w\u00e4hrend die Gl\u00fchbirne aus Opalglas eine moderne Note verleiht. Geeignet f\u00fcr Ihren Schreibtisch, Nachttisch und vieles mehr.<\/p>\n","protected":false},"featured_media":1112832,"template":"","meta":{"_acf_changed":false,"inline_featured_image":false},"product_brand":[],"product_cat":[3809,3501,5027],"product_tag":[],"class_list":{"0":"post-20782","1":"product","2":"type-product","3":"status-publish","4":"has-post-thumbnail","6":"product_cat-beleuchtung","7":"product_cat-tischlampen-de","8":"product_cat-bestsellers-de","9":"product_shipping_class-pk","11":"pa_color-messingfarben","12":"pa_material-eisen-de","13":"pa_material-glas-de","15":"first","16":"instock","17":"featured","18":"taxable","19":"shipping-taxable","20":"purchasable","21":"product-type-simple"},"exclude_global_add_ons":[],"addons":[],"acf":[],"yoast_head":"<!-- This site is optimized with the Yoast SEO plugin v26.4 - https:\/\/yoast.com\/wordpress\/plugins\/seo\/ -->\n<title>Balance Tischlampe Messingfarben - H\u00fcbsch<\/title>\n<meta name=\"description\" content=\"Die Tischleuchte kombiniert Messing und Opal auf minimalistische und moderne Weise. Die goldene Farbe sorgt f\u00fcr einen schicken Look, w\u00e4hrend die Gl\u00fchbirne\" \/>\n<meta name=\"robots\" content=\"index, follow, max-snippet:-1, max-image-preview:large, max-video-preview:-1\" \/>\n<link rel=\"canonical\" href=\"https:\/\/hubsch-interior.com\/de\/wp-json\/wp\/v2\/product\/20782\" \/>\n<meta property=\"og:locale\" content=\"de_DE\" \/>\n<meta property=\"og:type\" content=\"article\" \/>\n<meta property=\"og:title\" content=\"Balance Tischlampe Messingfarben - H\u00fcbsch\" \/>\n<meta property=\"og:description\" content=\"Die Tischleuchte kombiniert Messing und Opal auf minimalistische und moderne Weise. Die goldene Farbe sorgt f\u00fcr einen schicken Look, w\u00e4hrend die Gl\u00fchbirne\" \/>\n<meta property=\"og:url\" content=\"https:\/\/hubsch-interior.com\/de\/produkt\/balance-tischlampe-messingfarben\/\" \/>\n<meta property=\"og:site_name\" content=\"H\u00fcbsch\" \/>\n<meta property=\"article:modified_time\" content=\"2026-04-09T03:13:02+00:00\" \/>\n<meta property=\"og:image\" content=\"https:\/\/hubsch-interior.com\/wp-content\/uploads\/2024\/03\/balance-table-lamp-brass-8ee0bc6614fce1d47e3eb7152f2a1f7f.jpg\" \/>\n\t<meta property=\"og:image:width\" content=\"1200\" \/>\n\t<meta property=\"og:image:height\" content=\"1200\" \/>\n\t<meta property=\"og:image:type\" content=\"image\/jpeg\" \/>\n<meta name=\"twitter:card\" content=\"summary_large_image\" \/>\n<script type=\"application\/ld+json\" class=\"yoast-schema-graph\">{\"@context\":\"https:\/\/schema.org\",\"@graph\":[{\"@type\":\"WebPage\",\"@id\":\"https:\/\/hubsch-interior.com\/de\/produkt\/balance-tischlampe-messingfarben\/\",\"url\":\"https:\/\/hubsch-interior.com\/de\/produkt\/balance-tischlampe-messingfarben\/\",\"name\":\"Balance Tischlampe Messingfarben - H\u00fcbsch\",\"isPartOf\":{\"@id\":\"https:\/\/hubsch-interior.com\/de\/#website\"},\"primaryImageOfPage\":{\"@id\":\"https:\/\/hubsch-interior.com\/de\/produkt\/balance-tischlampe-messingfarben\/#primaryimage\"},\"image\":{\"@id\":\"https:\/\/hubsch-interior.com\/de\/produkt\/balance-tischlampe-messingfarben\/#primaryimage\"},\"thumbnailUrl\":\"https:\/\/hubsch-interior.com\/wp-content\/uploads\/2026\/02\/balance-table-lamp-brass-36f231d8fadac001f97cd6447d8d7371.jpg\",\"datePublished\":\"2020-09-09T21:31:04+00:00\",\"dateModified\":\"2026-04-09T03:13:02+00:00\",\"description\":\"Die Tischleuchte kombiniert Messing und Opal auf minimalistische und moderne Weise. Die goldene Farbe sorgt f\u00fcr einen schicken Look, w\u00e4hrend die Gl\u00fchbirne\",\"breadcrumb\":{\"@id\":\"https:\/\/hubsch-interior.com\/de\/produkt\/balance-tischlampe-messingfarben\/#breadcrumb\"},\"inLanguage\":\"de\",\"potentialAction\":[{\"@type\":\"ReadAction\",\"target\":[\"https:\/\/hubsch-interior.com\/de\/produkt\/balance-tischlampe-messingfarben\/\"]}]},{\"@type\":\"ImageObject\",\"inLanguage\":\"de\",\"@id\":\"https:\/\/hubsch-interior.com\/de\/produkt\/balance-tischlampe-messingfarben\/#primaryimage\",\"url\":\"https:\/\/hubsch-interior.com\/wp-content\/uploads\/2026\/02\/balance-table-lamp-brass-36f231d8fadac001f97cd6447d8d7371.jpg\",\"contentUrl\":\"https:\/\/hubsch-interior.com\/wp-content\/uploads\/2026\/02\/balance-table-lamp-brass-36f231d8fadac001f97cd6447d8d7371.jpg\",\"width\":1024,\"height\":1024},{\"@type\":\"BreadcrumbList\",\"@id\":\"https:\/\/hubsch-interior.com\/de\/produkt\/balance-tischlampe-messingfarben\/#breadcrumb\",\"itemListElement\":[{\"@type\":\"ListItem\",\"position\":1,\"name\":\"Startseite\",\"item\":\"https:\/\/hubsch-interior.com\/de\/\"},{\"@type\":\"ListItem\",\"position\":2,\"name\":\"Produkte\",\"item\":\"https:\/\/hubsch-interior.com\/de\/shop-2\/\"},{\"@type\":\"ListItem\",\"position\":3,\"name\":\"Beleuchtung\",\"item\":\"https:\/\/hubsch-interior.com\/de\/produkt-kategorie\/beleuchtung\/\"},{\"@type\":\"ListItem\",\"position\":4,\"name\":\"Tischlampen\",\"item\":\"https:\/\/hubsch-interior.com\/de\/produkt-kategorie\/beleuchtung\/tischlampen-de\/\"},{\"@type\":\"ListItem\",\"position\":5,\"name\":\"Balance Tischlampe Messingfarben\"}]},{\"@type\":\"WebSite\",\"@id\":\"https:\/\/hubsch-interior.com\/de\/#website\",\"url\":\"https:\/\/hubsch-interior.com\/de\/\",\"name\":\"H\u00fcbsch\",\"description\":\"Danish Home Interior and Design\",\"publisher\":{\"@id\":\"https:\/\/hubsch-interior.com\/de\/#organization\"},\"potentialAction\":[{\"@type\":\"SearchAction\",\"target\":{\"@type\":\"EntryPoint\",\"urlTemplate\":\"https:\/\/hubsch-interior.com\/de\/?s={search_term_string}\"},\"query-input\":{\"@type\":\"PropertyValueSpecification\",\"valueRequired\":true,\"valueName\":\"search_term_string\"}}],\"inLanguage\":\"de\"},{\"@type\":\"Organization\",\"@id\":\"https:\/\/hubsch-interior.com\/de\/#organization\",\"name\":\"H\u00fcbsch\",\"url\":\"https:\/\/hubsch-interior.com\/de\/\",\"logo\":{\"@type\":\"ImageObject\",\"inLanguage\":\"de\",\"@id\":\"https:\/\/hubsch-interior.com\/de\/#\/schema\/logo\/image\/\",\"url\":\"https:\/\/hubsch-interior.com\/wp-content\/uploads\/2022\/12\/Hubsch_logo_black_one_line.svg\",\"contentUrl\":\"https:\/\/hubsch-interior.com\/wp-content\/uploads\/2022\/12\/Hubsch_logo_black_one_line.svg\",\"caption\":\"H\u00fcbsch\"},\"image\":{\"@id\":\"https:\/\/hubsch-interior.com\/de\/#\/schema\/logo\/image\/\"}}]}<\/script>\n<!-- \/ Yoast SEO plugin. -->","yoast_head_json":{"title":"Balance Tischlampe Messingfarben - H\u00fcbsch","description":"Die Tischleuchte kombiniert Messing und Opal auf minimalistische und moderne Weise. Die goldene Farbe sorgt f\u00fcr einen schicken Look, w\u00e4hrend die Gl\u00fchbirne","robots":{"index":"index","follow":"follow","max-snippet":"max-snippet:-1","max-image-preview":"max-image-preview:large","max-video-preview":"max-video-preview:-1"},"canonical":"https:\/\/hubsch-interior.com\/de\/wp-json\/wp\/v2\/product\/20782","og_locale":"de_DE","og_type":"article","og_title":"Balance Tischlampe Messingfarben - H\u00fcbsch","og_description":"Die Tischleuchte kombiniert Messing und Opal auf minimalistische und moderne Weise. Die goldene Farbe sorgt f\u00fcr einen schicken Look, w\u00e4hrend die Gl\u00fchbirne","og_url":"https:\/\/hubsch-interior.com\/de\/produkt\/balance-tischlampe-messingfarben\/","og_site_name":"H\u00fcbsch","article_modified_time":"2026-04-09T03:13:02+00:00","og_image":[{"width":1200,"height":1200,"url":"https:\/\/hubsch-interior.com\/wp-content\/uploads\/2024\/03\/balance-table-lamp-brass-8ee0bc6614fce1d47e3eb7152f2a1f7f.jpg","type":"image\/jpeg"}],"twitter_card":"summary_large_image","schema":{"@context":"https:\/\/schema.org","@graph":[{"@type":"WebPage","@id":"https:\/\/hubsch-interior.com\/de\/produkt\/balance-tischlampe-messingfarben\/","url":"https:\/\/hubsch-interior.com\/de\/produkt\/balance-tischlampe-messingfarben\/","name":"Balance Tischlampe Messingfarben - H\u00fcbsch","isPartOf":{"@id":"https:\/\/hubsch-interior.com\/de\/#website"},"primaryImageOfPage":{"@id":"https:\/\/hubsch-interior.com\/de\/produkt\/balance-tischlampe-messingfarben\/#primaryimage"},"image":{"@id":"https:\/\/hubsch-interior.com\/de\/produkt\/balance-tischlampe-messingfarben\/#primaryimage"},"thumbnailUrl":"https:\/\/hubsch-interior.com\/wp-content\/uploads\/2026\/02\/balance-table-lamp-brass-36f231d8fadac001f97cd6447d8d7371.jpg","datePublished":"2020-09-09T21:31:04+00:00","dateModified":"2026-04-09T03:13:02+00:00","description":"Die Tischleuchte kombiniert Messing und Opal auf minimalistische und moderne Weise. Die goldene Farbe sorgt f\u00fcr einen schicken Look, w\u00e4hrend die Gl\u00fchbirne","breadcrumb":{"@id":"https:\/\/hubsch-interior.com\/de\/produkt\/balance-tischlampe-messingfarben\/#breadcrumb"},"inLanguage":"de","potentialAction":[{"@type":"ReadAction","target":["https:\/\/hubsch-interior.com\/de\/produkt\/balance-tischlampe-messingfarben\/"]}]},{"@type":"ImageObject","inLanguage":"de","@id":"https:\/\/hubsch-interior.com\/de\/produkt\/balance-tischlampe-messingfarben\/#primaryimage","url":"https:\/\/hubsch-interior.com\/wp-content\/uploads\/2026\/02\/balance-table-lamp-brass-36f231d8fadac001f97cd6447d8d7371.jpg","contentUrl":"https:\/\/hubsch-interior.com\/wp-content\/uploads\/2026\/02\/balance-table-lamp-brass-36f231d8fadac001f97cd6447d8d7371.jpg","width":1024,"height":1024},{"@type":"BreadcrumbList","@id":"https:\/\/hubsch-interior.com\/de\/produkt\/balance-tischlampe-messingfarben\/#breadcrumb","itemListElement":[{"@type":"ListItem","position":1,"name":"Startseite","item":"https:\/\/hubsch-interior.com\/de\/"},{"@type":"ListItem","position":2,"name":"Produkte","item":"https:\/\/hubsch-interior.com\/de\/shop-2\/"},{"@type":"ListItem","position":3,"name":"Beleuchtung","item":"https:\/\/hubsch-interior.com\/de\/produkt-kategorie\/beleuchtung\/"},{"@type":"ListItem","position":4,"name":"Tischlampen","item":"https:\/\/hubsch-interior.com\/de\/produkt-kategorie\/beleuchtung\/tischlampen-de\/"},{"@type":"ListItem","position":5,"name":"Balance Tischlampe Messingfarben"}]},{"@type":"WebSite","@id":"https:\/\/hubsch-interior.com\/de\/#website","url":"https:\/\/hubsch-interior.com\/de\/","name":"H\u00fcbsch","description":"Danish Home Interior and Design","publisher":{"@id":"https:\/\/hubsch-interior.com\/de\/#organization"},"potentialAction":[{"@type":"SearchAction","target":{"@type":"EntryPoint","urlTemplate":"https:\/\/hubsch-interior.com\/de\/?s={search_term_string}"},"query-input":{"@type":"PropertyValueSpecification","valueRequired":true,"valueName":"search_term_string"}}],"inLanguage":"de"},{"@type":"Organization","@id":"https:\/\/hubsch-interior.com\/de\/#organization","name":"H\u00fcbsch","url":"https:\/\/hubsch-interior.com\/de\/","logo":{"@type":"ImageObject","inLanguage":"de","@id":"https:\/\/hubsch-interior.com\/de\/#\/schema\/logo\/image\/","url":"https:\/\/hubsch-interior.com\/wp-content\/uploads\/2022\/12\/Hubsch_logo_black_one_line.svg","contentUrl":"https:\/\/hubsch-interior.com\/wp-content\/uploads\/2022\/12\/Hubsch_logo_black_one_line.svg","caption":"H\u00fcbsch"},"image":{"@id":"https:\/\/hubsch-interior.com\/de\/#\/schema\/logo\/image\/"}}]}},"_links":{"self":[{"href":"https:\/\/hubsch-interior.com\/de\/wp-json\/wp\/v2\/product\/20782","targetHints":{"allow":["GET"]}}],"collection":[{"href":"https:\/\/hubsch-interior.com\/de\/wp-json\/wp\/v2\/product"}],"about":[{"href":"https:\/\/hubsch-interior.com\/de\/wp-json\/wp\/v2\/types\/product"}],"wp:featuredmedia":[{"embeddable":true,"href":"https:\/\/hubsch-interior.com\/de\/wp-json\/wp\/v2\/media\/1112832"}],"wp:attachment":[{"href":"https:\/\/hubsch-interior.com\/de\/wp-json\/wp\/v2\/media?parent=20782"}],"wp:term":[{"taxonomy":"product_brand","embeddable":true,"href":"https:\/\/hubsch-interior.com\/de\/wp-json\/wp\/v2\/product_brand?post=20782"},{"taxonomy":"product_cat","embeddable":true,"href":"https:\/\/hubsch-interior.com\/de\/wp-json\/wp\/v2\/product_cat?post=20782"},{"taxonomy":"product_tag","embeddable":true,"href":"https:\/\/hubsch-interior.com\/de\/wp-json\/wp\/v2\/product_tag?post=20782"}],"curies":[{"name":"wp","href":"https:\/\/api.w.org\/{rel}","templated":true}]}}