{"id":21014,"date":"2020-09-09T23:31:24","date_gmt":"2020-09-09T21:31:24","guid":{"rendered":"https:\/\/hubsch-interior.com\/vare\/product\/"},"modified":"2026-04-09T05:13:39","modified_gmt":"2026-04-09T03:13:39","slug":"pipe-handtuchhalter-messingfarben","status":"publish","type":"product","link":"https:\/\/hubsch-interior.com\/de\/produkt\/pipe-handtuchhalter-messingfarben\/","title":{"rendered":"Pipe Handtuchhalter Messingfarben"},"content":{"rendered":"<p>Der Handtuchhalter aus Metall ist eine elegante Erg\u00e4nzung f\u00fcr Ihr Badezimmer. Das goldene Metall verleiht einen edlen Look und die zwei Stangen sorgen f\u00fcr maximale Funktionalit\u00e4t des Handtuchhalters.<\/p>\n","protected":false},"excerpt":{"rendered":"<p>Der Handtuchhalter aus Metall ist eine elegante Erg\u00e4nzung f\u00fcr Ihr Badezimmer. Das goldene Metall verleiht einen edlen Look und die zwei Stangen sorgen f\u00fcr maximale Funktionalit\u00e4t des Handtuchhalters.<\/p>\n","protected":false},"featured_media":1109100,"template":"","meta":{"_acf_changed":false,"inline_featured_image":false},"product_brand":[],"product_cat":[7067,7073,4043,4044],"product_tag":[],"class_list":{"0":"post-21014","1":"product","2":"type-product","3":"status-publish","4":"has-post-thumbnail","6":"product_cat-kuchen-haken-de","7":"product_cat-haken-regale-de","8":"product_cat-haken-und-hakenleisten-de","9":"product_cat-hakenleisten-de","10":"product_shipping_class-pk","12":"pa_color-messingfarben","13":"pa_material-eisen-de","15":"first","16":"instock","17":"taxable","18":"shipping-taxable","19":"purchasable","20":"product-type-simple"},"exclude_global_add_ons":[],"addons":[],"acf":[],"yoast_head":"<!-- This site is optimized with the Yoast SEO plugin v26.4 - https:\/\/yoast.com\/wordpress\/plugins\/seo\/ -->\n<title>Pipe Handtuchhalter Messingfarben - H\u00fcbsch<\/title>\n<meta name=\"description\" content=\"Der Handtuchhalter aus Metall ist eine elegante Erg\u00e4nzung f\u00fcr Ihr Badezimmer. Das goldene Metall verleiht einen edlen Look und die zwei Stangen sorgen f\u00fcr\" \/>\n<meta name=\"robots\" content=\"index, follow, max-snippet:-1, max-image-preview:large, max-video-preview:-1\" \/>\n<link rel=\"canonical\" href=\"https:\/\/hubsch-interior.com\/de\/wp-json\/wp\/v2\/product\/21014\" \/>\n<meta property=\"og:locale\" content=\"de_DE\" \/>\n<meta property=\"og:type\" content=\"article\" \/>\n<meta property=\"og:title\" content=\"Pipe Handtuchhalter Messingfarben - H\u00fcbsch\" \/>\n<meta property=\"og:description\" content=\"Der Handtuchhalter aus Metall ist eine elegante Erg\u00e4nzung f\u00fcr Ihr Badezimmer. Das goldene Metall verleiht einen edlen Look und die zwei Stangen sorgen f\u00fcr\" \/>\n<meta property=\"og:url\" content=\"https:\/\/hubsch-interior.com\/de\/produkt\/pipe-handtuchhalter-messingfarben\/\" \/>\n<meta property=\"og:site_name\" content=\"H\u00fcbsch\" \/>\n<meta property=\"article:modified_time\" content=\"2026-04-09T03:13:39+00:00\" \/>\n<meta property=\"og:image\" content=\"https:\/\/hubsch-interior.com\/wp-content\/uploads\/2024\/01\/pipe-towel-holder-brass-2b779322be7a6e952f0c0499e1e5ac41.jpg\" \/>\n\t<meta property=\"og:image:width\" content=\"1200\" \/>\n\t<meta property=\"og:image:height\" content=\"1200\" \/>\n\t<meta property=\"og:image:type\" content=\"image\/jpeg\" \/>\n<meta name=\"twitter:card\" content=\"summary_large_image\" \/>\n<script type=\"application\/ld+json\" class=\"yoast-schema-graph\">{\"@context\":\"https:\/\/schema.org\",\"@graph\":[{\"@type\":\"WebPage\",\"@id\":\"https:\/\/hubsch-interior.com\/de\/produkt\/pipe-handtuchhalter-messingfarben\/\",\"url\":\"https:\/\/hubsch-interior.com\/de\/produkt\/pipe-handtuchhalter-messingfarben\/\",\"name\":\"Pipe Handtuchhalter Messingfarben - H\u00fcbsch\",\"isPartOf\":{\"@id\":\"https:\/\/hubsch-interior.com\/de\/#website\"},\"primaryImageOfPage\":{\"@id\":\"https:\/\/hubsch-interior.com\/de\/produkt\/pipe-handtuchhalter-messingfarben\/#primaryimage\"},\"image\":{\"@id\":\"https:\/\/hubsch-interior.com\/de\/produkt\/pipe-handtuchhalter-messingfarben\/#primaryimage\"},\"thumbnailUrl\":\"https:\/\/hubsch-interior.com\/wp-content\/uploads\/2026\/02\/pipe-towel-holder-brass-e459e86002bdde007afc2b3a304a214c.jpg\",\"datePublished\":\"2020-09-09T21:31:24+00:00\",\"dateModified\":\"2026-04-09T03:13:39+00:00\",\"description\":\"Der Handtuchhalter aus Metall ist eine elegante Erg\u00e4nzung f\u00fcr Ihr Badezimmer. Das goldene Metall verleiht einen edlen Look und die zwei Stangen sorgen f\u00fcr\",\"breadcrumb\":{\"@id\":\"https:\/\/hubsch-interior.com\/de\/produkt\/pipe-handtuchhalter-messingfarben\/#breadcrumb\"},\"inLanguage\":\"de\",\"potentialAction\":[{\"@type\":\"ReadAction\",\"target\":[\"https:\/\/hubsch-interior.com\/de\/produkt\/pipe-handtuchhalter-messingfarben\/\"]}]},{\"@type\":\"ImageObject\",\"inLanguage\":\"de\",\"@id\":\"https:\/\/hubsch-interior.com\/de\/produkt\/pipe-handtuchhalter-messingfarben\/#primaryimage\",\"url\":\"https:\/\/hubsch-interior.com\/wp-content\/uploads\/2026\/02\/pipe-towel-holder-brass-e459e86002bdde007afc2b3a304a214c.jpg\",\"contentUrl\":\"https:\/\/hubsch-interior.com\/wp-content\/uploads\/2026\/02\/pipe-towel-holder-brass-e459e86002bdde007afc2b3a304a214c.jpg\",\"width\":1024,\"height\":1024},{\"@type\":\"BreadcrumbList\",\"@id\":\"https:\/\/hubsch-interior.com\/de\/produkt\/pipe-handtuchhalter-messingfarben\/#breadcrumb\",\"itemListElement\":[{\"@type\":\"ListItem\",\"position\":1,\"name\":\"Startseite\",\"item\":\"https:\/\/hubsch-interior.com\/de\/\"},{\"@type\":\"ListItem\",\"position\":2,\"name\":\"Produkte\",\"item\":\"https:\/\/hubsch-interior.com\/de\/shop-2\/\"},{\"@type\":\"ListItem\",\"position\":3,\"name\":\"Wohnaccessoires\",\"item\":\"https:\/\/hubsch-interior.com\/de\/produkt-kategorie\/wohnaccessoires\/\"},{\"@type\":\"ListItem\",\"position\":4,\"name\":\"Haken und Hakenleisten\",\"item\":\"https:\/\/hubsch-interior.com\/de\/produkt-kategorie\/wohnaccessoires\/haken-und-hakenleisten-de\/\"},{\"@type\":\"ListItem\",\"position\":5,\"name\":\"Hakenleisten\",\"item\":\"https:\/\/hubsch-interior.com\/de\/produkt-kategorie\/wohnaccessoires\/haken-und-hakenleisten-de\/hakenleisten-de\/\"},{\"@type\":\"ListItem\",\"position\":6,\"name\":\"Pipe Handtuchhalter Messingfarben\"}]},{\"@type\":\"WebSite\",\"@id\":\"https:\/\/hubsch-interior.com\/de\/#website\",\"url\":\"https:\/\/hubsch-interior.com\/de\/\",\"name\":\"H\u00fcbsch\",\"description\":\"Danish Home Interior and Design\",\"publisher\":{\"@id\":\"https:\/\/hubsch-interior.com\/de\/#organization\"},\"potentialAction\":[{\"@type\":\"SearchAction\",\"target\":{\"@type\":\"EntryPoint\",\"urlTemplate\":\"https:\/\/hubsch-interior.com\/de\/?s={search_term_string}\"},\"query-input\":{\"@type\":\"PropertyValueSpecification\",\"valueRequired\":true,\"valueName\":\"search_term_string\"}}],\"inLanguage\":\"de\"},{\"@type\":\"Organization\",\"@id\":\"https:\/\/hubsch-interior.com\/de\/#organization\",\"name\":\"H\u00fcbsch\",\"url\":\"https:\/\/hubsch-interior.com\/de\/\",\"logo\":{\"@type\":\"ImageObject\",\"inLanguage\":\"de\",\"@id\":\"https:\/\/hubsch-interior.com\/de\/#\/schema\/logo\/image\/\",\"url\":\"https:\/\/hubsch-interior.com\/wp-content\/uploads\/2022\/12\/Hubsch_logo_black_one_line.svg\",\"contentUrl\":\"https:\/\/hubsch-interior.com\/wp-content\/uploads\/2022\/12\/Hubsch_logo_black_one_line.svg\",\"caption\":\"H\u00fcbsch\"},\"image\":{\"@id\":\"https:\/\/hubsch-interior.com\/de\/#\/schema\/logo\/image\/\"}}]}<\/script>\n<!-- \/ Yoast SEO plugin. -->","yoast_head_json":{"title":"Pipe Handtuchhalter Messingfarben - H\u00fcbsch","description":"Der Handtuchhalter aus Metall ist eine elegante Erg\u00e4nzung f\u00fcr Ihr Badezimmer. Das goldene Metall verleiht einen edlen Look und die zwei Stangen sorgen f\u00fcr","robots":{"index":"index","follow":"follow","max-snippet":"max-snippet:-1","max-image-preview":"max-image-preview:large","max-video-preview":"max-video-preview:-1"},"canonical":"https:\/\/hubsch-interior.com\/de\/wp-json\/wp\/v2\/product\/21014","og_locale":"de_DE","og_type":"article","og_title":"Pipe Handtuchhalter Messingfarben - H\u00fcbsch","og_description":"Der Handtuchhalter aus Metall ist eine elegante Erg\u00e4nzung f\u00fcr Ihr Badezimmer. Das goldene Metall verleiht einen edlen Look und die zwei Stangen sorgen f\u00fcr","og_url":"https:\/\/hubsch-interior.com\/de\/produkt\/pipe-handtuchhalter-messingfarben\/","og_site_name":"H\u00fcbsch","article_modified_time":"2026-04-09T03:13:39+00:00","og_image":[{"width":1200,"height":1200,"url":"https:\/\/hubsch-interior.com\/wp-content\/uploads\/2024\/01\/pipe-towel-holder-brass-2b779322be7a6e952f0c0499e1e5ac41.jpg","type":"image\/jpeg"}],"twitter_card":"summary_large_image","schema":{"@context":"https:\/\/schema.org","@graph":[{"@type":"WebPage","@id":"https:\/\/hubsch-interior.com\/de\/produkt\/pipe-handtuchhalter-messingfarben\/","url":"https:\/\/hubsch-interior.com\/de\/produkt\/pipe-handtuchhalter-messingfarben\/","name":"Pipe Handtuchhalter Messingfarben - H\u00fcbsch","isPartOf":{"@id":"https:\/\/hubsch-interior.com\/de\/#website"},"primaryImageOfPage":{"@id":"https:\/\/hubsch-interior.com\/de\/produkt\/pipe-handtuchhalter-messingfarben\/#primaryimage"},"image":{"@id":"https:\/\/hubsch-interior.com\/de\/produkt\/pipe-handtuchhalter-messingfarben\/#primaryimage"},"thumbnailUrl":"https:\/\/hubsch-interior.com\/wp-content\/uploads\/2026\/02\/pipe-towel-holder-brass-e459e86002bdde007afc2b3a304a214c.jpg","datePublished":"2020-09-09T21:31:24+00:00","dateModified":"2026-04-09T03:13:39+00:00","description":"Der Handtuchhalter aus Metall ist eine elegante Erg\u00e4nzung f\u00fcr Ihr Badezimmer. Das goldene Metall verleiht einen edlen Look und die zwei Stangen sorgen f\u00fcr","breadcrumb":{"@id":"https:\/\/hubsch-interior.com\/de\/produkt\/pipe-handtuchhalter-messingfarben\/#breadcrumb"},"inLanguage":"de","potentialAction":[{"@type":"ReadAction","target":["https:\/\/hubsch-interior.com\/de\/produkt\/pipe-handtuchhalter-messingfarben\/"]}]},{"@type":"ImageObject","inLanguage":"de","@id":"https:\/\/hubsch-interior.com\/de\/produkt\/pipe-handtuchhalter-messingfarben\/#primaryimage","url":"https:\/\/hubsch-interior.com\/wp-content\/uploads\/2026\/02\/pipe-towel-holder-brass-e459e86002bdde007afc2b3a304a214c.jpg","contentUrl":"https:\/\/hubsch-interior.com\/wp-content\/uploads\/2026\/02\/pipe-towel-holder-brass-e459e86002bdde007afc2b3a304a214c.jpg","width":1024,"height":1024},{"@type":"BreadcrumbList","@id":"https:\/\/hubsch-interior.com\/de\/produkt\/pipe-handtuchhalter-messingfarben\/#breadcrumb","itemListElement":[{"@type":"ListItem","position":1,"name":"Startseite","item":"https:\/\/hubsch-interior.com\/de\/"},{"@type":"ListItem","position":2,"name":"Produkte","item":"https:\/\/hubsch-interior.com\/de\/shop-2\/"},{"@type":"ListItem","position":3,"name":"Wohnaccessoires","item":"https:\/\/hubsch-interior.com\/de\/produkt-kategorie\/wohnaccessoires\/"},{"@type":"ListItem","position":4,"name":"Haken und Hakenleisten","item":"https:\/\/hubsch-interior.com\/de\/produkt-kategorie\/wohnaccessoires\/haken-und-hakenleisten-de\/"},{"@type":"ListItem","position":5,"name":"Hakenleisten","item":"https:\/\/hubsch-interior.com\/de\/produkt-kategorie\/wohnaccessoires\/haken-und-hakenleisten-de\/hakenleisten-de\/"},{"@type":"ListItem","position":6,"name":"Pipe Handtuchhalter Messingfarben"}]},{"@type":"WebSite","@id":"https:\/\/hubsch-interior.com\/de\/#website","url":"https:\/\/hubsch-interior.com\/de\/","name":"H\u00fcbsch","description":"Danish Home Interior and Design","publisher":{"@id":"https:\/\/hubsch-interior.com\/de\/#organization"},"potentialAction":[{"@type":"SearchAction","target":{"@type":"EntryPoint","urlTemplate":"https:\/\/hubsch-interior.com\/de\/?s={search_term_string}"},"query-input":{"@type":"PropertyValueSpecification","valueRequired":true,"valueName":"search_term_string"}}],"inLanguage":"de"},{"@type":"Organization","@id":"https:\/\/hubsch-interior.com\/de\/#organization","name":"H\u00fcbsch","url":"https:\/\/hubsch-interior.com\/de\/","logo":{"@type":"ImageObject","inLanguage":"de","@id":"https:\/\/hubsch-interior.com\/de\/#\/schema\/logo\/image\/","url":"https:\/\/hubsch-interior.com\/wp-content\/uploads\/2022\/12\/Hubsch_logo_black_one_line.svg","contentUrl":"https:\/\/hubsch-interior.com\/wp-content\/uploads\/2022\/12\/Hubsch_logo_black_one_line.svg","caption":"H\u00fcbsch"},"image":{"@id":"https:\/\/hubsch-interior.com\/de\/#\/schema\/logo\/image\/"}}]}},"_links":{"self":[{"href":"https:\/\/hubsch-interior.com\/de\/wp-json\/wp\/v2\/product\/21014","targetHints":{"allow":["GET"]}}],"collection":[{"href":"https:\/\/hubsch-interior.com\/de\/wp-json\/wp\/v2\/product"}],"about":[{"href":"https:\/\/hubsch-interior.com\/de\/wp-json\/wp\/v2\/types\/product"}],"wp:featuredmedia":[{"embeddable":true,"href":"https:\/\/hubsch-interior.com\/de\/wp-json\/wp\/v2\/media\/1109100"}],"wp:attachment":[{"href":"https:\/\/hubsch-interior.com\/de\/wp-json\/wp\/v2\/media?parent=21014"}],"wp:term":[{"taxonomy":"product_brand","embeddable":true,"href":"https:\/\/hubsch-interior.com\/de\/wp-json\/wp\/v2\/product_brand?post=21014"},{"taxonomy":"product_cat","embeddable":true,"href":"https:\/\/hubsch-interior.com\/de\/wp-json\/wp\/v2\/product_cat?post=21014"},{"taxonomy":"product_tag","embeddable":true,"href":"https:\/\/hubsch-interior.com\/de\/wp-json\/wp\/v2\/product_tag?post=21014"}],"curies":[{"name":"wp","href":"https:\/\/api.w.org\/{rel}","templated":true}]}}