{"id":255087,"date":"2021-02-10T15:12:26","date_gmt":"2021-02-10T14:12:26","guid":{"rendered":"https:\/\/hubsch-interior.com\/product\/product-56\/"},"modified":"2026-04-09T05:14:30","modified_gmt":"2026-04-09T03:14:30","slug":"stone-tablett-terrazzo","status":"publish","type":"product","link":"https:\/\/hubsch-interior.com\/de\/produkt\/stone-tablett-terrazzo\/","title":{"rendered":"Stone Tablett Terrazzo"},"content":{"rendered":"<p>Das Tablett besteht aus beigem Terrazzo und kann in vielen verschiedenen R\u00e4umen f\u00fcr unterschiedlichste Zwecke verwendet werden. Verwenden Sie das Tablett in der K\u00fcche, um Lebensmittel oder Keramik in Szene zu setzen, im Badezimmer f\u00fcr Seifen, im Schlafzimmer f\u00fcr Schmuck und vieles mehr. Der beige Terrazzo verleiht dem Tablett eine spielerische Note.<\/p>\n","protected":false},"excerpt":{"rendered":"<p>Das Tablett besteht aus beigem Terrazzo und kann in vielen verschiedenen R\u00e4umen f\u00fcr unterschiedlichste Zwecke verwendet werden. Verwenden Sie das Tablett in der K\u00fcche, um Lebensmittel oder Keramik in Szene zu setzen, im Badezimmer f\u00fcr Seifen, im Schlafzimmer f\u00fcr Schmuck und vieles mehr. Der beige Terrazzo verleiht dem Tablett eine spielerische Note.<\/p>\n","protected":false},"featured_media":1109312,"template":"","meta":{"_acf_changed":false,"inline_featured_image":false},"product_brand":[],"product_cat":[7040,7029,4055,4096,4056,4124,5031],"product_tag":[],"class_list":{"0":"post-255087","1":"product","2":"type-product","3":"status-publish","4":"has-post-thumbnail","6":"product_cat-tabletts-de-tischgeschirr-de-2","7":"product_cat-tischgeschirr-de-2","8":"product_cat-kuechenzubehoer-de","9":"product_cat-tischgeschirr-de","10":"product_cat-tabletts-de","11":"product_cat-schneidebretter-de","12":"product_cat-wieder-auf-lager-de","13":"product_shipping_class-pk","15":"pa_color-terrazzo-4","16":"pa_material-terrazzo-de","18":"first","19":"instock","20":"taxable","21":"shipping-taxable","22":"purchasable","23":"product-type-simple"},"exclude_global_add_ons":[],"addons":[],"acf":[],"yoast_head":"<!-- This site is optimized with the Yoast SEO plugin v26.4 - https:\/\/yoast.com\/wordpress\/plugins\/seo\/ -->\n<title>Stone Tablett Terrazzo - H\u00fcbsch<\/title>\n<meta name=\"description\" content=\"Das Tablett besteht aus beigem Terrazzo und kann in vielen verschiedenen R\u00e4umen f\u00fcr unterschiedlichste Zwecke verwendet werden. Verwenden Sie das Tablett\" \/>\n<meta name=\"robots\" content=\"index, follow, max-snippet:-1, max-image-preview:large, max-video-preview:-1\" \/>\n<link rel=\"canonical\" href=\"https:\/\/hubsch-interior.com\/de\/wp-json\/wp\/v2\/product\/255087\" \/>\n<meta property=\"og:locale\" content=\"de_DE\" \/>\n<meta property=\"og:type\" content=\"article\" \/>\n<meta property=\"og:title\" content=\"Stone Tablett Terrazzo - H\u00fcbsch\" \/>\n<meta property=\"og:description\" content=\"Das Tablett besteht aus beigem Terrazzo und kann in vielen verschiedenen R\u00e4umen f\u00fcr unterschiedlichste Zwecke verwendet werden. Verwenden Sie das Tablett\" \/>\n<meta property=\"og:url\" content=\"https:\/\/hubsch-interior.com\/de\/produkt\/stone-tablett-terrazzo\/\" \/>\n<meta property=\"og:site_name\" content=\"H\u00fcbsch\" \/>\n<meta property=\"article:modified_time\" content=\"2026-04-09T03:14:30+00:00\" \/>\n<meta property=\"og:image\" content=\"https:\/\/hubsch-interior.com\/wp-content\/uploads\/2024\/01\/stone-tray-terrazzo-b2b4240b5c0c7adb9f7c1938199d60ab.jpg\" \/>\n\t<meta property=\"og:image:width\" content=\"1200\" \/>\n\t<meta property=\"og:image:height\" content=\"1200\" \/>\n\t<meta property=\"og:image:type\" content=\"image\/jpeg\" \/>\n<meta name=\"twitter:card\" content=\"summary_large_image\" \/>\n<script type=\"application\/ld+json\" class=\"yoast-schema-graph\">{\"@context\":\"https:\/\/schema.org\",\"@graph\":[{\"@type\":\"WebPage\",\"@id\":\"https:\/\/hubsch-interior.com\/de\/produkt\/stone-tablett-terrazzo\/\",\"url\":\"https:\/\/hubsch-interior.com\/de\/produkt\/stone-tablett-terrazzo\/\",\"name\":\"Stone Tablett Terrazzo - H\u00fcbsch\",\"isPartOf\":{\"@id\":\"https:\/\/hubsch-interior.com\/de\/#website\"},\"primaryImageOfPage\":{\"@id\":\"https:\/\/hubsch-interior.com\/de\/produkt\/stone-tablett-terrazzo\/#primaryimage\"},\"image\":{\"@id\":\"https:\/\/hubsch-interior.com\/de\/produkt\/stone-tablett-terrazzo\/#primaryimage\"},\"thumbnailUrl\":\"https:\/\/hubsch-interior.com\/wp-content\/uploads\/2026\/02\/stone-tray-terrazzo-9ca3a5f3276acce15d556df7ec6c2d3f.jpg\",\"datePublished\":\"2021-02-10T14:12:26+00:00\",\"dateModified\":\"2026-04-09T03:14:30+00:00\",\"description\":\"Das Tablett besteht aus beigem Terrazzo und kann in vielen verschiedenen R\u00e4umen f\u00fcr unterschiedlichste Zwecke verwendet werden. Verwenden Sie das Tablett\",\"breadcrumb\":{\"@id\":\"https:\/\/hubsch-interior.com\/de\/produkt\/stone-tablett-terrazzo\/#breadcrumb\"},\"inLanguage\":\"de\",\"potentialAction\":[{\"@type\":\"ReadAction\",\"target\":[\"https:\/\/hubsch-interior.com\/de\/produkt\/stone-tablett-terrazzo\/\"]}]},{\"@type\":\"ImageObject\",\"inLanguage\":\"de\",\"@id\":\"https:\/\/hubsch-interior.com\/de\/produkt\/stone-tablett-terrazzo\/#primaryimage\",\"url\":\"https:\/\/hubsch-interior.com\/wp-content\/uploads\/2026\/02\/stone-tray-terrazzo-9ca3a5f3276acce15d556df7ec6c2d3f.jpg\",\"contentUrl\":\"https:\/\/hubsch-interior.com\/wp-content\/uploads\/2026\/02\/stone-tray-terrazzo-9ca3a5f3276acce15d556df7ec6c2d3f.jpg\",\"width\":1024,\"height\":1024},{\"@type\":\"BreadcrumbList\",\"@id\":\"https:\/\/hubsch-interior.com\/de\/produkt\/stone-tablett-terrazzo\/#breadcrumb\",\"itemListElement\":[{\"@type\":\"ListItem\",\"position\":1,\"name\":\"Startseite\",\"item\":\"https:\/\/hubsch-interior.com\/de\/\"},{\"@type\":\"ListItem\",\"position\":2,\"name\":\"Produkte\",\"item\":\"https:\/\/hubsch-interior.com\/de\/shop-2\/\"},{\"@type\":\"ListItem\",\"position\":3,\"name\":\"K\u00fcche\",\"item\":\"https:\/\/hubsch-interior.com\/de\/produkt-kategorie\/kuche\/\"},{\"@type\":\"ListItem\",\"position\":4,\"name\":\"Tischgeschirr\",\"item\":\"https:\/\/hubsch-interior.com\/de\/produkt-kategorie\/kuche\/tischgeschirr-de-2\/\"},{\"@type\":\"ListItem\",\"position\":5,\"name\":\"Tabletts\",\"item\":\"https:\/\/hubsch-interior.com\/de\/produkt-kategorie\/kuche\/tischgeschirr-de-2\/tabletts-de-tischgeschirr-de-2\/\"},{\"@type\":\"ListItem\",\"position\":6,\"name\":\"Stone Tablett Terrazzo\"}]},{\"@type\":\"WebSite\",\"@id\":\"https:\/\/hubsch-interior.com\/de\/#website\",\"url\":\"https:\/\/hubsch-interior.com\/de\/\",\"name\":\"H\u00fcbsch\",\"description\":\"Danish Home Interior and Design\",\"publisher\":{\"@id\":\"https:\/\/hubsch-interior.com\/de\/#organization\"},\"potentialAction\":[{\"@type\":\"SearchAction\",\"target\":{\"@type\":\"EntryPoint\",\"urlTemplate\":\"https:\/\/hubsch-interior.com\/de\/?s={search_term_string}\"},\"query-input\":{\"@type\":\"PropertyValueSpecification\",\"valueRequired\":true,\"valueName\":\"search_term_string\"}}],\"inLanguage\":\"de\"},{\"@type\":\"Organization\",\"@id\":\"https:\/\/hubsch-interior.com\/de\/#organization\",\"name\":\"H\u00fcbsch\",\"url\":\"https:\/\/hubsch-interior.com\/de\/\",\"logo\":{\"@type\":\"ImageObject\",\"inLanguage\":\"de\",\"@id\":\"https:\/\/hubsch-interior.com\/de\/#\/schema\/logo\/image\/\",\"url\":\"https:\/\/hubsch-interior.com\/wp-content\/uploads\/2022\/12\/Hubsch_logo_black_one_line.svg\",\"contentUrl\":\"https:\/\/hubsch-interior.com\/wp-content\/uploads\/2022\/12\/Hubsch_logo_black_one_line.svg\",\"caption\":\"H\u00fcbsch\"},\"image\":{\"@id\":\"https:\/\/hubsch-interior.com\/de\/#\/schema\/logo\/image\/\"}}]}<\/script>\n<!-- \/ Yoast SEO plugin. -->","yoast_head_json":{"title":"Stone Tablett Terrazzo - H\u00fcbsch","description":"Das Tablett besteht aus beigem Terrazzo und kann in vielen verschiedenen R\u00e4umen f\u00fcr unterschiedlichste Zwecke verwendet werden. Verwenden Sie das Tablett","robots":{"index":"index","follow":"follow","max-snippet":"max-snippet:-1","max-image-preview":"max-image-preview:large","max-video-preview":"max-video-preview:-1"},"canonical":"https:\/\/hubsch-interior.com\/de\/wp-json\/wp\/v2\/product\/255087","og_locale":"de_DE","og_type":"article","og_title":"Stone Tablett Terrazzo - H\u00fcbsch","og_description":"Das Tablett besteht aus beigem Terrazzo und kann in vielen verschiedenen R\u00e4umen f\u00fcr unterschiedlichste Zwecke verwendet werden. Verwenden Sie das Tablett","og_url":"https:\/\/hubsch-interior.com\/de\/produkt\/stone-tablett-terrazzo\/","og_site_name":"H\u00fcbsch","article_modified_time":"2026-04-09T03:14:30+00:00","og_image":[{"width":1200,"height":1200,"url":"https:\/\/hubsch-interior.com\/wp-content\/uploads\/2024\/01\/stone-tray-terrazzo-b2b4240b5c0c7adb9f7c1938199d60ab.jpg","type":"image\/jpeg"}],"twitter_card":"summary_large_image","schema":{"@context":"https:\/\/schema.org","@graph":[{"@type":"WebPage","@id":"https:\/\/hubsch-interior.com\/de\/produkt\/stone-tablett-terrazzo\/","url":"https:\/\/hubsch-interior.com\/de\/produkt\/stone-tablett-terrazzo\/","name":"Stone Tablett Terrazzo - H\u00fcbsch","isPartOf":{"@id":"https:\/\/hubsch-interior.com\/de\/#website"},"primaryImageOfPage":{"@id":"https:\/\/hubsch-interior.com\/de\/produkt\/stone-tablett-terrazzo\/#primaryimage"},"image":{"@id":"https:\/\/hubsch-interior.com\/de\/produkt\/stone-tablett-terrazzo\/#primaryimage"},"thumbnailUrl":"https:\/\/hubsch-interior.com\/wp-content\/uploads\/2026\/02\/stone-tray-terrazzo-9ca3a5f3276acce15d556df7ec6c2d3f.jpg","datePublished":"2021-02-10T14:12:26+00:00","dateModified":"2026-04-09T03:14:30+00:00","description":"Das Tablett besteht aus beigem Terrazzo und kann in vielen verschiedenen R\u00e4umen f\u00fcr unterschiedlichste Zwecke verwendet werden. Verwenden Sie das Tablett","breadcrumb":{"@id":"https:\/\/hubsch-interior.com\/de\/produkt\/stone-tablett-terrazzo\/#breadcrumb"},"inLanguage":"de","potentialAction":[{"@type":"ReadAction","target":["https:\/\/hubsch-interior.com\/de\/produkt\/stone-tablett-terrazzo\/"]}]},{"@type":"ImageObject","inLanguage":"de","@id":"https:\/\/hubsch-interior.com\/de\/produkt\/stone-tablett-terrazzo\/#primaryimage","url":"https:\/\/hubsch-interior.com\/wp-content\/uploads\/2026\/02\/stone-tray-terrazzo-9ca3a5f3276acce15d556df7ec6c2d3f.jpg","contentUrl":"https:\/\/hubsch-interior.com\/wp-content\/uploads\/2026\/02\/stone-tray-terrazzo-9ca3a5f3276acce15d556df7ec6c2d3f.jpg","width":1024,"height":1024},{"@type":"BreadcrumbList","@id":"https:\/\/hubsch-interior.com\/de\/produkt\/stone-tablett-terrazzo\/#breadcrumb","itemListElement":[{"@type":"ListItem","position":1,"name":"Startseite","item":"https:\/\/hubsch-interior.com\/de\/"},{"@type":"ListItem","position":2,"name":"Produkte","item":"https:\/\/hubsch-interior.com\/de\/shop-2\/"},{"@type":"ListItem","position":3,"name":"K\u00fcche","item":"https:\/\/hubsch-interior.com\/de\/produkt-kategorie\/kuche\/"},{"@type":"ListItem","position":4,"name":"Tischgeschirr","item":"https:\/\/hubsch-interior.com\/de\/produkt-kategorie\/kuche\/tischgeschirr-de-2\/"},{"@type":"ListItem","position":5,"name":"Tabletts","item":"https:\/\/hubsch-interior.com\/de\/produkt-kategorie\/kuche\/tischgeschirr-de-2\/tabletts-de-tischgeschirr-de-2\/"},{"@type":"ListItem","position":6,"name":"Stone Tablett Terrazzo"}]},{"@type":"WebSite","@id":"https:\/\/hubsch-interior.com\/de\/#website","url":"https:\/\/hubsch-interior.com\/de\/","name":"H\u00fcbsch","description":"Danish Home Interior and Design","publisher":{"@id":"https:\/\/hubsch-interior.com\/de\/#organization"},"potentialAction":[{"@type":"SearchAction","target":{"@type":"EntryPoint","urlTemplate":"https:\/\/hubsch-interior.com\/de\/?s={search_term_string}"},"query-input":{"@type":"PropertyValueSpecification","valueRequired":true,"valueName":"search_term_string"}}],"inLanguage":"de"},{"@type":"Organization","@id":"https:\/\/hubsch-interior.com\/de\/#organization","name":"H\u00fcbsch","url":"https:\/\/hubsch-interior.com\/de\/","logo":{"@type":"ImageObject","inLanguage":"de","@id":"https:\/\/hubsch-interior.com\/de\/#\/schema\/logo\/image\/","url":"https:\/\/hubsch-interior.com\/wp-content\/uploads\/2022\/12\/Hubsch_logo_black_one_line.svg","contentUrl":"https:\/\/hubsch-interior.com\/wp-content\/uploads\/2022\/12\/Hubsch_logo_black_one_line.svg","caption":"H\u00fcbsch"},"image":{"@id":"https:\/\/hubsch-interior.com\/de\/#\/schema\/logo\/image\/"}}]}},"_links":{"self":[{"href":"https:\/\/hubsch-interior.com\/de\/wp-json\/wp\/v2\/product\/255087","targetHints":{"allow":["GET"]}}],"collection":[{"href":"https:\/\/hubsch-interior.com\/de\/wp-json\/wp\/v2\/product"}],"about":[{"href":"https:\/\/hubsch-interior.com\/de\/wp-json\/wp\/v2\/types\/product"}],"wp:featuredmedia":[{"embeddable":true,"href":"https:\/\/hubsch-interior.com\/de\/wp-json\/wp\/v2\/media\/1109312"}],"wp:attachment":[{"href":"https:\/\/hubsch-interior.com\/de\/wp-json\/wp\/v2\/media?parent=255087"}],"wp:term":[{"taxonomy":"product_brand","embeddable":true,"href":"https:\/\/hubsch-interior.com\/de\/wp-json\/wp\/v2\/product_brand?post=255087"},{"taxonomy":"product_cat","embeddable":true,"href":"https:\/\/hubsch-interior.com\/de\/wp-json\/wp\/v2\/product_cat?post=255087"},{"taxonomy":"product_tag","embeddable":true,"href":"https:\/\/hubsch-interior.com\/de\/wp-json\/wp\/v2\/product_tag?post=255087"}],"curies":[{"name":"wp","href":"https:\/\/api.w.org\/{rel}","templated":true}]}}