{"id":29943,"date":"2020-09-17T09:48:14","date_gmt":"2020-09-17T07:48:14","guid":{"rendered":"https:\/\/hubsch-interior.com\/product\/product-3\/"},"modified":"2026-04-27T04:29:50","modified_gmt":"2026-04-27T02:29:50","slug":"canvas-tabletts-square-naturfarben-2er-set","status":"publish","type":"product","link":"https:\/\/hubsch-interior.com\/de\/produkt\/canvas-tabletts-square-naturfarben-2er-set\/","title":{"rendered":"Canvas Tabletts Square Naturfarben (2er Set)"},"content":{"rendered":"<p>Diese Tabletts bestehen aus Bambus und Segeltuch und sind in zwei Gr\u00f6\u00dfen erh\u00e4ltlich. Die Materialien sind leicht, soda\u00df kein unn\u00f6tiges Gewicht herumgetragen wird. Die nat\u00fcrlichen T\u00f6ne verleihen den Tabletts einen warmen und gem\u00fctlichen Ausdruck.<\/p>\n","protected":false},"excerpt":{"rendered":"<p>Diese Tabletts bestehen aus Bambus und Segeltuch und sind in zwei Gr\u00f6\u00dfen erh\u00e4ltlich. Die Materialien sind leicht, soda\u00df kein unn\u00f6tiges Gewicht herumgetragen wird. Die nat\u00fcrlichen T\u00f6ne verleihen den Tabletts einen warmen und gem\u00fctlichen Ausdruck.<\/p>\n","protected":false},"featured_media":1096744,"template":"","meta":{"_acf_changed":false,"inline_featured_image":false},"product_brand":[],"product_cat":[4055,6972,7040,4056,7029],"product_tag":[],"class_list":{"0":"post-29943","1":"product","2":"type-product","3":"status-publish","4":"has-post-thumbnail","6":"product_cat-kuechenzubehoer-de","7":"product_cat-oster-sale","8":"product_cat-tabletts-de-tischgeschirr-de-2","9":"product_cat-tabletts-de","10":"product_cat-tischgeschirr-de-2","11":"product_shipping_class-pk","13":"pa_color-naturfarben-2","14":"pa_material-bambus-de","16":"first","17":"instock","18":"taxable","19":"shipping-taxable","20":"purchasable","21":"product-type-simple"},"exclude_global_add_ons":[],"addons":[],"acf":[],"yoast_head":"<!-- This site is optimized with the Yoast SEO plugin v26.4 - https:\/\/yoast.com\/wordpress\/plugins\/seo\/ -->\n<title>Canvas Tabletts Square Naturfarben (2er Set) - H\u00fcbsch<\/title>\n<meta name=\"description\" content=\"Diese Tabletts bestehen aus Bambus und Segeltuch und sind in zwei Gr\u00f6\u00dfen erh\u00e4ltlich. Die Materialien sind leicht, soda\u00df kein unn\u00f6tiges Gewicht\" \/>\n<meta name=\"robots\" content=\"index, follow, max-snippet:-1, max-image-preview:large, max-video-preview:-1\" \/>\n<link rel=\"canonical\" href=\"https:\/\/hubsch-interior.com\/de\/wp-json\/wp\/v2\/product\/29943\" \/>\n<meta property=\"og:locale\" content=\"de_DE\" \/>\n<meta property=\"og:type\" content=\"article\" \/>\n<meta property=\"og:title\" content=\"Canvas Tabletts Square Naturfarben (2er Set) - H\u00fcbsch\" \/>\n<meta property=\"og:description\" content=\"Diese Tabletts bestehen aus Bambus und Segeltuch und sind in zwei Gr\u00f6\u00dfen erh\u00e4ltlich. Die Materialien sind leicht, soda\u00df kein unn\u00f6tiges Gewicht\" \/>\n<meta property=\"og:url\" content=\"https:\/\/hubsch-interior.com\/de\/produkt\/canvas-tabletts-square-naturfarben-2er-set\/\" \/>\n<meta property=\"og:site_name\" content=\"H\u00fcbsch\" \/>\n<meta property=\"article:modified_time\" content=\"2026-04-27T02:29:50+00:00\" \/>\n<meta property=\"og:image\" content=\"https:\/\/hubsch-interior.com\/wp-content\/uploads\/2023\/08\/canvas-trays-square-natural-set-of-2-e02fbb7386fc9cede1e46a3f044a070e.jpg\" \/>\n\t<meta property=\"og:image:width\" content=\"1200\" \/>\n\t<meta property=\"og:image:height\" content=\"1200\" \/>\n\t<meta property=\"og:image:type\" content=\"image\/jpeg\" \/>\n<meta name=\"twitter:card\" content=\"summary_large_image\" \/>\n<script type=\"application\/ld+json\" class=\"yoast-schema-graph\">{\"@context\":\"https:\/\/schema.org\",\"@graph\":[{\"@type\":\"WebPage\",\"@id\":\"https:\/\/hubsch-interior.com\/de\/produkt\/canvas-tabletts-square-naturfarben-2er-set\/\",\"url\":\"https:\/\/hubsch-interior.com\/de\/produkt\/canvas-tabletts-square-naturfarben-2er-set\/\",\"name\":\"Canvas Tabletts Square Naturfarben (2er Set) - H\u00fcbsch\",\"isPartOf\":{\"@id\":\"https:\/\/hubsch-interior.com\/de\/#website\"},\"primaryImageOfPage\":{\"@id\":\"https:\/\/hubsch-interior.com\/de\/produkt\/canvas-tabletts-square-naturfarben-2er-set\/#primaryimage\"},\"image\":{\"@id\":\"https:\/\/hubsch-interior.com\/de\/produkt\/canvas-tabletts-square-naturfarben-2er-set\/#primaryimage\"},\"thumbnailUrl\":\"https:\/\/hubsch-interior.com\/wp-content\/uploads\/2026\/02\/canvas-trays-square-natural-set-of-2-4a27a0bbf68344b36181339cbabac53a.jpg\",\"datePublished\":\"2020-09-17T07:48:14+00:00\",\"dateModified\":\"2026-04-27T02:29:50+00:00\",\"description\":\"Diese Tabletts bestehen aus Bambus und Segeltuch und sind in zwei Gr\u00f6\u00dfen erh\u00e4ltlich. Die Materialien sind leicht, soda\u00df kein unn\u00f6tiges Gewicht\",\"breadcrumb\":{\"@id\":\"https:\/\/hubsch-interior.com\/de\/produkt\/canvas-tabletts-square-naturfarben-2er-set\/#breadcrumb\"},\"inLanguage\":\"de\",\"potentialAction\":[{\"@type\":\"ReadAction\",\"target\":[\"https:\/\/hubsch-interior.com\/de\/produkt\/canvas-tabletts-square-naturfarben-2er-set\/\"]}]},{\"@type\":\"ImageObject\",\"inLanguage\":\"de\",\"@id\":\"https:\/\/hubsch-interior.com\/de\/produkt\/canvas-tabletts-square-naturfarben-2er-set\/#primaryimage\",\"url\":\"https:\/\/hubsch-interior.com\/wp-content\/uploads\/2026\/02\/canvas-trays-square-natural-set-of-2-4a27a0bbf68344b36181339cbabac53a.jpg\",\"contentUrl\":\"https:\/\/hubsch-interior.com\/wp-content\/uploads\/2026\/02\/canvas-trays-square-natural-set-of-2-4a27a0bbf68344b36181339cbabac53a.jpg\",\"width\":1024,\"height\":1024},{\"@type\":\"BreadcrumbList\",\"@id\":\"https:\/\/hubsch-interior.com\/de\/produkt\/canvas-tabletts-square-naturfarben-2er-set\/#breadcrumb\",\"itemListElement\":[{\"@type\":\"ListItem\",\"position\":1,\"name\":\"Startseite\",\"item\":\"https:\/\/hubsch-interior.com\/de\/\"},{\"@type\":\"ListItem\",\"position\":2,\"name\":\"Produkte\",\"item\":\"https:\/\/hubsch-interior.com\/de\/shop-2\/\"},{\"@type\":\"ListItem\",\"position\":3,\"name\":\"K\u00fcche\",\"item\":\"https:\/\/hubsch-interior.com\/de\/produkt-kategorie\/kuche\/\"},{\"@type\":\"ListItem\",\"position\":4,\"name\":\"Tischgeschirr\",\"item\":\"https:\/\/hubsch-interior.com\/de\/produkt-kategorie\/kuche\/tischgeschirr-de-2\/\"},{\"@type\":\"ListItem\",\"position\":5,\"name\":\"Tabletts\",\"item\":\"https:\/\/hubsch-interior.com\/de\/produkt-kategorie\/kuche\/tischgeschirr-de-2\/tabletts-de-tischgeschirr-de-2\/\"},{\"@type\":\"ListItem\",\"position\":6,\"name\":\"Canvas Tabletts Square Naturfarben (2er Set)\"}]},{\"@type\":\"WebSite\",\"@id\":\"https:\/\/hubsch-interior.com\/de\/#website\",\"url\":\"https:\/\/hubsch-interior.com\/de\/\",\"name\":\"H\u00fcbsch\",\"description\":\"Danish Home Interior and Design\",\"publisher\":{\"@id\":\"https:\/\/hubsch-interior.com\/de\/#organization\"},\"potentialAction\":[{\"@type\":\"SearchAction\",\"target\":{\"@type\":\"EntryPoint\",\"urlTemplate\":\"https:\/\/hubsch-interior.com\/de\/?s={search_term_string}\"},\"query-input\":{\"@type\":\"PropertyValueSpecification\",\"valueRequired\":true,\"valueName\":\"search_term_string\"}}],\"inLanguage\":\"de\"},{\"@type\":\"Organization\",\"@id\":\"https:\/\/hubsch-interior.com\/de\/#organization\",\"name\":\"H\u00fcbsch\",\"url\":\"https:\/\/hubsch-interior.com\/de\/\",\"logo\":{\"@type\":\"ImageObject\",\"inLanguage\":\"de\",\"@id\":\"https:\/\/hubsch-interior.com\/de\/#\/schema\/logo\/image\/\",\"url\":\"https:\/\/hubsch-interior.com\/wp-content\/uploads\/2022\/12\/Hubsch_logo_black_one_line.svg\",\"contentUrl\":\"https:\/\/hubsch-interior.com\/wp-content\/uploads\/2022\/12\/Hubsch_logo_black_one_line.svg\",\"caption\":\"H\u00fcbsch\"},\"image\":{\"@id\":\"https:\/\/hubsch-interior.com\/de\/#\/schema\/logo\/image\/\"}}]}<\/script>\n<!-- \/ Yoast SEO plugin. -->","yoast_head_json":{"title":"Canvas Tabletts Square Naturfarben (2er Set) - H\u00fcbsch","description":"Diese Tabletts bestehen aus Bambus und Segeltuch und sind in zwei Gr\u00f6\u00dfen erh\u00e4ltlich. Die Materialien sind leicht, soda\u00df kein unn\u00f6tiges Gewicht","robots":{"index":"index","follow":"follow","max-snippet":"max-snippet:-1","max-image-preview":"max-image-preview:large","max-video-preview":"max-video-preview:-1"},"canonical":"https:\/\/hubsch-interior.com\/de\/wp-json\/wp\/v2\/product\/29943","og_locale":"de_DE","og_type":"article","og_title":"Canvas Tabletts Square Naturfarben (2er Set) - H\u00fcbsch","og_description":"Diese Tabletts bestehen aus Bambus und Segeltuch und sind in zwei Gr\u00f6\u00dfen erh\u00e4ltlich. Die Materialien sind leicht, soda\u00df kein unn\u00f6tiges Gewicht","og_url":"https:\/\/hubsch-interior.com\/de\/produkt\/canvas-tabletts-square-naturfarben-2er-set\/","og_site_name":"H\u00fcbsch","article_modified_time":"2026-04-27T02:29:50+00:00","og_image":[{"width":1200,"height":1200,"url":"https:\/\/hubsch-interior.com\/wp-content\/uploads\/2023\/08\/canvas-trays-square-natural-set-of-2-e02fbb7386fc9cede1e46a3f044a070e.jpg","type":"image\/jpeg"}],"twitter_card":"summary_large_image","schema":{"@context":"https:\/\/schema.org","@graph":[{"@type":"WebPage","@id":"https:\/\/hubsch-interior.com\/de\/produkt\/canvas-tabletts-square-naturfarben-2er-set\/","url":"https:\/\/hubsch-interior.com\/de\/produkt\/canvas-tabletts-square-naturfarben-2er-set\/","name":"Canvas Tabletts Square Naturfarben (2er Set) - H\u00fcbsch","isPartOf":{"@id":"https:\/\/hubsch-interior.com\/de\/#website"},"primaryImageOfPage":{"@id":"https:\/\/hubsch-interior.com\/de\/produkt\/canvas-tabletts-square-naturfarben-2er-set\/#primaryimage"},"image":{"@id":"https:\/\/hubsch-interior.com\/de\/produkt\/canvas-tabletts-square-naturfarben-2er-set\/#primaryimage"},"thumbnailUrl":"https:\/\/hubsch-interior.com\/wp-content\/uploads\/2026\/02\/canvas-trays-square-natural-set-of-2-4a27a0bbf68344b36181339cbabac53a.jpg","datePublished":"2020-09-17T07:48:14+00:00","dateModified":"2026-04-27T02:29:50+00:00","description":"Diese Tabletts bestehen aus Bambus und Segeltuch und sind in zwei Gr\u00f6\u00dfen erh\u00e4ltlich. Die Materialien sind leicht, soda\u00df kein unn\u00f6tiges Gewicht","breadcrumb":{"@id":"https:\/\/hubsch-interior.com\/de\/produkt\/canvas-tabletts-square-naturfarben-2er-set\/#breadcrumb"},"inLanguage":"de","potentialAction":[{"@type":"ReadAction","target":["https:\/\/hubsch-interior.com\/de\/produkt\/canvas-tabletts-square-naturfarben-2er-set\/"]}]},{"@type":"ImageObject","inLanguage":"de","@id":"https:\/\/hubsch-interior.com\/de\/produkt\/canvas-tabletts-square-naturfarben-2er-set\/#primaryimage","url":"https:\/\/hubsch-interior.com\/wp-content\/uploads\/2026\/02\/canvas-trays-square-natural-set-of-2-4a27a0bbf68344b36181339cbabac53a.jpg","contentUrl":"https:\/\/hubsch-interior.com\/wp-content\/uploads\/2026\/02\/canvas-trays-square-natural-set-of-2-4a27a0bbf68344b36181339cbabac53a.jpg","width":1024,"height":1024},{"@type":"BreadcrumbList","@id":"https:\/\/hubsch-interior.com\/de\/produkt\/canvas-tabletts-square-naturfarben-2er-set\/#breadcrumb","itemListElement":[{"@type":"ListItem","position":1,"name":"Startseite","item":"https:\/\/hubsch-interior.com\/de\/"},{"@type":"ListItem","position":2,"name":"Produkte","item":"https:\/\/hubsch-interior.com\/de\/shop-2\/"},{"@type":"ListItem","position":3,"name":"K\u00fcche","item":"https:\/\/hubsch-interior.com\/de\/produkt-kategorie\/kuche\/"},{"@type":"ListItem","position":4,"name":"Tischgeschirr","item":"https:\/\/hubsch-interior.com\/de\/produkt-kategorie\/kuche\/tischgeschirr-de-2\/"},{"@type":"ListItem","position":5,"name":"Tabletts","item":"https:\/\/hubsch-interior.com\/de\/produkt-kategorie\/kuche\/tischgeschirr-de-2\/tabletts-de-tischgeschirr-de-2\/"},{"@type":"ListItem","position":6,"name":"Canvas Tabletts Square Naturfarben (2er Set)"}]},{"@type":"WebSite","@id":"https:\/\/hubsch-interior.com\/de\/#website","url":"https:\/\/hubsch-interior.com\/de\/","name":"H\u00fcbsch","description":"Danish Home Interior and Design","publisher":{"@id":"https:\/\/hubsch-interior.com\/de\/#organization"},"potentialAction":[{"@type":"SearchAction","target":{"@type":"EntryPoint","urlTemplate":"https:\/\/hubsch-interior.com\/de\/?s={search_term_string}"},"query-input":{"@type":"PropertyValueSpecification","valueRequired":true,"valueName":"search_term_string"}}],"inLanguage":"de"},{"@type":"Organization","@id":"https:\/\/hubsch-interior.com\/de\/#organization","name":"H\u00fcbsch","url":"https:\/\/hubsch-interior.com\/de\/","logo":{"@type":"ImageObject","inLanguage":"de","@id":"https:\/\/hubsch-interior.com\/de\/#\/schema\/logo\/image\/","url":"https:\/\/hubsch-interior.com\/wp-content\/uploads\/2022\/12\/Hubsch_logo_black_one_line.svg","contentUrl":"https:\/\/hubsch-interior.com\/wp-content\/uploads\/2022\/12\/Hubsch_logo_black_one_line.svg","caption":"H\u00fcbsch"},"image":{"@id":"https:\/\/hubsch-interior.com\/de\/#\/schema\/logo\/image\/"}}]}},"_links":{"self":[{"href":"https:\/\/hubsch-interior.com\/de\/wp-json\/wp\/v2\/product\/29943","targetHints":{"allow":["GET"]}}],"collection":[{"href":"https:\/\/hubsch-interior.com\/de\/wp-json\/wp\/v2\/product"}],"about":[{"href":"https:\/\/hubsch-interior.com\/de\/wp-json\/wp\/v2\/types\/product"}],"wp:featuredmedia":[{"embeddable":true,"href":"https:\/\/hubsch-interior.com\/de\/wp-json\/wp\/v2\/media\/1096744"}],"wp:attachment":[{"href":"https:\/\/hubsch-interior.com\/de\/wp-json\/wp\/v2\/media?parent=29943"}],"wp:term":[{"taxonomy":"product_brand","embeddable":true,"href":"https:\/\/hubsch-interior.com\/de\/wp-json\/wp\/v2\/product_brand?post=29943"},{"taxonomy":"product_cat","embeddable":true,"href":"https:\/\/hubsch-interior.com\/de\/wp-json\/wp\/v2\/product_cat?post=29943"},{"taxonomy":"product_tag","embeddable":true,"href":"https:\/\/hubsch-interior.com\/de\/wp-json\/wp\/v2\/product_tag?post=29943"}],"curies":[{"name":"wp","href":"https:\/\/api.w.org\/{rel}","templated":true}]}}