{"id":30892,"date":"2020-10-07T15:49:40","date_gmt":"2020-10-07T13:49:40","guid":{"rendered":"https:\/\/hubsch-interior.com\/product\/product\/"},"modified":"2026-04-05T04:48:49","modified_gmt":"2026-04-05T02:48:49","slug":"folk-regal-naturfarben-2","status":"publish","type":"product","link":"https:\/\/hubsch-interior.com\/de\/produkt\/folk-regal-naturfarben-2\/","title":{"rendered":"Folk Regal Naturfarben"},"content":{"rendered":"<p>Das Folk Regal Naturfarben ist ein modernes M\u00f6belst\u00fcck, das aus echtem Eichenholz und Eichefurnier gefertigt ist. Zertifiziert nach FSC-Standard, ist es ein umweltfreundliches Produkt, das durch seine nat\u00fcrlichen Farben jedem Raum ein heimisches Gef\u00fchl verleiht. Es ist ein perfektes Beispiel f\u00fcr den Einsatz von Eichenholz bei der Herstellung von modernen M\u00f6beln. \u00dcberzeugen Sie sich selbst!<\/p>\n","protected":false},"excerpt":{"rendered":"<p>Das Folk Regal Naturfarben ist ein modernes M\u00f6belst\u00fcck, das aus echtem Eichenholz und Eichefurnier gefertigt ist. Zertifiziert nach FSC-Standard, ist es ein umweltfreundliches Produkt, das durch seine nat\u00fcrlichen Farben jedem Raum ein heimisches Gef\u00fchl verleiht. Es ist ein perfektes Beispiel f\u00fcr den Einsatz von Eichenholz bei der Herstellung von modernen M\u00f6beln. \u00dcberzeugen Sie sich selbst!<\/p>\n","protected":false},"featured_media":1101818,"template":"","meta":{"_acf_changed":false,"inline_featured_image":false},"product_brand":[],"product_cat":[2861,4028,5027],"product_tag":[],"class_list":{"0":"post-30892","1":"product","2":"type-product","3":"status-publish","4":"has-post-thumbnail","6":"product_cat-tische-de","7":"product_cat-beistelltische-de","8":"product_cat-bestsellers-de","9":"product_shipping_class-pk","10":"pa_color-naturfarben-2","11":"pa_material-mdf-de","12":"pa_material-eichenfurnier","13":"pa_material-eichenholz","15":"first","16":"outofstock","17":"featured","18":"taxable","19":"shipping-taxable","20":"purchasable","21":"product-type-simple"},"exclude_global_add_ons":[],"addons":[],"acf":[],"yoast_head":"<!-- This site is optimized with the Yoast SEO plugin v26.4 - https:\/\/yoast.com\/wordpress\/plugins\/seo\/ -->\n<title>Folk Regal Naturfarben - H\u00fcbsch<\/title>\n<meta name=\"description\" content=\"Das Folk Regal Naturfarben ist ein modernes M\u00f6belst\u00fcck, das aus echtem Eichenholz und Eichefurnier gefertigt ist. Zertifiziert nach FSC-Standard, ist es\" \/>\n<meta name=\"robots\" content=\"index, follow, max-snippet:-1, max-image-preview:large, max-video-preview:-1\" \/>\n<link rel=\"canonical\" href=\"https:\/\/hubsch-interior.com\/de\/wp-json\/wp\/v2\/product\/30892\" \/>\n<meta property=\"og:locale\" content=\"de_DE\" \/>\n<meta property=\"og:type\" content=\"article\" \/>\n<meta property=\"og:title\" content=\"Folk Regal Naturfarben - H\u00fcbsch\" \/>\n<meta property=\"og:description\" content=\"Das Folk Regal Naturfarben ist ein modernes M\u00f6belst\u00fcck, das aus echtem Eichenholz und Eichefurnier gefertigt ist. Zertifiziert nach FSC-Standard, ist es\" \/>\n<meta property=\"og:url\" content=\"https:\/\/hubsch-interior.com\/de\/produkt\/folk-regal-naturfarben-2\/\" \/>\n<meta property=\"og:site_name\" content=\"H\u00fcbsch\" \/>\n<meta property=\"article:modified_time\" content=\"2026-04-05T02:48:49+00:00\" \/>\n<meta property=\"og:image\" content=\"https:\/\/hubsch-interior.com\/wp-content\/uploads\/2026\/02\/folk-shelf-unit-natural-41d5243df65020ba5d5fe2aa400ad6d4.jpg\" \/>\n\t<meta property=\"og:image:width\" content=\"1024\" \/>\n\t<meta property=\"og:image:height\" content=\"1024\" \/>\n\t<meta property=\"og:image:type\" content=\"image\/jpeg\" \/>\n<meta name=\"twitter:card\" content=\"summary_large_image\" \/>\n<script type=\"application\/ld+json\" class=\"yoast-schema-graph\">{\"@context\":\"https:\/\/schema.org\",\"@graph\":[{\"@type\":\"WebPage\",\"@id\":\"https:\/\/hubsch-interior.com\/de\/produkt\/folk-regal-naturfarben-2\/\",\"url\":\"https:\/\/hubsch-interior.com\/de\/produkt\/folk-regal-naturfarben-2\/\",\"name\":\"Folk Regal Naturfarben - H\u00fcbsch\",\"isPartOf\":{\"@id\":\"https:\/\/hubsch-interior.com\/de\/#website\"},\"primaryImageOfPage\":{\"@id\":\"https:\/\/hubsch-interior.com\/de\/produkt\/folk-regal-naturfarben-2\/#primaryimage\"},\"image\":{\"@id\":\"https:\/\/hubsch-interior.com\/de\/produkt\/folk-regal-naturfarben-2\/#primaryimage\"},\"thumbnailUrl\":\"https:\/\/hubsch-interior.com\/wp-content\/uploads\/2026\/02\/folk-shelf-unit-natural-41d5243df65020ba5d5fe2aa400ad6d4.jpg\",\"datePublished\":\"2020-10-07T13:49:40+00:00\",\"dateModified\":\"2026-04-05T02:48:49+00:00\",\"description\":\"Das Folk Regal Naturfarben ist ein modernes M\u00f6belst\u00fcck, das aus echtem Eichenholz und Eichefurnier gefertigt ist. Zertifiziert nach FSC-Standard, ist es\",\"breadcrumb\":{\"@id\":\"https:\/\/hubsch-interior.com\/de\/produkt\/folk-regal-naturfarben-2\/#breadcrumb\"},\"inLanguage\":\"de\",\"potentialAction\":[{\"@type\":\"ReadAction\",\"target\":[\"https:\/\/hubsch-interior.com\/de\/produkt\/folk-regal-naturfarben-2\/\"]}]},{\"@type\":\"ImageObject\",\"inLanguage\":\"de\",\"@id\":\"https:\/\/hubsch-interior.com\/de\/produkt\/folk-regal-naturfarben-2\/#primaryimage\",\"url\":\"https:\/\/hubsch-interior.com\/wp-content\/uploads\/2026\/02\/folk-shelf-unit-natural-41d5243df65020ba5d5fe2aa400ad6d4.jpg\",\"contentUrl\":\"https:\/\/hubsch-interior.com\/wp-content\/uploads\/2026\/02\/folk-shelf-unit-natural-41d5243df65020ba5d5fe2aa400ad6d4.jpg\",\"width\":1024,\"height\":1024},{\"@type\":\"BreadcrumbList\",\"@id\":\"https:\/\/hubsch-interior.com\/de\/produkt\/folk-regal-naturfarben-2\/#breadcrumb\",\"itemListElement\":[{\"@type\":\"ListItem\",\"position\":1,\"name\":\"Startseite\",\"item\":\"https:\/\/hubsch-interior.com\/de\/\"},{\"@type\":\"ListItem\",\"position\":2,\"name\":\"Produkte\",\"item\":\"https:\/\/hubsch-interior.com\/de\/shop-2\/\"},{\"@type\":\"ListItem\",\"position\":3,\"name\":\"M\u00f6bel\",\"item\":\"https:\/\/hubsch-interior.com\/de\/produkt-kategorie\/moebel\/\"},{\"@type\":\"ListItem\",\"position\":4,\"name\":\"Tische\",\"item\":\"https:\/\/hubsch-interior.com\/de\/produkt-kategorie\/moebel\/tische-de\/\"},{\"@type\":\"ListItem\",\"position\":5,\"name\":\"Beistelltische\",\"item\":\"https:\/\/hubsch-interior.com\/de\/produkt-kategorie\/moebel\/tische-de\/beistelltische-de\/\"},{\"@type\":\"ListItem\",\"position\":6,\"name\":\"Folk Regal Naturfarben\"}]},{\"@type\":\"WebSite\",\"@id\":\"https:\/\/hubsch-interior.com\/de\/#website\",\"url\":\"https:\/\/hubsch-interior.com\/de\/\",\"name\":\"H\u00fcbsch\",\"description\":\"Danish Home Interior and Design\",\"publisher\":{\"@id\":\"https:\/\/hubsch-interior.com\/de\/#organization\"},\"potentialAction\":[{\"@type\":\"SearchAction\",\"target\":{\"@type\":\"EntryPoint\",\"urlTemplate\":\"https:\/\/hubsch-interior.com\/de\/?s={search_term_string}\"},\"query-input\":{\"@type\":\"PropertyValueSpecification\",\"valueRequired\":true,\"valueName\":\"search_term_string\"}}],\"inLanguage\":\"de\"},{\"@type\":\"Organization\",\"@id\":\"https:\/\/hubsch-interior.com\/de\/#organization\",\"name\":\"H\u00fcbsch\",\"url\":\"https:\/\/hubsch-interior.com\/de\/\",\"logo\":{\"@type\":\"ImageObject\",\"inLanguage\":\"de\",\"@id\":\"https:\/\/hubsch-interior.com\/de\/#\/schema\/logo\/image\/\",\"url\":\"https:\/\/hubsch-interior.com\/wp-content\/uploads\/2022\/12\/Hubsch_logo_black_one_line.svg\",\"contentUrl\":\"https:\/\/hubsch-interior.com\/wp-content\/uploads\/2022\/12\/Hubsch_logo_black_one_line.svg\",\"caption\":\"H\u00fcbsch\"},\"image\":{\"@id\":\"https:\/\/hubsch-interior.com\/de\/#\/schema\/logo\/image\/\"}}]}<\/script>\n<!-- \/ Yoast SEO plugin. -->","yoast_head_json":{"title":"Folk Regal Naturfarben - H\u00fcbsch","description":"Das Folk Regal Naturfarben ist ein modernes M\u00f6belst\u00fcck, das aus echtem Eichenholz und Eichefurnier gefertigt ist. Zertifiziert nach FSC-Standard, ist es","robots":{"index":"index","follow":"follow","max-snippet":"max-snippet:-1","max-image-preview":"max-image-preview:large","max-video-preview":"max-video-preview:-1"},"canonical":"https:\/\/hubsch-interior.com\/de\/wp-json\/wp\/v2\/product\/30892","og_locale":"de_DE","og_type":"article","og_title":"Folk Regal Naturfarben - H\u00fcbsch","og_description":"Das Folk Regal Naturfarben ist ein modernes M\u00f6belst\u00fcck, das aus echtem Eichenholz und Eichefurnier gefertigt ist. Zertifiziert nach FSC-Standard, ist es","og_url":"https:\/\/hubsch-interior.com\/de\/produkt\/folk-regal-naturfarben-2\/","og_site_name":"H\u00fcbsch","article_modified_time":"2026-04-05T02:48:49+00:00","og_image":[{"width":1024,"height":1024,"url":"https:\/\/hubsch-interior.com\/wp-content\/uploads\/2026\/02\/folk-shelf-unit-natural-41d5243df65020ba5d5fe2aa400ad6d4.jpg","type":"image\/jpeg"}],"twitter_card":"summary_large_image","schema":{"@context":"https:\/\/schema.org","@graph":[{"@type":"WebPage","@id":"https:\/\/hubsch-interior.com\/de\/produkt\/folk-regal-naturfarben-2\/","url":"https:\/\/hubsch-interior.com\/de\/produkt\/folk-regal-naturfarben-2\/","name":"Folk Regal Naturfarben - H\u00fcbsch","isPartOf":{"@id":"https:\/\/hubsch-interior.com\/de\/#website"},"primaryImageOfPage":{"@id":"https:\/\/hubsch-interior.com\/de\/produkt\/folk-regal-naturfarben-2\/#primaryimage"},"image":{"@id":"https:\/\/hubsch-interior.com\/de\/produkt\/folk-regal-naturfarben-2\/#primaryimage"},"thumbnailUrl":"https:\/\/hubsch-interior.com\/wp-content\/uploads\/2026\/02\/folk-shelf-unit-natural-41d5243df65020ba5d5fe2aa400ad6d4.jpg","datePublished":"2020-10-07T13:49:40+00:00","dateModified":"2026-04-05T02:48:49+00:00","description":"Das Folk Regal Naturfarben ist ein modernes M\u00f6belst\u00fcck, das aus echtem Eichenholz und Eichefurnier gefertigt ist. Zertifiziert nach FSC-Standard, ist es","breadcrumb":{"@id":"https:\/\/hubsch-interior.com\/de\/produkt\/folk-regal-naturfarben-2\/#breadcrumb"},"inLanguage":"de","potentialAction":[{"@type":"ReadAction","target":["https:\/\/hubsch-interior.com\/de\/produkt\/folk-regal-naturfarben-2\/"]}]},{"@type":"ImageObject","inLanguage":"de","@id":"https:\/\/hubsch-interior.com\/de\/produkt\/folk-regal-naturfarben-2\/#primaryimage","url":"https:\/\/hubsch-interior.com\/wp-content\/uploads\/2026\/02\/folk-shelf-unit-natural-41d5243df65020ba5d5fe2aa400ad6d4.jpg","contentUrl":"https:\/\/hubsch-interior.com\/wp-content\/uploads\/2026\/02\/folk-shelf-unit-natural-41d5243df65020ba5d5fe2aa400ad6d4.jpg","width":1024,"height":1024},{"@type":"BreadcrumbList","@id":"https:\/\/hubsch-interior.com\/de\/produkt\/folk-regal-naturfarben-2\/#breadcrumb","itemListElement":[{"@type":"ListItem","position":1,"name":"Startseite","item":"https:\/\/hubsch-interior.com\/de\/"},{"@type":"ListItem","position":2,"name":"Produkte","item":"https:\/\/hubsch-interior.com\/de\/shop-2\/"},{"@type":"ListItem","position":3,"name":"M\u00f6bel","item":"https:\/\/hubsch-interior.com\/de\/produkt-kategorie\/moebel\/"},{"@type":"ListItem","position":4,"name":"Tische","item":"https:\/\/hubsch-interior.com\/de\/produkt-kategorie\/moebel\/tische-de\/"},{"@type":"ListItem","position":5,"name":"Beistelltische","item":"https:\/\/hubsch-interior.com\/de\/produkt-kategorie\/moebel\/tische-de\/beistelltische-de\/"},{"@type":"ListItem","position":6,"name":"Folk Regal Naturfarben"}]},{"@type":"WebSite","@id":"https:\/\/hubsch-interior.com\/de\/#website","url":"https:\/\/hubsch-interior.com\/de\/","name":"H\u00fcbsch","description":"Danish Home Interior and Design","publisher":{"@id":"https:\/\/hubsch-interior.com\/de\/#organization"},"potentialAction":[{"@type":"SearchAction","target":{"@type":"EntryPoint","urlTemplate":"https:\/\/hubsch-interior.com\/de\/?s={search_term_string}"},"query-input":{"@type":"PropertyValueSpecification","valueRequired":true,"valueName":"search_term_string"}}],"inLanguage":"de"},{"@type":"Organization","@id":"https:\/\/hubsch-interior.com\/de\/#organization","name":"H\u00fcbsch","url":"https:\/\/hubsch-interior.com\/de\/","logo":{"@type":"ImageObject","inLanguage":"de","@id":"https:\/\/hubsch-interior.com\/de\/#\/schema\/logo\/image\/","url":"https:\/\/hubsch-interior.com\/wp-content\/uploads\/2022\/12\/Hubsch_logo_black_one_line.svg","contentUrl":"https:\/\/hubsch-interior.com\/wp-content\/uploads\/2022\/12\/Hubsch_logo_black_one_line.svg","caption":"H\u00fcbsch"},"image":{"@id":"https:\/\/hubsch-interior.com\/de\/#\/schema\/logo\/image\/"}}]}},"_links":{"self":[{"href":"https:\/\/hubsch-interior.com\/de\/wp-json\/wp\/v2\/product\/30892","targetHints":{"allow":["GET"]}}],"collection":[{"href":"https:\/\/hubsch-interior.com\/de\/wp-json\/wp\/v2\/product"}],"about":[{"href":"https:\/\/hubsch-interior.com\/de\/wp-json\/wp\/v2\/types\/product"}],"wp:featuredmedia":[{"embeddable":true,"href":"https:\/\/hubsch-interior.com\/de\/wp-json\/wp\/v2\/media\/1101818"}],"wp:attachment":[{"href":"https:\/\/hubsch-interior.com\/de\/wp-json\/wp\/v2\/media?parent=30892"}],"wp:term":[{"taxonomy":"product_brand","embeddable":true,"href":"https:\/\/hubsch-interior.com\/de\/wp-json\/wp\/v2\/product_brand?post=30892"},{"taxonomy":"product_cat","embeddable":true,"href":"https:\/\/hubsch-interior.com\/de\/wp-json\/wp\/v2\/product_cat?post=30892"},{"taxonomy":"product_tag","embeddable":true,"href":"https:\/\/hubsch-interior.com\/de\/wp-json\/wp\/v2\/product_tag?post=30892"}],"curies":[{"name":"wp","href":"https:\/\/api.w.org\/{rel}","templated":true}]}}