{"id":35571,"date":"2020-12-15T09:27:54","date_gmt":"2020-12-15T08:27:54","guid":{"rendered":"https:\/\/hubsch-interior.com\/product\/product\/"},"modified":"2026-04-06T04:16:17","modified_gmt":"2026-04-06T02:16:17","slug":"fold-bilderleiste-nickel-2er-set","status":"publish","type":"product","link":"https:\/\/hubsch-interior.com\/de\/produkt\/fold-bilderleiste-nickel-2er-set\/","title":{"rendered":"Fold Bilderleiste Nickel (2er Set)"},"content":{"rendered":"<p>Die Fold Bilderleiste Nickel ist eine moderne und stilvolle L\u00f6sung, um Ihre Lieblingsfotos aufzuh\u00e4ngen. Hergestellt aus rostfreiem Stahl, ist die Leiste eine robuste und langlebige Option f\u00fcr Ihre Wanddekoration. Sie ist aus Nickel gefertigt und passt so zu jedem Einrichtungsstil. Einfach an der Wand zu befestigen, bringt die Leiste ein modernes und schlichtes Design in Ihr Zuhause. Die Bilderleiste ist die perfekte Wahl f\u00fcr Fotogalerie, Diashow oder jeden anderen Wandschmuck.<\/p>\n","protected":false},"excerpt":{"rendered":"<p>Die Fold Bilderleiste Nickel ist eine moderne und stilvolle L\u00f6sung, um Ihre Lieblingsfotos aufzuh\u00e4ngen. Hergestellt aus rostfreiem Stahl, ist die Leiste eine robuste und langlebige Option f\u00fcr Ihre Wanddekoration. Sie ist aus Nickel gefertigt und passt so zu jedem Einrichtungsstil. Einfach an der Wand zu befestigen, bringt die Leiste ein modernes und schlichtes Design in [&hellip;]<\/p>\n","protected":false},"featured_media":1092390,"template":"","meta":{"_acf_changed":false,"inline_featured_image":false},"product_brand":[],"product_cat":[4003,4024,5027],"product_tag":[],"class_list":{"0":"post-35571","1":"product","2":"type-product","3":"status-publish","4":"has-post-thumbnail","6":"product_cat-regale-aufbewahrung-de","7":"product_cat-ablagen-de","8":"product_cat-bestsellers-de","9":"product_shipping_class-pk","11":"pa_color-nickel-de","12":"pa_material-rostfreiem-stahl","14":"first","15":"instock","16":"featured","17":"taxable","18":"shipping-taxable","19":"purchasable","20":"product-type-simple"},"exclude_global_add_ons":[],"addons":[],"acf":[],"yoast_head":"<!-- This site is optimized with the Yoast SEO plugin v26.4 - https:\/\/yoast.com\/wordpress\/plugins\/seo\/ -->\n<title>Fold Bilderleiste Nickel (2er Set) - H\u00fcbsch<\/title>\n<meta name=\"description\" content=\"Die Fold Bilderleiste Nickel ist eine moderne und stilvolle L\u00f6sung, um Ihre Lieblingsfotos aufzuh\u00e4ngen. Hergestellt aus rostfreiem Stahl, ist die Leiste\" \/>\n<meta name=\"robots\" content=\"index, follow, max-snippet:-1, max-image-preview:large, max-video-preview:-1\" \/>\n<link rel=\"canonical\" href=\"https:\/\/hubsch-interior.com\/de\/wp-json\/wp\/v2\/product\/35571\" \/>\n<meta property=\"og:locale\" content=\"de_DE\" \/>\n<meta property=\"og:type\" content=\"article\" \/>\n<meta property=\"og:title\" content=\"Fold Bilderleiste Nickel (2er Set) - H\u00fcbsch\" \/>\n<meta property=\"og:description\" content=\"Die Fold Bilderleiste Nickel ist eine moderne und stilvolle L\u00f6sung, um Ihre Lieblingsfotos aufzuh\u00e4ngen. Hergestellt aus rostfreiem Stahl, ist die Leiste\" \/>\n<meta property=\"og:url\" content=\"https:\/\/hubsch-interior.com\/de\/produkt\/fold-bilderleiste-nickel-2er-set\/\" \/>\n<meta property=\"og:site_name\" content=\"H\u00fcbsch\" \/>\n<meta property=\"article:modified_time\" content=\"2026-04-06T02:16:17+00:00\" \/>\n<meta property=\"og:image\" content=\"https:\/\/hubsch-interior.com\/wp-content\/uploads\/2023\/10\/fold-picture-shelf-nickel-set-of-2-d99aa7a5ab055fdb51ca8617b116840d.jpg\" \/>\n\t<meta property=\"og:image:width\" content=\"1200\" \/>\n\t<meta property=\"og:image:height\" content=\"1200\" \/>\n\t<meta property=\"og:image:type\" content=\"image\/jpeg\" \/>\n<meta name=\"twitter:card\" content=\"summary_large_image\" \/>\n<script type=\"application\/ld+json\" class=\"yoast-schema-graph\">{\"@context\":\"https:\/\/schema.org\",\"@graph\":[{\"@type\":\"WebPage\",\"@id\":\"https:\/\/hubsch-interior.com\/de\/produkt\/fold-bilderleiste-nickel-2er-set\/\",\"url\":\"https:\/\/hubsch-interior.com\/de\/produkt\/fold-bilderleiste-nickel-2er-set\/\",\"name\":\"Fold Bilderleiste Nickel (2er Set) - H\u00fcbsch\",\"isPartOf\":{\"@id\":\"https:\/\/hubsch-interior.com\/de\/#website\"},\"primaryImageOfPage\":{\"@id\":\"https:\/\/hubsch-interior.com\/de\/produkt\/fold-bilderleiste-nickel-2er-set\/#primaryimage\"},\"image\":{\"@id\":\"https:\/\/hubsch-interior.com\/de\/produkt\/fold-bilderleiste-nickel-2er-set\/#primaryimage\"},\"thumbnailUrl\":\"https:\/\/hubsch-interior.com\/wp-content\/uploads\/2026\/02\/fold-picture-shelf-nickel-set-of-2-ddd8860b0202038ce01136aea6deb7da.jpg\",\"datePublished\":\"2020-12-15T08:27:54+00:00\",\"dateModified\":\"2026-04-06T02:16:17+00:00\",\"description\":\"Die Fold Bilderleiste Nickel ist eine moderne und stilvolle L\u00f6sung, um Ihre Lieblingsfotos aufzuh\u00e4ngen. Hergestellt aus rostfreiem Stahl, ist die Leiste\",\"breadcrumb\":{\"@id\":\"https:\/\/hubsch-interior.com\/de\/produkt\/fold-bilderleiste-nickel-2er-set\/#breadcrumb\"},\"inLanguage\":\"de\",\"potentialAction\":[{\"@type\":\"ReadAction\",\"target\":[\"https:\/\/hubsch-interior.com\/de\/produkt\/fold-bilderleiste-nickel-2er-set\/\"]}]},{\"@type\":\"ImageObject\",\"inLanguage\":\"de\",\"@id\":\"https:\/\/hubsch-interior.com\/de\/produkt\/fold-bilderleiste-nickel-2er-set\/#primaryimage\",\"url\":\"https:\/\/hubsch-interior.com\/wp-content\/uploads\/2026\/02\/fold-picture-shelf-nickel-set-of-2-ddd8860b0202038ce01136aea6deb7da.jpg\",\"contentUrl\":\"https:\/\/hubsch-interior.com\/wp-content\/uploads\/2026\/02\/fold-picture-shelf-nickel-set-of-2-ddd8860b0202038ce01136aea6deb7da.jpg\",\"width\":1024,\"height\":1024},{\"@type\":\"BreadcrumbList\",\"@id\":\"https:\/\/hubsch-interior.com\/de\/produkt\/fold-bilderleiste-nickel-2er-set\/#breadcrumb\",\"itemListElement\":[{\"@type\":\"ListItem\",\"position\":1,\"name\":\"Startseite\",\"item\":\"https:\/\/hubsch-interior.com\/de\/\"},{\"@type\":\"ListItem\",\"position\":2,\"name\":\"Produkte\",\"item\":\"https:\/\/hubsch-interior.com\/de\/shop-2\/\"},{\"@type\":\"ListItem\",\"position\":3,\"name\":\"M\u00f6bel\",\"item\":\"https:\/\/hubsch-interior.com\/de\/produkt-kategorie\/moebel\/\"},{\"@type\":\"ListItem\",\"position\":4,\"name\":\"Regale &amp; Aufbewahrung\",\"item\":\"https:\/\/hubsch-interior.com\/de\/produkt-kategorie\/moebel\/regale-aufbewahrung-de\/\"},{\"@type\":\"ListItem\",\"position\":5,\"name\":\"Ablagen\",\"item\":\"https:\/\/hubsch-interior.com\/de\/produkt-kategorie\/moebel\/regale-aufbewahrung-de\/ablagen-de\/\"},{\"@type\":\"ListItem\",\"position\":6,\"name\":\"Fold Bilderleiste Nickel (2er Set)\"}]},{\"@type\":\"WebSite\",\"@id\":\"https:\/\/hubsch-interior.com\/de\/#website\",\"url\":\"https:\/\/hubsch-interior.com\/de\/\",\"name\":\"H\u00fcbsch\",\"description\":\"Danish Home Interior and Design\",\"publisher\":{\"@id\":\"https:\/\/hubsch-interior.com\/de\/#organization\"},\"potentialAction\":[{\"@type\":\"SearchAction\",\"target\":{\"@type\":\"EntryPoint\",\"urlTemplate\":\"https:\/\/hubsch-interior.com\/de\/?s={search_term_string}\"},\"query-input\":{\"@type\":\"PropertyValueSpecification\",\"valueRequired\":true,\"valueName\":\"search_term_string\"}}],\"inLanguage\":\"de\"},{\"@type\":\"Organization\",\"@id\":\"https:\/\/hubsch-interior.com\/de\/#organization\",\"name\":\"H\u00fcbsch\",\"url\":\"https:\/\/hubsch-interior.com\/de\/\",\"logo\":{\"@type\":\"ImageObject\",\"inLanguage\":\"de\",\"@id\":\"https:\/\/hubsch-interior.com\/de\/#\/schema\/logo\/image\/\",\"url\":\"https:\/\/hubsch-interior.com\/wp-content\/uploads\/2022\/12\/Hubsch_logo_black_one_line.svg\",\"contentUrl\":\"https:\/\/hubsch-interior.com\/wp-content\/uploads\/2022\/12\/Hubsch_logo_black_one_line.svg\",\"caption\":\"H\u00fcbsch\"},\"image\":{\"@id\":\"https:\/\/hubsch-interior.com\/de\/#\/schema\/logo\/image\/\"}}]}<\/script>\n<!-- \/ Yoast SEO plugin. -->","yoast_head_json":{"title":"Fold Bilderleiste Nickel (2er Set) - H\u00fcbsch","description":"Die Fold Bilderleiste Nickel ist eine moderne und stilvolle L\u00f6sung, um Ihre Lieblingsfotos aufzuh\u00e4ngen. Hergestellt aus rostfreiem Stahl, ist die Leiste","robots":{"index":"index","follow":"follow","max-snippet":"max-snippet:-1","max-image-preview":"max-image-preview:large","max-video-preview":"max-video-preview:-1"},"canonical":"https:\/\/hubsch-interior.com\/de\/wp-json\/wp\/v2\/product\/35571","og_locale":"de_DE","og_type":"article","og_title":"Fold Bilderleiste Nickel (2er Set) - H\u00fcbsch","og_description":"Die Fold Bilderleiste Nickel ist eine moderne und stilvolle L\u00f6sung, um Ihre Lieblingsfotos aufzuh\u00e4ngen. Hergestellt aus rostfreiem Stahl, ist die Leiste","og_url":"https:\/\/hubsch-interior.com\/de\/produkt\/fold-bilderleiste-nickel-2er-set\/","og_site_name":"H\u00fcbsch","article_modified_time":"2026-04-06T02:16:17+00:00","og_image":[{"width":1200,"height":1200,"url":"https:\/\/hubsch-interior.com\/wp-content\/uploads\/2023\/10\/fold-picture-shelf-nickel-set-of-2-d99aa7a5ab055fdb51ca8617b116840d.jpg","type":"image\/jpeg"}],"twitter_card":"summary_large_image","schema":{"@context":"https:\/\/schema.org","@graph":[{"@type":"WebPage","@id":"https:\/\/hubsch-interior.com\/de\/produkt\/fold-bilderleiste-nickel-2er-set\/","url":"https:\/\/hubsch-interior.com\/de\/produkt\/fold-bilderleiste-nickel-2er-set\/","name":"Fold Bilderleiste Nickel (2er Set) - H\u00fcbsch","isPartOf":{"@id":"https:\/\/hubsch-interior.com\/de\/#website"},"primaryImageOfPage":{"@id":"https:\/\/hubsch-interior.com\/de\/produkt\/fold-bilderleiste-nickel-2er-set\/#primaryimage"},"image":{"@id":"https:\/\/hubsch-interior.com\/de\/produkt\/fold-bilderleiste-nickel-2er-set\/#primaryimage"},"thumbnailUrl":"https:\/\/hubsch-interior.com\/wp-content\/uploads\/2026\/02\/fold-picture-shelf-nickel-set-of-2-ddd8860b0202038ce01136aea6deb7da.jpg","datePublished":"2020-12-15T08:27:54+00:00","dateModified":"2026-04-06T02:16:17+00:00","description":"Die Fold Bilderleiste Nickel ist eine moderne und stilvolle L\u00f6sung, um Ihre Lieblingsfotos aufzuh\u00e4ngen. Hergestellt aus rostfreiem Stahl, ist die Leiste","breadcrumb":{"@id":"https:\/\/hubsch-interior.com\/de\/produkt\/fold-bilderleiste-nickel-2er-set\/#breadcrumb"},"inLanguage":"de","potentialAction":[{"@type":"ReadAction","target":["https:\/\/hubsch-interior.com\/de\/produkt\/fold-bilderleiste-nickel-2er-set\/"]}]},{"@type":"ImageObject","inLanguage":"de","@id":"https:\/\/hubsch-interior.com\/de\/produkt\/fold-bilderleiste-nickel-2er-set\/#primaryimage","url":"https:\/\/hubsch-interior.com\/wp-content\/uploads\/2026\/02\/fold-picture-shelf-nickel-set-of-2-ddd8860b0202038ce01136aea6deb7da.jpg","contentUrl":"https:\/\/hubsch-interior.com\/wp-content\/uploads\/2026\/02\/fold-picture-shelf-nickel-set-of-2-ddd8860b0202038ce01136aea6deb7da.jpg","width":1024,"height":1024},{"@type":"BreadcrumbList","@id":"https:\/\/hubsch-interior.com\/de\/produkt\/fold-bilderleiste-nickel-2er-set\/#breadcrumb","itemListElement":[{"@type":"ListItem","position":1,"name":"Startseite","item":"https:\/\/hubsch-interior.com\/de\/"},{"@type":"ListItem","position":2,"name":"Produkte","item":"https:\/\/hubsch-interior.com\/de\/shop-2\/"},{"@type":"ListItem","position":3,"name":"M\u00f6bel","item":"https:\/\/hubsch-interior.com\/de\/produkt-kategorie\/moebel\/"},{"@type":"ListItem","position":4,"name":"Regale &amp; Aufbewahrung","item":"https:\/\/hubsch-interior.com\/de\/produkt-kategorie\/moebel\/regale-aufbewahrung-de\/"},{"@type":"ListItem","position":5,"name":"Ablagen","item":"https:\/\/hubsch-interior.com\/de\/produkt-kategorie\/moebel\/regale-aufbewahrung-de\/ablagen-de\/"},{"@type":"ListItem","position":6,"name":"Fold Bilderleiste Nickel (2er Set)"}]},{"@type":"WebSite","@id":"https:\/\/hubsch-interior.com\/de\/#website","url":"https:\/\/hubsch-interior.com\/de\/","name":"H\u00fcbsch","description":"Danish Home Interior and Design","publisher":{"@id":"https:\/\/hubsch-interior.com\/de\/#organization"},"potentialAction":[{"@type":"SearchAction","target":{"@type":"EntryPoint","urlTemplate":"https:\/\/hubsch-interior.com\/de\/?s={search_term_string}"},"query-input":{"@type":"PropertyValueSpecification","valueRequired":true,"valueName":"search_term_string"}}],"inLanguage":"de"},{"@type":"Organization","@id":"https:\/\/hubsch-interior.com\/de\/#organization","name":"H\u00fcbsch","url":"https:\/\/hubsch-interior.com\/de\/","logo":{"@type":"ImageObject","inLanguage":"de","@id":"https:\/\/hubsch-interior.com\/de\/#\/schema\/logo\/image\/","url":"https:\/\/hubsch-interior.com\/wp-content\/uploads\/2022\/12\/Hubsch_logo_black_one_line.svg","contentUrl":"https:\/\/hubsch-interior.com\/wp-content\/uploads\/2022\/12\/Hubsch_logo_black_one_line.svg","caption":"H\u00fcbsch"},"image":{"@id":"https:\/\/hubsch-interior.com\/de\/#\/schema\/logo\/image\/"}}]}},"_links":{"self":[{"href":"https:\/\/hubsch-interior.com\/de\/wp-json\/wp\/v2\/product\/35571","targetHints":{"allow":["GET"]}}],"collection":[{"href":"https:\/\/hubsch-interior.com\/de\/wp-json\/wp\/v2\/product"}],"about":[{"href":"https:\/\/hubsch-interior.com\/de\/wp-json\/wp\/v2\/types\/product"}],"wp:featuredmedia":[{"embeddable":true,"href":"https:\/\/hubsch-interior.com\/de\/wp-json\/wp\/v2\/media\/1092390"}],"wp:attachment":[{"href":"https:\/\/hubsch-interior.com\/de\/wp-json\/wp\/v2\/media?parent=35571"}],"wp:term":[{"taxonomy":"product_brand","embeddable":true,"href":"https:\/\/hubsch-interior.com\/de\/wp-json\/wp\/v2\/product_brand?post=35571"},{"taxonomy":"product_cat","embeddable":true,"href":"https:\/\/hubsch-interior.com\/de\/wp-json\/wp\/v2\/product_cat?post=35571"},{"taxonomy":"product_tag","embeddable":true,"href":"https:\/\/hubsch-interior.com\/de\/wp-json\/wp\/v2\/product_tag?post=35571"}],"curies":[{"name":"wp","href":"https:\/\/api.w.org\/{rel}","templated":true}]}}