{"id":35863,"date":"2020-12-15T09:28:46","date_gmt":"2020-12-15T08:28:46","guid":{"rendered":"https:\/\/hubsch-interior.com\/product\/product\/"},"modified":"2026-04-09T04:16:38","modified_gmt":"2026-04-09T02:16:38","slug":"norm-wandregal-4-boden-schwarz","status":"publish","type":"product","link":"https:\/\/hubsch-interior.com\/de\/produkt\/norm-wandregal-4-boden-schwarz\/","title":{"rendered":"Norm Wandregal 4 B\u00f6den Schwarz"},"content":{"rendered":"<p>2Wenn Sie auf etwas stolz sind, stellen Sie es zur Schau! Dieses vierst\u00f6ckige Wandregal aus schwarzer Esche ist perfekt, um Ihre Lieblingsb\u00fccher, Pflanzen oder Erbst\u00fccke zu pr\u00e4sentieren. Es bringt nicht nur Ordnung in Ihren Raum, sondern sorgt auch f\u00fcr ein helles und luftiges Flair und l\u00e4sst alle Ihre Stauraumprobleme verschwinden. Wissen Sie, was das Beste an diesem Regal ist? Das Holz ist FSC\u00ae-zertifiziert! Und wir finden, das ist das Beste seit geschnittenem Brot.<\/p>\n","protected":false},"excerpt":{"rendered":"<p>2Wenn Sie auf etwas stolz sind, stellen Sie es zur Schau! Dieses vierst\u00f6ckige Wandregal aus schwarzer Esche ist perfekt, um Ihre Lieblingsb\u00fccher, Pflanzen oder Erbst\u00fccke zu pr\u00e4sentieren. Es bringt nicht nur Ordnung in Ihren Raum, sondern sorgt auch f\u00fcr ein helles und luftiges Flair und l\u00e4sst alle Ihre Stauraumprobleme verschwinden. Wissen Sie, was das Beste [&hellip;]<\/p>\n","protected":false},"featured_media":1092459,"template":"","meta":{"_acf_changed":false,"inline_featured_image":false},"product_brand":[],"product_cat":[6893,6323,4003,4012,4024,5027],"product_tag":[],"class_list":{"0":"post-35863","1":"product","2":"type-product","3":"status-publish","4":"has-post-thumbnail","6":"product_cat-multifunktionale-moebel-de","7":"product_cat-fsc-de","8":"product_cat-regale-aufbewahrung-de","9":"product_cat-regale-de","10":"product_cat-ablagen-de","11":"product_cat-bestsellers-de","12":"product_shipping_class-p05","14":"pa_color-schwarz","15":"pa_material-eisen-de","16":"pa_material-eschenholz","18":"first","19":"instock","20":"featured","21":"taxable","22":"shipping-taxable","23":"purchasable","24":"product-type-simple"},"exclude_global_add_ons":[],"addons":[],"acf":[],"yoast_head":"<!-- This site is optimized with the Yoast SEO plugin v26.4 - https:\/\/yoast.com\/wordpress\/plugins\/seo\/ -->\n<title>Norm Wandregal 4 B\u00f6den Schwarz - H\u00fcbsch<\/title>\n<meta name=\"description\" content=\"2Wenn Sie auf etwas stolz sind, stellen Sie es zur Schau! Dieses vierst\u00f6ckige Wandregal aus schwarzer Esche ist perfekt, um Ihre Lieblingsb\u00fccher, Pflanzen\" \/>\n<meta name=\"robots\" content=\"index, follow, max-snippet:-1, max-image-preview:large, max-video-preview:-1\" \/>\n<link rel=\"canonical\" href=\"https:\/\/hubsch-interior.com\/de\/wp-json\/wp\/v2\/product\/35863\" \/>\n<meta property=\"og:locale\" content=\"de_DE\" \/>\n<meta property=\"og:type\" content=\"article\" \/>\n<meta property=\"og:title\" content=\"Norm Wandregal 4 B\u00f6den Schwarz - H\u00fcbsch\" \/>\n<meta property=\"og:description\" content=\"2Wenn Sie auf etwas stolz sind, stellen Sie es zur Schau! Dieses vierst\u00f6ckige Wandregal aus schwarzer Esche ist perfekt, um Ihre Lieblingsb\u00fccher, Pflanzen\" \/>\n<meta property=\"og:url\" content=\"https:\/\/hubsch-interior.com\/de\/produkt\/norm-wandregal-4-boden-schwarz\/\" \/>\n<meta property=\"og:site_name\" content=\"H\u00fcbsch\" \/>\n<meta property=\"article:modified_time\" content=\"2026-04-09T02:16:38+00:00\" \/>\n<meta property=\"og:image\" content=\"https:\/\/hubsch-interior.com\/wp-content\/uploads\/2026\/02\/norm-wall-shelf-unit-4-shelves-black-422248680cb25886da99f4cf41526072.jpg\" \/>\n\t<meta property=\"og:image:width\" content=\"1024\" \/>\n\t<meta property=\"og:image:height\" content=\"1024\" \/>\n\t<meta property=\"og:image:type\" content=\"image\/jpeg\" \/>\n<meta name=\"twitter:card\" content=\"summary_large_image\" \/>\n<script type=\"application\/ld+json\" class=\"yoast-schema-graph\">{\"@context\":\"https:\/\/schema.org\",\"@graph\":[{\"@type\":\"WebPage\",\"@id\":\"https:\/\/hubsch-interior.com\/de\/produkt\/norm-wandregal-4-boden-schwarz\/\",\"url\":\"https:\/\/hubsch-interior.com\/de\/produkt\/norm-wandregal-4-boden-schwarz\/\",\"name\":\"Norm Wandregal 4 B\u00f6den Schwarz - H\u00fcbsch\",\"isPartOf\":{\"@id\":\"https:\/\/hubsch-interior.com\/de\/#website\"},\"primaryImageOfPage\":{\"@id\":\"https:\/\/hubsch-interior.com\/de\/produkt\/norm-wandregal-4-boden-schwarz\/#primaryimage\"},\"image\":{\"@id\":\"https:\/\/hubsch-interior.com\/de\/produkt\/norm-wandregal-4-boden-schwarz\/#primaryimage\"},\"thumbnailUrl\":\"https:\/\/hubsch-interior.com\/wp-content\/uploads\/2026\/02\/norm-wall-shelf-unit-4-shelves-black-422248680cb25886da99f4cf41526072.jpg\",\"datePublished\":\"2020-12-15T08:28:46+00:00\",\"dateModified\":\"2026-04-09T02:16:38+00:00\",\"description\":\"2Wenn Sie auf etwas stolz sind, stellen Sie es zur Schau! Dieses vierst\u00f6ckige Wandregal aus schwarzer Esche ist perfekt, um Ihre Lieblingsb\u00fccher, Pflanzen\",\"breadcrumb\":{\"@id\":\"https:\/\/hubsch-interior.com\/de\/produkt\/norm-wandregal-4-boden-schwarz\/#breadcrumb\"},\"inLanguage\":\"de\",\"potentialAction\":[{\"@type\":\"ReadAction\",\"target\":[\"https:\/\/hubsch-interior.com\/de\/produkt\/norm-wandregal-4-boden-schwarz\/\"]}]},{\"@type\":\"ImageObject\",\"inLanguage\":\"de\",\"@id\":\"https:\/\/hubsch-interior.com\/de\/produkt\/norm-wandregal-4-boden-schwarz\/#primaryimage\",\"url\":\"https:\/\/hubsch-interior.com\/wp-content\/uploads\/2026\/02\/norm-wall-shelf-unit-4-shelves-black-422248680cb25886da99f4cf41526072.jpg\",\"contentUrl\":\"https:\/\/hubsch-interior.com\/wp-content\/uploads\/2026\/02\/norm-wall-shelf-unit-4-shelves-black-422248680cb25886da99f4cf41526072.jpg\",\"width\":1024,\"height\":1024},{\"@type\":\"BreadcrumbList\",\"@id\":\"https:\/\/hubsch-interior.com\/de\/produkt\/norm-wandregal-4-boden-schwarz\/#breadcrumb\",\"itemListElement\":[{\"@type\":\"ListItem\",\"position\":1,\"name\":\"Startseite\",\"item\":\"https:\/\/hubsch-interior.com\/de\/\"},{\"@type\":\"ListItem\",\"position\":2,\"name\":\"Produkte\",\"item\":\"https:\/\/hubsch-interior.com\/de\/shop-2\/\"},{\"@type\":\"ListItem\",\"position\":3,\"name\":\"M\u00f6bel\",\"item\":\"https:\/\/hubsch-interior.com\/de\/produkt-kategorie\/moebel\/\"},{\"@type\":\"ListItem\",\"position\":4,\"name\":\"Regale &amp; Aufbewahrung\",\"item\":\"https:\/\/hubsch-interior.com\/de\/produkt-kategorie\/moebel\/regale-aufbewahrung-de\/\"},{\"@type\":\"ListItem\",\"position\":5,\"name\":\"Regale\",\"item\":\"https:\/\/hubsch-interior.com\/de\/produkt-kategorie\/moebel\/regale-aufbewahrung-de\/regale-de\/\"},{\"@type\":\"ListItem\",\"position\":6,\"name\":\"Norm Wandregal 4 B\u00f6den Schwarz\"}]},{\"@type\":\"WebSite\",\"@id\":\"https:\/\/hubsch-interior.com\/de\/#website\",\"url\":\"https:\/\/hubsch-interior.com\/de\/\",\"name\":\"H\u00fcbsch\",\"description\":\"Danish Home Interior and Design\",\"publisher\":{\"@id\":\"https:\/\/hubsch-interior.com\/de\/#organization\"},\"potentialAction\":[{\"@type\":\"SearchAction\",\"target\":{\"@type\":\"EntryPoint\",\"urlTemplate\":\"https:\/\/hubsch-interior.com\/de\/?s={search_term_string}\"},\"query-input\":{\"@type\":\"PropertyValueSpecification\",\"valueRequired\":true,\"valueName\":\"search_term_string\"}}],\"inLanguage\":\"de\"},{\"@type\":\"Organization\",\"@id\":\"https:\/\/hubsch-interior.com\/de\/#organization\",\"name\":\"H\u00fcbsch\",\"url\":\"https:\/\/hubsch-interior.com\/de\/\",\"logo\":{\"@type\":\"ImageObject\",\"inLanguage\":\"de\",\"@id\":\"https:\/\/hubsch-interior.com\/de\/#\/schema\/logo\/image\/\",\"url\":\"https:\/\/hubsch-interior.com\/wp-content\/uploads\/2022\/12\/Hubsch_logo_black_one_line.svg\",\"contentUrl\":\"https:\/\/hubsch-interior.com\/wp-content\/uploads\/2022\/12\/Hubsch_logo_black_one_line.svg\",\"caption\":\"H\u00fcbsch\"},\"image\":{\"@id\":\"https:\/\/hubsch-interior.com\/de\/#\/schema\/logo\/image\/\"}}]}<\/script>\n<!-- \/ Yoast SEO plugin. -->","yoast_head_json":{"title":"Norm Wandregal 4 B\u00f6den Schwarz - H\u00fcbsch","description":"2Wenn Sie auf etwas stolz sind, stellen Sie es zur Schau! Dieses vierst\u00f6ckige Wandregal aus schwarzer Esche ist perfekt, um Ihre Lieblingsb\u00fccher, Pflanzen","robots":{"index":"index","follow":"follow","max-snippet":"max-snippet:-1","max-image-preview":"max-image-preview:large","max-video-preview":"max-video-preview:-1"},"canonical":"https:\/\/hubsch-interior.com\/de\/wp-json\/wp\/v2\/product\/35863","og_locale":"de_DE","og_type":"article","og_title":"Norm Wandregal 4 B\u00f6den Schwarz - H\u00fcbsch","og_description":"2Wenn Sie auf etwas stolz sind, stellen Sie es zur Schau! Dieses vierst\u00f6ckige Wandregal aus schwarzer Esche ist perfekt, um Ihre Lieblingsb\u00fccher, Pflanzen","og_url":"https:\/\/hubsch-interior.com\/de\/produkt\/norm-wandregal-4-boden-schwarz\/","og_site_name":"H\u00fcbsch","article_modified_time":"2026-04-09T02:16:38+00:00","og_image":[{"width":1024,"height":1024,"url":"https:\/\/hubsch-interior.com\/wp-content\/uploads\/2026\/02\/norm-wall-shelf-unit-4-shelves-black-422248680cb25886da99f4cf41526072.jpg","type":"image\/jpeg"}],"twitter_card":"summary_large_image","schema":{"@context":"https:\/\/schema.org","@graph":[{"@type":"WebPage","@id":"https:\/\/hubsch-interior.com\/de\/produkt\/norm-wandregal-4-boden-schwarz\/","url":"https:\/\/hubsch-interior.com\/de\/produkt\/norm-wandregal-4-boden-schwarz\/","name":"Norm Wandregal 4 B\u00f6den Schwarz - H\u00fcbsch","isPartOf":{"@id":"https:\/\/hubsch-interior.com\/de\/#website"},"primaryImageOfPage":{"@id":"https:\/\/hubsch-interior.com\/de\/produkt\/norm-wandregal-4-boden-schwarz\/#primaryimage"},"image":{"@id":"https:\/\/hubsch-interior.com\/de\/produkt\/norm-wandregal-4-boden-schwarz\/#primaryimage"},"thumbnailUrl":"https:\/\/hubsch-interior.com\/wp-content\/uploads\/2026\/02\/norm-wall-shelf-unit-4-shelves-black-422248680cb25886da99f4cf41526072.jpg","datePublished":"2020-12-15T08:28:46+00:00","dateModified":"2026-04-09T02:16:38+00:00","description":"2Wenn Sie auf etwas stolz sind, stellen Sie es zur Schau! Dieses vierst\u00f6ckige Wandregal aus schwarzer Esche ist perfekt, um Ihre Lieblingsb\u00fccher, Pflanzen","breadcrumb":{"@id":"https:\/\/hubsch-interior.com\/de\/produkt\/norm-wandregal-4-boden-schwarz\/#breadcrumb"},"inLanguage":"de","potentialAction":[{"@type":"ReadAction","target":["https:\/\/hubsch-interior.com\/de\/produkt\/norm-wandregal-4-boden-schwarz\/"]}]},{"@type":"ImageObject","inLanguage":"de","@id":"https:\/\/hubsch-interior.com\/de\/produkt\/norm-wandregal-4-boden-schwarz\/#primaryimage","url":"https:\/\/hubsch-interior.com\/wp-content\/uploads\/2026\/02\/norm-wall-shelf-unit-4-shelves-black-422248680cb25886da99f4cf41526072.jpg","contentUrl":"https:\/\/hubsch-interior.com\/wp-content\/uploads\/2026\/02\/norm-wall-shelf-unit-4-shelves-black-422248680cb25886da99f4cf41526072.jpg","width":1024,"height":1024},{"@type":"BreadcrumbList","@id":"https:\/\/hubsch-interior.com\/de\/produkt\/norm-wandregal-4-boden-schwarz\/#breadcrumb","itemListElement":[{"@type":"ListItem","position":1,"name":"Startseite","item":"https:\/\/hubsch-interior.com\/de\/"},{"@type":"ListItem","position":2,"name":"Produkte","item":"https:\/\/hubsch-interior.com\/de\/shop-2\/"},{"@type":"ListItem","position":3,"name":"M\u00f6bel","item":"https:\/\/hubsch-interior.com\/de\/produkt-kategorie\/moebel\/"},{"@type":"ListItem","position":4,"name":"Regale &amp; Aufbewahrung","item":"https:\/\/hubsch-interior.com\/de\/produkt-kategorie\/moebel\/regale-aufbewahrung-de\/"},{"@type":"ListItem","position":5,"name":"Regale","item":"https:\/\/hubsch-interior.com\/de\/produkt-kategorie\/moebel\/regale-aufbewahrung-de\/regale-de\/"},{"@type":"ListItem","position":6,"name":"Norm Wandregal 4 B\u00f6den Schwarz"}]},{"@type":"WebSite","@id":"https:\/\/hubsch-interior.com\/de\/#website","url":"https:\/\/hubsch-interior.com\/de\/","name":"H\u00fcbsch","description":"Danish Home Interior and Design","publisher":{"@id":"https:\/\/hubsch-interior.com\/de\/#organization"},"potentialAction":[{"@type":"SearchAction","target":{"@type":"EntryPoint","urlTemplate":"https:\/\/hubsch-interior.com\/de\/?s={search_term_string}"},"query-input":{"@type":"PropertyValueSpecification","valueRequired":true,"valueName":"search_term_string"}}],"inLanguage":"de"},{"@type":"Organization","@id":"https:\/\/hubsch-interior.com\/de\/#organization","name":"H\u00fcbsch","url":"https:\/\/hubsch-interior.com\/de\/","logo":{"@type":"ImageObject","inLanguage":"de","@id":"https:\/\/hubsch-interior.com\/de\/#\/schema\/logo\/image\/","url":"https:\/\/hubsch-interior.com\/wp-content\/uploads\/2022\/12\/Hubsch_logo_black_one_line.svg","contentUrl":"https:\/\/hubsch-interior.com\/wp-content\/uploads\/2022\/12\/Hubsch_logo_black_one_line.svg","caption":"H\u00fcbsch"},"image":{"@id":"https:\/\/hubsch-interior.com\/de\/#\/schema\/logo\/image\/"}}]}},"_links":{"self":[{"href":"https:\/\/hubsch-interior.com\/de\/wp-json\/wp\/v2\/product\/35863","targetHints":{"allow":["GET"]}}],"collection":[{"href":"https:\/\/hubsch-interior.com\/de\/wp-json\/wp\/v2\/product"}],"about":[{"href":"https:\/\/hubsch-interior.com\/de\/wp-json\/wp\/v2\/types\/product"}],"wp:featuredmedia":[{"embeddable":true,"href":"https:\/\/hubsch-interior.com\/de\/wp-json\/wp\/v2\/media\/1092459"}],"wp:attachment":[{"href":"https:\/\/hubsch-interior.com\/de\/wp-json\/wp\/v2\/media?parent=35863"}],"wp:term":[{"taxonomy":"product_brand","embeddable":true,"href":"https:\/\/hubsch-interior.com\/de\/wp-json\/wp\/v2\/product_brand?post=35863"},{"taxonomy":"product_cat","embeddable":true,"href":"https:\/\/hubsch-interior.com\/de\/wp-json\/wp\/v2\/product_cat?post=35863"},{"taxonomy":"product_tag","embeddable":true,"href":"https:\/\/hubsch-interior.com\/de\/wp-json\/wp\/v2\/product_tag?post=35863"}],"curies":[{"name":"wp","href":"https:\/\/api.w.org\/{rel}","templated":true}]}}