{"id":38663,"date":"2020-12-15T09:42:46","date_gmt":"2020-12-15T08:42:46","guid":{"rendered":"https:\/\/hubsch-interior.com\/product\/product-3\/"},"modified":"2026-04-09T04:40:33","modified_gmt":"2026-04-09T02:40:33","slug":"care-topfe-gelb-2er-set","status":"publish","type":"product","link":"https:\/\/hubsch-interior.com\/de\/produkt\/care-topfe-gelb-2er-set\/","title":{"rendered":"Care T\u00f6pfe Gelb (2er Set)"},"content":{"rendered":"<p>Das Care T\u00f6pfe Gelb (2er Set) ist ein tolles Set aus zwei T\u00f6pfen, ideal f\u00fcr den Au\u00dfenbereich. Sie sind aus hochwertiger Keramik hergestellt und in einem strahlenden Gelb gehalten, was sie zu einem echten Blickfang macht. Dieses Set ist eine tolle Erg\u00e4nzung f\u00fcr jede Terrasse oder Garten und sorgt f\u00fcr einen sch\u00f6nen Anblick. Dank der hochwertigen Keramik sind die T\u00f6pfe sehr robust und langlebig.<\/p>\n","protected":false},"excerpt":{"rendered":"<p>Das Care T\u00f6pfe Gelb (2er Set) ist ein tolles Set aus zwei T\u00f6pfen, ideal f\u00fcr den Au\u00dfenbereich. Sie sind aus hochwertiger Keramik hergestellt und in einem strahlenden Gelb gehalten, was sie zu einem echten Blickfang macht. Dieses Set ist eine tolle Erg\u00e4nzung f\u00fcr jede Terrasse oder Garten und sorgt f\u00fcr einen sch\u00f6nen Anblick. Dank der [&hellip;]<\/p>\n","protected":false},"featured_media":1099785,"template":"","meta":{"_acf_changed":false,"inline_featured_image":false},"product_brand":[],"product_cat":[4925,4916],"product_tag":[],"class_list":{"0":"post-38663","1":"product","2":"type-product","3":"status-publish","4":"has-post-thumbnail","6":"product_cat-blumentoepfe-de","7":"product_cat-toepfe-giesskannen-de","8":"product_shipping_class-pk","10":"pa_color-gelb","11":"pa_material-keramik","13":"first","14":"instock","15":"taxable","16":"shipping-taxable","17":"purchasable","18":"product-type-simple"},"exclude_global_add_ons":[],"addons":[],"acf":[],"yoast_head":"<!-- This site is optimized with the Yoast SEO plugin v26.4 - https:\/\/yoast.com\/wordpress\/plugins\/seo\/ -->\n<title>Care T\u00f6pfe Gelb (2er Set) - H\u00fcbsch<\/title>\n<meta name=\"description\" content=\"Das Care T\u00f6pfe Gelb (2er Set) ist ein tolles Set aus zwei T\u00f6pfen, ideal f\u00fcr den Au\u00dfenbereich. Sie sind aus hochwertiger Keramik hergestellt und in einem\" \/>\n<meta name=\"robots\" content=\"index, follow, max-snippet:-1, max-image-preview:large, max-video-preview:-1\" \/>\n<link rel=\"canonical\" href=\"https:\/\/hubsch-interior.com\/de\/wp-json\/wp\/v2\/product\/38663\" \/>\n<meta property=\"og:locale\" content=\"de_DE\" \/>\n<meta property=\"og:type\" content=\"article\" \/>\n<meta property=\"og:title\" content=\"Care T\u00f6pfe Gelb (2er Set) - H\u00fcbsch\" \/>\n<meta property=\"og:description\" content=\"Das Care T\u00f6pfe Gelb (2er Set) ist ein tolles Set aus zwei T\u00f6pfen, ideal f\u00fcr den Au\u00dfenbereich. Sie sind aus hochwertiger Keramik hergestellt und in einem\" \/>\n<meta property=\"og:url\" content=\"https:\/\/hubsch-interior.com\/de\/produkt\/care-topfe-gelb-2er-set\/\" \/>\n<meta property=\"og:site_name\" content=\"H\u00fcbsch\" \/>\n<meta property=\"article:modified_time\" content=\"2026-04-09T02:40:33+00:00\" \/>\n<meta property=\"og:image\" content=\"https:\/\/hubsch-interior.com\/wp-content\/uploads\/2025\/04\/care-pots-yellow-set-of-2-d92b6710192964b3ba0c23b665a67c8c.jpg\" \/>\n\t<meta property=\"og:image:width\" content=\"1200\" \/>\n\t<meta property=\"og:image:height\" content=\"1200\" \/>\n\t<meta property=\"og:image:type\" content=\"image\/jpeg\" \/>\n<meta name=\"twitter:card\" content=\"summary_large_image\" \/>\n<script type=\"application\/ld+json\" class=\"yoast-schema-graph\">{\"@context\":\"https:\/\/schema.org\",\"@graph\":[{\"@type\":\"WebPage\",\"@id\":\"https:\/\/hubsch-interior.com\/de\/produkt\/care-topfe-gelb-2er-set\/\",\"url\":\"https:\/\/hubsch-interior.com\/de\/produkt\/care-topfe-gelb-2er-set\/\",\"name\":\"Care T\u00f6pfe Gelb (2er Set) - H\u00fcbsch\",\"isPartOf\":{\"@id\":\"https:\/\/hubsch-interior.com\/de\/#website\"},\"primaryImageOfPage\":{\"@id\":\"https:\/\/hubsch-interior.com\/de\/produkt\/care-topfe-gelb-2er-set\/#primaryimage\"},\"image\":{\"@id\":\"https:\/\/hubsch-interior.com\/de\/produkt\/care-topfe-gelb-2er-set\/#primaryimage\"},\"thumbnailUrl\":\"https:\/\/hubsch-interior.com\/wp-content\/uploads\/2026\/02\/care-pots-yellow-set-of-2-47054f70e48ea3663dd167fb3c6415ff.jpg\",\"datePublished\":\"2020-12-15T08:42:46+00:00\",\"dateModified\":\"2026-04-09T02:40:33+00:00\",\"description\":\"Das Care T\u00f6pfe Gelb (2er Set) ist ein tolles Set aus zwei T\u00f6pfen, ideal f\u00fcr den Au\u00dfenbereich. Sie sind aus hochwertiger Keramik hergestellt und in einem\",\"breadcrumb\":{\"@id\":\"https:\/\/hubsch-interior.com\/de\/produkt\/care-topfe-gelb-2er-set\/#breadcrumb\"},\"inLanguage\":\"de\",\"potentialAction\":[{\"@type\":\"ReadAction\",\"target\":[\"https:\/\/hubsch-interior.com\/de\/produkt\/care-topfe-gelb-2er-set\/\"]}]},{\"@type\":\"ImageObject\",\"inLanguage\":\"de\",\"@id\":\"https:\/\/hubsch-interior.com\/de\/produkt\/care-topfe-gelb-2er-set\/#primaryimage\",\"url\":\"https:\/\/hubsch-interior.com\/wp-content\/uploads\/2026\/02\/care-pots-yellow-set-of-2-47054f70e48ea3663dd167fb3c6415ff.jpg\",\"contentUrl\":\"https:\/\/hubsch-interior.com\/wp-content\/uploads\/2026\/02\/care-pots-yellow-set-of-2-47054f70e48ea3663dd167fb3c6415ff.jpg\",\"width\":1024,\"height\":1024},{\"@type\":\"BreadcrumbList\",\"@id\":\"https:\/\/hubsch-interior.com\/de\/produkt\/care-topfe-gelb-2er-set\/#breadcrumb\",\"itemListElement\":[{\"@type\":\"ListItem\",\"position\":1,\"name\":\"Startseite\",\"item\":\"https:\/\/hubsch-interior.com\/de\/\"},{\"@type\":\"ListItem\",\"position\":2,\"name\":\"Produkte\",\"item\":\"https:\/\/hubsch-interior.com\/de\/shop-2\/\"},{\"@type\":\"ListItem\",\"position\":3,\"name\":\"Wohnaccessoires\",\"item\":\"https:\/\/hubsch-interior.com\/de\/produkt-kategorie\/wohnaccessoires\/\"},{\"@type\":\"ListItem\",\"position\":4,\"name\":\"T&ouml;pfe &amp; Gie&szlig;kannen\",\"item\":\"https:\/\/hubsch-interior.com\/de\/produkt-kategorie\/wohnaccessoires\/toepfe-giesskannen-de\/\"},{\"@type\":\"ListItem\",\"position\":5,\"name\":\"Blument&ouml;pfe\",\"item\":\"https:\/\/hubsch-interior.com\/de\/produkt-kategorie\/wohnaccessoires\/toepfe-giesskannen-de\/blumentoepfe-de\/\"},{\"@type\":\"ListItem\",\"position\":6,\"name\":\"Care T\u00f6pfe Gelb (2er Set)\"}]},{\"@type\":\"WebSite\",\"@id\":\"https:\/\/hubsch-interior.com\/de\/#website\",\"url\":\"https:\/\/hubsch-interior.com\/de\/\",\"name\":\"H\u00fcbsch\",\"description\":\"Danish Home Interior and Design\",\"publisher\":{\"@id\":\"https:\/\/hubsch-interior.com\/de\/#organization\"},\"potentialAction\":[{\"@type\":\"SearchAction\",\"target\":{\"@type\":\"EntryPoint\",\"urlTemplate\":\"https:\/\/hubsch-interior.com\/de\/?s={search_term_string}\"},\"query-input\":{\"@type\":\"PropertyValueSpecification\",\"valueRequired\":true,\"valueName\":\"search_term_string\"}}],\"inLanguage\":\"de\"},{\"@type\":\"Organization\",\"@id\":\"https:\/\/hubsch-interior.com\/de\/#organization\",\"name\":\"H\u00fcbsch\",\"url\":\"https:\/\/hubsch-interior.com\/de\/\",\"logo\":{\"@type\":\"ImageObject\",\"inLanguage\":\"de\",\"@id\":\"https:\/\/hubsch-interior.com\/de\/#\/schema\/logo\/image\/\",\"url\":\"https:\/\/hubsch-interior.com\/wp-content\/uploads\/2022\/12\/Hubsch_logo_black_one_line.svg\",\"contentUrl\":\"https:\/\/hubsch-interior.com\/wp-content\/uploads\/2022\/12\/Hubsch_logo_black_one_line.svg\",\"caption\":\"H\u00fcbsch\"},\"image\":{\"@id\":\"https:\/\/hubsch-interior.com\/de\/#\/schema\/logo\/image\/\"}}]}<\/script>\n<!-- \/ Yoast SEO plugin. -->","yoast_head_json":{"title":"Care T\u00f6pfe Gelb (2er Set) - H\u00fcbsch","description":"Das Care T\u00f6pfe Gelb (2er Set) ist ein tolles Set aus zwei T\u00f6pfen, ideal f\u00fcr den Au\u00dfenbereich. Sie sind aus hochwertiger Keramik hergestellt und in einem","robots":{"index":"index","follow":"follow","max-snippet":"max-snippet:-1","max-image-preview":"max-image-preview:large","max-video-preview":"max-video-preview:-1"},"canonical":"https:\/\/hubsch-interior.com\/de\/wp-json\/wp\/v2\/product\/38663","og_locale":"de_DE","og_type":"article","og_title":"Care T\u00f6pfe Gelb (2er Set) - H\u00fcbsch","og_description":"Das Care T\u00f6pfe Gelb (2er Set) ist ein tolles Set aus zwei T\u00f6pfen, ideal f\u00fcr den Au\u00dfenbereich. Sie sind aus hochwertiger Keramik hergestellt und in einem","og_url":"https:\/\/hubsch-interior.com\/de\/produkt\/care-topfe-gelb-2er-set\/","og_site_name":"H\u00fcbsch","article_modified_time":"2026-04-09T02:40:33+00:00","og_image":[{"width":1200,"height":1200,"url":"https:\/\/hubsch-interior.com\/wp-content\/uploads\/2025\/04\/care-pots-yellow-set-of-2-d92b6710192964b3ba0c23b665a67c8c.jpg","type":"image\/jpeg"}],"twitter_card":"summary_large_image","schema":{"@context":"https:\/\/schema.org","@graph":[{"@type":"WebPage","@id":"https:\/\/hubsch-interior.com\/de\/produkt\/care-topfe-gelb-2er-set\/","url":"https:\/\/hubsch-interior.com\/de\/produkt\/care-topfe-gelb-2er-set\/","name":"Care T\u00f6pfe Gelb (2er Set) - H\u00fcbsch","isPartOf":{"@id":"https:\/\/hubsch-interior.com\/de\/#website"},"primaryImageOfPage":{"@id":"https:\/\/hubsch-interior.com\/de\/produkt\/care-topfe-gelb-2er-set\/#primaryimage"},"image":{"@id":"https:\/\/hubsch-interior.com\/de\/produkt\/care-topfe-gelb-2er-set\/#primaryimage"},"thumbnailUrl":"https:\/\/hubsch-interior.com\/wp-content\/uploads\/2026\/02\/care-pots-yellow-set-of-2-47054f70e48ea3663dd167fb3c6415ff.jpg","datePublished":"2020-12-15T08:42:46+00:00","dateModified":"2026-04-09T02:40:33+00:00","description":"Das Care T\u00f6pfe Gelb (2er Set) ist ein tolles Set aus zwei T\u00f6pfen, ideal f\u00fcr den Au\u00dfenbereich. Sie sind aus hochwertiger Keramik hergestellt und in einem","breadcrumb":{"@id":"https:\/\/hubsch-interior.com\/de\/produkt\/care-topfe-gelb-2er-set\/#breadcrumb"},"inLanguage":"de","potentialAction":[{"@type":"ReadAction","target":["https:\/\/hubsch-interior.com\/de\/produkt\/care-topfe-gelb-2er-set\/"]}]},{"@type":"ImageObject","inLanguage":"de","@id":"https:\/\/hubsch-interior.com\/de\/produkt\/care-topfe-gelb-2er-set\/#primaryimage","url":"https:\/\/hubsch-interior.com\/wp-content\/uploads\/2026\/02\/care-pots-yellow-set-of-2-47054f70e48ea3663dd167fb3c6415ff.jpg","contentUrl":"https:\/\/hubsch-interior.com\/wp-content\/uploads\/2026\/02\/care-pots-yellow-set-of-2-47054f70e48ea3663dd167fb3c6415ff.jpg","width":1024,"height":1024},{"@type":"BreadcrumbList","@id":"https:\/\/hubsch-interior.com\/de\/produkt\/care-topfe-gelb-2er-set\/#breadcrumb","itemListElement":[{"@type":"ListItem","position":1,"name":"Startseite","item":"https:\/\/hubsch-interior.com\/de\/"},{"@type":"ListItem","position":2,"name":"Produkte","item":"https:\/\/hubsch-interior.com\/de\/shop-2\/"},{"@type":"ListItem","position":3,"name":"Wohnaccessoires","item":"https:\/\/hubsch-interior.com\/de\/produkt-kategorie\/wohnaccessoires\/"},{"@type":"ListItem","position":4,"name":"T&ouml;pfe &amp; Gie&szlig;kannen","item":"https:\/\/hubsch-interior.com\/de\/produkt-kategorie\/wohnaccessoires\/toepfe-giesskannen-de\/"},{"@type":"ListItem","position":5,"name":"Blument&ouml;pfe","item":"https:\/\/hubsch-interior.com\/de\/produkt-kategorie\/wohnaccessoires\/toepfe-giesskannen-de\/blumentoepfe-de\/"},{"@type":"ListItem","position":6,"name":"Care T\u00f6pfe Gelb (2er Set)"}]},{"@type":"WebSite","@id":"https:\/\/hubsch-interior.com\/de\/#website","url":"https:\/\/hubsch-interior.com\/de\/","name":"H\u00fcbsch","description":"Danish Home Interior and Design","publisher":{"@id":"https:\/\/hubsch-interior.com\/de\/#organization"},"potentialAction":[{"@type":"SearchAction","target":{"@type":"EntryPoint","urlTemplate":"https:\/\/hubsch-interior.com\/de\/?s={search_term_string}"},"query-input":{"@type":"PropertyValueSpecification","valueRequired":true,"valueName":"search_term_string"}}],"inLanguage":"de"},{"@type":"Organization","@id":"https:\/\/hubsch-interior.com\/de\/#organization","name":"H\u00fcbsch","url":"https:\/\/hubsch-interior.com\/de\/","logo":{"@type":"ImageObject","inLanguage":"de","@id":"https:\/\/hubsch-interior.com\/de\/#\/schema\/logo\/image\/","url":"https:\/\/hubsch-interior.com\/wp-content\/uploads\/2022\/12\/Hubsch_logo_black_one_line.svg","contentUrl":"https:\/\/hubsch-interior.com\/wp-content\/uploads\/2022\/12\/Hubsch_logo_black_one_line.svg","caption":"H\u00fcbsch"},"image":{"@id":"https:\/\/hubsch-interior.com\/de\/#\/schema\/logo\/image\/"}}]}},"_links":{"self":[{"href":"https:\/\/hubsch-interior.com\/de\/wp-json\/wp\/v2\/product\/38663","targetHints":{"allow":["GET"]}}],"collection":[{"href":"https:\/\/hubsch-interior.com\/de\/wp-json\/wp\/v2\/product"}],"about":[{"href":"https:\/\/hubsch-interior.com\/de\/wp-json\/wp\/v2\/types\/product"}],"wp:featuredmedia":[{"embeddable":true,"href":"https:\/\/hubsch-interior.com\/de\/wp-json\/wp\/v2\/media\/1099785"}],"wp:attachment":[{"href":"https:\/\/hubsch-interior.com\/de\/wp-json\/wp\/v2\/media?parent=38663"}],"wp:term":[{"taxonomy":"product_brand","embeddable":true,"href":"https:\/\/hubsch-interior.com\/de\/wp-json\/wp\/v2\/product_brand?post=38663"},{"taxonomy":"product_cat","embeddable":true,"href":"https:\/\/hubsch-interior.com\/de\/wp-json\/wp\/v2\/product_cat?post=38663"},{"taxonomy":"product_tag","embeddable":true,"href":"https:\/\/hubsch-interior.com\/de\/wp-json\/wp\/v2\/product_tag?post=38663"}],"curies":[{"name":"wp","href":"https:\/\/api.w.org\/{rel}","templated":true}]}}