{"id":386821,"date":"2021-06-04T09:39:40","date_gmt":"2021-06-04T07:39:40","guid":{"rendered":"https:\/\/hubsch-interior.com\/shop-b2c\/product\/product-6\/"},"modified":"2026-04-09T04:15:17","modified_gmt":"2026-04-09T02:15:17","slug":"norm-bank-schwarz","status":"publish","type":"product","link":"https:\/\/hubsch-interior.com\/de\/produkt\/norm-bank-schwarz\/","title":{"rendered":"Norm Bank Schwarz"},"content":{"rendered":"<p>Entdecken Sie die Norm Bank Schwarz &#8211; eine ultra-moderne und bequeme Sitzl\u00f6sung f\u00fcr Ihr Zuhause. Diese stilvolle Bank ist FSC-zertifiziert und garantiert, dass sie aus verantwortungsvoll bezogenen Materialien hergestellt wird. Sie erf\u00fcllt auch die OEKO-TEX\u00ae STANDARD 100 und ist frei von gef\u00e4hrlichen Materialien. Die Norm Bank Schwarz ist perfekt, um eine moderne Note in jedes Wohnzimmer oder Schlafzimmer zu bringen und wird eine bequeme und stilvolle Erg\u00e4nzung Ihres Zuhauses sein. Mit Materialien wie Baumwolle, Eukalyptusholz, Metall, Nylon und Polyester ist diese Bank eine langlebige Investition.<\/p>\n","protected":false},"excerpt":{"rendered":"<p>Entdecken Sie die Norm Bank Schwarz &#8211; eine ultra-moderne und bequeme Sitzl\u00f6sung f\u00fcr Ihr Zuhause. Diese stilvolle Bank ist FSC-zertifiziert und garantiert, dass sie aus verantwortungsvoll bezogenen Materialien hergestellt wird. Sie erf\u00fcllt auch die OEKO-TEX\u00ae STANDARD 100 und ist frei von gef\u00e4hrlichen Materialien. Die Norm Bank Schwarz ist perfekt, um eine moderne Note in jedes [&hellip;]<\/p>\n","protected":false},"featured_media":1094108,"template":"","meta":{"_acf_changed":false,"inline_featured_image":false},"product_brand":[],"product_cat":[6323,2845,2878],"product_tag":[],"class_list":{"0":"post-386821","1":"product","2":"type-product","3":"status-publish","4":"has-post-thumbnail","6":"product_cat-fsc-de","7":"product_cat-sitzmoebel-de","8":"product_cat-baenke-de","9":"product_shipping_class-p05","11":"pa_color-schwarz","12":"pa_material-cotton-5-de","13":"pa_material-eisen-de","14":"pa_material-nylon-5-de","15":"pa_material-polyester-90-de","16":"pa_material-eukalyptusholz","18":"first","19":"instock","20":"taxable","21":"shipping-taxable","22":"purchasable","23":"product-type-simple"},"exclude_global_add_ons":[],"addons":[],"acf":[],"yoast_head":"<!-- This site is optimized with the Yoast SEO plugin v26.4 - https:\/\/yoast.com\/wordpress\/plugins\/seo\/ -->\n<title>Norm Bank Schwarz - H\u00fcbsch<\/title>\n<meta name=\"description\" content=\"Entdecken Sie die Norm Bank Schwarz - eine ultra-moderne und bequeme Sitzl\u00f6sung f\u00fcr Ihr Zuhause. Diese stilvolle Bank ist FSC-zertifiziert und garantiert,\" \/>\n<meta name=\"robots\" content=\"index, follow, max-snippet:-1, max-image-preview:large, max-video-preview:-1\" \/>\n<link rel=\"canonical\" href=\"https:\/\/hubsch-interior.com\/de\/wp-json\/wp\/v2\/product\/386821\" \/>\n<meta property=\"og:locale\" content=\"de_DE\" \/>\n<meta property=\"og:type\" content=\"article\" \/>\n<meta property=\"og:title\" content=\"Norm Bank Schwarz - H\u00fcbsch\" \/>\n<meta property=\"og:description\" content=\"Entdecken Sie die Norm Bank Schwarz - eine ultra-moderne und bequeme Sitzl\u00f6sung f\u00fcr Ihr Zuhause. Diese stilvolle Bank ist FSC-zertifiziert und garantiert,\" \/>\n<meta property=\"og:url\" content=\"https:\/\/hubsch-interior.com\/de\/produkt\/norm-bank-schwarz\/\" \/>\n<meta property=\"og:site_name\" content=\"H\u00fcbsch\" \/>\n<meta property=\"article:modified_time\" content=\"2026-04-09T02:15:17+00:00\" \/>\n<meta property=\"og:image\" content=\"https:\/\/hubsch-interior.com\/wp-content\/uploads\/2026\/02\/norm-bench-black-31483994abfc9057f98eb7c6eb79263b.jpg\" \/>\n\t<meta property=\"og:image:width\" content=\"1024\" \/>\n\t<meta property=\"og:image:height\" content=\"1024\" \/>\n\t<meta property=\"og:image:type\" content=\"image\/jpeg\" \/>\n<meta name=\"twitter:card\" content=\"summary_large_image\" \/>\n<script type=\"application\/ld+json\" class=\"yoast-schema-graph\">{\"@context\":\"https:\/\/schema.org\",\"@graph\":[{\"@type\":\"WebPage\",\"@id\":\"https:\/\/hubsch-interior.com\/de\/produkt\/norm-bank-schwarz\/\",\"url\":\"https:\/\/hubsch-interior.com\/de\/produkt\/norm-bank-schwarz\/\",\"name\":\"Norm Bank Schwarz - H\u00fcbsch\",\"isPartOf\":{\"@id\":\"https:\/\/hubsch-interior.com\/de\/#website\"},\"primaryImageOfPage\":{\"@id\":\"https:\/\/hubsch-interior.com\/de\/produkt\/norm-bank-schwarz\/#primaryimage\"},\"image\":{\"@id\":\"https:\/\/hubsch-interior.com\/de\/produkt\/norm-bank-schwarz\/#primaryimage\"},\"thumbnailUrl\":\"https:\/\/hubsch-interior.com\/wp-content\/uploads\/2026\/02\/norm-bench-black-31483994abfc9057f98eb7c6eb79263b.jpg\",\"datePublished\":\"2021-06-04T07:39:40+00:00\",\"dateModified\":\"2026-04-09T02:15:17+00:00\",\"description\":\"Entdecken Sie die Norm Bank Schwarz - eine ultra-moderne und bequeme Sitzl\u00f6sung f\u00fcr Ihr Zuhause. Diese stilvolle Bank ist FSC-zertifiziert und garantiert,\",\"breadcrumb\":{\"@id\":\"https:\/\/hubsch-interior.com\/de\/produkt\/norm-bank-schwarz\/#breadcrumb\"},\"inLanguage\":\"de\",\"potentialAction\":[{\"@type\":\"ReadAction\",\"target\":[\"https:\/\/hubsch-interior.com\/de\/produkt\/norm-bank-schwarz\/\"]}]},{\"@type\":\"ImageObject\",\"inLanguage\":\"de\",\"@id\":\"https:\/\/hubsch-interior.com\/de\/produkt\/norm-bank-schwarz\/#primaryimage\",\"url\":\"https:\/\/hubsch-interior.com\/wp-content\/uploads\/2026\/02\/norm-bench-black-31483994abfc9057f98eb7c6eb79263b.jpg\",\"contentUrl\":\"https:\/\/hubsch-interior.com\/wp-content\/uploads\/2026\/02\/norm-bench-black-31483994abfc9057f98eb7c6eb79263b.jpg\",\"width\":1024,\"height\":1024},{\"@type\":\"BreadcrumbList\",\"@id\":\"https:\/\/hubsch-interior.com\/de\/produkt\/norm-bank-schwarz\/#breadcrumb\",\"itemListElement\":[{\"@type\":\"ListItem\",\"position\":1,\"name\":\"Startseite\",\"item\":\"https:\/\/hubsch-interior.com\/de\/\"},{\"@type\":\"ListItem\",\"position\":2,\"name\":\"Produkte\",\"item\":\"https:\/\/hubsch-interior.com\/de\/shop-2\/\"},{\"@type\":\"ListItem\",\"position\":3,\"name\":\"M\u00f6bel\",\"item\":\"https:\/\/hubsch-interior.com\/de\/produkt-kategorie\/moebel\/\"},{\"@type\":\"ListItem\",\"position\":4,\"name\":\"Sitzm&ouml;bel\",\"item\":\"https:\/\/hubsch-interior.com\/de\/produkt-kategorie\/moebel\/sitzmoebel-de\/\"},{\"@type\":\"ListItem\",\"position\":5,\"name\":\"B&auml;nke\",\"item\":\"https:\/\/hubsch-interior.com\/de\/produkt-kategorie\/moebel\/sitzmoebel-de\/baenke-de\/\"},{\"@type\":\"ListItem\",\"position\":6,\"name\":\"Norm Bank Schwarz\"}]},{\"@type\":\"WebSite\",\"@id\":\"https:\/\/hubsch-interior.com\/de\/#website\",\"url\":\"https:\/\/hubsch-interior.com\/de\/\",\"name\":\"H\u00fcbsch\",\"description\":\"Danish Home Interior and Design\",\"publisher\":{\"@id\":\"https:\/\/hubsch-interior.com\/de\/#organization\"},\"potentialAction\":[{\"@type\":\"SearchAction\",\"target\":{\"@type\":\"EntryPoint\",\"urlTemplate\":\"https:\/\/hubsch-interior.com\/de\/?s={search_term_string}\"},\"query-input\":{\"@type\":\"PropertyValueSpecification\",\"valueRequired\":true,\"valueName\":\"search_term_string\"}}],\"inLanguage\":\"de\"},{\"@type\":\"Organization\",\"@id\":\"https:\/\/hubsch-interior.com\/de\/#organization\",\"name\":\"H\u00fcbsch\",\"url\":\"https:\/\/hubsch-interior.com\/de\/\",\"logo\":{\"@type\":\"ImageObject\",\"inLanguage\":\"de\",\"@id\":\"https:\/\/hubsch-interior.com\/de\/#\/schema\/logo\/image\/\",\"url\":\"https:\/\/hubsch-interior.com\/wp-content\/uploads\/2022\/12\/Hubsch_logo_black_one_line.svg\",\"contentUrl\":\"https:\/\/hubsch-interior.com\/wp-content\/uploads\/2022\/12\/Hubsch_logo_black_one_line.svg\",\"caption\":\"H\u00fcbsch\"},\"image\":{\"@id\":\"https:\/\/hubsch-interior.com\/de\/#\/schema\/logo\/image\/\"}}]}<\/script>\n<!-- \/ Yoast SEO plugin. -->","yoast_head_json":{"title":"Norm Bank Schwarz - H\u00fcbsch","description":"Entdecken Sie die Norm Bank Schwarz - eine ultra-moderne und bequeme Sitzl\u00f6sung f\u00fcr Ihr Zuhause. Diese stilvolle Bank ist FSC-zertifiziert und garantiert,","robots":{"index":"index","follow":"follow","max-snippet":"max-snippet:-1","max-image-preview":"max-image-preview:large","max-video-preview":"max-video-preview:-1"},"canonical":"https:\/\/hubsch-interior.com\/de\/wp-json\/wp\/v2\/product\/386821","og_locale":"de_DE","og_type":"article","og_title":"Norm Bank Schwarz - H\u00fcbsch","og_description":"Entdecken Sie die Norm Bank Schwarz - eine ultra-moderne und bequeme Sitzl\u00f6sung f\u00fcr Ihr Zuhause. Diese stilvolle Bank ist FSC-zertifiziert und garantiert,","og_url":"https:\/\/hubsch-interior.com\/de\/produkt\/norm-bank-schwarz\/","og_site_name":"H\u00fcbsch","article_modified_time":"2026-04-09T02:15:17+00:00","og_image":[{"width":1024,"height":1024,"url":"https:\/\/hubsch-interior.com\/wp-content\/uploads\/2026\/02\/norm-bench-black-31483994abfc9057f98eb7c6eb79263b.jpg","type":"image\/jpeg"}],"twitter_card":"summary_large_image","schema":{"@context":"https:\/\/schema.org","@graph":[{"@type":"WebPage","@id":"https:\/\/hubsch-interior.com\/de\/produkt\/norm-bank-schwarz\/","url":"https:\/\/hubsch-interior.com\/de\/produkt\/norm-bank-schwarz\/","name":"Norm Bank Schwarz - H\u00fcbsch","isPartOf":{"@id":"https:\/\/hubsch-interior.com\/de\/#website"},"primaryImageOfPage":{"@id":"https:\/\/hubsch-interior.com\/de\/produkt\/norm-bank-schwarz\/#primaryimage"},"image":{"@id":"https:\/\/hubsch-interior.com\/de\/produkt\/norm-bank-schwarz\/#primaryimage"},"thumbnailUrl":"https:\/\/hubsch-interior.com\/wp-content\/uploads\/2026\/02\/norm-bench-black-31483994abfc9057f98eb7c6eb79263b.jpg","datePublished":"2021-06-04T07:39:40+00:00","dateModified":"2026-04-09T02:15:17+00:00","description":"Entdecken Sie die Norm Bank Schwarz - eine ultra-moderne und bequeme Sitzl\u00f6sung f\u00fcr Ihr Zuhause. Diese stilvolle Bank ist FSC-zertifiziert und garantiert,","breadcrumb":{"@id":"https:\/\/hubsch-interior.com\/de\/produkt\/norm-bank-schwarz\/#breadcrumb"},"inLanguage":"de","potentialAction":[{"@type":"ReadAction","target":["https:\/\/hubsch-interior.com\/de\/produkt\/norm-bank-schwarz\/"]}]},{"@type":"ImageObject","inLanguage":"de","@id":"https:\/\/hubsch-interior.com\/de\/produkt\/norm-bank-schwarz\/#primaryimage","url":"https:\/\/hubsch-interior.com\/wp-content\/uploads\/2026\/02\/norm-bench-black-31483994abfc9057f98eb7c6eb79263b.jpg","contentUrl":"https:\/\/hubsch-interior.com\/wp-content\/uploads\/2026\/02\/norm-bench-black-31483994abfc9057f98eb7c6eb79263b.jpg","width":1024,"height":1024},{"@type":"BreadcrumbList","@id":"https:\/\/hubsch-interior.com\/de\/produkt\/norm-bank-schwarz\/#breadcrumb","itemListElement":[{"@type":"ListItem","position":1,"name":"Startseite","item":"https:\/\/hubsch-interior.com\/de\/"},{"@type":"ListItem","position":2,"name":"Produkte","item":"https:\/\/hubsch-interior.com\/de\/shop-2\/"},{"@type":"ListItem","position":3,"name":"M\u00f6bel","item":"https:\/\/hubsch-interior.com\/de\/produkt-kategorie\/moebel\/"},{"@type":"ListItem","position":4,"name":"Sitzm&ouml;bel","item":"https:\/\/hubsch-interior.com\/de\/produkt-kategorie\/moebel\/sitzmoebel-de\/"},{"@type":"ListItem","position":5,"name":"B&auml;nke","item":"https:\/\/hubsch-interior.com\/de\/produkt-kategorie\/moebel\/sitzmoebel-de\/baenke-de\/"},{"@type":"ListItem","position":6,"name":"Norm Bank Schwarz"}]},{"@type":"WebSite","@id":"https:\/\/hubsch-interior.com\/de\/#website","url":"https:\/\/hubsch-interior.com\/de\/","name":"H\u00fcbsch","description":"Danish Home Interior and Design","publisher":{"@id":"https:\/\/hubsch-interior.com\/de\/#organization"},"potentialAction":[{"@type":"SearchAction","target":{"@type":"EntryPoint","urlTemplate":"https:\/\/hubsch-interior.com\/de\/?s={search_term_string}"},"query-input":{"@type":"PropertyValueSpecification","valueRequired":true,"valueName":"search_term_string"}}],"inLanguage":"de"},{"@type":"Organization","@id":"https:\/\/hubsch-interior.com\/de\/#organization","name":"H\u00fcbsch","url":"https:\/\/hubsch-interior.com\/de\/","logo":{"@type":"ImageObject","inLanguage":"de","@id":"https:\/\/hubsch-interior.com\/de\/#\/schema\/logo\/image\/","url":"https:\/\/hubsch-interior.com\/wp-content\/uploads\/2022\/12\/Hubsch_logo_black_one_line.svg","contentUrl":"https:\/\/hubsch-interior.com\/wp-content\/uploads\/2022\/12\/Hubsch_logo_black_one_line.svg","caption":"H\u00fcbsch"},"image":{"@id":"https:\/\/hubsch-interior.com\/de\/#\/schema\/logo\/image\/"}}]}},"_links":{"self":[{"href":"https:\/\/hubsch-interior.com\/de\/wp-json\/wp\/v2\/product\/386821","targetHints":{"allow":["GET"]}}],"collection":[{"href":"https:\/\/hubsch-interior.com\/de\/wp-json\/wp\/v2\/product"}],"about":[{"href":"https:\/\/hubsch-interior.com\/de\/wp-json\/wp\/v2\/types\/product"}],"wp:featuredmedia":[{"embeddable":true,"href":"https:\/\/hubsch-interior.com\/de\/wp-json\/wp\/v2\/media\/1094108"}],"wp:attachment":[{"href":"https:\/\/hubsch-interior.com\/de\/wp-json\/wp\/v2\/media?parent=386821"}],"wp:term":[{"taxonomy":"product_brand","embeddable":true,"href":"https:\/\/hubsch-interior.com\/de\/wp-json\/wp\/v2\/product_brand?post=386821"},{"taxonomy":"product_cat","embeddable":true,"href":"https:\/\/hubsch-interior.com\/de\/wp-json\/wp\/v2\/product_cat?post=386821"},{"taxonomy":"product_tag","embeddable":true,"href":"https:\/\/hubsch-interior.com\/de\/wp-json\/wp\/v2\/product_tag?post=386821"}],"curies":[{"name":"wp","href":"https:\/\/api.w.org\/{rel}","templated":true}]}}