{"id":387341,"date":"2021-06-04T09:41:44","date_gmt":"2021-06-04T07:41:44","guid":{"rendered":"https:\/\/hubsch-interior.com\/shop-b2c\/product\/product-6\/"},"modified":"2026-04-09T04:15:42","modified_gmt":"2026-04-09T02:15:42","slug":"haze-loungestuhl-braun-naturfarben","status":"publish","type":"product","link":"https:\/\/hubsch-interior.com\/de\/produkt\/haze-loungestuhl-braun-naturfarben\/","title":{"rendered":"Haze Loungestuhl Braun\/Naturfarben"},"content":{"rendered":"<p>Wir pr\u00e4sentieren den Haze Loungestuhl Braun \u2013 ein exquisites M\u00f6belst\u00fcck aus FSC- und OEKO-TEX\u00ae STANDARD 100-zertifiziertem Eichenholz und PU-Leder. Dieser Stuhl ist darauf ausgelegt, jedem Wohnraum Komfort und Stil zu verleihen. Sein schlankes, minimalistisches und modernes Design verleiht ihm eine auff\u00e4llige Optik, w\u00e4hrend das PU-Leder ein kissen\u00e4hnliches Gef\u00fchl bietet. Die Zertifizierungen FSC und OEKO-TEX\u00ae STANDARD 100 garantieren seine Qualit\u00e4t und Nachhaltigkeit. F\u00fcgen Sie dieses einzigartige M\u00f6belst\u00fcck Ihrem Zuhause hinzu und genie\u00dfen Sie den Komfort und Stil, den es bietet.<\/p>\n","protected":false},"excerpt":{"rendered":"<p>Wir pr\u00e4sentieren den Haze Loungestuhl Braun \u2013 ein exquisites M\u00f6belst\u00fcck aus FSC- und OEKO-TEX\u00ae STANDARD 100-zertifiziertem Eichenholz und PU-Leder. Dieser Stuhl ist darauf ausgelegt, jedem Wohnraum Komfort und Stil zu verleihen. Sein schlankes, minimalistisches und modernes Design verleiht ihm eine auff\u00e4llige Optik, w\u00e4hrend das PU-Leder ein kissen\u00e4hnliches Gef\u00fchl bietet. Die Zertifizierungen FSC und OEKO-TEX\u00ae STANDARD [&hellip;]<\/p>\n","protected":false},"featured_media":1112564,"template":"","meta":{"_acf_changed":false,"inline_featured_image":false},"product_brand":[],"product_cat":[6323,2845,3024,5027],"product_tag":[],"class_list":{"0":"post-387341","1":"product","2":"type-product","3":"status-publish","4":"has-post-thumbnail","6":"product_cat-fsc-de","7":"product_cat-sitzmoebel-de","8":"product_cat-loungestuehle-de","9":"product_cat-bestsellers-de","10":"product_shipping_class-p10","12":"pa_color-braun","13":"pa_color-naturfarben-2","14":"pa_material-eichenholz","15":"pa_material-pu-leder","17":"first","18":"instock","19":"featured","20":"taxable","21":"shipping-taxable","22":"purchasable","23":"product-type-simple"},"exclude_global_add_ons":[],"addons":[],"acf":[],"yoast_head":"<!-- This site is optimized with the Yoast SEO plugin v26.4 - https:\/\/yoast.com\/wordpress\/plugins\/seo\/ -->\n<title>Haze Loungestuhl Braun\/Naturfarben - H\u00fcbsch<\/title>\n<meta name=\"description\" content=\"Wir pr\u00e4sentieren den Haze Loungestuhl Braun \u2013 ein exquisites M\u00f6belst\u00fcck aus FSC- und OEKO-TEX\u00ae STANDARD 100-zertifiziertem Eichenholz und PU-Leder. Dieser\" \/>\n<meta name=\"robots\" content=\"index, follow, max-snippet:-1, max-image-preview:large, max-video-preview:-1\" \/>\n<link rel=\"canonical\" href=\"https:\/\/hubsch-interior.com\/de\/wp-json\/wp\/v2\/product\/387341\" \/>\n<meta property=\"og:locale\" content=\"de_DE\" \/>\n<meta property=\"og:type\" content=\"article\" \/>\n<meta property=\"og:title\" content=\"Haze Loungestuhl Braun\/Naturfarben - H\u00fcbsch\" \/>\n<meta property=\"og:description\" content=\"Wir pr\u00e4sentieren den Haze Loungestuhl Braun \u2013 ein exquisites M\u00f6belst\u00fcck aus FSC- und OEKO-TEX\u00ae STANDARD 100-zertifiziertem Eichenholz und PU-Leder. Dieser\" \/>\n<meta property=\"og:url\" content=\"https:\/\/hubsch-interior.com\/de\/produkt\/haze-loungestuhl-braun-naturfarben\/\" \/>\n<meta property=\"og:site_name\" content=\"H\u00fcbsch\" \/>\n<meta property=\"article:modified_time\" content=\"2026-04-09T02:15:42+00:00\" \/>\n<meta property=\"og:image\" content=\"https:\/\/hubsch-interior.com\/wp-content\/uploads\/2024\/05\/haze-lounge-chair-brownnatural-d6294a278689c0131a2cc6c6f14eb9dd.jpg\" \/>\n\t<meta property=\"og:image:width\" content=\"1200\" \/>\n\t<meta property=\"og:image:height\" content=\"1200\" \/>\n\t<meta property=\"og:image:type\" content=\"image\/jpeg\" \/>\n<meta name=\"twitter:card\" content=\"summary_large_image\" \/>\n<script type=\"application\/ld+json\" class=\"yoast-schema-graph\">{\"@context\":\"https:\/\/schema.org\",\"@graph\":[{\"@type\":\"WebPage\",\"@id\":\"https:\/\/hubsch-interior.com\/de\/produkt\/haze-loungestuhl-braun-naturfarben\/\",\"url\":\"https:\/\/hubsch-interior.com\/de\/produkt\/haze-loungestuhl-braun-naturfarben\/\",\"name\":\"Haze Loungestuhl Braun\/Naturfarben - H\u00fcbsch\",\"isPartOf\":{\"@id\":\"https:\/\/hubsch-interior.com\/de\/#website\"},\"primaryImageOfPage\":{\"@id\":\"https:\/\/hubsch-interior.com\/de\/produkt\/haze-loungestuhl-braun-naturfarben\/#primaryimage\"},\"image\":{\"@id\":\"https:\/\/hubsch-interior.com\/de\/produkt\/haze-loungestuhl-braun-naturfarben\/#primaryimage\"},\"thumbnailUrl\":\"https:\/\/hubsch-interior.com\/wp-content\/uploads\/2026\/02\/haze-lounge-chair-brownnatural-2791d366f424ede7305da3a2e830a97b.jpg\",\"datePublished\":\"2021-06-04T07:41:44+00:00\",\"dateModified\":\"2026-04-09T02:15:42+00:00\",\"description\":\"Wir pr\u00e4sentieren den Haze Loungestuhl Braun \u2013 ein exquisites M\u00f6belst\u00fcck aus FSC- und OEKO-TEX\u00ae STANDARD 100-zertifiziertem Eichenholz und PU-Leder. Dieser\",\"breadcrumb\":{\"@id\":\"https:\/\/hubsch-interior.com\/de\/produkt\/haze-loungestuhl-braun-naturfarben\/#breadcrumb\"},\"inLanguage\":\"de\",\"potentialAction\":[{\"@type\":\"ReadAction\",\"target\":[\"https:\/\/hubsch-interior.com\/de\/produkt\/haze-loungestuhl-braun-naturfarben\/\"]}]},{\"@type\":\"ImageObject\",\"inLanguage\":\"de\",\"@id\":\"https:\/\/hubsch-interior.com\/de\/produkt\/haze-loungestuhl-braun-naturfarben\/#primaryimage\",\"url\":\"https:\/\/hubsch-interior.com\/wp-content\/uploads\/2026\/02\/haze-lounge-chair-brownnatural-2791d366f424ede7305da3a2e830a97b.jpg\",\"contentUrl\":\"https:\/\/hubsch-interior.com\/wp-content\/uploads\/2026\/02\/haze-lounge-chair-brownnatural-2791d366f424ede7305da3a2e830a97b.jpg\",\"width\":1024,\"height\":1024},{\"@type\":\"BreadcrumbList\",\"@id\":\"https:\/\/hubsch-interior.com\/de\/produkt\/haze-loungestuhl-braun-naturfarben\/#breadcrumb\",\"itemListElement\":[{\"@type\":\"ListItem\",\"position\":1,\"name\":\"Startseite\",\"item\":\"https:\/\/hubsch-interior.com\/de\/\"},{\"@type\":\"ListItem\",\"position\":2,\"name\":\"Produkte\",\"item\":\"https:\/\/hubsch-interior.com\/de\/shop-2\/\"},{\"@type\":\"ListItem\",\"position\":3,\"name\":\"FSC\",\"item\":\"https:\/\/hubsch-interior.com\/de\/produkt-kategorie\/fsc-de\/\"},{\"@type\":\"ListItem\",\"position\":4,\"name\":\"Haze Loungestuhl Braun\/Naturfarben\"}]},{\"@type\":\"WebSite\",\"@id\":\"https:\/\/hubsch-interior.com\/de\/#website\",\"url\":\"https:\/\/hubsch-interior.com\/de\/\",\"name\":\"H\u00fcbsch\",\"description\":\"Danish Home Interior and Design\",\"publisher\":{\"@id\":\"https:\/\/hubsch-interior.com\/de\/#organization\"},\"potentialAction\":[{\"@type\":\"SearchAction\",\"target\":{\"@type\":\"EntryPoint\",\"urlTemplate\":\"https:\/\/hubsch-interior.com\/de\/?s={search_term_string}\"},\"query-input\":{\"@type\":\"PropertyValueSpecification\",\"valueRequired\":true,\"valueName\":\"search_term_string\"}}],\"inLanguage\":\"de\"},{\"@type\":\"Organization\",\"@id\":\"https:\/\/hubsch-interior.com\/de\/#organization\",\"name\":\"H\u00fcbsch\",\"url\":\"https:\/\/hubsch-interior.com\/de\/\",\"logo\":{\"@type\":\"ImageObject\",\"inLanguage\":\"de\",\"@id\":\"https:\/\/hubsch-interior.com\/de\/#\/schema\/logo\/image\/\",\"url\":\"https:\/\/hubsch-interior.com\/wp-content\/uploads\/2022\/12\/Hubsch_logo_black_one_line.svg\",\"contentUrl\":\"https:\/\/hubsch-interior.com\/wp-content\/uploads\/2022\/12\/Hubsch_logo_black_one_line.svg\",\"caption\":\"H\u00fcbsch\"},\"image\":{\"@id\":\"https:\/\/hubsch-interior.com\/de\/#\/schema\/logo\/image\/\"}}]}<\/script>\n<!-- \/ Yoast SEO plugin. -->","yoast_head_json":{"title":"Haze Loungestuhl Braun\/Naturfarben - H\u00fcbsch","description":"Wir pr\u00e4sentieren den Haze Loungestuhl Braun \u2013 ein exquisites M\u00f6belst\u00fcck aus FSC- und OEKO-TEX\u00ae STANDARD 100-zertifiziertem Eichenholz und PU-Leder. Dieser","robots":{"index":"index","follow":"follow","max-snippet":"max-snippet:-1","max-image-preview":"max-image-preview:large","max-video-preview":"max-video-preview:-1"},"canonical":"https:\/\/hubsch-interior.com\/de\/wp-json\/wp\/v2\/product\/387341","og_locale":"de_DE","og_type":"article","og_title":"Haze Loungestuhl Braun\/Naturfarben - H\u00fcbsch","og_description":"Wir pr\u00e4sentieren den Haze Loungestuhl Braun \u2013 ein exquisites M\u00f6belst\u00fcck aus FSC- und OEKO-TEX\u00ae STANDARD 100-zertifiziertem Eichenholz und PU-Leder. Dieser","og_url":"https:\/\/hubsch-interior.com\/de\/produkt\/haze-loungestuhl-braun-naturfarben\/","og_site_name":"H\u00fcbsch","article_modified_time":"2026-04-09T02:15:42+00:00","og_image":[{"width":1200,"height":1200,"url":"https:\/\/hubsch-interior.com\/wp-content\/uploads\/2024\/05\/haze-lounge-chair-brownnatural-d6294a278689c0131a2cc6c6f14eb9dd.jpg","type":"image\/jpeg"}],"twitter_card":"summary_large_image","schema":{"@context":"https:\/\/schema.org","@graph":[{"@type":"WebPage","@id":"https:\/\/hubsch-interior.com\/de\/produkt\/haze-loungestuhl-braun-naturfarben\/","url":"https:\/\/hubsch-interior.com\/de\/produkt\/haze-loungestuhl-braun-naturfarben\/","name":"Haze Loungestuhl Braun\/Naturfarben - H\u00fcbsch","isPartOf":{"@id":"https:\/\/hubsch-interior.com\/de\/#website"},"primaryImageOfPage":{"@id":"https:\/\/hubsch-interior.com\/de\/produkt\/haze-loungestuhl-braun-naturfarben\/#primaryimage"},"image":{"@id":"https:\/\/hubsch-interior.com\/de\/produkt\/haze-loungestuhl-braun-naturfarben\/#primaryimage"},"thumbnailUrl":"https:\/\/hubsch-interior.com\/wp-content\/uploads\/2026\/02\/haze-lounge-chair-brownnatural-2791d366f424ede7305da3a2e830a97b.jpg","datePublished":"2021-06-04T07:41:44+00:00","dateModified":"2026-04-09T02:15:42+00:00","description":"Wir pr\u00e4sentieren den Haze Loungestuhl Braun \u2013 ein exquisites M\u00f6belst\u00fcck aus FSC- und OEKO-TEX\u00ae STANDARD 100-zertifiziertem Eichenholz und PU-Leder. Dieser","breadcrumb":{"@id":"https:\/\/hubsch-interior.com\/de\/produkt\/haze-loungestuhl-braun-naturfarben\/#breadcrumb"},"inLanguage":"de","potentialAction":[{"@type":"ReadAction","target":["https:\/\/hubsch-interior.com\/de\/produkt\/haze-loungestuhl-braun-naturfarben\/"]}]},{"@type":"ImageObject","inLanguage":"de","@id":"https:\/\/hubsch-interior.com\/de\/produkt\/haze-loungestuhl-braun-naturfarben\/#primaryimage","url":"https:\/\/hubsch-interior.com\/wp-content\/uploads\/2026\/02\/haze-lounge-chair-brownnatural-2791d366f424ede7305da3a2e830a97b.jpg","contentUrl":"https:\/\/hubsch-interior.com\/wp-content\/uploads\/2026\/02\/haze-lounge-chair-brownnatural-2791d366f424ede7305da3a2e830a97b.jpg","width":1024,"height":1024},{"@type":"BreadcrumbList","@id":"https:\/\/hubsch-interior.com\/de\/produkt\/haze-loungestuhl-braun-naturfarben\/#breadcrumb","itemListElement":[{"@type":"ListItem","position":1,"name":"Startseite","item":"https:\/\/hubsch-interior.com\/de\/"},{"@type":"ListItem","position":2,"name":"Produkte","item":"https:\/\/hubsch-interior.com\/de\/shop-2\/"},{"@type":"ListItem","position":3,"name":"FSC","item":"https:\/\/hubsch-interior.com\/de\/produkt-kategorie\/fsc-de\/"},{"@type":"ListItem","position":4,"name":"Haze Loungestuhl Braun\/Naturfarben"}]},{"@type":"WebSite","@id":"https:\/\/hubsch-interior.com\/de\/#website","url":"https:\/\/hubsch-interior.com\/de\/","name":"H\u00fcbsch","description":"Danish Home Interior and Design","publisher":{"@id":"https:\/\/hubsch-interior.com\/de\/#organization"},"potentialAction":[{"@type":"SearchAction","target":{"@type":"EntryPoint","urlTemplate":"https:\/\/hubsch-interior.com\/de\/?s={search_term_string}"},"query-input":{"@type":"PropertyValueSpecification","valueRequired":true,"valueName":"search_term_string"}}],"inLanguage":"de"},{"@type":"Organization","@id":"https:\/\/hubsch-interior.com\/de\/#organization","name":"H\u00fcbsch","url":"https:\/\/hubsch-interior.com\/de\/","logo":{"@type":"ImageObject","inLanguage":"de","@id":"https:\/\/hubsch-interior.com\/de\/#\/schema\/logo\/image\/","url":"https:\/\/hubsch-interior.com\/wp-content\/uploads\/2022\/12\/Hubsch_logo_black_one_line.svg","contentUrl":"https:\/\/hubsch-interior.com\/wp-content\/uploads\/2022\/12\/Hubsch_logo_black_one_line.svg","caption":"H\u00fcbsch"},"image":{"@id":"https:\/\/hubsch-interior.com\/de\/#\/schema\/logo\/image\/"}}]}},"_links":{"self":[{"href":"https:\/\/hubsch-interior.com\/de\/wp-json\/wp\/v2\/product\/387341","targetHints":{"allow":["GET"]}}],"collection":[{"href":"https:\/\/hubsch-interior.com\/de\/wp-json\/wp\/v2\/product"}],"about":[{"href":"https:\/\/hubsch-interior.com\/de\/wp-json\/wp\/v2\/types\/product"}],"wp:featuredmedia":[{"embeddable":true,"href":"https:\/\/hubsch-interior.com\/de\/wp-json\/wp\/v2\/media\/1112564"}],"wp:attachment":[{"href":"https:\/\/hubsch-interior.com\/de\/wp-json\/wp\/v2\/media?parent=387341"}],"wp:term":[{"taxonomy":"product_brand","embeddable":true,"href":"https:\/\/hubsch-interior.com\/de\/wp-json\/wp\/v2\/product_brand?post=387341"},{"taxonomy":"product_cat","embeddable":true,"href":"https:\/\/hubsch-interior.com\/de\/wp-json\/wp\/v2\/product_cat?post=387341"},{"taxonomy":"product_tag","embeddable":true,"href":"https:\/\/hubsch-interior.com\/de\/wp-json\/wp\/v2\/product_tag?post=387341"}],"curies":[{"name":"wp","href":"https:\/\/api.w.org\/{rel}","templated":true}]}}