{"id":387425,"date":"2021-06-04T09:42:09","date_gmt":"2021-06-04T07:42:09","guid":{"rendered":"https:\/\/hubsch-interior.com\/shop-b2c\/product\/product-6\/"},"modified":"2026-04-05T04:15:49","modified_gmt":"2026-04-05T02:15:49","slug":"speckle-kissen-sandfarben-orange","status":"publish","type":"product","link":"https:\/\/hubsch-interior.com\/de\/produkt\/speckle-kissen-sandfarben-orange\/","title":{"rendered":"Speckle Kissen Sandfarben\/Orange"},"content":{"rendered":"<p>Das Speckle-Kissen steckt voller \u00dcberraschungen! Auf den ersten Blick sehen Sie ein einfarbiges sandfarbenes Kissen \u2013 aber bei genauerem Hinsehen entdecken Sie wundersch\u00f6ne Muster und Farbnuancen. Das Kissen ist au\u00dferdem die ideale Erg\u00e4nzung f\u00fcr ein Betthaupt. Kombinieren Sie doch zwei oder drei in unterschiedlichen Farben.<\/p>\n","protected":false},"excerpt":{"rendered":"<p>Das Speckle-Kissen steckt voller \u00dcberraschungen! Auf den ersten Blick sehen Sie ein einfarbiges sandfarbenes Kissen \u2013 aber bei genauerem Hinsehen entdecken Sie wundersch\u00f6ne Muster und Farbnuancen. Das Kissen ist au\u00dferdem die ideale Erg\u00e4nzung f\u00fcr ein Betthaupt. Kombinieren Sie doch zwei oder drei in unterschiedlichen Farben.<\/p>\n","protected":false},"featured_media":1094323,"template":"","meta":{"_acf_changed":false,"inline_featured_image":false},"product_brand":[],"product_cat":[3004,3005,5027],"product_tag":[],"class_list":{"0":"post-387425","1":"product","2":"type-product","3":"status-publish","4":"has-post-thumbnail","6":"product_cat-textilien","7":"product_cat-kissen-de","8":"product_cat-bestsellers-de","9":"product_shipping_class-pk","11":"pa_color-orange-de","12":"pa_color-sandfarben","13":"pa_material-kanevas-de","14":"pa_material-polyester-95-de","16":"first","17":"instock","18":"featured","19":"taxable","20":"shipping-taxable","21":"purchasable","22":"product-type-simple"},"exclude_global_add_ons":[],"addons":[],"acf":[],"yoast_head":"<!-- This site is optimized with the Yoast SEO plugin v26.4 - https:\/\/yoast.com\/wordpress\/plugins\/seo\/ -->\n<title>Speckle Kissen Sandfarben\/Orange - H\u00fcbsch<\/title>\n<meta name=\"description\" content=\"Das Speckle-Kissen steckt voller \u00dcberraschungen! Auf den ersten Blick sehen Sie ein einfarbiges sandfarbenes Kissen \u2013 aber bei genauerem Hinsehen\" \/>\n<meta name=\"robots\" content=\"index, follow, max-snippet:-1, max-image-preview:large, max-video-preview:-1\" \/>\n<link rel=\"canonical\" href=\"https:\/\/hubsch-interior.com\/de\/wp-json\/wp\/v2\/product\/387425\" \/>\n<meta property=\"og:locale\" content=\"de_DE\" \/>\n<meta property=\"og:type\" content=\"article\" \/>\n<meta property=\"og:title\" content=\"Speckle Kissen Sandfarben\/Orange - H\u00fcbsch\" \/>\n<meta property=\"og:description\" content=\"Das Speckle-Kissen steckt voller \u00dcberraschungen! Auf den ersten Blick sehen Sie ein einfarbiges sandfarbenes Kissen \u2013 aber bei genauerem Hinsehen\" \/>\n<meta property=\"og:url\" content=\"https:\/\/hubsch-interior.com\/de\/produkt\/speckle-kissen-sandfarben-orange\/\" \/>\n<meta property=\"og:site_name\" content=\"H\u00fcbsch\" \/>\n<meta property=\"article:modified_time\" content=\"2026-04-05T02:15:49+00:00\" \/>\n<meta property=\"og:image\" content=\"https:\/\/hubsch-interior.com\/wp-content\/uploads\/2023\/08\/speckle-cushion-sandorange-910375f84d5c3af735a40a5f316bae45.jpg\" \/>\n\t<meta property=\"og:image:width\" content=\"1200\" \/>\n\t<meta property=\"og:image:height\" content=\"1200\" \/>\n\t<meta property=\"og:image:type\" content=\"image\/jpeg\" \/>\n<meta name=\"twitter:card\" content=\"summary_large_image\" \/>\n<script type=\"application\/ld+json\" class=\"yoast-schema-graph\">{\"@context\":\"https:\/\/schema.org\",\"@graph\":[{\"@type\":\"WebPage\",\"@id\":\"https:\/\/hubsch-interior.com\/de\/produkt\/speckle-kissen-sandfarben-orange\/\",\"url\":\"https:\/\/hubsch-interior.com\/de\/produkt\/speckle-kissen-sandfarben-orange\/\",\"name\":\"Speckle Kissen Sandfarben\/Orange - H\u00fcbsch\",\"isPartOf\":{\"@id\":\"https:\/\/hubsch-interior.com\/de\/#website\"},\"primaryImageOfPage\":{\"@id\":\"https:\/\/hubsch-interior.com\/de\/produkt\/speckle-kissen-sandfarben-orange\/#primaryimage\"},\"image\":{\"@id\":\"https:\/\/hubsch-interior.com\/de\/produkt\/speckle-kissen-sandfarben-orange\/#primaryimage\"},\"thumbnailUrl\":\"https:\/\/hubsch-interior.com\/wp-content\/uploads\/2026\/02\/speckle-cushion-sandorange-d7833fe6b3de81ed6b7823da0a561f0a.jpg\",\"datePublished\":\"2021-06-04T07:42:09+00:00\",\"dateModified\":\"2026-04-05T02:15:49+00:00\",\"description\":\"Das Speckle-Kissen steckt voller \u00dcberraschungen! Auf den ersten Blick sehen Sie ein einfarbiges sandfarbenes Kissen \u2013 aber bei genauerem Hinsehen\",\"breadcrumb\":{\"@id\":\"https:\/\/hubsch-interior.com\/de\/produkt\/speckle-kissen-sandfarben-orange\/#breadcrumb\"},\"inLanguage\":\"de\",\"potentialAction\":[{\"@type\":\"ReadAction\",\"target\":[\"https:\/\/hubsch-interior.com\/de\/produkt\/speckle-kissen-sandfarben-orange\/\"]}]},{\"@type\":\"ImageObject\",\"inLanguage\":\"de\",\"@id\":\"https:\/\/hubsch-interior.com\/de\/produkt\/speckle-kissen-sandfarben-orange\/#primaryimage\",\"url\":\"https:\/\/hubsch-interior.com\/wp-content\/uploads\/2026\/02\/speckle-cushion-sandorange-d7833fe6b3de81ed6b7823da0a561f0a.jpg\",\"contentUrl\":\"https:\/\/hubsch-interior.com\/wp-content\/uploads\/2026\/02\/speckle-cushion-sandorange-d7833fe6b3de81ed6b7823da0a561f0a.jpg\",\"width\":1024,\"height\":1024},{\"@type\":\"BreadcrumbList\",\"@id\":\"https:\/\/hubsch-interior.com\/de\/produkt\/speckle-kissen-sandfarben-orange\/#breadcrumb\",\"itemListElement\":[{\"@type\":\"ListItem\",\"position\":1,\"name\":\"Startseite\",\"item\":\"https:\/\/hubsch-interior.com\/de\/\"},{\"@type\":\"ListItem\",\"position\":2,\"name\":\"Produkte\",\"item\":\"https:\/\/hubsch-interior.com\/de\/shop-2\/\"},{\"@type\":\"ListItem\",\"position\":3,\"name\":\"Textilien\",\"item\":\"https:\/\/hubsch-interior.com\/de\/produkt-kategorie\/textilien\/\"},{\"@type\":\"ListItem\",\"position\":4,\"name\":\"Kissen\",\"item\":\"https:\/\/hubsch-interior.com\/de\/produkt-kategorie\/textilien\/kissen-de\/\"},{\"@type\":\"ListItem\",\"position\":5,\"name\":\"Speckle Kissen Sandfarben\/Orange\"}]},{\"@type\":\"WebSite\",\"@id\":\"https:\/\/hubsch-interior.com\/de\/#website\",\"url\":\"https:\/\/hubsch-interior.com\/de\/\",\"name\":\"H\u00fcbsch\",\"description\":\"Danish Home Interior and Design\",\"publisher\":{\"@id\":\"https:\/\/hubsch-interior.com\/de\/#organization\"},\"potentialAction\":[{\"@type\":\"SearchAction\",\"target\":{\"@type\":\"EntryPoint\",\"urlTemplate\":\"https:\/\/hubsch-interior.com\/de\/?s={search_term_string}\"},\"query-input\":{\"@type\":\"PropertyValueSpecification\",\"valueRequired\":true,\"valueName\":\"search_term_string\"}}],\"inLanguage\":\"de\"},{\"@type\":\"Organization\",\"@id\":\"https:\/\/hubsch-interior.com\/de\/#organization\",\"name\":\"H\u00fcbsch\",\"url\":\"https:\/\/hubsch-interior.com\/de\/\",\"logo\":{\"@type\":\"ImageObject\",\"inLanguage\":\"de\",\"@id\":\"https:\/\/hubsch-interior.com\/de\/#\/schema\/logo\/image\/\",\"url\":\"https:\/\/hubsch-interior.com\/wp-content\/uploads\/2022\/12\/Hubsch_logo_black_one_line.svg\",\"contentUrl\":\"https:\/\/hubsch-interior.com\/wp-content\/uploads\/2022\/12\/Hubsch_logo_black_one_line.svg\",\"caption\":\"H\u00fcbsch\"},\"image\":{\"@id\":\"https:\/\/hubsch-interior.com\/de\/#\/schema\/logo\/image\/\"}}]}<\/script>\n<!-- \/ Yoast SEO plugin. -->","yoast_head_json":{"title":"Speckle Kissen Sandfarben\/Orange - H\u00fcbsch","description":"Das Speckle-Kissen steckt voller \u00dcberraschungen! Auf den ersten Blick sehen Sie ein einfarbiges sandfarbenes Kissen \u2013 aber bei genauerem Hinsehen","robots":{"index":"index","follow":"follow","max-snippet":"max-snippet:-1","max-image-preview":"max-image-preview:large","max-video-preview":"max-video-preview:-1"},"canonical":"https:\/\/hubsch-interior.com\/de\/wp-json\/wp\/v2\/product\/387425","og_locale":"de_DE","og_type":"article","og_title":"Speckle Kissen Sandfarben\/Orange - H\u00fcbsch","og_description":"Das Speckle-Kissen steckt voller \u00dcberraschungen! Auf den ersten Blick sehen Sie ein einfarbiges sandfarbenes Kissen \u2013 aber bei genauerem Hinsehen","og_url":"https:\/\/hubsch-interior.com\/de\/produkt\/speckle-kissen-sandfarben-orange\/","og_site_name":"H\u00fcbsch","article_modified_time":"2026-04-05T02:15:49+00:00","og_image":[{"width":1200,"height":1200,"url":"https:\/\/hubsch-interior.com\/wp-content\/uploads\/2023\/08\/speckle-cushion-sandorange-910375f84d5c3af735a40a5f316bae45.jpg","type":"image\/jpeg"}],"twitter_card":"summary_large_image","schema":{"@context":"https:\/\/schema.org","@graph":[{"@type":"WebPage","@id":"https:\/\/hubsch-interior.com\/de\/produkt\/speckle-kissen-sandfarben-orange\/","url":"https:\/\/hubsch-interior.com\/de\/produkt\/speckle-kissen-sandfarben-orange\/","name":"Speckle Kissen Sandfarben\/Orange - H\u00fcbsch","isPartOf":{"@id":"https:\/\/hubsch-interior.com\/de\/#website"},"primaryImageOfPage":{"@id":"https:\/\/hubsch-interior.com\/de\/produkt\/speckle-kissen-sandfarben-orange\/#primaryimage"},"image":{"@id":"https:\/\/hubsch-interior.com\/de\/produkt\/speckle-kissen-sandfarben-orange\/#primaryimage"},"thumbnailUrl":"https:\/\/hubsch-interior.com\/wp-content\/uploads\/2026\/02\/speckle-cushion-sandorange-d7833fe6b3de81ed6b7823da0a561f0a.jpg","datePublished":"2021-06-04T07:42:09+00:00","dateModified":"2026-04-05T02:15:49+00:00","description":"Das Speckle-Kissen steckt voller \u00dcberraschungen! Auf den ersten Blick sehen Sie ein einfarbiges sandfarbenes Kissen \u2013 aber bei genauerem Hinsehen","breadcrumb":{"@id":"https:\/\/hubsch-interior.com\/de\/produkt\/speckle-kissen-sandfarben-orange\/#breadcrumb"},"inLanguage":"de","potentialAction":[{"@type":"ReadAction","target":["https:\/\/hubsch-interior.com\/de\/produkt\/speckle-kissen-sandfarben-orange\/"]}]},{"@type":"ImageObject","inLanguage":"de","@id":"https:\/\/hubsch-interior.com\/de\/produkt\/speckle-kissen-sandfarben-orange\/#primaryimage","url":"https:\/\/hubsch-interior.com\/wp-content\/uploads\/2026\/02\/speckle-cushion-sandorange-d7833fe6b3de81ed6b7823da0a561f0a.jpg","contentUrl":"https:\/\/hubsch-interior.com\/wp-content\/uploads\/2026\/02\/speckle-cushion-sandorange-d7833fe6b3de81ed6b7823da0a561f0a.jpg","width":1024,"height":1024},{"@type":"BreadcrumbList","@id":"https:\/\/hubsch-interior.com\/de\/produkt\/speckle-kissen-sandfarben-orange\/#breadcrumb","itemListElement":[{"@type":"ListItem","position":1,"name":"Startseite","item":"https:\/\/hubsch-interior.com\/de\/"},{"@type":"ListItem","position":2,"name":"Produkte","item":"https:\/\/hubsch-interior.com\/de\/shop-2\/"},{"@type":"ListItem","position":3,"name":"Textilien","item":"https:\/\/hubsch-interior.com\/de\/produkt-kategorie\/textilien\/"},{"@type":"ListItem","position":4,"name":"Kissen","item":"https:\/\/hubsch-interior.com\/de\/produkt-kategorie\/textilien\/kissen-de\/"},{"@type":"ListItem","position":5,"name":"Speckle Kissen Sandfarben\/Orange"}]},{"@type":"WebSite","@id":"https:\/\/hubsch-interior.com\/de\/#website","url":"https:\/\/hubsch-interior.com\/de\/","name":"H\u00fcbsch","description":"Danish Home Interior and Design","publisher":{"@id":"https:\/\/hubsch-interior.com\/de\/#organization"},"potentialAction":[{"@type":"SearchAction","target":{"@type":"EntryPoint","urlTemplate":"https:\/\/hubsch-interior.com\/de\/?s={search_term_string}"},"query-input":{"@type":"PropertyValueSpecification","valueRequired":true,"valueName":"search_term_string"}}],"inLanguage":"de"},{"@type":"Organization","@id":"https:\/\/hubsch-interior.com\/de\/#organization","name":"H\u00fcbsch","url":"https:\/\/hubsch-interior.com\/de\/","logo":{"@type":"ImageObject","inLanguage":"de","@id":"https:\/\/hubsch-interior.com\/de\/#\/schema\/logo\/image\/","url":"https:\/\/hubsch-interior.com\/wp-content\/uploads\/2022\/12\/Hubsch_logo_black_one_line.svg","contentUrl":"https:\/\/hubsch-interior.com\/wp-content\/uploads\/2022\/12\/Hubsch_logo_black_one_line.svg","caption":"H\u00fcbsch"},"image":{"@id":"https:\/\/hubsch-interior.com\/de\/#\/schema\/logo\/image\/"}}]}},"_links":{"self":[{"href":"https:\/\/hubsch-interior.com\/de\/wp-json\/wp\/v2\/product\/387425","targetHints":{"allow":["GET"]}}],"collection":[{"href":"https:\/\/hubsch-interior.com\/de\/wp-json\/wp\/v2\/product"}],"about":[{"href":"https:\/\/hubsch-interior.com\/de\/wp-json\/wp\/v2\/types\/product"}],"wp:featuredmedia":[{"embeddable":true,"href":"https:\/\/hubsch-interior.com\/de\/wp-json\/wp\/v2\/media\/1094323"}],"wp:attachment":[{"href":"https:\/\/hubsch-interior.com\/de\/wp-json\/wp\/v2\/media?parent=387425"}],"wp:term":[{"taxonomy":"product_brand","embeddable":true,"href":"https:\/\/hubsch-interior.com\/de\/wp-json\/wp\/v2\/product_brand?post=387425"},{"taxonomy":"product_cat","embeddable":true,"href":"https:\/\/hubsch-interior.com\/de\/wp-json\/wp\/v2\/product_cat?post=387425"},{"taxonomy":"product_tag","embeddable":true,"href":"https:\/\/hubsch-interior.com\/de\/wp-json\/wp\/v2\/product_tag?post=387425"}],"curies":[{"name":"wp","href":"https:\/\/api.w.org\/{rel}","templated":true}]}}