{"id":387445,"date":"2021-06-04T09:42:14","date_gmt":"2021-06-04T07:42:14","guid":{"rendered":"https:\/\/hubsch-interior.com\/shop-b2c\/product\/product-6\/"},"modified":"2026-04-05T04:15:54","modified_gmt":"2026-04-05T02:15:54","slug":"speckle-kissen-blau-sandfarben","status":"publish","type":"product","link":"https:\/\/hubsch-interior.com\/de\/produkt\/speckle-kissen-blau-sandfarben\/","title":{"rendered":"Speckle Kissen Blau\/Sandfarben"},"content":{"rendered":"<p>Das Speckle-Kissen steckt voller \u00dcberraschungen! Auf den ersten Blick sehen Sie ein einfarbiges blaues Kissen \u2013 aber bei genauerem Hinsehen entdecken Sie wundersch\u00f6ne Muster und Farbnuancen. Das Kissen ist au\u00dferdem die ideale Erg\u00e4nzung f\u00fcr ein Betthaupt. Kombinieren Sie doch zwei oder drei in unterschiedlichen Farben.<\/p>\n","protected":false},"excerpt":{"rendered":"<p>Das Speckle-Kissen steckt voller \u00dcberraschungen! Auf den ersten Blick sehen Sie ein einfarbiges blaues Kissen \u2013 aber bei genauerem Hinsehen entdecken Sie wundersch\u00f6ne Muster und Farbnuancen. Das Kissen ist au\u00dferdem die ideale Erg\u00e4nzung f\u00fcr ein Betthaupt. Kombinieren Sie doch zwei oder drei in unterschiedlichen Farben.<\/p>\n","protected":false},"featured_media":1092182,"template":"","meta":{"_acf_changed":false,"inline_featured_image":false},"product_brand":[],"product_cat":[6349,3004,3005,5027,6519],"product_tag":[],"class_list":{"0":"post-387445","1":"product","2":"type-product","3":"status-publish","4":"has-post-thumbnail","6":"product_cat-garden-selection-de","7":"product_cat-textilien","8":"product_cat-kissen-de","9":"product_cat-bestsellers-de","10":"product_cat-outlet-de","11":"product_shipping_class-pk","13":"pa_color-sandfarben","14":"pa_color-blau-2","15":"pa_material-kanevas-de","16":"pa_material-polyester-95-de","18":"first","19":"instock","20":"sale","21":"featured","22":"taxable","23":"shipping-taxable","24":"purchasable","25":"product-type-simple"},"exclude_global_add_ons":[],"addons":[],"acf":[],"yoast_head":"<!-- This site is optimized with the Yoast SEO plugin v26.4 - https:\/\/yoast.com\/wordpress\/plugins\/seo\/ -->\n<title>Speckle Kissen Blau\/Sandfarben - H\u00fcbsch<\/title>\n<meta name=\"description\" content=\"Das Speckle-Kissen steckt voller \u00dcberraschungen! Auf den ersten Blick sehen Sie ein einfarbiges blaues Kissen \u2013 aber bei genauerem Hinsehen entdecken Sie\" \/>\n<meta name=\"robots\" content=\"index, follow, max-snippet:-1, max-image-preview:large, max-video-preview:-1\" \/>\n<link rel=\"canonical\" href=\"https:\/\/hubsch-interior.com\/de\/wp-json\/wp\/v2\/product\/387445\" \/>\n<meta property=\"og:locale\" content=\"de_DE\" \/>\n<meta property=\"og:type\" content=\"article\" \/>\n<meta property=\"og:title\" content=\"Speckle Kissen Blau\/Sandfarben - H\u00fcbsch\" \/>\n<meta property=\"og:description\" content=\"Das Speckle-Kissen steckt voller \u00dcberraschungen! Auf den ersten Blick sehen Sie ein einfarbiges blaues Kissen \u2013 aber bei genauerem Hinsehen entdecken Sie\" \/>\n<meta property=\"og:url\" content=\"https:\/\/hubsch-interior.com\/de\/produkt\/speckle-kissen-blau-sandfarben\/\" \/>\n<meta property=\"og:site_name\" content=\"H\u00fcbsch\" \/>\n<meta property=\"article:modified_time\" content=\"2026-04-05T02:15:54+00:00\" \/>\n<meta property=\"og:image\" content=\"https:\/\/hubsch-interior.com\/wp-content\/uploads\/2023\/08\/speckle-cushion-bluesand-989b44f7208638177d4e310f57a8b208.jpg\" \/>\n\t<meta property=\"og:image:width\" content=\"1200\" \/>\n\t<meta property=\"og:image:height\" content=\"1200\" \/>\n\t<meta property=\"og:image:type\" content=\"image\/jpeg\" \/>\n<meta name=\"twitter:card\" content=\"summary_large_image\" \/>\n<script type=\"application\/ld+json\" class=\"yoast-schema-graph\">{\"@context\":\"https:\/\/schema.org\",\"@graph\":[{\"@type\":\"WebPage\",\"@id\":\"https:\/\/hubsch-interior.com\/de\/produkt\/speckle-kissen-blau-sandfarben\/\",\"url\":\"https:\/\/hubsch-interior.com\/de\/produkt\/speckle-kissen-blau-sandfarben\/\",\"name\":\"Speckle Kissen Blau\/Sandfarben - H\u00fcbsch\",\"isPartOf\":{\"@id\":\"https:\/\/hubsch-interior.com\/de\/#website\"},\"primaryImageOfPage\":{\"@id\":\"https:\/\/hubsch-interior.com\/de\/produkt\/speckle-kissen-blau-sandfarben\/#primaryimage\"},\"image\":{\"@id\":\"https:\/\/hubsch-interior.com\/de\/produkt\/speckle-kissen-blau-sandfarben\/#primaryimage\"},\"thumbnailUrl\":\"https:\/\/hubsch-interior.com\/wp-content\/uploads\/2026\/02\/speckle-cushion-bluesand-f9566656044dcf09adf4eb10e2f355bc.jpg\",\"datePublished\":\"2021-06-04T07:42:14+00:00\",\"dateModified\":\"2026-04-05T02:15:54+00:00\",\"description\":\"Das Speckle-Kissen steckt voller \u00dcberraschungen! Auf den ersten Blick sehen Sie ein einfarbiges blaues Kissen \u2013 aber bei genauerem Hinsehen entdecken Sie\",\"breadcrumb\":{\"@id\":\"https:\/\/hubsch-interior.com\/de\/produkt\/speckle-kissen-blau-sandfarben\/#breadcrumb\"},\"inLanguage\":\"de\",\"potentialAction\":[{\"@type\":\"ReadAction\",\"target\":[\"https:\/\/hubsch-interior.com\/de\/produkt\/speckle-kissen-blau-sandfarben\/\"]}]},{\"@type\":\"ImageObject\",\"inLanguage\":\"de\",\"@id\":\"https:\/\/hubsch-interior.com\/de\/produkt\/speckle-kissen-blau-sandfarben\/#primaryimage\",\"url\":\"https:\/\/hubsch-interior.com\/wp-content\/uploads\/2026\/02\/speckle-cushion-bluesand-f9566656044dcf09adf4eb10e2f355bc.jpg\",\"contentUrl\":\"https:\/\/hubsch-interior.com\/wp-content\/uploads\/2026\/02\/speckle-cushion-bluesand-f9566656044dcf09adf4eb10e2f355bc.jpg\",\"width\":1024,\"height\":1024},{\"@type\":\"BreadcrumbList\",\"@id\":\"https:\/\/hubsch-interior.com\/de\/produkt\/speckle-kissen-blau-sandfarben\/#breadcrumb\",\"itemListElement\":[{\"@type\":\"ListItem\",\"position\":1,\"name\":\"Startseite\",\"item\":\"https:\/\/hubsch-interior.com\/de\/\"},{\"@type\":\"ListItem\",\"position\":2,\"name\":\"Produkte\",\"item\":\"https:\/\/hubsch-interior.com\/de\/shop-2\/\"},{\"@type\":\"ListItem\",\"position\":3,\"name\":\"Textilien\",\"item\":\"https:\/\/hubsch-interior.com\/de\/produkt-kategorie\/textilien\/\"},{\"@type\":\"ListItem\",\"position\":4,\"name\":\"Kissen\",\"item\":\"https:\/\/hubsch-interior.com\/de\/produkt-kategorie\/textilien\/kissen-de\/\"},{\"@type\":\"ListItem\",\"position\":5,\"name\":\"Speckle Kissen Blau\/Sandfarben\"}]},{\"@type\":\"WebSite\",\"@id\":\"https:\/\/hubsch-interior.com\/de\/#website\",\"url\":\"https:\/\/hubsch-interior.com\/de\/\",\"name\":\"H\u00fcbsch\",\"description\":\"Danish Home Interior and Design\",\"publisher\":{\"@id\":\"https:\/\/hubsch-interior.com\/de\/#organization\"},\"potentialAction\":[{\"@type\":\"SearchAction\",\"target\":{\"@type\":\"EntryPoint\",\"urlTemplate\":\"https:\/\/hubsch-interior.com\/de\/?s={search_term_string}\"},\"query-input\":{\"@type\":\"PropertyValueSpecification\",\"valueRequired\":true,\"valueName\":\"search_term_string\"}}],\"inLanguage\":\"de\"},{\"@type\":\"Organization\",\"@id\":\"https:\/\/hubsch-interior.com\/de\/#organization\",\"name\":\"H\u00fcbsch\",\"url\":\"https:\/\/hubsch-interior.com\/de\/\",\"logo\":{\"@type\":\"ImageObject\",\"inLanguage\":\"de\",\"@id\":\"https:\/\/hubsch-interior.com\/de\/#\/schema\/logo\/image\/\",\"url\":\"https:\/\/hubsch-interior.com\/wp-content\/uploads\/2022\/12\/Hubsch_logo_black_one_line.svg\",\"contentUrl\":\"https:\/\/hubsch-interior.com\/wp-content\/uploads\/2022\/12\/Hubsch_logo_black_one_line.svg\",\"caption\":\"H\u00fcbsch\"},\"image\":{\"@id\":\"https:\/\/hubsch-interior.com\/de\/#\/schema\/logo\/image\/\"}}]}<\/script>\n<!-- \/ Yoast SEO plugin. -->","yoast_head_json":{"title":"Speckle Kissen Blau\/Sandfarben - H\u00fcbsch","description":"Das Speckle-Kissen steckt voller \u00dcberraschungen! Auf den ersten Blick sehen Sie ein einfarbiges blaues Kissen \u2013 aber bei genauerem Hinsehen entdecken Sie","robots":{"index":"index","follow":"follow","max-snippet":"max-snippet:-1","max-image-preview":"max-image-preview:large","max-video-preview":"max-video-preview:-1"},"canonical":"https:\/\/hubsch-interior.com\/de\/wp-json\/wp\/v2\/product\/387445","og_locale":"de_DE","og_type":"article","og_title":"Speckle Kissen Blau\/Sandfarben - H\u00fcbsch","og_description":"Das Speckle-Kissen steckt voller \u00dcberraschungen! Auf den ersten Blick sehen Sie ein einfarbiges blaues Kissen \u2013 aber bei genauerem Hinsehen entdecken Sie","og_url":"https:\/\/hubsch-interior.com\/de\/produkt\/speckle-kissen-blau-sandfarben\/","og_site_name":"H\u00fcbsch","article_modified_time":"2026-04-05T02:15:54+00:00","og_image":[{"width":1200,"height":1200,"url":"https:\/\/hubsch-interior.com\/wp-content\/uploads\/2023\/08\/speckle-cushion-bluesand-989b44f7208638177d4e310f57a8b208.jpg","type":"image\/jpeg"}],"twitter_card":"summary_large_image","schema":{"@context":"https:\/\/schema.org","@graph":[{"@type":"WebPage","@id":"https:\/\/hubsch-interior.com\/de\/produkt\/speckle-kissen-blau-sandfarben\/","url":"https:\/\/hubsch-interior.com\/de\/produkt\/speckle-kissen-blau-sandfarben\/","name":"Speckle Kissen Blau\/Sandfarben - H\u00fcbsch","isPartOf":{"@id":"https:\/\/hubsch-interior.com\/de\/#website"},"primaryImageOfPage":{"@id":"https:\/\/hubsch-interior.com\/de\/produkt\/speckle-kissen-blau-sandfarben\/#primaryimage"},"image":{"@id":"https:\/\/hubsch-interior.com\/de\/produkt\/speckle-kissen-blau-sandfarben\/#primaryimage"},"thumbnailUrl":"https:\/\/hubsch-interior.com\/wp-content\/uploads\/2026\/02\/speckle-cushion-bluesand-f9566656044dcf09adf4eb10e2f355bc.jpg","datePublished":"2021-06-04T07:42:14+00:00","dateModified":"2026-04-05T02:15:54+00:00","description":"Das Speckle-Kissen steckt voller \u00dcberraschungen! Auf den ersten Blick sehen Sie ein einfarbiges blaues Kissen \u2013 aber bei genauerem Hinsehen entdecken Sie","breadcrumb":{"@id":"https:\/\/hubsch-interior.com\/de\/produkt\/speckle-kissen-blau-sandfarben\/#breadcrumb"},"inLanguage":"de","potentialAction":[{"@type":"ReadAction","target":["https:\/\/hubsch-interior.com\/de\/produkt\/speckle-kissen-blau-sandfarben\/"]}]},{"@type":"ImageObject","inLanguage":"de","@id":"https:\/\/hubsch-interior.com\/de\/produkt\/speckle-kissen-blau-sandfarben\/#primaryimage","url":"https:\/\/hubsch-interior.com\/wp-content\/uploads\/2026\/02\/speckle-cushion-bluesand-f9566656044dcf09adf4eb10e2f355bc.jpg","contentUrl":"https:\/\/hubsch-interior.com\/wp-content\/uploads\/2026\/02\/speckle-cushion-bluesand-f9566656044dcf09adf4eb10e2f355bc.jpg","width":1024,"height":1024},{"@type":"BreadcrumbList","@id":"https:\/\/hubsch-interior.com\/de\/produkt\/speckle-kissen-blau-sandfarben\/#breadcrumb","itemListElement":[{"@type":"ListItem","position":1,"name":"Startseite","item":"https:\/\/hubsch-interior.com\/de\/"},{"@type":"ListItem","position":2,"name":"Produkte","item":"https:\/\/hubsch-interior.com\/de\/shop-2\/"},{"@type":"ListItem","position":3,"name":"Textilien","item":"https:\/\/hubsch-interior.com\/de\/produkt-kategorie\/textilien\/"},{"@type":"ListItem","position":4,"name":"Kissen","item":"https:\/\/hubsch-interior.com\/de\/produkt-kategorie\/textilien\/kissen-de\/"},{"@type":"ListItem","position":5,"name":"Speckle Kissen Blau\/Sandfarben"}]},{"@type":"WebSite","@id":"https:\/\/hubsch-interior.com\/de\/#website","url":"https:\/\/hubsch-interior.com\/de\/","name":"H\u00fcbsch","description":"Danish Home Interior and Design","publisher":{"@id":"https:\/\/hubsch-interior.com\/de\/#organization"},"potentialAction":[{"@type":"SearchAction","target":{"@type":"EntryPoint","urlTemplate":"https:\/\/hubsch-interior.com\/de\/?s={search_term_string}"},"query-input":{"@type":"PropertyValueSpecification","valueRequired":true,"valueName":"search_term_string"}}],"inLanguage":"de"},{"@type":"Organization","@id":"https:\/\/hubsch-interior.com\/de\/#organization","name":"H\u00fcbsch","url":"https:\/\/hubsch-interior.com\/de\/","logo":{"@type":"ImageObject","inLanguage":"de","@id":"https:\/\/hubsch-interior.com\/de\/#\/schema\/logo\/image\/","url":"https:\/\/hubsch-interior.com\/wp-content\/uploads\/2022\/12\/Hubsch_logo_black_one_line.svg","contentUrl":"https:\/\/hubsch-interior.com\/wp-content\/uploads\/2022\/12\/Hubsch_logo_black_one_line.svg","caption":"H\u00fcbsch"},"image":{"@id":"https:\/\/hubsch-interior.com\/de\/#\/schema\/logo\/image\/"}}]}},"_links":{"self":[{"href":"https:\/\/hubsch-interior.com\/de\/wp-json\/wp\/v2\/product\/387445","targetHints":{"allow":["GET"]}}],"collection":[{"href":"https:\/\/hubsch-interior.com\/de\/wp-json\/wp\/v2\/product"}],"about":[{"href":"https:\/\/hubsch-interior.com\/de\/wp-json\/wp\/v2\/types\/product"}],"wp:featuredmedia":[{"embeddable":true,"href":"https:\/\/hubsch-interior.com\/de\/wp-json\/wp\/v2\/media\/1092182"}],"wp:attachment":[{"href":"https:\/\/hubsch-interior.com\/de\/wp-json\/wp\/v2\/media?parent=387445"}],"wp:term":[{"taxonomy":"product_brand","embeddable":true,"href":"https:\/\/hubsch-interior.com\/de\/wp-json\/wp\/v2\/product_brand?post=387445"},{"taxonomy":"product_cat","embeddable":true,"href":"https:\/\/hubsch-interior.com\/de\/wp-json\/wp\/v2\/product_cat?post=387445"},{"taxonomy":"product_tag","embeddable":true,"href":"https:\/\/hubsch-interior.com\/de\/wp-json\/wp\/v2\/product_tag?post=387445"}],"curies":[{"name":"wp","href":"https:\/\/api.w.org\/{rel}","templated":true}]}}