{"id":387577,"date":"2021-06-04T09:42:37","date_gmt":"2021-06-04T07:42:37","guid":{"rendered":"https:\/\/hubsch-interior.com\/shop-b2c\/product\/product-6\/"},"modified":"2026-05-06T04:16:07","modified_gmt":"2026-05-06T02:16:07","slug":"blues-pouf-blau","status":"publish","type":"product","link":"https:\/\/hubsch-interior.com\/de\/produkt\/blues-pouf-blau\/","title":{"rendered":"Blues Pouf Blau"},"content":{"rendered":"<p>Der Pouf ist eine mutige und stilvolle Wahl. Dieses Sitzm\u00f6bel hat eine \u00e4u\u00dferst komfortable Form und dient als wahres Statement. Platzieren Sie es in einem beliebigen Raum, um diesen stilvoller und raffinierter erscheinen zu lassen. Der Stoff und die Farbe verleihen diesem Pouf einen beruhigenden und gleichzeitig sehr schicken Look.<\/p>\n","protected":false},"excerpt":{"rendered":"<p>Der Pouf ist eine mutige und stilvolle Wahl. Dieses Sitzm\u00f6bel hat eine \u00e4u\u00dferst komfortable Form und dient als wahres Statement. Platzieren Sie es in einem beliebigen Raum, um diesen stilvoller und raffinierter erscheinen zu lassen. Der Stoff und die Farbe verleihen diesem Pouf einen beruhigenden und gleichzeitig sehr schicken Look.<\/p>\n","protected":false},"featured_media":1117315,"template":"","meta":{"_acf_changed":false,"inline_featured_image":false},"product_brand":[],"product_cat":[2845,5458,5031],"product_tag":[],"class_list":{"0":"post-387577","1":"product","2":"type-product","3":"status-publish","4":"has-post-thumbnail","6":"product_cat-sitzmoebel-de","7":"product_cat-poufs-de","8":"product_cat-wieder-auf-lager-de","9":"product_shipping_class-pk","11":"pa_color-blau-2","12":"pa_material-polyester-100-de","14":"first","15":"instock","16":"taxable","17":"shipping-taxable","18":"purchasable","19":"product-type-simple"},"exclude_global_add_ons":[],"addons":[],"acf":[],"yoast_head":"<!-- This site is optimized with the Yoast SEO plugin v26.4 - https:\/\/yoast.com\/wordpress\/plugins\/seo\/ -->\n<title>Blues Pouf Blau - H\u00fcbsch<\/title>\n<meta name=\"description\" content=\"Der Pouf ist eine mutige und stilvolle Wahl. Dieses Sitzm\u00f6bel hat eine \u00e4u\u00dferst komfortable Form und dient als wahres Statement. Platzieren Sie es in einem\" \/>\n<meta name=\"robots\" content=\"index, follow, max-snippet:-1, max-image-preview:large, max-video-preview:-1\" \/>\n<link rel=\"canonical\" href=\"https:\/\/hubsch-interior.com\/de\/wp-json\/wp\/v2\/product\/387577\" \/>\n<meta property=\"og:locale\" content=\"de_DE\" \/>\n<meta property=\"og:type\" content=\"article\" \/>\n<meta property=\"og:title\" content=\"Blues Pouf Blau - H\u00fcbsch\" \/>\n<meta property=\"og:description\" content=\"Der Pouf ist eine mutige und stilvolle Wahl. Dieses Sitzm\u00f6bel hat eine \u00e4u\u00dferst komfortable Form und dient als wahres Statement. Platzieren Sie es in einem\" \/>\n<meta property=\"og:url\" content=\"https:\/\/hubsch-interior.com\/de\/produkt\/blues-pouf-blau\/\" \/>\n<meta property=\"og:site_name\" content=\"H\u00fcbsch\" \/>\n<meta property=\"article:modified_time\" content=\"2026-05-06T02:16:07+00:00\" \/>\n<meta property=\"og:image\" content=\"https:\/\/hubsch-interior.com\/wp-content\/uploads\/2026\/05\/blues-pouffe-blue-870de0cb6f5a2389b4cd5f5b792419d8.jpg\" \/>\n\t<meta property=\"og:image:width\" content=\"683\" \/>\n\t<meta property=\"og:image:height\" content=\"1024\" \/>\n\t<meta property=\"og:image:type\" content=\"image\/jpeg\" \/>\n<meta name=\"twitter:card\" content=\"summary_large_image\" \/>\n<script type=\"application\/ld+json\" class=\"yoast-schema-graph\">{\"@context\":\"https:\/\/schema.org\",\"@graph\":[{\"@type\":\"WebPage\",\"@id\":\"https:\/\/hubsch-interior.com\/de\/produkt\/blues-pouf-blau\/\",\"url\":\"https:\/\/hubsch-interior.com\/de\/produkt\/blues-pouf-blau\/\",\"name\":\"Blues Pouf Blau - H\u00fcbsch\",\"isPartOf\":{\"@id\":\"https:\/\/hubsch-interior.com\/de\/#website\"},\"primaryImageOfPage\":{\"@id\":\"https:\/\/hubsch-interior.com\/de\/produkt\/blues-pouf-blau\/#primaryimage\"},\"image\":{\"@id\":\"https:\/\/hubsch-interior.com\/de\/produkt\/blues-pouf-blau\/#primaryimage\"},\"thumbnailUrl\":\"https:\/\/hubsch-interior.com\/wp-content\/uploads\/2026\/05\/blues-pouffe-blue-870de0cb6f5a2389b4cd5f5b792419d8.jpg\",\"datePublished\":\"2021-06-04T07:42:37+00:00\",\"dateModified\":\"2026-05-06T02:16:07+00:00\",\"description\":\"Der Pouf ist eine mutige und stilvolle Wahl. Dieses Sitzm\u00f6bel hat eine \u00e4u\u00dferst komfortable Form und dient als wahres Statement. Platzieren Sie es in einem\",\"breadcrumb\":{\"@id\":\"https:\/\/hubsch-interior.com\/de\/produkt\/blues-pouf-blau\/#breadcrumb\"},\"inLanguage\":\"de\",\"potentialAction\":[{\"@type\":\"ReadAction\",\"target\":[\"https:\/\/hubsch-interior.com\/de\/produkt\/blues-pouf-blau\/\"]}]},{\"@type\":\"ImageObject\",\"inLanguage\":\"de\",\"@id\":\"https:\/\/hubsch-interior.com\/de\/produkt\/blues-pouf-blau\/#primaryimage\",\"url\":\"https:\/\/hubsch-interior.com\/wp-content\/uploads\/2026\/05\/blues-pouffe-blue-870de0cb6f5a2389b4cd5f5b792419d8.jpg\",\"contentUrl\":\"https:\/\/hubsch-interior.com\/wp-content\/uploads\/2026\/05\/blues-pouffe-blue-870de0cb6f5a2389b4cd5f5b792419d8.jpg\",\"width\":683,\"height\":1024},{\"@type\":\"BreadcrumbList\",\"@id\":\"https:\/\/hubsch-interior.com\/de\/produkt\/blues-pouf-blau\/#breadcrumb\",\"itemListElement\":[{\"@type\":\"ListItem\",\"position\":1,\"name\":\"Startseite\",\"item\":\"https:\/\/hubsch-interior.com\/de\/\"},{\"@type\":\"ListItem\",\"position\":2,\"name\":\"Produkte\",\"item\":\"https:\/\/hubsch-interior.com\/de\/shop-2\/\"},{\"@type\":\"ListItem\",\"position\":3,\"name\":\"M\u00f6bel\",\"item\":\"https:\/\/hubsch-interior.com\/de\/produkt-kategorie\/moebel\/\"},{\"@type\":\"ListItem\",\"position\":4,\"name\":\"Sitzm&ouml;bel\",\"item\":\"https:\/\/hubsch-interior.com\/de\/produkt-kategorie\/moebel\/sitzmoebel-de\/\"},{\"@type\":\"ListItem\",\"position\":5,\"name\":\"Poufs\",\"item\":\"https:\/\/hubsch-interior.com\/de\/produkt-kategorie\/moebel\/sitzmoebel-de\/poufs-de\/\"},{\"@type\":\"ListItem\",\"position\":6,\"name\":\"Blues Pouf Blau\"}]},{\"@type\":\"WebSite\",\"@id\":\"https:\/\/hubsch-interior.com\/de\/#website\",\"url\":\"https:\/\/hubsch-interior.com\/de\/\",\"name\":\"H\u00fcbsch\",\"description\":\"Danish Home Interior and Design\",\"publisher\":{\"@id\":\"https:\/\/hubsch-interior.com\/de\/#organization\"},\"potentialAction\":[{\"@type\":\"SearchAction\",\"target\":{\"@type\":\"EntryPoint\",\"urlTemplate\":\"https:\/\/hubsch-interior.com\/de\/?s={search_term_string}\"},\"query-input\":{\"@type\":\"PropertyValueSpecification\",\"valueRequired\":true,\"valueName\":\"search_term_string\"}}],\"inLanguage\":\"de\"},{\"@type\":\"Organization\",\"@id\":\"https:\/\/hubsch-interior.com\/de\/#organization\",\"name\":\"H\u00fcbsch\",\"url\":\"https:\/\/hubsch-interior.com\/de\/\",\"logo\":{\"@type\":\"ImageObject\",\"inLanguage\":\"de\",\"@id\":\"https:\/\/hubsch-interior.com\/de\/#\/schema\/logo\/image\/\",\"url\":\"https:\/\/hubsch-interior.com\/wp-content\/uploads\/2022\/12\/Hubsch_logo_black_one_line.svg\",\"contentUrl\":\"https:\/\/hubsch-interior.com\/wp-content\/uploads\/2022\/12\/Hubsch_logo_black_one_line.svg\",\"caption\":\"H\u00fcbsch\"},\"image\":{\"@id\":\"https:\/\/hubsch-interior.com\/de\/#\/schema\/logo\/image\/\"}}]}<\/script>\n<!-- \/ Yoast SEO plugin. -->","yoast_head_json":{"title":"Blues Pouf Blau - H\u00fcbsch","description":"Der Pouf ist eine mutige und stilvolle Wahl. Dieses Sitzm\u00f6bel hat eine \u00e4u\u00dferst komfortable Form und dient als wahres Statement. Platzieren Sie es in einem","robots":{"index":"index","follow":"follow","max-snippet":"max-snippet:-1","max-image-preview":"max-image-preview:large","max-video-preview":"max-video-preview:-1"},"canonical":"https:\/\/hubsch-interior.com\/de\/wp-json\/wp\/v2\/product\/387577","og_locale":"de_DE","og_type":"article","og_title":"Blues Pouf Blau - H\u00fcbsch","og_description":"Der Pouf ist eine mutige und stilvolle Wahl. Dieses Sitzm\u00f6bel hat eine \u00e4u\u00dferst komfortable Form und dient als wahres Statement. Platzieren Sie es in einem","og_url":"https:\/\/hubsch-interior.com\/de\/produkt\/blues-pouf-blau\/","og_site_name":"H\u00fcbsch","article_modified_time":"2026-05-06T02:16:07+00:00","og_image":[{"width":683,"height":1024,"url":"https:\/\/hubsch-interior.com\/wp-content\/uploads\/2026\/05\/blues-pouffe-blue-870de0cb6f5a2389b4cd5f5b792419d8.jpg","type":"image\/jpeg"}],"twitter_card":"summary_large_image","schema":{"@context":"https:\/\/schema.org","@graph":[{"@type":"WebPage","@id":"https:\/\/hubsch-interior.com\/de\/produkt\/blues-pouf-blau\/","url":"https:\/\/hubsch-interior.com\/de\/produkt\/blues-pouf-blau\/","name":"Blues Pouf Blau - H\u00fcbsch","isPartOf":{"@id":"https:\/\/hubsch-interior.com\/de\/#website"},"primaryImageOfPage":{"@id":"https:\/\/hubsch-interior.com\/de\/produkt\/blues-pouf-blau\/#primaryimage"},"image":{"@id":"https:\/\/hubsch-interior.com\/de\/produkt\/blues-pouf-blau\/#primaryimage"},"thumbnailUrl":"https:\/\/hubsch-interior.com\/wp-content\/uploads\/2026\/05\/blues-pouffe-blue-870de0cb6f5a2389b4cd5f5b792419d8.jpg","datePublished":"2021-06-04T07:42:37+00:00","dateModified":"2026-05-06T02:16:07+00:00","description":"Der Pouf ist eine mutige und stilvolle Wahl. Dieses Sitzm\u00f6bel hat eine \u00e4u\u00dferst komfortable Form und dient als wahres Statement. Platzieren Sie es in einem","breadcrumb":{"@id":"https:\/\/hubsch-interior.com\/de\/produkt\/blues-pouf-blau\/#breadcrumb"},"inLanguage":"de","potentialAction":[{"@type":"ReadAction","target":["https:\/\/hubsch-interior.com\/de\/produkt\/blues-pouf-blau\/"]}]},{"@type":"ImageObject","inLanguage":"de","@id":"https:\/\/hubsch-interior.com\/de\/produkt\/blues-pouf-blau\/#primaryimage","url":"https:\/\/hubsch-interior.com\/wp-content\/uploads\/2026\/05\/blues-pouffe-blue-870de0cb6f5a2389b4cd5f5b792419d8.jpg","contentUrl":"https:\/\/hubsch-interior.com\/wp-content\/uploads\/2026\/05\/blues-pouffe-blue-870de0cb6f5a2389b4cd5f5b792419d8.jpg","width":683,"height":1024},{"@type":"BreadcrumbList","@id":"https:\/\/hubsch-interior.com\/de\/produkt\/blues-pouf-blau\/#breadcrumb","itemListElement":[{"@type":"ListItem","position":1,"name":"Startseite","item":"https:\/\/hubsch-interior.com\/de\/"},{"@type":"ListItem","position":2,"name":"Produkte","item":"https:\/\/hubsch-interior.com\/de\/shop-2\/"},{"@type":"ListItem","position":3,"name":"M\u00f6bel","item":"https:\/\/hubsch-interior.com\/de\/produkt-kategorie\/moebel\/"},{"@type":"ListItem","position":4,"name":"Sitzm&ouml;bel","item":"https:\/\/hubsch-interior.com\/de\/produkt-kategorie\/moebel\/sitzmoebel-de\/"},{"@type":"ListItem","position":5,"name":"Poufs","item":"https:\/\/hubsch-interior.com\/de\/produkt-kategorie\/moebel\/sitzmoebel-de\/poufs-de\/"},{"@type":"ListItem","position":6,"name":"Blues Pouf Blau"}]},{"@type":"WebSite","@id":"https:\/\/hubsch-interior.com\/de\/#website","url":"https:\/\/hubsch-interior.com\/de\/","name":"H\u00fcbsch","description":"Danish Home Interior and Design","publisher":{"@id":"https:\/\/hubsch-interior.com\/de\/#organization"},"potentialAction":[{"@type":"SearchAction","target":{"@type":"EntryPoint","urlTemplate":"https:\/\/hubsch-interior.com\/de\/?s={search_term_string}"},"query-input":{"@type":"PropertyValueSpecification","valueRequired":true,"valueName":"search_term_string"}}],"inLanguage":"de"},{"@type":"Organization","@id":"https:\/\/hubsch-interior.com\/de\/#organization","name":"H\u00fcbsch","url":"https:\/\/hubsch-interior.com\/de\/","logo":{"@type":"ImageObject","inLanguage":"de","@id":"https:\/\/hubsch-interior.com\/de\/#\/schema\/logo\/image\/","url":"https:\/\/hubsch-interior.com\/wp-content\/uploads\/2022\/12\/Hubsch_logo_black_one_line.svg","contentUrl":"https:\/\/hubsch-interior.com\/wp-content\/uploads\/2022\/12\/Hubsch_logo_black_one_line.svg","caption":"H\u00fcbsch"},"image":{"@id":"https:\/\/hubsch-interior.com\/de\/#\/schema\/logo\/image\/"}}]}},"_links":{"self":[{"href":"https:\/\/hubsch-interior.com\/de\/wp-json\/wp\/v2\/product\/387577","targetHints":{"allow":["GET"]}}],"collection":[{"href":"https:\/\/hubsch-interior.com\/de\/wp-json\/wp\/v2\/product"}],"about":[{"href":"https:\/\/hubsch-interior.com\/de\/wp-json\/wp\/v2\/types\/product"}],"wp:featuredmedia":[{"embeddable":true,"href":"https:\/\/hubsch-interior.com\/de\/wp-json\/wp\/v2\/media\/1117315"}],"wp:attachment":[{"href":"https:\/\/hubsch-interior.com\/de\/wp-json\/wp\/v2\/media?parent=387577"}],"wp:term":[{"taxonomy":"product_brand","embeddable":true,"href":"https:\/\/hubsch-interior.com\/de\/wp-json\/wp\/v2\/product_brand?post=387577"},{"taxonomy":"product_cat","embeddable":true,"href":"https:\/\/hubsch-interior.com\/de\/wp-json\/wp\/v2\/product_cat?post=387577"},{"taxonomy":"product_tag","embeddable":true,"href":"https:\/\/hubsch-interior.com\/de\/wp-json\/wp\/v2\/product_tag?post=387577"}],"curies":[{"name":"wp","href":"https:\/\/api.w.org\/{rel}","templated":true}]}}