{"id":387809,"date":"2021-06-04T09:43:26","date_gmt":"2021-06-04T07:43:26","guid":{"rendered":"https:\/\/hubsch-interior.com\/shop-b2c\/product\/product-6\/"},"modified":"2026-04-09T04:16:24","modified_gmt":"2026-04-09T02:16:24","slug":"fjord-esstisch-runde-large-schwarz","status":"publish","type":"product","link":"https:\/\/hubsch-interior.com\/de\/produkt\/fjord-esstisch-runde-large-schwarz\/","title":{"rendered":"Fjord Esstisch Runde Large Schwarz"},"content":{"rendered":"<p>Der Fjord Esstisch Large Schwarz ist ein modernes, stilvolles Einzelst\u00fcck aus FSC\u00ae-zertifiziertem Holz. Der Tisch besteht aus robustem Esche- und Eukalyptusholz und ist in schwarzer Farbe lackiert. Dank seiner runden Form eignet er sich perfekt f\u00fcr ein gem\u00fctliches Abendessen oder ein Fr\u00fchst\u00fcck im Kreis der Familie. Mit seinem zeitlosen Design passt er in jedes Zuhause. Ein Must-Have f\u00fcr alle, die ein stilvolles Ambiente sch\u00e4tzen.<\/p>\n","protected":false},"excerpt":{"rendered":"<p>Der Fjord Esstisch Large Schwarz ist ein modernes, stilvolles Einzelst\u00fcck aus FSC\u00ae-zertifiziertem Holz. Der Tisch besteht aus robustem Esche- und Eukalyptusholz und ist in schwarzer Farbe lackiert. Dank seiner runden Form eignet er sich perfekt f\u00fcr ein gem\u00fctliches Abendessen oder ein Fr\u00fchst\u00fcck im Kreis der Familie. Mit seinem zeitlosen Design passt er in jedes Zuhause. [&hellip;]<\/p>\n","protected":false},"featured_media":1092316,"template":"","meta":{"_acf_changed":false,"inline_featured_image":false},"product_brand":[],"product_cat":[6323,2861,4216],"product_tag":[],"class_list":{"0":"post-387809","1":"product","2":"type-product","3":"status-publish","4":"has-post-thumbnail","6":"product_cat-fsc-de","7":"product_cat-tische-de","8":"product_cat-esstische-de","9":"product_shipping_class-p20","11":"pa_color-schwarz","12":"pa_material-mdf-de","13":"pa_material-eschenholz","15":"first","16":"instock","17":"taxable","18":"shipping-taxable","19":"purchasable","20":"product-type-simple"},"exclude_global_add_ons":[],"addons":[],"acf":[],"yoast_head":"<!-- This site is optimized with the Yoast SEO plugin v26.4 - https:\/\/yoast.com\/wordpress\/plugins\/seo\/ -->\n<title>Fjord Esstisch Runde Large Schwarz - H\u00fcbsch<\/title>\n<meta name=\"description\" content=\"Der Fjord Esstisch Large Schwarz ist ein modernes, stilvolles Einzelst\u00fcck aus FSC\u00ae-zertifiziertem Holz. Der Tisch besteht aus robustem Esche- und\" \/>\n<meta name=\"robots\" content=\"index, follow, max-snippet:-1, max-image-preview:large, max-video-preview:-1\" \/>\n<link rel=\"canonical\" href=\"https:\/\/hubsch-interior.com\/de\/wp-json\/wp\/v2\/product\/387809\" \/>\n<meta property=\"og:locale\" content=\"de_DE\" \/>\n<meta property=\"og:type\" content=\"article\" \/>\n<meta property=\"og:title\" content=\"Fjord Esstisch Runde Large Schwarz - H\u00fcbsch\" \/>\n<meta property=\"og:description\" content=\"Der Fjord Esstisch Large Schwarz ist ein modernes, stilvolles Einzelst\u00fcck aus FSC\u00ae-zertifiziertem Holz. Der Tisch besteht aus robustem Esche- und\" \/>\n<meta property=\"og:url\" content=\"https:\/\/hubsch-interior.com\/de\/produkt\/fjord-esstisch-runde-large-schwarz\/\" \/>\n<meta property=\"og:site_name\" content=\"H\u00fcbsch\" \/>\n<meta property=\"article:modified_time\" content=\"2026-04-09T02:16:24+00:00\" \/>\n<meta property=\"og:image\" content=\"https:\/\/hubsch-interior.com\/wp-content\/uploads\/2023\/11\/fjord-dining-table-large-black-f0c6f72a95940919ec875a70d439a037.jpg\" \/>\n\t<meta property=\"og:image:width\" content=\"1200\" \/>\n\t<meta property=\"og:image:height\" content=\"1200\" \/>\n\t<meta property=\"og:image:type\" content=\"image\/jpeg\" \/>\n<meta name=\"twitter:card\" content=\"summary_large_image\" \/>\n<script type=\"application\/ld+json\" class=\"yoast-schema-graph\">{\"@context\":\"https:\/\/schema.org\",\"@graph\":[{\"@type\":\"WebPage\",\"@id\":\"https:\/\/hubsch-interior.com\/de\/produkt\/fjord-esstisch-runde-large-schwarz\/\",\"url\":\"https:\/\/hubsch-interior.com\/de\/produkt\/fjord-esstisch-runde-large-schwarz\/\",\"name\":\"Fjord Esstisch Runde Large Schwarz - H\u00fcbsch\",\"isPartOf\":{\"@id\":\"https:\/\/hubsch-interior.com\/de\/#website\"},\"primaryImageOfPage\":{\"@id\":\"https:\/\/hubsch-interior.com\/de\/produkt\/fjord-esstisch-runde-large-schwarz\/#primaryimage\"},\"image\":{\"@id\":\"https:\/\/hubsch-interior.com\/de\/produkt\/fjord-esstisch-runde-large-schwarz\/#primaryimage\"},\"thumbnailUrl\":\"https:\/\/hubsch-interior.com\/wp-content\/uploads\/2026\/02\/fjord-dining-table-round-large-black-fea28540e401d668e9ba53a7335369b7.jpg\",\"datePublished\":\"2021-06-04T07:43:26+00:00\",\"dateModified\":\"2026-04-09T02:16:24+00:00\",\"description\":\"Der Fjord Esstisch Large Schwarz ist ein modernes, stilvolles Einzelst\u00fcck aus FSC\u00ae-zertifiziertem Holz. Der Tisch besteht aus robustem Esche- und\",\"breadcrumb\":{\"@id\":\"https:\/\/hubsch-interior.com\/de\/produkt\/fjord-esstisch-runde-large-schwarz\/#breadcrumb\"},\"inLanguage\":\"de\",\"potentialAction\":[{\"@type\":\"ReadAction\",\"target\":[\"https:\/\/hubsch-interior.com\/de\/produkt\/fjord-esstisch-runde-large-schwarz\/\"]}]},{\"@type\":\"ImageObject\",\"inLanguage\":\"de\",\"@id\":\"https:\/\/hubsch-interior.com\/de\/produkt\/fjord-esstisch-runde-large-schwarz\/#primaryimage\",\"url\":\"https:\/\/hubsch-interior.com\/wp-content\/uploads\/2026\/02\/fjord-dining-table-round-large-black-fea28540e401d668e9ba53a7335369b7.jpg\",\"contentUrl\":\"https:\/\/hubsch-interior.com\/wp-content\/uploads\/2026\/02\/fjord-dining-table-round-large-black-fea28540e401d668e9ba53a7335369b7.jpg\",\"width\":1024,\"height\":1024},{\"@type\":\"BreadcrumbList\",\"@id\":\"https:\/\/hubsch-interior.com\/de\/produkt\/fjord-esstisch-runde-large-schwarz\/#breadcrumb\",\"itemListElement\":[{\"@type\":\"ListItem\",\"position\":1,\"name\":\"Startseite\",\"item\":\"https:\/\/hubsch-interior.com\/de\/\"},{\"@type\":\"ListItem\",\"position\":2,\"name\":\"Produkte\",\"item\":\"https:\/\/hubsch-interior.com\/de\/shop-2\/\"},{\"@type\":\"ListItem\",\"position\":3,\"name\":\"M\u00f6bel\",\"item\":\"https:\/\/hubsch-interior.com\/de\/produkt-kategorie\/moebel\/\"},{\"@type\":\"ListItem\",\"position\":4,\"name\":\"Tische\",\"item\":\"https:\/\/hubsch-interior.com\/de\/produkt-kategorie\/moebel\/tische-de\/\"},{\"@type\":\"ListItem\",\"position\":5,\"name\":\"Esstische\",\"item\":\"https:\/\/hubsch-interior.com\/de\/produkt-kategorie\/moebel\/tische-de\/esstische-de\/\"},{\"@type\":\"ListItem\",\"position\":6,\"name\":\"Fjord Esstisch Runde Large Schwarz\"}]},{\"@type\":\"WebSite\",\"@id\":\"https:\/\/hubsch-interior.com\/de\/#website\",\"url\":\"https:\/\/hubsch-interior.com\/de\/\",\"name\":\"H\u00fcbsch\",\"description\":\"Danish Home Interior and Design\",\"publisher\":{\"@id\":\"https:\/\/hubsch-interior.com\/de\/#organization\"},\"potentialAction\":[{\"@type\":\"SearchAction\",\"target\":{\"@type\":\"EntryPoint\",\"urlTemplate\":\"https:\/\/hubsch-interior.com\/de\/?s={search_term_string}\"},\"query-input\":{\"@type\":\"PropertyValueSpecification\",\"valueRequired\":true,\"valueName\":\"search_term_string\"}}],\"inLanguage\":\"de\"},{\"@type\":\"Organization\",\"@id\":\"https:\/\/hubsch-interior.com\/de\/#organization\",\"name\":\"H\u00fcbsch\",\"url\":\"https:\/\/hubsch-interior.com\/de\/\",\"logo\":{\"@type\":\"ImageObject\",\"inLanguage\":\"de\",\"@id\":\"https:\/\/hubsch-interior.com\/de\/#\/schema\/logo\/image\/\",\"url\":\"https:\/\/hubsch-interior.com\/wp-content\/uploads\/2022\/12\/Hubsch_logo_black_one_line.svg\",\"contentUrl\":\"https:\/\/hubsch-interior.com\/wp-content\/uploads\/2022\/12\/Hubsch_logo_black_one_line.svg\",\"caption\":\"H\u00fcbsch\"},\"image\":{\"@id\":\"https:\/\/hubsch-interior.com\/de\/#\/schema\/logo\/image\/\"}}]}<\/script>\n<!-- \/ Yoast SEO plugin. -->","yoast_head_json":{"title":"Fjord Esstisch Runde Large Schwarz - H\u00fcbsch","description":"Der Fjord Esstisch Large Schwarz ist ein modernes, stilvolles Einzelst\u00fcck aus FSC\u00ae-zertifiziertem Holz. Der Tisch besteht aus robustem Esche- und","robots":{"index":"index","follow":"follow","max-snippet":"max-snippet:-1","max-image-preview":"max-image-preview:large","max-video-preview":"max-video-preview:-1"},"canonical":"https:\/\/hubsch-interior.com\/de\/wp-json\/wp\/v2\/product\/387809","og_locale":"de_DE","og_type":"article","og_title":"Fjord Esstisch Runde Large Schwarz - H\u00fcbsch","og_description":"Der Fjord Esstisch Large Schwarz ist ein modernes, stilvolles Einzelst\u00fcck aus FSC\u00ae-zertifiziertem Holz. Der Tisch besteht aus robustem Esche- und","og_url":"https:\/\/hubsch-interior.com\/de\/produkt\/fjord-esstisch-runde-large-schwarz\/","og_site_name":"H\u00fcbsch","article_modified_time":"2026-04-09T02:16:24+00:00","og_image":[{"width":1200,"height":1200,"url":"https:\/\/hubsch-interior.com\/wp-content\/uploads\/2023\/11\/fjord-dining-table-large-black-f0c6f72a95940919ec875a70d439a037.jpg","type":"image\/jpeg"}],"twitter_card":"summary_large_image","schema":{"@context":"https:\/\/schema.org","@graph":[{"@type":"WebPage","@id":"https:\/\/hubsch-interior.com\/de\/produkt\/fjord-esstisch-runde-large-schwarz\/","url":"https:\/\/hubsch-interior.com\/de\/produkt\/fjord-esstisch-runde-large-schwarz\/","name":"Fjord Esstisch Runde Large Schwarz - H\u00fcbsch","isPartOf":{"@id":"https:\/\/hubsch-interior.com\/de\/#website"},"primaryImageOfPage":{"@id":"https:\/\/hubsch-interior.com\/de\/produkt\/fjord-esstisch-runde-large-schwarz\/#primaryimage"},"image":{"@id":"https:\/\/hubsch-interior.com\/de\/produkt\/fjord-esstisch-runde-large-schwarz\/#primaryimage"},"thumbnailUrl":"https:\/\/hubsch-interior.com\/wp-content\/uploads\/2026\/02\/fjord-dining-table-round-large-black-fea28540e401d668e9ba53a7335369b7.jpg","datePublished":"2021-06-04T07:43:26+00:00","dateModified":"2026-04-09T02:16:24+00:00","description":"Der Fjord Esstisch Large Schwarz ist ein modernes, stilvolles Einzelst\u00fcck aus FSC\u00ae-zertifiziertem Holz. Der Tisch besteht aus robustem Esche- und","breadcrumb":{"@id":"https:\/\/hubsch-interior.com\/de\/produkt\/fjord-esstisch-runde-large-schwarz\/#breadcrumb"},"inLanguage":"de","potentialAction":[{"@type":"ReadAction","target":["https:\/\/hubsch-interior.com\/de\/produkt\/fjord-esstisch-runde-large-schwarz\/"]}]},{"@type":"ImageObject","inLanguage":"de","@id":"https:\/\/hubsch-interior.com\/de\/produkt\/fjord-esstisch-runde-large-schwarz\/#primaryimage","url":"https:\/\/hubsch-interior.com\/wp-content\/uploads\/2026\/02\/fjord-dining-table-round-large-black-fea28540e401d668e9ba53a7335369b7.jpg","contentUrl":"https:\/\/hubsch-interior.com\/wp-content\/uploads\/2026\/02\/fjord-dining-table-round-large-black-fea28540e401d668e9ba53a7335369b7.jpg","width":1024,"height":1024},{"@type":"BreadcrumbList","@id":"https:\/\/hubsch-interior.com\/de\/produkt\/fjord-esstisch-runde-large-schwarz\/#breadcrumb","itemListElement":[{"@type":"ListItem","position":1,"name":"Startseite","item":"https:\/\/hubsch-interior.com\/de\/"},{"@type":"ListItem","position":2,"name":"Produkte","item":"https:\/\/hubsch-interior.com\/de\/shop-2\/"},{"@type":"ListItem","position":3,"name":"M\u00f6bel","item":"https:\/\/hubsch-interior.com\/de\/produkt-kategorie\/moebel\/"},{"@type":"ListItem","position":4,"name":"Tische","item":"https:\/\/hubsch-interior.com\/de\/produkt-kategorie\/moebel\/tische-de\/"},{"@type":"ListItem","position":5,"name":"Esstische","item":"https:\/\/hubsch-interior.com\/de\/produkt-kategorie\/moebel\/tische-de\/esstische-de\/"},{"@type":"ListItem","position":6,"name":"Fjord Esstisch Runde Large Schwarz"}]},{"@type":"WebSite","@id":"https:\/\/hubsch-interior.com\/de\/#website","url":"https:\/\/hubsch-interior.com\/de\/","name":"H\u00fcbsch","description":"Danish Home Interior and Design","publisher":{"@id":"https:\/\/hubsch-interior.com\/de\/#organization"},"potentialAction":[{"@type":"SearchAction","target":{"@type":"EntryPoint","urlTemplate":"https:\/\/hubsch-interior.com\/de\/?s={search_term_string}"},"query-input":{"@type":"PropertyValueSpecification","valueRequired":true,"valueName":"search_term_string"}}],"inLanguage":"de"},{"@type":"Organization","@id":"https:\/\/hubsch-interior.com\/de\/#organization","name":"H\u00fcbsch","url":"https:\/\/hubsch-interior.com\/de\/","logo":{"@type":"ImageObject","inLanguage":"de","@id":"https:\/\/hubsch-interior.com\/de\/#\/schema\/logo\/image\/","url":"https:\/\/hubsch-interior.com\/wp-content\/uploads\/2022\/12\/Hubsch_logo_black_one_line.svg","contentUrl":"https:\/\/hubsch-interior.com\/wp-content\/uploads\/2022\/12\/Hubsch_logo_black_one_line.svg","caption":"H\u00fcbsch"},"image":{"@id":"https:\/\/hubsch-interior.com\/de\/#\/schema\/logo\/image\/"}}]}},"_links":{"self":[{"href":"https:\/\/hubsch-interior.com\/de\/wp-json\/wp\/v2\/product\/387809","targetHints":{"allow":["GET"]}}],"collection":[{"href":"https:\/\/hubsch-interior.com\/de\/wp-json\/wp\/v2\/product"}],"about":[{"href":"https:\/\/hubsch-interior.com\/de\/wp-json\/wp\/v2\/types\/product"}],"wp:featuredmedia":[{"embeddable":true,"href":"https:\/\/hubsch-interior.com\/de\/wp-json\/wp\/v2\/media\/1092316"}],"wp:attachment":[{"href":"https:\/\/hubsch-interior.com\/de\/wp-json\/wp\/v2\/media?parent=387809"}],"wp:term":[{"taxonomy":"product_brand","embeddable":true,"href":"https:\/\/hubsch-interior.com\/de\/wp-json\/wp\/v2\/product_brand?post=387809"},{"taxonomy":"product_cat","embeddable":true,"href":"https:\/\/hubsch-interior.com\/de\/wp-json\/wp\/v2\/product_cat?post=387809"},{"taxonomy":"product_tag","embeddable":true,"href":"https:\/\/hubsch-interior.com\/de\/wp-json\/wp\/v2\/product_tag?post=387809"}],"curies":[{"name":"wp","href":"https:\/\/api.w.org\/{rel}","templated":true}]}}