{"id":388269,"date":"2021-06-04T09:44:54","date_gmt":"2021-06-04T07:44:54","guid":{"rendered":"https:\/\/hubsch-interior.com\/shop-b2c\/product\/product-6\/"},"modified":"2026-04-09T04:21:58","modified_gmt":"2026-04-09T02:21:58","slug":"studio-computerhulle-15-beige","status":"publish","type":"product","link":"https:\/\/hubsch-interior.com\/de\/produkt\/studio-computerhulle-15-beige\/","title":{"rendered":"Studio Computerh\u00fclle 15 Beige"},"content":{"rendered":"<p>Die Laptoph\u00fclle kombiniert Funktionalit\u00e4t und Design \u2013 n\u00fctzlich in allt\u00e4glichen Situationen. Die Laptoph\u00fclle aus Leder sch\u00fctzt und verwahrt Ihren Laptop sicher. Die beige Farbe verleiht einen eleganten Look. Geeignet f\u00fcr 15-Zoll-Laptops.<\/p>\n","protected":false},"excerpt":{"rendered":"<p>Die Laptoph\u00fclle kombiniert Funktionalit\u00e4t und Design \u2013 n\u00fctzlich in allt\u00e4glichen Situationen. Die Laptoph\u00fclle aus Leder sch\u00fctzt und verwahrt Ihren Laptop sicher. Die beige Farbe verleiht einen eleganten Look. Geeignet f\u00fcr 15-Zoll-Laptops.<\/p>\n","protected":false},"featured_media":1094762,"template":"","meta":{"_acf_changed":false,"inline_featured_image":false},"product_brand":[],"product_cat":[4155,4156],"product_tag":[],"class_list":{"0":"post-388269","1":"product","2":"type-product","3":"status-publish","4":"has-post-thumbnail","6":"product_cat-buero-de","7":"product_cat-bueroartikel-de","8":"product_shipping_class-pk","10":"pa_color-beige-4","11":"pa_material-leder","13":"first","14":"instock","15":"taxable","16":"shipping-taxable","17":"purchasable","18":"product-type-simple"},"exclude_global_add_ons":[],"addons":[],"acf":[],"yoast_head":"<!-- This site is optimized with the Yoast SEO plugin v26.4 - https:\/\/yoast.com\/wordpress\/plugins\/seo\/ -->\n<title>Studio Computerh\u00fclle 15 Beige - H\u00fcbsch<\/title>\n<meta name=\"description\" content=\"Die Laptoph\u00fclle kombiniert Funktionalit\u00e4t und Design \u2013 n\u00fctzlich in allt\u00e4glichen Situationen. Die Laptoph\u00fclle aus Leder sch\u00fctzt und verwahrt Ihren Laptop\" \/>\n<meta name=\"robots\" content=\"index, follow, max-snippet:-1, max-image-preview:large, max-video-preview:-1\" \/>\n<link rel=\"canonical\" href=\"https:\/\/hubsch-interior.com\/de\/wp-json\/wp\/v2\/product\/388269\" \/>\n<meta property=\"og:locale\" content=\"de_DE\" \/>\n<meta property=\"og:type\" content=\"article\" \/>\n<meta property=\"og:title\" content=\"Studio Computerh\u00fclle 15 Beige - H\u00fcbsch\" \/>\n<meta property=\"og:description\" content=\"Die Laptoph\u00fclle kombiniert Funktionalit\u00e4t und Design \u2013 n\u00fctzlich in allt\u00e4glichen Situationen. Die Laptoph\u00fclle aus Leder sch\u00fctzt und verwahrt Ihren Laptop\" \/>\n<meta property=\"og:url\" content=\"https:\/\/hubsch-interior.com\/de\/produkt\/studio-computerhulle-15-beige\/\" \/>\n<meta property=\"og:site_name\" content=\"H\u00fcbsch\" \/>\n<meta property=\"article:modified_time\" content=\"2026-04-09T02:21:58+00:00\" \/>\n<meta property=\"og:image\" content=\"https:\/\/hubsch-interior.com\/wp-content\/uploads\/2023\/08\/studio-computer-sleeve-15-beige-b5955ec844e6cb1cf028347abdc8a8db.jpg\" \/>\n\t<meta property=\"og:image:width\" content=\"1200\" \/>\n\t<meta property=\"og:image:height\" content=\"1200\" \/>\n\t<meta property=\"og:image:type\" content=\"image\/jpeg\" \/>\n<meta name=\"twitter:card\" content=\"summary_large_image\" \/>\n<script type=\"application\/ld+json\" class=\"yoast-schema-graph\">{\"@context\":\"https:\/\/schema.org\",\"@graph\":[{\"@type\":\"WebPage\",\"@id\":\"https:\/\/hubsch-interior.com\/de\/produkt\/studio-computerhulle-15-beige\/\",\"url\":\"https:\/\/hubsch-interior.com\/de\/produkt\/studio-computerhulle-15-beige\/\",\"name\":\"Studio Computerh\u00fclle 15 Beige - H\u00fcbsch\",\"isPartOf\":{\"@id\":\"https:\/\/hubsch-interior.com\/de\/#website\"},\"primaryImageOfPage\":{\"@id\":\"https:\/\/hubsch-interior.com\/de\/produkt\/studio-computerhulle-15-beige\/#primaryimage\"},\"image\":{\"@id\":\"https:\/\/hubsch-interior.com\/de\/produkt\/studio-computerhulle-15-beige\/#primaryimage\"},\"thumbnailUrl\":\"https:\/\/hubsch-interior.com\/wp-content\/uploads\/2026\/02\/studio-computer-sleeve-15-beige-e3bf3066f64f0fa186340e187a7bbfce.jpg\",\"datePublished\":\"2021-06-04T07:44:54+00:00\",\"dateModified\":\"2026-04-09T02:21:58+00:00\",\"description\":\"Die Laptoph\u00fclle kombiniert Funktionalit\u00e4t und Design \u2013 n\u00fctzlich in allt\u00e4glichen Situationen. Die Laptoph\u00fclle aus Leder sch\u00fctzt und verwahrt Ihren Laptop\",\"breadcrumb\":{\"@id\":\"https:\/\/hubsch-interior.com\/de\/produkt\/studio-computerhulle-15-beige\/#breadcrumb\"},\"inLanguage\":\"de\",\"potentialAction\":[{\"@type\":\"ReadAction\",\"target\":[\"https:\/\/hubsch-interior.com\/de\/produkt\/studio-computerhulle-15-beige\/\"]}]},{\"@type\":\"ImageObject\",\"inLanguage\":\"de\",\"@id\":\"https:\/\/hubsch-interior.com\/de\/produkt\/studio-computerhulle-15-beige\/#primaryimage\",\"url\":\"https:\/\/hubsch-interior.com\/wp-content\/uploads\/2026\/02\/studio-computer-sleeve-15-beige-e3bf3066f64f0fa186340e187a7bbfce.jpg\",\"contentUrl\":\"https:\/\/hubsch-interior.com\/wp-content\/uploads\/2026\/02\/studio-computer-sleeve-15-beige-e3bf3066f64f0fa186340e187a7bbfce.jpg\",\"width\":1024,\"height\":1024},{\"@type\":\"BreadcrumbList\",\"@id\":\"https:\/\/hubsch-interior.com\/de\/produkt\/studio-computerhulle-15-beige\/#breadcrumb\",\"itemListElement\":[{\"@type\":\"ListItem\",\"position\":1,\"name\":\"Startseite\",\"item\":\"https:\/\/hubsch-interior.com\/de\/\"},{\"@type\":\"ListItem\",\"position\":2,\"name\":\"Produkte\",\"item\":\"https:\/\/hubsch-interior.com\/de\/shop-2\/\"},{\"@type\":\"ListItem\",\"position\":3,\"name\":\"Wohnaccessoires\",\"item\":\"https:\/\/hubsch-interior.com\/de\/produkt-kategorie\/wohnaccessoires\/\"},{\"@type\":\"ListItem\",\"position\":4,\"name\":\"B&uuml;ro\",\"item\":\"https:\/\/hubsch-interior.com\/de\/produkt-kategorie\/wohnaccessoires\/buero-de\/\"},{\"@type\":\"ListItem\",\"position\":5,\"name\":\"B&uuml;roartikel\",\"item\":\"https:\/\/hubsch-interior.com\/de\/produkt-kategorie\/wohnaccessoires\/buero-de\/bueroartikel-de\/\"},{\"@type\":\"ListItem\",\"position\":6,\"name\":\"Studio Computerh\u00fclle 15 Beige\"}]},{\"@type\":\"WebSite\",\"@id\":\"https:\/\/hubsch-interior.com\/de\/#website\",\"url\":\"https:\/\/hubsch-interior.com\/de\/\",\"name\":\"H\u00fcbsch\",\"description\":\"Danish Home Interior and Design\",\"publisher\":{\"@id\":\"https:\/\/hubsch-interior.com\/de\/#organization\"},\"potentialAction\":[{\"@type\":\"SearchAction\",\"target\":{\"@type\":\"EntryPoint\",\"urlTemplate\":\"https:\/\/hubsch-interior.com\/de\/?s={search_term_string}\"},\"query-input\":{\"@type\":\"PropertyValueSpecification\",\"valueRequired\":true,\"valueName\":\"search_term_string\"}}],\"inLanguage\":\"de\"},{\"@type\":\"Organization\",\"@id\":\"https:\/\/hubsch-interior.com\/de\/#organization\",\"name\":\"H\u00fcbsch\",\"url\":\"https:\/\/hubsch-interior.com\/de\/\",\"logo\":{\"@type\":\"ImageObject\",\"inLanguage\":\"de\",\"@id\":\"https:\/\/hubsch-interior.com\/de\/#\/schema\/logo\/image\/\",\"url\":\"https:\/\/hubsch-interior.com\/wp-content\/uploads\/2022\/12\/Hubsch_logo_black_one_line.svg\",\"contentUrl\":\"https:\/\/hubsch-interior.com\/wp-content\/uploads\/2022\/12\/Hubsch_logo_black_one_line.svg\",\"caption\":\"H\u00fcbsch\"},\"image\":{\"@id\":\"https:\/\/hubsch-interior.com\/de\/#\/schema\/logo\/image\/\"}}]}<\/script>\n<!-- \/ Yoast SEO plugin. -->","yoast_head_json":{"title":"Studio Computerh\u00fclle 15 Beige - H\u00fcbsch","description":"Die Laptoph\u00fclle kombiniert Funktionalit\u00e4t und Design \u2013 n\u00fctzlich in allt\u00e4glichen Situationen. Die Laptoph\u00fclle aus Leder sch\u00fctzt und verwahrt Ihren Laptop","robots":{"index":"index","follow":"follow","max-snippet":"max-snippet:-1","max-image-preview":"max-image-preview:large","max-video-preview":"max-video-preview:-1"},"canonical":"https:\/\/hubsch-interior.com\/de\/wp-json\/wp\/v2\/product\/388269","og_locale":"de_DE","og_type":"article","og_title":"Studio Computerh\u00fclle 15 Beige - H\u00fcbsch","og_description":"Die Laptoph\u00fclle kombiniert Funktionalit\u00e4t und Design \u2013 n\u00fctzlich in allt\u00e4glichen Situationen. Die Laptoph\u00fclle aus Leder sch\u00fctzt und verwahrt Ihren Laptop","og_url":"https:\/\/hubsch-interior.com\/de\/produkt\/studio-computerhulle-15-beige\/","og_site_name":"H\u00fcbsch","article_modified_time":"2026-04-09T02:21:58+00:00","og_image":[{"width":1200,"height":1200,"url":"https:\/\/hubsch-interior.com\/wp-content\/uploads\/2023\/08\/studio-computer-sleeve-15-beige-b5955ec844e6cb1cf028347abdc8a8db.jpg","type":"image\/jpeg"}],"twitter_card":"summary_large_image","schema":{"@context":"https:\/\/schema.org","@graph":[{"@type":"WebPage","@id":"https:\/\/hubsch-interior.com\/de\/produkt\/studio-computerhulle-15-beige\/","url":"https:\/\/hubsch-interior.com\/de\/produkt\/studio-computerhulle-15-beige\/","name":"Studio Computerh\u00fclle 15 Beige - H\u00fcbsch","isPartOf":{"@id":"https:\/\/hubsch-interior.com\/de\/#website"},"primaryImageOfPage":{"@id":"https:\/\/hubsch-interior.com\/de\/produkt\/studio-computerhulle-15-beige\/#primaryimage"},"image":{"@id":"https:\/\/hubsch-interior.com\/de\/produkt\/studio-computerhulle-15-beige\/#primaryimage"},"thumbnailUrl":"https:\/\/hubsch-interior.com\/wp-content\/uploads\/2026\/02\/studio-computer-sleeve-15-beige-e3bf3066f64f0fa186340e187a7bbfce.jpg","datePublished":"2021-06-04T07:44:54+00:00","dateModified":"2026-04-09T02:21:58+00:00","description":"Die Laptoph\u00fclle kombiniert Funktionalit\u00e4t und Design \u2013 n\u00fctzlich in allt\u00e4glichen Situationen. Die Laptoph\u00fclle aus Leder sch\u00fctzt und verwahrt Ihren Laptop","breadcrumb":{"@id":"https:\/\/hubsch-interior.com\/de\/produkt\/studio-computerhulle-15-beige\/#breadcrumb"},"inLanguage":"de","potentialAction":[{"@type":"ReadAction","target":["https:\/\/hubsch-interior.com\/de\/produkt\/studio-computerhulle-15-beige\/"]}]},{"@type":"ImageObject","inLanguage":"de","@id":"https:\/\/hubsch-interior.com\/de\/produkt\/studio-computerhulle-15-beige\/#primaryimage","url":"https:\/\/hubsch-interior.com\/wp-content\/uploads\/2026\/02\/studio-computer-sleeve-15-beige-e3bf3066f64f0fa186340e187a7bbfce.jpg","contentUrl":"https:\/\/hubsch-interior.com\/wp-content\/uploads\/2026\/02\/studio-computer-sleeve-15-beige-e3bf3066f64f0fa186340e187a7bbfce.jpg","width":1024,"height":1024},{"@type":"BreadcrumbList","@id":"https:\/\/hubsch-interior.com\/de\/produkt\/studio-computerhulle-15-beige\/#breadcrumb","itemListElement":[{"@type":"ListItem","position":1,"name":"Startseite","item":"https:\/\/hubsch-interior.com\/de\/"},{"@type":"ListItem","position":2,"name":"Produkte","item":"https:\/\/hubsch-interior.com\/de\/shop-2\/"},{"@type":"ListItem","position":3,"name":"Wohnaccessoires","item":"https:\/\/hubsch-interior.com\/de\/produkt-kategorie\/wohnaccessoires\/"},{"@type":"ListItem","position":4,"name":"B&uuml;ro","item":"https:\/\/hubsch-interior.com\/de\/produkt-kategorie\/wohnaccessoires\/buero-de\/"},{"@type":"ListItem","position":5,"name":"B&uuml;roartikel","item":"https:\/\/hubsch-interior.com\/de\/produkt-kategorie\/wohnaccessoires\/buero-de\/bueroartikel-de\/"},{"@type":"ListItem","position":6,"name":"Studio Computerh\u00fclle 15 Beige"}]},{"@type":"WebSite","@id":"https:\/\/hubsch-interior.com\/de\/#website","url":"https:\/\/hubsch-interior.com\/de\/","name":"H\u00fcbsch","description":"Danish Home Interior and Design","publisher":{"@id":"https:\/\/hubsch-interior.com\/de\/#organization"},"potentialAction":[{"@type":"SearchAction","target":{"@type":"EntryPoint","urlTemplate":"https:\/\/hubsch-interior.com\/de\/?s={search_term_string}"},"query-input":{"@type":"PropertyValueSpecification","valueRequired":true,"valueName":"search_term_string"}}],"inLanguage":"de"},{"@type":"Organization","@id":"https:\/\/hubsch-interior.com\/de\/#organization","name":"H\u00fcbsch","url":"https:\/\/hubsch-interior.com\/de\/","logo":{"@type":"ImageObject","inLanguage":"de","@id":"https:\/\/hubsch-interior.com\/de\/#\/schema\/logo\/image\/","url":"https:\/\/hubsch-interior.com\/wp-content\/uploads\/2022\/12\/Hubsch_logo_black_one_line.svg","contentUrl":"https:\/\/hubsch-interior.com\/wp-content\/uploads\/2022\/12\/Hubsch_logo_black_one_line.svg","caption":"H\u00fcbsch"},"image":{"@id":"https:\/\/hubsch-interior.com\/de\/#\/schema\/logo\/image\/"}}]}},"_links":{"self":[{"href":"https:\/\/hubsch-interior.com\/de\/wp-json\/wp\/v2\/product\/388269","targetHints":{"allow":["GET"]}}],"collection":[{"href":"https:\/\/hubsch-interior.com\/de\/wp-json\/wp\/v2\/product"}],"about":[{"href":"https:\/\/hubsch-interior.com\/de\/wp-json\/wp\/v2\/types\/product"}],"wp:featuredmedia":[{"embeddable":true,"href":"https:\/\/hubsch-interior.com\/de\/wp-json\/wp\/v2\/media\/1094762"}],"wp:attachment":[{"href":"https:\/\/hubsch-interior.com\/de\/wp-json\/wp\/v2\/media?parent=388269"}],"wp:term":[{"taxonomy":"product_brand","embeddable":true,"href":"https:\/\/hubsch-interior.com\/de\/wp-json\/wp\/v2\/product_brand?post=388269"},{"taxonomy":"product_cat","embeddable":true,"href":"https:\/\/hubsch-interior.com\/de\/wp-json\/wp\/v2\/product_cat?post=388269"},{"taxonomy":"product_tag","embeddable":true,"href":"https:\/\/hubsch-interior.com\/de\/wp-json\/wp\/v2\/product_tag?post=388269"}],"curies":[{"name":"wp","href":"https:\/\/api.w.org\/{rel}","templated":true}]}}