{"id":388285,"date":"2021-06-04T09:44:58","date_gmt":"2021-06-04T07:44:58","guid":{"rendered":"https:\/\/hubsch-interior.com\/shop-b2c\/product\/product-6\/"},"modified":"2026-04-09T04:22:05","modified_gmt":"2026-04-09T02:22:05","slug":"studio-computerhulle-15-schwarz","status":"publish","type":"product","link":"https:\/\/hubsch-interior.com\/de\/produkt\/studio-computerhulle-15-schwarz\/","title":{"rendered":"Studio Computerh\u00fclle 15 Schwarz"},"content":{"rendered":"<p>Diese schicke H\u00fcbsch Studio Computerh\u00fclle 15 in Schwarz ist die perfekte L\u00f6sung, um Ihren Laptop zu sch\u00fctzen. Hergestellt aus robustem, hochwertigem Leder bietet die H\u00fclle eine ideale Passform f\u00fcr Ihren 15-Zoll-Computer. Der weiche Innenraum sch\u00fctzt Ihr Ger\u00e4t vor Kratzern, w\u00e4hrend die Au\u00dfenseite ein modernes Finish bietet. Ein Rei\u00dfverschluss sorgt f\u00fcr einen zuverl\u00e4ssigen Schutz. Mit dieser H\u00fclle sind Sie f\u00fcr alle Gelegenheiten bestens ausgestattet.<\/p>\n","protected":false},"excerpt":{"rendered":"<p>Diese schicke H\u00fcbsch Studio Computerh\u00fclle 15 in Schwarz ist die perfekte L\u00f6sung, um Ihren Laptop zu sch\u00fctzen. Hergestellt aus robustem, hochwertigem Leder bietet die H\u00fclle eine ideale Passform f\u00fcr Ihren 15-Zoll-Computer. Der weiche Innenraum sch\u00fctzt Ihr Ger\u00e4t vor Kratzern, w\u00e4hrend die Au\u00dfenseite ein modernes Finish bietet. Ein Rei\u00dfverschluss sorgt f\u00fcr einen zuverl\u00e4ssigen Schutz. Mit dieser [&hellip;]<\/p>\n","protected":false},"featured_media":1094766,"template":"","meta":{"_acf_changed":false,"inline_featured_image":false},"product_brand":[],"product_cat":[4155,4156],"product_tag":[],"class_list":{"0":"post-388285","1":"product","2":"type-product","3":"status-publish","4":"has-post-thumbnail","6":"product_cat-buero-de","7":"product_cat-bueroartikel-de","8":"product_shipping_class-pk","10":"pa_color-schwarz","11":"pa_material-leder","13":"first","14":"instock","15":"taxable","16":"shipping-taxable","17":"purchasable","18":"product-type-simple"},"exclude_global_add_ons":[],"addons":[],"acf":[],"yoast_head":"<!-- This site is optimized with the Yoast SEO plugin v26.4 - https:\/\/yoast.com\/wordpress\/plugins\/seo\/ -->\n<title>Studio Computerh\u00fclle 15 Schwarz - H\u00fcbsch<\/title>\n<meta name=\"description\" content=\"Diese schicke H\u00fcbsch Studio Computerh\u00fclle 15 in Schwarz ist die perfekte L\u00f6sung, um Ihren Laptop zu sch\u00fctzen. Hergestellt aus robustem, hochwertigem Leder\" \/>\n<meta name=\"robots\" content=\"index, follow, max-snippet:-1, max-image-preview:large, max-video-preview:-1\" \/>\n<link rel=\"canonical\" href=\"https:\/\/hubsch-interior.com\/de\/wp-json\/wp\/v2\/product\/388285\" \/>\n<meta property=\"og:locale\" content=\"de_DE\" \/>\n<meta property=\"og:type\" content=\"article\" \/>\n<meta property=\"og:title\" content=\"Studio Computerh\u00fclle 15 Schwarz - H\u00fcbsch\" \/>\n<meta property=\"og:description\" content=\"Diese schicke H\u00fcbsch Studio Computerh\u00fclle 15 in Schwarz ist die perfekte L\u00f6sung, um Ihren Laptop zu sch\u00fctzen. Hergestellt aus robustem, hochwertigem Leder\" \/>\n<meta property=\"og:url\" content=\"https:\/\/hubsch-interior.com\/de\/produkt\/studio-computerhulle-15-schwarz\/\" \/>\n<meta property=\"og:site_name\" content=\"H\u00fcbsch\" \/>\n<meta property=\"article:modified_time\" content=\"2026-04-09T02:22:05+00:00\" \/>\n<meta property=\"og:image\" content=\"https:\/\/hubsch-interior.com\/wp-content\/uploads\/2023\/08\/studio-computer-sleeve-15-black-35dec5a9e6db0809cf154a71807e1790.jpg\" \/>\n\t<meta property=\"og:image:width\" content=\"1200\" \/>\n\t<meta property=\"og:image:height\" content=\"1200\" \/>\n\t<meta property=\"og:image:type\" content=\"image\/jpeg\" \/>\n<meta name=\"twitter:card\" content=\"summary_large_image\" \/>\n<script type=\"application\/ld+json\" class=\"yoast-schema-graph\">{\"@context\":\"https:\/\/schema.org\",\"@graph\":[{\"@type\":\"WebPage\",\"@id\":\"https:\/\/hubsch-interior.com\/de\/produkt\/studio-computerhulle-15-schwarz\/\",\"url\":\"https:\/\/hubsch-interior.com\/de\/produkt\/studio-computerhulle-15-schwarz\/\",\"name\":\"Studio Computerh\u00fclle 15 Schwarz - H\u00fcbsch\",\"isPartOf\":{\"@id\":\"https:\/\/hubsch-interior.com\/de\/#website\"},\"primaryImageOfPage\":{\"@id\":\"https:\/\/hubsch-interior.com\/de\/produkt\/studio-computerhulle-15-schwarz\/#primaryimage\"},\"image\":{\"@id\":\"https:\/\/hubsch-interior.com\/de\/produkt\/studio-computerhulle-15-schwarz\/#primaryimage\"},\"thumbnailUrl\":\"https:\/\/hubsch-interior.com\/wp-content\/uploads\/2026\/02\/studio-computer-sleeve-15-black-653fd761a14a412b6f3aa6f0896456aa.jpg\",\"datePublished\":\"2021-06-04T07:44:58+00:00\",\"dateModified\":\"2026-04-09T02:22:05+00:00\",\"description\":\"Diese schicke H\u00fcbsch Studio Computerh\u00fclle 15 in Schwarz ist die perfekte L\u00f6sung, um Ihren Laptop zu sch\u00fctzen. Hergestellt aus robustem, hochwertigem Leder\",\"breadcrumb\":{\"@id\":\"https:\/\/hubsch-interior.com\/de\/produkt\/studio-computerhulle-15-schwarz\/#breadcrumb\"},\"inLanguage\":\"de\",\"potentialAction\":[{\"@type\":\"ReadAction\",\"target\":[\"https:\/\/hubsch-interior.com\/de\/produkt\/studio-computerhulle-15-schwarz\/\"]}]},{\"@type\":\"ImageObject\",\"inLanguage\":\"de\",\"@id\":\"https:\/\/hubsch-interior.com\/de\/produkt\/studio-computerhulle-15-schwarz\/#primaryimage\",\"url\":\"https:\/\/hubsch-interior.com\/wp-content\/uploads\/2026\/02\/studio-computer-sleeve-15-black-653fd761a14a412b6f3aa6f0896456aa.jpg\",\"contentUrl\":\"https:\/\/hubsch-interior.com\/wp-content\/uploads\/2026\/02\/studio-computer-sleeve-15-black-653fd761a14a412b6f3aa6f0896456aa.jpg\",\"width\":1024,\"height\":1024},{\"@type\":\"BreadcrumbList\",\"@id\":\"https:\/\/hubsch-interior.com\/de\/produkt\/studio-computerhulle-15-schwarz\/#breadcrumb\",\"itemListElement\":[{\"@type\":\"ListItem\",\"position\":1,\"name\":\"Startseite\",\"item\":\"https:\/\/hubsch-interior.com\/de\/\"},{\"@type\":\"ListItem\",\"position\":2,\"name\":\"Produkte\",\"item\":\"https:\/\/hubsch-interior.com\/de\/shop-2\/\"},{\"@type\":\"ListItem\",\"position\":3,\"name\":\"Wohnaccessoires\",\"item\":\"https:\/\/hubsch-interior.com\/de\/produkt-kategorie\/wohnaccessoires\/\"},{\"@type\":\"ListItem\",\"position\":4,\"name\":\"B&uuml;ro\",\"item\":\"https:\/\/hubsch-interior.com\/de\/produkt-kategorie\/wohnaccessoires\/buero-de\/\"},{\"@type\":\"ListItem\",\"position\":5,\"name\":\"B&uuml;roartikel\",\"item\":\"https:\/\/hubsch-interior.com\/de\/produkt-kategorie\/wohnaccessoires\/buero-de\/bueroartikel-de\/\"},{\"@type\":\"ListItem\",\"position\":6,\"name\":\"Studio Computerh\u00fclle 15 Schwarz\"}]},{\"@type\":\"WebSite\",\"@id\":\"https:\/\/hubsch-interior.com\/de\/#website\",\"url\":\"https:\/\/hubsch-interior.com\/de\/\",\"name\":\"H\u00fcbsch\",\"description\":\"Danish Home Interior and Design\",\"publisher\":{\"@id\":\"https:\/\/hubsch-interior.com\/de\/#organization\"},\"potentialAction\":[{\"@type\":\"SearchAction\",\"target\":{\"@type\":\"EntryPoint\",\"urlTemplate\":\"https:\/\/hubsch-interior.com\/de\/?s={search_term_string}\"},\"query-input\":{\"@type\":\"PropertyValueSpecification\",\"valueRequired\":true,\"valueName\":\"search_term_string\"}}],\"inLanguage\":\"de\"},{\"@type\":\"Organization\",\"@id\":\"https:\/\/hubsch-interior.com\/de\/#organization\",\"name\":\"H\u00fcbsch\",\"url\":\"https:\/\/hubsch-interior.com\/de\/\",\"logo\":{\"@type\":\"ImageObject\",\"inLanguage\":\"de\",\"@id\":\"https:\/\/hubsch-interior.com\/de\/#\/schema\/logo\/image\/\",\"url\":\"https:\/\/hubsch-interior.com\/wp-content\/uploads\/2022\/12\/Hubsch_logo_black_one_line.svg\",\"contentUrl\":\"https:\/\/hubsch-interior.com\/wp-content\/uploads\/2022\/12\/Hubsch_logo_black_one_line.svg\",\"caption\":\"H\u00fcbsch\"},\"image\":{\"@id\":\"https:\/\/hubsch-interior.com\/de\/#\/schema\/logo\/image\/\"}}]}<\/script>\n<!-- \/ Yoast SEO plugin. -->","yoast_head_json":{"title":"Studio Computerh\u00fclle 15 Schwarz - H\u00fcbsch","description":"Diese schicke H\u00fcbsch Studio Computerh\u00fclle 15 in Schwarz ist die perfekte L\u00f6sung, um Ihren Laptop zu sch\u00fctzen. Hergestellt aus robustem, hochwertigem Leder","robots":{"index":"index","follow":"follow","max-snippet":"max-snippet:-1","max-image-preview":"max-image-preview:large","max-video-preview":"max-video-preview:-1"},"canonical":"https:\/\/hubsch-interior.com\/de\/wp-json\/wp\/v2\/product\/388285","og_locale":"de_DE","og_type":"article","og_title":"Studio Computerh\u00fclle 15 Schwarz - H\u00fcbsch","og_description":"Diese schicke H\u00fcbsch Studio Computerh\u00fclle 15 in Schwarz ist die perfekte L\u00f6sung, um Ihren Laptop zu sch\u00fctzen. Hergestellt aus robustem, hochwertigem Leder","og_url":"https:\/\/hubsch-interior.com\/de\/produkt\/studio-computerhulle-15-schwarz\/","og_site_name":"H\u00fcbsch","article_modified_time":"2026-04-09T02:22:05+00:00","og_image":[{"width":1200,"height":1200,"url":"https:\/\/hubsch-interior.com\/wp-content\/uploads\/2023\/08\/studio-computer-sleeve-15-black-35dec5a9e6db0809cf154a71807e1790.jpg","type":"image\/jpeg"}],"twitter_card":"summary_large_image","schema":{"@context":"https:\/\/schema.org","@graph":[{"@type":"WebPage","@id":"https:\/\/hubsch-interior.com\/de\/produkt\/studio-computerhulle-15-schwarz\/","url":"https:\/\/hubsch-interior.com\/de\/produkt\/studio-computerhulle-15-schwarz\/","name":"Studio Computerh\u00fclle 15 Schwarz - H\u00fcbsch","isPartOf":{"@id":"https:\/\/hubsch-interior.com\/de\/#website"},"primaryImageOfPage":{"@id":"https:\/\/hubsch-interior.com\/de\/produkt\/studio-computerhulle-15-schwarz\/#primaryimage"},"image":{"@id":"https:\/\/hubsch-interior.com\/de\/produkt\/studio-computerhulle-15-schwarz\/#primaryimage"},"thumbnailUrl":"https:\/\/hubsch-interior.com\/wp-content\/uploads\/2026\/02\/studio-computer-sleeve-15-black-653fd761a14a412b6f3aa6f0896456aa.jpg","datePublished":"2021-06-04T07:44:58+00:00","dateModified":"2026-04-09T02:22:05+00:00","description":"Diese schicke H\u00fcbsch Studio Computerh\u00fclle 15 in Schwarz ist die perfekte L\u00f6sung, um Ihren Laptop zu sch\u00fctzen. Hergestellt aus robustem, hochwertigem Leder","breadcrumb":{"@id":"https:\/\/hubsch-interior.com\/de\/produkt\/studio-computerhulle-15-schwarz\/#breadcrumb"},"inLanguage":"de","potentialAction":[{"@type":"ReadAction","target":["https:\/\/hubsch-interior.com\/de\/produkt\/studio-computerhulle-15-schwarz\/"]}]},{"@type":"ImageObject","inLanguage":"de","@id":"https:\/\/hubsch-interior.com\/de\/produkt\/studio-computerhulle-15-schwarz\/#primaryimage","url":"https:\/\/hubsch-interior.com\/wp-content\/uploads\/2026\/02\/studio-computer-sleeve-15-black-653fd761a14a412b6f3aa6f0896456aa.jpg","contentUrl":"https:\/\/hubsch-interior.com\/wp-content\/uploads\/2026\/02\/studio-computer-sleeve-15-black-653fd761a14a412b6f3aa6f0896456aa.jpg","width":1024,"height":1024},{"@type":"BreadcrumbList","@id":"https:\/\/hubsch-interior.com\/de\/produkt\/studio-computerhulle-15-schwarz\/#breadcrumb","itemListElement":[{"@type":"ListItem","position":1,"name":"Startseite","item":"https:\/\/hubsch-interior.com\/de\/"},{"@type":"ListItem","position":2,"name":"Produkte","item":"https:\/\/hubsch-interior.com\/de\/shop-2\/"},{"@type":"ListItem","position":3,"name":"Wohnaccessoires","item":"https:\/\/hubsch-interior.com\/de\/produkt-kategorie\/wohnaccessoires\/"},{"@type":"ListItem","position":4,"name":"B&uuml;ro","item":"https:\/\/hubsch-interior.com\/de\/produkt-kategorie\/wohnaccessoires\/buero-de\/"},{"@type":"ListItem","position":5,"name":"B&uuml;roartikel","item":"https:\/\/hubsch-interior.com\/de\/produkt-kategorie\/wohnaccessoires\/buero-de\/bueroartikel-de\/"},{"@type":"ListItem","position":6,"name":"Studio Computerh\u00fclle 15 Schwarz"}]},{"@type":"WebSite","@id":"https:\/\/hubsch-interior.com\/de\/#website","url":"https:\/\/hubsch-interior.com\/de\/","name":"H\u00fcbsch","description":"Danish Home Interior and Design","publisher":{"@id":"https:\/\/hubsch-interior.com\/de\/#organization"},"potentialAction":[{"@type":"SearchAction","target":{"@type":"EntryPoint","urlTemplate":"https:\/\/hubsch-interior.com\/de\/?s={search_term_string}"},"query-input":{"@type":"PropertyValueSpecification","valueRequired":true,"valueName":"search_term_string"}}],"inLanguage":"de"},{"@type":"Organization","@id":"https:\/\/hubsch-interior.com\/de\/#organization","name":"H\u00fcbsch","url":"https:\/\/hubsch-interior.com\/de\/","logo":{"@type":"ImageObject","inLanguage":"de","@id":"https:\/\/hubsch-interior.com\/de\/#\/schema\/logo\/image\/","url":"https:\/\/hubsch-interior.com\/wp-content\/uploads\/2022\/12\/Hubsch_logo_black_one_line.svg","contentUrl":"https:\/\/hubsch-interior.com\/wp-content\/uploads\/2022\/12\/Hubsch_logo_black_one_line.svg","caption":"H\u00fcbsch"},"image":{"@id":"https:\/\/hubsch-interior.com\/de\/#\/schema\/logo\/image\/"}}]}},"_links":{"self":[{"href":"https:\/\/hubsch-interior.com\/de\/wp-json\/wp\/v2\/product\/388285","targetHints":{"allow":["GET"]}}],"collection":[{"href":"https:\/\/hubsch-interior.com\/de\/wp-json\/wp\/v2\/product"}],"about":[{"href":"https:\/\/hubsch-interior.com\/de\/wp-json\/wp\/v2\/types\/product"}],"wp:featuredmedia":[{"embeddable":true,"href":"https:\/\/hubsch-interior.com\/de\/wp-json\/wp\/v2\/media\/1094766"}],"wp:attachment":[{"href":"https:\/\/hubsch-interior.com\/de\/wp-json\/wp\/v2\/media?parent=388285"}],"wp:term":[{"taxonomy":"product_brand","embeddable":true,"href":"https:\/\/hubsch-interior.com\/de\/wp-json\/wp\/v2\/product_brand?post=388285"},{"taxonomy":"product_cat","embeddable":true,"href":"https:\/\/hubsch-interior.com\/de\/wp-json\/wp\/v2\/product_cat?post=388285"},{"taxonomy":"product_tag","embeddable":true,"href":"https:\/\/hubsch-interior.com\/de\/wp-json\/wp\/v2\/product_tag?post=388285"}],"curies":[{"name":"wp","href":"https:\/\/api.w.org\/{rel}","templated":true}]}}