{"id":388293,"date":"2021-06-04T09:45:00","date_gmt":"2021-06-04T07:45:00","guid":{"rendered":"https:\/\/hubsch-interior.com\/shop-b2c\/product\/product-6\/"},"modified":"2026-04-09T04:22:09","modified_gmt":"2026-04-09T02:22:09","slug":"studio-bleistifthalter-large-beige","status":"publish","type":"product","link":"https:\/\/hubsch-interior.com\/de\/produkt\/studio-bleistifthalter-large-beige\/","title":{"rendered":"Studio Bleistifthalter Large Beige"},"content":{"rendered":"<p>Der Leder-Stifthalter hat einen eleganten und klassischen Look. Die rechteckige Form verleiht einen modernen Ausdruck und die hellbeige Farbe sorgt f\u00fcr einen eleganten Touch. Aufgrund seiner Gr\u00f6\u00dfe eignet sich der Stifthalter f\u00fcr die Aufbewahrung gr\u00f6\u00dferer Stifte und anderer Schreibutensilien.<\/p>\n","protected":false},"excerpt":{"rendered":"<p>Der Leder-Stifthalter hat einen eleganten und klassischen Look. Die rechteckige Form verleiht einen modernen Ausdruck und die hellbeige Farbe sorgt f\u00fcr einen eleganten Touch. Aufgrund seiner Gr\u00f6\u00dfe eignet sich der Stifthalter f\u00fcr die Aufbewahrung gr\u00f6\u00dferer Stifte und anderer Schreibutensilien.<\/p>\n","protected":false},"featured_media":1114218,"template":"","meta":{"_acf_changed":false,"inline_featured_image":false},"product_brand":[],"product_cat":[4961,4155,4156,6519],"product_tag":[],"class_list":{"0":"post-388293","1":"product","2":"type-product","3":"status-publish","4":"has-post-thumbnail","6":"product_cat-aufbewahrungsbox-de","7":"product_cat-buero-de","8":"product_cat-bueroartikel-de","9":"product_cat-outlet-de","10":"product_shipping_class-pk","12":"pa_color-beige-4","13":"pa_material-leder","15":"first","16":"instock","17":"sale","18":"taxable","19":"shipping-taxable","20":"purchasable","21":"product-type-simple"},"exclude_global_add_ons":[],"addons":[],"acf":[],"yoast_head":"<!-- This site is optimized with the Yoast SEO plugin v26.4 - https:\/\/yoast.com\/wordpress\/plugins\/seo\/ -->\n<title>Studio Bleistifthalter Large Beige - H\u00fcbsch<\/title>\n<meta name=\"description\" content=\"Der Leder-Stifthalter hat einen eleganten und klassischen Look. Die rechteckige Form verleiht einen modernen Ausdruck und die hellbeige Farbe sorgt f\u00fcr\" \/>\n<meta name=\"robots\" content=\"index, follow, max-snippet:-1, max-image-preview:large, max-video-preview:-1\" \/>\n<link rel=\"canonical\" href=\"https:\/\/hubsch-interior.com\/de\/wp-json\/wp\/v2\/product\/388293\" \/>\n<meta property=\"og:locale\" content=\"de_DE\" \/>\n<meta property=\"og:type\" content=\"article\" \/>\n<meta property=\"og:title\" content=\"Studio Bleistifthalter Large Beige - H\u00fcbsch\" \/>\n<meta property=\"og:description\" content=\"Der Leder-Stifthalter hat einen eleganten und klassischen Look. Die rechteckige Form verleiht einen modernen Ausdruck und die hellbeige Farbe sorgt f\u00fcr\" \/>\n<meta property=\"og:url\" content=\"https:\/\/hubsch-interior.com\/de\/produkt\/studio-bleistifthalter-large-beige\/\" \/>\n<meta property=\"og:site_name\" content=\"H\u00fcbsch\" \/>\n<meta property=\"article:modified_time\" content=\"2026-04-09T02:22:09+00:00\" \/>\n<meta property=\"og:image\" content=\"https:\/\/hubsch-interior.com\/wp-content\/uploads\/2023\/08\/studio-pen-holder-large-beige-8c9d615c032294e9db5c5f38d904bf27.jpg\" \/>\n\t<meta property=\"og:image:width\" content=\"1200\" \/>\n\t<meta property=\"og:image:height\" content=\"1200\" \/>\n\t<meta property=\"og:image:type\" content=\"image\/jpeg\" \/>\n<meta name=\"twitter:card\" content=\"summary_large_image\" \/>\n<script type=\"application\/ld+json\" class=\"yoast-schema-graph\">{\"@context\":\"https:\/\/schema.org\",\"@graph\":[{\"@type\":\"WebPage\",\"@id\":\"https:\/\/hubsch-interior.com\/de\/produkt\/studio-bleistifthalter-large-beige\/\",\"url\":\"https:\/\/hubsch-interior.com\/de\/produkt\/studio-bleistifthalter-large-beige\/\",\"name\":\"Studio Bleistifthalter Large Beige - H\u00fcbsch\",\"isPartOf\":{\"@id\":\"https:\/\/hubsch-interior.com\/de\/#website\"},\"primaryImageOfPage\":{\"@id\":\"https:\/\/hubsch-interior.com\/de\/produkt\/studio-bleistifthalter-large-beige\/#primaryimage\"},\"image\":{\"@id\":\"https:\/\/hubsch-interior.com\/de\/produkt\/studio-bleistifthalter-large-beige\/#primaryimage\"},\"thumbnailUrl\":\"https:\/\/hubsch-interior.com\/wp-content\/uploads\/2026\/02\/studio-pen-holder-large-beige-4a1f35309b6e53c9782fbddc09ba2446.jpg\",\"datePublished\":\"2021-06-04T07:45:00+00:00\",\"dateModified\":\"2026-04-09T02:22:09+00:00\",\"description\":\"Der Leder-Stifthalter hat einen eleganten und klassischen Look. Die rechteckige Form verleiht einen modernen Ausdruck und die hellbeige Farbe sorgt f\u00fcr\",\"breadcrumb\":{\"@id\":\"https:\/\/hubsch-interior.com\/de\/produkt\/studio-bleistifthalter-large-beige\/#breadcrumb\"},\"inLanguage\":\"de\",\"potentialAction\":[{\"@type\":\"ReadAction\",\"target\":[\"https:\/\/hubsch-interior.com\/de\/produkt\/studio-bleistifthalter-large-beige\/\"]}]},{\"@type\":\"ImageObject\",\"inLanguage\":\"de\",\"@id\":\"https:\/\/hubsch-interior.com\/de\/produkt\/studio-bleistifthalter-large-beige\/#primaryimage\",\"url\":\"https:\/\/hubsch-interior.com\/wp-content\/uploads\/2026\/02\/studio-pen-holder-large-beige-4a1f35309b6e53c9782fbddc09ba2446.jpg\",\"contentUrl\":\"https:\/\/hubsch-interior.com\/wp-content\/uploads\/2026\/02\/studio-pen-holder-large-beige-4a1f35309b6e53c9782fbddc09ba2446.jpg\",\"width\":1024,\"height\":1024},{\"@type\":\"BreadcrumbList\",\"@id\":\"https:\/\/hubsch-interior.com\/de\/produkt\/studio-bleistifthalter-large-beige\/#breadcrumb\",\"itemListElement\":[{\"@type\":\"ListItem\",\"position\":1,\"name\":\"Startseite\",\"item\":\"https:\/\/hubsch-interior.com\/de\/\"},{\"@type\":\"ListItem\",\"position\":2,\"name\":\"Produkte\",\"item\":\"https:\/\/hubsch-interior.com\/de\/shop-2\/\"},{\"@type\":\"ListItem\",\"position\":3,\"name\":\"Wohnaccessoires\",\"item\":\"https:\/\/hubsch-interior.com\/de\/produkt-kategorie\/wohnaccessoires\/\"},{\"@type\":\"ListItem\",\"position\":4,\"name\":\"B&uuml;ro\",\"item\":\"https:\/\/hubsch-interior.com\/de\/produkt-kategorie\/wohnaccessoires\/buero-de\/\"},{\"@type\":\"ListItem\",\"position\":5,\"name\":\"Aufbewahrungsbox\",\"item\":\"https:\/\/hubsch-interior.com\/de\/produkt-kategorie\/wohnaccessoires\/buero-de\/aufbewahrungsbox-de\/\"},{\"@type\":\"ListItem\",\"position\":6,\"name\":\"Studio Bleistifthalter Large Beige\"}]},{\"@type\":\"WebSite\",\"@id\":\"https:\/\/hubsch-interior.com\/de\/#website\",\"url\":\"https:\/\/hubsch-interior.com\/de\/\",\"name\":\"H\u00fcbsch\",\"description\":\"Danish Home Interior and Design\",\"publisher\":{\"@id\":\"https:\/\/hubsch-interior.com\/de\/#organization\"},\"potentialAction\":[{\"@type\":\"SearchAction\",\"target\":{\"@type\":\"EntryPoint\",\"urlTemplate\":\"https:\/\/hubsch-interior.com\/de\/?s={search_term_string}\"},\"query-input\":{\"@type\":\"PropertyValueSpecification\",\"valueRequired\":true,\"valueName\":\"search_term_string\"}}],\"inLanguage\":\"de\"},{\"@type\":\"Organization\",\"@id\":\"https:\/\/hubsch-interior.com\/de\/#organization\",\"name\":\"H\u00fcbsch\",\"url\":\"https:\/\/hubsch-interior.com\/de\/\",\"logo\":{\"@type\":\"ImageObject\",\"inLanguage\":\"de\",\"@id\":\"https:\/\/hubsch-interior.com\/de\/#\/schema\/logo\/image\/\",\"url\":\"https:\/\/hubsch-interior.com\/wp-content\/uploads\/2022\/12\/Hubsch_logo_black_one_line.svg\",\"contentUrl\":\"https:\/\/hubsch-interior.com\/wp-content\/uploads\/2022\/12\/Hubsch_logo_black_one_line.svg\",\"caption\":\"H\u00fcbsch\"},\"image\":{\"@id\":\"https:\/\/hubsch-interior.com\/de\/#\/schema\/logo\/image\/\"}}]}<\/script>\n<!-- \/ Yoast SEO plugin. -->","yoast_head_json":{"title":"Studio Bleistifthalter Large Beige - H\u00fcbsch","description":"Der Leder-Stifthalter hat einen eleganten und klassischen Look. Die rechteckige Form verleiht einen modernen Ausdruck und die hellbeige Farbe sorgt f\u00fcr","robots":{"index":"index","follow":"follow","max-snippet":"max-snippet:-1","max-image-preview":"max-image-preview:large","max-video-preview":"max-video-preview:-1"},"canonical":"https:\/\/hubsch-interior.com\/de\/wp-json\/wp\/v2\/product\/388293","og_locale":"de_DE","og_type":"article","og_title":"Studio Bleistifthalter Large Beige - H\u00fcbsch","og_description":"Der Leder-Stifthalter hat einen eleganten und klassischen Look. Die rechteckige Form verleiht einen modernen Ausdruck und die hellbeige Farbe sorgt f\u00fcr","og_url":"https:\/\/hubsch-interior.com\/de\/produkt\/studio-bleistifthalter-large-beige\/","og_site_name":"H\u00fcbsch","article_modified_time":"2026-04-09T02:22:09+00:00","og_image":[{"width":1200,"height":1200,"url":"https:\/\/hubsch-interior.com\/wp-content\/uploads\/2023\/08\/studio-pen-holder-large-beige-8c9d615c032294e9db5c5f38d904bf27.jpg","type":"image\/jpeg"}],"twitter_card":"summary_large_image","schema":{"@context":"https:\/\/schema.org","@graph":[{"@type":"WebPage","@id":"https:\/\/hubsch-interior.com\/de\/produkt\/studio-bleistifthalter-large-beige\/","url":"https:\/\/hubsch-interior.com\/de\/produkt\/studio-bleistifthalter-large-beige\/","name":"Studio Bleistifthalter Large Beige - H\u00fcbsch","isPartOf":{"@id":"https:\/\/hubsch-interior.com\/de\/#website"},"primaryImageOfPage":{"@id":"https:\/\/hubsch-interior.com\/de\/produkt\/studio-bleistifthalter-large-beige\/#primaryimage"},"image":{"@id":"https:\/\/hubsch-interior.com\/de\/produkt\/studio-bleistifthalter-large-beige\/#primaryimage"},"thumbnailUrl":"https:\/\/hubsch-interior.com\/wp-content\/uploads\/2026\/02\/studio-pen-holder-large-beige-4a1f35309b6e53c9782fbddc09ba2446.jpg","datePublished":"2021-06-04T07:45:00+00:00","dateModified":"2026-04-09T02:22:09+00:00","description":"Der Leder-Stifthalter hat einen eleganten und klassischen Look. Die rechteckige Form verleiht einen modernen Ausdruck und die hellbeige Farbe sorgt f\u00fcr","breadcrumb":{"@id":"https:\/\/hubsch-interior.com\/de\/produkt\/studio-bleistifthalter-large-beige\/#breadcrumb"},"inLanguage":"de","potentialAction":[{"@type":"ReadAction","target":["https:\/\/hubsch-interior.com\/de\/produkt\/studio-bleistifthalter-large-beige\/"]}]},{"@type":"ImageObject","inLanguage":"de","@id":"https:\/\/hubsch-interior.com\/de\/produkt\/studio-bleistifthalter-large-beige\/#primaryimage","url":"https:\/\/hubsch-interior.com\/wp-content\/uploads\/2026\/02\/studio-pen-holder-large-beige-4a1f35309b6e53c9782fbddc09ba2446.jpg","contentUrl":"https:\/\/hubsch-interior.com\/wp-content\/uploads\/2026\/02\/studio-pen-holder-large-beige-4a1f35309b6e53c9782fbddc09ba2446.jpg","width":1024,"height":1024},{"@type":"BreadcrumbList","@id":"https:\/\/hubsch-interior.com\/de\/produkt\/studio-bleistifthalter-large-beige\/#breadcrumb","itemListElement":[{"@type":"ListItem","position":1,"name":"Startseite","item":"https:\/\/hubsch-interior.com\/de\/"},{"@type":"ListItem","position":2,"name":"Produkte","item":"https:\/\/hubsch-interior.com\/de\/shop-2\/"},{"@type":"ListItem","position":3,"name":"Wohnaccessoires","item":"https:\/\/hubsch-interior.com\/de\/produkt-kategorie\/wohnaccessoires\/"},{"@type":"ListItem","position":4,"name":"B&uuml;ro","item":"https:\/\/hubsch-interior.com\/de\/produkt-kategorie\/wohnaccessoires\/buero-de\/"},{"@type":"ListItem","position":5,"name":"Aufbewahrungsbox","item":"https:\/\/hubsch-interior.com\/de\/produkt-kategorie\/wohnaccessoires\/buero-de\/aufbewahrungsbox-de\/"},{"@type":"ListItem","position":6,"name":"Studio Bleistifthalter Large Beige"}]},{"@type":"WebSite","@id":"https:\/\/hubsch-interior.com\/de\/#website","url":"https:\/\/hubsch-interior.com\/de\/","name":"H\u00fcbsch","description":"Danish Home Interior and Design","publisher":{"@id":"https:\/\/hubsch-interior.com\/de\/#organization"},"potentialAction":[{"@type":"SearchAction","target":{"@type":"EntryPoint","urlTemplate":"https:\/\/hubsch-interior.com\/de\/?s={search_term_string}"},"query-input":{"@type":"PropertyValueSpecification","valueRequired":true,"valueName":"search_term_string"}}],"inLanguage":"de"},{"@type":"Organization","@id":"https:\/\/hubsch-interior.com\/de\/#organization","name":"H\u00fcbsch","url":"https:\/\/hubsch-interior.com\/de\/","logo":{"@type":"ImageObject","inLanguage":"de","@id":"https:\/\/hubsch-interior.com\/de\/#\/schema\/logo\/image\/","url":"https:\/\/hubsch-interior.com\/wp-content\/uploads\/2022\/12\/Hubsch_logo_black_one_line.svg","contentUrl":"https:\/\/hubsch-interior.com\/wp-content\/uploads\/2022\/12\/Hubsch_logo_black_one_line.svg","caption":"H\u00fcbsch"},"image":{"@id":"https:\/\/hubsch-interior.com\/de\/#\/schema\/logo\/image\/"}}]}},"_links":{"self":[{"href":"https:\/\/hubsch-interior.com\/de\/wp-json\/wp\/v2\/product\/388293","targetHints":{"allow":["GET"]}}],"collection":[{"href":"https:\/\/hubsch-interior.com\/de\/wp-json\/wp\/v2\/product"}],"about":[{"href":"https:\/\/hubsch-interior.com\/de\/wp-json\/wp\/v2\/types\/product"}],"wp:featuredmedia":[{"embeddable":true,"href":"https:\/\/hubsch-interior.com\/de\/wp-json\/wp\/v2\/media\/1114218"}],"wp:attachment":[{"href":"https:\/\/hubsch-interior.com\/de\/wp-json\/wp\/v2\/media?parent=388293"}],"wp:term":[{"taxonomy":"product_brand","embeddable":true,"href":"https:\/\/hubsch-interior.com\/de\/wp-json\/wp\/v2\/product_brand?post=388293"},{"taxonomy":"product_cat","embeddable":true,"href":"https:\/\/hubsch-interior.com\/de\/wp-json\/wp\/v2\/product_cat?post=388293"},{"taxonomy":"product_tag","embeddable":true,"href":"https:\/\/hubsch-interior.com\/de\/wp-json\/wp\/v2\/product_tag?post=388293"}],"curies":[{"name":"wp","href":"https:\/\/api.w.org\/{rel}","templated":true}]}}