{"id":388385,"date":"2021-06-04T09:45:16","date_gmt":"2021-06-04T07:45:16","guid":{"rendered":"https:\/\/hubsch-interior.com\/shop-b2c\/product\/product-6\/"},"modified":"2026-04-09T04:22:19","modified_gmt":"2026-04-09T02:22:19","slug":"solace-bettwasche-60x63-140x200-hellblau","status":"publish","type":"product","link":"https:\/\/hubsch-interior.com\/de\/produkt\/solace-bettwasche-60x63-140x200-hellblau\/","title":{"rendered":"Solace Bettw\u00e4sche 60X63 140X200 Hellblau"},"content":{"rendered":"<p>Tauchen Sie ein in den Komfort der Solace Bettw\u00e4sche. Dieses blau- und rotgestreifte Baumwollmaterial ist nach OEKO-TEX\u00ae STANDARD 100 zertifiziert und garantiert h\u00f6chste Qualit\u00e4t. Perfekt f\u00fcr jedes Schlafzimmer ist die Solace Bettw\u00e4sche weich und bequem. Sie ist zudem in zwei Gr\u00f6\u00dfen erh\u00e4ltlich, sodass Sie die perfekte Passform f\u00fcr Ihr Bett finden k\u00f6nnen. Genie\u00dfen Sie eine einladende und gem\u00fctliche Schlafumgebung mit der Solace Bettw\u00e4sche.<\/p>\n","protected":false},"excerpt":{"rendered":"<p>Tauchen Sie ein in den Komfort der Solace Bettw\u00e4sche. Dieses blau- und rotgestreifte Baumwollmaterial ist nach OEKO-TEX\u00ae STANDARD 100 zertifiziert und garantiert h\u00f6chste Qualit\u00e4t. Perfekt f\u00fcr jedes Schlafzimmer ist die Solace Bettw\u00e4sche weich und bequem. Sie ist zudem in zwei Gr\u00f6\u00dfen erh\u00e4ltlich, sodass Sie die perfekte Passform f\u00fcr Ihr Bett finden k\u00f6nnen. Genie\u00dfen Sie eine [&hellip;]<\/p>\n","protected":false},"featured_media":1094845,"template":"","meta":{"_acf_changed":false,"inline_featured_image":false},"product_brand":[],"product_cat":[3004,3971,5027],"product_tag":[],"class_list":{"0":"post-388385","1":"product","2":"type-product","3":"status-publish","4":"has-post-thumbnail","6":"product_cat-textilien","7":"product_cat-bettwaesche-de","8":"product_cat-bestsellers-de","9":"product_shipping_class-pk","11":"pa_color-hellblau-2","12":"pa_material-cotton-100-de","14":"first","15":"instock","16":"featured","17":"taxable","18":"shipping-taxable","19":"purchasable","20":"product-type-simple"},"exclude_global_add_ons":[],"addons":[],"acf":[],"yoast_head":"<!-- This site is optimized with the Yoast SEO plugin v26.4 - https:\/\/yoast.com\/wordpress\/plugins\/seo\/ -->\n<title>Solace Bettw\u00e4sche 60X63 140X200 Hellblau - H\u00fcbsch<\/title>\n<meta name=\"description\" content=\"Tauchen Sie ein in den Komfort der Solace Bettw\u00e4sche. Dieses blau- und rotgestreifte Baumwollmaterial ist nach OEKO-TEX\u00ae STANDARD 100 zertifiziert und\" \/>\n<meta name=\"robots\" content=\"index, follow, max-snippet:-1, max-image-preview:large, max-video-preview:-1\" \/>\n<link rel=\"canonical\" href=\"https:\/\/hubsch-interior.com\/de\/wp-json\/wp\/v2\/product\/388385\" \/>\n<meta property=\"og:locale\" content=\"de_DE\" \/>\n<meta property=\"og:type\" content=\"article\" \/>\n<meta property=\"og:title\" content=\"Solace Bettw\u00e4sche 60X63 140X200 Hellblau - H\u00fcbsch\" \/>\n<meta property=\"og:description\" content=\"Tauchen Sie ein in den Komfort der Solace Bettw\u00e4sche. Dieses blau- und rotgestreifte Baumwollmaterial ist nach OEKO-TEX\u00ae STANDARD 100 zertifiziert und\" \/>\n<meta property=\"og:url\" content=\"https:\/\/hubsch-interior.com\/de\/produkt\/solace-bettwasche-60x63-140x200-hellblau\/\" \/>\n<meta property=\"og:site_name\" content=\"H\u00fcbsch\" \/>\n<meta property=\"article:modified_time\" content=\"2026-04-09T02:22:19+00:00\" \/>\n<meta property=\"og:image\" content=\"https:\/\/hubsch-interior.com\/wp-content\/uploads\/2025\/04\/solace-bed-linen-60x63-140x200-light-blue-d978df71f6ab0fdfb15fbb49f1946dad.jpg\" \/>\n\t<meta property=\"og:image:width\" content=\"1200\" \/>\n\t<meta property=\"og:image:height\" content=\"1200\" \/>\n\t<meta property=\"og:image:type\" content=\"image\/jpeg\" \/>\n<meta name=\"twitter:card\" content=\"summary_large_image\" \/>\n<script type=\"application\/ld+json\" class=\"yoast-schema-graph\">{\"@context\":\"https:\/\/schema.org\",\"@graph\":[{\"@type\":\"WebPage\",\"@id\":\"https:\/\/hubsch-interior.com\/de\/produkt\/solace-bettwasche-60x63-140x200-hellblau\/\",\"url\":\"https:\/\/hubsch-interior.com\/de\/produkt\/solace-bettwasche-60x63-140x200-hellblau\/\",\"name\":\"Solace Bettw\u00e4sche 60X63 140X200 Hellblau - H\u00fcbsch\",\"isPartOf\":{\"@id\":\"https:\/\/hubsch-interior.com\/de\/#website\"},\"primaryImageOfPage\":{\"@id\":\"https:\/\/hubsch-interior.com\/de\/produkt\/solace-bettwasche-60x63-140x200-hellblau\/#primaryimage\"},\"image\":{\"@id\":\"https:\/\/hubsch-interior.com\/de\/produkt\/solace-bettwasche-60x63-140x200-hellblau\/#primaryimage\"},\"thumbnailUrl\":\"https:\/\/hubsch-interior.com\/wp-content\/uploads\/2026\/02\/solace-bed-linen-60x63-140x200-light-blue-5c4f33d1e4ecb8cc303152b31c9e5d16.jpg\",\"datePublished\":\"2021-06-04T07:45:16+00:00\",\"dateModified\":\"2026-04-09T02:22:19+00:00\",\"description\":\"Tauchen Sie ein in den Komfort der Solace Bettw\u00e4sche. Dieses blau- und rotgestreifte Baumwollmaterial ist nach OEKO-TEX\u00ae STANDARD 100 zertifiziert und\",\"breadcrumb\":{\"@id\":\"https:\/\/hubsch-interior.com\/de\/produkt\/solace-bettwasche-60x63-140x200-hellblau\/#breadcrumb\"},\"inLanguage\":\"de\",\"potentialAction\":[{\"@type\":\"ReadAction\",\"target\":[\"https:\/\/hubsch-interior.com\/de\/produkt\/solace-bettwasche-60x63-140x200-hellblau\/\"]}]},{\"@type\":\"ImageObject\",\"inLanguage\":\"de\",\"@id\":\"https:\/\/hubsch-interior.com\/de\/produkt\/solace-bettwasche-60x63-140x200-hellblau\/#primaryimage\",\"url\":\"https:\/\/hubsch-interior.com\/wp-content\/uploads\/2026\/02\/solace-bed-linen-60x63-140x200-light-blue-5c4f33d1e4ecb8cc303152b31c9e5d16.jpg\",\"contentUrl\":\"https:\/\/hubsch-interior.com\/wp-content\/uploads\/2026\/02\/solace-bed-linen-60x63-140x200-light-blue-5c4f33d1e4ecb8cc303152b31c9e5d16.jpg\",\"width\":1024,\"height\":1024},{\"@type\":\"BreadcrumbList\",\"@id\":\"https:\/\/hubsch-interior.com\/de\/produkt\/solace-bettwasche-60x63-140x200-hellblau\/#breadcrumb\",\"itemListElement\":[{\"@type\":\"ListItem\",\"position\":1,\"name\":\"Startseite\",\"item\":\"https:\/\/hubsch-interior.com\/de\/\"},{\"@type\":\"ListItem\",\"position\":2,\"name\":\"Produkte\",\"item\":\"https:\/\/hubsch-interior.com\/de\/shop-2\/\"},{\"@type\":\"ListItem\",\"position\":3,\"name\":\"Textilien\",\"item\":\"https:\/\/hubsch-interior.com\/de\/produkt-kategorie\/textilien\/\"},{\"@type\":\"ListItem\",\"position\":4,\"name\":\"Bettw&auml;sche\",\"item\":\"https:\/\/hubsch-interior.com\/de\/produkt-kategorie\/textilien\/bettwaesche-de\/\"},{\"@type\":\"ListItem\",\"position\":5,\"name\":\"Solace Bettw\u00e4sche 60X63 140X200 Hellblau\"}]},{\"@type\":\"WebSite\",\"@id\":\"https:\/\/hubsch-interior.com\/de\/#website\",\"url\":\"https:\/\/hubsch-interior.com\/de\/\",\"name\":\"H\u00fcbsch\",\"description\":\"Danish Home Interior and Design\",\"publisher\":{\"@id\":\"https:\/\/hubsch-interior.com\/de\/#organization\"},\"potentialAction\":[{\"@type\":\"SearchAction\",\"target\":{\"@type\":\"EntryPoint\",\"urlTemplate\":\"https:\/\/hubsch-interior.com\/de\/?s={search_term_string}\"},\"query-input\":{\"@type\":\"PropertyValueSpecification\",\"valueRequired\":true,\"valueName\":\"search_term_string\"}}],\"inLanguage\":\"de\"},{\"@type\":\"Organization\",\"@id\":\"https:\/\/hubsch-interior.com\/de\/#organization\",\"name\":\"H\u00fcbsch\",\"url\":\"https:\/\/hubsch-interior.com\/de\/\",\"logo\":{\"@type\":\"ImageObject\",\"inLanguage\":\"de\",\"@id\":\"https:\/\/hubsch-interior.com\/de\/#\/schema\/logo\/image\/\",\"url\":\"https:\/\/hubsch-interior.com\/wp-content\/uploads\/2022\/12\/Hubsch_logo_black_one_line.svg\",\"contentUrl\":\"https:\/\/hubsch-interior.com\/wp-content\/uploads\/2022\/12\/Hubsch_logo_black_one_line.svg\",\"caption\":\"H\u00fcbsch\"},\"image\":{\"@id\":\"https:\/\/hubsch-interior.com\/de\/#\/schema\/logo\/image\/\"}}]}<\/script>\n<!-- \/ Yoast SEO plugin. -->","yoast_head_json":{"title":"Solace Bettw\u00e4sche 60X63 140X200 Hellblau - H\u00fcbsch","description":"Tauchen Sie ein in den Komfort der Solace Bettw\u00e4sche. Dieses blau- und rotgestreifte Baumwollmaterial ist nach OEKO-TEX\u00ae STANDARD 100 zertifiziert und","robots":{"index":"index","follow":"follow","max-snippet":"max-snippet:-1","max-image-preview":"max-image-preview:large","max-video-preview":"max-video-preview:-1"},"canonical":"https:\/\/hubsch-interior.com\/de\/wp-json\/wp\/v2\/product\/388385","og_locale":"de_DE","og_type":"article","og_title":"Solace Bettw\u00e4sche 60X63 140X200 Hellblau - H\u00fcbsch","og_description":"Tauchen Sie ein in den Komfort der Solace Bettw\u00e4sche. Dieses blau- und rotgestreifte Baumwollmaterial ist nach OEKO-TEX\u00ae STANDARD 100 zertifiziert und","og_url":"https:\/\/hubsch-interior.com\/de\/produkt\/solace-bettwasche-60x63-140x200-hellblau\/","og_site_name":"H\u00fcbsch","article_modified_time":"2026-04-09T02:22:19+00:00","og_image":[{"width":1200,"height":1200,"url":"https:\/\/hubsch-interior.com\/wp-content\/uploads\/2025\/04\/solace-bed-linen-60x63-140x200-light-blue-d978df71f6ab0fdfb15fbb49f1946dad.jpg","type":"image\/jpeg"}],"twitter_card":"summary_large_image","schema":{"@context":"https:\/\/schema.org","@graph":[{"@type":"WebPage","@id":"https:\/\/hubsch-interior.com\/de\/produkt\/solace-bettwasche-60x63-140x200-hellblau\/","url":"https:\/\/hubsch-interior.com\/de\/produkt\/solace-bettwasche-60x63-140x200-hellblau\/","name":"Solace Bettw\u00e4sche 60X63 140X200 Hellblau - H\u00fcbsch","isPartOf":{"@id":"https:\/\/hubsch-interior.com\/de\/#website"},"primaryImageOfPage":{"@id":"https:\/\/hubsch-interior.com\/de\/produkt\/solace-bettwasche-60x63-140x200-hellblau\/#primaryimage"},"image":{"@id":"https:\/\/hubsch-interior.com\/de\/produkt\/solace-bettwasche-60x63-140x200-hellblau\/#primaryimage"},"thumbnailUrl":"https:\/\/hubsch-interior.com\/wp-content\/uploads\/2026\/02\/solace-bed-linen-60x63-140x200-light-blue-5c4f33d1e4ecb8cc303152b31c9e5d16.jpg","datePublished":"2021-06-04T07:45:16+00:00","dateModified":"2026-04-09T02:22:19+00:00","description":"Tauchen Sie ein in den Komfort der Solace Bettw\u00e4sche. Dieses blau- und rotgestreifte Baumwollmaterial ist nach OEKO-TEX\u00ae STANDARD 100 zertifiziert und","breadcrumb":{"@id":"https:\/\/hubsch-interior.com\/de\/produkt\/solace-bettwasche-60x63-140x200-hellblau\/#breadcrumb"},"inLanguage":"de","potentialAction":[{"@type":"ReadAction","target":["https:\/\/hubsch-interior.com\/de\/produkt\/solace-bettwasche-60x63-140x200-hellblau\/"]}]},{"@type":"ImageObject","inLanguage":"de","@id":"https:\/\/hubsch-interior.com\/de\/produkt\/solace-bettwasche-60x63-140x200-hellblau\/#primaryimage","url":"https:\/\/hubsch-interior.com\/wp-content\/uploads\/2026\/02\/solace-bed-linen-60x63-140x200-light-blue-5c4f33d1e4ecb8cc303152b31c9e5d16.jpg","contentUrl":"https:\/\/hubsch-interior.com\/wp-content\/uploads\/2026\/02\/solace-bed-linen-60x63-140x200-light-blue-5c4f33d1e4ecb8cc303152b31c9e5d16.jpg","width":1024,"height":1024},{"@type":"BreadcrumbList","@id":"https:\/\/hubsch-interior.com\/de\/produkt\/solace-bettwasche-60x63-140x200-hellblau\/#breadcrumb","itemListElement":[{"@type":"ListItem","position":1,"name":"Startseite","item":"https:\/\/hubsch-interior.com\/de\/"},{"@type":"ListItem","position":2,"name":"Produkte","item":"https:\/\/hubsch-interior.com\/de\/shop-2\/"},{"@type":"ListItem","position":3,"name":"Textilien","item":"https:\/\/hubsch-interior.com\/de\/produkt-kategorie\/textilien\/"},{"@type":"ListItem","position":4,"name":"Bettw&auml;sche","item":"https:\/\/hubsch-interior.com\/de\/produkt-kategorie\/textilien\/bettwaesche-de\/"},{"@type":"ListItem","position":5,"name":"Solace Bettw\u00e4sche 60X63 140X200 Hellblau"}]},{"@type":"WebSite","@id":"https:\/\/hubsch-interior.com\/de\/#website","url":"https:\/\/hubsch-interior.com\/de\/","name":"H\u00fcbsch","description":"Danish Home Interior and Design","publisher":{"@id":"https:\/\/hubsch-interior.com\/de\/#organization"},"potentialAction":[{"@type":"SearchAction","target":{"@type":"EntryPoint","urlTemplate":"https:\/\/hubsch-interior.com\/de\/?s={search_term_string}"},"query-input":{"@type":"PropertyValueSpecification","valueRequired":true,"valueName":"search_term_string"}}],"inLanguage":"de"},{"@type":"Organization","@id":"https:\/\/hubsch-interior.com\/de\/#organization","name":"H\u00fcbsch","url":"https:\/\/hubsch-interior.com\/de\/","logo":{"@type":"ImageObject","inLanguage":"de","@id":"https:\/\/hubsch-interior.com\/de\/#\/schema\/logo\/image\/","url":"https:\/\/hubsch-interior.com\/wp-content\/uploads\/2022\/12\/Hubsch_logo_black_one_line.svg","contentUrl":"https:\/\/hubsch-interior.com\/wp-content\/uploads\/2022\/12\/Hubsch_logo_black_one_line.svg","caption":"H\u00fcbsch"},"image":{"@id":"https:\/\/hubsch-interior.com\/de\/#\/schema\/logo\/image\/"}}]}},"_links":{"self":[{"href":"https:\/\/hubsch-interior.com\/de\/wp-json\/wp\/v2\/product\/388385","targetHints":{"allow":["GET"]}}],"collection":[{"href":"https:\/\/hubsch-interior.com\/de\/wp-json\/wp\/v2\/product"}],"about":[{"href":"https:\/\/hubsch-interior.com\/de\/wp-json\/wp\/v2\/types\/product"}],"wp:featuredmedia":[{"embeddable":true,"href":"https:\/\/hubsch-interior.com\/de\/wp-json\/wp\/v2\/media\/1094845"}],"wp:attachment":[{"href":"https:\/\/hubsch-interior.com\/de\/wp-json\/wp\/v2\/media?parent=388385"}],"wp:term":[{"taxonomy":"product_brand","embeddable":true,"href":"https:\/\/hubsch-interior.com\/de\/wp-json\/wp\/v2\/product_brand?post=388385"},{"taxonomy":"product_cat","embeddable":true,"href":"https:\/\/hubsch-interior.com\/de\/wp-json\/wp\/v2\/product_cat?post=388385"},{"taxonomy":"product_tag","embeddable":true,"href":"https:\/\/hubsch-interior.com\/de\/wp-json\/wp\/v2\/product_tag?post=388385"}],"curies":[{"name":"wp","href":"https:\/\/api.w.org\/{rel}","templated":true}]}}